{"id":72015,"date":"2025-12-11T12:13:16","date_gmt":"2025-12-11T10:13:16","guid":{"rendered":"https:\/\/padelhaus.mustlammas-dev.in\/pood\/adidas-match-black-2026\/"},"modified":"2026-03-11T11:51:07","modified_gmt":"2026-03-11T09:51:07","slug":"adidas-match-black-2026","status":"publish","type":"product","link":"https:\/\/padelhaus.mustlammas-dev.in\/fi\/kauppa\/adidas-match-black-2026\/","title":{"rendered":"Adidas Match Black 2026"},"content":{"rendered":"<p data-start=\"145\" data-end=\"476\"><strong>Adidas Match Black 2026<\/strong> on suunniteltu tarjoamaan monipuolinen ja tasapainoinen pelikokemus yhdist\u00e4m\u00e4ll\u00e4 hallinnan, voiman ja erinomaisen mukavuuden jokaiseen ly\u00f6ntiin. Sen hybridimuoto ja keskitetty makea piste (sweet spot) takaavat tarkan pelin puolustuksessa, kun taas hieman k\u00e4rkipainoinen tasapaino tuo lis\u00e4tehoa iskuly\u00f6nteihin ja hy\u00f6kk\u00e4\u00e4viin volley-ly\u00f6nteihin. <\/p>\n<p data-start=\"478\" data-end=\"772\">Painoltaan 360\u2013375 g oleva maila erottuu vakaudellaan ja lujuudellaan ketteryytt\u00e4 uhraamatta. Lasikuitupinnat tarjoavat pehme\u00e4mm\u00e4n tuntuman ja nopeamman pallonl\u00e4ht\u00f6nopeuden, mik\u00e4 sopii t\u00e4ydellisesti pelaajille, jotka haluavat kehitt\u00e4\u00e4 peli\u00e4\u00e4n mukavuudesta tinkim\u00e4tt\u00e4. <\/p>\n<p data-start=\"774\" data-end=\"969\">Lis\u00e4ksi Structural Reinforcement -teknologialla vahvistettu runko takaa paremman v\u00e4\u00e4nt\u00f6j\u00e4ykkyyden ja pident\u00e4\u00e4 mailan k\u00e4ytt\u00f6ik\u00e4\u00e4 tarjoten t\u00e4ydellisen tasapainon hallinnan, kest\u00e4vyyden ja mukavuuden v\u00e4lill\u00e4.<\/p>\n<h5 data-start=\"971\" data-end=\"1020\">Match Black \u2013 ihanteellinen aloittelijoille<\/h5>\n<p data-start=\"1022\" data-end=\"1186\">Adidas Match Black on suunniteltu erityisesti aloittelijoille tai harrastajille, jotka haluavat parantaa tekniikkaansa mukavalla, kevyell\u00e4 ja anteeksiantavalla mailalla.<\/p>\n<p data-start=\"1188\" data-end=\"1432\">Sen hybridimuotoilu mahdollistaa sopeutumisen kaikkiin pelitilanteisiin tarjoten optimaalisen hallinnan puolustuksessa ja riitt\u00e4v\u00e4sti voimaa hy\u00f6kk\u00e4yksess\u00e4. Maila auttaa kasvattamaan itseluottamusta ensimm\u00e4isist\u00e4 peleist\u00e4 l\u00e4htien ja tukee luonnollista kehityst\u00e4 padelissa. <\/p>\n<p data-start=\"1434\" data-end=\"1600\">Laadukkaiden materiaalien ja mukavuuteen keskittyvien teknologioiden ansiosta se tarjoaa pehme\u00e4n ja miellytt\u00e4v\u00e4n ly\u00f6ntituntuman, v\u00e4hent\u00e4\u00e4 t\u00e4rin\u00e4\u00e4 ja parantaa tarkkuutta.<\/p>\n<h5 data-start=\"1602\" data-end=\"1639\">T\u00e4rkeimm\u00e4t teknologiat ja ominaisuudet<\/h5>\n<ul>\n<li data-start=\"1643\" data-end=\"1702\"><strong data-start=\"1643\" data-end=\"1659\">Hybridimuoto:<\/strong> ihanteellinen tasapaino hallinnan ja voiman v\u00e4lill\u00e4<\/li>\n<li data-start=\"1705\" data-end=\"1755\"><strong data-start=\"1705\" data-end=\"1724\">Paino 360\u2013375 g:<\/strong> varma ja vakaa tuntuma<\/li>\n<li data-start=\"1758\" data-end=\"1841\"><strong data-start=\"1758\" data-end=\"1773\">Fiberglass:<\/strong> lasikuitupinnat parantavat pallon l\u00e4ht\u00f6nopeutta ja joustavuutta<\/li>\n<li data-start=\"1844\" data-end=\"1940\"><strong data-start=\"1844\" data-end=\"1869\">Soft Performance EVA:<\/strong> matalatiheyksinen kumi lis\u00e4\u00e4 mukavuutta ja antaa eloisan kimmoisuuden<\/li>\n<li data-start=\"1943\" data-end=\"2041\"><strong data-start=\"1943\" data-end=\"1972\">Structural Reinforcement:<\/strong> keh\u00e4vahvistettu rakenne, joka parantaa v\u00e4\u00e4nt\u00f6j\u00e4ykkyytt\u00e4<\/li>\n<li data-start=\"2044\" data-end=\"2124\"><strong data-start=\"2044\" data-end=\"2067\">Smart Holes Linear:<\/strong> kolmen riveihin sijoitetut rei\u00e4t vahvistavat ly\u00f6ntipintaa<\/li>\n<\/ul>\n","protected":false},"excerpt":{"rendered":"<p>Adidas Match Black 2026 on suunniteltu tarjoamaan monipuolinen ja tasapainoinen pelikokemus yhdist\u00e4m\u00e4ll\u00e4 hallinnan, voiman ja erinomaisen mukavuuden jokaiseen ly\u00f6ntiin. Sen hybridimuoto ja keskitetty makea piste (sweet spot) takaavat tarkan pelin puolustuksessa, kun taas hieman k\u00e4rkipainoinen tasapaino tuo lis\u00e4tehoa iskuly\u00f6nteihin ja hy\u00f6kk\u00e4\u00e4viin volley-ly\u00f6nteihin. Painoltaan 360\u2013375 g oleva maila erottuu vakaudellaan ja lujuudellaan ketteryytt\u00e4 uhraamatta. Lasikuitupinnat tarjoavat [&hellip;]<\/p>\n","protected":false},"featured_media":73163,"comment_status":"open","ping_status":"closed","template":"","meta":{"_eb_attr":""},"product_brand":[523],"product_cat":[524,520,494],"product_tag":[],"class_list":{"0":"post-72015","1":"product","2":"type-product","3":"status-publish","4":"has-post-thumbnail","6":"product_brand-adidas","7":"product_cat-adidas","8":"product_cat-aloittelijat","9":"product_cat-padelmailat","10":"pa_kaal-365g","11":"pa_kuju-pisaranmuotoinen","12":"pa_mangustiil-hybridi","13":"pa_tasakaal-keskella","14":"pa_tase-aloittelija","15":"pa_varv-musta","16":"pa_varv-oranssi","19":"first","20":"instock","21":"sale","22":"featured","23":"taxable","24":"shipping-taxable","25":"purchasable","26":"product-type-simple"},"yoast_head":"<!-- This site is optimized with the Yoast SEO Premium plugin v27.1 (Yoast SEO v27.1.1) - https:\/\/yoast.com\/product\/yoast-seo-premium-wordpress\/ -->\n<title>Adidas Match Black 2026 | Test Padelhaus<\/title>\n<meta name=\"description\" content=\"Padelmailat ja padelvarusteet edullisesti. Padelhaus on padel verkkokauppa, josta l\u00f6yd\u00e4t parhaat padelmailat kaikille tasoille.\" \/>\n<meta name=\"robots\" content=\"noindex, follow, max-snippet:-1, max-image-preview:large, max-video-preview:-1\" \/>\n<meta property=\"og:locale\" content=\"fi_FI\" \/>\n<meta property=\"og:type\" content=\"article\" \/>\n<meta property=\"og:title\" content=\"Adidas Match Black 2026\" \/>\n<meta property=\"og:description\" content=\"Padelmailat ja padelvarusteet edullisesti. Padelhaus on padel verkkokauppa, josta l\u00f6yd\u00e4t parhaat padelmailat kaikille tasoille.\" \/>\n<meta property=\"og:url\" content=\"https:\/\/padelhaus.mustlammas-dev.in\/fi\/kauppa\/adidas-match-black-2026\/\" \/>\n<meta property=\"og:site_name\" content=\"Test Padelhaus\" \/>\n<meta property=\"article:modified_time\" content=\"2026-03-11T09:51:07+00:00\" \/>\n<meta property=\"og:image\" content=\"https:\/\/padelhaus.mustlammas-dev.in\/wp-content\/uploads\/2025\/12\/Adidas-Match-Black-2026.webp\" \/>\n\t<meta property=\"og:image:width\" content=\"1000\" \/>\n\t<meta property=\"og:image:height\" content=\"1000\" \/>\n\t<meta property=\"og:image:type\" content=\"image\/webp\" \/>\n<meta name=\"twitter:card\" content=\"summary_large_image\" \/>\n<meta name=\"twitter:label1\" content=\"Hinta\" \/>\n\t<meta name=\"twitter:data1\" content=\"74,95&nbsp;&euro;\" \/>\n\t<meta name=\"twitter:label2\" content=\"Saatavuus\" \/>\n\t<meta name=\"twitter:data2\" content=\"Varastossa\" \/>\n<script type=\"application\/ld+json\" class=\"yoast-schema-graph\">{\"@context\":\"https:\/\/schema.org\",\"@graph\":[{\"@type\":[\"WebPage\",\"ItemPage\"],\"@id\":\"https:\/\/padelhaus.mustlammas-dev.in\/fi\/kauppa\/adidas-match-black-2026\/\",\"url\":\"https:\/\/padelhaus.mustlammas-dev.in\/fi\/kauppa\/adidas-match-black-2026\/\",\"name\":\"Adidas Match Black 2026 | Test Padelhaus\",\"isPartOf\":{\"@id\":\"https:\/\/padelhaus.mustlammas-dev.in\/fi\/#website\"},\"primaryImageOfPage\":{\"@id\":\"https:\/\/padelhaus.mustlammas-dev.in\/fi\/kauppa\/adidas-match-black-2026\/#primaryimage\"},\"image\":{\"@id\":\"https:\/\/padelhaus.mustlammas-dev.in\/fi\/kauppa\/adidas-match-black-2026\/#primaryimage\"},\"thumbnailUrl\":\"https:\/\/padelhaus.mustlammas-dev.in\/wp-content\/uploads\/2025\/12\/Adidas-Match-Black-2026.webp\",\"datePublished\":\"2025-12-11T10:13:16+00:00\",\"dateModified\":\"2026-03-11T09:51:07+00:00\",\"description\":\"Padelmailat ja padelvarusteet edullisesti. Padelhaus on padel verkkokauppa, josta l\u00f6yd\u00e4t parhaat padelmailat kaikille tasoille.\",\"breadcrumb\":{\"@id\":\"https:\/\/padelhaus.mustlammas-dev.in\/fi\/kauppa\/adidas-match-black-2026\/#breadcrumb\"},\"inLanguage\":\"fi\",\"potentialAction\":[{\"@type\":\"ReadAction\",\"target\":[\"https:\/\/padelhaus.mustlammas-dev.in\/fi\/kauppa\/adidas-match-black-2026\/\"]}]},{\"@type\":\"ImageObject\",\"inLanguage\":\"fi\",\"@id\":\"https:\/\/padelhaus.mustlammas-dev.in\/fi\/kauppa\/adidas-match-black-2026\/#primaryimage\",\"url\":\"https:\/\/padelhaus.mustlammas-dev.in\/wp-content\/uploads\/2025\/12\/Adidas-Match-Black-2026.webp\",\"contentUrl\":\"https:\/\/padelhaus.mustlammas-dev.in\/wp-content\/uploads\/2025\/12\/Adidas-Match-Black-2026.webp\",\"width\":1000,\"height\":1000,\"caption\":\"Adidas Match Black 2026\"},{\"@type\":\"BreadcrumbList\",\"@id\":\"https:\/\/padelhaus.mustlammas-dev.in\/fi\/kauppa\/adidas-match-black-2026\/#breadcrumb\",\"itemListElement\":[{\"@type\":\"ListItem\",\"position\":1,\"name\":\"Avaleht\",\"item\":\"https:\/\/padelhaus.fi\/\"},{\"@type\":\"ListItem\",\"position\":2,\"name\":\"Kauppa\",\"item\":\"https:\/\/padelhaus.fi\/kauppa\/\"},{\"@type\":\"ListItem\",\"position\":3,\"name\":\"Adidas Match Black 2026\"}]},{\"@type\":\"WebSite\",\"@id\":\"https:\/\/padelhaus.mustlammas-dev.in\/fi\/#website\",\"url\":\"https:\/\/padelhaus.mustlammas-dev.in\/fi\/\",\"name\":\"Claude Padelhaus\",\"description\":\"Sinu padelivarustuse kodu\",\"publisher\":{\"@id\":\"https:\/\/padelhaus.mustlammas-dev.in\/fi\/#organization\"},\"potentialAction\":[{\"@type\":\"SearchAction\",\"target\":{\"@type\":\"EntryPoint\",\"urlTemplate\":\"https:\/\/padelhaus.mustlammas-dev.in\/fi\/?s={search_term_string}\"},\"query-input\":{\"@type\":\"PropertyValueSpecification\",\"valueRequired\":true,\"valueName\":\"search_term_string\"}}],\"inLanguage\":\"fi\"},{\"@type\":\"Organization\",\"@id\":\"https:\/\/padelhaus.mustlammas-dev.in\/fi\/#organization\",\"name\":\"Claude Padelhaus\",\"url\":\"https:\/\/padelhaus.mustlammas-dev.in\/fi\/\",\"logo\":{\"@type\":\"ImageObject\",\"inLanguage\":\"fi\",\"@id\":\"https:\/\/padelhaus.mustlammas-dev.in\/fi\/#\/schema\/logo\/image\/\",\"url\":\"https:\/\/padelhaus.mustlammas-dev.in\/wp-content\/uploads\/2025\/05\/Logo-1.png\",\"contentUrl\":\"https:\/\/padelhaus.mustlammas-dev.in\/wp-content\/uploads\/2025\/05\/Logo-1.png\",\"width\":280,\"height\":115,\"caption\":\"Claude Padelhaus\"},\"image\":{\"@id\":\"https:\/\/padelhaus.mustlammas-dev.in\/fi\/#\/schema\/logo\/image\/\"}}]}<\/script>\n<meta property=\"product:price:amount\" content=\"74.95\" \/>\n<meta property=\"product:price:currency\" content=\"EUR\" \/>\n<meta property=\"og:availability\" content=\"instock\" \/>\n<meta property=\"product:availability\" content=\"instock\" \/>\n<meta property=\"product:retailer_item_id\" content=\"ADI-R-25\" \/>\n<meta property=\"product:condition\" content=\"new\" \/>\n<!-- \/ Yoast SEO Premium plugin. -->","yoast_head_json":{"title":"Adidas Match Black 2026 | Test Padelhaus","description":"Padelmailat ja padelvarusteet edullisesti. Padelhaus on padel verkkokauppa, josta l\u00f6yd\u00e4t parhaat padelmailat kaikille tasoille.","robots":{"index":"noindex","follow":"follow","max-snippet":"max-snippet:-1","max-image-preview":"max-image-preview:large","max-video-preview":"max-video-preview:-1"},"og_locale":"fi_FI","og_type":"article","og_title":"Adidas Match Black 2026","og_description":"Padelmailat ja padelvarusteet edullisesti. Padelhaus on padel verkkokauppa, josta l\u00f6yd\u00e4t parhaat padelmailat kaikille tasoille.","og_url":"https:\/\/padelhaus.mustlammas-dev.in\/fi\/kauppa\/adidas-match-black-2026\/","og_site_name":"Test Padelhaus","article_modified_time":"2026-03-11T09:51:07+00:00","og_image":[{"width":1000,"height":1000,"url":"https:\/\/padelhaus.mustlammas-dev.in\/wp-content\/uploads\/2025\/12\/Adidas-Match-Black-2026.webp","type":"image\/webp"}],"twitter_card":"summary_large_image","twitter_misc":{"Hinta":"74,95&nbsp;&euro;","Saatavuus":"Varastossa"},"schema":{"@context":"https:\/\/schema.org","@graph":[{"@type":["WebPage","ItemPage"],"@id":"https:\/\/padelhaus.mustlammas-dev.in\/fi\/kauppa\/adidas-match-black-2026\/","url":"https:\/\/padelhaus.mustlammas-dev.in\/fi\/kauppa\/adidas-match-black-2026\/","name":"Adidas Match Black 2026 | Test Padelhaus","isPartOf":{"@id":"https:\/\/padelhaus.mustlammas-dev.in\/fi\/#website"},"primaryImageOfPage":{"@id":"https:\/\/padelhaus.mustlammas-dev.in\/fi\/kauppa\/adidas-match-black-2026\/#primaryimage"},"image":{"@id":"https:\/\/padelhaus.mustlammas-dev.in\/fi\/kauppa\/adidas-match-black-2026\/#primaryimage"},"thumbnailUrl":"https:\/\/padelhaus.mustlammas-dev.in\/wp-content\/uploads\/2025\/12\/Adidas-Match-Black-2026.webp","datePublished":"2025-12-11T10:13:16+00:00","dateModified":"2026-03-11T09:51:07+00:00","description":"Padelmailat ja padelvarusteet edullisesti. Padelhaus on padel verkkokauppa, josta l\u00f6yd\u00e4t parhaat padelmailat kaikille tasoille.","breadcrumb":{"@id":"https:\/\/padelhaus.mustlammas-dev.in\/fi\/kauppa\/adidas-match-black-2026\/#breadcrumb"},"inLanguage":"fi","potentialAction":[{"@type":"ReadAction","target":["https:\/\/padelhaus.mustlammas-dev.in\/fi\/kauppa\/adidas-match-black-2026\/"]}]},{"@type":"ImageObject","inLanguage":"fi","@id":"https:\/\/padelhaus.mustlammas-dev.in\/fi\/kauppa\/adidas-match-black-2026\/#primaryimage","url":"https:\/\/padelhaus.mustlammas-dev.in\/wp-content\/uploads\/2025\/12\/Adidas-Match-Black-2026.webp","contentUrl":"https:\/\/padelhaus.mustlammas-dev.in\/wp-content\/uploads\/2025\/12\/Adidas-Match-Black-2026.webp","width":1000,"height":1000,"caption":"Adidas Match Black 2026"},{"@type":"BreadcrumbList","@id":"https:\/\/padelhaus.mustlammas-dev.in\/fi\/kauppa\/adidas-match-black-2026\/#breadcrumb","itemListElement":[{"@type":"ListItem","position":1,"name":"Avaleht","item":"https:\/\/padelhaus.fi\/"},{"@type":"ListItem","position":2,"name":"Kauppa","item":"https:\/\/padelhaus.fi\/kauppa\/"},{"@type":"ListItem","position":3,"name":"Adidas Match Black 2026"}]},{"@type":"WebSite","@id":"https:\/\/padelhaus.mustlammas-dev.in\/fi\/#website","url":"https:\/\/padelhaus.mustlammas-dev.in\/fi\/","name":"Claude Padelhaus","description":"Sinu padelivarustuse kodu","publisher":{"@id":"https:\/\/padelhaus.mustlammas-dev.in\/fi\/#organization"},"potentialAction":[{"@type":"SearchAction","target":{"@type":"EntryPoint","urlTemplate":"https:\/\/padelhaus.mustlammas-dev.in\/fi\/?s={search_term_string}"},"query-input":{"@type":"PropertyValueSpecification","valueRequired":true,"valueName":"search_term_string"}}],"inLanguage":"fi"},{"@type":"Organization","@id":"https:\/\/padelhaus.mustlammas-dev.in\/fi\/#organization","name":"Claude Padelhaus","url":"https:\/\/padelhaus.mustlammas-dev.in\/fi\/","logo":{"@type":"ImageObject","inLanguage":"fi","@id":"https:\/\/padelhaus.mustlammas-dev.in\/fi\/#\/schema\/logo\/image\/","url":"https:\/\/padelhaus.mustlammas-dev.in\/wp-content\/uploads\/2025\/05\/Logo-1.png","contentUrl":"https:\/\/padelhaus.mustlammas-dev.in\/wp-content\/uploads\/2025\/05\/Logo-1.png","width":280,"height":115,"caption":"Claude Padelhaus"},"image":{"@id":"https:\/\/padelhaus.mustlammas-dev.in\/fi\/#\/schema\/logo\/image\/"}}]},"product_price_amount":"74.95","product_price_currency":"EUR","og_availability":"instock","product_availability":"instock","product_retailer_item_id":"ADI-R-25","product_condition":"new"},"_links":{"self":[{"href":"https:\/\/padelhaus.mustlammas-dev.in\/fi\/wp-json\/wp\/v2\/product\/72015","targetHints":{"allow":["GET"]}}],"collection":[{"href":"https:\/\/padelhaus.mustlammas-dev.in\/fi\/wp-json\/wp\/v2\/product"}],"about":[{"href":"https:\/\/padelhaus.mustlammas-dev.in\/fi\/wp-json\/wp\/v2\/types\/product"}],"replies":[{"embeddable":true,"href":"https:\/\/padelhaus.mustlammas-dev.in\/fi\/wp-json\/wp\/v2\/comments?post=72015"}],"wp:featuredmedia":[{"embeddable":true,"href":"https:\/\/padelhaus.mustlammas-dev.in\/fi\/wp-json\/wp\/v2\/media\/73163"}],"wp:attachment":[{"href":"https:\/\/padelhaus.mustlammas-dev.in\/fi\/wp-json\/wp\/v2\/media?parent=72015"}],"wp:term":[{"taxonomy":"product_brand","embeddable":true,"href":"https:\/\/padelhaus.mustlammas-dev.in\/fi\/wp-json\/wp\/v2\/product_brand?post=72015"},{"taxonomy":"product_cat","embeddable":true,"href":"https:\/\/padelhaus.mustlammas-dev.in\/fi\/wp-json\/wp\/v2\/product_cat?post=72015"},{"taxonomy":"product_tag","embeddable":true,"href":"https:\/\/padelhaus.mustlammas-dev.in\/fi\/wp-json\/wp\/v2\/product_tag?post=72015"}],"curies":[{"name":"wp","href":"https:\/\/api.w.org\/{rel}","templated":true}]}}