{"id":72062,"date":"2025-12-11T13:34:37","date_gmt":"2025-12-11T11:34:37","guid":{"rendered":"https:\/\/padelhaus.mustlammas-dev.in\/pood\/adidas-metalbone-ctrl-2026\/"},"modified":"2026-03-10T02:05:35","modified_gmt":"2026-03-10T00:05:35","slug":"adidas-metalbone-ctrl-2026","status":"publish","type":"product","link":"https:\/\/padelhaus.mustlammas-dev.in\/fi\/kauppa\/adidas-metalbone-ctrl-2026\/","title":{"rendered":"Adidas Metalbone CTRL 2026"},"content":{"rendered":"<p data-start=\"132\" data-end=\"433\"><strong>Adidas Metalbone Ctrl 2026<\/strong> m\u00e4\u00e4rittelee tarkkuuden ja kontrollin uudelleen kent\u00e4ll\u00e4. T\u00e4m\u00e4 ammattilaistason maila on suunniteltu tarjoamaan poikkeuksellista suorituskyky\u00e4 py\u00f6re\u00e4n muotonsa ja 345\u2013360 gramman painonsa ansiosta. Painopiste on l\u00e4hell\u00e4 kahvaa, mik\u00e4 mahdollistaa t\u00e4ydellisen ly\u00f6ntikontrollin. <\/p>\n<p data-start=\"435\" data-end=\"817\">Sen rakenne yhdist\u00e4\u00e4 alumiinipinnoitetut 16K-hiilikuitupinnat, jotka tarjoavat erinomaista j\u00e4ykkyytt\u00e4 ja kest\u00e4vyytt\u00e4, sek\u00e4 Eva Soft Performance -sis\u00e4materiaalin, joka takaa sujuvan pallonl\u00e4hd\u00f6n ja t\u00e4ydellisen tuntuman. Innovatiivinen Weight &amp; Balance Metalbone -j\u00e4rjestelm\u00e4 mahdollistaa painon ja tasapainon s\u00e4\u00e4t\u00e4misen jopa 11,2 grammaan asti, tehden mailasta t\u00e4ysin kustomoitavan. <\/p>\n<h5 data-start=\"824\" data-end=\"882\">Metalbone Ctrl, suunniteltu ammattilaispelaajille<\/h5>\n<p data-start=\"884\" data-end=\"1142\">Metalbone Ctrl 2026 on t\u00e4ydellinen valinta huipputason pelaajille, jotka kilpailevat usein ja tarvitsevat mailan, joka vastaa heid\u00e4n tekniseen tarkkuuteensa. Sen py\u00f6re\u00e4 muotoilu lis\u00e4\u00e4 kontrollia puolustusly\u00f6nneiss\u00e4 ja parantaa tasaisuutta pitkiss\u00e4 palloralleissa. <\/p>\n<p data-start=\"1144\" data-end=\"1484\">Power Extra Grip -kahvan ansiosta pidennetty kahva tarjoaa suurempaa inertiaa liikkeisiin ja optimoi voimansiirron vakaudesta tinkim\u00e4tt\u00e4. Se on ihanteellinen valinta hy\u00f6kk\u00e4\u00e4ville pelaajille, jotka haluavat hallita jokaista pistett\u00e4 takakent\u00e4lt\u00e4 tai verkolta, tarjoten tasapainoisen ja pelityyliin mukautetun vasteen. <\/p>\n<h5 data-start=\"1491\" data-end=\"1536\">Tekniset tiedot ja t\u00e4rkeimm\u00e4t edut<\/h5>\n<ul>\n<li data-start=\"1540\" data-end=\"1614\"><strong data-start=\"1540\" data-end=\"1558\">Py\u00f6re\u00e4 muoto<\/strong> ja painopiste l\u00e4hell\u00e4 kahvaa takaavat poikkeuksellisen kontrollin<\/li>\n<li data-start=\"1617\" data-end=\"1711\"><strong data-start=\"1617\" data-end=\"1665\">Alumiinipinnoitetut 16K-hiilikuitupinnat<\/strong> tarjoavat erinomaista j\u00e4ykkyytt\u00e4 ja kest\u00e4vyytt\u00e4<\/li>\n<li data-start=\"1714\" data-end=\"1813\"><strong data-start=\"1714\" data-end=\"1738\">Eva Soft Performance<\/strong> -sis\u00e4rakenne takaa sujuvan tuntuman ja erinomaisen pallonl\u00e4hd\u00f6n<\/li>\n<li data-start=\"1816\" data-end=\"1911\"><strong data-start=\"1816\" data-end=\"1853\">Weight &amp; Balance System Metalbone<\/strong> s\u00e4\u00e4dett\u00e4viss\u00e4 jopa 11,2 g painon ja tasapainon muokkaamiseksi<\/li>\n<li data-start=\"1914\" data-end=\"1992\"><strong data-start=\"1914\" data-end=\"1941\">Oktaagonaalinen rakenne<\/strong>, joka v\u00e4hent\u00e4\u00e4 v\u00e4\u00e4nt\u00f6\u00e4 ja parantaa ly\u00f6ntitarkkuutta<\/li>\n<li data-start=\"1995\" data-end=\"2058\"><strong data-start=\"1995\" data-end=\"2011\">Power Groove<\/strong> kehyksiss\u00e4 lis\u00e4\u00e4 rakenteen j\u00e4ykkyytt\u00e4<\/li>\n<li data-start=\"2061\" data-end=\"2135\"><strong data-start=\"2061\" data-end=\"2080\">Low Poly Design<\/strong> monitahoisella kehyksell\u00e4 tarjoaa voimaa ja vakautta<\/li>\n<li data-start=\"2138\" data-end=\"2224\"><strong data-start=\"2138\" data-end=\"2158\">Extra Power Grip<\/strong> antaa pidemm\u00e4n kahvan ja paremman voimansiirron<\/li>\n<\/ul>\n","protected":false},"excerpt":{"rendered":"<p>Adidas Metalbone Ctrl 2026 m\u00e4\u00e4rittelee tarkkuuden ja kontrollin uudelleen kent\u00e4ll\u00e4. T\u00e4m\u00e4 ammattilaistason maila on suunniteltu tarjoamaan poikkeuksellista suorituskyky\u00e4 py\u00f6re\u00e4n muotonsa ja 345\u2013360 gramman painonsa ansiosta. Painopiste on l\u00e4hell\u00e4 kahvaa, mik\u00e4 mahdollistaa t\u00e4ydellisen ly\u00f6ntikontrollin. Sen rakenne yhdist\u00e4\u00e4 alumiinipinnoitetut 16K-hiilikuitupinnat, jotka tarjoavat erinomaista j\u00e4ykkyytt\u00e4 ja kest\u00e4vyytt\u00e4, sek\u00e4 Eva Soft Performance -sis\u00e4materiaalin, joka takaa sujuvan pallonl\u00e4hd\u00f6n ja t\u00e4ydellisen [&hellip;]<\/p>\n","protected":false},"featured_media":72072,"comment_status":"open","ping_status":"closed","template":"","meta":{"_eb_attr":""},"product_brand":[523],"product_cat":[524,496,494],"product_tag":[],"class_list":{"0":"post-72062","1":"product","2":"type-product","3":"status-publish","4":"has-post-thumbnail","6":"product_brand-adidas","7":"product_cat-adidas","8":"product_cat-edistynyt","9":"product_cat-padelmailat","10":"pa_kaal-360g","11":"pa_kuju-pyorea","12":"pa_mangustiil-kontrolli","13":"pa_tasakaal-matala","14":"pa_tase-edistynyt","15":"pa_varv-musta","16":"pa_varv-valkoinen","19":"first","20":"onbackorder","21":"sale","22":"taxable","23":"shipping-taxable","24":"purchasable","25":"product-type-simple"},"yoast_head":"<!-- This site is optimized with the Yoast SEO Premium plugin v27.1 (Yoast SEO v27.1.1) - https:\/\/yoast.com\/product\/yoast-seo-premium-wordpress\/ -->\n<title>Adidas Metalbone CTRL 2026 | Test Padelhaus<\/title>\n<meta name=\"description\" content=\"Padelmailat ja padelvarusteet edullisesti. Padelhaus on padel verkkokauppa, josta l\u00f6yd\u00e4t parhaat padelmailat kaikille tasoille.\" \/>\n<meta name=\"robots\" content=\"noindex, follow, max-snippet:-1, max-image-preview:large, max-video-preview:-1\" \/>\n<meta property=\"og:locale\" content=\"fi_FI\" \/>\n<meta property=\"og:type\" content=\"article\" \/>\n<meta property=\"og:title\" content=\"Adidas Metalbone CTRL 2026\" \/>\n<meta property=\"og:description\" content=\"Padelmailat ja padelvarusteet edullisesti. Padelhaus on padel verkkokauppa, josta l\u00f6yd\u00e4t parhaat padelmailat kaikille tasoille.\" \/>\n<meta property=\"og:url\" content=\"https:\/\/padelhaus.mustlammas-dev.in\/fi\/kauppa\/adidas-metalbone-ctrl-2026\/\" \/>\n<meta property=\"og:site_name\" content=\"Test Padelhaus\" \/>\n<meta property=\"article:modified_time\" content=\"2026-03-10T00:05:35+00:00\" \/>\n<meta property=\"og:image\" content=\"https:\/\/padelhaus.fi\/wp-content\/uploads\/2025\/12\/Adidas-Metalbone-CTRL-2026.webp\" \/>\n\t<meta property=\"og:image:width\" content=\"1000\" \/>\n\t<meta property=\"og:image:height\" content=\"1000\" \/>\n\t<meta property=\"og:image:type\" content=\"image\/webp\" \/>\n<meta name=\"twitter:card\" content=\"summary_large_image\" \/>\n<meta name=\"twitter:label1\" content=\"Hinta\" \/>\n\t<meta name=\"twitter:data1\" content=\"309,95&nbsp;&euro;\" \/>\n\t<meta name=\"twitter:label2\" content=\"Saatavuus\" \/>\n\t<meta name=\"twitter:data2\" content=\"J\u00e4lkitoimituksessa\" \/>\n<script type=\"application\/ld+json\" class=\"yoast-schema-graph\">{\"@context\":\"https:\/\/schema.org\",\"@graph\":[{\"@type\":[\"WebPage\",\"ItemPage\"],\"@id\":\"https:\/\/padelhaus.mustlammas-dev.in\/fi\/kauppa\/adidas-metalbone-ctrl-2026\/\",\"url\":\"https:\/\/padelhaus.mustlammas-dev.in\/fi\/kauppa\/adidas-metalbone-ctrl-2026\/\",\"name\":\"Adidas Metalbone CTRL 2026 | Test Padelhaus\",\"isPartOf\":{\"@id\":\"https:\/\/padelhaus.mustlammas-dev.in\/fi\/#website\"},\"primaryImageOfPage\":{\"@id\":\"https:\/\/padelhaus.mustlammas-dev.in\/fi\/kauppa\/adidas-metalbone-ctrl-2026\/#primaryimage\"},\"image\":{\"@id\":\"https:\/\/padelhaus.mustlammas-dev.in\/fi\/kauppa\/adidas-metalbone-ctrl-2026\/#primaryimage\"},\"thumbnailUrl\":\"https:\/\/padelhaus.mustlammas-dev.in\/wp-content\/uploads\/2025\/12\/Adidas-Metalbone-CTRL-2026.webp\",\"datePublished\":\"2025-12-11T11:34:37+00:00\",\"dateModified\":\"2026-03-10T00:05:35+00:00\",\"description\":\"Padelmailat ja padelvarusteet edullisesti. Padelhaus on padel verkkokauppa, josta l\u00f6yd\u00e4t parhaat padelmailat kaikille tasoille.\",\"breadcrumb\":{\"@id\":\"https:\/\/padelhaus.mustlammas-dev.in\/fi\/kauppa\/adidas-metalbone-ctrl-2026\/#breadcrumb\"},\"inLanguage\":\"fi\",\"potentialAction\":[{\"@type\":\"ReadAction\",\"target\":[\"https:\/\/padelhaus.mustlammas-dev.in\/fi\/kauppa\/adidas-metalbone-ctrl-2026\/\"]}]},{\"@type\":\"ImageObject\",\"inLanguage\":\"fi\",\"@id\":\"https:\/\/padelhaus.mustlammas-dev.in\/fi\/kauppa\/adidas-metalbone-ctrl-2026\/#primaryimage\",\"url\":\"https:\/\/padelhaus.mustlammas-dev.in\/wp-content\/uploads\/2025\/12\/Adidas-Metalbone-CTRL-2026.webp\",\"contentUrl\":\"https:\/\/padelhaus.mustlammas-dev.in\/wp-content\/uploads\/2025\/12\/Adidas-Metalbone-CTRL-2026.webp\",\"width\":1000,\"height\":1000,\"caption\":\"Adidas Metalbone CTRL 2026\"},{\"@type\":\"BreadcrumbList\",\"@id\":\"https:\/\/padelhaus.mustlammas-dev.in\/fi\/kauppa\/adidas-metalbone-ctrl-2026\/#breadcrumb\",\"itemListElement\":[{\"@type\":\"ListItem\",\"position\":1,\"name\":\"Avaleht\",\"item\":\"https:\/\/padelhaus.fi\/\"},{\"@type\":\"ListItem\",\"position\":2,\"name\":\"Kauppa\",\"item\":\"https:\/\/padelhaus.fi\/kauppa\/\"},{\"@type\":\"ListItem\",\"position\":3,\"name\":\"Adidas Metalbone CTRL 2026\"}]},{\"@type\":\"WebSite\",\"@id\":\"https:\/\/padelhaus.mustlammas-dev.in\/fi\/#website\",\"url\":\"https:\/\/padelhaus.mustlammas-dev.in\/fi\/\",\"name\":\"Claude Padelhaus\",\"description\":\"Sinu padelivarustuse kodu\",\"publisher\":{\"@id\":\"https:\/\/padelhaus.mustlammas-dev.in\/fi\/#organization\"},\"potentialAction\":[{\"@type\":\"SearchAction\",\"target\":{\"@type\":\"EntryPoint\",\"urlTemplate\":\"https:\/\/padelhaus.mustlammas-dev.in\/fi\/?s={search_term_string}\"},\"query-input\":{\"@type\":\"PropertyValueSpecification\",\"valueRequired\":true,\"valueName\":\"search_term_string\"}}],\"inLanguage\":\"fi\"},{\"@type\":\"Organization\",\"@id\":\"https:\/\/padelhaus.mustlammas-dev.in\/fi\/#organization\",\"name\":\"Claude Padelhaus\",\"url\":\"https:\/\/padelhaus.mustlammas-dev.in\/fi\/\",\"logo\":{\"@type\":\"ImageObject\",\"inLanguage\":\"fi\",\"@id\":\"https:\/\/padelhaus.mustlammas-dev.in\/fi\/#\/schema\/logo\/image\/\",\"url\":\"https:\/\/padelhaus.mustlammas-dev.in\/wp-content\/uploads\/2025\/05\/Logo-1.png\",\"contentUrl\":\"https:\/\/padelhaus.mustlammas-dev.in\/wp-content\/uploads\/2025\/05\/Logo-1.png\",\"width\":280,\"height\":115,\"caption\":\"Claude Padelhaus\"},\"image\":{\"@id\":\"https:\/\/padelhaus.mustlammas-dev.in\/fi\/#\/schema\/logo\/image\/\"}}]}<\/script>\n<meta property=\"product:price:amount\" content=\"309.95\" \/>\n<meta property=\"product:price:currency\" content=\"EUR\" \/>\n<meta property=\"og:availability\" content=\"backorder\" \/>\n<meta property=\"product:availability\" content=\"available for order\" \/>\n<meta property=\"product:retailer_item_id\" content=\"ADI-R-29\" \/>\n<meta property=\"product:condition\" content=\"new\" \/>\n<!-- \/ Yoast SEO Premium plugin. -->","yoast_head_json":{"title":"Adidas Metalbone CTRL 2026 | Test Padelhaus","description":"Padelmailat ja padelvarusteet edullisesti. Padelhaus on padel verkkokauppa, josta l\u00f6yd\u00e4t parhaat padelmailat kaikille tasoille.","robots":{"index":"noindex","follow":"follow","max-snippet":"max-snippet:-1","max-image-preview":"max-image-preview:large","max-video-preview":"max-video-preview:-1"},"og_locale":"fi_FI","og_type":"article","og_title":"Adidas Metalbone CTRL 2026","og_description":"Padelmailat ja padelvarusteet edullisesti. Padelhaus on padel verkkokauppa, josta l\u00f6yd\u00e4t parhaat padelmailat kaikille tasoille.","og_url":"https:\/\/padelhaus.mustlammas-dev.in\/fi\/kauppa\/adidas-metalbone-ctrl-2026\/","og_site_name":"Test Padelhaus","article_modified_time":"2026-03-10T00:05:35+00:00","og_image":[{"width":1000,"height":1000,"url":"https:\/\/padelhaus.fi\/wp-content\/uploads\/2025\/12\/Adidas-Metalbone-CTRL-2026.webp","type":"image\/webp"}],"twitter_card":"summary_large_image","twitter_misc":{"Hinta":"309,95&nbsp;&euro;","Saatavuus":"J\u00e4lkitoimituksessa"},"schema":{"@context":"https:\/\/schema.org","@graph":[{"@type":["WebPage","ItemPage"],"@id":"https:\/\/padelhaus.mustlammas-dev.in\/fi\/kauppa\/adidas-metalbone-ctrl-2026\/","url":"https:\/\/padelhaus.mustlammas-dev.in\/fi\/kauppa\/adidas-metalbone-ctrl-2026\/","name":"Adidas Metalbone CTRL 2026 | Test Padelhaus","isPartOf":{"@id":"https:\/\/padelhaus.mustlammas-dev.in\/fi\/#website"},"primaryImageOfPage":{"@id":"https:\/\/padelhaus.mustlammas-dev.in\/fi\/kauppa\/adidas-metalbone-ctrl-2026\/#primaryimage"},"image":{"@id":"https:\/\/padelhaus.mustlammas-dev.in\/fi\/kauppa\/adidas-metalbone-ctrl-2026\/#primaryimage"},"thumbnailUrl":"https:\/\/padelhaus.mustlammas-dev.in\/wp-content\/uploads\/2025\/12\/Adidas-Metalbone-CTRL-2026.webp","datePublished":"2025-12-11T11:34:37+00:00","dateModified":"2026-03-10T00:05:35+00:00","description":"Padelmailat ja padelvarusteet edullisesti. Padelhaus on padel verkkokauppa, josta l\u00f6yd\u00e4t parhaat padelmailat kaikille tasoille.","breadcrumb":{"@id":"https:\/\/padelhaus.mustlammas-dev.in\/fi\/kauppa\/adidas-metalbone-ctrl-2026\/#breadcrumb"},"inLanguage":"fi","potentialAction":[{"@type":"ReadAction","target":["https:\/\/padelhaus.mustlammas-dev.in\/fi\/kauppa\/adidas-metalbone-ctrl-2026\/"]}]},{"@type":"ImageObject","inLanguage":"fi","@id":"https:\/\/padelhaus.mustlammas-dev.in\/fi\/kauppa\/adidas-metalbone-ctrl-2026\/#primaryimage","url":"https:\/\/padelhaus.mustlammas-dev.in\/wp-content\/uploads\/2025\/12\/Adidas-Metalbone-CTRL-2026.webp","contentUrl":"https:\/\/padelhaus.mustlammas-dev.in\/wp-content\/uploads\/2025\/12\/Adidas-Metalbone-CTRL-2026.webp","width":1000,"height":1000,"caption":"Adidas Metalbone CTRL 2026"},{"@type":"BreadcrumbList","@id":"https:\/\/padelhaus.mustlammas-dev.in\/fi\/kauppa\/adidas-metalbone-ctrl-2026\/#breadcrumb","itemListElement":[{"@type":"ListItem","position":1,"name":"Avaleht","item":"https:\/\/padelhaus.fi\/"},{"@type":"ListItem","position":2,"name":"Kauppa","item":"https:\/\/padelhaus.fi\/kauppa\/"},{"@type":"ListItem","position":3,"name":"Adidas Metalbone CTRL 2026"}]},{"@type":"WebSite","@id":"https:\/\/padelhaus.mustlammas-dev.in\/fi\/#website","url":"https:\/\/padelhaus.mustlammas-dev.in\/fi\/","name":"Claude Padelhaus","description":"Sinu padelivarustuse kodu","publisher":{"@id":"https:\/\/padelhaus.mustlammas-dev.in\/fi\/#organization"},"potentialAction":[{"@type":"SearchAction","target":{"@type":"EntryPoint","urlTemplate":"https:\/\/padelhaus.mustlammas-dev.in\/fi\/?s={search_term_string}"},"query-input":{"@type":"PropertyValueSpecification","valueRequired":true,"valueName":"search_term_string"}}],"inLanguage":"fi"},{"@type":"Organization","@id":"https:\/\/padelhaus.mustlammas-dev.in\/fi\/#organization","name":"Claude Padelhaus","url":"https:\/\/padelhaus.mustlammas-dev.in\/fi\/","logo":{"@type":"ImageObject","inLanguage":"fi","@id":"https:\/\/padelhaus.mustlammas-dev.in\/fi\/#\/schema\/logo\/image\/","url":"https:\/\/padelhaus.mustlammas-dev.in\/wp-content\/uploads\/2025\/05\/Logo-1.png","contentUrl":"https:\/\/padelhaus.mustlammas-dev.in\/wp-content\/uploads\/2025\/05\/Logo-1.png","width":280,"height":115,"caption":"Claude Padelhaus"},"image":{"@id":"https:\/\/padelhaus.mustlammas-dev.in\/fi\/#\/schema\/logo\/image\/"}}]},"product_price_amount":"309.95","product_price_currency":"EUR","og_availability":"backorder","product_availability":"available for order","product_retailer_item_id":"ADI-R-29","product_condition":"new"},"_links":{"self":[{"href":"https:\/\/padelhaus.mustlammas-dev.in\/fi\/wp-json\/wp\/v2\/product\/72062","targetHints":{"allow":["GET"]}}],"collection":[{"href":"https:\/\/padelhaus.mustlammas-dev.in\/fi\/wp-json\/wp\/v2\/product"}],"about":[{"href":"https:\/\/padelhaus.mustlammas-dev.in\/fi\/wp-json\/wp\/v2\/types\/product"}],"replies":[{"embeddable":true,"href":"https:\/\/padelhaus.mustlammas-dev.in\/fi\/wp-json\/wp\/v2\/comments?post=72062"}],"wp:featuredmedia":[{"embeddable":true,"href":"https:\/\/padelhaus.mustlammas-dev.in\/fi\/wp-json\/wp\/v2\/media\/72072"}],"wp:attachment":[{"href":"https:\/\/padelhaus.mustlammas-dev.in\/fi\/wp-json\/wp\/v2\/media?parent=72062"}],"wp:term":[{"taxonomy":"product_brand","embeddable":true,"href":"https:\/\/padelhaus.mustlammas-dev.in\/fi\/wp-json\/wp\/v2\/product_brand?post=72062"},{"taxonomy":"product_cat","embeddable":true,"href":"https:\/\/padelhaus.mustlammas-dev.in\/fi\/wp-json\/wp\/v2\/product_cat?post=72062"},{"taxonomy":"product_tag","embeddable":true,"href":"https:\/\/padelhaus.mustlammas-dev.in\/fi\/wp-json\/wp\/v2\/product_tag?post=72062"}],"curies":[{"name":"wp","href":"https:\/\/api.w.org\/{rel}","templated":true}]}}