{"id":72073,"date":"2025-12-11T13:45:42","date_gmt":"2025-12-11T11:45:42","guid":{"rendered":"https:\/\/padelhaus.mustlammas-dev.in\/pood\/adidas-metalbone-carbon-2026\/"},"modified":"2026-03-05T17:57:22","modified_gmt":"2026-03-05T15:57:22","slug":"adidas-metalbone-carbon-2026","status":"publish","type":"product","link":"https:\/\/padelhaus.mustlammas-dev.in\/fi\/kauppa\/adidas-metalbone-carbon-2026\/","title":{"rendered":"Adidas Metalbone Carbon 2026"},"content":{"rendered":"<p data-start=\"154\" data-end=\"369\"><strong>Adidas Metalbone Carbon 2026<\/strong> m\u00e4\u00e4rittelee voiman ja tarkkuuden uudelleen kent\u00e4ll\u00e4. Timantin muoto ja korkea sweet spot tarjoavat t\u00e4ydellisen tasapainon voiman ja hallinnan v\u00e4lill\u00e4 edistyneille pelaajille. <\/p>\n<p data-start=\"371\" data-end=\"629\">Sen k\u00e4rkipainoisuus maksimoi jokaisen ly\u00f6nnin tehon, kun taas 360\u2013375 g:n paino tarjoaa vakautta ja lujuutta ketteryytt\u00e4 uhraamatta. 6K-hiilikuitupinnat takaavat j\u00e4m\u00e4k\u00e4n vasteen, paremman kest\u00e4vyyden ja puhtaan ly\u00f6ntituntuman. <\/p>\n<p data-start=\"631\" data-end=\"842\">Eva Soft Performance -kumiydin varmistaa mukavan pallonl\u00e4hd\u00f6n ja erinomaisen t\u00e4rin\u00e4nvaimennuksen. Kokonaisuuden t\u00e4ydent\u00e4\u00e4 Low Poly -muotoilu, joka vahvistaa rungon j\u00e4ykkyytt\u00e4 ja lis\u00e4\u00e4 voimaa. <\/p>\n<h5 data-start=\"844\" data-end=\"930\">Maila ammattilaispelaajille, jotka etsiv\u00e4t maksimaalista voimaa ja hallintaa<\/h5>\n<p data-start=\"932\" data-end=\"1134\">T\u00e4m\u00e4 timantinmuotoinen Adidas-maila on suunniteltu ammattilaisille tai edistyneille pelaajille, jotka hallitsevat tekniikan ja etsiv\u00e4t r\u00e4j\u00e4hdysm\u00e4ist\u00e4 mailaa, joka tarjoaa t\u00e4yden hallinnan jokaiseen ly\u00f6ntiin.<\/p>\n<p data-start=\"1136\" data-end=\"1480\">Korkea sweet spot ja k\u00e4rkipainoisuus mahdollistavat hy\u00f6kk\u00e4\u00e4v\u00e4n pelin tarkkuutta menett\u00e4m\u00e4tt\u00e4. Ihanteellinen niille, jotka hakevat maksimaalista voimaa smasheihiin ja tasaista suorituskyky\u00e4 intensiivisiin palloihin. Extra Power Grip -kahva pident\u00e4\u00e4 tarttumispintaa, optimoiden voimansiirron ja parantaen tuntumaa jokaisessa liikkeess\u00e4.  <\/p>\n<h5 data-start=\"1482\" data-end=\"1510\">Ominaisuudet ja teknologiat<\/h5>\n<ul>\n<li data-start=\"1514\" data-end=\"1617\"><strong data-start=\"1514\" data-end=\"1542\">Octagonal Structure:<\/strong> Kahdeksankulmainen hiilikuituputki, joka v\u00e4hent\u00e4\u00e4 v\u00e4\u00e4nt\u00f6\u00e4 ja takaa tarkemmat ly\u00f6nnit<\/li>\n<li data-start=\"1620\" data-end=\"1687\"><strong data-start=\"1620\" data-end=\"1641\">Extra Power Grip:<\/strong> Pidempi kahva inertian ja voiman lis\u00e4\u00e4miseksi<\/li>\n<li data-start=\"1690\" data-end=\"1778\"><strong data-start=\"1690\" data-end=\"1703\">Low Poly:<\/strong> Monitahoinen runko ja sis\u00e4rakenne, jotka lis\u00e4\u00e4v\u00e4t j\u00e4ykkyytt\u00e4 ja voimaa<\/li>\n<li data-start=\"1781\" data-end=\"1870\"><strong data-start=\"1781\" data-end=\"1802\">Spin Blade Decal:<\/strong> Karhea pinta, joka lis\u00e4\u00e4 kierteit\u00e4 muuttamatta luonnollista tuntumaa<\/li>\n<li data-start=\"1873\" data-end=\"1968\"><strong data-start=\"1873\" data-end=\"1895\">Smart Holes Curve:<\/strong> Strateginen reikien sijoittelu lis\u00e4\u00e4 kierteit\u00e4 ja hallintaa<\/li>\n<li data-start=\"1971\" data-end=\"2067\"><strong data-start=\"1971\" data-end=\"2000\">Structural Reinforcement:<\/strong> Keh\u00e4vahvistettu rakenne, joka parantaa v\u00e4\u00e4nt\u00f6j\u00e4ykkyytt\u00e4<\/li>\n<li data-start=\"2070\" data-end=\"2161\"><strong data-start=\"2070\" data-end=\"2100\">Eva Soft Performance -kumi:<\/strong> Nopea pallonl\u00e4ht\u00f6, pehme\u00e4 kosketus ja erinomainen mukavuus<\/li>\n<li data-start=\"2164\" data-end=\"2273\"><strong data-start=\"2164\" data-end=\"2191\">6K-hiilikuitupinnat:<\/strong> Poikkeuksellinen kest\u00e4vyys ja suorituskyky, t\u00e4ydellinen tasapaino hallinnan ja voiman v\u00e4lill\u00e4<\/li>\n<\/ul>\n","protected":false},"excerpt":{"rendered":"<p>Adidas Metalbone Carbon 2026 m\u00e4\u00e4rittelee voiman ja tarkkuuden uudelleen kent\u00e4ll\u00e4. Timantin muoto ja korkea sweet spot tarjoavat t\u00e4ydellisen tasapainon voiman ja hallinnan v\u00e4lill\u00e4 edistyneille pelaajille. Sen k\u00e4rkipainoisuus maksimoi jokaisen ly\u00f6nnin tehon, kun taas 360\u2013375 g:n paino tarjoaa vakautta ja lujuutta ketteryytt\u00e4 uhraamatta. 6K-hiilikuitupinnat takaavat j\u00e4m\u00e4k\u00e4n vasteen, paremman kest\u00e4vyyden ja puhtaan ly\u00f6ntituntuman. Eva Soft Performance -kumiydin [&hellip;]<\/p>\n","protected":false},"featured_media":72083,"comment_status":"open","ping_status":"closed","template":"","meta":{"_eb_attr":""},"product_brand":[523],"product_cat":[524,496,494],"product_tag":[],"class_list":{"0":"post-72073","1":"product","2":"type-product","3":"status-publish","4":"has-post-thumbnail","6":"product_brand-adidas","7":"product_cat-adidas","8":"product_cat-edistynyt","9":"product_cat-padelmailat","10":"pa_kaal-370-g","11":"pa_kuju-timantti","12":"pa_mangustiil-hyokkaava","13":"pa_tasakaal-ylhaalla","14":"pa_tase-edistynyt","15":"pa_varv-musta","18":"first","19":"onbackorder","20":"sale","21":"taxable","22":"shipping-taxable","23":"purchasable","24":"product-type-simple"},"yoast_head":"<!-- This site is optimized with the Yoast SEO Premium plugin v27.1 (Yoast SEO v27.1.1) - https:\/\/yoast.com\/product\/yoast-seo-premium-wordpress\/ -->\n<title>Adidas Metalbone Carbon 2026 | Test Padelhaus<\/title>\n<meta name=\"description\" content=\"Padelmailat ja padelvarusteet edullisesti. Padelhaus on padel verkkokauppa, josta l\u00f6yd\u00e4t parhaat padelmailat kaikille tasoille.\" \/>\n<meta name=\"robots\" content=\"noindex, follow, max-snippet:-1, max-image-preview:large, max-video-preview:-1\" \/>\n<meta property=\"og:locale\" content=\"fi_FI\" \/>\n<meta property=\"og:type\" content=\"article\" \/>\n<meta property=\"og:title\" content=\"Adidas Metalbone Carbon 2026\" \/>\n<meta property=\"og:description\" content=\"Padelmailat ja padelvarusteet edullisesti. Padelhaus on padel verkkokauppa, josta l\u00f6yd\u00e4t parhaat padelmailat kaikille tasoille.\" \/>\n<meta property=\"og:url\" content=\"https:\/\/padelhaus.mustlammas-dev.in\/fi\/kauppa\/adidas-metalbone-carbon-2026\/\" \/>\n<meta property=\"og:site_name\" content=\"Test Padelhaus\" \/>\n<meta property=\"article:modified_time\" content=\"2026-03-05T15:57:22+00:00\" \/>\n<meta property=\"og:image\" content=\"https:\/\/padelhaus.mustlammas-dev.in\/wp-content\/uploads\/2025\/12\/Adidas-Metalbone-Carbon-2026.webp\" \/>\n\t<meta property=\"og:image:width\" content=\"1000\" \/>\n\t<meta property=\"og:image:height\" content=\"1000\" \/>\n\t<meta property=\"og:image:type\" content=\"image\/webp\" \/>\n<meta name=\"twitter:card\" content=\"summary_large_image\" \/>\n<meta name=\"twitter:label1\" content=\"Hinta\" \/>\n\t<meta name=\"twitter:data1\" content=\"219,95&nbsp;&euro;\" \/>\n\t<meta name=\"twitter:label2\" content=\"Saatavuus\" \/>\n\t<meta name=\"twitter:data2\" content=\"J\u00e4lkitoimituksessa\" \/>\n<script type=\"application\/ld+json\" class=\"yoast-schema-graph\">{\"@context\":\"https:\/\/schema.org\",\"@graph\":[{\"@type\":[\"WebPage\",\"ItemPage\"],\"@id\":\"https:\/\/padelhaus.mustlammas-dev.in\/fi\/kauppa\/adidas-metalbone-carbon-2026\/\",\"url\":\"https:\/\/padelhaus.mustlammas-dev.in\/fi\/kauppa\/adidas-metalbone-carbon-2026\/\",\"name\":\"Adidas Metalbone Carbon 2026 | Test Padelhaus\",\"isPartOf\":{\"@id\":\"https:\/\/padelhaus.mustlammas-dev.in\/fi\/#website\"},\"primaryImageOfPage\":{\"@id\":\"https:\/\/padelhaus.mustlammas-dev.in\/fi\/kauppa\/adidas-metalbone-carbon-2026\/#primaryimage\"},\"image\":{\"@id\":\"https:\/\/padelhaus.mustlammas-dev.in\/fi\/kauppa\/adidas-metalbone-carbon-2026\/#primaryimage\"},\"thumbnailUrl\":\"https:\/\/padelhaus.mustlammas-dev.in\/wp-content\/uploads\/2025\/12\/Adidas-Metalbone-Carbon-2026.webp\",\"datePublished\":\"2025-12-11T11:45:42+00:00\",\"dateModified\":\"2026-03-05T15:57:22+00:00\",\"description\":\"Padelmailat ja padelvarusteet edullisesti. Padelhaus on padel verkkokauppa, josta l\u00f6yd\u00e4t parhaat padelmailat kaikille tasoille.\",\"breadcrumb\":{\"@id\":\"https:\/\/padelhaus.mustlammas-dev.in\/fi\/kauppa\/adidas-metalbone-carbon-2026\/#breadcrumb\"},\"inLanguage\":\"fi\",\"potentialAction\":[{\"@type\":\"ReadAction\",\"target\":[\"https:\/\/padelhaus.mustlammas-dev.in\/fi\/kauppa\/adidas-metalbone-carbon-2026\/\"]}]},{\"@type\":\"ImageObject\",\"inLanguage\":\"fi\",\"@id\":\"https:\/\/padelhaus.mustlammas-dev.in\/fi\/kauppa\/adidas-metalbone-carbon-2026\/#primaryimage\",\"url\":\"https:\/\/padelhaus.mustlammas-dev.in\/wp-content\/uploads\/2025\/12\/Adidas-Metalbone-Carbon-2026.webp\",\"contentUrl\":\"https:\/\/padelhaus.mustlammas-dev.in\/wp-content\/uploads\/2025\/12\/Adidas-Metalbone-Carbon-2026.webp\",\"width\":1000,\"height\":1000,\"caption\":\"Adidas Metalbone Carbon 2026\"},{\"@type\":\"BreadcrumbList\",\"@id\":\"https:\/\/padelhaus.mustlammas-dev.in\/fi\/kauppa\/adidas-metalbone-carbon-2026\/#breadcrumb\",\"itemListElement\":[{\"@type\":\"ListItem\",\"position\":1,\"name\":\"Avaleht\",\"item\":\"https:\/\/padelhaus.fi\/\"},{\"@type\":\"ListItem\",\"position\":2,\"name\":\"Kauppa\",\"item\":\"https:\/\/padelhaus.fi\/kauppa\/\"},{\"@type\":\"ListItem\",\"position\":3,\"name\":\"Adidas Metalbone Carbon 2026\"}]},{\"@type\":\"WebSite\",\"@id\":\"https:\/\/padelhaus.mustlammas-dev.in\/fi\/#website\",\"url\":\"https:\/\/padelhaus.mustlammas-dev.in\/fi\/\",\"name\":\"Claude Padelhaus\",\"description\":\"Sinu padelivarustuse kodu\",\"publisher\":{\"@id\":\"https:\/\/padelhaus.mustlammas-dev.in\/fi\/#organization\"},\"potentialAction\":[{\"@type\":\"SearchAction\",\"target\":{\"@type\":\"EntryPoint\",\"urlTemplate\":\"https:\/\/padelhaus.mustlammas-dev.in\/fi\/?s={search_term_string}\"},\"query-input\":{\"@type\":\"PropertyValueSpecification\",\"valueRequired\":true,\"valueName\":\"search_term_string\"}}],\"inLanguage\":\"fi\"},{\"@type\":\"Organization\",\"@id\":\"https:\/\/padelhaus.mustlammas-dev.in\/fi\/#organization\",\"name\":\"Claude Padelhaus\",\"url\":\"https:\/\/padelhaus.mustlammas-dev.in\/fi\/\",\"logo\":{\"@type\":\"ImageObject\",\"inLanguage\":\"fi\",\"@id\":\"https:\/\/padelhaus.mustlammas-dev.in\/fi\/#\/schema\/logo\/image\/\",\"url\":\"https:\/\/padelhaus.mustlammas-dev.in\/wp-content\/uploads\/2025\/05\/Logo-1.png\",\"contentUrl\":\"https:\/\/padelhaus.mustlammas-dev.in\/wp-content\/uploads\/2025\/05\/Logo-1.png\",\"width\":280,\"height\":115,\"caption\":\"Claude Padelhaus\"},\"image\":{\"@id\":\"https:\/\/padelhaus.mustlammas-dev.in\/fi\/#\/schema\/logo\/image\/\"}}]}<\/script>\n<meta property=\"product:price:amount\" content=\"219.95\" \/>\n<meta property=\"product:price:currency\" content=\"EUR\" \/>\n<meta property=\"og:availability\" content=\"backorder\" \/>\n<meta property=\"product:availability\" content=\"available for order\" \/>\n<meta property=\"product:retailer_item_id\" content=\"ADI-R-30\" \/>\n<meta property=\"product:condition\" content=\"new\" \/>\n<!-- \/ Yoast SEO Premium plugin. -->","yoast_head_json":{"title":"Adidas Metalbone Carbon 2026 | Test Padelhaus","description":"Padelmailat ja padelvarusteet edullisesti. Padelhaus on padel verkkokauppa, josta l\u00f6yd\u00e4t parhaat padelmailat kaikille tasoille.","robots":{"index":"noindex","follow":"follow","max-snippet":"max-snippet:-1","max-image-preview":"max-image-preview:large","max-video-preview":"max-video-preview:-1"},"og_locale":"fi_FI","og_type":"article","og_title":"Adidas Metalbone Carbon 2026","og_description":"Padelmailat ja padelvarusteet edullisesti. Padelhaus on padel verkkokauppa, josta l\u00f6yd\u00e4t parhaat padelmailat kaikille tasoille.","og_url":"https:\/\/padelhaus.mustlammas-dev.in\/fi\/kauppa\/adidas-metalbone-carbon-2026\/","og_site_name":"Test Padelhaus","article_modified_time":"2026-03-05T15:57:22+00:00","og_image":[{"width":1000,"height":1000,"url":"https:\/\/padelhaus.mustlammas-dev.in\/wp-content\/uploads\/2025\/12\/Adidas-Metalbone-Carbon-2026.webp","type":"image\/webp"}],"twitter_card":"summary_large_image","twitter_misc":{"Hinta":"219,95&nbsp;&euro;","Saatavuus":"J\u00e4lkitoimituksessa"},"schema":{"@context":"https:\/\/schema.org","@graph":[{"@type":["WebPage","ItemPage"],"@id":"https:\/\/padelhaus.mustlammas-dev.in\/fi\/kauppa\/adidas-metalbone-carbon-2026\/","url":"https:\/\/padelhaus.mustlammas-dev.in\/fi\/kauppa\/adidas-metalbone-carbon-2026\/","name":"Adidas Metalbone Carbon 2026 | Test Padelhaus","isPartOf":{"@id":"https:\/\/padelhaus.mustlammas-dev.in\/fi\/#website"},"primaryImageOfPage":{"@id":"https:\/\/padelhaus.mustlammas-dev.in\/fi\/kauppa\/adidas-metalbone-carbon-2026\/#primaryimage"},"image":{"@id":"https:\/\/padelhaus.mustlammas-dev.in\/fi\/kauppa\/adidas-metalbone-carbon-2026\/#primaryimage"},"thumbnailUrl":"https:\/\/padelhaus.mustlammas-dev.in\/wp-content\/uploads\/2025\/12\/Adidas-Metalbone-Carbon-2026.webp","datePublished":"2025-12-11T11:45:42+00:00","dateModified":"2026-03-05T15:57:22+00:00","description":"Padelmailat ja padelvarusteet edullisesti. Padelhaus on padel verkkokauppa, josta l\u00f6yd\u00e4t parhaat padelmailat kaikille tasoille.","breadcrumb":{"@id":"https:\/\/padelhaus.mustlammas-dev.in\/fi\/kauppa\/adidas-metalbone-carbon-2026\/#breadcrumb"},"inLanguage":"fi","potentialAction":[{"@type":"ReadAction","target":["https:\/\/padelhaus.mustlammas-dev.in\/fi\/kauppa\/adidas-metalbone-carbon-2026\/"]}]},{"@type":"ImageObject","inLanguage":"fi","@id":"https:\/\/padelhaus.mustlammas-dev.in\/fi\/kauppa\/adidas-metalbone-carbon-2026\/#primaryimage","url":"https:\/\/padelhaus.mustlammas-dev.in\/wp-content\/uploads\/2025\/12\/Adidas-Metalbone-Carbon-2026.webp","contentUrl":"https:\/\/padelhaus.mustlammas-dev.in\/wp-content\/uploads\/2025\/12\/Adidas-Metalbone-Carbon-2026.webp","width":1000,"height":1000,"caption":"Adidas Metalbone Carbon 2026"},{"@type":"BreadcrumbList","@id":"https:\/\/padelhaus.mustlammas-dev.in\/fi\/kauppa\/adidas-metalbone-carbon-2026\/#breadcrumb","itemListElement":[{"@type":"ListItem","position":1,"name":"Avaleht","item":"https:\/\/padelhaus.fi\/"},{"@type":"ListItem","position":2,"name":"Kauppa","item":"https:\/\/padelhaus.fi\/kauppa\/"},{"@type":"ListItem","position":3,"name":"Adidas Metalbone Carbon 2026"}]},{"@type":"WebSite","@id":"https:\/\/padelhaus.mustlammas-dev.in\/fi\/#website","url":"https:\/\/padelhaus.mustlammas-dev.in\/fi\/","name":"Claude Padelhaus","description":"Sinu padelivarustuse kodu","publisher":{"@id":"https:\/\/padelhaus.mustlammas-dev.in\/fi\/#organization"},"potentialAction":[{"@type":"SearchAction","target":{"@type":"EntryPoint","urlTemplate":"https:\/\/padelhaus.mustlammas-dev.in\/fi\/?s={search_term_string}"},"query-input":{"@type":"PropertyValueSpecification","valueRequired":true,"valueName":"search_term_string"}}],"inLanguage":"fi"},{"@type":"Organization","@id":"https:\/\/padelhaus.mustlammas-dev.in\/fi\/#organization","name":"Claude Padelhaus","url":"https:\/\/padelhaus.mustlammas-dev.in\/fi\/","logo":{"@type":"ImageObject","inLanguage":"fi","@id":"https:\/\/padelhaus.mustlammas-dev.in\/fi\/#\/schema\/logo\/image\/","url":"https:\/\/padelhaus.mustlammas-dev.in\/wp-content\/uploads\/2025\/05\/Logo-1.png","contentUrl":"https:\/\/padelhaus.mustlammas-dev.in\/wp-content\/uploads\/2025\/05\/Logo-1.png","width":280,"height":115,"caption":"Claude Padelhaus"},"image":{"@id":"https:\/\/padelhaus.mustlammas-dev.in\/fi\/#\/schema\/logo\/image\/"}}]},"product_price_amount":"219.95","product_price_currency":"EUR","og_availability":"backorder","product_availability":"available for order","product_retailer_item_id":"ADI-R-30","product_condition":"new"},"_links":{"self":[{"href":"https:\/\/padelhaus.mustlammas-dev.in\/fi\/wp-json\/wp\/v2\/product\/72073","targetHints":{"allow":["GET"]}}],"collection":[{"href":"https:\/\/padelhaus.mustlammas-dev.in\/fi\/wp-json\/wp\/v2\/product"}],"about":[{"href":"https:\/\/padelhaus.mustlammas-dev.in\/fi\/wp-json\/wp\/v2\/types\/product"}],"replies":[{"embeddable":true,"href":"https:\/\/padelhaus.mustlammas-dev.in\/fi\/wp-json\/wp\/v2\/comments?post=72073"}],"wp:featuredmedia":[{"embeddable":true,"href":"https:\/\/padelhaus.mustlammas-dev.in\/fi\/wp-json\/wp\/v2\/media\/72083"}],"wp:attachment":[{"href":"https:\/\/padelhaus.mustlammas-dev.in\/fi\/wp-json\/wp\/v2\/media?parent=72073"}],"wp:term":[{"taxonomy":"product_brand","embeddable":true,"href":"https:\/\/padelhaus.mustlammas-dev.in\/fi\/wp-json\/wp\/v2\/product_brand?post=72073"},{"taxonomy":"product_cat","embeddable":true,"href":"https:\/\/padelhaus.mustlammas-dev.in\/fi\/wp-json\/wp\/v2\/product_cat?post=72073"},{"taxonomy":"product_tag","embeddable":true,"href":"https:\/\/padelhaus.mustlammas-dev.in\/fi\/wp-json\/wp\/v2\/product_tag?post=72073"}],"curies":[{"name":"wp","href":"https:\/\/api.w.org\/{rel}","templated":true}]}}