{"id":72099,"date":"2025-12-11T14:25:55","date_gmt":"2025-12-11T12:25:55","guid":{"rendered":"https:\/\/padelhaus.mustlammas-dev.in\/pood\/adidas-cross-it-team-ctrl-2026\/"},"modified":"2026-03-05T17:57:20","modified_gmt":"2026-03-05T15:57:20","slug":"adidas-cross-it-team-ctrl-2026","status":"publish","type":"product","link":"https:\/\/padelhaus.mustlammas-dev.in\/fi\/kauppa\/adidas-cross-it-team-ctrl-2026\/","title":{"rendered":"Adidas Cross It Team CTRL 2026"},"content":{"rendered":"<p data-start=\"0\" data-end=\"437\"><strong>Adidas Cross It Team CTRL 2026<\/strong> on maila, joka on suunniteltu tarjoamaan t\u00e4ydellinen tasapaino voiman ja kontrollin v\u00e4lill\u00e4. Se on tarkoitettu edistyneille tai s\u00e4\u00e4nn\u00f6llisesti pelaaville padelisteille, jotka haluavat parantaa suoritustaan mukavuudesta tinkim\u00e4tt\u00e4. Py\u00f6re\u00e4 muoto ja keskelle sijoitettu sweet spot takaavat vakaan ja tarkan k\u00e4sittelyn, mik\u00e4 mahdollistaa jokaisen pisteen hallinnan itsevarmasti kaikilta kent\u00e4n alueilta.  <\/p>\n<h5 data-start=\"439\" data-end=\"741\">Tekninen muotoilu ja laadukkaat materiaalit<\/h5>\n<p data-start=\"439\" data-end=\"741\">Mailan runko ja ly\u00f6ntipinnat on valmistettu lasikuidusta (Fiberglass), mik\u00e4 tarjoaa pehme\u00e4n ly\u00f6ntituntuman ja erinomaisen pallon ulostulon kaikissa ly\u00f6nneiss\u00e4. EVA Soft Performance -ydin vaimentaa t\u00e4rin\u00e4\u00e4 ja parantaa ly\u00f6ntituntumaa tarjoten mukavamman ja tehokkaamman pelikokemuksen. Lis\u00e4ksi 3M Protector Tape suojaa runkoa iskuilta varmistaen paremman kest\u00e4vyyden ja pitk\u00e4ik\u00e4isyyden.  <\/p>\n<h5 data-start=\"986\" data-end=\"1027\">T\u00e4rkeimm\u00e4t ominaisuudet ja teknologiat<\/h5>\n<ul data-start=\"1028\" data-end=\"1758\" data-is-last-node=\"\" data-is-only-node=\"\">\n<li data-start=\"1028\" data-end=\"1112\">\n<p data-start=\"1030\" data-end=\"1112\"><strong data-start=\"1030\" data-end=\"1057\">Extra Power Grip (EPG):<\/strong> pidempi kahva, joka lis\u00e4\u00e4 inertiaa ja ly\u00f6ntivoimaa<\/p>\n<\/li>\n<li data-start=\"1113\" data-end=\"1211\">\n<p data-start=\"1115\" data-end=\"1211\"><strong data-start=\"1115\" data-end=\"1142\">Dynamic Air Flow (DAF):<\/strong> v\u00e4hent\u00e4\u00e4 ilmanvastusta mailan syd\u00e4mess\u00e4 parantaen ketteryytt\u00e4<\/p>\n<\/li>\n<li data-start=\"1212\" data-end=\"1326\">\n<p data-start=\"1214\" data-end=\"1326\"><strong data-start=\"1214\" data-end=\"1230\">11 Thirteen:<\/strong> halkaisijaltaan pienemm\u00e4t keskirei\u00e4t (11 mm), jotka lis\u00e4\u00e4v\u00e4t j\u00e4ykkyytt\u00e4, voimaa ja kest\u00e4vyytt\u00e4<\/p>\n<\/li>\n<li data-start=\"1327\" data-end=\"1420\">\n<p data-start=\"1329\" data-end=\"1420\"><strong data-start=\"1329\" data-end=\"1350\">Spin Blade Decal:<\/strong> karhea pinta, joka edist\u00e4\u00e4 pallon kierteit\u00e4 leikatuissa ja nostetuissa ly\u00f6nneiss\u00e4<\/p>\n<\/li>\n<li data-start=\"1421\" data-end=\"1514\">\n<p data-start=\"1423\" data-end=\"1514\"><strong data-start=\"1423\" data-end=\"1445\">Smart Holes Curve:<\/strong> strateginen reik\u00e4kuvio parempaa kontrollia ja pallon ulostuloa varten<\/p>\n<\/li>\n<li data-start=\"1515\" data-end=\"1612\">\n<p data-start=\"1517\" data-end=\"1612\"><strong data-start=\"1517\" data-end=\"1546\">Structural Reinforcement:<\/strong> rakenteellinen vahvistus, joka parantaa rungon vakautta<\/p>\n<\/li>\n<li data-start=\"1613\" data-end=\"1696\">\n<p data-start=\"1615\" data-end=\"1696\"><strong data-start=\"1615\" data-end=\"1640\">EVA Soft Performance:<\/strong> pehme\u00e4n ly\u00f6ntituntuman ydin ja erinomainen pallon kimmoisuus<\/p>\n<\/li>\n<li data-start=\"1697\" data-end=\"1758\" data-is-last-node=\"\">\n<p data-start=\"1699\" data-end=\"1758\" data-is-last-node=\"\"><strong data-start=\"1699\" data-end=\"1721\">3M Protector Tape:<\/strong> lis\u00e4suoja iskuja ja kulumista vastaan<\/p>\n<\/li>\n<\/ul>\n","protected":false},"excerpt":{"rendered":"<p>Adidas Cross It Team CTRL 2026 on maila, joka on suunniteltu tarjoamaan t\u00e4ydellinen tasapaino voiman ja kontrollin v\u00e4lill\u00e4. Se on tarkoitettu edistyneille tai s\u00e4\u00e4nn\u00f6llisesti pelaaville padelisteille, jotka haluavat parantaa suoritustaan mukavuudesta tinkim\u00e4tt\u00e4. Py\u00f6re\u00e4 muoto ja keskelle sijoitettu sweet spot takaavat vakaan ja tarkan k\u00e4sittelyn, mik\u00e4 mahdollistaa jokaisen pisteen hallinnan itsevarmasti kaikilta kent\u00e4n alueilta. Tekninen muotoilu [&hellip;]<\/p>\n","protected":false},"featured_media":72109,"comment_status":"open","ping_status":"closed","template":"","meta":{"_eb_attr":""},"product_brand":[523],"product_cat":[524,495,494],"product_tag":[],"class_list":{"0":"post-72099","1":"product","2":"type-product","3":"status-publish","4":"has-post-thumbnail","6":"product_brand-adidas","7":"product_cat-adidas","8":"product_cat-keskitaso","9":"product_cat-padelmailat","10":"pa_kaal-370-g","11":"pa_kuju-pyorea","12":"pa_mangustiil-kontrolli","13":"pa_tasakaal-keskella","14":"pa_tase-edistynyt","15":"pa_varv-musta","16":"pa_varv-oranssi","19":"first","20":"onbackorder","21":"sale","22":"taxable","23":"shipping-taxable","24":"purchasable","25":"product-type-simple"},"yoast_head":"<!-- This site is optimized with the Yoast SEO Premium plugin v27.1 (Yoast SEO v27.1.1) - https:\/\/yoast.com\/product\/yoast-seo-premium-wordpress\/ -->\n<title>Adidas Cross It Team CTRL 2026 | Test Padelhaus<\/title>\n<meta name=\"description\" content=\"Padelmailat ja padelvarusteet edullisesti. Padelhaus on padel verkkokauppa, josta l\u00f6yd\u00e4t parhaat padelmailat kaikille tasoille.\" \/>\n<meta name=\"robots\" content=\"noindex, follow, max-snippet:-1, max-image-preview:large, max-video-preview:-1\" \/>\n<meta property=\"og:locale\" content=\"fi_FI\" \/>\n<meta property=\"og:type\" content=\"article\" \/>\n<meta property=\"og:title\" content=\"Adidas Cross It Team CTRL 2026\" \/>\n<meta property=\"og:description\" content=\"Padelmailat ja padelvarusteet edullisesti. Padelhaus on padel verkkokauppa, josta l\u00f6yd\u00e4t parhaat padelmailat kaikille tasoille.\" \/>\n<meta property=\"og:url\" content=\"https:\/\/padelhaus.mustlammas-dev.in\/fi\/kauppa\/adidas-cross-it-team-ctrl-2026\/\" \/>\n<meta property=\"og:site_name\" content=\"Test Padelhaus\" \/>\n<meta property=\"article:modified_time\" content=\"2026-03-05T15:57:20+00:00\" \/>\n<meta property=\"og:image\" content=\"https:\/\/padelhaus.fi\/wp-content\/uploads\/2025\/12\/ADIDAS-CROSS-IT-TEAM-CTRL-2026.webp\" \/>\n\t<meta property=\"og:image:width\" content=\"1000\" \/>\n\t<meta property=\"og:image:height\" content=\"1000\" \/>\n\t<meta property=\"og:image:type\" content=\"image\/webp\" \/>\n<meta name=\"twitter:card\" content=\"summary_large_image\" \/>\n<meta name=\"twitter:label1\" content=\"Hinta\" \/>\n\t<meta name=\"twitter:data1\" content=\"159,95&nbsp;&euro;\" \/>\n\t<meta name=\"twitter:label2\" content=\"Saatavuus\" \/>\n\t<meta name=\"twitter:data2\" content=\"J\u00e4lkitoimituksessa\" \/>\n<script type=\"application\/ld+json\" class=\"yoast-schema-graph\">{\"@context\":\"https:\/\/schema.org\",\"@graph\":[{\"@type\":[\"WebPage\",\"ItemPage\"],\"@id\":\"https:\/\/padelhaus.mustlammas-dev.in\/fi\/kauppa\/adidas-cross-it-team-ctrl-2026\/\",\"url\":\"https:\/\/padelhaus.mustlammas-dev.in\/fi\/kauppa\/adidas-cross-it-team-ctrl-2026\/\",\"name\":\"Adidas Cross It Team CTRL 2026 | Test Padelhaus\",\"isPartOf\":{\"@id\":\"https:\/\/padelhaus.mustlammas-dev.in\/fi\/#website\"},\"primaryImageOfPage\":{\"@id\":\"https:\/\/padelhaus.mustlammas-dev.in\/fi\/kauppa\/adidas-cross-it-team-ctrl-2026\/#primaryimage\"},\"image\":{\"@id\":\"https:\/\/padelhaus.mustlammas-dev.in\/fi\/kauppa\/adidas-cross-it-team-ctrl-2026\/#primaryimage\"},\"thumbnailUrl\":\"https:\/\/padelhaus.mustlammas-dev.in\/wp-content\/uploads\/2025\/12\/ADIDAS-CROSS-IT-TEAM-CTRL-2026.webp\",\"datePublished\":\"2025-12-11T12:25:55+00:00\",\"dateModified\":\"2026-03-05T15:57:20+00:00\",\"description\":\"Padelmailat ja padelvarusteet edullisesti. Padelhaus on padel verkkokauppa, josta l\u00f6yd\u00e4t parhaat padelmailat kaikille tasoille.\",\"breadcrumb\":{\"@id\":\"https:\/\/padelhaus.mustlammas-dev.in\/fi\/kauppa\/adidas-cross-it-team-ctrl-2026\/#breadcrumb\"},\"inLanguage\":\"fi\",\"potentialAction\":[{\"@type\":\"ReadAction\",\"target\":[\"https:\/\/padelhaus.mustlammas-dev.in\/fi\/kauppa\/adidas-cross-it-team-ctrl-2026\/\"]}]},{\"@type\":\"ImageObject\",\"inLanguage\":\"fi\",\"@id\":\"https:\/\/padelhaus.mustlammas-dev.in\/fi\/kauppa\/adidas-cross-it-team-ctrl-2026\/#primaryimage\",\"url\":\"https:\/\/padelhaus.mustlammas-dev.in\/wp-content\/uploads\/2025\/12\/ADIDAS-CROSS-IT-TEAM-CTRL-2026.webp\",\"contentUrl\":\"https:\/\/padelhaus.mustlammas-dev.in\/wp-content\/uploads\/2025\/12\/ADIDAS-CROSS-IT-TEAM-CTRL-2026.webp\",\"width\":1000,\"height\":1000,\"caption\":\"ADIDAS CROSS IT TEAM CTRL 2026\"},{\"@type\":\"BreadcrumbList\",\"@id\":\"https:\/\/padelhaus.mustlammas-dev.in\/fi\/kauppa\/adidas-cross-it-team-ctrl-2026\/#breadcrumb\",\"itemListElement\":[{\"@type\":\"ListItem\",\"position\":1,\"name\":\"Avaleht\",\"item\":\"https:\/\/padelhaus.fi\/\"},{\"@type\":\"ListItem\",\"position\":2,\"name\":\"Kauppa\",\"item\":\"https:\/\/padelhaus.fi\/kauppa\/\"},{\"@type\":\"ListItem\",\"position\":3,\"name\":\"Adidas Cross It Team CTRL 2026\"}]},{\"@type\":\"WebSite\",\"@id\":\"https:\/\/padelhaus.mustlammas-dev.in\/fi\/#website\",\"url\":\"https:\/\/padelhaus.mustlammas-dev.in\/fi\/\",\"name\":\"Claude Padelhaus\",\"description\":\"Sinu padelivarustuse kodu\",\"publisher\":{\"@id\":\"https:\/\/padelhaus.mustlammas-dev.in\/fi\/#organization\"},\"potentialAction\":[{\"@type\":\"SearchAction\",\"target\":{\"@type\":\"EntryPoint\",\"urlTemplate\":\"https:\/\/padelhaus.mustlammas-dev.in\/fi\/?s={search_term_string}\"},\"query-input\":{\"@type\":\"PropertyValueSpecification\",\"valueRequired\":true,\"valueName\":\"search_term_string\"}}],\"inLanguage\":\"fi\"},{\"@type\":\"Organization\",\"@id\":\"https:\/\/padelhaus.mustlammas-dev.in\/fi\/#organization\",\"name\":\"Claude Padelhaus\",\"url\":\"https:\/\/padelhaus.mustlammas-dev.in\/fi\/\",\"logo\":{\"@type\":\"ImageObject\",\"inLanguage\":\"fi\",\"@id\":\"https:\/\/padelhaus.mustlammas-dev.in\/fi\/#\/schema\/logo\/image\/\",\"url\":\"https:\/\/padelhaus.mustlammas-dev.in\/wp-content\/uploads\/2025\/05\/Logo-1.png\",\"contentUrl\":\"https:\/\/padelhaus.mustlammas-dev.in\/wp-content\/uploads\/2025\/05\/Logo-1.png\",\"width\":280,\"height\":115,\"caption\":\"Claude Padelhaus\"},\"image\":{\"@id\":\"https:\/\/padelhaus.mustlammas-dev.in\/fi\/#\/schema\/logo\/image\/\"}}]}<\/script>\n<meta property=\"product:price:amount\" content=\"159.95\" \/>\n<meta property=\"product:price:currency\" content=\"EUR\" \/>\n<meta property=\"og:availability\" content=\"backorder\" \/>\n<meta property=\"product:availability\" content=\"available for order\" \/>\n<meta property=\"product:retailer_item_id\" content=\"ADI-R-36\" \/>\n<meta property=\"product:condition\" content=\"new\" \/>\n<!-- \/ Yoast SEO Premium plugin. -->","yoast_head_json":{"title":"Adidas Cross It Team CTRL 2026 | Test Padelhaus","description":"Padelmailat ja padelvarusteet edullisesti. Padelhaus on padel verkkokauppa, josta l\u00f6yd\u00e4t parhaat padelmailat kaikille tasoille.","robots":{"index":"noindex","follow":"follow","max-snippet":"max-snippet:-1","max-image-preview":"max-image-preview:large","max-video-preview":"max-video-preview:-1"},"og_locale":"fi_FI","og_type":"article","og_title":"Adidas Cross It Team CTRL 2026","og_description":"Padelmailat ja padelvarusteet edullisesti. Padelhaus on padel verkkokauppa, josta l\u00f6yd\u00e4t parhaat padelmailat kaikille tasoille.","og_url":"https:\/\/padelhaus.mustlammas-dev.in\/fi\/kauppa\/adidas-cross-it-team-ctrl-2026\/","og_site_name":"Test Padelhaus","article_modified_time":"2026-03-05T15:57:20+00:00","og_image":[{"width":1000,"height":1000,"url":"https:\/\/padelhaus.fi\/wp-content\/uploads\/2025\/12\/ADIDAS-CROSS-IT-TEAM-CTRL-2026.webp","type":"image\/webp"}],"twitter_card":"summary_large_image","twitter_misc":{"Hinta":"159,95&nbsp;&euro;","Saatavuus":"J\u00e4lkitoimituksessa"},"schema":{"@context":"https:\/\/schema.org","@graph":[{"@type":["WebPage","ItemPage"],"@id":"https:\/\/padelhaus.mustlammas-dev.in\/fi\/kauppa\/adidas-cross-it-team-ctrl-2026\/","url":"https:\/\/padelhaus.mustlammas-dev.in\/fi\/kauppa\/adidas-cross-it-team-ctrl-2026\/","name":"Adidas Cross It Team CTRL 2026 | Test Padelhaus","isPartOf":{"@id":"https:\/\/padelhaus.mustlammas-dev.in\/fi\/#website"},"primaryImageOfPage":{"@id":"https:\/\/padelhaus.mustlammas-dev.in\/fi\/kauppa\/adidas-cross-it-team-ctrl-2026\/#primaryimage"},"image":{"@id":"https:\/\/padelhaus.mustlammas-dev.in\/fi\/kauppa\/adidas-cross-it-team-ctrl-2026\/#primaryimage"},"thumbnailUrl":"https:\/\/padelhaus.mustlammas-dev.in\/wp-content\/uploads\/2025\/12\/ADIDAS-CROSS-IT-TEAM-CTRL-2026.webp","datePublished":"2025-12-11T12:25:55+00:00","dateModified":"2026-03-05T15:57:20+00:00","description":"Padelmailat ja padelvarusteet edullisesti. Padelhaus on padel verkkokauppa, josta l\u00f6yd\u00e4t parhaat padelmailat kaikille tasoille.","breadcrumb":{"@id":"https:\/\/padelhaus.mustlammas-dev.in\/fi\/kauppa\/adidas-cross-it-team-ctrl-2026\/#breadcrumb"},"inLanguage":"fi","potentialAction":[{"@type":"ReadAction","target":["https:\/\/padelhaus.mustlammas-dev.in\/fi\/kauppa\/adidas-cross-it-team-ctrl-2026\/"]}]},{"@type":"ImageObject","inLanguage":"fi","@id":"https:\/\/padelhaus.mustlammas-dev.in\/fi\/kauppa\/adidas-cross-it-team-ctrl-2026\/#primaryimage","url":"https:\/\/padelhaus.mustlammas-dev.in\/wp-content\/uploads\/2025\/12\/ADIDAS-CROSS-IT-TEAM-CTRL-2026.webp","contentUrl":"https:\/\/padelhaus.mustlammas-dev.in\/wp-content\/uploads\/2025\/12\/ADIDAS-CROSS-IT-TEAM-CTRL-2026.webp","width":1000,"height":1000,"caption":"ADIDAS CROSS IT TEAM CTRL 2026"},{"@type":"BreadcrumbList","@id":"https:\/\/padelhaus.mustlammas-dev.in\/fi\/kauppa\/adidas-cross-it-team-ctrl-2026\/#breadcrumb","itemListElement":[{"@type":"ListItem","position":1,"name":"Avaleht","item":"https:\/\/padelhaus.fi\/"},{"@type":"ListItem","position":2,"name":"Kauppa","item":"https:\/\/padelhaus.fi\/kauppa\/"},{"@type":"ListItem","position":3,"name":"Adidas Cross It Team CTRL 2026"}]},{"@type":"WebSite","@id":"https:\/\/padelhaus.mustlammas-dev.in\/fi\/#website","url":"https:\/\/padelhaus.mustlammas-dev.in\/fi\/","name":"Claude Padelhaus","description":"Sinu padelivarustuse kodu","publisher":{"@id":"https:\/\/padelhaus.mustlammas-dev.in\/fi\/#organization"},"potentialAction":[{"@type":"SearchAction","target":{"@type":"EntryPoint","urlTemplate":"https:\/\/padelhaus.mustlammas-dev.in\/fi\/?s={search_term_string}"},"query-input":{"@type":"PropertyValueSpecification","valueRequired":true,"valueName":"search_term_string"}}],"inLanguage":"fi"},{"@type":"Organization","@id":"https:\/\/padelhaus.mustlammas-dev.in\/fi\/#organization","name":"Claude Padelhaus","url":"https:\/\/padelhaus.mustlammas-dev.in\/fi\/","logo":{"@type":"ImageObject","inLanguage":"fi","@id":"https:\/\/padelhaus.mustlammas-dev.in\/fi\/#\/schema\/logo\/image\/","url":"https:\/\/padelhaus.mustlammas-dev.in\/wp-content\/uploads\/2025\/05\/Logo-1.png","contentUrl":"https:\/\/padelhaus.mustlammas-dev.in\/wp-content\/uploads\/2025\/05\/Logo-1.png","width":280,"height":115,"caption":"Claude Padelhaus"},"image":{"@id":"https:\/\/padelhaus.mustlammas-dev.in\/fi\/#\/schema\/logo\/image\/"}}]},"product_price_amount":"159.95","product_price_currency":"EUR","og_availability":"backorder","product_availability":"available for order","product_retailer_item_id":"ADI-R-36","product_condition":"new"},"_links":{"self":[{"href":"https:\/\/padelhaus.mustlammas-dev.in\/fi\/wp-json\/wp\/v2\/product\/72099","targetHints":{"allow":["GET"]}}],"collection":[{"href":"https:\/\/padelhaus.mustlammas-dev.in\/fi\/wp-json\/wp\/v2\/product"}],"about":[{"href":"https:\/\/padelhaus.mustlammas-dev.in\/fi\/wp-json\/wp\/v2\/types\/product"}],"replies":[{"embeddable":true,"href":"https:\/\/padelhaus.mustlammas-dev.in\/fi\/wp-json\/wp\/v2\/comments?post=72099"}],"wp:featuredmedia":[{"embeddable":true,"href":"https:\/\/padelhaus.mustlammas-dev.in\/fi\/wp-json\/wp\/v2\/media\/72109"}],"wp:attachment":[{"href":"https:\/\/padelhaus.mustlammas-dev.in\/fi\/wp-json\/wp\/v2\/media?parent=72099"}],"wp:term":[{"taxonomy":"product_brand","embeddable":true,"href":"https:\/\/padelhaus.mustlammas-dev.in\/fi\/wp-json\/wp\/v2\/product_brand?post=72099"},{"taxonomy":"product_cat","embeddable":true,"href":"https:\/\/padelhaus.mustlammas-dev.in\/fi\/wp-json\/wp\/v2\/product_cat?post=72099"},{"taxonomy":"product_tag","embeddable":true,"href":"https:\/\/padelhaus.mustlammas-dev.in\/fi\/wp-json\/wp\/v2\/product_tag?post=72099"}],"curies":[{"name":"wp","href":"https:\/\/api.w.org\/{rel}","templated":true}]}}