{"id":72309,"date":"2025-12-05T03:16:19","date_gmt":"2025-12-05T01:16:19","guid":{"rendered":"https:\/\/padelhaus.mustlammas-dev.in\/pood\/bullpadel-neuron-02-edge-2026\/"},"modified":"2026-03-05T17:57:58","modified_gmt":"2026-03-05T15:57:58","slug":"bullpadel-neuron-02-edge-2026","status":"publish","type":"product","link":"https:\/\/padelhaus.mustlammas-dev.in\/fi\/kauppa\/bullpadel-neuron-02-edge-2026\/","title":{"rendered":"Bullpadel Neuron 02 Edge 2026"},"content":{"rendered":"<p data-start=\"147\" data-end=\"325\"><strong>BULLPADEL NEURON 02 EDGE 2026<\/strong> on Bullpadelin tarkin maila, joka on saanut inspiraationsa Fede Chingottolta ja jonka Bullpadel-Lab on kehitt\u00e4nyt t\u00e4ydellisyytt\u00e4 vaativille eliittipelaajille.<\/p>\n<h5 data-start=\"971\" data-end=\"995\">Suunniteltu voittajille<\/h5>\n<p data-start=\"996\" data-end=\"1145\" data-is-last-node=\"\" data-is-only-node=\"\">Neuron 02 Edge sopii pelaajille, jotka etsiv\u00e4t maksimaalista tarkkuutta ja tinkim\u00e4t\u00f6nt\u00e4 kontrollia.<\/p>\n<h5 data-start=\"327\" data-end=\"345\">T\u00e4rkeimm\u00e4t ominaisuudet<\/h5>\n<ul data-start=\"346\" data-end=\"743\">\n<li data-start=\"346\" data-end=\"412\">\n<p data-start=\"348\" data-end=\"412\"><strong data-start=\"348\" data-end=\"367\">PrismLock-runko:<\/strong> vahvistaa rakennetta ja v\u00e4hent\u00e4\u00e4 v\u00e4\u00e4ntymist\u00e4<\/p>\n<\/li>\n<li data-start=\"413\" data-end=\"479\">\n<p data-start=\"415\" data-end=\"479\"><strong data-start=\"415\" data-end=\"440\">Geometrinen k\u00e4rkiosa:<\/strong> lis\u00e4\u00e4 voimaa kontrollia menett\u00e4m\u00e4tt\u00e4<\/p>\n<\/li>\n<li data-start=\"480\" data-end=\"527\">\n<p data-start=\"482\" data-end=\"527\"><strong data-start=\"482\" data-end=\"503\">Multieva-ydin:<\/strong> mukautuu pelitempoon<\/p>\n<\/li>\n<li data-start=\"528\" data-end=\"591\">\n<p data-start=\"530\" data-end=\"591\"><strong data-start=\"530\" data-end=\"554\">3D Grain -viimeistely:<\/strong> parempi kierre ja ly\u00f6ntien vaihtelevuus<\/p>\n<\/li>\n<li data-start=\"592\" data-end=\"660\">\n<p data-start=\"594\" data-end=\"660\"><strong data-start=\"594\" data-end=\"617\">Vibradrive-j\u00e4rjestelm\u00e4:<\/strong> vaimentaa t\u00e4rin\u00e4\u00e4 mukavamman tuntuman saavuttamiseksi<\/p>\n<\/li>\n<li data-start=\"661\" data-end=\"743\">\n<p data-start=\"663\" data-end=\"743\"><strong data-start=\"663\" data-end=\"707\">Neuron Core, Air Power ja Custom Weight:<\/strong> mahdollistavat t\u00e4ydellisen r\u00e4\u00e4t\u00e4l\u00f6innin<\/p>\n<\/li>\n<\/ul>\n<h5 data-start=\"745\" data-end=\"769\">Tekniset tiedot<\/h5>\n<ul data-start=\"770\" data-end=\"969\">\n<li data-start=\"770\" data-end=\"797\">\n<p data-start=\"772\" data-end=\"797\"><strong data-start=\"772\" data-end=\"781\">Muoto:<\/strong> Timantti<\/p>\n<\/li>\n<li data-start=\"798\" data-end=\"821\">\n<p data-start=\"800\" data-end=\"821\"><strong data-start=\"800\" data-end=\"809\">Paino:<\/strong> 365\u2013375 g<\/p>\n<\/li>\n<li data-start=\"822\" data-end=\"846\">\n<p data-start=\"824\" data-end=\"846\"><strong data-start=\"824\" data-end=\"837\">Tasapaino:<\/strong> ~26 cm<\/p>\n<\/li>\n<li data-start=\"847\" data-end=\"886\">\n<p data-start=\"849\" data-end=\"886\"><strong data-start=\"849\" data-end=\"867\">Ulkokerros:<\/strong> X-Tend Carbon 3K<\/p>\n<\/li>\n<li data-start=\"887\" data-end=\"918\">\n<p data-start=\"889\" data-end=\"918\"><strong data-start=\"889\" data-end=\"907\">Sis\u00e4kerros:<\/strong> Multieva<\/p>\n<\/li>\n<li data-start=\"919\" data-end=\"940\">\n<p data-start=\"921\" data-end=\"940\"><strong data-start=\"921\" data-end=\"930\">Pinta-ala:<\/strong> 535 cm\u00b2<\/p>\n<\/li>\n<li data-start=\"941\" data-end=\"969\">\n<p data-start=\"943\" data-end=\"969\"><strong data-start=\"943\" data-end=\"958\">Viimeistely:<\/strong> 3D rough<\/p>\n<\/li>\n<\/ul>\n","protected":false},"excerpt":{"rendered":"<p>BULLPADEL NEURON 02 EDGE 2026 on Bullpadelin tarkin maila, joka on saanut inspiraationsa Fede Chingottolta ja jonka Bullpadel-Lab on kehitt\u00e4nyt t\u00e4ydellisyytt\u00e4 vaativille eliittipelaajille. Suunniteltu voittajille Neuron 02 Edge sopii pelaajille, jotka etsiv\u00e4t maksimaalista tarkkuutta ja tinkim\u00e4t\u00f6nt\u00e4 kontrollia. T\u00e4rkeimm\u00e4t ominaisuudet PrismLock-runko: vahvistaa rakennetta ja v\u00e4hent\u00e4\u00e4 v\u00e4\u00e4ntymist\u00e4 Geometrinen k\u00e4rkiosa: lis\u00e4\u00e4 voimaa kontrollia menett\u00e4m\u00e4tt\u00e4 Multieva-ydin: mukautuu pelitempoon 3D [&hellip;]<\/p>\n","protected":false},"featured_media":72318,"comment_status":"open","ping_status":"closed","template":"","meta":{"_eb_attr":""},"product_brand":[503],"product_cat":[504,496,494],"product_tag":[],"class_list":{"0":"post-72309","1":"product","2":"type-product","3":"status-publish","4":"has-post-thumbnail","6":"product_brand-bullpadel","7":"product_cat-bullpadel","8":"product_cat-edistynyt","9":"product_cat-padelmailat","10":"pa_kaal-370-g","11":"pa_kuju-timantti","12":"pa_mangustiil-hybridi","13":"pa_tasakaal-ylhaalla","14":"pa_tase-edistynyt","15":"pa_varv-musta","18":"first","19":"instock","20":"sale","21":"taxable","22":"shipping-taxable","23":"purchasable","24":"product-type-simple"},"yoast_head":"<!-- This site is optimized with the Yoast SEO Premium plugin v27.1 (Yoast SEO v27.1.1) - https:\/\/yoast.com\/product\/yoast-seo-premium-wordpress\/ -->\n<title>Bullpadel Neuron 02 Edge 2026 | Test Padelhaus<\/title>\n<meta name=\"description\" content=\"Padelmailat ja padelvarusteet edullisesti. Padelhaus on padel verkkokauppa, josta l\u00f6yd\u00e4t parhaat padelmailat kaikille tasoille.\" \/>\n<meta name=\"robots\" content=\"noindex, follow, max-snippet:-1, max-image-preview:large, max-video-preview:-1\" \/>\n<meta property=\"og:locale\" content=\"fi_FI\" \/>\n<meta property=\"og:type\" content=\"article\" \/>\n<meta property=\"og:title\" content=\"Bullpadel Neuron 02 Edge 2026\" \/>\n<meta property=\"og:description\" content=\"Padelmailat ja padelvarusteet edullisesti. Padelhaus on padel verkkokauppa, josta l\u00f6yd\u00e4t parhaat padelmailat kaikille tasoille.\" \/>\n<meta property=\"og:url\" content=\"https:\/\/padelhaus.mustlammas-dev.in\/fi\/kauppa\/bullpadel-neuron-02-edge-2026\/\" \/>\n<meta property=\"og:site_name\" content=\"Test Padelhaus\" \/>\n<meta property=\"article:modified_time\" content=\"2026-03-05T15:57:58+00:00\" \/>\n<meta property=\"og:image\" content=\"https:\/\/padelhaus.lv\/wp-content\/uploads\/2025\/12\/BULLPADEL-NEURON-02-Edge-2026.webp\" \/>\n\t<meta property=\"og:image:width\" content=\"1000\" \/>\n\t<meta property=\"og:image:height\" content=\"1000\" \/>\n\t<meta property=\"og:image:type\" content=\"image\/webp\" \/>\n<meta name=\"twitter:card\" content=\"summary_large_image\" \/>\n<meta name=\"twitter:label1\" content=\"Hinta\" \/>\n\t<meta name=\"twitter:data1\" content=\"249,95&nbsp;&euro;\" \/>\n\t<meta name=\"twitter:label2\" content=\"Saatavuus\" \/>\n\t<meta name=\"twitter:data2\" content=\"Varastossa\" \/>\n<script type=\"application\/ld+json\" class=\"yoast-schema-graph\">{\"@context\":\"https:\/\/schema.org\",\"@graph\":[{\"@type\":[\"WebPage\",\"ItemPage\"],\"@id\":\"https:\/\/padelhaus.mustlammas-dev.in\/fi\/kauppa\/bullpadel-neuron-02-edge-2026\/\",\"url\":\"https:\/\/padelhaus.mustlammas-dev.in\/fi\/kauppa\/bullpadel-neuron-02-edge-2026\/\",\"name\":\"Bullpadel Neuron 02 Edge 2026 | Test Padelhaus\",\"isPartOf\":{\"@id\":\"https:\/\/padelhaus.mustlammas-dev.in\/fi\/#website\"},\"primaryImageOfPage\":{\"@id\":\"https:\/\/padelhaus.mustlammas-dev.in\/fi\/kauppa\/bullpadel-neuron-02-edge-2026\/#primaryimage\"},\"image\":{\"@id\":\"https:\/\/padelhaus.mustlammas-dev.in\/fi\/kauppa\/bullpadel-neuron-02-edge-2026\/#primaryimage\"},\"thumbnailUrl\":\"https:\/\/padelhaus.mustlammas-dev.in\/wp-content\/uploads\/2025\/12\/BULLPADEL-NEURON-02-Edge-2026.webp\",\"datePublished\":\"2025-12-05T01:16:19+00:00\",\"dateModified\":\"2026-03-05T15:57:58+00:00\",\"description\":\"Padelmailat ja padelvarusteet edullisesti. Padelhaus on padel verkkokauppa, josta l\u00f6yd\u00e4t parhaat padelmailat kaikille tasoille.\",\"breadcrumb\":{\"@id\":\"https:\/\/padelhaus.mustlammas-dev.in\/fi\/kauppa\/bullpadel-neuron-02-edge-2026\/#breadcrumb\"},\"inLanguage\":\"fi\",\"potentialAction\":[{\"@type\":\"ReadAction\",\"target\":[\"https:\/\/padelhaus.mustlammas-dev.in\/fi\/kauppa\/bullpadel-neuron-02-edge-2026\/\"]}]},{\"@type\":\"ImageObject\",\"inLanguage\":\"fi\",\"@id\":\"https:\/\/padelhaus.mustlammas-dev.in\/fi\/kauppa\/bullpadel-neuron-02-edge-2026\/#primaryimage\",\"url\":\"https:\/\/padelhaus.mustlammas-dev.in\/wp-content\/uploads\/2025\/12\/BULLPADEL-NEURON-02-Edge-2026.webp\",\"contentUrl\":\"https:\/\/padelhaus.mustlammas-dev.in\/wp-content\/uploads\/2025\/12\/BULLPADEL-NEURON-02-Edge-2026.webp\",\"width\":1000,\"height\":1000,\"caption\":\"BULLPADEL NEURON 02 Edge 2026\"},{\"@type\":\"BreadcrumbList\",\"@id\":\"https:\/\/padelhaus.mustlammas-dev.in\/fi\/kauppa\/bullpadel-neuron-02-edge-2026\/#breadcrumb\",\"itemListElement\":[{\"@type\":\"ListItem\",\"position\":1,\"name\":\"Avaleht\",\"item\":\"https:\/\/padelhaus.fi\/\"},{\"@type\":\"ListItem\",\"position\":2,\"name\":\"Kauppa\",\"item\":\"https:\/\/padelhaus.fi\/kauppa\/\"},{\"@type\":\"ListItem\",\"position\":3,\"name\":\"Bullpadel Neuron 02 Edge 2026\"}]},{\"@type\":\"WebSite\",\"@id\":\"https:\/\/padelhaus.mustlammas-dev.in\/fi\/#website\",\"url\":\"https:\/\/padelhaus.mustlammas-dev.in\/fi\/\",\"name\":\"Claude Padelhaus\",\"description\":\"Sinu padelivarustuse kodu\",\"publisher\":{\"@id\":\"https:\/\/padelhaus.mustlammas-dev.in\/fi\/#organization\"},\"potentialAction\":[{\"@type\":\"SearchAction\",\"target\":{\"@type\":\"EntryPoint\",\"urlTemplate\":\"https:\/\/padelhaus.mustlammas-dev.in\/fi\/?s={search_term_string}\"},\"query-input\":{\"@type\":\"PropertyValueSpecification\",\"valueRequired\":true,\"valueName\":\"search_term_string\"}}],\"inLanguage\":\"fi\"},{\"@type\":\"Organization\",\"@id\":\"https:\/\/padelhaus.mustlammas-dev.in\/fi\/#organization\",\"name\":\"Claude Padelhaus\",\"url\":\"https:\/\/padelhaus.mustlammas-dev.in\/fi\/\",\"logo\":{\"@type\":\"ImageObject\",\"inLanguage\":\"fi\",\"@id\":\"https:\/\/padelhaus.mustlammas-dev.in\/fi\/#\/schema\/logo\/image\/\",\"url\":\"https:\/\/padelhaus.mustlammas-dev.in\/wp-content\/uploads\/2025\/05\/Logo-1.png\",\"contentUrl\":\"https:\/\/padelhaus.mustlammas-dev.in\/wp-content\/uploads\/2025\/05\/Logo-1.png\",\"width\":280,\"height\":115,\"caption\":\"Claude Padelhaus\"},\"image\":{\"@id\":\"https:\/\/padelhaus.mustlammas-dev.in\/fi\/#\/schema\/logo\/image\/\"}}]}<\/script>\n<meta property=\"product:price:amount\" content=\"249.95\" \/>\n<meta property=\"product:price:currency\" content=\"EUR\" \/>\n<meta property=\"og:availability\" content=\"instock\" \/>\n<meta property=\"product:availability\" content=\"instock\" \/>\n<meta property=\"product:retailer_item_id\" content=\"BUL-R-32\" \/>\n<meta property=\"product:condition\" content=\"new\" \/>\n<!-- \/ Yoast SEO Premium plugin. -->","yoast_head_json":{"title":"Bullpadel Neuron 02 Edge 2026 | Test Padelhaus","description":"Padelmailat ja padelvarusteet edullisesti. Padelhaus on padel verkkokauppa, josta l\u00f6yd\u00e4t parhaat padelmailat kaikille tasoille.","robots":{"index":"noindex","follow":"follow","max-snippet":"max-snippet:-1","max-image-preview":"max-image-preview:large","max-video-preview":"max-video-preview:-1"},"og_locale":"fi_FI","og_type":"article","og_title":"Bullpadel Neuron 02 Edge 2026","og_description":"Padelmailat ja padelvarusteet edullisesti. Padelhaus on padel verkkokauppa, josta l\u00f6yd\u00e4t parhaat padelmailat kaikille tasoille.","og_url":"https:\/\/padelhaus.mustlammas-dev.in\/fi\/kauppa\/bullpadel-neuron-02-edge-2026\/","og_site_name":"Test Padelhaus","article_modified_time":"2026-03-05T15:57:58+00:00","og_image":[{"width":1000,"height":1000,"url":"https:\/\/padelhaus.lv\/wp-content\/uploads\/2025\/12\/BULLPADEL-NEURON-02-Edge-2026.webp","type":"image\/webp"}],"twitter_card":"summary_large_image","twitter_misc":{"Hinta":"249,95&nbsp;&euro;","Saatavuus":"Varastossa"},"schema":{"@context":"https:\/\/schema.org","@graph":[{"@type":["WebPage","ItemPage"],"@id":"https:\/\/padelhaus.mustlammas-dev.in\/fi\/kauppa\/bullpadel-neuron-02-edge-2026\/","url":"https:\/\/padelhaus.mustlammas-dev.in\/fi\/kauppa\/bullpadel-neuron-02-edge-2026\/","name":"Bullpadel Neuron 02 Edge 2026 | Test Padelhaus","isPartOf":{"@id":"https:\/\/padelhaus.mustlammas-dev.in\/fi\/#website"},"primaryImageOfPage":{"@id":"https:\/\/padelhaus.mustlammas-dev.in\/fi\/kauppa\/bullpadel-neuron-02-edge-2026\/#primaryimage"},"image":{"@id":"https:\/\/padelhaus.mustlammas-dev.in\/fi\/kauppa\/bullpadel-neuron-02-edge-2026\/#primaryimage"},"thumbnailUrl":"https:\/\/padelhaus.mustlammas-dev.in\/wp-content\/uploads\/2025\/12\/BULLPADEL-NEURON-02-Edge-2026.webp","datePublished":"2025-12-05T01:16:19+00:00","dateModified":"2026-03-05T15:57:58+00:00","description":"Padelmailat ja padelvarusteet edullisesti. Padelhaus on padel verkkokauppa, josta l\u00f6yd\u00e4t parhaat padelmailat kaikille tasoille.","breadcrumb":{"@id":"https:\/\/padelhaus.mustlammas-dev.in\/fi\/kauppa\/bullpadel-neuron-02-edge-2026\/#breadcrumb"},"inLanguage":"fi","potentialAction":[{"@type":"ReadAction","target":["https:\/\/padelhaus.mustlammas-dev.in\/fi\/kauppa\/bullpadel-neuron-02-edge-2026\/"]}]},{"@type":"ImageObject","inLanguage":"fi","@id":"https:\/\/padelhaus.mustlammas-dev.in\/fi\/kauppa\/bullpadel-neuron-02-edge-2026\/#primaryimage","url":"https:\/\/padelhaus.mustlammas-dev.in\/wp-content\/uploads\/2025\/12\/BULLPADEL-NEURON-02-Edge-2026.webp","contentUrl":"https:\/\/padelhaus.mustlammas-dev.in\/wp-content\/uploads\/2025\/12\/BULLPADEL-NEURON-02-Edge-2026.webp","width":1000,"height":1000,"caption":"BULLPADEL NEURON 02 Edge 2026"},{"@type":"BreadcrumbList","@id":"https:\/\/padelhaus.mustlammas-dev.in\/fi\/kauppa\/bullpadel-neuron-02-edge-2026\/#breadcrumb","itemListElement":[{"@type":"ListItem","position":1,"name":"Avaleht","item":"https:\/\/padelhaus.fi\/"},{"@type":"ListItem","position":2,"name":"Kauppa","item":"https:\/\/padelhaus.fi\/kauppa\/"},{"@type":"ListItem","position":3,"name":"Bullpadel Neuron 02 Edge 2026"}]},{"@type":"WebSite","@id":"https:\/\/padelhaus.mustlammas-dev.in\/fi\/#website","url":"https:\/\/padelhaus.mustlammas-dev.in\/fi\/","name":"Claude Padelhaus","description":"Sinu padelivarustuse kodu","publisher":{"@id":"https:\/\/padelhaus.mustlammas-dev.in\/fi\/#organization"},"potentialAction":[{"@type":"SearchAction","target":{"@type":"EntryPoint","urlTemplate":"https:\/\/padelhaus.mustlammas-dev.in\/fi\/?s={search_term_string}"},"query-input":{"@type":"PropertyValueSpecification","valueRequired":true,"valueName":"search_term_string"}}],"inLanguage":"fi"},{"@type":"Organization","@id":"https:\/\/padelhaus.mustlammas-dev.in\/fi\/#organization","name":"Claude Padelhaus","url":"https:\/\/padelhaus.mustlammas-dev.in\/fi\/","logo":{"@type":"ImageObject","inLanguage":"fi","@id":"https:\/\/padelhaus.mustlammas-dev.in\/fi\/#\/schema\/logo\/image\/","url":"https:\/\/padelhaus.mustlammas-dev.in\/wp-content\/uploads\/2025\/05\/Logo-1.png","contentUrl":"https:\/\/padelhaus.mustlammas-dev.in\/wp-content\/uploads\/2025\/05\/Logo-1.png","width":280,"height":115,"caption":"Claude Padelhaus"},"image":{"@id":"https:\/\/padelhaus.mustlammas-dev.in\/fi\/#\/schema\/logo\/image\/"}}]},"product_price_amount":"249.95","product_price_currency":"EUR","og_availability":"instock","product_availability":"instock","product_retailer_item_id":"BUL-R-32","product_condition":"new"},"_links":{"self":[{"href":"https:\/\/padelhaus.mustlammas-dev.in\/fi\/wp-json\/wp\/v2\/product\/72309","targetHints":{"allow":["GET"]}}],"collection":[{"href":"https:\/\/padelhaus.mustlammas-dev.in\/fi\/wp-json\/wp\/v2\/product"}],"about":[{"href":"https:\/\/padelhaus.mustlammas-dev.in\/fi\/wp-json\/wp\/v2\/types\/product"}],"replies":[{"embeddable":true,"href":"https:\/\/padelhaus.mustlammas-dev.in\/fi\/wp-json\/wp\/v2\/comments?post=72309"}],"wp:featuredmedia":[{"embeddable":true,"href":"https:\/\/padelhaus.mustlammas-dev.in\/fi\/wp-json\/wp\/v2\/media\/72318"}],"wp:attachment":[{"href":"https:\/\/padelhaus.mustlammas-dev.in\/fi\/wp-json\/wp\/v2\/media?parent=72309"}],"wp:term":[{"taxonomy":"product_brand","embeddable":true,"href":"https:\/\/padelhaus.mustlammas-dev.in\/fi\/wp-json\/wp\/v2\/product_brand?post=72309"},{"taxonomy":"product_cat","embeddable":true,"href":"https:\/\/padelhaus.mustlammas-dev.in\/fi\/wp-json\/wp\/v2\/product_cat?post=72309"},{"taxonomy":"product_tag","embeddable":true,"href":"https:\/\/padelhaus.mustlammas-dev.in\/fi\/wp-json\/wp\/v2\/product_tag?post=72309"}],"curies":[{"name":"wp","href":"https:\/\/api.w.org\/{rel}","templated":true}]}}