{"id":72326,"date":"2025-12-05T05:43:38","date_gmt":"2025-12-05T03:43:38","guid":{"rendered":"https:\/\/padelhaus.mustlammas-dev.in\/pood\/bullpadel-ionic-light-26-woman\/"},"modified":"2026-03-10T02:05:34","modified_gmt":"2026-03-10T00:05:34","slug":"bullpadel-ionic-light-26-woman","status":"publish","type":"product","link":"https:\/\/padelhaus.mustlammas-dev.in\/fi\/kauppa\/bullpadel-ionic-light-26-woman\/","title":{"rendered":"Bullpadel Ionic Light 2026 Woman"},"content":{"rendered":"<h5><b>Bullpadel Ionic Light 26 Woman \u2013 pelaa itseluottamuksella<\/b><\/h5>\n<p>&nbsp;<\/p>\n<p class=\"p3\"><span class=\"s2\"><b>Bullpadel Ionic Light 26 Woman<\/b><\/span> on suunniteltu tarjoamaan pelaajille <span class=\"s2\"><b>kevyen, mukavan ja eritt\u00e4in monipuolisen<\/b><\/span> mailan. Se valaa itsevarmuutta heti ensimm\u00e4isist\u00e4 ly\u00f6nneist\u00e4 l\u00e4htien mahdollistaen nopean liikkumisen ja vaivattoman reagoinnin vaativimmissakin palloissa. <\/p>\n<h5><b>Mukavuutta ja tyyli\u00e4 jokaiseen liikkeeseen<\/b><\/h5>\n<p>&nbsp;<\/p>\n<p class=\"p3\">T\u00e4m\u00e4n mallin suurin vahvuus on sen <span class=\"s2\"><b>hybridimuoto<\/b><\/span>, joka yhdist\u00e4\u00e4 py\u00f6re\u00e4n mailan tarkkuuden ja timantinmuotoisen mailan voiman. Tuloksena on <span class=\"s2\"><b>monipuolinen maila<\/b><\/span>, joka sopii pelaajille, jotka eiv\u00e4t halua rajoittua vain yhteen pelityyliin. <\/p>\n<p class=\"p3\">Kevyempi paino auttaa v\u00e4ltt\u00e4m\u00e4\u00e4n k\u00e4den ylirasitusta pitkien pelien aikana ja tuo kent\u00e4lle selv\u00e4sti tuntuvaa keveytt\u00e4, mik\u00e4 tekee liikkumisesta ja ly\u00f6nneist\u00e4 sujuvampia.<\/p>\n<h5><b>Tekniset yksityiskohdat, joilla on merkityst\u00e4<\/b><\/h5>\n<ul>\n<li>\n<p class=\"p1\"><span class=\"s1\"><b>MultiEva-ydin<\/b><\/span> \u2013 eri tiheyksiset kerrokset mukauttavat mailan reaktiota ly\u00f6nnin voimakkuuden mukaan<\/p>\n<\/li>\n<li>\n<p class=\"p1\"><span class=\"s1\"><b>Glaphite-pinta<\/b><\/span> \u2013 innovatiivinen hiilikuidun ja lasikuidun sekoitus, joka takaa kest\u00e4vyyden ja joustavuuden<\/p>\n<\/li>\n<li>\n<p class=\"p1\"><span class=\"s1\"><b>Keskisuuri tasapaino<\/b><\/span> \u2013 tehokas niin puolustuksessa kuin hy\u00f6kk\u00e4yksess\u00e4<\/p>\n<\/li>\n<li>\n<p class=\"p1\"><span class=\"s1\"><b>Xforce-j\u00e4rjestelm\u00e4<\/b><\/span> \u2013 nopeampi pallon l\u00e4ht\u00f6nopeus ja parempi ohjattavuus<\/p>\n<\/li>\n<li>\n<p class=\"p1\"><span class=\"s1\"><b>Profiili:<\/b><\/span> 38 mm \u2013 sopii aikuispelaajille, jotka etsiv\u00e4t vakautta ja suorituskyky\u00e4<\/p>\n<\/li>\n<\/ul>\n<h5><b>Enemm\u00e4n kuin vain kevyt maila<\/b><\/h5>\n<p>&nbsp;<\/p>\n<p class=\"p3\">Bullpadel Ionic Light 26 Woman ei tarkoita vain mukavuutta \u2013 se tarjoaa my\u00f6s <span class=\"s2\"><b>voimaa silloin, kun sit\u00e4 eniten tarvitset<\/b><\/span>. T\u00e4m\u00e4 on maila monipuoliselle pelaajalle, joka nauttii tarkasta puolustuspelist\u00e4 ja pystyy toimimaan ratkaisevasti hy\u00f6kk\u00e4yksess\u00e4. <\/p>\n","protected":false},"excerpt":{"rendered":"<p>Bullpadel Ionic Light 26 Woman \u2013 pelaa itseluottamuksella &nbsp; Bullpadel Ionic Light 26 Woman on suunniteltu tarjoamaan pelaajille kevyen, mukavan ja eritt\u00e4in monipuolisen mailan. Se valaa itsevarmuutta heti ensimm\u00e4isist\u00e4 ly\u00f6nneist\u00e4 l\u00e4htien mahdollistaen nopean liikkumisen ja vaivattoman reagoinnin vaativimmissakin palloissa. Mukavuutta ja tyyli\u00e4 jokaiseen liikkeeseen &nbsp; T\u00e4m\u00e4n mallin suurin vahvuus on sen hybridimuoto, joka yhdist\u00e4\u00e4 py\u00f6re\u00e4n [&hellip;]<\/p>\n","protected":false},"featured_media":72332,"comment_status":"open","ping_status":"closed","template":"","meta":{"_eb_attr":""},"product_brand":[503],"product_cat":[504,496,505,494],"product_tag":[],"class_list":{"0":"post-72326","1":"product","2":"type-product","3":"status-publish","4":"has-post-thumbnail","6":"product_brand-bullpadel","7":"product_cat-bullpadel","8":"product_cat-edistynyt","9":"product_cat-naiset","10":"product_cat-padelmailat","11":"pa_kaal-350-360-g","12":"pa_kuju-pisaranmuotoinen","13":"pa_mangustiil-hybridi","14":"pa_tasakaal-keskella","15":"pa_tase-edistynyt","16":"pa_varv-beige","17":"pa_varv-sininen","18":"pa_varv-vihrea","21":"first","22":"onbackorder","23":"sale","24":"taxable","25":"shipping-taxable","26":"purchasable","27":"product-type-simple"},"yoast_head":"<!-- This site is optimized with the Yoast SEO Premium plugin v27.1 (Yoast SEO v27.1.1) - https:\/\/yoast.com\/product\/yoast-seo-premium-wordpress\/ -->\n<title>Bullpadel Ionic Light 2026 Woman | Test Padelhaus<\/title>\n<meta name=\"description\" content=\"Padelmailat ja padelvarusteet edullisesti. Padelhaus on padel verkkokauppa, josta l\u00f6yd\u00e4t parhaat padelmailat kaikille tasoille.\" \/>\n<meta name=\"robots\" content=\"noindex, follow, max-snippet:-1, max-image-preview:large, max-video-preview:-1\" \/>\n<meta property=\"og:locale\" content=\"fi_FI\" \/>\n<meta property=\"og:type\" content=\"article\" \/>\n<meta property=\"og:title\" content=\"Bullpadel Ionic Light 2026 Woman\" \/>\n<meta property=\"og:description\" content=\"Padelmailat ja padelvarusteet edullisesti. Padelhaus on padel verkkokauppa, josta l\u00f6yd\u00e4t parhaat padelmailat kaikille tasoille.\" \/>\n<meta property=\"og:url\" content=\"https:\/\/padelhaus.mustlammas-dev.in\/fi\/kauppa\/bullpadel-ionic-light-26-woman\/\" \/>\n<meta property=\"og:site_name\" content=\"Test Padelhaus\" \/>\n<meta property=\"article:modified_time\" content=\"2026-03-10T00:05:34+00:00\" \/>\n<meta property=\"og:image\" content=\"https:\/\/padelhaus.lv\/wp-content\/uploads\/2025\/12\/BULLPADEL-IONIC-LIGHT-26-WOMAN-BEEZ.webp\" \/>\n\t<meta property=\"og:image:width\" content=\"1000\" \/>\n\t<meta property=\"og:image:height\" content=\"1000\" \/>\n\t<meta property=\"og:image:type\" content=\"image\/webp\" \/>\n<meta name=\"twitter:card\" content=\"summary_large_image\" \/>\n<meta name=\"twitter:label1\" content=\"Hinta\" \/>\n\t<meta name=\"twitter:data1\" content=\"134,95&nbsp;&euro;\" \/>\n\t<meta name=\"twitter:label2\" content=\"Saatavuus\" \/>\n\t<meta name=\"twitter:data2\" content=\"J\u00e4lkitoimituksessa\" \/>\n<script type=\"application\/ld+json\" class=\"yoast-schema-graph\">{\"@context\":\"https:\/\/schema.org\",\"@graph\":[{\"@type\":[\"WebPage\",\"ItemPage\"],\"@id\":\"https:\/\/padelhaus.mustlammas-dev.in\/fi\/kauppa\/bullpadel-ionic-light-26-woman\/\",\"url\":\"https:\/\/padelhaus.mustlammas-dev.in\/fi\/kauppa\/bullpadel-ionic-light-26-woman\/\",\"name\":\"Bullpadel Ionic Light 2026 Woman | Test Padelhaus\",\"isPartOf\":{\"@id\":\"https:\/\/padelhaus.mustlammas-dev.in\/fi\/#website\"},\"primaryImageOfPage\":{\"@id\":\"https:\/\/padelhaus.mustlammas-dev.in\/fi\/kauppa\/bullpadel-ionic-light-26-woman\/#primaryimage\"},\"image\":{\"@id\":\"https:\/\/padelhaus.mustlammas-dev.in\/fi\/kauppa\/bullpadel-ionic-light-26-woman\/#primaryimage\"},\"thumbnailUrl\":\"https:\/\/padelhaus.mustlammas-dev.in\/wp-content\/uploads\/2025\/12\/BULLPADEL-IONIC-LIGHT-26-WOMAN-BEEZ.webp\",\"datePublished\":\"2025-12-05T03:43:38+00:00\",\"dateModified\":\"2026-03-10T00:05:34+00:00\",\"description\":\"Padelmailat ja padelvarusteet edullisesti. Padelhaus on padel verkkokauppa, josta l\u00f6yd\u00e4t parhaat padelmailat kaikille tasoille.\",\"breadcrumb\":{\"@id\":\"https:\/\/padelhaus.mustlammas-dev.in\/fi\/kauppa\/bullpadel-ionic-light-26-woman\/#breadcrumb\"},\"inLanguage\":\"fi\",\"potentialAction\":[{\"@type\":\"ReadAction\",\"target\":[\"https:\/\/padelhaus.mustlammas-dev.in\/fi\/kauppa\/bullpadel-ionic-light-26-woman\/\"]}]},{\"@type\":\"ImageObject\",\"inLanguage\":\"fi\",\"@id\":\"https:\/\/padelhaus.mustlammas-dev.in\/fi\/kauppa\/bullpadel-ionic-light-26-woman\/#primaryimage\",\"url\":\"https:\/\/padelhaus.mustlammas-dev.in\/wp-content\/uploads\/2025\/12\/BULLPADEL-IONIC-LIGHT-26-WOMAN-BEEZ.webp\",\"contentUrl\":\"https:\/\/padelhaus.mustlammas-dev.in\/wp-content\/uploads\/2025\/12\/BULLPADEL-IONIC-LIGHT-26-WOMAN-BEEZ.webp\",\"width\":1000,\"height\":1000},{\"@type\":\"BreadcrumbList\",\"@id\":\"https:\/\/padelhaus.mustlammas-dev.in\/fi\/kauppa\/bullpadel-ionic-light-26-woman\/#breadcrumb\",\"itemListElement\":[{\"@type\":\"ListItem\",\"position\":1,\"name\":\"Avaleht\",\"item\":\"https:\/\/padelhaus.fi\/\"},{\"@type\":\"ListItem\",\"position\":2,\"name\":\"Kauppa\",\"item\":\"https:\/\/padelhaus.fi\/kauppa\/\"},{\"@type\":\"ListItem\",\"position\":3,\"name\":\"Bullpadel Ionic Light 2026 Woman\"}]},{\"@type\":\"WebSite\",\"@id\":\"https:\/\/padelhaus.mustlammas-dev.in\/fi\/#website\",\"url\":\"https:\/\/padelhaus.mustlammas-dev.in\/fi\/\",\"name\":\"Claude Padelhaus\",\"description\":\"Sinu padelivarustuse kodu\",\"publisher\":{\"@id\":\"https:\/\/padelhaus.mustlammas-dev.in\/fi\/#organization\"},\"potentialAction\":[{\"@type\":\"SearchAction\",\"target\":{\"@type\":\"EntryPoint\",\"urlTemplate\":\"https:\/\/padelhaus.mustlammas-dev.in\/fi\/?s={search_term_string}\"},\"query-input\":{\"@type\":\"PropertyValueSpecification\",\"valueRequired\":true,\"valueName\":\"search_term_string\"}}],\"inLanguage\":\"fi\"},{\"@type\":\"Organization\",\"@id\":\"https:\/\/padelhaus.mustlammas-dev.in\/fi\/#organization\",\"name\":\"Claude Padelhaus\",\"url\":\"https:\/\/padelhaus.mustlammas-dev.in\/fi\/\",\"logo\":{\"@type\":\"ImageObject\",\"inLanguage\":\"fi\",\"@id\":\"https:\/\/padelhaus.mustlammas-dev.in\/fi\/#\/schema\/logo\/image\/\",\"url\":\"https:\/\/padelhaus.mustlammas-dev.in\/wp-content\/uploads\/2025\/05\/Logo-1.png\",\"contentUrl\":\"https:\/\/padelhaus.mustlammas-dev.in\/wp-content\/uploads\/2025\/05\/Logo-1.png\",\"width\":280,\"height\":115,\"caption\":\"Claude Padelhaus\"},\"image\":{\"@id\":\"https:\/\/padelhaus.mustlammas-dev.in\/fi\/#\/schema\/logo\/image\/\"}}]}<\/script>\n<meta property=\"product:price:amount\" content=\"134.95\" \/>\n<meta property=\"product:price:currency\" content=\"EUR\" \/>\n<meta property=\"og:availability\" content=\"backorder\" \/>\n<meta property=\"product:availability\" content=\"available for order\" \/>\n<meta property=\"product:retailer_item_id\" content=\"BUL-R-43\" \/>\n<meta property=\"product:condition\" content=\"new\" \/>\n<!-- \/ Yoast SEO Premium plugin. -->","yoast_head_json":{"title":"Bullpadel Ionic Light 2026 Woman | Test Padelhaus","description":"Padelmailat ja padelvarusteet edullisesti. Padelhaus on padel verkkokauppa, josta l\u00f6yd\u00e4t parhaat padelmailat kaikille tasoille.","robots":{"index":"noindex","follow":"follow","max-snippet":"max-snippet:-1","max-image-preview":"max-image-preview:large","max-video-preview":"max-video-preview:-1"},"og_locale":"fi_FI","og_type":"article","og_title":"Bullpadel Ionic Light 2026 Woman","og_description":"Padelmailat ja padelvarusteet edullisesti. Padelhaus on padel verkkokauppa, josta l\u00f6yd\u00e4t parhaat padelmailat kaikille tasoille.","og_url":"https:\/\/padelhaus.mustlammas-dev.in\/fi\/kauppa\/bullpadel-ionic-light-26-woman\/","og_site_name":"Test Padelhaus","article_modified_time":"2026-03-10T00:05:34+00:00","og_image":[{"width":1000,"height":1000,"url":"https:\/\/padelhaus.lv\/wp-content\/uploads\/2025\/12\/BULLPADEL-IONIC-LIGHT-26-WOMAN-BEEZ.webp","type":"image\/webp"}],"twitter_card":"summary_large_image","twitter_misc":{"Hinta":"134,95&nbsp;&euro;","Saatavuus":"J\u00e4lkitoimituksessa"},"schema":{"@context":"https:\/\/schema.org","@graph":[{"@type":["WebPage","ItemPage"],"@id":"https:\/\/padelhaus.mustlammas-dev.in\/fi\/kauppa\/bullpadel-ionic-light-26-woman\/","url":"https:\/\/padelhaus.mustlammas-dev.in\/fi\/kauppa\/bullpadel-ionic-light-26-woman\/","name":"Bullpadel Ionic Light 2026 Woman | Test Padelhaus","isPartOf":{"@id":"https:\/\/padelhaus.mustlammas-dev.in\/fi\/#website"},"primaryImageOfPage":{"@id":"https:\/\/padelhaus.mustlammas-dev.in\/fi\/kauppa\/bullpadel-ionic-light-26-woman\/#primaryimage"},"image":{"@id":"https:\/\/padelhaus.mustlammas-dev.in\/fi\/kauppa\/bullpadel-ionic-light-26-woman\/#primaryimage"},"thumbnailUrl":"https:\/\/padelhaus.mustlammas-dev.in\/wp-content\/uploads\/2025\/12\/BULLPADEL-IONIC-LIGHT-26-WOMAN-BEEZ.webp","datePublished":"2025-12-05T03:43:38+00:00","dateModified":"2026-03-10T00:05:34+00:00","description":"Padelmailat ja padelvarusteet edullisesti. Padelhaus on padel verkkokauppa, josta l\u00f6yd\u00e4t parhaat padelmailat kaikille tasoille.","breadcrumb":{"@id":"https:\/\/padelhaus.mustlammas-dev.in\/fi\/kauppa\/bullpadel-ionic-light-26-woman\/#breadcrumb"},"inLanguage":"fi","potentialAction":[{"@type":"ReadAction","target":["https:\/\/padelhaus.mustlammas-dev.in\/fi\/kauppa\/bullpadel-ionic-light-26-woman\/"]}]},{"@type":"ImageObject","inLanguage":"fi","@id":"https:\/\/padelhaus.mustlammas-dev.in\/fi\/kauppa\/bullpadel-ionic-light-26-woman\/#primaryimage","url":"https:\/\/padelhaus.mustlammas-dev.in\/wp-content\/uploads\/2025\/12\/BULLPADEL-IONIC-LIGHT-26-WOMAN-BEEZ.webp","contentUrl":"https:\/\/padelhaus.mustlammas-dev.in\/wp-content\/uploads\/2025\/12\/BULLPADEL-IONIC-LIGHT-26-WOMAN-BEEZ.webp","width":1000,"height":1000},{"@type":"BreadcrumbList","@id":"https:\/\/padelhaus.mustlammas-dev.in\/fi\/kauppa\/bullpadel-ionic-light-26-woman\/#breadcrumb","itemListElement":[{"@type":"ListItem","position":1,"name":"Avaleht","item":"https:\/\/padelhaus.fi\/"},{"@type":"ListItem","position":2,"name":"Kauppa","item":"https:\/\/padelhaus.fi\/kauppa\/"},{"@type":"ListItem","position":3,"name":"Bullpadel Ionic Light 2026 Woman"}]},{"@type":"WebSite","@id":"https:\/\/padelhaus.mustlammas-dev.in\/fi\/#website","url":"https:\/\/padelhaus.mustlammas-dev.in\/fi\/","name":"Claude Padelhaus","description":"Sinu padelivarustuse kodu","publisher":{"@id":"https:\/\/padelhaus.mustlammas-dev.in\/fi\/#organization"},"potentialAction":[{"@type":"SearchAction","target":{"@type":"EntryPoint","urlTemplate":"https:\/\/padelhaus.mustlammas-dev.in\/fi\/?s={search_term_string}"},"query-input":{"@type":"PropertyValueSpecification","valueRequired":true,"valueName":"search_term_string"}}],"inLanguage":"fi"},{"@type":"Organization","@id":"https:\/\/padelhaus.mustlammas-dev.in\/fi\/#organization","name":"Claude Padelhaus","url":"https:\/\/padelhaus.mustlammas-dev.in\/fi\/","logo":{"@type":"ImageObject","inLanguage":"fi","@id":"https:\/\/padelhaus.mustlammas-dev.in\/fi\/#\/schema\/logo\/image\/","url":"https:\/\/padelhaus.mustlammas-dev.in\/wp-content\/uploads\/2025\/05\/Logo-1.png","contentUrl":"https:\/\/padelhaus.mustlammas-dev.in\/wp-content\/uploads\/2025\/05\/Logo-1.png","width":280,"height":115,"caption":"Claude Padelhaus"},"image":{"@id":"https:\/\/padelhaus.mustlammas-dev.in\/fi\/#\/schema\/logo\/image\/"}}]},"product_price_amount":"134.95","product_price_currency":"EUR","og_availability":"backorder","product_availability":"available for order","product_retailer_item_id":"BUL-R-43","product_condition":"new"},"_links":{"self":[{"href":"https:\/\/padelhaus.mustlammas-dev.in\/fi\/wp-json\/wp\/v2\/product\/72326","targetHints":{"allow":["GET"]}}],"collection":[{"href":"https:\/\/padelhaus.mustlammas-dev.in\/fi\/wp-json\/wp\/v2\/product"}],"about":[{"href":"https:\/\/padelhaus.mustlammas-dev.in\/fi\/wp-json\/wp\/v2\/types\/product"}],"replies":[{"embeddable":true,"href":"https:\/\/padelhaus.mustlammas-dev.in\/fi\/wp-json\/wp\/v2\/comments?post=72326"}],"wp:featuredmedia":[{"embeddable":true,"href":"https:\/\/padelhaus.mustlammas-dev.in\/fi\/wp-json\/wp\/v2\/media\/72332"}],"wp:attachment":[{"href":"https:\/\/padelhaus.mustlammas-dev.in\/fi\/wp-json\/wp\/v2\/media?parent=72326"}],"wp:term":[{"taxonomy":"product_brand","embeddable":true,"href":"https:\/\/padelhaus.mustlammas-dev.in\/fi\/wp-json\/wp\/v2\/product_brand?post=72326"},{"taxonomy":"product_cat","embeddable":true,"href":"https:\/\/padelhaus.mustlammas-dev.in\/fi\/wp-json\/wp\/v2\/product_cat?post=72326"},{"taxonomy":"product_tag","embeddable":true,"href":"https:\/\/padelhaus.mustlammas-dev.in\/fi\/wp-json\/wp\/v2\/product_tag?post=72326"}],"curies":[{"name":"wp","href":"https:\/\/api.w.org\/{rel}","templated":true}]}}