{"id":72349,"date":"2025-12-11T14:42:53","date_gmt":"2025-12-11T12:42:53","guid":{"rendered":"https:\/\/padelhaus.mustlammas-dev.in\/pood\/adidas-arrow-hit-carbon-ctrl-2026\/"},"modified":"2026-03-05T17:57:19","modified_gmt":"2026-03-05T15:57:19","slug":"adidas-arrow-hit-carbon-ctrl-2026","status":"publish","type":"product","link":"https:\/\/padelhaus.mustlammas-dev.in\/fi\/kauppa\/adidas-arrow-hit-carbon-ctrl-2026\/","title":{"rendered":"Adidas Arrow Hit Carbon CTRL 2026"},"content":{"rendered":"<p data-start=\"0\" data-end=\"559\"><strong>Adidas Arrow Hit Carbon Ctrl 2026<\/strong> on suunniteltu pelaajille, jotka etsiv\u00e4t maksimaalista suorituskyky\u00e4 kent\u00e4ll\u00e4. Sen py\u00f6re\u00e4 muoto ja keskelle sijoitettu sweet spot takaavat erinomaisen hallinnan jokaisessa ly\u00f6nniss\u00e4, kun taas hiilikuiturakenne tarjoaa vakaata ja varmaa voimaa. Kyseess\u00e4 on maila ammattilaistason pelaajille, joiden hy\u00f6kk\u00e4\u00e4v\u00e4 peli vaatii tarkkuutta, tasapainoa ja v\u00e4lit\u00f6nt\u00e4 reagointia. Kevyt, kest\u00e4v\u00e4 ja poikkeuksellinen ly\u00f6ntituntuma \u2013 ammattimaista suorituskyky\u00e4, t\u00e4ydellist\u00e4 tasapainoa ja maksimaalista reagointikyky\u00e4.   <\/p>\n<p data-start=\"561\" data-end=\"992\" data-is-last-node=\"\" data-is-only-node=\"\">3K-hiilikuiturakenne antaa mailalle erinomaisen j\u00e4ykkyyden, mik\u00e4 n\u00e4kyy suurempana voimana ja vakautena. Keskitasapaino edist\u00e4\u00e4 monipuolisuutta niin puolustuksessa kuin hy\u00f6kk\u00e4yksess\u00e4, kun taas Extra Power Grip pident\u00e4\u00e4 kahva-aluetta lis\u00e4ten ly\u00f6nteihin hitausmomenttia ja pallon kierteisyytt\u00e4. ASC-teknologia vahvistaa ly\u00f6ntipinnan kriittisi\u00e4 alueita parantaen j\u00e4ykkyytt\u00e4 ja tarkkuutta vaativimmissakin palloralleissa.  <\/p>\n","protected":false},"excerpt":{"rendered":"<p>Adidas Arrow Hit Carbon Ctrl 2026 on suunniteltu pelaajille, jotka etsiv\u00e4t maksimaalista suorituskyky\u00e4 kent\u00e4ll\u00e4. Sen py\u00f6re\u00e4 muoto ja keskelle sijoitettu sweet spot takaavat erinomaisen hallinnan jokaisessa ly\u00f6nniss\u00e4, kun taas hiilikuiturakenne tarjoaa vakaata ja varmaa voimaa. Kyseess\u00e4 on maila ammattilaistason pelaajille, joiden hy\u00f6kk\u00e4\u00e4v\u00e4 peli vaatii tarkkuutta, tasapainoa ja v\u00e4lit\u00f6nt\u00e4 reagointia. Kevyt, kest\u00e4v\u00e4 ja poikkeuksellinen ly\u00f6ntituntuma \u2013 [&hellip;]<\/p>\n","protected":false},"featured_media":72359,"comment_status":"open","ping_status":"closed","template":"","meta":{"_eb_attr":""},"product_brand":[523],"product_cat":[524,496,494],"product_tag":[],"class_list":{"0":"post-72349","1":"product","2":"type-product","3":"status-publish","4":"has-post-thumbnail","6":"product_brand-adidas","7":"product_cat-adidas","8":"product_cat-edistynyt","9":"product_cat-padelmailat","10":"pa_kaal-355g","11":"pa_kuju-pyorea","12":"pa_mangustiil-kontrolli","13":"pa_tasakaal-keskella","14":"pa_tase-edistynyt","15":"pa_varv-musta","16":"pa_varv-oranssi","19":"first","20":"instock","21":"sale","22":"taxable","23":"shipping-taxable","24":"purchasable","25":"product-type-simple"},"yoast_head":"<!-- This site is optimized with the Yoast SEO Premium plugin v27.1 (Yoast SEO v27.1.1) - https:\/\/yoast.com\/product\/yoast-seo-premium-wordpress\/ -->\n<title>Adidas Arrow Hit Carbon CTRL 2026 | Test Padelhaus<\/title>\n<meta name=\"description\" content=\"Padelmailat ja padelvarusteet edullisesti. Padelhaus on padel verkkokauppa, josta l\u00f6yd\u00e4t parhaat padelmailat kaikille tasoille.\" \/>\n<meta name=\"robots\" content=\"noindex, follow, max-snippet:-1, max-image-preview:large, max-video-preview:-1\" \/>\n<meta property=\"og:locale\" content=\"fi_FI\" \/>\n<meta property=\"og:type\" content=\"article\" \/>\n<meta property=\"og:title\" content=\"Adidas Arrow Hit Carbon CTRL 2026\" \/>\n<meta property=\"og:description\" content=\"Padelmailat ja padelvarusteet edullisesti. Padelhaus on padel verkkokauppa, josta l\u00f6yd\u00e4t parhaat padelmailat kaikille tasoille.\" \/>\n<meta property=\"og:url\" content=\"https:\/\/padelhaus.mustlammas-dev.in\/fi\/kauppa\/adidas-arrow-hit-carbon-ctrl-2026\/\" \/>\n<meta property=\"og:site_name\" content=\"Test Padelhaus\" \/>\n<meta property=\"article:modified_time\" content=\"2026-03-05T15:57:19+00:00\" \/>\n<meta property=\"og:image\" content=\"https:\/\/padelhaus.lv\/wp-content\/uploads\/2025\/12\/Adidas-Arrow-Hit-Carbon-Ctrl-2026.webp\" \/>\n\t<meta property=\"og:image:width\" content=\"1000\" \/>\n\t<meta property=\"og:image:height\" content=\"1000\" \/>\n\t<meta property=\"og:image:type\" content=\"image\/webp\" \/>\n<meta name=\"twitter:card\" content=\"summary_large_image\" \/>\n<meta name=\"twitter:label1\" content=\"Hinta\" \/>\n\t<meta name=\"twitter:data1\" content=\"219,95&nbsp;&euro;\" \/>\n\t<meta name=\"twitter:label2\" content=\"Saatavuus\" \/>\n\t<meta name=\"twitter:data2\" content=\"Varastossa\" \/>\n<script type=\"application\/ld+json\" class=\"yoast-schema-graph\">{\"@context\":\"https:\/\/schema.org\",\"@graph\":[{\"@type\":[\"WebPage\",\"ItemPage\"],\"@id\":\"https:\/\/padelhaus.mustlammas-dev.in\/fi\/kauppa\/adidas-arrow-hit-carbon-ctrl-2026\/\",\"url\":\"https:\/\/padelhaus.mustlammas-dev.in\/fi\/kauppa\/adidas-arrow-hit-carbon-ctrl-2026\/\",\"name\":\"Adidas Arrow Hit Carbon CTRL 2026 | Test Padelhaus\",\"isPartOf\":{\"@id\":\"https:\/\/padelhaus.mustlammas-dev.in\/fi\/#website\"},\"primaryImageOfPage\":{\"@id\":\"https:\/\/padelhaus.mustlammas-dev.in\/fi\/kauppa\/adidas-arrow-hit-carbon-ctrl-2026\/#primaryimage\"},\"image\":{\"@id\":\"https:\/\/padelhaus.mustlammas-dev.in\/fi\/kauppa\/adidas-arrow-hit-carbon-ctrl-2026\/#primaryimage\"},\"thumbnailUrl\":\"https:\/\/padelhaus.mustlammas-dev.in\/wp-content\/uploads\/2025\/12\/Adidas-Arrow-Hit-Carbon-Ctrl-2026.webp\",\"datePublished\":\"2025-12-11T12:42:53+00:00\",\"dateModified\":\"2026-03-05T15:57:19+00:00\",\"description\":\"Padelmailat ja padelvarusteet edullisesti. Padelhaus on padel verkkokauppa, josta l\u00f6yd\u00e4t parhaat padelmailat kaikille tasoille.\",\"breadcrumb\":{\"@id\":\"https:\/\/padelhaus.mustlammas-dev.in\/fi\/kauppa\/adidas-arrow-hit-carbon-ctrl-2026\/#breadcrumb\"},\"inLanguage\":\"fi\",\"potentialAction\":[{\"@type\":\"ReadAction\",\"target\":[\"https:\/\/padelhaus.mustlammas-dev.in\/fi\/kauppa\/adidas-arrow-hit-carbon-ctrl-2026\/\"]}]},{\"@type\":\"ImageObject\",\"inLanguage\":\"fi\",\"@id\":\"https:\/\/padelhaus.mustlammas-dev.in\/fi\/kauppa\/adidas-arrow-hit-carbon-ctrl-2026\/#primaryimage\",\"url\":\"https:\/\/padelhaus.mustlammas-dev.in\/wp-content\/uploads\/2025\/12\/Adidas-Arrow-Hit-Carbon-Ctrl-2026.webp\",\"contentUrl\":\"https:\/\/padelhaus.mustlammas-dev.in\/wp-content\/uploads\/2025\/12\/Adidas-Arrow-Hit-Carbon-Ctrl-2026.webp\",\"width\":1000,\"height\":1000,\"caption\":\"Adidas Arrow Hit Carbon Ctrl 2026\"},{\"@type\":\"BreadcrumbList\",\"@id\":\"https:\/\/padelhaus.mustlammas-dev.in\/fi\/kauppa\/adidas-arrow-hit-carbon-ctrl-2026\/#breadcrumb\",\"itemListElement\":[{\"@type\":\"ListItem\",\"position\":1,\"name\":\"Avaleht\",\"item\":\"https:\/\/padelhaus.fi\/\"},{\"@type\":\"ListItem\",\"position\":2,\"name\":\"Kauppa\",\"item\":\"https:\/\/padelhaus.fi\/kauppa\/\"},{\"@type\":\"ListItem\",\"position\":3,\"name\":\"Adidas Arrow Hit Carbon CTRL 2026\"}]},{\"@type\":\"WebSite\",\"@id\":\"https:\/\/padelhaus.mustlammas-dev.in\/fi\/#website\",\"url\":\"https:\/\/padelhaus.mustlammas-dev.in\/fi\/\",\"name\":\"Claude Padelhaus\",\"description\":\"Sinu padelivarustuse kodu\",\"publisher\":{\"@id\":\"https:\/\/padelhaus.mustlammas-dev.in\/fi\/#organization\"},\"potentialAction\":[{\"@type\":\"SearchAction\",\"target\":{\"@type\":\"EntryPoint\",\"urlTemplate\":\"https:\/\/padelhaus.mustlammas-dev.in\/fi\/?s={search_term_string}\"},\"query-input\":{\"@type\":\"PropertyValueSpecification\",\"valueRequired\":true,\"valueName\":\"search_term_string\"}}],\"inLanguage\":\"fi\"},{\"@type\":\"Organization\",\"@id\":\"https:\/\/padelhaus.mustlammas-dev.in\/fi\/#organization\",\"name\":\"Claude Padelhaus\",\"url\":\"https:\/\/padelhaus.mustlammas-dev.in\/fi\/\",\"logo\":{\"@type\":\"ImageObject\",\"inLanguage\":\"fi\",\"@id\":\"https:\/\/padelhaus.mustlammas-dev.in\/fi\/#\/schema\/logo\/image\/\",\"url\":\"https:\/\/padelhaus.mustlammas-dev.in\/wp-content\/uploads\/2025\/05\/Logo-1.png\",\"contentUrl\":\"https:\/\/padelhaus.mustlammas-dev.in\/wp-content\/uploads\/2025\/05\/Logo-1.png\",\"width\":280,\"height\":115,\"caption\":\"Claude Padelhaus\"},\"image\":{\"@id\":\"https:\/\/padelhaus.mustlammas-dev.in\/fi\/#\/schema\/logo\/image\/\"}}]}<\/script>\n<meta property=\"product:price:amount\" content=\"219.95\" \/>\n<meta property=\"product:price:currency\" content=\"EUR\" \/>\n<meta property=\"og:availability\" content=\"instock\" \/>\n<meta property=\"product:availability\" content=\"instock\" \/>\n<meta property=\"product:retailer_item_id\" content=\"ADI-R-40\" \/>\n<meta property=\"product:condition\" content=\"new\" \/>\n<!-- \/ Yoast SEO Premium plugin. -->","yoast_head_json":{"title":"Adidas Arrow Hit Carbon CTRL 2026 | Test Padelhaus","description":"Padelmailat ja padelvarusteet edullisesti. Padelhaus on padel verkkokauppa, josta l\u00f6yd\u00e4t parhaat padelmailat kaikille tasoille.","robots":{"index":"noindex","follow":"follow","max-snippet":"max-snippet:-1","max-image-preview":"max-image-preview:large","max-video-preview":"max-video-preview:-1"},"og_locale":"fi_FI","og_type":"article","og_title":"Adidas Arrow Hit Carbon CTRL 2026","og_description":"Padelmailat ja padelvarusteet edullisesti. Padelhaus on padel verkkokauppa, josta l\u00f6yd\u00e4t parhaat padelmailat kaikille tasoille.","og_url":"https:\/\/padelhaus.mustlammas-dev.in\/fi\/kauppa\/adidas-arrow-hit-carbon-ctrl-2026\/","og_site_name":"Test Padelhaus","article_modified_time":"2026-03-05T15:57:19+00:00","og_image":[{"width":1000,"height":1000,"url":"https:\/\/padelhaus.lv\/wp-content\/uploads\/2025\/12\/Adidas-Arrow-Hit-Carbon-Ctrl-2026.webp","type":"image\/webp"}],"twitter_card":"summary_large_image","twitter_misc":{"Hinta":"219,95&nbsp;&euro;","Saatavuus":"Varastossa"},"schema":{"@context":"https:\/\/schema.org","@graph":[{"@type":["WebPage","ItemPage"],"@id":"https:\/\/padelhaus.mustlammas-dev.in\/fi\/kauppa\/adidas-arrow-hit-carbon-ctrl-2026\/","url":"https:\/\/padelhaus.mustlammas-dev.in\/fi\/kauppa\/adidas-arrow-hit-carbon-ctrl-2026\/","name":"Adidas Arrow Hit Carbon CTRL 2026 | Test Padelhaus","isPartOf":{"@id":"https:\/\/padelhaus.mustlammas-dev.in\/fi\/#website"},"primaryImageOfPage":{"@id":"https:\/\/padelhaus.mustlammas-dev.in\/fi\/kauppa\/adidas-arrow-hit-carbon-ctrl-2026\/#primaryimage"},"image":{"@id":"https:\/\/padelhaus.mustlammas-dev.in\/fi\/kauppa\/adidas-arrow-hit-carbon-ctrl-2026\/#primaryimage"},"thumbnailUrl":"https:\/\/padelhaus.mustlammas-dev.in\/wp-content\/uploads\/2025\/12\/Adidas-Arrow-Hit-Carbon-Ctrl-2026.webp","datePublished":"2025-12-11T12:42:53+00:00","dateModified":"2026-03-05T15:57:19+00:00","description":"Padelmailat ja padelvarusteet edullisesti. Padelhaus on padel verkkokauppa, josta l\u00f6yd\u00e4t parhaat padelmailat kaikille tasoille.","breadcrumb":{"@id":"https:\/\/padelhaus.mustlammas-dev.in\/fi\/kauppa\/adidas-arrow-hit-carbon-ctrl-2026\/#breadcrumb"},"inLanguage":"fi","potentialAction":[{"@type":"ReadAction","target":["https:\/\/padelhaus.mustlammas-dev.in\/fi\/kauppa\/adidas-arrow-hit-carbon-ctrl-2026\/"]}]},{"@type":"ImageObject","inLanguage":"fi","@id":"https:\/\/padelhaus.mustlammas-dev.in\/fi\/kauppa\/adidas-arrow-hit-carbon-ctrl-2026\/#primaryimage","url":"https:\/\/padelhaus.mustlammas-dev.in\/wp-content\/uploads\/2025\/12\/Adidas-Arrow-Hit-Carbon-Ctrl-2026.webp","contentUrl":"https:\/\/padelhaus.mustlammas-dev.in\/wp-content\/uploads\/2025\/12\/Adidas-Arrow-Hit-Carbon-Ctrl-2026.webp","width":1000,"height":1000,"caption":"Adidas Arrow Hit Carbon Ctrl 2026"},{"@type":"BreadcrumbList","@id":"https:\/\/padelhaus.mustlammas-dev.in\/fi\/kauppa\/adidas-arrow-hit-carbon-ctrl-2026\/#breadcrumb","itemListElement":[{"@type":"ListItem","position":1,"name":"Avaleht","item":"https:\/\/padelhaus.fi\/"},{"@type":"ListItem","position":2,"name":"Kauppa","item":"https:\/\/padelhaus.fi\/kauppa\/"},{"@type":"ListItem","position":3,"name":"Adidas Arrow Hit Carbon CTRL 2026"}]},{"@type":"WebSite","@id":"https:\/\/padelhaus.mustlammas-dev.in\/fi\/#website","url":"https:\/\/padelhaus.mustlammas-dev.in\/fi\/","name":"Claude Padelhaus","description":"Sinu padelivarustuse kodu","publisher":{"@id":"https:\/\/padelhaus.mustlammas-dev.in\/fi\/#organization"},"potentialAction":[{"@type":"SearchAction","target":{"@type":"EntryPoint","urlTemplate":"https:\/\/padelhaus.mustlammas-dev.in\/fi\/?s={search_term_string}"},"query-input":{"@type":"PropertyValueSpecification","valueRequired":true,"valueName":"search_term_string"}}],"inLanguage":"fi"},{"@type":"Organization","@id":"https:\/\/padelhaus.mustlammas-dev.in\/fi\/#organization","name":"Claude Padelhaus","url":"https:\/\/padelhaus.mustlammas-dev.in\/fi\/","logo":{"@type":"ImageObject","inLanguage":"fi","@id":"https:\/\/padelhaus.mustlammas-dev.in\/fi\/#\/schema\/logo\/image\/","url":"https:\/\/padelhaus.mustlammas-dev.in\/wp-content\/uploads\/2025\/05\/Logo-1.png","contentUrl":"https:\/\/padelhaus.mustlammas-dev.in\/wp-content\/uploads\/2025\/05\/Logo-1.png","width":280,"height":115,"caption":"Claude Padelhaus"},"image":{"@id":"https:\/\/padelhaus.mustlammas-dev.in\/fi\/#\/schema\/logo\/image\/"}}]},"product_price_amount":"219.95","product_price_currency":"EUR","og_availability":"instock","product_availability":"instock","product_retailer_item_id":"ADI-R-40","product_condition":"new"},"_links":{"self":[{"href":"https:\/\/padelhaus.mustlammas-dev.in\/fi\/wp-json\/wp\/v2\/product\/72349","targetHints":{"allow":["GET"]}}],"collection":[{"href":"https:\/\/padelhaus.mustlammas-dev.in\/fi\/wp-json\/wp\/v2\/product"}],"about":[{"href":"https:\/\/padelhaus.mustlammas-dev.in\/fi\/wp-json\/wp\/v2\/types\/product"}],"replies":[{"embeddable":true,"href":"https:\/\/padelhaus.mustlammas-dev.in\/fi\/wp-json\/wp\/v2\/comments?post=72349"}],"wp:featuredmedia":[{"embeddable":true,"href":"https:\/\/padelhaus.mustlammas-dev.in\/fi\/wp-json\/wp\/v2\/media\/72359"}],"wp:attachment":[{"href":"https:\/\/padelhaus.mustlammas-dev.in\/fi\/wp-json\/wp\/v2\/media?parent=72349"}],"wp:term":[{"taxonomy":"product_brand","embeddable":true,"href":"https:\/\/padelhaus.mustlammas-dev.in\/fi\/wp-json\/wp\/v2\/product_brand?post=72349"},{"taxonomy":"product_cat","embeddable":true,"href":"https:\/\/padelhaus.mustlammas-dev.in\/fi\/wp-json\/wp\/v2\/product_cat?post=72349"},{"taxonomy":"product_tag","embeddable":true,"href":"https:\/\/padelhaus.mustlammas-dev.in\/fi\/wp-json\/wp\/v2\/product_tag?post=72349"}],"curies":[{"name":"wp","href":"https:\/\/api.w.org\/{rel}","templated":true}]}}