{"id":72368,"date":"2025-12-29T14:55:24","date_gmt":"2025-12-29T12:55:24","guid":{"rendered":"https:\/\/padelhaus.mustlammas-dev.in\/pood\/siux-electra-pro-shadow-red-2026\/"},"modified":"2026-03-05T17:57:13","modified_gmt":"2026-03-05T15:57:13","slug":"siux-electra-pro-shadow-red-2026","status":"publish","type":"product","link":"https:\/\/padelhaus.mustlammas-dev.in\/fi\/kauppa\/siux-electra-pro-shadow-red-2026\/","title":{"rendered":"SIUX ELECTRA PRO SHADOW RED 2026"},"content":{"rendered":"<p data-start=\"0\" data-end=\"344\"><strong>Siux Electra Pro Shadow Red 2026<\/strong> on suunniteltu tarjoamaan huipputason monipuolista suorituskyky\u00e4. Sen pisaranmuotoinen muotoilu ja keskitason tasapaino mahdollistavat t\u00e4ydellisen yhdistelm\u00e4n hallittua voimaa ja tarkkuutta, mukautuen sujuvasti kaikkiin pelitilanteisiin kent\u00e4ll\u00e4. Kyseess\u00e4 on <strong>Franco Stupaczukin<\/strong> virallinen maila vuodelle 2026.   <\/p>\n<p data-start=\"346\" data-end=\"932\">Painollaan <strong>355\u2013375 g<\/strong> maila tarjoaa suurta vakautta ja varmuutta jokaiseen ly\u00f6ntiin, s\u00e4ilytt\u00e4en samalla eritt\u00e4in hyv\u00e4n man\u00f6\u00f6verattavuuden. Sen kova ly\u00f6ntituntuma maksimoi vasteen ja voiman, ollen ihanteellinen pelaajille, jotka suosivat j\u00e4m\u00e4k\u00f6it\u00e4 ja ratkaisevia osumia. 12K-hiilikuitupinnat vahvistavat rakennetta ja takaavat r\u00e4j\u00e4hdysm\u00e4isen pallon l\u00e4hd\u00f6n, kun taas EVA-kumiydin tarjoaa reagoivan, tarkan ja tasaisen ly\u00f6ntituntuman. Matta hiekkaviimeistely parantaa ulkon\u00e4\u00f6n lis\u00e4ksi my\u00f6s pallon pitoa kierrely\u00f6nneiss\u00e4, antaen t\u00e4yden hallinnan jokaisessa pisteess\u00e4.   <\/p>\n<h5 data-start=\"934\" data-end=\"1315\">Electra Pro Shadow Red 2026 \u2013 ammattilaisille<\/h5>\n<p data-start=\"934\" data-end=\"1315\">T\u00e4m\u00e4 pisaranmuotoinen Siuxin vuoden 2026 maila on suunniteltu ammattilaisille ja edistyneille pelaajille, jotka haluavat dominoida niin puolustuksessa kuin hy\u00f6kk\u00e4yksess\u00e4. Tasapainoinen muotoilu tekee siit\u00e4 ihanteellisen valinnan monipuolisuutta etsiville, tarjoten korkeaa teknist\u00e4 suorituskyky\u00e4 ja varman vasteen kaikissa tilanteissa.  <\/p>\n<p data-start=\"1317\" data-end=\"1648\" data-is-last-node=\"\" data-is-only-node=\"\">J\u00e4yk\u00e4n ly\u00f6ntituntuman ja hiilikuiturakenteen ansiosta t\u00e4m\u00e4 maila mahdollistaa maksimaalisen voiman saavuttamisen hallintaa menett\u00e4m\u00e4tt\u00e4, ollen korvaamaton apu korkeimmalla tasolla kilpaileville pelaajille. Sen paino ja tasapaino auttavat s\u00e4ilytt\u00e4m\u00e4\u00e4n erinomaisen man\u00f6\u00f6verattavuuden my\u00f6s nopeissa palloralleissa tai takalinjan ly\u00f6nneiss\u00e4. <\/p>\n","protected":false},"excerpt":{"rendered":"<p>Siux Electra Pro Shadow Red 2026 on suunniteltu tarjoamaan huipputason monipuolista suorituskyky\u00e4. Sen pisaranmuotoinen muotoilu ja keskitason tasapaino mahdollistavat t\u00e4ydellisen yhdistelm\u00e4n hallittua voimaa ja tarkkuutta, mukautuen sujuvasti kaikkiin pelitilanteisiin kent\u00e4ll\u00e4. Kyseess\u00e4 on Franco Stupaczukin virallinen maila vuodelle 2026. Painollaan 355\u2013375 g maila tarjoaa suurta vakautta ja varmuutta jokaiseen ly\u00f6ntiin, s\u00e4ilytt\u00e4en samalla eritt\u00e4in hyv\u00e4n man\u00f6\u00f6verattavuuden. Sen [&hellip;]<\/p>\n","protected":false},"featured_media":72369,"comment_status":"open","ping_status":"closed","template":"","meta":{"_eb_attr":""},"product_brand":[527],"product_cat":[496,494,528],"product_tag":[],"class_list":{"0":"post-72368","1":"product","2":"type-product","3":"status-publish","4":"has-post-thumbnail","6":"product_brand-siux","7":"product_cat-edistynyt","8":"product_cat-padelmailat","9":"product_cat-siux","10":"pa_kaal-365g","11":"pa_kuju-pisaranmuotoinen","12":"pa_mangustiil-hybridi","13":"pa_tasakaal-keskella","14":"pa_tase-edistynyt","15":"pa_varv-musta","16":"pa_varv-punainen","19":"first","20":"instock","21":"sale","22":"featured","23":"taxable","24":"shipping-taxable","25":"purchasable","26":"product-type-simple"},"yoast_head":"<!-- This site is optimized with the Yoast SEO Premium plugin v27.1 (Yoast SEO v27.1.1) - https:\/\/yoast.com\/product\/yoast-seo-premium-wordpress\/ -->\n<title>SIUX ELECTRA PRO SHADOW RED 2026 | Test Padelhaus<\/title>\n<meta name=\"description\" content=\"Padelmailat ja padelvarusteet edullisesti. Padelhaus on padel verkkokauppa, josta l\u00f6yd\u00e4t parhaat padelmailat kaikille tasoille.\" \/>\n<meta name=\"robots\" content=\"noindex, follow, max-snippet:-1, max-image-preview:large, max-video-preview:-1\" \/>\n<meta property=\"og:locale\" content=\"fi_FI\" \/>\n<meta property=\"og:type\" content=\"article\" \/>\n<meta property=\"og:title\" content=\"SIUX ELECTRA PRO SHADOW RED 2026\" \/>\n<meta property=\"og:description\" content=\"Padelmailat ja padelvarusteet edullisesti. Padelhaus on padel verkkokauppa, josta l\u00f6yd\u00e4t parhaat padelmailat kaikille tasoille.\" \/>\n<meta property=\"og:url\" content=\"https:\/\/padelhaus.mustlammas-dev.in\/fi\/kauppa\/siux-electra-pro-shadow-red-2026\/\" \/>\n<meta property=\"og:site_name\" content=\"Test Padelhaus\" \/>\n<meta property=\"article:modified_time\" content=\"2026-03-05T15:57:13+00:00\" \/>\n<meta property=\"og:image\" content=\"https:\/\/padelhaus.lv\/wp-content\/uploads\/2025\/12\/SIUX-ELECTRA-PRO-SHADOW-RED-2026-1.webp\" \/>\n\t<meta property=\"og:image:width\" content=\"1000\" \/>\n\t<meta property=\"og:image:height\" content=\"1000\" \/>\n\t<meta property=\"og:image:type\" content=\"image\/webp\" \/>\n<meta name=\"twitter:card\" content=\"summary_large_image\" \/>\n<meta name=\"twitter:label1\" content=\"Hinta\" \/>\n\t<meta name=\"twitter:data1\" content=\"249,95&nbsp;&euro;\" \/>\n\t<meta name=\"twitter:label2\" content=\"Saatavuus\" \/>\n\t<meta name=\"twitter:data2\" content=\"Varastossa\" \/>\n<script type=\"application\/ld+json\" class=\"yoast-schema-graph\">{\"@context\":\"https:\/\/schema.org\",\"@graph\":[{\"@type\":[\"WebPage\",\"ItemPage\"],\"@id\":\"https:\/\/padelhaus.mustlammas-dev.in\/fi\/kauppa\/siux-electra-pro-shadow-red-2026\/\",\"url\":\"https:\/\/padelhaus.mustlammas-dev.in\/fi\/kauppa\/siux-electra-pro-shadow-red-2026\/\",\"name\":\"SIUX ELECTRA PRO SHADOW RED 2026 | Test Padelhaus\",\"isPartOf\":{\"@id\":\"https:\/\/padelhaus.mustlammas-dev.in\/fi\/#website\"},\"primaryImageOfPage\":{\"@id\":\"https:\/\/padelhaus.mustlammas-dev.in\/fi\/kauppa\/siux-electra-pro-shadow-red-2026\/#primaryimage\"},\"image\":{\"@id\":\"https:\/\/padelhaus.mustlammas-dev.in\/fi\/kauppa\/siux-electra-pro-shadow-red-2026\/#primaryimage\"},\"thumbnailUrl\":\"https:\/\/padelhaus.mustlammas-dev.in\/wp-content\/uploads\/2025\/12\/SIUX-ELECTRA-PRO-SHADOW-RED-2026-1.webp\",\"datePublished\":\"2025-12-29T12:55:24+00:00\",\"dateModified\":\"2026-03-05T15:57:13+00:00\",\"description\":\"Padelmailat ja padelvarusteet edullisesti. Padelhaus on padel verkkokauppa, josta l\u00f6yd\u00e4t parhaat padelmailat kaikille tasoille.\",\"breadcrumb\":{\"@id\":\"https:\/\/padelhaus.mustlammas-dev.in\/fi\/kauppa\/siux-electra-pro-shadow-red-2026\/#breadcrumb\"},\"inLanguage\":\"fi\",\"potentialAction\":[{\"@type\":\"ReadAction\",\"target\":[\"https:\/\/padelhaus.mustlammas-dev.in\/fi\/kauppa\/siux-electra-pro-shadow-red-2026\/\"]}]},{\"@type\":\"ImageObject\",\"inLanguage\":\"fi\",\"@id\":\"https:\/\/padelhaus.mustlammas-dev.in\/fi\/kauppa\/siux-electra-pro-shadow-red-2026\/#primaryimage\",\"url\":\"https:\/\/padelhaus.mustlammas-dev.in\/wp-content\/uploads\/2025\/12\/SIUX-ELECTRA-PRO-SHADOW-RED-2026-1.webp\",\"contentUrl\":\"https:\/\/padelhaus.mustlammas-dev.in\/wp-content\/uploads\/2025\/12\/SIUX-ELECTRA-PRO-SHADOW-RED-2026-1.webp\",\"width\":1000,\"height\":1000,\"caption\":\"SIUX ELECTRA PRO SHADOW RED 2026\"},{\"@type\":\"BreadcrumbList\",\"@id\":\"https:\/\/padelhaus.mustlammas-dev.in\/fi\/kauppa\/siux-electra-pro-shadow-red-2026\/#breadcrumb\",\"itemListElement\":[{\"@type\":\"ListItem\",\"position\":1,\"name\":\"Avaleht\",\"item\":\"https:\/\/padelhaus.fi\/\"},{\"@type\":\"ListItem\",\"position\":2,\"name\":\"Kauppa\",\"item\":\"https:\/\/padelhaus.fi\/kauppa\/\"},{\"@type\":\"ListItem\",\"position\":3,\"name\":\"SIUX ELECTRA PRO SHADOW RED 2026\"}]},{\"@type\":\"WebSite\",\"@id\":\"https:\/\/padelhaus.mustlammas-dev.in\/fi\/#website\",\"url\":\"https:\/\/padelhaus.mustlammas-dev.in\/fi\/\",\"name\":\"Claude Padelhaus\",\"description\":\"Sinu padelivarustuse kodu\",\"publisher\":{\"@id\":\"https:\/\/padelhaus.mustlammas-dev.in\/fi\/#organization\"},\"potentialAction\":[{\"@type\":\"SearchAction\",\"target\":{\"@type\":\"EntryPoint\",\"urlTemplate\":\"https:\/\/padelhaus.mustlammas-dev.in\/fi\/?s={search_term_string}\"},\"query-input\":{\"@type\":\"PropertyValueSpecification\",\"valueRequired\":true,\"valueName\":\"search_term_string\"}}],\"inLanguage\":\"fi\"},{\"@type\":\"Organization\",\"@id\":\"https:\/\/padelhaus.mustlammas-dev.in\/fi\/#organization\",\"name\":\"Claude Padelhaus\",\"url\":\"https:\/\/padelhaus.mustlammas-dev.in\/fi\/\",\"logo\":{\"@type\":\"ImageObject\",\"inLanguage\":\"fi\",\"@id\":\"https:\/\/padelhaus.mustlammas-dev.in\/fi\/#\/schema\/logo\/image\/\",\"url\":\"https:\/\/padelhaus.mustlammas-dev.in\/wp-content\/uploads\/2025\/05\/Logo-1.png\",\"contentUrl\":\"https:\/\/padelhaus.mustlammas-dev.in\/wp-content\/uploads\/2025\/05\/Logo-1.png\",\"width\":280,\"height\":115,\"caption\":\"Claude Padelhaus\"},\"image\":{\"@id\":\"https:\/\/padelhaus.mustlammas-dev.in\/fi\/#\/schema\/logo\/image\/\"}}]}<\/script>\n<meta property=\"product:price:amount\" content=\"249.95\" \/>\n<meta property=\"product:price:currency\" content=\"EUR\" \/>\n<meta property=\"og:availability\" content=\"instock\" \/>\n<meta property=\"product:availability\" content=\"instock\" \/>\n<meta property=\"product:retailer_item_id\" content=\"SIU-R-21\" \/>\n<meta property=\"product:condition\" content=\"new\" \/>\n<!-- \/ Yoast SEO Premium plugin. -->","yoast_head_json":{"title":"SIUX ELECTRA PRO SHADOW RED 2026 | Test Padelhaus","description":"Padelmailat ja padelvarusteet edullisesti. Padelhaus on padel verkkokauppa, josta l\u00f6yd\u00e4t parhaat padelmailat kaikille tasoille.","robots":{"index":"noindex","follow":"follow","max-snippet":"max-snippet:-1","max-image-preview":"max-image-preview:large","max-video-preview":"max-video-preview:-1"},"og_locale":"fi_FI","og_type":"article","og_title":"SIUX ELECTRA PRO SHADOW RED 2026","og_description":"Padelmailat ja padelvarusteet edullisesti. Padelhaus on padel verkkokauppa, josta l\u00f6yd\u00e4t parhaat padelmailat kaikille tasoille.","og_url":"https:\/\/padelhaus.mustlammas-dev.in\/fi\/kauppa\/siux-electra-pro-shadow-red-2026\/","og_site_name":"Test Padelhaus","article_modified_time":"2026-03-05T15:57:13+00:00","og_image":[{"width":1000,"height":1000,"url":"https:\/\/padelhaus.lv\/wp-content\/uploads\/2025\/12\/SIUX-ELECTRA-PRO-SHADOW-RED-2026-1.webp","type":"image\/webp"}],"twitter_card":"summary_large_image","twitter_misc":{"Hinta":"249,95&nbsp;&euro;","Saatavuus":"Varastossa"},"schema":{"@context":"https:\/\/schema.org","@graph":[{"@type":["WebPage","ItemPage"],"@id":"https:\/\/padelhaus.mustlammas-dev.in\/fi\/kauppa\/siux-electra-pro-shadow-red-2026\/","url":"https:\/\/padelhaus.mustlammas-dev.in\/fi\/kauppa\/siux-electra-pro-shadow-red-2026\/","name":"SIUX ELECTRA PRO SHADOW RED 2026 | Test Padelhaus","isPartOf":{"@id":"https:\/\/padelhaus.mustlammas-dev.in\/fi\/#website"},"primaryImageOfPage":{"@id":"https:\/\/padelhaus.mustlammas-dev.in\/fi\/kauppa\/siux-electra-pro-shadow-red-2026\/#primaryimage"},"image":{"@id":"https:\/\/padelhaus.mustlammas-dev.in\/fi\/kauppa\/siux-electra-pro-shadow-red-2026\/#primaryimage"},"thumbnailUrl":"https:\/\/padelhaus.mustlammas-dev.in\/wp-content\/uploads\/2025\/12\/SIUX-ELECTRA-PRO-SHADOW-RED-2026-1.webp","datePublished":"2025-12-29T12:55:24+00:00","dateModified":"2026-03-05T15:57:13+00:00","description":"Padelmailat ja padelvarusteet edullisesti. Padelhaus on padel verkkokauppa, josta l\u00f6yd\u00e4t parhaat padelmailat kaikille tasoille.","breadcrumb":{"@id":"https:\/\/padelhaus.mustlammas-dev.in\/fi\/kauppa\/siux-electra-pro-shadow-red-2026\/#breadcrumb"},"inLanguage":"fi","potentialAction":[{"@type":"ReadAction","target":["https:\/\/padelhaus.mustlammas-dev.in\/fi\/kauppa\/siux-electra-pro-shadow-red-2026\/"]}]},{"@type":"ImageObject","inLanguage":"fi","@id":"https:\/\/padelhaus.mustlammas-dev.in\/fi\/kauppa\/siux-electra-pro-shadow-red-2026\/#primaryimage","url":"https:\/\/padelhaus.mustlammas-dev.in\/wp-content\/uploads\/2025\/12\/SIUX-ELECTRA-PRO-SHADOW-RED-2026-1.webp","contentUrl":"https:\/\/padelhaus.mustlammas-dev.in\/wp-content\/uploads\/2025\/12\/SIUX-ELECTRA-PRO-SHADOW-RED-2026-1.webp","width":1000,"height":1000,"caption":"SIUX ELECTRA PRO SHADOW RED 2026"},{"@type":"BreadcrumbList","@id":"https:\/\/padelhaus.mustlammas-dev.in\/fi\/kauppa\/siux-electra-pro-shadow-red-2026\/#breadcrumb","itemListElement":[{"@type":"ListItem","position":1,"name":"Avaleht","item":"https:\/\/padelhaus.fi\/"},{"@type":"ListItem","position":2,"name":"Kauppa","item":"https:\/\/padelhaus.fi\/kauppa\/"},{"@type":"ListItem","position":3,"name":"SIUX ELECTRA PRO SHADOW RED 2026"}]},{"@type":"WebSite","@id":"https:\/\/padelhaus.mustlammas-dev.in\/fi\/#website","url":"https:\/\/padelhaus.mustlammas-dev.in\/fi\/","name":"Claude Padelhaus","description":"Sinu padelivarustuse kodu","publisher":{"@id":"https:\/\/padelhaus.mustlammas-dev.in\/fi\/#organization"},"potentialAction":[{"@type":"SearchAction","target":{"@type":"EntryPoint","urlTemplate":"https:\/\/padelhaus.mustlammas-dev.in\/fi\/?s={search_term_string}"},"query-input":{"@type":"PropertyValueSpecification","valueRequired":true,"valueName":"search_term_string"}}],"inLanguage":"fi"},{"@type":"Organization","@id":"https:\/\/padelhaus.mustlammas-dev.in\/fi\/#organization","name":"Claude Padelhaus","url":"https:\/\/padelhaus.mustlammas-dev.in\/fi\/","logo":{"@type":"ImageObject","inLanguage":"fi","@id":"https:\/\/padelhaus.mustlammas-dev.in\/fi\/#\/schema\/logo\/image\/","url":"https:\/\/padelhaus.mustlammas-dev.in\/wp-content\/uploads\/2025\/05\/Logo-1.png","contentUrl":"https:\/\/padelhaus.mustlammas-dev.in\/wp-content\/uploads\/2025\/05\/Logo-1.png","width":280,"height":115,"caption":"Claude Padelhaus"},"image":{"@id":"https:\/\/padelhaus.mustlammas-dev.in\/fi\/#\/schema\/logo\/image\/"}}]},"product_price_amount":"249.95","product_price_currency":"EUR","og_availability":"instock","product_availability":"instock","product_retailer_item_id":"SIU-R-21","product_condition":"new"},"_links":{"self":[{"href":"https:\/\/padelhaus.mustlammas-dev.in\/fi\/wp-json\/wp\/v2\/product\/72368","targetHints":{"allow":["GET"]}}],"collection":[{"href":"https:\/\/padelhaus.mustlammas-dev.in\/fi\/wp-json\/wp\/v2\/product"}],"about":[{"href":"https:\/\/padelhaus.mustlammas-dev.in\/fi\/wp-json\/wp\/v2\/types\/product"}],"replies":[{"embeddable":true,"href":"https:\/\/padelhaus.mustlammas-dev.in\/fi\/wp-json\/wp\/v2\/comments?post=72368"}],"wp:featuredmedia":[{"embeddable":true,"href":"https:\/\/padelhaus.mustlammas-dev.in\/fi\/wp-json\/wp\/v2\/media\/72369"}],"wp:attachment":[{"href":"https:\/\/padelhaus.mustlammas-dev.in\/fi\/wp-json\/wp\/v2\/media?parent=72368"}],"wp:term":[{"taxonomy":"product_brand","embeddable":true,"href":"https:\/\/padelhaus.mustlammas-dev.in\/fi\/wp-json\/wp\/v2\/product_brand?post=72368"},{"taxonomy":"product_cat","embeddable":true,"href":"https:\/\/padelhaus.mustlammas-dev.in\/fi\/wp-json\/wp\/v2\/product_cat?post=72368"},{"taxonomy":"product_tag","embeddable":true,"href":"https:\/\/padelhaus.mustlammas-dev.in\/fi\/wp-json\/wp\/v2\/product_tag?post=72368"}],"curies":[{"name":"wp","href":"https:\/\/api.w.org\/{rel}","templated":true}]}}