{"id":72391,"date":"2026-03-04T12:18:27","date_gmt":"2026-03-04T10:18:27","guid":{"rendered":"https:\/\/padelhaus.mustlammas-dev.in\/pood\/head-vibe-2026-roheline\/"},"modified":"2026-03-05T17:56:39","modified_gmt":"2026-03-05T15:56:39","slug":"head-vibe-2026-vihrea","status":"publish","type":"product","link":"https:\/\/padelhaus.mustlammas-dev.in\/fi\/kauppa\/head-vibe-2026-vihrea\/","title":{"rendered":"HEAD VIBE 2026 VIHRE\u00c4"},"content":{"rendered":"<p><strong>Head Vibe 2026 Vihre\u00e4<\/strong> on suunniteltu tarjoamaan tasapainoinen pelikokemus heti ensimm\u00e4isist\u00e4 peleist\u00e4 alkaen. Mailan pisaranmuoto ja keskitasapaino mahdollistavat luonnollisen yhdistelm\u00e4n kontrollia ja voimaa, tehden pelist\u00e4 monipuolista niin puolustuksessa kuin hy\u00f6kk\u00e4yksess\u00e4. <\/p>\n<p>Noin 360\u2013370 gramman painollaan ja 38 mm:n vakioprofiilillaan maila erottuu erinomaisella k\u00e4sitelt\u00e4vyydell\u00e4\u00e4n ja vakaalla ly\u00f6ntituntumallaan. Mailan ly\u00f6ntipinnat on valmistettu lasikuidusta, joka on joustava materiaali ja antaa pehme\u00e4n tuntuman sek\u00e4 enemm\u00e4n anteeksiantavuutta my\u00f6s ep\u00e4puhtaissa osumissa. <\/p>\n<p>Mailan sis\u00e4ll\u00e4 oleva vaahtoydin takaa pallon asteittaisen l\u00e4hd\u00f6n, auttaen hallitsemaan pelin tempoa paremmin mukavuudesta tinkim\u00e4tt\u00e4. Tuloksena on helposti pelattava maila, joka auttaa kasvattamaan itseluottamusta ja saavuttamaan vakaampia ly\u00f6ntej\u00e4. <\/p>\n<h5>Ihanteellinen aloittelijoille ja keskitason pelaajille<\/h5>\n<p>T\u00e4m\u00e4 pisaranmuotoinen maila on suunnattu aloittelijoille ja keskitason padel-pelaajille, jotka haluavat kehitt\u00e4\u00e4 tekniikkaansa s\u00e4ilytt\u00e4en samalla pelimukavuuden. Mailan laaja sweet spot v\u00e4hent\u00e4\u00e4 virheit\u00e4 ja mahdollistaa keskittymisen ly\u00f6ntien sijoitteluun ja hallintaan. Se on erinomainen valinta pelaajille, jotka etsiv\u00e4t mukavaa, monipuolista ja vakaata mailaa, joka sopii niin pitkiin palloralleihin, varmaan puolustuspeliin kuin hallittuun hy\u00f6kk\u00e4ykseen. Ihanteellinen valinta kehittymiseen kent\u00e4ll\u00e4 askel askeleelta.   <\/p>\n<h5>T\u00e4rkeimm\u00e4t tekniset edut<\/h5>\n<ul>\n<li>Pisaranmuotoinen muotoilu, joka tasapainottaa kontrollin ja voiman<\/li>\n<li>Monipuolinen ja helposti k\u00e4sitelt\u00e4v\u00e4 pelituntuma<\/li>\n<li>Optimoitu paino (360\u2013370 g)<\/li>\n<li>Lasikuituiset ly\u00f6ntipinnat, jotka antavat pehme\u00e4n ly\u00f6ntituntuman<\/li>\n<li>Vaahtoydin, joka takaa pallon sujuvan l\u00e4hd\u00f6n<\/li>\n<li>Sile\u00e4 pinta ilman karhennettua tekstuuria<\/li>\n<\/ul>\n","protected":false},"excerpt":{"rendered":"<p>Head Vibe 2026 Vihre\u00e4 on suunniteltu tarjoamaan tasapainoinen pelikokemus heti ensimm\u00e4isist\u00e4 peleist\u00e4 alkaen. Mailan pisaranmuoto ja keskitasapaino mahdollistavat luonnollisen yhdistelm\u00e4n kontrollia ja voimaa, tehden pelist\u00e4 monipuolista niin puolustuksessa kuin hy\u00f6kk\u00e4yksess\u00e4. Noin 360\u2013370 gramman painollaan ja 38 mm:n vakioprofiilillaan maila erottuu erinomaisella k\u00e4sitelt\u00e4vyydell\u00e4\u00e4n ja vakaalla ly\u00f6ntituntumallaan. Mailan ly\u00f6ntipinnat on valmistettu lasikuidusta, joka on joustava materiaali ja [&hellip;]<\/p>\n","protected":false},"featured_media":72392,"comment_status":"open","ping_status":"closed","template":"","meta":{"_eb_attr":""},"product_brand":[509],"product_cat":[520,510,495,494],"product_tag":[],"class_list":{"0":"post-72391","1":"product","2":"type-product","3":"status-publish","4":"has-post-thumbnail","6":"product_brand-head","7":"product_cat-aloittelijat","8":"product_cat-head","9":"product_cat-keskitaso","10":"product_cat-padelmailat","11":"pa_kaal-365g","12":"pa_kuju-pisaranmuotoinen","13":"pa_mangustiil-hybridi","14":"pa_tasakaal-keskella","15":"pa_tase-aloittelija","16":"pa_tase-keskitaso","17":"pa_varv-vihrea","20":"first","21":"onbackorder","22":"sale","23":"taxable","24":"shipping-taxable","25":"purchasable","26":"product-type-simple"},"yoast_head":"<!-- This site is optimized with the Yoast SEO Premium plugin v27.1 (Yoast SEO v27.1.1) - https:\/\/yoast.com\/product\/yoast-seo-premium-wordpress\/ -->\n<title>HEAD VIBE 2026 VIHRE\u00c4 | Test Padelhaus<\/title>\n<meta name=\"description\" content=\"Padelmailat ja padelvarusteet edullisesti. Padelhaus on padel verkkokauppa, josta l\u00f6yd\u00e4t parhaat padelmailat kaikille tasoille.\" \/>\n<meta name=\"robots\" content=\"noindex, follow, max-snippet:-1, max-image-preview:large, max-video-preview:-1\" \/>\n<meta property=\"og:locale\" content=\"fi_FI\" \/>\n<meta property=\"og:type\" content=\"article\" \/>\n<meta property=\"og:title\" content=\"HEAD VIBE 2026 VIHRE\u00c4\" \/>\n<meta property=\"og:description\" content=\"Padelmailat ja padelvarusteet edullisesti. Padelhaus on padel verkkokauppa, josta l\u00f6yd\u00e4t parhaat padelmailat kaikille tasoille.\" \/>\n<meta property=\"og:url\" content=\"https:\/\/padelhaus.mustlammas-dev.in\/fi\/kauppa\/head-vibe-2026-vihrea\/\" \/>\n<meta property=\"og:site_name\" content=\"Test Padelhaus\" \/>\n<meta property=\"article:modified_time\" content=\"2026-03-05T15:56:39+00:00\" \/>\n<meta property=\"og:image\" content=\"https:\/\/padelhaus.fi\/wp-content\/uploads\/2026\/03\/8.webp\" \/>\n\t<meta property=\"og:image:width\" content=\"1000\" \/>\n\t<meta property=\"og:image:height\" content=\"1000\" \/>\n\t<meta property=\"og:image:type\" content=\"image\/webp\" \/>\n<meta name=\"twitter:card\" content=\"summary_large_image\" \/>\n<meta name=\"twitter:label1\" content=\"Hinta\" \/>\n\t<meta name=\"twitter:data1\" content=\"83,95&nbsp;&euro;\" \/>\n\t<meta name=\"twitter:label2\" content=\"Saatavuus\" \/>\n\t<meta name=\"twitter:data2\" content=\"J\u00e4lkitoimituksessa\" \/>\n<script type=\"application\/ld+json\" class=\"yoast-schema-graph\">{\"@context\":\"https:\/\/schema.org\",\"@graph\":[{\"@type\":[\"WebPage\",\"ItemPage\"],\"@id\":\"https:\/\/padelhaus.mustlammas-dev.in\/fi\/kauppa\/head-vibe-2026-vihrea\/\",\"url\":\"https:\/\/padelhaus.mustlammas-dev.in\/fi\/kauppa\/head-vibe-2026-vihrea\/\",\"name\":\"HEAD VIBE 2026 VIHRE\u00c4 | Test Padelhaus\",\"isPartOf\":{\"@id\":\"https:\/\/padelhaus.mustlammas-dev.in\/fi\/#website\"},\"primaryImageOfPage\":{\"@id\":\"https:\/\/padelhaus.mustlammas-dev.in\/fi\/kauppa\/head-vibe-2026-vihrea\/#primaryimage\"},\"image\":{\"@id\":\"https:\/\/padelhaus.mustlammas-dev.in\/fi\/kauppa\/head-vibe-2026-vihrea\/#primaryimage\"},\"thumbnailUrl\":\"https:\/\/padelhaus.mustlammas-dev.in\/wp-content\/uploads\/2026\/03\/8.webp\",\"datePublished\":\"2026-03-04T10:18:27+00:00\",\"dateModified\":\"2026-03-05T15:56:39+00:00\",\"description\":\"Padelmailat ja padelvarusteet edullisesti. Padelhaus on padel verkkokauppa, josta l\u00f6yd\u00e4t parhaat padelmailat kaikille tasoille.\",\"breadcrumb\":{\"@id\":\"https:\/\/padelhaus.mustlammas-dev.in\/fi\/kauppa\/head-vibe-2026-vihrea\/#breadcrumb\"},\"inLanguage\":\"fi\",\"potentialAction\":[{\"@type\":\"ReadAction\",\"target\":[\"https:\/\/padelhaus.mustlammas-dev.in\/fi\/kauppa\/head-vibe-2026-vihrea\/\"]}]},{\"@type\":\"ImageObject\",\"inLanguage\":\"fi\",\"@id\":\"https:\/\/padelhaus.mustlammas-dev.in\/fi\/kauppa\/head-vibe-2026-vihrea\/#primaryimage\",\"url\":\"https:\/\/padelhaus.mustlammas-dev.in\/wp-content\/uploads\/2026\/03\/8.webp\",\"contentUrl\":\"https:\/\/padelhaus.mustlammas-dev.in\/wp-content\/uploads\/2026\/03\/8.webp\",\"width\":1000,\"height\":1000,\"caption\":\"Head Vibe 2026 Vihre\u00e4\"},{\"@type\":\"BreadcrumbList\",\"@id\":\"https:\/\/padelhaus.mustlammas-dev.in\/fi\/kauppa\/head-vibe-2026-vihrea\/#breadcrumb\",\"itemListElement\":[{\"@type\":\"ListItem\",\"position\":1,\"name\":\"Avaleht\",\"item\":\"https:\/\/padelhaus.fi\/\"},{\"@type\":\"ListItem\",\"position\":2,\"name\":\"Kauppa\",\"item\":\"https:\/\/padelhaus.fi\/kauppa\/\"},{\"@type\":\"ListItem\",\"position\":3,\"name\":\"HEAD VIBE 2026 VIHRE\u00c4\"}]},{\"@type\":\"WebSite\",\"@id\":\"https:\/\/padelhaus.mustlammas-dev.in\/fi\/#website\",\"url\":\"https:\/\/padelhaus.mustlammas-dev.in\/fi\/\",\"name\":\"Claude Padelhaus\",\"description\":\"Sinu padelivarustuse kodu\",\"publisher\":{\"@id\":\"https:\/\/padelhaus.mustlammas-dev.in\/fi\/#organization\"},\"potentialAction\":[{\"@type\":\"SearchAction\",\"target\":{\"@type\":\"EntryPoint\",\"urlTemplate\":\"https:\/\/padelhaus.mustlammas-dev.in\/fi\/?s={search_term_string}\"},\"query-input\":{\"@type\":\"PropertyValueSpecification\",\"valueRequired\":true,\"valueName\":\"search_term_string\"}}],\"inLanguage\":\"fi\"},{\"@type\":\"Organization\",\"@id\":\"https:\/\/padelhaus.mustlammas-dev.in\/fi\/#organization\",\"name\":\"Claude Padelhaus\",\"url\":\"https:\/\/padelhaus.mustlammas-dev.in\/fi\/\",\"logo\":{\"@type\":\"ImageObject\",\"inLanguage\":\"fi\",\"@id\":\"https:\/\/padelhaus.mustlammas-dev.in\/fi\/#\/schema\/logo\/image\/\",\"url\":\"https:\/\/padelhaus.mustlammas-dev.in\/wp-content\/uploads\/2025\/05\/Logo-1.png\",\"contentUrl\":\"https:\/\/padelhaus.mustlammas-dev.in\/wp-content\/uploads\/2025\/05\/Logo-1.png\",\"width\":280,\"height\":115,\"caption\":\"Claude Padelhaus\"},\"image\":{\"@id\":\"https:\/\/padelhaus.mustlammas-dev.in\/fi\/#\/schema\/logo\/image\/\"}}]}<\/script>\n<meta property=\"product:price:amount\" content=\"83.95\" \/>\n<meta property=\"product:price:currency\" content=\"EUR\" \/>\n<meta property=\"og:availability\" content=\"backorder\" \/>\n<meta property=\"product:availability\" content=\"available for order\" \/>\n<meta property=\"product:retailer_item_id\" content=\"HEA-R-44\" \/>\n<meta property=\"product:condition\" content=\"new\" \/>\n<!-- \/ Yoast SEO Premium plugin. -->","yoast_head_json":{"title":"HEAD VIBE 2026 VIHRE\u00c4 | Test Padelhaus","description":"Padelmailat ja padelvarusteet edullisesti. Padelhaus on padel verkkokauppa, josta l\u00f6yd\u00e4t parhaat padelmailat kaikille tasoille.","robots":{"index":"noindex","follow":"follow","max-snippet":"max-snippet:-1","max-image-preview":"max-image-preview:large","max-video-preview":"max-video-preview:-1"},"og_locale":"fi_FI","og_type":"article","og_title":"HEAD VIBE 2026 VIHRE\u00c4","og_description":"Padelmailat ja padelvarusteet edullisesti. Padelhaus on padel verkkokauppa, josta l\u00f6yd\u00e4t parhaat padelmailat kaikille tasoille.","og_url":"https:\/\/padelhaus.mustlammas-dev.in\/fi\/kauppa\/head-vibe-2026-vihrea\/","og_site_name":"Test Padelhaus","article_modified_time":"2026-03-05T15:56:39+00:00","og_image":[{"width":1000,"height":1000,"url":"https:\/\/padelhaus.fi\/wp-content\/uploads\/2026\/03\/8.webp","type":"image\/webp"}],"twitter_card":"summary_large_image","twitter_misc":{"Hinta":"83,95&nbsp;&euro;","Saatavuus":"J\u00e4lkitoimituksessa"},"schema":{"@context":"https:\/\/schema.org","@graph":[{"@type":["WebPage","ItemPage"],"@id":"https:\/\/padelhaus.mustlammas-dev.in\/fi\/kauppa\/head-vibe-2026-vihrea\/","url":"https:\/\/padelhaus.mustlammas-dev.in\/fi\/kauppa\/head-vibe-2026-vihrea\/","name":"HEAD VIBE 2026 VIHRE\u00c4 | Test Padelhaus","isPartOf":{"@id":"https:\/\/padelhaus.mustlammas-dev.in\/fi\/#website"},"primaryImageOfPage":{"@id":"https:\/\/padelhaus.mustlammas-dev.in\/fi\/kauppa\/head-vibe-2026-vihrea\/#primaryimage"},"image":{"@id":"https:\/\/padelhaus.mustlammas-dev.in\/fi\/kauppa\/head-vibe-2026-vihrea\/#primaryimage"},"thumbnailUrl":"https:\/\/padelhaus.mustlammas-dev.in\/wp-content\/uploads\/2026\/03\/8.webp","datePublished":"2026-03-04T10:18:27+00:00","dateModified":"2026-03-05T15:56:39+00:00","description":"Padelmailat ja padelvarusteet edullisesti. Padelhaus on padel verkkokauppa, josta l\u00f6yd\u00e4t parhaat padelmailat kaikille tasoille.","breadcrumb":{"@id":"https:\/\/padelhaus.mustlammas-dev.in\/fi\/kauppa\/head-vibe-2026-vihrea\/#breadcrumb"},"inLanguage":"fi","potentialAction":[{"@type":"ReadAction","target":["https:\/\/padelhaus.mustlammas-dev.in\/fi\/kauppa\/head-vibe-2026-vihrea\/"]}]},{"@type":"ImageObject","inLanguage":"fi","@id":"https:\/\/padelhaus.mustlammas-dev.in\/fi\/kauppa\/head-vibe-2026-vihrea\/#primaryimage","url":"https:\/\/padelhaus.mustlammas-dev.in\/wp-content\/uploads\/2026\/03\/8.webp","contentUrl":"https:\/\/padelhaus.mustlammas-dev.in\/wp-content\/uploads\/2026\/03\/8.webp","width":1000,"height":1000,"caption":"Head Vibe 2026 Vihre\u00e4"},{"@type":"BreadcrumbList","@id":"https:\/\/padelhaus.mustlammas-dev.in\/fi\/kauppa\/head-vibe-2026-vihrea\/#breadcrumb","itemListElement":[{"@type":"ListItem","position":1,"name":"Avaleht","item":"https:\/\/padelhaus.fi\/"},{"@type":"ListItem","position":2,"name":"Kauppa","item":"https:\/\/padelhaus.fi\/kauppa\/"},{"@type":"ListItem","position":3,"name":"HEAD VIBE 2026 VIHRE\u00c4"}]},{"@type":"WebSite","@id":"https:\/\/padelhaus.mustlammas-dev.in\/fi\/#website","url":"https:\/\/padelhaus.mustlammas-dev.in\/fi\/","name":"Claude Padelhaus","description":"Sinu padelivarustuse kodu","publisher":{"@id":"https:\/\/padelhaus.mustlammas-dev.in\/fi\/#organization"},"potentialAction":[{"@type":"SearchAction","target":{"@type":"EntryPoint","urlTemplate":"https:\/\/padelhaus.mustlammas-dev.in\/fi\/?s={search_term_string}"},"query-input":{"@type":"PropertyValueSpecification","valueRequired":true,"valueName":"search_term_string"}}],"inLanguage":"fi"},{"@type":"Organization","@id":"https:\/\/padelhaus.mustlammas-dev.in\/fi\/#organization","name":"Claude Padelhaus","url":"https:\/\/padelhaus.mustlammas-dev.in\/fi\/","logo":{"@type":"ImageObject","inLanguage":"fi","@id":"https:\/\/padelhaus.mustlammas-dev.in\/fi\/#\/schema\/logo\/image\/","url":"https:\/\/padelhaus.mustlammas-dev.in\/wp-content\/uploads\/2025\/05\/Logo-1.png","contentUrl":"https:\/\/padelhaus.mustlammas-dev.in\/wp-content\/uploads\/2025\/05\/Logo-1.png","width":280,"height":115,"caption":"Claude Padelhaus"},"image":{"@id":"https:\/\/padelhaus.mustlammas-dev.in\/fi\/#\/schema\/logo\/image\/"}}]},"product_price_amount":"83.95","product_price_currency":"EUR","og_availability":"backorder","product_availability":"available for order","product_retailer_item_id":"HEA-R-44","product_condition":"new"},"_links":{"self":[{"href":"https:\/\/padelhaus.mustlammas-dev.in\/fi\/wp-json\/wp\/v2\/product\/72391","targetHints":{"allow":["GET"]}}],"collection":[{"href":"https:\/\/padelhaus.mustlammas-dev.in\/fi\/wp-json\/wp\/v2\/product"}],"about":[{"href":"https:\/\/padelhaus.mustlammas-dev.in\/fi\/wp-json\/wp\/v2\/types\/product"}],"replies":[{"embeddable":true,"href":"https:\/\/padelhaus.mustlammas-dev.in\/fi\/wp-json\/wp\/v2\/comments?post=72391"}],"wp:featuredmedia":[{"embeddable":true,"href":"https:\/\/padelhaus.mustlammas-dev.in\/fi\/wp-json\/wp\/v2\/media\/72392"}],"wp:attachment":[{"href":"https:\/\/padelhaus.mustlammas-dev.in\/fi\/wp-json\/wp\/v2\/media?parent=72391"}],"wp:term":[{"taxonomy":"product_brand","embeddable":true,"href":"https:\/\/padelhaus.mustlammas-dev.in\/fi\/wp-json\/wp\/v2\/product_brand?post=72391"},{"taxonomy":"product_cat","embeddable":true,"href":"https:\/\/padelhaus.mustlammas-dev.in\/fi\/wp-json\/wp\/v2\/product_cat?post=72391"},{"taxonomy":"product_tag","embeddable":true,"href":"https:\/\/padelhaus.mustlammas-dev.in\/fi\/wp-json\/wp\/v2\/product_tag?post=72391"}],"curies":[{"name":"wp","href":"https:\/\/api.w.org\/{rel}","templated":true}]}}