{"id":72404,"date":"2026-01-14T00:33:42","date_gmt":"2026-01-13T22:33:42","guid":{"rendered":"https:\/\/padelhaus.mustlammas-dev.in\/pood\/adidas-match-light-3-3-2024\/"},"modified":"2026-03-11T11:51:06","modified_gmt":"2026-03-11T09:51:06","slug":"adidas-match-light-3-3-2024","status":"publish","type":"product","link":"https:\/\/padelhaus.mustlammas-dev.in\/fi\/kauppa\/adidas-match-light-3-3-2024\/","title":{"rendered":"Adidas Match Light 3.3 2024"},"content":{"rendered":"<h5><b>Adidas Match Light 3.3 2024 \u2013 t\u00e4ydellinen aloittelijalle<\/b><\/h5>\n<p>&nbsp;<\/p>\n<p class=\"p3\"><span class=\"s2\"><b>Adidas Match Light 3.3 2024<\/b><\/span> on aloittelijoille suunnattu padelmaila, joka sopii erinomaisesti niille, jotka haluavat <span class=\"s2\"><b>vasta aloittaa padelin<\/b><\/span>. Maila on <span class=\"s2\"><b>pisaranmuotoinen<\/b><\/span> ja sen makea piste (sweet spot) sijaitsee keh\u00e4n keskiosassa, hieman korkeammalla kuin py\u00f6reiss\u00e4 mailoissa, tarjoten hyv\u00e4n tasapainon kontrollin ja voiman v\u00e4lill\u00e4. <\/p>\n<p class=\"p3\">Kyseess\u00e4 on <span class=\"s2\"><b>kevyt maila (345\u2013360 g)<\/b><\/span>, jota on helppo k\u00e4sitell\u00e4 ja jolla on mukava opetella liikkumista sek\u00e4 ly\u00f6ntitekniikkaa. Suuri ly\u00f6ntipinta tekee pelist\u00e4 anteeksiantavampaa ja auttaa kerrytt\u00e4m\u00e4\u00e4n itseluottamusta nopeammin. <\/p>\n<h5><b>Pehme\u00e4 ja joustava pisaranmuotoinen maila<\/b><\/h5>\n<p>&nbsp;<\/p>\n<p class=\"p3\">Mailan runko ja pinnat on valmistettu <span class=\"s2\"><b>fiberglass-materiaalista<\/b><\/span>, joka on kevytt\u00e4, kest\u00e4v\u00e4\u00e4 ja antaa pehme\u00e4n sek\u00e4 joustavan tuntuman. Ytimess\u00e4 k\u00e4ytet\u00e4\u00e4n <span class=\"s2\"><b>EVA Soft Performance<\/b><\/span> -superlonia \u2013 matalatiheyksist\u00e4 kumimateriaalia, joka vaimentaa iskuja, parantaa kontrollia ja takaa miellytt\u00e4v\u00e4n pallon palautumisen. <\/p>\n<p class=\"p3\">K\u00e4ytetyt materiaalit on valittu erityisesti aloittelijoiden tarpeita silm\u00e4ll\u00e4 pit\u00e4en: <span class=\"s2\"><b>kevyit\u00e4, joustavia ja helposti hallittavia<\/b><\/span>, jotta oppiminen olisi helpompaa ja nautinnollisempaa.<\/p>\n<h5><b>\u00c4lyk\u00e4s reikien sijoittelu ja parempi kest\u00e4vyys<\/b><\/h5>\n<p>&nbsp;<\/p>\n<p class=\"p3\">Mailan reikien sijoittelu on luotu <span class=\"s2\"><b>Smart Holes Linear<\/b><\/span> -teknologian avulla. Rei\u00e4t on porattu tasaiseen kuvioon, mik\u00e4 parantaa ly\u00f6ntipinnan kest\u00e4vyytt\u00e4 ja pident\u00e4\u00e4 mailan k\u00e4ytt\u00f6ik\u00e4\u00e4. <\/p>\n<h5><b>Kest\u00e4v\u00e4 rakenne aloittelevalle pelaajalle<\/b><\/h5>\n<p>&nbsp;<\/p>\n<p class=\"p3\">Vaikka kyseess\u00e4 on aloittelijoille tarkoitettu malli, maila on varustettu teknologioilla, jotka tekev\u00e4t siit\u00e4 <span class=\"s2\"><b>vankan ja kest\u00e4v\u00e4n<\/b><\/span>.<\/p>\n<p class=\"p3\"><span class=\"s2\"><b>Structural Reinforcement<\/b><\/span> -teknologia vahvistaa mailan keh\u00e4\u00e4, v\u00e4hent\u00e4en v\u00e4\u00e4ntymist\u00e4 ja parantaen vakautta my\u00f6s ep\u00e4tarkemmissa ly\u00f6nneiss\u00e4.<\/p>\n<h5><b>Urheilullinen ja houkutteleva muotoilu<\/b><\/h5>\n<p>&nbsp;<\/p>\n<p class=\"p3\">Adidas Match Light 3.3 2024 erottuu <span class=\"s2\"><b>urheilullisella ja puhtaalla muotoilullaan<\/b><\/span> \u2013 mustat viivakuviot valkoisella pohjalla ja musta kahva antavat mailalle modernin ja energisen ulkon\u00e4\u00f6n.<\/p>\n<h5><b>Yksinkertainen, anteeksiantava ja ihanteellinen aloittamiseen<\/b><\/h5>\n<p>&nbsp;<\/p>\n<p class=\"p3\">Jos etsit <span class=\"s2\"><b>kevytt\u00e4, pehme\u00e4\u00e4 ja kest\u00e4v\u00e4\u00e4<\/b><\/span> padelmailaa padelin opettelun aloittamiseen, Adidas Match Light 3.3 2024 on varma ja luotettava valinta.<\/p>\n","protected":false},"excerpt":{"rendered":"<p>Adidas Match Light 3.3 2024 \u2013 t\u00e4ydellinen aloittelijalle &nbsp; Adidas Match Light 3.3 2024 on aloittelijoille suunnattu padelmaila, joka sopii erinomaisesti niille, jotka haluavat vasta aloittaa padelin. Maila on pisaranmuotoinen ja sen makea piste (sweet spot) sijaitsee keh\u00e4n keskiosassa, hieman korkeammalla kuin py\u00f6reiss\u00e4 mailoissa, tarjoten hyv\u00e4n tasapainon kontrollin ja voiman v\u00e4lill\u00e4. Kyseess\u00e4 on kevyt maila [&hellip;]<\/p>\n","protected":false},"featured_media":73154,"comment_status":"open","ping_status":"closed","template":"","meta":{"_eb_attr":""},"product_brand":[523],"product_cat":[524,520,494],"product_tag":[],"class_list":{"0":"post-72404","1":"product","2":"type-product","3":"status-publish","4":"has-post-thumbnail","6":"product_brand-adidas","7":"product_cat-adidas","8":"product_cat-aloittelijat","9":"product_cat-padelmailat","10":"pa_kaal-345-360-g","11":"pa_kuju-pisaranmuotoinen","12":"pa_mangustiil-hybridi","13":"pa_tasakaal-ylhaalla","14":"pa_tase-aloittelija","15":"pa_varv-valkoinen","18":"first","19":"instock","20":"sale","21":"taxable","22":"shipping-taxable","23":"purchasable","24":"product-type-simple"},"yoast_head":"<!-- This site is optimized with the Yoast SEO Premium plugin v27.1 (Yoast SEO v27.1.1) - https:\/\/yoast.com\/product\/yoast-seo-premium-wordpress\/ -->\n<title>Adidas Match Light 3.3 2024 | Test Padelhaus<\/title>\n<meta name=\"description\" content=\"Padelmailat ja padelvarusteet edullisesti. Padelhaus on padel verkkokauppa, josta l\u00f6yd\u00e4t parhaat padelmailat kaikille tasoille.\" \/>\n<meta name=\"robots\" content=\"noindex, follow, max-snippet:-1, max-image-preview:large, max-video-preview:-1\" \/>\n<meta property=\"og:locale\" content=\"fi_FI\" \/>\n<meta property=\"og:type\" content=\"article\" \/>\n<meta property=\"og:title\" content=\"Adidas Match Light 3.3 2024\" \/>\n<meta property=\"og:description\" content=\"Padelmailat ja padelvarusteet edullisesti. Padelhaus on padel verkkokauppa, josta l\u00f6yd\u00e4t parhaat padelmailat kaikille tasoille.\" \/>\n<meta property=\"og:url\" content=\"https:\/\/padelhaus.mustlammas-dev.in\/fi\/kauppa\/adidas-match-light-3-3-2024\/\" \/>\n<meta property=\"og:site_name\" content=\"Test Padelhaus\" \/>\n<meta property=\"article:modified_time\" content=\"2026-03-11T09:51:06+00:00\" \/>\n<meta property=\"og:image\" content=\"https:\/\/padelhaus.mustlammas-dev.in\/wp-content\/uploads\/2026\/01\/1.png\" \/>\n\t<meta property=\"og:image:width\" content=\"1000\" \/>\n\t<meta property=\"og:image:height\" content=\"1000\" \/>\n\t<meta property=\"og:image:type\" content=\"image\/png\" \/>\n<meta name=\"twitter:card\" content=\"summary_large_image\" \/>\n<meta name=\"twitter:label1\" content=\"Hinta\" \/>\n\t<meta name=\"twitter:data1\" content=\"59,95&nbsp;&euro;\" \/>\n\t<meta name=\"twitter:label2\" content=\"Saatavuus\" \/>\n\t<meta name=\"twitter:data2\" content=\"Varastossa\" \/>\n<script type=\"application\/ld+json\" class=\"yoast-schema-graph\">{\"@context\":\"https:\/\/schema.org\",\"@graph\":[{\"@type\":[\"WebPage\",\"ItemPage\"],\"@id\":\"https:\/\/padelhaus.mustlammas-dev.in\/fi\/kauppa\/adidas-match-light-3-3-2024\/\",\"url\":\"https:\/\/padelhaus.mustlammas-dev.in\/fi\/kauppa\/adidas-match-light-3-3-2024\/\",\"name\":\"Adidas Match Light 3.3 2024 | Test Padelhaus\",\"isPartOf\":{\"@id\":\"https:\/\/padelhaus.mustlammas-dev.in\/fi\/#website\"},\"primaryImageOfPage\":{\"@id\":\"https:\/\/padelhaus.mustlammas-dev.in\/fi\/kauppa\/adidas-match-light-3-3-2024\/#primaryimage\"},\"image\":{\"@id\":\"https:\/\/padelhaus.mustlammas-dev.in\/fi\/kauppa\/adidas-match-light-3-3-2024\/#primaryimage\"},\"thumbnailUrl\":\"https:\/\/padelhaus.mustlammas-dev.in\/wp-content\/uploads\/2026\/01\/1.png\",\"datePublished\":\"2026-01-13T22:33:42+00:00\",\"dateModified\":\"2026-03-11T09:51:06+00:00\",\"description\":\"Padelmailat ja padelvarusteet edullisesti. Padelhaus on padel verkkokauppa, josta l\u00f6yd\u00e4t parhaat padelmailat kaikille tasoille.\",\"breadcrumb\":{\"@id\":\"https:\/\/padelhaus.mustlammas-dev.in\/fi\/kauppa\/adidas-match-light-3-3-2024\/#breadcrumb\"},\"inLanguage\":\"fi\",\"potentialAction\":[{\"@type\":\"ReadAction\",\"target\":[\"https:\/\/padelhaus.mustlammas-dev.in\/fi\/kauppa\/adidas-match-light-3-3-2024\/\"]}]},{\"@type\":\"ImageObject\",\"inLanguage\":\"fi\",\"@id\":\"https:\/\/padelhaus.mustlammas-dev.in\/fi\/kauppa\/adidas-match-light-3-3-2024\/#primaryimage\",\"url\":\"https:\/\/padelhaus.mustlammas-dev.in\/wp-content\/uploads\/2026\/01\/1.png\",\"contentUrl\":\"https:\/\/padelhaus.mustlammas-dev.in\/wp-content\/uploads\/2026\/01\/1.png\",\"width\":1000,\"height\":1000},{\"@type\":\"BreadcrumbList\",\"@id\":\"https:\/\/padelhaus.mustlammas-dev.in\/fi\/kauppa\/adidas-match-light-3-3-2024\/#breadcrumb\",\"itemListElement\":[{\"@type\":\"ListItem\",\"position\":1,\"name\":\"Avaleht\",\"item\":\"https:\/\/padelhaus.fi\/\"},{\"@type\":\"ListItem\",\"position\":2,\"name\":\"Kauppa\",\"item\":\"https:\/\/padelhaus.fi\/kauppa\/\"},{\"@type\":\"ListItem\",\"position\":3,\"name\":\"Adidas Match Light 3.3 2024\"}]},{\"@type\":\"WebSite\",\"@id\":\"https:\/\/padelhaus.mustlammas-dev.in\/fi\/#website\",\"url\":\"https:\/\/padelhaus.mustlammas-dev.in\/fi\/\",\"name\":\"Claude Padelhaus\",\"description\":\"Sinu padelivarustuse kodu\",\"publisher\":{\"@id\":\"https:\/\/padelhaus.mustlammas-dev.in\/fi\/#organization\"},\"potentialAction\":[{\"@type\":\"SearchAction\",\"target\":{\"@type\":\"EntryPoint\",\"urlTemplate\":\"https:\/\/padelhaus.mustlammas-dev.in\/fi\/?s={search_term_string}\"},\"query-input\":{\"@type\":\"PropertyValueSpecification\",\"valueRequired\":true,\"valueName\":\"search_term_string\"}}],\"inLanguage\":\"fi\"},{\"@type\":\"Organization\",\"@id\":\"https:\/\/padelhaus.mustlammas-dev.in\/fi\/#organization\",\"name\":\"Claude Padelhaus\",\"url\":\"https:\/\/padelhaus.mustlammas-dev.in\/fi\/\",\"logo\":{\"@type\":\"ImageObject\",\"inLanguage\":\"fi\",\"@id\":\"https:\/\/padelhaus.mustlammas-dev.in\/fi\/#\/schema\/logo\/image\/\",\"url\":\"https:\/\/padelhaus.mustlammas-dev.in\/wp-content\/uploads\/2025\/05\/Logo-1.png\",\"contentUrl\":\"https:\/\/padelhaus.mustlammas-dev.in\/wp-content\/uploads\/2025\/05\/Logo-1.png\",\"width\":280,\"height\":115,\"caption\":\"Claude Padelhaus\"},\"image\":{\"@id\":\"https:\/\/padelhaus.mustlammas-dev.in\/fi\/#\/schema\/logo\/image\/\"}}]}<\/script>\n<meta property=\"product:price:amount\" content=\"59.95\" \/>\n<meta property=\"product:price:currency\" content=\"EUR\" \/>\n<meta property=\"og:availability\" content=\"instock\" \/>\n<meta property=\"product:availability\" content=\"instock\" \/>\n<meta property=\"product:retailer_item_id\" content=\"ADI-R-45\" \/>\n<meta property=\"product:condition\" content=\"new\" \/>\n<!-- \/ Yoast SEO Premium plugin. -->","yoast_head_json":{"title":"Adidas Match Light 3.3 2024 | Test Padelhaus","description":"Padelmailat ja padelvarusteet edullisesti. Padelhaus on padel verkkokauppa, josta l\u00f6yd\u00e4t parhaat padelmailat kaikille tasoille.","robots":{"index":"noindex","follow":"follow","max-snippet":"max-snippet:-1","max-image-preview":"max-image-preview:large","max-video-preview":"max-video-preview:-1"},"og_locale":"fi_FI","og_type":"article","og_title":"Adidas Match Light 3.3 2024","og_description":"Padelmailat ja padelvarusteet edullisesti. Padelhaus on padel verkkokauppa, josta l\u00f6yd\u00e4t parhaat padelmailat kaikille tasoille.","og_url":"https:\/\/padelhaus.mustlammas-dev.in\/fi\/kauppa\/adidas-match-light-3-3-2024\/","og_site_name":"Test Padelhaus","article_modified_time":"2026-03-11T09:51:06+00:00","og_image":[{"width":1000,"height":1000,"url":"https:\/\/padelhaus.mustlammas-dev.in\/wp-content\/uploads\/2026\/01\/1.png","type":"image\/png"}],"twitter_card":"summary_large_image","twitter_misc":{"Hinta":"59,95&nbsp;&euro;","Saatavuus":"Varastossa"},"schema":{"@context":"https:\/\/schema.org","@graph":[{"@type":["WebPage","ItemPage"],"@id":"https:\/\/padelhaus.mustlammas-dev.in\/fi\/kauppa\/adidas-match-light-3-3-2024\/","url":"https:\/\/padelhaus.mustlammas-dev.in\/fi\/kauppa\/adidas-match-light-3-3-2024\/","name":"Adidas Match Light 3.3 2024 | Test Padelhaus","isPartOf":{"@id":"https:\/\/padelhaus.mustlammas-dev.in\/fi\/#website"},"primaryImageOfPage":{"@id":"https:\/\/padelhaus.mustlammas-dev.in\/fi\/kauppa\/adidas-match-light-3-3-2024\/#primaryimage"},"image":{"@id":"https:\/\/padelhaus.mustlammas-dev.in\/fi\/kauppa\/adidas-match-light-3-3-2024\/#primaryimage"},"thumbnailUrl":"https:\/\/padelhaus.mustlammas-dev.in\/wp-content\/uploads\/2026\/01\/1.png","datePublished":"2026-01-13T22:33:42+00:00","dateModified":"2026-03-11T09:51:06+00:00","description":"Padelmailat ja padelvarusteet edullisesti. Padelhaus on padel verkkokauppa, josta l\u00f6yd\u00e4t parhaat padelmailat kaikille tasoille.","breadcrumb":{"@id":"https:\/\/padelhaus.mustlammas-dev.in\/fi\/kauppa\/adidas-match-light-3-3-2024\/#breadcrumb"},"inLanguage":"fi","potentialAction":[{"@type":"ReadAction","target":["https:\/\/padelhaus.mustlammas-dev.in\/fi\/kauppa\/adidas-match-light-3-3-2024\/"]}]},{"@type":"ImageObject","inLanguage":"fi","@id":"https:\/\/padelhaus.mustlammas-dev.in\/fi\/kauppa\/adidas-match-light-3-3-2024\/#primaryimage","url":"https:\/\/padelhaus.mustlammas-dev.in\/wp-content\/uploads\/2026\/01\/1.png","contentUrl":"https:\/\/padelhaus.mustlammas-dev.in\/wp-content\/uploads\/2026\/01\/1.png","width":1000,"height":1000},{"@type":"BreadcrumbList","@id":"https:\/\/padelhaus.mustlammas-dev.in\/fi\/kauppa\/adidas-match-light-3-3-2024\/#breadcrumb","itemListElement":[{"@type":"ListItem","position":1,"name":"Avaleht","item":"https:\/\/padelhaus.fi\/"},{"@type":"ListItem","position":2,"name":"Kauppa","item":"https:\/\/padelhaus.fi\/kauppa\/"},{"@type":"ListItem","position":3,"name":"Adidas Match Light 3.3 2024"}]},{"@type":"WebSite","@id":"https:\/\/padelhaus.mustlammas-dev.in\/fi\/#website","url":"https:\/\/padelhaus.mustlammas-dev.in\/fi\/","name":"Claude Padelhaus","description":"Sinu padelivarustuse kodu","publisher":{"@id":"https:\/\/padelhaus.mustlammas-dev.in\/fi\/#organization"},"potentialAction":[{"@type":"SearchAction","target":{"@type":"EntryPoint","urlTemplate":"https:\/\/padelhaus.mustlammas-dev.in\/fi\/?s={search_term_string}"},"query-input":{"@type":"PropertyValueSpecification","valueRequired":true,"valueName":"search_term_string"}}],"inLanguage":"fi"},{"@type":"Organization","@id":"https:\/\/padelhaus.mustlammas-dev.in\/fi\/#organization","name":"Claude Padelhaus","url":"https:\/\/padelhaus.mustlammas-dev.in\/fi\/","logo":{"@type":"ImageObject","inLanguage":"fi","@id":"https:\/\/padelhaus.mustlammas-dev.in\/fi\/#\/schema\/logo\/image\/","url":"https:\/\/padelhaus.mustlammas-dev.in\/wp-content\/uploads\/2025\/05\/Logo-1.png","contentUrl":"https:\/\/padelhaus.mustlammas-dev.in\/wp-content\/uploads\/2025\/05\/Logo-1.png","width":280,"height":115,"caption":"Claude Padelhaus"},"image":{"@id":"https:\/\/padelhaus.mustlammas-dev.in\/fi\/#\/schema\/logo\/image\/"}}]},"product_price_amount":"59.95","product_price_currency":"EUR","og_availability":"instock","product_availability":"instock","product_retailer_item_id":"ADI-R-45","product_condition":"new"},"_links":{"self":[{"href":"https:\/\/padelhaus.mustlammas-dev.in\/fi\/wp-json\/wp\/v2\/product\/72404","targetHints":{"allow":["GET"]}}],"collection":[{"href":"https:\/\/padelhaus.mustlammas-dev.in\/fi\/wp-json\/wp\/v2\/product"}],"about":[{"href":"https:\/\/padelhaus.mustlammas-dev.in\/fi\/wp-json\/wp\/v2\/types\/product"}],"replies":[{"embeddable":true,"href":"https:\/\/padelhaus.mustlammas-dev.in\/fi\/wp-json\/wp\/v2\/comments?post=72404"}],"wp:featuredmedia":[{"embeddable":true,"href":"https:\/\/padelhaus.mustlammas-dev.in\/fi\/wp-json\/wp\/v2\/media\/73154"}],"wp:attachment":[{"href":"https:\/\/padelhaus.mustlammas-dev.in\/fi\/wp-json\/wp\/v2\/media?parent=72404"}],"wp:term":[{"taxonomy":"product_brand","embeddable":true,"href":"https:\/\/padelhaus.mustlammas-dev.in\/fi\/wp-json\/wp\/v2\/product_brand?post=72404"},{"taxonomy":"product_cat","embeddable":true,"href":"https:\/\/padelhaus.mustlammas-dev.in\/fi\/wp-json\/wp\/v2\/product_cat?post=72404"},{"taxonomy":"product_tag","embeddable":true,"href":"https:\/\/padelhaus.mustlammas-dev.in\/fi\/wp-json\/wp\/v2\/product_tag?post=72404"}],"curies":[{"name":"wp","href":"https:\/\/api.w.org\/{rel}","templated":true}]}}