{"id":72441,"date":"2025-12-05T12:18:01","date_gmt":"2025-12-05T10:18:01","guid":{"rendered":"https:\/\/padelhaus.mustlammas-dev.in\/pood\/nox-at10-pro-cup-soft-2026\/"},"modified":"2026-03-05T17:57:46","modified_gmt":"2026-03-05T15:57:46","slug":"nox-at10-pro-cup-soft-2026","status":"publish","type":"product","link":"https:\/\/padelhaus.mustlammas-dev.in\/fi\/kauppa\/nox-at10-pro-cup-soft-2026\/","title":{"rendered":"Nox AT10 Pro Cup Soft 2026"},"content":{"rendered":"<p data-start=\"105\" data-end=\"429\"><strong>Nox At10 Pro Cup Soft by Agust\u00edn Tapia 2026<\/strong> on klassikon evoluutio, joka s\u00e4ilytt\u00e4\u00e4 Tapian vuoden 2025 mailan muodon, mutta tarjoaa pehme\u00e4mm\u00e4n tuntuman pelaajille, jotka etsiv\u00e4t mukavuutta, hallintaa ja hyv\u00e4\u00e4 pallonl\u00e4ht\u00f6\u00e4. T\u00e4m\u00e4 malli on suunniteltu niille, jotka haluavat nauttia ammattitason ominaisuuksista menett\u00e4m\u00e4tt\u00e4 miellytt\u00e4v\u00e4\u00e4 pelituntumaa jokaisessa ly\u00f6nniss\u00e4. <\/p>\n<h5 data-start=\"431\" data-end=\"861\">Tasapainoinen ja monipuolinen suorituskyky<\/h5>\n<p data-start=\"431\" data-end=\"861\">Pisaran muodon ja laadukkaan rakenteen ansiosta t\u00e4m\u00e4 maila tarjoaa t\u00e4ydellisen tasapainon voiman ja hallinnan v\u00e4lill\u00e4. Hiilikuitukehys tuo j\u00e4ykkyytt\u00e4 ja kest\u00e4vyytt\u00e4, kun taas alumiinipinnoitetut lasikuitupinnat antavat monipuolisen keskitason tuntuman. HR3 Soft EVA -ydin vaimentaa iskuja varmistaen tarkkuuden ja v\u00e4hent\u00e4en t\u00e4rin\u00e4\u00e4, jotta pitk\u00e4t ja intensiiviset pelit olisivat mukavampia.  <\/p>\n<h5 data-start=\"863\" data-end=\"894\">Innovatiiviset teknologiat<\/h5>\n<ul data-start=\"895\" data-end=\"1884\">\n<li data-start=\"895\" data-end=\"1027\">\n<p data-start=\"897\" data-end=\"1027\"><strong data-start=\"897\" data-end=\"910\">Eos Flap:<\/strong> sivurei&#8217;itykset, jotka parantavat aerodynamiikkaa ja jakavat painoa, tehden mailasta nopeamman ja helpommin k\u00e4sitelt\u00e4v\u00e4n<\/p>\n<\/li>\n<li data-start=\"1028\" data-end=\"1139\">\n<p data-start=\"1030\" data-end=\"1139\"><strong data-start=\"1030\" data-end=\"1047\">Pulse System:<\/strong> sivuilla olevat kumiosat, jotka v\u00e4hent\u00e4v\u00e4t t\u00e4rin\u00e4\u00e4 ja lis\u00e4\u00e4v\u00e4t mukavuutta jokaisessa ly\u00f6nniss\u00e4<\/p>\n<\/li>\n<li data-start=\"1140\" data-end=\"1274\">\n<p data-start=\"1142\" data-end=\"1274\"><strong data-start=\"1142\" data-end=\"1161\">Exclusive Spin:<\/strong> karkea pinta kaksoisviimeistelyll\u00e4 (3D-heksagoni keskell\u00e4 ja hiekkapuhallus muualla), mik\u00e4 mahdollistaa enemm\u00e4n kierteit\u00e4<\/p>\n<\/li>\n<li data-start=\"1275\" data-end=\"1403\">\n<p data-start=\"1277\" data-end=\"1403\"><strong data-start=\"1277\" data-end=\"1306\">Fiber Glass Silver (FGS):<\/strong> metallinhohtoinen lasikuitu, joka takaa hiilikuidun ja lasikuidun v\u00e4lisen keskitason j\u00e4ykkyyden<\/p>\n<\/li>\n<li data-start=\"1404\" data-end=\"1501\">\n<p data-start=\"1406\" data-end=\"1501\"><strong data-start=\"1406\" data-end=\"1423\">HR3 Soft EVA:<\/strong> matalatiheyksinen kumi, joka takaa erinomaisen hallinnan ja pallonl\u00e4hd\u00f6n<\/p>\n<\/li>\n<li data-start=\"1502\" data-end=\"1661\">\n<p data-start=\"1504\" data-end=\"1661\"><strong data-start=\"1504\" data-end=\"1542\">Dynamic Composite Structure (DCS):<\/strong> vahvike, joka yhdist\u00e4\u00e4 kehyksen ja ly\u00f6ntipinnan, taaten paremman kest\u00e4vyyden ja suojan keskikohdan ulkopuolelle osuvissa ly\u00f6nneiss\u00e4<\/p>\n<\/li>\n<li data-start=\"1662\" data-end=\"1800\">\n<p data-start=\"1664\" data-end=\"1800\"><strong data-start=\"1664\" data-end=\"1679\">Smartstrap:<\/strong> vaihdettava Smartstrap-rannehihna<\/p>\n<\/li>\n<li data-start=\"1801\" data-end=\"1884\">\n<p data-start=\"1803\" data-end=\"1884\"><strong data-start=\"1803\" data-end=\"1820\">Carbon Frame:<\/strong> 100 % hiilikuitukehys, joka takaa j\u00e4ykkyyden, lujuuden ja pitk\u00e4ik\u00e4isyyden<\/p>\n<\/li>\n<\/ul>\n","protected":false},"excerpt":{"rendered":"<p>Nox At10 Pro Cup Soft by Agust\u00edn Tapia 2026 on klassikon evoluutio, joka s\u00e4ilytt\u00e4\u00e4 Tapian vuoden 2025 mailan muodon, mutta tarjoaa pehme\u00e4mm\u00e4n tuntuman pelaajille, jotka etsiv\u00e4t mukavuutta, hallintaa ja hyv\u00e4\u00e4 pallonl\u00e4ht\u00f6\u00e4. T\u00e4m\u00e4 malli on suunniteltu niille, jotka haluavat nauttia ammattitason ominaisuuksista menett\u00e4m\u00e4tt\u00e4 miellytt\u00e4v\u00e4\u00e4 pelituntumaa jokaisessa ly\u00f6nniss\u00e4. Tasapainoinen ja monipuolinen suorituskyky Pisaran muodon ja laadukkaan rakenteen [&hellip;]<\/p>\n","protected":false},"featured_media":72458,"comment_status":"open","ping_status":"closed","template":"","meta":{"_eb_attr":""},"product_brand":[493],"product_cat":[496,497,494],"product_tag":[],"class_list":{"0":"post-72441","1":"product","2":"type-product","3":"status-publish","4":"has-post-thumbnail","6":"product_brand-nox","7":"product_cat-edistynyt","8":"product_cat-nox","9":"product_cat-padelmailat","10":"pa_kaal-365g","11":"pa_kuju-pisaranmuotoinen","12":"pa_mangustiil-hybridi","13":"pa_tasakaal-keskella","14":"pa_tase-edistynyt","15":"pa_varv-musta","18":"first","19":"instock","20":"sale","21":"taxable","22":"shipping-taxable","23":"purchasable","24":"product-type-simple"},"yoast_head":"<!-- This site is optimized with the Yoast SEO Premium plugin v27.1 (Yoast SEO v27.1.1) - https:\/\/yoast.com\/product\/yoast-seo-premium-wordpress\/ -->\n<title>Nox AT10 Pro Cup Soft 2026 | Test Padelhaus<\/title>\n<meta name=\"description\" content=\"Padelmailat ja padelvarusteet edullisesti. Padelhaus on padel verkkokauppa, josta l\u00f6yd\u00e4t parhaat padelmailat kaikille tasoille.\" \/>\n<meta name=\"robots\" content=\"noindex, follow, max-snippet:-1, max-image-preview:large, max-video-preview:-1\" \/>\n<meta property=\"og:locale\" content=\"fi_FI\" \/>\n<meta property=\"og:type\" content=\"article\" \/>\n<meta property=\"og:title\" content=\"Nox AT10 Pro Cup Soft 2026\" \/>\n<meta property=\"og:description\" content=\"Padelmailat ja padelvarusteet edullisesti. Padelhaus on padel verkkokauppa, josta l\u00f6yd\u00e4t parhaat padelmailat kaikille tasoille.\" \/>\n<meta property=\"og:url\" content=\"https:\/\/padelhaus.mustlammas-dev.in\/fi\/kauppa\/nox-at10-pro-cup-soft-2026\/\" \/>\n<meta property=\"og:site_name\" content=\"Test Padelhaus\" \/>\n<meta property=\"article:modified_time\" content=\"2026-03-05T15:57:46+00:00\" \/>\n<meta property=\"og:image\" content=\"https:\/\/padelhaus.lv\/wp-content\/uploads\/2025\/12\/NOX-AT10-PRO-CUP-SOFT-BY-AGUSTIN-TAPIA.webp\" \/>\n\t<meta property=\"og:image:width\" content=\"1000\" \/>\n\t<meta property=\"og:image:height\" content=\"1000\" \/>\n\t<meta property=\"og:image:type\" content=\"image\/webp\" \/>\n<meta name=\"twitter:card\" content=\"summary_large_image\" \/>\n<meta name=\"twitter:label1\" content=\"Hinta\" \/>\n\t<meta name=\"twitter:data1\" content=\"159,95&nbsp;&euro;\" \/>\n\t<meta name=\"twitter:label2\" content=\"Saatavuus\" \/>\n\t<meta name=\"twitter:data2\" content=\"Varastossa\" \/>\n<script type=\"application\/ld+json\" class=\"yoast-schema-graph\">{\"@context\":\"https:\/\/schema.org\",\"@graph\":[{\"@type\":[\"WebPage\",\"ItemPage\"],\"@id\":\"https:\/\/padelhaus.mustlammas-dev.in\/fi\/kauppa\/nox-at10-pro-cup-soft-2026\/\",\"url\":\"https:\/\/padelhaus.mustlammas-dev.in\/fi\/kauppa\/nox-at10-pro-cup-soft-2026\/\",\"name\":\"Nox AT10 Pro Cup Soft 2026 | Test Padelhaus\",\"isPartOf\":{\"@id\":\"https:\/\/padelhaus.mustlammas-dev.in\/fi\/#website\"},\"primaryImageOfPage\":{\"@id\":\"https:\/\/padelhaus.mustlammas-dev.in\/fi\/kauppa\/nox-at10-pro-cup-soft-2026\/#primaryimage\"},\"image\":{\"@id\":\"https:\/\/padelhaus.mustlammas-dev.in\/fi\/kauppa\/nox-at10-pro-cup-soft-2026\/#primaryimage\"},\"thumbnailUrl\":\"https:\/\/padelhaus.mustlammas-dev.in\/wp-content\/uploads\/2025\/12\/NOX-AT10-PRO-CUP-SOFT-BY-AGUSTIN-TAPIA.webp\",\"datePublished\":\"2025-12-05T10:18:01+00:00\",\"dateModified\":\"2026-03-05T15:57:46+00:00\",\"description\":\"Padelmailat ja padelvarusteet edullisesti. Padelhaus on padel verkkokauppa, josta l\u00f6yd\u00e4t parhaat padelmailat kaikille tasoille.\",\"breadcrumb\":{\"@id\":\"https:\/\/padelhaus.mustlammas-dev.in\/fi\/kauppa\/nox-at10-pro-cup-soft-2026\/#breadcrumb\"},\"inLanguage\":\"fi\",\"potentialAction\":[{\"@type\":\"ReadAction\",\"target\":[\"https:\/\/padelhaus.mustlammas-dev.in\/fi\/kauppa\/nox-at10-pro-cup-soft-2026\/\"]}]},{\"@type\":\"ImageObject\",\"inLanguage\":\"fi\",\"@id\":\"https:\/\/padelhaus.mustlammas-dev.in\/fi\/kauppa\/nox-at10-pro-cup-soft-2026\/#primaryimage\",\"url\":\"https:\/\/padelhaus.mustlammas-dev.in\/wp-content\/uploads\/2025\/12\/NOX-AT10-PRO-CUP-SOFT-BY-AGUSTIN-TAPIA.webp\",\"contentUrl\":\"https:\/\/padelhaus.mustlammas-dev.in\/wp-content\/uploads\/2025\/12\/NOX-AT10-PRO-CUP-SOFT-BY-AGUSTIN-TAPIA.webp\",\"width\":1000,\"height\":1000,\"caption\":\"NOX AT10 PRO CUP SOFT BY AGUSTIN TAPIA\"},{\"@type\":\"BreadcrumbList\",\"@id\":\"https:\/\/padelhaus.mustlammas-dev.in\/fi\/kauppa\/nox-at10-pro-cup-soft-2026\/#breadcrumb\",\"itemListElement\":[{\"@type\":\"ListItem\",\"position\":1,\"name\":\"Avaleht\",\"item\":\"https:\/\/padelhaus.fi\/\"},{\"@type\":\"ListItem\",\"position\":2,\"name\":\"Kauppa\",\"item\":\"https:\/\/padelhaus.fi\/kauppa\/\"},{\"@type\":\"ListItem\",\"position\":3,\"name\":\"Nox AT10 Pro Cup Soft 2026\"}]},{\"@type\":\"WebSite\",\"@id\":\"https:\/\/padelhaus.mustlammas-dev.in\/fi\/#website\",\"url\":\"https:\/\/padelhaus.mustlammas-dev.in\/fi\/\",\"name\":\"Claude Padelhaus\",\"description\":\"Sinu padelivarustuse kodu\",\"publisher\":{\"@id\":\"https:\/\/padelhaus.mustlammas-dev.in\/fi\/#organization\"},\"potentialAction\":[{\"@type\":\"SearchAction\",\"target\":{\"@type\":\"EntryPoint\",\"urlTemplate\":\"https:\/\/padelhaus.mustlammas-dev.in\/fi\/?s={search_term_string}\"},\"query-input\":{\"@type\":\"PropertyValueSpecification\",\"valueRequired\":true,\"valueName\":\"search_term_string\"}}],\"inLanguage\":\"fi\"},{\"@type\":\"Organization\",\"@id\":\"https:\/\/padelhaus.mustlammas-dev.in\/fi\/#organization\",\"name\":\"Claude Padelhaus\",\"url\":\"https:\/\/padelhaus.mustlammas-dev.in\/fi\/\",\"logo\":{\"@type\":\"ImageObject\",\"inLanguage\":\"fi\",\"@id\":\"https:\/\/padelhaus.mustlammas-dev.in\/fi\/#\/schema\/logo\/image\/\",\"url\":\"https:\/\/padelhaus.mustlammas-dev.in\/wp-content\/uploads\/2025\/05\/Logo-1.png\",\"contentUrl\":\"https:\/\/padelhaus.mustlammas-dev.in\/wp-content\/uploads\/2025\/05\/Logo-1.png\",\"width\":280,\"height\":115,\"caption\":\"Claude Padelhaus\"},\"image\":{\"@id\":\"https:\/\/padelhaus.mustlammas-dev.in\/fi\/#\/schema\/logo\/image\/\"}}]}<\/script>\n<meta property=\"product:price:amount\" content=\"159.95\" \/>\n<meta property=\"product:price:currency\" content=\"EUR\" \/>\n<meta property=\"og:availability\" content=\"instock\" \/>\n<meta property=\"product:availability\" content=\"instock\" \/>\n<meta property=\"product:retailer_item_id\" content=\"NOX-R-32\" \/>\n<meta property=\"product:condition\" content=\"new\" \/>\n<!-- \/ Yoast SEO Premium plugin. -->","yoast_head_json":{"title":"Nox AT10 Pro Cup Soft 2026 | Test Padelhaus","description":"Padelmailat ja padelvarusteet edullisesti. Padelhaus on padel verkkokauppa, josta l\u00f6yd\u00e4t parhaat padelmailat kaikille tasoille.","robots":{"index":"noindex","follow":"follow","max-snippet":"max-snippet:-1","max-image-preview":"max-image-preview:large","max-video-preview":"max-video-preview:-1"},"og_locale":"fi_FI","og_type":"article","og_title":"Nox AT10 Pro Cup Soft 2026","og_description":"Padelmailat ja padelvarusteet edullisesti. Padelhaus on padel verkkokauppa, josta l\u00f6yd\u00e4t parhaat padelmailat kaikille tasoille.","og_url":"https:\/\/padelhaus.mustlammas-dev.in\/fi\/kauppa\/nox-at10-pro-cup-soft-2026\/","og_site_name":"Test Padelhaus","article_modified_time":"2026-03-05T15:57:46+00:00","og_image":[{"width":1000,"height":1000,"url":"https:\/\/padelhaus.lv\/wp-content\/uploads\/2025\/12\/NOX-AT10-PRO-CUP-SOFT-BY-AGUSTIN-TAPIA.webp","type":"image\/webp"}],"twitter_card":"summary_large_image","twitter_misc":{"Hinta":"159,95&nbsp;&euro;","Saatavuus":"Varastossa"},"schema":{"@context":"https:\/\/schema.org","@graph":[{"@type":["WebPage","ItemPage"],"@id":"https:\/\/padelhaus.mustlammas-dev.in\/fi\/kauppa\/nox-at10-pro-cup-soft-2026\/","url":"https:\/\/padelhaus.mustlammas-dev.in\/fi\/kauppa\/nox-at10-pro-cup-soft-2026\/","name":"Nox AT10 Pro Cup Soft 2026 | Test Padelhaus","isPartOf":{"@id":"https:\/\/padelhaus.mustlammas-dev.in\/fi\/#website"},"primaryImageOfPage":{"@id":"https:\/\/padelhaus.mustlammas-dev.in\/fi\/kauppa\/nox-at10-pro-cup-soft-2026\/#primaryimage"},"image":{"@id":"https:\/\/padelhaus.mustlammas-dev.in\/fi\/kauppa\/nox-at10-pro-cup-soft-2026\/#primaryimage"},"thumbnailUrl":"https:\/\/padelhaus.mustlammas-dev.in\/wp-content\/uploads\/2025\/12\/NOX-AT10-PRO-CUP-SOFT-BY-AGUSTIN-TAPIA.webp","datePublished":"2025-12-05T10:18:01+00:00","dateModified":"2026-03-05T15:57:46+00:00","description":"Padelmailat ja padelvarusteet edullisesti. Padelhaus on padel verkkokauppa, josta l\u00f6yd\u00e4t parhaat padelmailat kaikille tasoille.","breadcrumb":{"@id":"https:\/\/padelhaus.mustlammas-dev.in\/fi\/kauppa\/nox-at10-pro-cup-soft-2026\/#breadcrumb"},"inLanguage":"fi","potentialAction":[{"@type":"ReadAction","target":["https:\/\/padelhaus.mustlammas-dev.in\/fi\/kauppa\/nox-at10-pro-cup-soft-2026\/"]}]},{"@type":"ImageObject","inLanguage":"fi","@id":"https:\/\/padelhaus.mustlammas-dev.in\/fi\/kauppa\/nox-at10-pro-cup-soft-2026\/#primaryimage","url":"https:\/\/padelhaus.mustlammas-dev.in\/wp-content\/uploads\/2025\/12\/NOX-AT10-PRO-CUP-SOFT-BY-AGUSTIN-TAPIA.webp","contentUrl":"https:\/\/padelhaus.mustlammas-dev.in\/wp-content\/uploads\/2025\/12\/NOX-AT10-PRO-CUP-SOFT-BY-AGUSTIN-TAPIA.webp","width":1000,"height":1000,"caption":"NOX AT10 PRO CUP SOFT BY AGUSTIN TAPIA"},{"@type":"BreadcrumbList","@id":"https:\/\/padelhaus.mustlammas-dev.in\/fi\/kauppa\/nox-at10-pro-cup-soft-2026\/#breadcrumb","itemListElement":[{"@type":"ListItem","position":1,"name":"Avaleht","item":"https:\/\/padelhaus.fi\/"},{"@type":"ListItem","position":2,"name":"Kauppa","item":"https:\/\/padelhaus.fi\/kauppa\/"},{"@type":"ListItem","position":3,"name":"Nox AT10 Pro Cup Soft 2026"}]},{"@type":"WebSite","@id":"https:\/\/padelhaus.mustlammas-dev.in\/fi\/#website","url":"https:\/\/padelhaus.mustlammas-dev.in\/fi\/","name":"Claude Padelhaus","description":"Sinu padelivarustuse kodu","publisher":{"@id":"https:\/\/padelhaus.mustlammas-dev.in\/fi\/#organization"},"potentialAction":[{"@type":"SearchAction","target":{"@type":"EntryPoint","urlTemplate":"https:\/\/padelhaus.mustlammas-dev.in\/fi\/?s={search_term_string}"},"query-input":{"@type":"PropertyValueSpecification","valueRequired":true,"valueName":"search_term_string"}}],"inLanguage":"fi"},{"@type":"Organization","@id":"https:\/\/padelhaus.mustlammas-dev.in\/fi\/#organization","name":"Claude Padelhaus","url":"https:\/\/padelhaus.mustlammas-dev.in\/fi\/","logo":{"@type":"ImageObject","inLanguage":"fi","@id":"https:\/\/padelhaus.mustlammas-dev.in\/fi\/#\/schema\/logo\/image\/","url":"https:\/\/padelhaus.mustlammas-dev.in\/wp-content\/uploads\/2025\/05\/Logo-1.png","contentUrl":"https:\/\/padelhaus.mustlammas-dev.in\/wp-content\/uploads\/2025\/05\/Logo-1.png","width":280,"height":115,"caption":"Claude Padelhaus"},"image":{"@id":"https:\/\/padelhaus.mustlammas-dev.in\/fi\/#\/schema\/logo\/image\/"}}]},"product_price_amount":"159.95","product_price_currency":"EUR","og_availability":"instock","product_availability":"instock","product_retailer_item_id":"NOX-R-32","product_condition":"new"},"_links":{"self":[{"href":"https:\/\/padelhaus.mustlammas-dev.in\/fi\/wp-json\/wp\/v2\/product\/72441","targetHints":{"allow":["GET"]}}],"collection":[{"href":"https:\/\/padelhaus.mustlammas-dev.in\/fi\/wp-json\/wp\/v2\/product"}],"about":[{"href":"https:\/\/padelhaus.mustlammas-dev.in\/fi\/wp-json\/wp\/v2\/types\/product"}],"replies":[{"embeddable":true,"href":"https:\/\/padelhaus.mustlammas-dev.in\/fi\/wp-json\/wp\/v2\/comments?post=72441"}],"wp:featuredmedia":[{"embeddable":true,"href":"https:\/\/padelhaus.mustlammas-dev.in\/fi\/wp-json\/wp\/v2\/media\/72458"}],"wp:attachment":[{"href":"https:\/\/padelhaus.mustlammas-dev.in\/fi\/wp-json\/wp\/v2\/media?parent=72441"}],"wp:term":[{"taxonomy":"product_brand","embeddable":true,"href":"https:\/\/padelhaus.mustlammas-dev.in\/fi\/wp-json\/wp\/v2\/product_brand?post=72441"},{"taxonomy":"product_cat","embeddable":true,"href":"https:\/\/padelhaus.mustlammas-dev.in\/fi\/wp-json\/wp\/v2\/product_cat?post=72441"},{"taxonomy":"product_tag","embeddable":true,"href":"https:\/\/padelhaus.mustlammas-dev.in\/fi\/wp-json\/wp\/v2\/product_tag?post=72441"}],"curies":[{"name":"wp","href":"https:\/\/api.w.org\/{rel}","templated":true}]}}