{"id":72463,"date":"2025-12-05T04:55:38","date_gmt":"2025-12-05T02:55:38","guid":{"rendered":"https:\/\/padelhaus.mustlammas-dev.in\/pood\/bullpadel-ionic-power-26\/"},"modified":"2026-03-05T17:57:53","modified_gmt":"2026-03-05T15:57:53","slug":"bullpadel-ionic-power-26","status":"publish","type":"product","link":"https:\/\/padelhaus.mustlammas-dev.in\/fi\/kauppa\/bullpadel-ionic-power-26\/","title":{"rendered":"Bullpadel Ionic Power 26"},"content":{"rendered":"<p data-start=\"0\" data-end=\"282\"><strong>Bullpadel Ionic Power 26<\/strong> on maila pelaajalle, joka haluaa m\u00e4\u00e4r\u00e4t\u00e4 tahdin kent\u00e4ll\u00e4. Sen muotoilu tukee hy\u00f6kk\u00e4\u00e4v\u00e4\u00e4 ja dynaamista pelityyli\u00e4 ja antaa varmuutta siihen, ett\u00e4 jokaisessa ly\u00f6nniss\u00e4 on riitt\u00e4v\u00e4sti voimaa pelin kulkuun vaikuttamiseksi. <\/p>\n<h5 data-start=\"284\" data-end=\"594\">Itseluottamusta her\u00e4tt\u00e4v\u00e4 muotoilu<\/h5>\n<p data-start=\"284\" data-end=\"594\">Py\u00f6re\u00e4 muoto ohjaa energian mailan yl\u00e4osaan, mik\u00e4 sopii erinomaisesti aggressiivisiin volley-ly\u00f6nteihin ja ratkaiseviin smasheihiin. Moderni viimeistely ja korkealaatuiset materiaalit antavat pelaajalle tunteen luotettavasta ja visuaalisesti houkuttelevasta mailasta. <\/p>\n<h5>T\u00e4rkeimm\u00e4t ominaisuudet ja teknologiat<\/h5>\n<ul data-start=\"636\" data-end=\"1200\" data-is-last-node=\"\" data-is-only-node=\"\">\n<li data-start=\"636\" data-end=\"689\">\n<p data-start=\"638\" data-end=\"689\"><strong>Py\u00f6re\u00e4 muoto<\/strong>, joka lis\u00e4\u00e4 voimaa hy\u00f6kk\u00e4ysly\u00f6nteihin<\/p>\n<\/li>\n<li data-start=\"690\" data-end=\"776\">\n<p data-start=\"692\" data-end=\"776\"><strong>Paino n. 365\u2013375 g<\/strong> takaa hyv\u00e4n tasapainon vakauden ja ketteryyden v\u00e4lill\u00e4<\/p>\n<\/li>\n<li data-start=\"777\" data-end=\"833\">\n<p data-start=\"779\" data-end=\"833\"><strong data-start=\"779\" data-end=\"797\">Korkea tasapaino<\/strong>, ihanteellinen hy\u00f6kk\u00e4\u00e4v\u00e4\u00e4n pelityyliin<\/p>\n<\/li>\n<li data-start=\"834\" data-end=\"900\">\n<p data-start=\"836\" data-end=\"900\"><strong data-start=\"836\" data-end=\"853\">38 mm:n profiili<\/strong>, nykyaikaisten padel-standardien mukainen<\/p>\n<\/li>\n<li data-start=\"901\" data-end=\"1018\">\n<p data-start=\"903\" data-end=\"1018\"><strong data-start=\"903\" data-end=\"923\">MultiEva-ydin<\/strong> \u2013 kaksikerroksinen tiheys tarjoaa kontrollia pehmeisiin ly\u00f6nteihin ja r\u00e4j\u00e4hdysm\u00e4isyytt\u00e4 smasheihiin<\/p>\n<\/li>\n<li data-start=\"1019\" data-end=\"1119\">\n<p data-start=\"1021\" data-end=\"1119\"><strong data-start=\"1021\" data-end=\"1043\">Glaphite-pinta<\/strong> \u2013 innovatiivinen hiili- ja lasikuidun sekoitus, joka takaa lujuuden ja keveyden<\/p>\n<\/li>\n<li data-start=\"1120\" data-end=\"1200\" data-is-last-node=\"\">\n<p data-start=\"1122\" data-end=\"1200\" data-is-last-node=\"\"><strong data-start=\"1122\" data-end=\"1140\">Xforce-j\u00e4rjestelm\u00e4<\/strong> \u2013 parantaa pallon l\u00e4ht\u00f6nopeutta ja optimoi mailan hallittavuutta<\/p>\n<\/li>\n<\/ul>\n","protected":false},"excerpt":{"rendered":"<p>Bullpadel Ionic Power 26 on maila pelaajalle, joka haluaa m\u00e4\u00e4r\u00e4t\u00e4 tahdin kent\u00e4ll\u00e4. Sen muotoilu tukee hy\u00f6kk\u00e4\u00e4v\u00e4\u00e4 ja dynaamista pelityyli\u00e4 ja antaa varmuutta siihen, ett\u00e4 jokaisessa ly\u00f6nniss\u00e4 on riitt\u00e4v\u00e4sti voimaa pelin kulkuun vaikuttamiseksi. Itseluottamusta her\u00e4tt\u00e4v\u00e4 muotoilu Py\u00f6re\u00e4 muoto ohjaa energian mailan yl\u00e4osaan, mik\u00e4 sopii erinomaisesti aggressiivisiin volley-ly\u00f6nteihin ja ratkaiseviin smasheihiin. Moderni viimeistely ja korkealaatuiset materiaalit antavat [&hellip;]<\/p>\n","protected":false},"featured_media":72470,"comment_status":"open","ping_status":"closed","template":"","meta":{"_eb_attr":""},"product_brand":[503],"product_cat":[504,496,505,494],"product_tag":[],"class_list":{"0":"post-72463","1":"product","2":"type-product","3":"status-publish","4":"has-post-thumbnail","6":"product_brand-bullpadel","7":"product_cat-bullpadel","8":"product_cat-edistynyt","9":"product_cat-naiset","10":"product_cat-padelmailat","11":"pa_kaal-365g","12":"pa_kuju-pisaranmuotoinen","13":"pa_mangustiil-hyokkaava","14":"pa_tasakaal-ylhaalla","15":"pa_tase-keskitaso","16":"pa_varv-valkoinen","19":"first","20":"instock","21":"sale","22":"taxable","23":"shipping-taxable","24":"purchasable","25":"product-type-simple"},"yoast_head":"<!-- This site is optimized with the Yoast SEO Premium plugin v27.1 (Yoast SEO v27.1.1) - https:\/\/yoast.com\/product\/yoast-seo-premium-wordpress\/ -->\n<title>Bullpadel Ionic Power 26 | Test Padelhaus<\/title>\n<meta name=\"description\" content=\"Padelmailat ja padelvarusteet edullisesti. Padelhaus on padel verkkokauppa, josta l\u00f6yd\u00e4t parhaat padelmailat kaikille tasoille.\" \/>\n<meta name=\"robots\" content=\"noindex, follow, max-snippet:-1, max-image-preview:large, max-video-preview:-1\" \/>\n<meta property=\"og:locale\" content=\"fi_FI\" \/>\n<meta property=\"og:type\" content=\"article\" \/>\n<meta property=\"og:title\" content=\"Bullpadel Ionic Power 26\" \/>\n<meta property=\"og:description\" content=\"Padelmailat ja padelvarusteet edullisesti. Padelhaus on padel verkkokauppa, josta l\u00f6yd\u00e4t parhaat padelmailat kaikille tasoille.\" \/>\n<meta property=\"og:url\" content=\"https:\/\/padelhaus.mustlammas-dev.in\/fi\/kauppa\/bullpadel-ionic-power-26\/\" \/>\n<meta property=\"og:site_name\" content=\"Test Padelhaus\" \/>\n<meta property=\"article:modified_time\" content=\"2026-03-05T15:57:53+00:00\" \/>\n<meta property=\"og:image\" content=\"https:\/\/padelhaus.lv\/wp-content\/uploads\/2025\/12\/BULLPADEL-IONIC-POWER-26.webp\" \/>\n\t<meta property=\"og:image:width\" content=\"1000\" \/>\n\t<meta property=\"og:image:height\" content=\"1000\" \/>\n\t<meta property=\"og:image:type\" content=\"image\/webp\" \/>\n<meta name=\"twitter:card\" content=\"summary_large_image\" \/>\n<meta name=\"twitter:label1\" content=\"Hinta\" \/>\n\t<meta name=\"twitter:data1\" content=\"174,95&nbsp;&euro;\" \/>\n\t<meta name=\"twitter:label2\" content=\"Saatavuus\" \/>\n\t<meta name=\"twitter:data2\" content=\"Varastossa\" \/>\n<script type=\"application\/ld+json\" class=\"yoast-schema-graph\">{\"@context\":\"https:\/\/schema.org\",\"@graph\":[{\"@type\":[\"WebPage\",\"ItemPage\"],\"@id\":\"https:\/\/padelhaus.mustlammas-dev.in\/fi\/kauppa\/bullpadel-ionic-power-26\/\",\"url\":\"https:\/\/padelhaus.mustlammas-dev.in\/fi\/kauppa\/bullpadel-ionic-power-26\/\",\"name\":\"Bullpadel Ionic Power 26 | Test Padelhaus\",\"isPartOf\":{\"@id\":\"https:\/\/padelhaus.mustlammas-dev.in\/fi\/#website\"},\"primaryImageOfPage\":{\"@id\":\"https:\/\/padelhaus.mustlammas-dev.in\/fi\/kauppa\/bullpadel-ionic-power-26\/#primaryimage\"},\"image\":{\"@id\":\"https:\/\/padelhaus.mustlammas-dev.in\/fi\/kauppa\/bullpadel-ionic-power-26\/#primaryimage\"},\"thumbnailUrl\":\"https:\/\/padelhaus.mustlammas-dev.in\/wp-content\/uploads\/2025\/12\/BULLPADEL-IONIC-POWER-26.webp\",\"datePublished\":\"2025-12-05T02:55:38+00:00\",\"dateModified\":\"2026-03-05T15:57:53+00:00\",\"description\":\"Padelmailat ja padelvarusteet edullisesti. Padelhaus on padel verkkokauppa, josta l\u00f6yd\u00e4t parhaat padelmailat kaikille tasoille.\",\"breadcrumb\":{\"@id\":\"https:\/\/padelhaus.mustlammas-dev.in\/fi\/kauppa\/bullpadel-ionic-power-26\/#breadcrumb\"},\"inLanguage\":\"fi\",\"potentialAction\":[{\"@type\":\"ReadAction\",\"target\":[\"https:\/\/padelhaus.mustlammas-dev.in\/fi\/kauppa\/bullpadel-ionic-power-26\/\"]}]},{\"@type\":\"ImageObject\",\"inLanguage\":\"fi\",\"@id\":\"https:\/\/padelhaus.mustlammas-dev.in\/fi\/kauppa\/bullpadel-ionic-power-26\/#primaryimage\",\"url\":\"https:\/\/padelhaus.mustlammas-dev.in\/wp-content\/uploads\/2025\/12\/BULLPADEL-IONIC-POWER-26.webp\",\"contentUrl\":\"https:\/\/padelhaus.mustlammas-dev.in\/wp-content\/uploads\/2025\/12\/BULLPADEL-IONIC-POWER-26.webp\",\"width\":1000,\"height\":1000,\"caption\":\"BULLPADEL IONIC POWER 26\"},{\"@type\":\"BreadcrumbList\",\"@id\":\"https:\/\/padelhaus.mustlammas-dev.in\/fi\/kauppa\/bullpadel-ionic-power-26\/#breadcrumb\",\"itemListElement\":[{\"@type\":\"ListItem\",\"position\":1,\"name\":\"Avaleht\",\"item\":\"https:\/\/padelhaus.fi\/\"},{\"@type\":\"ListItem\",\"position\":2,\"name\":\"Kauppa\",\"item\":\"https:\/\/padelhaus.fi\/kauppa\/\"},{\"@type\":\"ListItem\",\"position\":3,\"name\":\"Bullpadel Ionic Power 26\"}]},{\"@type\":\"WebSite\",\"@id\":\"https:\/\/padelhaus.mustlammas-dev.in\/fi\/#website\",\"url\":\"https:\/\/padelhaus.mustlammas-dev.in\/fi\/\",\"name\":\"Claude Padelhaus\",\"description\":\"Sinu padelivarustuse kodu\",\"publisher\":{\"@id\":\"https:\/\/padelhaus.mustlammas-dev.in\/fi\/#organization\"},\"potentialAction\":[{\"@type\":\"SearchAction\",\"target\":{\"@type\":\"EntryPoint\",\"urlTemplate\":\"https:\/\/padelhaus.mustlammas-dev.in\/fi\/?s={search_term_string}\"},\"query-input\":{\"@type\":\"PropertyValueSpecification\",\"valueRequired\":true,\"valueName\":\"search_term_string\"}}],\"inLanguage\":\"fi\"},{\"@type\":\"Organization\",\"@id\":\"https:\/\/padelhaus.mustlammas-dev.in\/fi\/#organization\",\"name\":\"Claude Padelhaus\",\"url\":\"https:\/\/padelhaus.mustlammas-dev.in\/fi\/\",\"logo\":{\"@type\":\"ImageObject\",\"inLanguage\":\"fi\",\"@id\":\"https:\/\/padelhaus.mustlammas-dev.in\/fi\/#\/schema\/logo\/image\/\",\"url\":\"https:\/\/padelhaus.mustlammas-dev.in\/wp-content\/uploads\/2025\/05\/Logo-1.png\",\"contentUrl\":\"https:\/\/padelhaus.mustlammas-dev.in\/wp-content\/uploads\/2025\/05\/Logo-1.png\",\"width\":280,\"height\":115,\"caption\":\"Claude Padelhaus\"},\"image\":{\"@id\":\"https:\/\/padelhaus.mustlammas-dev.in\/fi\/#\/schema\/logo\/image\/\"}}]}<\/script>\n<meta property=\"product:price:amount\" content=\"174.95\" \/>\n<meta property=\"product:price:currency\" content=\"EUR\" \/>\n<meta property=\"og:availability\" content=\"instock\" \/>\n<meta property=\"product:availability\" content=\"instock\" \/>\n<meta property=\"product:retailer_item_id\" content=\"BUL-R-41\" \/>\n<meta property=\"product:condition\" content=\"new\" \/>\n<!-- \/ Yoast SEO Premium plugin. -->","yoast_head_json":{"title":"Bullpadel Ionic Power 26 | Test Padelhaus","description":"Padelmailat ja padelvarusteet edullisesti. Padelhaus on padel verkkokauppa, josta l\u00f6yd\u00e4t parhaat padelmailat kaikille tasoille.","robots":{"index":"noindex","follow":"follow","max-snippet":"max-snippet:-1","max-image-preview":"max-image-preview:large","max-video-preview":"max-video-preview:-1"},"og_locale":"fi_FI","og_type":"article","og_title":"Bullpadel Ionic Power 26","og_description":"Padelmailat ja padelvarusteet edullisesti. Padelhaus on padel verkkokauppa, josta l\u00f6yd\u00e4t parhaat padelmailat kaikille tasoille.","og_url":"https:\/\/padelhaus.mustlammas-dev.in\/fi\/kauppa\/bullpadel-ionic-power-26\/","og_site_name":"Test Padelhaus","article_modified_time":"2026-03-05T15:57:53+00:00","og_image":[{"width":1000,"height":1000,"url":"https:\/\/padelhaus.lv\/wp-content\/uploads\/2025\/12\/BULLPADEL-IONIC-POWER-26.webp","type":"image\/webp"}],"twitter_card":"summary_large_image","twitter_misc":{"Hinta":"174,95&nbsp;&euro;","Saatavuus":"Varastossa"},"schema":{"@context":"https:\/\/schema.org","@graph":[{"@type":["WebPage","ItemPage"],"@id":"https:\/\/padelhaus.mustlammas-dev.in\/fi\/kauppa\/bullpadel-ionic-power-26\/","url":"https:\/\/padelhaus.mustlammas-dev.in\/fi\/kauppa\/bullpadel-ionic-power-26\/","name":"Bullpadel Ionic Power 26 | Test Padelhaus","isPartOf":{"@id":"https:\/\/padelhaus.mustlammas-dev.in\/fi\/#website"},"primaryImageOfPage":{"@id":"https:\/\/padelhaus.mustlammas-dev.in\/fi\/kauppa\/bullpadel-ionic-power-26\/#primaryimage"},"image":{"@id":"https:\/\/padelhaus.mustlammas-dev.in\/fi\/kauppa\/bullpadel-ionic-power-26\/#primaryimage"},"thumbnailUrl":"https:\/\/padelhaus.mustlammas-dev.in\/wp-content\/uploads\/2025\/12\/BULLPADEL-IONIC-POWER-26.webp","datePublished":"2025-12-05T02:55:38+00:00","dateModified":"2026-03-05T15:57:53+00:00","description":"Padelmailat ja padelvarusteet edullisesti. Padelhaus on padel verkkokauppa, josta l\u00f6yd\u00e4t parhaat padelmailat kaikille tasoille.","breadcrumb":{"@id":"https:\/\/padelhaus.mustlammas-dev.in\/fi\/kauppa\/bullpadel-ionic-power-26\/#breadcrumb"},"inLanguage":"fi","potentialAction":[{"@type":"ReadAction","target":["https:\/\/padelhaus.mustlammas-dev.in\/fi\/kauppa\/bullpadel-ionic-power-26\/"]}]},{"@type":"ImageObject","inLanguage":"fi","@id":"https:\/\/padelhaus.mustlammas-dev.in\/fi\/kauppa\/bullpadel-ionic-power-26\/#primaryimage","url":"https:\/\/padelhaus.mustlammas-dev.in\/wp-content\/uploads\/2025\/12\/BULLPADEL-IONIC-POWER-26.webp","contentUrl":"https:\/\/padelhaus.mustlammas-dev.in\/wp-content\/uploads\/2025\/12\/BULLPADEL-IONIC-POWER-26.webp","width":1000,"height":1000,"caption":"BULLPADEL IONIC POWER 26"},{"@type":"BreadcrumbList","@id":"https:\/\/padelhaus.mustlammas-dev.in\/fi\/kauppa\/bullpadel-ionic-power-26\/#breadcrumb","itemListElement":[{"@type":"ListItem","position":1,"name":"Avaleht","item":"https:\/\/padelhaus.fi\/"},{"@type":"ListItem","position":2,"name":"Kauppa","item":"https:\/\/padelhaus.fi\/kauppa\/"},{"@type":"ListItem","position":3,"name":"Bullpadel Ionic Power 26"}]},{"@type":"WebSite","@id":"https:\/\/padelhaus.mustlammas-dev.in\/fi\/#website","url":"https:\/\/padelhaus.mustlammas-dev.in\/fi\/","name":"Claude Padelhaus","description":"Sinu padelivarustuse kodu","publisher":{"@id":"https:\/\/padelhaus.mustlammas-dev.in\/fi\/#organization"},"potentialAction":[{"@type":"SearchAction","target":{"@type":"EntryPoint","urlTemplate":"https:\/\/padelhaus.mustlammas-dev.in\/fi\/?s={search_term_string}"},"query-input":{"@type":"PropertyValueSpecification","valueRequired":true,"valueName":"search_term_string"}}],"inLanguage":"fi"},{"@type":"Organization","@id":"https:\/\/padelhaus.mustlammas-dev.in\/fi\/#organization","name":"Claude Padelhaus","url":"https:\/\/padelhaus.mustlammas-dev.in\/fi\/","logo":{"@type":"ImageObject","inLanguage":"fi","@id":"https:\/\/padelhaus.mustlammas-dev.in\/fi\/#\/schema\/logo\/image\/","url":"https:\/\/padelhaus.mustlammas-dev.in\/wp-content\/uploads\/2025\/05\/Logo-1.png","contentUrl":"https:\/\/padelhaus.mustlammas-dev.in\/wp-content\/uploads\/2025\/05\/Logo-1.png","width":280,"height":115,"caption":"Claude Padelhaus"},"image":{"@id":"https:\/\/padelhaus.mustlammas-dev.in\/fi\/#\/schema\/logo\/image\/"}}]},"product_price_amount":"174.95","product_price_currency":"EUR","og_availability":"instock","product_availability":"instock","product_retailer_item_id":"BUL-R-41","product_condition":"new"},"_links":{"self":[{"href":"https:\/\/padelhaus.mustlammas-dev.in\/fi\/wp-json\/wp\/v2\/product\/72463","targetHints":{"allow":["GET"]}}],"collection":[{"href":"https:\/\/padelhaus.mustlammas-dev.in\/fi\/wp-json\/wp\/v2\/product"}],"about":[{"href":"https:\/\/padelhaus.mustlammas-dev.in\/fi\/wp-json\/wp\/v2\/types\/product"}],"replies":[{"embeddable":true,"href":"https:\/\/padelhaus.mustlammas-dev.in\/fi\/wp-json\/wp\/v2\/comments?post=72463"}],"wp:featuredmedia":[{"embeddable":true,"href":"https:\/\/padelhaus.mustlammas-dev.in\/fi\/wp-json\/wp\/v2\/media\/72470"}],"wp:attachment":[{"href":"https:\/\/padelhaus.mustlammas-dev.in\/fi\/wp-json\/wp\/v2\/media?parent=72463"}],"wp:term":[{"taxonomy":"product_brand","embeddable":true,"href":"https:\/\/padelhaus.mustlammas-dev.in\/fi\/wp-json\/wp\/v2\/product_brand?post=72463"},{"taxonomy":"product_cat","embeddable":true,"href":"https:\/\/padelhaus.mustlammas-dev.in\/fi\/wp-json\/wp\/v2\/product_cat?post=72463"},{"taxonomy":"product_tag","embeddable":true,"href":"https:\/\/padelhaus.mustlammas-dev.in\/fi\/wp-json\/wp\/v2\/product_tag?post=72463"}],"curies":[{"name":"wp","href":"https:\/\/api.w.org\/{rel}","templated":true}]}}