{"id":72464,"date":"2025-12-29T13:25:12","date_gmt":"2025-12-29T11:25:12","guid":{"rendered":"https:\/\/padelhaus.mustlammas-dev.in\/pood\/adidas-metalbone-superlight-2026\/"},"modified":"2026-03-05T17:57:15","modified_gmt":"2026-03-05T15:57:15","slug":"adidas-metalbone-superlight-2026","status":"publish","type":"product","link":"https:\/\/padelhaus.mustlammas-dev.in\/fi\/kauppa\/adidas-metalbone-superlight-2026\/","title":{"rendered":"Adidas Metalbone Superlight 2026"},"content":{"rendered":"<div class=\"flex flex-col text-sm pb-25\">\n<article class=\"text-token-text-primary w-full focus:outline-none [--shadow-height:45px] has-data-writing-block:pointer-events-none has-data-writing-block:-mt-(--shadow-height) has-data-writing-block:pt-(--shadow-height) [&amp;:has([data-writing-block])&gt;*]:pointer-events-auto scroll-mt-[calc(var(--header-height)+min(200px,max(70px,20svh)))]\" dir=\"auto\" tabindex=\"-1\" data-turn-id=\"request-69089760-96c4-832a-afb6-2d24838c29f0-2\" data-testid=\"conversation-turn-76\" data-scroll-anchor=\"true\" data-turn=\"assistant\">\n<div class=\"text-base my-auto mx-auto pb-10 [--thread-content-margin:--spacing(4)] @w-sm\/main:[--thread-content-margin:--spacing(6)] @w-lg\/main:[--thread-content-margin:--spacing(16)] px-(--thread-content-margin)\">\n<div class=\"[--thread-content-max-width:40rem] @w-lg\/main:[--thread-content-max-width:48rem] mx-auto max-w-(--thread-content-max-width) flex-1 group\/turn-messages focus-visible:outline-hidden relative flex w-full min-w-0 flex-col agent-turn\" tabindex=\"-1\">\n<div class=\"flex max-w-full flex-col grow\">\n<div class=\"min-h-8 text-message relative flex w-full flex-col items-end gap-2 text-start break-words whitespace-normal [.text-message+&amp;]:mt-1\" dir=\"auto\" data-message-author-role=\"assistant\" data-message-id=\"d80e9733-17c7-4a32-a48d-103318be287e\" data-message-model-slug=\"gpt-5-2\">\n<div class=\"flex w-full flex-col gap-1 empty:hidden first:pt-[1px]\">\n<div class=\"markdown prose dark:prose-invert w-full break-words dark markdown-new-styling\">\n<p data-start=\"0\" data-end=\"424\"><strong>Adidas Metalbone Superlight 2026<\/strong> erottuu edukseen ylikokoisella timanttimuodollaan, joka sopii t\u00e4ydellisesti hy\u00f6kk\u00e4\u00e4v\u00e4\u00e4n pelityyliin, jossa voima on avainasemassa. Korkea tasapaino lis\u00e4\u00e4 ly\u00f6ntivoimaa smasheissa ja aggressiivisissa hy\u00f6kk\u00e4ysly\u00f6nneiss\u00e4. <\/p>\n<p data-start=\"0\" data-end=\"424\">Eritt\u00e4in kevyen painonsa (vain 315\u2013330 g) ansiosta t\u00e4m\u00e4 maila tarjoaa poikkeuksellista ketteryytt\u00e4, ollen ihanteellinen nopeisiin reaktioihin volley-ly\u00f6nneiss\u00e4 ja tempomuutoksissa. Mailan ly\u00f6ntipinta on valmistettu lasikuidusta, joka on joustava materiaali ja takaa erinomaisen pallon l\u00e4hd\u00f6n sek\u00e4 mukavamman ly\u00f6ntituntuman. Eva Soft Performance -kumiydin antaa pehme\u00e4n vasteen, vaimentaa t\u00e4rin\u00e4\u00e4 ja tarjoaa korkeaa pelimukavuutta jokaisessa ly\u00f6nniss\u00e4.  <\/p>\n<h5 data-start=\"702\" data-end=\"984\">Hy\u00f6kk\u00e4\u00e4v\u00e4lle pelaajalle<\/h5>\n<p data-start=\"702\" data-end=\"984\">T\u00e4m\u00e4 Adidaksen miesten maila on suunniteltu keskitason pelaajille, jotka haluavat siirty\u00e4 kohti hy\u00f6kk\u00e4\u00e4v\u00e4mp\u00e4\u00e4 peli\u00e4 menett\u00e4m\u00e4tt\u00e4 kontrollia. Ihanteellinen niille, jotka etsiv\u00e4t kevytt\u00e4 ja helposti k\u00e4sitelt\u00e4v\u00e4\u00e4 mailaa, jolla palloa voi kiihdytt\u00e4\u00e4 v\u00e4h\u00e4ll\u00e4 vaivalla. <\/p>\n<p data-start=\"986\" data-end=\"1338\">Korkea sweet spot edellytt\u00e4\u00e4 hyv\u00e4\u00e4 tekniikkaa vy\u00f6t\u00e4r\u00f6n yl\u00e4puolisissa ly\u00f6nneiss\u00e4, mink\u00e4 vuoksi t\u00e4m\u00e4 malli sopii pelaajille, jotka ovat jo omaksuneet padelin perusteet ja haluavat hioa hy\u00f6kk\u00e4ystarkkuuttaan.<br data-start=\"1174\" data-end=\"1177\">Lis\u00e4ksi mukava ly\u00f6ntituntuma ja hyv\u00e4 pallon l\u00e4ht\u00f6 tekev\u00e4t t\u00e4st\u00e4 mailasta erinomaisen valinnan niille, jotka etsiv\u00e4t hallittua voimaa maksimaalisella mukavuudella.<\/p>\n<h5 data-start=\"1340\" data-end=\"1365\">Tekniset tiedot<\/h5>\n<ul data-start=\"1366\" data-end=\"1780\" data-is-last-node=\"\" data-is-only-node=\"\">\n<li data-start=\"1366\" data-end=\"1437\">\n<p data-start=\"1368\" data-end=\"1437\"><strong>Ylikokoinen timanttimuoto<\/strong> ja korkea tasapaino maksimaaliseen hy\u00f6kk\u00e4ysvoimaan<\/p>\n<\/li>\n<li data-start=\"1438\" data-end=\"1505\">\n<p data-start=\"1440\" data-end=\"1505\"><strong>Eritt\u00e4in kevyt<\/strong> ja helposti ohjattava maksimaalisen mukavuuden takaamiseksi<\/p>\n<\/li>\n<li data-start=\"1506\" data-end=\"1552\">\n<p data-start=\"1508\" data-end=\"1552\"><strong data-start=\"1508\" data-end=\"1522\">Ly\u00f6ntipinta:<\/strong> eritt\u00e4in joustava lasikuitu<\/p>\n<\/li>\n<li data-start=\"1553\" data-end=\"1590\">\n<p data-start=\"1555\" data-end=\"1590\"><strong data-start=\"1555\" data-end=\"1567\">Ydin:<\/strong> Eva Soft Performance<\/p>\n<\/li>\n<li data-start=\"1591\" data-end=\"1616\">\n<p data-start=\"1593\" data-end=\"1616\"><strong data-start=\"1593\" data-end=\"1608\">Sweet spot:<\/strong> korkea<\/p>\n<\/li>\n<li data-start=\"1617\" data-end=\"1691\">\n<p data-start=\"1619\" data-end=\"1691\"><strong data-start=\"1619\" data-end=\"1643\">Octagonal Structure:<\/strong> hiilikuituputkirunko lis\u00e4\u00e4m\u00e4\u00e4n j\u00e4ykkyytt\u00e4<\/p>\n<\/li>\n<li data-start=\"1692\" data-end=\"1780\" data-is-last-node=\"\">\n<p data-start=\"1694\" data-end=\"1780\" data-is-last-node=\"\"><strong data-start=\"1694\" data-end=\"1723\">Structural Reinforcement:<\/strong> keh\u00e4n vahvikkeet, jotka est\u00e4v\u00e4t mailan v\u00e4\u00e4ntymist\u00e4<\/p>\n<\/li>\n<\/ul>\n<\/div>\n<\/div>\n<\/div>\n<\/div>\n<\/div>\n<\/div>\n<\/article>\n<\/div>\n","protected":false},"excerpt":{"rendered":"<p>Adidas Metalbone Superlight 2026 erottuu edukseen ylikokoisella timanttimuodollaan, joka sopii t\u00e4ydellisesti hy\u00f6kk\u00e4\u00e4v\u00e4\u00e4n pelityyliin, jossa voima on avainasemassa. Korkea tasapaino lis\u00e4\u00e4 ly\u00f6ntivoimaa smasheissa ja aggressiivisissa hy\u00f6kk\u00e4ysly\u00f6nneiss\u00e4. Eritt\u00e4in kevyen painonsa (vain 315\u2013330 g) ansiosta t\u00e4m\u00e4 maila tarjoaa poikkeuksellista ketteryytt\u00e4, ollen ihanteellinen nopeisiin reaktioihin volley-ly\u00f6nneiss\u00e4 ja tempomuutoksissa. Mailan ly\u00f6ntipinta on valmistettu lasikuidusta, joka on joustava materiaali ja takaa [&hellip;]<\/p>\n","protected":false},"featured_media":72471,"comment_status":"open","ping_status":"closed","template":"","meta":{"_eb_attr":""},"product_brand":[523],"product_cat":[524,520,495,494],"product_tag":[],"class_list":{"0":"post-72464","1":"product","2":"type-product","3":"status-publish","4":"has-post-thumbnail","6":"product_brand-adidas","7":"product_cat-adidas","8":"product_cat-aloittelijat","9":"product_cat-keskitaso","10":"product_cat-padelmailat","11":"pa_kaal-330-g","12":"pa_kuju-timantti","13":"pa_mangustiil-hyokkaava","14":"pa_tasakaal-ylhaalla","15":"pa_tase-aloittelija","16":"pa_tase-keskitaso","17":"pa_varv-musta","18":"pa_varv-oranssi","21":"first","22":"onbackorder","23":"sale","24":"taxable","25":"shipping-taxable","26":"purchasable","27":"product-type-simple"},"yoast_head":"<!-- This site is optimized with the Yoast SEO Premium plugin v27.1 (Yoast SEO v27.1.1) - https:\/\/yoast.com\/product\/yoast-seo-premium-wordpress\/ -->\n<title>Adidas Metalbone Superlight 2026 | Test Padelhaus<\/title>\n<meta name=\"description\" content=\"Padelmailat ja padelvarusteet edullisesti. Padelhaus on padel verkkokauppa, josta l\u00f6yd\u00e4t parhaat padelmailat kaikille tasoille.\" \/>\n<meta name=\"robots\" content=\"noindex, follow, max-snippet:-1, max-image-preview:large, max-video-preview:-1\" \/>\n<meta property=\"og:locale\" content=\"fi_FI\" \/>\n<meta property=\"og:type\" content=\"article\" \/>\n<meta property=\"og:title\" content=\"Adidas Metalbone Superlight 2026\" \/>\n<meta property=\"og:description\" content=\"Padelmailat ja padelvarusteet edullisesti. Padelhaus on padel verkkokauppa, josta l\u00f6yd\u00e4t parhaat padelmailat kaikille tasoille.\" \/>\n<meta property=\"og:url\" content=\"https:\/\/padelhaus.mustlammas-dev.in\/fi\/kauppa\/adidas-metalbone-superlight-2026\/\" \/>\n<meta property=\"og:site_name\" content=\"Test Padelhaus\" \/>\n<meta property=\"article:modified_time\" content=\"2026-03-05T15:57:15+00:00\" \/>\n<meta property=\"og:image\" content=\"https:\/\/padelhaus.lv\/wp-content\/uploads\/2025\/12\/Adidas-metalbone-superlight-2026.webp\" \/>\n\t<meta property=\"og:image:width\" content=\"1000\" \/>\n\t<meta property=\"og:image:height\" content=\"1000\" \/>\n\t<meta property=\"og:image:type\" content=\"image\/webp\" \/>\n<meta name=\"twitter:card\" content=\"summary_large_image\" \/>\n<meta name=\"twitter:label1\" content=\"Hinta\" \/>\n\t<meta name=\"twitter:data1\" content=\"129,95&nbsp;&euro;\" \/>\n\t<meta name=\"twitter:label2\" content=\"Saatavuus\" \/>\n\t<meta name=\"twitter:data2\" content=\"J\u00e4lkitoimituksessa\" \/>\n<script type=\"application\/ld+json\" class=\"yoast-schema-graph\">{\"@context\":\"https:\/\/schema.org\",\"@graph\":[{\"@type\":[\"WebPage\",\"ItemPage\"],\"@id\":\"https:\/\/padelhaus.mustlammas-dev.in\/fi\/kauppa\/adidas-metalbone-superlight-2026\/\",\"url\":\"https:\/\/padelhaus.mustlammas-dev.in\/fi\/kauppa\/adidas-metalbone-superlight-2026\/\",\"name\":\"Adidas Metalbone Superlight 2026 | Test Padelhaus\",\"isPartOf\":{\"@id\":\"https:\/\/padelhaus.mustlammas-dev.in\/fi\/#website\"},\"primaryImageOfPage\":{\"@id\":\"https:\/\/padelhaus.mustlammas-dev.in\/fi\/kauppa\/adidas-metalbone-superlight-2026\/#primaryimage\"},\"image\":{\"@id\":\"https:\/\/padelhaus.mustlammas-dev.in\/fi\/kauppa\/adidas-metalbone-superlight-2026\/#primaryimage\"},\"thumbnailUrl\":\"https:\/\/padelhaus.mustlammas-dev.in\/wp-content\/uploads\/2025\/12\/Adidas-metalbone-superlight-2026.webp\",\"datePublished\":\"2025-12-29T11:25:12+00:00\",\"dateModified\":\"2026-03-05T15:57:15+00:00\",\"description\":\"Padelmailat ja padelvarusteet edullisesti. Padelhaus on padel verkkokauppa, josta l\u00f6yd\u00e4t parhaat padelmailat kaikille tasoille.\",\"breadcrumb\":{\"@id\":\"https:\/\/padelhaus.mustlammas-dev.in\/fi\/kauppa\/adidas-metalbone-superlight-2026\/#breadcrumb\"},\"inLanguage\":\"fi\",\"potentialAction\":[{\"@type\":\"ReadAction\",\"target\":[\"https:\/\/padelhaus.mustlammas-dev.in\/fi\/kauppa\/adidas-metalbone-superlight-2026\/\"]}]},{\"@type\":\"ImageObject\",\"inLanguage\":\"fi\",\"@id\":\"https:\/\/padelhaus.mustlammas-dev.in\/fi\/kauppa\/adidas-metalbone-superlight-2026\/#primaryimage\",\"url\":\"https:\/\/padelhaus.mustlammas-dev.in\/wp-content\/uploads\/2025\/12\/Adidas-metalbone-superlight-2026.webp\",\"contentUrl\":\"https:\/\/padelhaus.mustlammas-dev.in\/wp-content\/uploads\/2025\/12\/Adidas-metalbone-superlight-2026.webp\",\"width\":1000,\"height\":1000,\"caption\":\"Adidas Metalbone Superlight 2026\"},{\"@type\":\"BreadcrumbList\",\"@id\":\"https:\/\/padelhaus.mustlammas-dev.in\/fi\/kauppa\/adidas-metalbone-superlight-2026\/#breadcrumb\",\"itemListElement\":[{\"@type\":\"ListItem\",\"position\":1,\"name\":\"Avaleht\",\"item\":\"https:\/\/padelhaus.fi\/\"},{\"@type\":\"ListItem\",\"position\":2,\"name\":\"Kauppa\",\"item\":\"https:\/\/padelhaus.fi\/kauppa\/\"},{\"@type\":\"ListItem\",\"position\":3,\"name\":\"Adidas Metalbone Superlight 2026\"}]},{\"@type\":\"WebSite\",\"@id\":\"https:\/\/padelhaus.mustlammas-dev.in\/fi\/#website\",\"url\":\"https:\/\/padelhaus.mustlammas-dev.in\/fi\/\",\"name\":\"Claude Padelhaus\",\"description\":\"Sinu padelivarustuse kodu\",\"publisher\":{\"@id\":\"https:\/\/padelhaus.mustlammas-dev.in\/fi\/#organization\"},\"potentialAction\":[{\"@type\":\"SearchAction\",\"target\":{\"@type\":\"EntryPoint\",\"urlTemplate\":\"https:\/\/padelhaus.mustlammas-dev.in\/fi\/?s={search_term_string}\"},\"query-input\":{\"@type\":\"PropertyValueSpecification\",\"valueRequired\":true,\"valueName\":\"search_term_string\"}}],\"inLanguage\":\"fi\"},{\"@type\":\"Organization\",\"@id\":\"https:\/\/padelhaus.mustlammas-dev.in\/fi\/#organization\",\"name\":\"Claude Padelhaus\",\"url\":\"https:\/\/padelhaus.mustlammas-dev.in\/fi\/\",\"logo\":{\"@type\":\"ImageObject\",\"inLanguage\":\"fi\",\"@id\":\"https:\/\/padelhaus.mustlammas-dev.in\/fi\/#\/schema\/logo\/image\/\",\"url\":\"https:\/\/padelhaus.mustlammas-dev.in\/wp-content\/uploads\/2025\/05\/Logo-1.png\",\"contentUrl\":\"https:\/\/padelhaus.mustlammas-dev.in\/wp-content\/uploads\/2025\/05\/Logo-1.png\",\"width\":280,\"height\":115,\"caption\":\"Claude Padelhaus\"},\"image\":{\"@id\":\"https:\/\/padelhaus.mustlammas-dev.in\/fi\/#\/schema\/logo\/image\/\"}}]}<\/script>\n<meta property=\"product:price:amount\" content=\"129.95\" \/>\n<meta property=\"product:price:currency\" content=\"EUR\" \/>\n<meta property=\"og:availability\" content=\"backorder\" \/>\n<meta property=\"product:availability\" content=\"available for order\" \/>\n<meta property=\"product:retailer_item_id\" content=\"ADI-R-44\" \/>\n<meta property=\"product:condition\" content=\"new\" \/>\n<!-- \/ Yoast SEO Premium plugin. -->","yoast_head_json":{"title":"Adidas Metalbone Superlight 2026 | Test Padelhaus","description":"Padelmailat ja padelvarusteet edullisesti. Padelhaus on padel verkkokauppa, josta l\u00f6yd\u00e4t parhaat padelmailat kaikille tasoille.","robots":{"index":"noindex","follow":"follow","max-snippet":"max-snippet:-1","max-image-preview":"max-image-preview:large","max-video-preview":"max-video-preview:-1"},"og_locale":"fi_FI","og_type":"article","og_title":"Adidas Metalbone Superlight 2026","og_description":"Padelmailat ja padelvarusteet edullisesti. Padelhaus on padel verkkokauppa, josta l\u00f6yd\u00e4t parhaat padelmailat kaikille tasoille.","og_url":"https:\/\/padelhaus.mustlammas-dev.in\/fi\/kauppa\/adidas-metalbone-superlight-2026\/","og_site_name":"Test Padelhaus","article_modified_time":"2026-03-05T15:57:15+00:00","og_image":[{"width":1000,"height":1000,"url":"https:\/\/padelhaus.lv\/wp-content\/uploads\/2025\/12\/Adidas-metalbone-superlight-2026.webp","type":"image\/webp"}],"twitter_card":"summary_large_image","twitter_misc":{"Hinta":"129,95&nbsp;&euro;","Saatavuus":"J\u00e4lkitoimituksessa"},"schema":{"@context":"https:\/\/schema.org","@graph":[{"@type":["WebPage","ItemPage"],"@id":"https:\/\/padelhaus.mustlammas-dev.in\/fi\/kauppa\/adidas-metalbone-superlight-2026\/","url":"https:\/\/padelhaus.mustlammas-dev.in\/fi\/kauppa\/adidas-metalbone-superlight-2026\/","name":"Adidas Metalbone Superlight 2026 | Test Padelhaus","isPartOf":{"@id":"https:\/\/padelhaus.mustlammas-dev.in\/fi\/#website"},"primaryImageOfPage":{"@id":"https:\/\/padelhaus.mustlammas-dev.in\/fi\/kauppa\/adidas-metalbone-superlight-2026\/#primaryimage"},"image":{"@id":"https:\/\/padelhaus.mustlammas-dev.in\/fi\/kauppa\/adidas-metalbone-superlight-2026\/#primaryimage"},"thumbnailUrl":"https:\/\/padelhaus.mustlammas-dev.in\/wp-content\/uploads\/2025\/12\/Adidas-metalbone-superlight-2026.webp","datePublished":"2025-12-29T11:25:12+00:00","dateModified":"2026-03-05T15:57:15+00:00","description":"Padelmailat ja padelvarusteet edullisesti. Padelhaus on padel verkkokauppa, josta l\u00f6yd\u00e4t parhaat padelmailat kaikille tasoille.","breadcrumb":{"@id":"https:\/\/padelhaus.mustlammas-dev.in\/fi\/kauppa\/adidas-metalbone-superlight-2026\/#breadcrumb"},"inLanguage":"fi","potentialAction":[{"@type":"ReadAction","target":["https:\/\/padelhaus.mustlammas-dev.in\/fi\/kauppa\/adidas-metalbone-superlight-2026\/"]}]},{"@type":"ImageObject","inLanguage":"fi","@id":"https:\/\/padelhaus.mustlammas-dev.in\/fi\/kauppa\/adidas-metalbone-superlight-2026\/#primaryimage","url":"https:\/\/padelhaus.mustlammas-dev.in\/wp-content\/uploads\/2025\/12\/Adidas-metalbone-superlight-2026.webp","contentUrl":"https:\/\/padelhaus.mustlammas-dev.in\/wp-content\/uploads\/2025\/12\/Adidas-metalbone-superlight-2026.webp","width":1000,"height":1000,"caption":"Adidas Metalbone Superlight 2026"},{"@type":"BreadcrumbList","@id":"https:\/\/padelhaus.mustlammas-dev.in\/fi\/kauppa\/adidas-metalbone-superlight-2026\/#breadcrumb","itemListElement":[{"@type":"ListItem","position":1,"name":"Avaleht","item":"https:\/\/padelhaus.fi\/"},{"@type":"ListItem","position":2,"name":"Kauppa","item":"https:\/\/padelhaus.fi\/kauppa\/"},{"@type":"ListItem","position":3,"name":"Adidas Metalbone Superlight 2026"}]},{"@type":"WebSite","@id":"https:\/\/padelhaus.mustlammas-dev.in\/fi\/#website","url":"https:\/\/padelhaus.mustlammas-dev.in\/fi\/","name":"Claude Padelhaus","description":"Sinu padelivarustuse kodu","publisher":{"@id":"https:\/\/padelhaus.mustlammas-dev.in\/fi\/#organization"},"potentialAction":[{"@type":"SearchAction","target":{"@type":"EntryPoint","urlTemplate":"https:\/\/padelhaus.mustlammas-dev.in\/fi\/?s={search_term_string}"},"query-input":{"@type":"PropertyValueSpecification","valueRequired":true,"valueName":"search_term_string"}}],"inLanguage":"fi"},{"@type":"Organization","@id":"https:\/\/padelhaus.mustlammas-dev.in\/fi\/#organization","name":"Claude Padelhaus","url":"https:\/\/padelhaus.mustlammas-dev.in\/fi\/","logo":{"@type":"ImageObject","inLanguage":"fi","@id":"https:\/\/padelhaus.mustlammas-dev.in\/fi\/#\/schema\/logo\/image\/","url":"https:\/\/padelhaus.mustlammas-dev.in\/wp-content\/uploads\/2025\/05\/Logo-1.png","contentUrl":"https:\/\/padelhaus.mustlammas-dev.in\/wp-content\/uploads\/2025\/05\/Logo-1.png","width":280,"height":115,"caption":"Claude Padelhaus"},"image":{"@id":"https:\/\/padelhaus.mustlammas-dev.in\/fi\/#\/schema\/logo\/image\/"}}]},"product_price_amount":"129.95","product_price_currency":"EUR","og_availability":"backorder","product_availability":"available for order","product_retailer_item_id":"ADI-R-44","product_condition":"new"},"_links":{"self":[{"href":"https:\/\/padelhaus.mustlammas-dev.in\/fi\/wp-json\/wp\/v2\/product\/72464","targetHints":{"allow":["GET"]}}],"collection":[{"href":"https:\/\/padelhaus.mustlammas-dev.in\/fi\/wp-json\/wp\/v2\/product"}],"about":[{"href":"https:\/\/padelhaus.mustlammas-dev.in\/fi\/wp-json\/wp\/v2\/types\/product"}],"replies":[{"embeddable":true,"href":"https:\/\/padelhaus.mustlammas-dev.in\/fi\/wp-json\/wp\/v2\/comments?post=72464"}],"wp:featuredmedia":[{"embeddable":true,"href":"https:\/\/padelhaus.mustlammas-dev.in\/fi\/wp-json\/wp\/v2\/media\/72471"}],"wp:attachment":[{"href":"https:\/\/padelhaus.mustlammas-dev.in\/fi\/wp-json\/wp\/v2\/media?parent=72464"}],"wp:term":[{"taxonomy":"product_brand","embeddable":true,"href":"https:\/\/padelhaus.mustlammas-dev.in\/fi\/wp-json\/wp\/v2\/product_brand?post=72464"},{"taxonomy":"product_cat","embeddable":true,"href":"https:\/\/padelhaus.mustlammas-dev.in\/fi\/wp-json\/wp\/v2\/product_cat?post=72464"},{"taxonomy":"product_tag","embeddable":true,"href":"https:\/\/padelhaus.mustlammas-dev.in\/fi\/wp-json\/wp\/v2\/product_tag?post=72464"}],"curies":[{"name":"wp","href":"https:\/\/api.w.org\/{rel}","templated":true}]}}