{"id":72521,"date":"2025-11-18T14:18:24","date_gmt":"2025-11-18T12:18:24","guid":{"rendered":"https:\/\/padelhaus.mustlammas-dev.in\/pood\/siux-electra-stupa-pro-st4-2025\/"},"modified":"2026-03-05T17:58:04","modified_gmt":"2026-03-05T15:58:04","slug":"siux-electra-stupa-pro-st4-2025","status":"publish","type":"product","link":"https:\/\/padelhaus.mustlammas-dev.in\/fi\/kauppa\/siux-electra-stupa-pro-st4-2025\/","title":{"rendered":"SIUX ELECTRA STUPA PRO ST4 2025"},"content":{"rendered":"<p><strong>Siux Electra Stupa Pro ST4 2025<\/strong> on Franco Stupaczukin uusi virallinen padelmaila. Innovatiivisen muotoilun ja korkealaatuisten materiaalien ansiosta maila erottuu monipuolisuudellaan ja voimallaan. Sen hybridimuoto ja keski-korkea tasapaino mahdollistavat tarkat hy\u00f6kk\u00e4ysly\u00f6nnit, kun taas 15K hiilikuitupinta tarjoaa keskikovan ly\u00f6ntituntuman \u2013 ihanteellinen vaativalle pelaajalle. Lis\u00e4ksi hiekkainen, karhea viimeistely parantaa pallon kierrett\u00e4, tehden t\u00e4st\u00e4 mailasta t\u00e4ydellisen valinnan hallitsemaan peli\u00e4 kaikissa vaiheissa.   <\/p>\n<h5>Siux Electra Stupa Pro ST4 2025 \u2013 edistyneelle pelaajalle<\/h5>\n<p>T\u00e4m\u00e4 maila on suunniteltu ammattilaisille ja edistyneille pelaajille, jotka etsiv\u00e4t tasapainoa voiman ja kontrollin v\u00e4lill\u00e4. Optimoitu rakenne auttaa s\u00e4ilytt\u00e4m\u00e4\u00e4n aggressiivisuuden jokaisessa ly\u00f6nniss\u00e4 menett\u00e4m\u00e4tt\u00e4 tarkkuutta puolustustilanteissa. Jos pelityylisi on monipuolinen ja hy\u00f6kk\u00e4\u00e4v\u00e4, Electra Stupa Pro ST4 2025 auttaa sinua nostamaan pelitasoasi.  <\/p>\n<h5 data-start=\"957\" data-end=\"1021\">Ominaisuudet ja teknologiat \u2013 Siux Electra Stupa Pro ST4 2025<\/h5>\n<ul data-start=\"1022\" data-end=\"1316\">\n<li data-start=\"1022\" data-end=\"1067\">\n<p data-start=\"1024\" data-end=\"1067\"><strong data-start=\"1024\" data-end=\"1033\">Taso:<\/strong> edistynyt ja ammattilainen<\/p>\n<\/li>\n<li data-start=\"1068\" data-end=\"1114\">\n<p data-start=\"1070\" data-end=\"1114\"><strong data-start=\"1070\" data-end=\"1085\">Pelityyli:<\/strong> monipuolinen ja aggressiivinen<\/p>\n<\/li>\n<li data-start=\"1115\" data-end=\"1136\">\n<p data-start=\"1117\" data-end=\"1136\"><strong data-start=\"1117\" data-end=\"1126\">Muoto:<\/strong> hybridi<\/p>\n<\/li>\n<li data-start=\"1137\" data-end=\"1169\">\n<p data-start=\"1139\" data-end=\"1169\"><strong data-start=\"1139\" data-end=\"1152\">Tasapaino:<\/strong> keski-korkea<\/p>\n<\/li>\n<li data-start=\"1170\" data-end=\"1195\">\n<p data-start=\"1172\" data-end=\"1195\"><strong data-start=\"1172\" data-end=\"1181\">Pinta:<\/strong> 15K hiilikuitu<\/p>\n<\/li>\n<li data-start=\"1196\" data-end=\"1231\">\n<p data-start=\"1198\" data-end=\"1231\"><strong data-start=\"1198\" data-end=\"1213\">Ly\u00f6ntituntuma:<\/strong> keskikova<\/p>\n<\/li>\n<li data-start=\"1232\" data-end=\"1295\">\n<p data-start=\"1234\" data-end=\"1295\"><strong data-start=\"1234\" data-end=\"1249\">Viimeistely:<\/strong> karhea \/ hiekkainen paremman pallon kierteen saavuttamiseksi<\/p>\n<\/li>\n<\/ul>\n<p data-start=\"1318\" data-end=\"1470\" data-is-last-node=\"\" data-is-only-node=\"\">Siux Electra Stupa Pro ST4 2025 on suunniteltu padelin huipputasolle. Jos haluat hallita jokaista pistett\u00e4 tarkkuudella ja voimalla, t\u00e4m\u00e4 maila on juuri sinulle. <\/p>\n","protected":false},"excerpt":{"rendered":"<p>Siux Electra Stupa Pro ST4 2025 on Franco Stupaczukin uusi virallinen padelmaila. Innovatiivisen muotoilun ja korkealaatuisten materiaalien ansiosta maila erottuu monipuolisuudellaan ja voimallaan. Sen hybridimuoto ja keski-korkea tasapaino mahdollistavat tarkat hy\u00f6kk\u00e4ysly\u00f6nnit, kun taas 15K hiilikuitupinta tarjoaa keskikovan ly\u00f6ntituntuman \u2013 ihanteellinen vaativalle pelaajalle. Lis\u00e4ksi hiekkainen, karhea viimeistely parantaa pallon kierrett\u00e4, tehden t\u00e4st\u00e4 mailasta t\u00e4ydellisen valinnan hallitsemaan [&hellip;]<\/p>\n","protected":false},"featured_media":72524,"comment_status":"open","ping_status":"closed","template":"","meta":{"_eb_attr":""},"product_brand":[527],"product_cat":[496,516,494,528],"product_tag":[],"class_list":{"0":"post-72521","1":"product","2":"type-product","3":"status-publish","4":"has-post-thumbnail","6":"product_brand-siux","7":"product_cat-edistynyt","8":"product_cat-miehet","9":"product_cat-padelmailat","10":"product_cat-siux","11":"pa_kaal-365g","12":"pa_kuju-pisaranmuotoinen","13":"pa_mangustiil-hybridi","14":"pa_tasakaal-keskella","15":"pa_tase-edistynyt","16":"pa_varv-keltainen","19":"first","20":"outofstock","21":"sale","22":"featured","23":"taxable","24":"shipping-taxable","25":"purchasable","26":"product-type-simple"},"yoast_head":"<!-- This site is optimized with the Yoast SEO Premium plugin v27.1 (Yoast SEO v27.1.1) - https:\/\/yoast.com\/product\/yoast-seo-premium-wordpress\/ -->\n<title>SIUX ELECTRA STUPA PRO ST4 2025 | Test Padelhaus<\/title>\n<meta name=\"description\" content=\"Padelmailat ja padelvarusteet edullisesti. Padelhaus on padel verkkokauppa, josta l\u00f6yd\u00e4t parhaat padelmailat kaikille tasoille.\" \/>\n<meta name=\"robots\" content=\"noindex, follow, max-snippet:-1, max-image-preview:large, max-video-preview:-1\" \/>\n<meta property=\"og:locale\" content=\"fi_FI\" \/>\n<meta property=\"og:type\" content=\"article\" \/>\n<meta property=\"og:title\" content=\"SIUX ELECTRA STUPA PRO ST4 2025\" \/>\n<meta property=\"og:description\" content=\"Padelmailat ja padelvarusteet edullisesti. Padelhaus on padel verkkokauppa, josta l\u00f6yd\u00e4t parhaat padelmailat kaikille tasoille.\" \/>\n<meta property=\"og:url\" content=\"https:\/\/padelhaus.mustlammas-dev.in\/fi\/kauppa\/siux-electra-stupa-pro-st4-2025\/\" \/>\n<meta property=\"og:site_name\" content=\"Test Padelhaus\" \/>\n<meta property=\"article:modified_time\" content=\"2026-03-05T15:58:04+00:00\" \/>\n<meta property=\"og:image\" content=\"https:\/\/padelhaus.lv\/wp-content\/uploads\/2025\/11\/beezelectra.png\" \/>\n\t<meta property=\"og:image:width\" content=\"960\" \/>\n\t<meta property=\"og:image:height\" content=\"960\" \/>\n\t<meta property=\"og:image:type\" content=\"image\/png\" \/>\n<meta name=\"twitter:card\" content=\"summary_large_image\" \/>\n<meta name=\"twitter:label1\" content=\"Hinta\" \/>\n\t<meta name=\"twitter:data1\" content=\"174,95&nbsp;&euro;\" \/>\n\t<meta name=\"twitter:label2\" content=\"Saatavuus\" \/>\n\t<meta name=\"twitter:data2\" content=\"Loppu varastosta\" \/>\n<script type=\"application\/ld+json\" class=\"yoast-schema-graph\">{\"@context\":\"https:\/\/schema.org\",\"@graph\":[{\"@type\":[\"WebPage\",\"ItemPage\"],\"@id\":\"https:\/\/padelhaus.mustlammas-dev.in\/fi\/kauppa\/siux-electra-stupa-pro-st4-2025\/\",\"url\":\"https:\/\/padelhaus.mustlammas-dev.in\/fi\/kauppa\/siux-electra-stupa-pro-st4-2025\/\",\"name\":\"SIUX ELECTRA STUPA PRO ST4 2025 | Test Padelhaus\",\"isPartOf\":{\"@id\":\"https:\/\/padelhaus.mustlammas-dev.in\/fi\/#website\"},\"primaryImageOfPage\":{\"@id\":\"https:\/\/padelhaus.mustlammas-dev.in\/fi\/kauppa\/siux-electra-stupa-pro-st4-2025\/#primaryimage\"},\"image\":{\"@id\":\"https:\/\/padelhaus.mustlammas-dev.in\/fi\/kauppa\/siux-electra-stupa-pro-st4-2025\/#primaryimage\"},\"thumbnailUrl\":\"https:\/\/padelhaus.mustlammas-dev.in\/wp-content\/uploads\/2025\/11\/beezelectra.png\",\"datePublished\":\"2025-11-18T12:18:24+00:00\",\"dateModified\":\"2026-03-05T15:58:04+00:00\",\"description\":\"Padelmailat ja padelvarusteet edullisesti. Padelhaus on padel verkkokauppa, josta l\u00f6yd\u00e4t parhaat padelmailat kaikille tasoille.\",\"breadcrumb\":{\"@id\":\"https:\/\/padelhaus.mustlammas-dev.in\/fi\/kauppa\/siux-electra-stupa-pro-st4-2025\/#breadcrumb\"},\"inLanguage\":\"fi\",\"potentialAction\":[{\"@type\":\"ReadAction\",\"target\":[\"https:\/\/padelhaus.mustlammas-dev.in\/fi\/kauppa\/siux-electra-stupa-pro-st4-2025\/\"]}]},{\"@type\":\"ImageObject\",\"inLanguage\":\"fi\",\"@id\":\"https:\/\/padelhaus.mustlammas-dev.in\/fi\/kauppa\/siux-electra-stupa-pro-st4-2025\/#primaryimage\",\"url\":\"https:\/\/padelhaus.mustlammas-dev.in\/wp-content\/uploads\/2025\/11\/beezelectra.png\",\"contentUrl\":\"https:\/\/padelhaus.mustlammas-dev.in\/wp-content\/uploads\/2025\/11\/beezelectra.png\",\"width\":960,\"height\":960,\"caption\":\"SIUX ELECTRA STUPA PRO ST4 2025\"},{\"@type\":\"BreadcrumbList\",\"@id\":\"https:\/\/padelhaus.mustlammas-dev.in\/fi\/kauppa\/siux-electra-stupa-pro-st4-2025\/#breadcrumb\",\"itemListElement\":[{\"@type\":\"ListItem\",\"position\":1,\"name\":\"Avaleht\",\"item\":\"https:\/\/padelhaus.fi\/\"},{\"@type\":\"ListItem\",\"position\":2,\"name\":\"Kauppa\",\"item\":\"https:\/\/padelhaus.fi\/kauppa\/\"},{\"@type\":\"ListItem\",\"position\":3,\"name\":\"SIUX ELECTRA STUPA PRO ST4 2025\"}]},{\"@type\":\"WebSite\",\"@id\":\"https:\/\/padelhaus.mustlammas-dev.in\/fi\/#website\",\"url\":\"https:\/\/padelhaus.mustlammas-dev.in\/fi\/\",\"name\":\"Claude Padelhaus\",\"description\":\"Sinu padelivarustuse kodu\",\"publisher\":{\"@id\":\"https:\/\/padelhaus.mustlammas-dev.in\/fi\/#organization\"},\"potentialAction\":[{\"@type\":\"SearchAction\",\"target\":{\"@type\":\"EntryPoint\",\"urlTemplate\":\"https:\/\/padelhaus.mustlammas-dev.in\/fi\/?s={search_term_string}\"},\"query-input\":{\"@type\":\"PropertyValueSpecification\",\"valueRequired\":true,\"valueName\":\"search_term_string\"}}],\"inLanguage\":\"fi\"},{\"@type\":\"Organization\",\"@id\":\"https:\/\/padelhaus.mustlammas-dev.in\/fi\/#organization\",\"name\":\"Claude Padelhaus\",\"url\":\"https:\/\/padelhaus.mustlammas-dev.in\/fi\/\",\"logo\":{\"@type\":\"ImageObject\",\"inLanguage\":\"fi\",\"@id\":\"https:\/\/padelhaus.mustlammas-dev.in\/fi\/#\/schema\/logo\/image\/\",\"url\":\"https:\/\/padelhaus.mustlammas-dev.in\/wp-content\/uploads\/2025\/05\/Logo-1.png\",\"contentUrl\":\"https:\/\/padelhaus.mustlammas-dev.in\/wp-content\/uploads\/2025\/05\/Logo-1.png\",\"width\":280,\"height\":115,\"caption\":\"Claude Padelhaus\"},\"image\":{\"@id\":\"https:\/\/padelhaus.mustlammas-dev.in\/fi\/#\/schema\/logo\/image\/\"}}]}<\/script>\n<meta property=\"product:price:amount\" content=\"174.95\" \/>\n<meta property=\"product:price:currency\" content=\"EUR\" \/>\n<meta property=\"og:availability\" content=\"out of stock\" \/>\n<meta property=\"product:availability\" content=\"out of stock\" \/>\n<meta property=\"product:retailer_item_id\" content=\"SIU-R-3\" \/>\n<meta property=\"product:condition\" content=\"new\" \/>\n<!-- \/ Yoast SEO Premium plugin. -->","yoast_head_json":{"title":"SIUX ELECTRA STUPA PRO ST4 2025 | Test Padelhaus","description":"Padelmailat ja padelvarusteet edullisesti. Padelhaus on padel verkkokauppa, josta l\u00f6yd\u00e4t parhaat padelmailat kaikille tasoille.","robots":{"index":"noindex","follow":"follow","max-snippet":"max-snippet:-1","max-image-preview":"max-image-preview:large","max-video-preview":"max-video-preview:-1"},"og_locale":"fi_FI","og_type":"article","og_title":"SIUX ELECTRA STUPA PRO ST4 2025","og_description":"Padelmailat ja padelvarusteet edullisesti. Padelhaus on padel verkkokauppa, josta l\u00f6yd\u00e4t parhaat padelmailat kaikille tasoille.","og_url":"https:\/\/padelhaus.mustlammas-dev.in\/fi\/kauppa\/siux-electra-stupa-pro-st4-2025\/","og_site_name":"Test Padelhaus","article_modified_time":"2026-03-05T15:58:04+00:00","og_image":[{"width":960,"height":960,"url":"https:\/\/padelhaus.lv\/wp-content\/uploads\/2025\/11\/beezelectra.png","type":"image\/png"}],"twitter_card":"summary_large_image","twitter_misc":{"Hinta":"174,95&nbsp;&euro;","Saatavuus":"Loppu varastosta"},"schema":{"@context":"https:\/\/schema.org","@graph":[{"@type":["WebPage","ItemPage"],"@id":"https:\/\/padelhaus.mustlammas-dev.in\/fi\/kauppa\/siux-electra-stupa-pro-st4-2025\/","url":"https:\/\/padelhaus.mustlammas-dev.in\/fi\/kauppa\/siux-electra-stupa-pro-st4-2025\/","name":"SIUX ELECTRA STUPA PRO ST4 2025 | Test Padelhaus","isPartOf":{"@id":"https:\/\/padelhaus.mustlammas-dev.in\/fi\/#website"},"primaryImageOfPage":{"@id":"https:\/\/padelhaus.mustlammas-dev.in\/fi\/kauppa\/siux-electra-stupa-pro-st4-2025\/#primaryimage"},"image":{"@id":"https:\/\/padelhaus.mustlammas-dev.in\/fi\/kauppa\/siux-electra-stupa-pro-st4-2025\/#primaryimage"},"thumbnailUrl":"https:\/\/padelhaus.mustlammas-dev.in\/wp-content\/uploads\/2025\/11\/beezelectra.png","datePublished":"2025-11-18T12:18:24+00:00","dateModified":"2026-03-05T15:58:04+00:00","description":"Padelmailat ja padelvarusteet edullisesti. Padelhaus on padel verkkokauppa, josta l\u00f6yd\u00e4t parhaat padelmailat kaikille tasoille.","breadcrumb":{"@id":"https:\/\/padelhaus.mustlammas-dev.in\/fi\/kauppa\/siux-electra-stupa-pro-st4-2025\/#breadcrumb"},"inLanguage":"fi","potentialAction":[{"@type":"ReadAction","target":["https:\/\/padelhaus.mustlammas-dev.in\/fi\/kauppa\/siux-electra-stupa-pro-st4-2025\/"]}]},{"@type":"ImageObject","inLanguage":"fi","@id":"https:\/\/padelhaus.mustlammas-dev.in\/fi\/kauppa\/siux-electra-stupa-pro-st4-2025\/#primaryimage","url":"https:\/\/padelhaus.mustlammas-dev.in\/wp-content\/uploads\/2025\/11\/beezelectra.png","contentUrl":"https:\/\/padelhaus.mustlammas-dev.in\/wp-content\/uploads\/2025\/11\/beezelectra.png","width":960,"height":960,"caption":"SIUX ELECTRA STUPA PRO ST4 2025"},{"@type":"BreadcrumbList","@id":"https:\/\/padelhaus.mustlammas-dev.in\/fi\/kauppa\/siux-electra-stupa-pro-st4-2025\/#breadcrumb","itemListElement":[{"@type":"ListItem","position":1,"name":"Avaleht","item":"https:\/\/padelhaus.fi\/"},{"@type":"ListItem","position":2,"name":"Kauppa","item":"https:\/\/padelhaus.fi\/kauppa\/"},{"@type":"ListItem","position":3,"name":"SIUX ELECTRA STUPA PRO ST4 2025"}]},{"@type":"WebSite","@id":"https:\/\/padelhaus.mustlammas-dev.in\/fi\/#website","url":"https:\/\/padelhaus.mustlammas-dev.in\/fi\/","name":"Claude Padelhaus","description":"Sinu padelivarustuse kodu","publisher":{"@id":"https:\/\/padelhaus.mustlammas-dev.in\/fi\/#organization"},"potentialAction":[{"@type":"SearchAction","target":{"@type":"EntryPoint","urlTemplate":"https:\/\/padelhaus.mustlammas-dev.in\/fi\/?s={search_term_string}"},"query-input":{"@type":"PropertyValueSpecification","valueRequired":true,"valueName":"search_term_string"}}],"inLanguage":"fi"},{"@type":"Organization","@id":"https:\/\/padelhaus.mustlammas-dev.in\/fi\/#organization","name":"Claude Padelhaus","url":"https:\/\/padelhaus.mustlammas-dev.in\/fi\/","logo":{"@type":"ImageObject","inLanguage":"fi","@id":"https:\/\/padelhaus.mustlammas-dev.in\/fi\/#\/schema\/logo\/image\/","url":"https:\/\/padelhaus.mustlammas-dev.in\/wp-content\/uploads\/2025\/05\/Logo-1.png","contentUrl":"https:\/\/padelhaus.mustlammas-dev.in\/wp-content\/uploads\/2025\/05\/Logo-1.png","width":280,"height":115,"caption":"Claude Padelhaus"},"image":{"@id":"https:\/\/padelhaus.mustlammas-dev.in\/fi\/#\/schema\/logo\/image\/"}}]},"product_price_amount":"174.95","product_price_currency":"EUR","og_availability":"out of stock","product_availability":"out of stock","product_retailer_item_id":"SIU-R-3","product_condition":"new"},"_links":{"self":[{"href":"https:\/\/padelhaus.mustlammas-dev.in\/fi\/wp-json\/wp\/v2\/product\/72521","targetHints":{"allow":["GET"]}}],"collection":[{"href":"https:\/\/padelhaus.mustlammas-dev.in\/fi\/wp-json\/wp\/v2\/product"}],"about":[{"href":"https:\/\/padelhaus.mustlammas-dev.in\/fi\/wp-json\/wp\/v2\/types\/product"}],"replies":[{"embeddable":true,"href":"https:\/\/padelhaus.mustlammas-dev.in\/fi\/wp-json\/wp\/v2\/comments?post=72521"}],"wp:featuredmedia":[{"embeddable":true,"href":"https:\/\/padelhaus.mustlammas-dev.in\/fi\/wp-json\/wp\/v2\/media\/72524"}],"wp:attachment":[{"href":"https:\/\/padelhaus.mustlammas-dev.in\/fi\/wp-json\/wp\/v2\/media?parent=72521"}],"wp:term":[{"taxonomy":"product_brand","embeddable":true,"href":"https:\/\/padelhaus.mustlammas-dev.in\/fi\/wp-json\/wp\/v2\/product_brand?post=72521"},{"taxonomy":"product_cat","embeddable":true,"href":"https:\/\/padelhaus.mustlammas-dev.in\/fi\/wp-json\/wp\/v2\/product_cat?post=72521"},{"taxonomy":"product_tag","embeddable":true,"href":"https:\/\/padelhaus.mustlammas-dev.in\/fi\/wp-json\/wp\/v2\/product_tag?post=72521"}],"curies":[{"name":"wp","href":"https:\/\/api.w.org\/{rel}","templated":true}]}}