{"id":72605,"date":"2026-02-13T16:40:41","date_gmt":"2026-02-13T14:40:41","guid":{"rendered":"https:\/\/padelhaus.mustlammas-dev.in\/pood\/head-coello-team-2026\/"},"modified":"2026-03-05T17:56:46","modified_gmt":"2026-03-05T15:56:46","slug":"head-coello-team-2026","status":"publish","type":"product","link":"https:\/\/padelhaus.mustlammas-dev.in\/fi\/kauppa\/head-coello-team-2026\/","title":{"rendered":"Head Coello Team 2026"},"content":{"rendered":"<h4><b>Head Coello Team 2026 \u2013 hy\u00f6kk\u00e4ysvoimaa<\/b><\/h4>\n<p>&nbsp;<\/p>\n<p class=\"p3\"><span class=\"s2\"><b>Head Coello Team 2026<\/b><\/span> on suunniteltu selke\u00e4sti hy\u00f6kk\u00e4\u00e4v\u00e4\u00e4n pelityyliin. Sen <span class=\"s2\"><b>timantinmuotoinen muoto<\/b><\/span> keskitt\u00e4\u00e4 painon mailan yl\u00e4osaan, mik\u00e4 lis\u00e4\u00e4 ly\u00f6nnin inertiaa ja helpottaa iskuly\u00f6ntej\u00e4. Noin <span class=\"s2\"><b>360 g:n paino<\/b><\/span> antaa voimaa smasheihin s\u00e4ilytt\u00e4en samalla vakauden koko ly\u00f6ntiliikkeen ajan.  <\/p>\n<p class=\"p3\"><span class=\"s2\"><b>Keskikorkea\u2013korkea tasapaino<\/b><\/span> suosii lobeja, v\u00edboroita ja smasheja, kun taas j\u00e4ykk\u00e4 <span class=\"s2\"><b>Carbon Frame<\/b><\/span> parantaa energian siirtymist\u00e4 palloon. <span class=\"s2\"><b>Fiberglass-ly\u00f6ntipinta<\/b><\/span> tarjoaa mukavamman ja anteeksiantavamman tuntuman, mahdollistaen hyv\u00e4n syvyyden my\u00f6s maltillisella k\u00e4den nopeudella. Eksklusiivinen muotoilu pelaajan logolla ja allekirjoituksella lis\u00e4\u00e4 mailaan persoonallisuutta ja n\u00e4ytt\u00e4vyytt\u00e4. <\/p>\n<h4><b>Coello Team \u2013 keskitasolle ja edistyneille<\/b><\/h4>\n<p>&nbsp;<\/p>\n<p class=\"p3\">T\u00e4m\u00e4 timantinmuotoinen Head-maila on tarkoitettu <span class=\"s2\"><b>keskitason ja edistyneille pelaajille<\/b><\/span>, jotka haluavat ratkaista pisteit\u00e4 hy\u00f6kk\u00e4\u00e4v\u00e4sti. Erityisen tehokas pelaajille, jotka nousevat usein verkolle ja tarvitsevat vakautta aggressiivisiin volley-ly\u00f6nteihin. <\/p>\n<p class=\"p3\">Hieman pehme\u00e4mpi ly\u00f6ntituntuma lis\u00e4\u00e4 mukavuutta pitkiss\u00e4 otteluissa ja auttaa v\u00e4hent\u00e4m\u00e4\u00e4n k\u00e4den v\u00e4symist\u00e4. Smasheissa, v\u00edboroissa ja kolmannen sein\u00e4n ly\u00f6nneiss\u00e4 t\u00e4m\u00e4 maila tarjoaa selke\u00e4\u00e4 tukea pisteiden p\u00e4\u00e4tt\u00e4miseen. Malli erottuu eloisalla pallon l\u00e4hd\u00f6ll\u00e4, miellytt\u00e4v\u00e4ll\u00e4 tuntumalla ja sujuvasti etenev\u00e4ll\u00e4 reaktiolla \u2013 ihanteellinen itseluottamusta uhkuvaan hy\u00f6kk\u00e4yspeliin verkon l\u00e4hell\u00e4.  <\/p>\n<h4><b>T\u00e4rkeimm\u00e4t edut ja teknologiat<\/b><\/h4>\n<ul>\n<li>\n<p class=\"p1\"><span class=\"s1\"><b>Auxetic 2.0<\/b><\/span> \u2013 parempi herkkyys ja enemm\u00e4n voimaa jokaiseen ly\u00f6ntiin<\/p>\n<\/li>\n<li>\n<p class=\"p1\"><span class=\"s1\"><b>Reactive Power Foam<\/b><\/span> \u2013 lis\u00e4\u00e4 pallon nopeutta<\/p>\n<\/li>\n<li>\n<p class=\"p1\"><span class=\"s1\"><b>Carbon Frame<\/b><\/span> \u2013 rakenteellinen vakaus ja tehokas energiansiirto<\/p>\n<\/li>\n<li>\n<p class=\"p1\"><span class=\"s1\"><b>Optimized Sweet Spot<\/b><\/span> \u2013 laajennettu tehokas ly\u00f6ntialue<\/p>\n<\/li>\n<li>\n<p class=\"p1\"><span class=\"s1\"><b>Power Stabilizer<\/b><\/span> \u2013 parempi tasapaino nopeissa ly\u00f6nneiss\u00e4<\/p>\n<\/li>\n<li>\n<p class=\"p1\"><span class=\"s1\"><b>Fiberglass-pinta<\/b><\/span> \u2013 pehme\u00e4mpi tuntuma ja sujuva pallon l\u00e4ht\u00f6<\/p>\n<\/li>\n<li>\n<p class=\"p1\"><span class=\"s1\"><b>Soft Cap+<\/b><\/span> \u2013 v\u00e4hent\u00e4\u00e4 t\u00e4rin\u00e4\u00e4 ja parantaa otetta<\/p>\n<\/li>\n<li>\n<p class=\"p1\"><span class=\"s1\"><b>Anti Shock Skin Padel<\/b><\/span> \u2013 suoja naarmuja ja iskuja vastaan<\/p>\n<\/li>\n<\/ul>\n","protected":false},"excerpt":{"rendered":"<p>Head Coello Team 2026 \u2013 hy\u00f6kk\u00e4ysvoimaa &nbsp; Head Coello Team 2026 on suunniteltu selke\u00e4sti hy\u00f6kk\u00e4\u00e4v\u00e4\u00e4n pelityyliin. Sen timantinmuotoinen muoto keskitt\u00e4\u00e4 painon mailan yl\u00e4osaan, mik\u00e4 lis\u00e4\u00e4 ly\u00f6nnin inertiaa ja helpottaa iskuly\u00f6ntej\u00e4. Noin 360 g:n paino antaa voimaa smasheihin s\u00e4ilytt\u00e4en samalla vakauden koko ly\u00f6ntiliikkeen ajan. Keskikorkea\u2013korkea tasapaino suosii lobeja, v\u00edboroita ja smasheja, kun taas j\u00e4ykk\u00e4 Carbon Frame [&hellip;]<\/p>\n","protected":false},"featured_media":72607,"comment_status":"open","ping_status":"closed","template":"","meta":{"_eb_attr":""},"product_brand":[509],"product_cat":[510,495,494],"product_tag":[],"class_list":{"0":"post-72605","1":"product","2":"type-product","3":"status-publish","4":"has-post-thumbnail","6":"product_brand-head","7":"product_cat-head","8":"product_cat-keskitaso","9":"product_cat-padelmailat","10":"pa_kaal-360g","11":"pa_kuju-timantti","12":"pa_mangustiil-hyokkaava","13":"pa_tasakaal-keskella","14":"pa_tasakaal-ylhaalla","15":"pa_tase-keskitaso","16":"pa_varv-musta","17":"pa_varv-ruskea","20":"first","21":"instock","22":"sale","23":"taxable","24":"shipping-taxable","25":"purchasable","26":"product-type-simple"},"yoast_head":"<!-- This site is optimized with the Yoast SEO Premium plugin v27.1 (Yoast SEO v27.1.1) - https:\/\/yoast.com\/product\/yoast-seo-premium-wordpress\/ -->\n<title>Head Coello Team 2026 | Test Padelhaus<\/title>\n<meta name=\"description\" content=\"Padelmailat ja padelvarusteet edullisesti. Padelhaus on padel verkkokauppa, josta l\u00f6yd\u00e4t parhaat padelmailat kaikille tasoille.\" \/>\n<meta name=\"robots\" content=\"noindex, follow, max-snippet:-1, max-image-preview:large, max-video-preview:-1\" \/>\n<meta property=\"og:locale\" content=\"fi_FI\" \/>\n<meta property=\"og:type\" content=\"article\" \/>\n<meta property=\"og:title\" content=\"Head Coello Team 2026\" \/>\n<meta property=\"og:description\" content=\"Padelmailat ja padelvarusteet edullisesti. Padelhaus on padel verkkokauppa, josta l\u00f6yd\u00e4t parhaat padelmailat kaikille tasoille.\" \/>\n<meta property=\"og:url\" content=\"https:\/\/padelhaus.mustlammas-dev.in\/fi\/kauppa\/head-coello-team-2026\/\" \/>\n<meta property=\"og:site_name\" content=\"Test Padelhaus\" \/>\n<meta property=\"article:modified_time\" content=\"2026-03-05T15:56:46+00:00\" \/>\n<meta property=\"og:image\" content=\"https:\/\/padelhaus.mustlammas-dev.in\/wp-content\/uploads\/2026\/02\/1-2.webp\" \/>\n\t<meta property=\"og:image:width\" content=\"1000\" \/>\n\t<meta property=\"og:image:height\" content=\"1000\" \/>\n\t<meta property=\"og:image:type\" content=\"image\/webp\" \/>\n<meta name=\"twitter:card\" content=\"summary_large_image\" \/>\n<meta name=\"twitter:label1\" content=\"Hinta\" \/>\n\t<meta name=\"twitter:data1\" content=\"193,95&nbsp;&euro;\" \/>\n\t<meta name=\"twitter:label2\" content=\"Saatavuus\" \/>\n\t<meta name=\"twitter:data2\" content=\"Varastossa\" \/>\n<script type=\"application\/ld+json\" class=\"yoast-schema-graph\">{\"@context\":\"https:\/\/schema.org\",\"@graph\":[{\"@type\":[\"WebPage\",\"ItemPage\"],\"@id\":\"https:\/\/padelhaus.mustlammas-dev.in\/fi\/kauppa\/head-coello-team-2026\/\",\"url\":\"https:\/\/padelhaus.mustlammas-dev.in\/fi\/kauppa\/head-coello-team-2026\/\",\"name\":\"Head Coello Team 2026 | Test Padelhaus\",\"isPartOf\":{\"@id\":\"https:\/\/padelhaus.mustlammas-dev.in\/fi\/#website\"},\"primaryImageOfPage\":{\"@id\":\"https:\/\/padelhaus.mustlammas-dev.in\/fi\/kauppa\/head-coello-team-2026\/#primaryimage\"},\"image\":{\"@id\":\"https:\/\/padelhaus.mustlammas-dev.in\/fi\/kauppa\/head-coello-team-2026\/#primaryimage\"},\"thumbnailUrl\":\"https:\/\/padelhaus.mustlammas-dev.in\/wp-content\/uploads\/2026\/02\/1-2.webp\",\"datePublished\":\"2026-02-13T14:40:41+00:00\",\"dateModified\":\"2026-03-05T15:56:46+00:00\",\"description\":\"Padelmailat ja padelvarusteet edullisesti. Padelhaus on padel verkkokauppa, josta l\u00f6yd\u00e4t parhaat padelmailat kaikille tasoille.\",\"breadcrumb\":{\"@id\":\"https:\/\/padelhaus.mustlammas-dev.in\/fi\/kauppa\/head-coello-team-2026\/#breadcrumb\"},\"inLanguage\":\"fi\",\"potentialAction\":[{\"@type\":\"ReadAction\",\"target\":[\"https:\/\/padelhaus.mustlammas-dev.in\/fi\/kauppa\/head-coello-team-2026\/\"]}]},{\"@type\":\"ImageObject\",\"inLanguage\":\"fi\",\"@id\":\"https:\/\/padelhaus.mustlammas-dev.in\/fi\/kauppa\/head-coello-team-2026\/#primaryimage\",\"url\":\"https:\/\/padelhaus.mustlammas-dev.in\/wp-content\/uploads\/2026\/02\/1-2.webp\",\"contentUrl\":\"https:\/\/padelhaus.mustlammas-dev.in\/wp-content\/uploads\/2026\/02\/1-2.webp\",\"width\":1000,\"height\":1000},{\"@type\":\"BreadcrumbList\",\"@id\":\"https:\/\/padelhaus.mustlammas-dev.in\/fi\/kauppa\/head-coello-team-2026\/#breadcrumb\",\"itemListElement\":[{\"@type\":\"ListItem\",\"position\":1,\"name\":\"Avaleht\",\"item\":\"https:\/\/padelhaus.fi\/\"},{\"@type\":\"ListItem\",\"position\":2,\"name\":\"Kauppa\",\"item\":\"https:\/\/padelhaus.fi\/kauppa\/\"},{\"@type\":\"ListItem\",\"position\":3,\"name\":\"Head Coello Team 2026\"}]},{\"@type\":\"WebSite\",\"@id\":\"https:\/\/padelhaus.mustlammas-dev.in\/fi\/#website\",\"url\":\"https:\/\/padelhaus.mustlammas-dev.in\/fi\/\",\"name\":\"Claude Padelhaus\",\"description\":\"Sinu padelivarustuse kodu\",\"publisher\":{\"@id\":\"https:\/\/padelhaus.mustlammas-dev.in\/fi\/#organization\"},\"potentialAction\":[{\"@type\":\"SearchAction\",\"target\":{\"@type\":\"EntryPoint\",\"urlTemplate\":\"https:\/\/padelhaus.mustlammas-dev.in\/fi\/?s={search_term_string}\"},\"query-input\":{\"@type\":\"PropertyValueSpecification\",\"valueRequired\":true,\"valueName\":\"search_term_string\"}}],\"inLanguage\":\"fi\"},{\"@type\":\"Organization\",\"@id\":\"https:\/\/padelhaus.mustlammas-dev.in\/fi\/#organization\",\"name\":\"Claude Padelhaus\",\"url\":\"https:\/\/padelhaus.mustlammas-dev.in\/fi\/\",\"logo\":{\"@type\":\"ImageObject\",\"inLanguage\":\"fi\",\"@id\":\"https:\/\/padelhaus.mustlammas-dev.in\/fi\/#\/schema\/logo\/image\/\",\"url\":\"https:\/\/padelhaus.mustlammas-dev.in\/wp-content\/uploads\/2025\/05\/Logo-1.png\",\"contentUrl\":\"https:\/\/padelhaus.mustlammas-dev.in\/wp-content\/uploads\/2025\/05\/Logo-1.png\",\"width\":280,\"height\":115,\"caption\":\"Claude Padelhaus\"},\"image\":{\"@id\":\"https:\/\/padelhaus.mustlammas-dev.in\/fi\/#\/schema\/logo\/image\/\"}}]}<\/script>\n<meta property=\"product:price:amount\" content=\"193.95\" \/>\n<meta property=\"product:price:currency\" content=\"EUR\" \/>\n<meta property=\"og:availability\" content=\"instock\" \/>\n<meta property=\"product:availability\" content=\"instock\" \/>\n<meta property=\"product:retailer_item_id\" content=\"HEA-R-40\" \/>\n<meta property=\"product:condition\" content=\"new\" \/>\n<!-- \/ Yoast SEO Premium plugin. -->","yoast_head_json":{"title":"Head Coello Team 2026 | Test Padelhaus","description":"Padelmailat ja padelvarusteet edullisesti. Padelhaus on padel verkkokauppa, josta l\u00f6yd\u00e4t parhaat padelmailat kaikille tasoille.","robots":{"index":"noindex","follow":"follow","max-snippet":"max-snippet:-1","max-image-preview":"max-image-preview:large","max-video-preview":"max-video-preview:-1"},"og_locale":"fi_FI","og_type":"article","og_title":"Head Coello Team 2026","og_description":"Padelmailat ja padelvarusteet edullisesti. Padelhaus on padel verkkokauppa, josta l\u00f6yd\u00e4t parhaat padelmailat kaikille tasoille.","og_url":"https:\/\/padelhaus.mustlammas-dev.in\/fi\/kauppa\/head-coello-team-2026\/","og_site_name":"Test Padelhaus","article_modified_time":"2026-03-05T15:56:46+00:00","og_image":[{"width":1000,"height":1000,"url":"https:\/\/padelhaus.mustlammas-dev.in\/wp-content\/uploads\/2026\/02\/1-2.webp","type":"image\/webp"}],"twitter_card":"summary_large_image","twitter_misc":{"Hinta":"193,95&nbsp;&euro;","Saatavuus":"Varastossa"},"schema":{"@context":"https:\/\/schema.org","@graph":[{"@type":["WebPage","ItemPage"],"@id":"https:\/\/padelhaus.mustlammas-dev.in\/fi\/kauppa\/head-coello-team-2026\/","url":"https:\/\/padelhaus.mustlammas-dev.in\/fi\/kauppa\/head-coello-team-2026\/","name":"Head Coello Team 2026 | Test Padelhaus","isPartOf":{"@id":"https:\/\/padelhaus.mustlammas-dev.in\/fi\/#website"},"primaryImageOfPage":{"@id":"https:\/\/padelhaus.mustlammas-dev.in\/fi\/kauppa\/head-coello-team-2026\/#primaryimage"},"image":{"@id":"https:\/\/padelhaus.mustlammas-dev.in\/fi\/kauppa\/head-coello-team-2026\/#primaryimage"},"thumbnailUrl":"https:\/\/padelhaus.mustlammas-dev.in\/wp-content\/uploads\/2026\/02\/1-2.webp","datePublished":"2026-02-13T14:40:41+00:00","dateModified":"2026-03-05T15:56:46+00:00","description":"Padelmailat ja padelvarusteet edullisesti. Padelhaus on padel verkkokauppa, josta l\u00f6yd\u00e4t parhaat padelmailat kaikille tasoille.","breadcrumb":{"@id":"https:\/\/padelhaus.mustlammas-dev.in\/fi\/kauppa\/head-coello-team-2026\/#breadcrumb"},"inLanguage":"fi","potentialAction":[{"@type":"ReadAction","target":["https:\/\/padelhaus.mustlammas-dev.in\/fi\/kauppa\/head-coello-team-2026\/"]}]},{"@type":"ImageObject","inLanguage":"fi","@id":"https:\/\/padelhaus.mustlammas-dev.in\/fi\/kauppa\/head-coello-team-2026\/#primaryimage","url":"https:\/\/padelhaus.mustlammas-dev.in\/wp-content\/uploads\/2026\/02\/1-2.webp","contentUrl":"https:\/\/padelhaus.mustlammas-dev.in\/wp-content\/uploads\/2026\/02\/1-2.webp","width":1000,"height":1000},{"@type":"BreadcrumbList","@id":"https:\/\/padelhaus.mustlammas-dev.in\/fi\/kauppa\/head-coello-team-2026\/#breadcrumb","itemListElement":[{"@type":"ListItem","position":1,"name":"Avaleht","item":"https:\/\/padelhaus.fi\/"},{"@type":"ListItem","position":2,"name":"Kauppa","item":"https:\/\/padelhaus.fi\/kauppa\/"},{"@type":"ListItem","position":3,"name":"Head Coello Team 2026"}]},{"@type":"WebSite","@id":"https:\/\/padelhaus.mustlammas-dev.in\/fi\/#website","url":"https:\/\/padelhaus.mustlammas-dev.in\/fi\/","name":"Claude Padelhaus","description":"Sinu padelivarustuse kodu","publisher":{"@id":"https:\/\/padelhaus.mustlammas-dev.in\/fi\/#organization"},"potentialAction":[{"@type":"SearchAction","target":{"@type":"EntryPoint","urlTemplate":"https:\/\/padelhaus.mustlammas-dev.in\/fi\/?s={search_term_string}"},"query-input":{"@type":"PropertyValueSpecification","valueRequired":true,"valueName":"search_term_string"}}],"inLanguage":"fi"},{"@type":"Organization","@id":"https:\/\/padelhaus.mustlammas-dev.in\/fi\/#organization","name":"Claude Padelhaus","url":"https:\/\/padelhaus.mustlammas-dev.in\/fi\/","logo":{"@type":"ImageObject","inLanguage":"fi","@id":"https:\/\/padelhaus.mustlammas-dev.in\/fi\/#\/schema\/logo\/image\/","url":"https:\/\/padelhaus.mustlammas-dev.in\/wp-content\/uploads\/2025\/05\/Logo-1.png","contentUrl":"https:\/\/padelhaus.mustlammas-dev.in\/wp-content\/uploads\/2025\/05\/Logo-1.png","width":280,"height":115,"caption":"Claude Padelhaus"},"image":{"@id":"https:\/\/padelhaus.mustlammas-dev.in\/fi\/#\/schema\/logo\/image\/"}}]},"product_price_amount":"193.95","product_price_currency":"EUR","og_availability":"instock","product_availability":"instock","product_retailer_item_id":"HEA-R-40","product_condition":"new"},"_links":{"self":[{"href":"https:\/\/padelhaus.mustlammas-dev.in\/fi\/wp-json\/wp\/v2\/product\/72605","targetHints":{"allow":["GET"]}}],"collection":[{"href":"https:\/\/padelhaus.mustlammas-dev.in\/fi\/wp-json\/wp\/v2\/product"}],"about":[{"href":"https:\/\/padelhaus.mustlammas-dev.in\/fi\/wp-json\/wp\/v2\/types\/product"}],"replies":[{"embeddable":true,"href":"https:\/\/padelhaus.mustlammas-dev.in\/fi\/wp-json\/wp\/v2\/comments?post=72605"}],"wp:featuredmedia":[{"embeddable":true,"href":"https:\/\/padelhaus.mustlammas-dev.in\/fi\/wp-json\/wp\/v2\/media\/72607"}],"wp:attachment":[{"href":"https:\/\/padelhaus.mustlammas-dev.in\/fi\/wp-json\/wp\/v2\/media?parent=72605"}],"wp:term":[{"taxonomy":"product_brand","embeddable":true,"href":"https:\/\/padelhaus.mustlammas-dev.in\/fi\/wp-json\/wp\/v2\/product_brand?post=72605"},{"taxonomy":"product_cat","embeddable":true,"href":"https:\/\/padelhaus.mustlammas-dev.in\/fi\/wp-json\/wp\/v2\/product_cat?post=72605"},{"taxonomy":"product_tag","embeddable":true,"href":"https:\/\/padelhaus.mustlammas-dev.in\/fi\/wp-json\/wp\/v2\/product_tag?post=72605"}],"curies":[{"name":"wp","href":"https:\/\/api.w.org\/{rel}","templated":true}]}}