{"id":72629,"date":"2026-02-13T14:43:28","date_gmt":"2026-02-13T12:43:28","guid":{"rendered":"https:\/\/padelhaus.mustlammas-dev.in\/pood\/babolat-technical-veron-3-0\/"},"modified":"2026-03-05T17:56:51","modified_gmt":"2026-03-05T15:56:51","slug":"babolat-technical-veron-3-0","status":"publish","type":"product","link":"https:\/\/padelhaus.mustlammas-dev.in\/fi\/kauppa\/babolat-technical-veron-3-0\/","title":{"rendered":"Babolat Technical Veron 3.0"},"content":{"rendered":"<h4><b>Babolat Technical Veron 3.0 \u2013 maksimaalista voimaa ja kontrollia<\/b><\/h4>\n<p>&nbsp;<\/p>\n<p class=\"p3\"><span class=\"s2\"><b>Babolat Technical Veron 3.0<\/b><\/span> on suunniteltu edistyneille ja kilpatason pelaajille, jotka haluavat maksimaalista voimaa kontrollia menett\u00e4m\u00e4tt\u00e4. Sen <span class=\"s2\"><b>timantinmuotoinen muoto<\/b><\/span> ja j\u00e4ykk\u00e4 rakenne tehostavat hy\u00f6kk\u00e4ysly\u00f6ntej\u00e4 tarjoten voimakkaan pallon l\u00e4hd\u00f6n ja erinomaisen tarkkuuden vaativimmissakin tilanteissa. <\/p>\n<p class=\"p3\">Hiilikuidun ja lasikuidun tasapainoinen yhdistelm\u00e4 tekee jokaisesta pallokosketuksesta voiman, vakauden ja ammattimaisen suorituskyvyn osoituksen.<\/p>\n<p>&nbsp;<\/p>\n<h4><b>Huipputeknologiaa hy\u00f6kk\u00e4yksen hallintaan<\/b><\/h4>\n<p>&nbsp;<\/p>\n<p class=\"p3\">Huippumateriaaleista valmistettu Technical Veron 3.0 erottuu r\u00e4j\u00e4hdysm\u00e4isell\u00e4 luonteellaan sek\u00e4 varmalla ja vakaalla ly\u00f6ntituntumallaan. <span class=\"s2\"><b>CarbonFlex-teknologia<\/b><\/span> takaa elastisen voiman, kun taas <span class=\"s2\"><b>Black EVA -ydin<\/b><\/span> parantaa pallon l\u00e4ht\u00f6\u00e4 ja tarjoaa mukavuutta jokaiseen ly\u00f6ntiin.<\/p>\n<p class=\"p3\"><span class=\"s2\"><b>VIB Powered by SMAC<\/b><\/span> -j\u00e4rjestelm\u00e4 v\u00e4hent\u00e4\u00e4 t\u00e4rin\u00e4\u00e4 ja takaa pehme\u00e4mm\u00e4n tuntuman auttaen ehk\u00e4isem\u00e4\u00e4n rasitusta. Lis\u00e4ksi <span class=\"s2\"><b>Dynamic Stability System<\/b><\/span> vahvistaa mailan syd\u00e4nosaa parantaen rakenteen vakautta ja kontrollia. <\/p>\n<p class=\"p3\"><span class=\"s2\"><b>360 gramman paino<\/b><\/span> ja <span class=\"s2\"><b>270 mm:n tasapaino (keski-korkea)<\/b><\/span> tekev\u00e4t t\u00e4st\u00e4 mailasta voimakkaan, vakaan ja nopeasti reagoivan ty\u00f6kalun pelaajalle, joka haluaa m\u00e4\u00e4r\u00e4t\u00e4 ottelun tahdin hy\u00f6kk\u00e4\u00e4m\u00e4ll\u00e4.<\/p>\n<p class=\"p1\">\n<h4><b>T\u00e4rkeimm\u00e4t ominaisuudet ja teknologiat<\/b><\/h4>\n<p class=\"p1\">\n<ul>\n<li>\n<p class=\"p1\"><span class=\"s1\"><b>Pelaajataso:<\/b><\/span> edistynyt \/ kilpataso<\/p>\n<\/li>\n<li>\n<p class=\"p1\"><span class=\"s1\"><b>Muoto:<\/b><\/span> timantti \u2013 maksimaaliseen voimaan<\/p>\n<\/li>\n<li>\n<p class=\"p1\"><span class=\"s1\"><b>Paino:<\/b><\/span> 360 g<\/p>\n<\/li>\n<li>\n<p class=\"p1\"><span class=\"s1\"><b>Tasapaino:<\/b><\/span> 270 mm (keski-korkea)<\/p>\n<\/li>\n<li>\n<p class=\"p1\"><b>Profiili:<\/b><span class=\"s1\"> 38 mm<\/span><\/p>\n<\/li>\n<li>\n<p class=\"p1\"><span class=\"s1\"><b>Grippi:<\/b><\/span> Syntec Pro \u2013 mukava ja varma ote<\/p>\n<\/li>\n<li>\n<p class=\"p1\"><span class=\"s1\"><b>Materiaali:<\/b><\/span> CarbonFlex (hiilikuitu + lasikuitu) \u2013 voima ja joustavuus<\/p>\n<\/li>\n<li>\n<p class=\"p1\"><span class=\"s1\"><b>Ydin:<\/b><\/span> Black EVA \u2013 parempi mukavuus ja pallon l\u00e4ht\u00f6<\/p>\n<\/li>\n<li>\n<p class=\"p1\"><span class=\"s1\"><b>VIB Powered by SMAC<\/b><\/span> \u2013 tehokas t\u00e4rin\u00e4nvaimennus<\/p>\n<\/li>\n<li>\n<p class=\"p1\"><span class=\"s1\"><b>Dynamic Stability System<\/b><\/span> \u2013 vahvistettu syd\u00e4n parempaa vakautta ja kontrollia varten<\/p>\n<\/li>\n<li>\n<p class=\"p1\"><span class=\"s1\"><b>HPS-teknologia<\/b><\/span> \u2013 optimoitu reik\u00e4kuvio suuremman voiman ja tarkkuuden saavuttamiseksi<\/p>\n<\/li>\n<li>\n<p class=\"p1\"><span class=\"s1\"><b>3D Spin -pinta<\/b><\/span> \u2013 kohokuvioitu tekstuuri lis\u00e4\u00e4 kierteit\u00e4<\/p>\n<\/li>\n<li>\n<p class=\"p1\"><span class=\"s1\"><b>Smart Buttcap<\/b><\/span> \u2013 irrotettava ja pest\u00e4v\u00e4 rannenauha<\/p>\n<\/li>\n<\/ul>\n","protected":false},"excerpt":{"rendered":"<p>Babolat Technical Veron 3.0 \u2013 maksimaalista voimaa ja kontrollia &nbsp; Babolat Technical Veron 3.0 on suunniteltu edistyneille ja kilpatason pelaajille, jotka haluavat maksimaalista voimaa kontrollia menett\u00e4m\u00e4tt\u00e4. Sen timantinmuotoinen muoto ja j\u00e4ykk\u00e4 rakenne tehostavat hy\u00f6kk\u00e4ysly\u00f6ntej\u00e4 tarjoten voimakkaan pallon l\u00e4hd\u00f6n ja erinomaisen tarkkuuden vaativimmissakin tilanteissa. Hiilikuidun ja lasikuidun tasapainoinen yhdistelm\u00e4 tekee jokaisesta pallokosketuksesta voiman, vakauden ja ammattimaisen [&hellip;]<\/p>\n","protected":false},"featured_media":72630,"comment_status":"open","ping_status":"closed","template":"","meta":{"_eb_attr":""},"product_brand":[530],"product_cat":[531,495,494],"product_tag":[],"class_list":{"0":"post-72629","1":"product","2":"type-product","3":"status-publish","4":"has-post-thumbnail","6":"product_brand-babolat","7":"product_cat-babolat","8":"product_cat-keskitaso","9":"product_cat-padelmailat","10":"pa_kaal-360g","11":"pa_kuju-timantti","12":"pa_mangustiil-hybridi","13":"pa_tasakaal-keskella","14":"pa_tasakaal-ylhaalla","15":"pa_tase-keskitaso","16":"pa_varv-musta","17":"pa_varv-punainen","20":"first","21":"instock","22":"sale","23":"taxable","24":"shipping-taxable","25":"purchasable","26":"product-type-simple"},"yoast_head":"<!-- This site is optimized with the Yoast SEO Premium plugin v27.1 (Yoast SEO v27.1.1) - https:\/\/yoast.com\/product\/yoast-seo-premium-wordpress\/ -->\n<title>Babolat Technical Veron 3.0 | Test Padelhaus<\/title>\n<meta name=\"description\" content=\"Padelmailat ja padelvarusteet edullisesti. Padelhaus on padel verkkokauppa, josta l\u00f6yd\u00e4t parhaat padelmailat kaikille tasoille.\" \/>\n<meta name=\"robots\" content=\"noindex, follow, max-snippet:-1, max-image-preview:large, max-video-preview:-1\" \/>\n<meta property=\"og:locale\" content=\"fi_FI\" \/>\n<meta property=\"og:type\" content=\"article\" \/>\n<meta property=\"og:title\" content=\"Babolat Technical Veron 3.0\" \/>\n<meta property=\"og:description\" content=\"Padelmailat ja padelvarusteet edullisesti. Padelhaus on padel verkkokauppa, josta l\u00f6yd\u00e4t parhaat padelmailat kaikille tasoille.\" \/>\n<meta property=\"og:url\" content=\"https:\/\/padelhaus.mustlammas-dev.in\/fi\/kauppa\/babolat-technical-veron-3-0\/\" \/>\n<meta property=\"og:site_name\" content=\"Test Padelhaus\" \/>\n<meta property=\"article:modified_time\" content=\"2026-03-05T15:56:51+00:00\" \/>\n<meta property=\"og:image\" content=\"https:\/\/padelhaus.mustlammas-dev.in\/wp-content\/uploads\/2026\/02\/17-1.webp\" \/>\n\t<meta property=\"og:image:width\" content=\"1000\" \/>\n\t<meta property=\"og:image:height\" content=\"1000\" \/>\n\t<meta property=\"og:image:type\" content=\"image\/webp\" \/>\n<meta name=\"twitter:card\" content=\"summary_large_image\" \/>\n<meta name=\"twitter:label1\" content=\"Hinta\" \/>\n\t<meta name=\"twitter:data1\" content=\"184,95&nbsp;&euro;\" \/>\n\t<meta name=\"twitter:label2\" content=\"Saatavuus\" \/>\n\t<meta name=\"twitter:data2\" content=\"Varastossa\" \/>\n<script type=\"application\/ld+json\" class=\"yoast-schema-graph\">{\"@context\":\"https:\/\/schema.org\",\"@graph\":[{\"@type\":[\"WebPage\",\"ItemPage\"],\"@id\":\"https:\/\/padelhaus.mustlammas-dev.in\/fi\/kauppa\/babolat-technical-veron-3-0\/\",\"url\":\"https:\/\/padelhaus.mustlammas-dev.in\/fi\/kauppa\/babolat-technical-veron-3-0\/\",\"name\":\"Babolat Technical Veron 3.0 | Test Padelhaus\",\"isPartOf\":{\"@id\":\"https:\/\/padelhaus.mustlammas-dev.in\/fi\/#website\"},\"primaryImageOfPage\":{\"@id\":\"https:\/\/padelhaus.mustlammas-dev.in\/fi\/kauppa\/babolat-technical-veron-3-0\/#primaryimage\"},\"image\":{\"@id\":\"https:\/\/padelhaus.mustlammas-dev.in\/fi\/kauppa\/babolat-technical-veron-3-0\/#primaryimage\"},\"thumbnailUrl\":\"https:\/\/padelhaus.mustlammas-dev.in\/wp-content\/uploads\/2026\/02\/17-1.webp\",\"datePublished\":\"2026-02-13T12:43:28+00:00\",\"dateModified\":\"2026-03-05T15:56:51+00:00\",\"description\":\"Padelmailat ja padelvarusteet edullisesti. Padelhaus on padel verkkokauppa, josta l\u00f6yd\u00e4t parhaat padelmailat kaikille tasoille.\",\"breadcrumb\":{\"@id\":\"https:\/\/padelhaus.mustlammas-dev.in\/fi\/kauppa\/babolat-technical-veron-3-0\/#breadcrumb\"},\"inLanguage\":\"fi\",\"potentialAction\":[{\"@type\":\"ReadAction\",\"target\":[\"https:\/\/padelhaus.mustlammas-dev.in\/fi\/kauppa\/babolat-technical-veron-3-0\/\"]}]},{\"@type\":\"ImageObject\",\"inLanguage\":\"fi\",\"@id\":\"https:\/\/padelhaus.mustlammas-dev.in\/fi\/kauppa\/babolat-technical-veron-3-0\/#primaryimage\",\"url\":\"https:\/\/padelhaus.mustlammas-dev.in\/wp-content\/uploads\/2026\/02\/17-1.webp\",\"contentUrl\":\"https:\/\/padelhaus.mustlammas-dev.in\/wp-content\/uploads\/2026\/02\/17-1.webp\",\"width\":1000,\"height\":1000},{\"@type\":\"BreadcrumbList\",\"@id\":\"https:\/\/padelhaus.mustlammas-dev.in\/fi\/kauppa\/babolat-technical-veron-3-0\/#breadcrumb\",\"itemListElement\":[{\"@type\":\"ListItem\",\"position\":1,\"name\":\"Avaleht\",\"item\":\"https:\/\/padelhaus.fi\/\"},{\"@type\":\"ListItem\",\"position\":2,\"name\":\"Kauppa\",\"item\":\"https:\/\/padelhaus.fi\/kauppa\/\"},{\"@type\":\"ListItem\",\"position\":3,\"name\":\"Babolat Technical Veron 3.0\"}]},{\"@type\":\"WebSite\",\"@id\":\"https:\/\/padelhaus.mustlammas-dev.in\/fi\/#website\",\"url\":\"https:\/\/padelhaus.mustlammas-dev.in\/fi\/\",\"name\":\"Claude Padelhaus\",\"description\":\"Sinu padelivarustuse kodu\",\"publisher\":{\"@id\":\"https:\/\/padelhaus.mustlammas-dev.in\/fi\/#organization\"},\"potentialAction\":[{\"@type\":\"SearchAction\",\"target\":{\"@type\":\"EntryPoint\",\"urlTemplate\":\"https:\/\/padelhaus.mustlammas-dev.in\/fi\/?s={search_term_string}\"},\"query-input\":{\"@type\":\"PropertyValueSpecification\",\"valueRequired\":true,\"valueName\":\"search_term_string\"}}],\"inLanguage\":\"fi\"},{\"@type\":\"Organization\",\"@id\":\"https:\/\/padelhaus.mustlammas-dev.in\/fi\/#organization\",\"name\":\"Claude Padelhaus\",\"url\":\"https:\/\/padelhaus.mustlammas-dev.in\/fi\/\",\"logo\":{\"@type\":\"ImageObject\",\"inLanguage\":\"fi\",\"@id\":\"https:\/\/padelhaus.mustlammas-dev.in\/fi\/#\/schema\/logo\/image\/\",\"url\":\"https:\/\/padelhaus.mustlammas-dev.in\/wp-content\/uploads\/2025\/05\/Logo-1.png\",\"contentUrl\":\"https:\/\/padelhaus.mustlammas-dev.in\/wp-content\/uploads\/2025\/05\/Logo-1.png\",\"width\":280,\"height\":115,\"caption\":\"Claude Padelhaus\"},\"image\":{\"@id\":\"https:\/\/padelhaus.mustlammas-dev.in\/fi\/#\/schema\/logo\/image\/\"}}]}<\/script>\n<meta property=\"product:price:amount\" content=\"184.95\" \/>\n<meta property=\"product:price:currency\" content=\"EUR\" \/>\n<meta property=\"og:availability\" content=\"instock\" \/>\n<meta property=\"product:availability\" content=\"instock\" \/>\n<meta property=\"product:retailer_item_id\" content=\"BAB-R-21\" \/>\n<meta property=\"product:condition\" content=\"new\" \/>\n<!-- \/ Yoast SEO Premium plugin. -->","yoast_head_json":{"title":"Babolat Technical Veron 3.0 | Test Padelhaus","description":"Padelmailat ja padelvarusteet edullisesti. Padelhaus on padel verkkokauppa, josta l\u00f6yd\u00e4t parhaat padelmailat kaikille tasoille.","robots":{"index":"noindex","follow":"follow","max-snippet":"max-snippet:-1","max-image-preview":"max-image-preview:large","max-video-preview":"max-video-preview:-1"},"og_locale":"fi_FI","og_type":"article","og_title":"Babolat Technical Veron 3.0","og_description":"Padelmailat ja padelvarusteet edullisesti. Padelhaus on padel verkkokauppa, josta l\u00f6yd\u00e4t parhaat padelmailat kaikille tasoille.","og_url":"https:\/\/padelhaus.mustlammas-dev.in\/fi\/kauppa\/babolat-technical-veron-3-0\/","og_site_name":"Test Padelhaus","article_modified_time":"2026-03-05T15:56:51+00:00","og_image":[{"width":1000,"height":1000,"url":"https:\/\/padelhaus.mustlammas-dev.in\/wp-content\/uploads\/2026\/02\/17-1.webp","type":"image\/webp"}],"twitter_card":"summary_large_image","twitter_misc":{"Hinta":"184,95&nbsp;&euro;","Saatavuus":"Varastossa"},"schema":{"@context":"https:\/\/schema.org","@graph":[{"@type":["WebPage","ItemPage"],"@id":"https:\/\/padelhaus.mustlammas-dev.in\/fi\/kauppa\/babolat-technical-veron-3-0\/","url":"https:\/\/padelhaus.mustlammas-dev.in\/fi\/kauppa\/babolat-technical-veron-3-0\/","name":"Babolat Technical Veron 3.0 | Test Padelhaus","isPartOf":{"@id":"https:\/\/padelhaus.mustlammas-dev.in\/fi\/#website"},"primaryImageOfPage":{"@id":"https:\/\/padelhaus.mustlammas-dev.in\/fi\/kauppa\/babolat-technical-veron-3-0\/#primaryimage"},"image":{"@id":"https:\/\/padelhaus.mustlammas-dev.in\/fi\/kauppa\/babolat-technical-veron-3-0\/#primaryimage"},"thumbnailUrl":"https:\/\/padelhaus.mustlammas-dev.in\/wp-content\/uploads\/2026\/02\/17-1.webp","datePublished":"2026-02-13T12:43:28+00:00","dateModified":"2026-03-05T15:56:51+00:00","description":"Padelmailat ja padelvarusteet edullisesti. Padelhaus on padel verkkokauppa, josta l\u00f6yd\u00e4t parhaat padelmailat kaikille tasoille.","breadcrumb":{"@id":"https:\/\/padelhaus.mustlammas-dev.in\/fi\/kauppa\/babolat-technical-veron-3-0\/#breadcrumb"},"inLanguage":"fi","potentialAction":[{"@type":"ReadAction","target":["https:\/\/padelhaus.mustlammas-dev.in\/fi\/kauppa\/babolat-technical-veron-3-0\/"]}]},{"@type":"ImageObject","inLanguage":"fi","@id":"https:\/\/padelhaus.mustlammas-dev.in\/fi\/kauppa\/babolat-technical-veron-3-0\/#primaryimage","url":"https:\/\/padelhaus.mustlammas-dev.in\/wp-content\/uploads\/2026\/02\/17-1.webp","contentUrl":"https:\/\/padelhaus.mustlammas-dev.in\/wp-content\/uploads\/2026\/02\/17-1.webp","width":1000,"height":1000},{"@type":"BreadcrumbList","@id":"https:\/\/padelhaus.mustlammas-dev.in\/fi\/kauppa\/babolat-technical-veron-3-0\/#breadcrumb","itemListElement":[{"@type":"ListItem","position":1,"name":"Avaleht","item":"https:\/\/padelhaus.fi\/"},{"@type":"ListItem","position":2,"name":"Kauppa","item":"https:\/\/padelhaus.fi\/kauppa\/"},{"@type":"ListItem","position":3,"name":"Babolat Technical Veron 3.0"}]},{"@type":"WebSite","@id":"https:\/\/padelhaus.mustlammas-dev.in\/fi\/#website","url":"https:\/\/padelhaus.mustlammas-dev.in\/fi\/","name":"Claude Padelhaus","description":"Sinu padelivarustuse kodu","publisher":{"@id":"https:\/\/padelhaus.mustlammas-dev.in\/fi\/#organization"},"potentialAction":[{"@type":"SearchAction","target":{"@type":"EntryPoint","urlTemplate":"https:\/\/padelhaus.mustlammas-dev.in\/fi\/?s={search_term_string}"},"query-input":{"@type":"PropertyValueSpecification","valueRequired":true,"valueName":"search_term_string"}}],"inLanguage":"fi"},{"@type":"Organization","@id":"https:\/\/padelhaus.mustlammas-dev.in\/fi\/#organization","name":"Claude Padelhaus","url":"https:\/\/padelhaus.mustlammas-dev.in\/fi\/","logo":{"@type":"ImageObject","inLanguage":"fi","@id":"https:\/\/padelhaus.mustlammas-dev.in\/fi\/#\/schema\/logo\/image\/","url":"https:\/\/padelhaus.mustlammas-dev.in\/wp-content\/uploads\/2025\/05\/Logo-1.png","contentUrl":"https:\/\/padelhaus.mustlammas-dev.in\/wp-content\/uploads\/2025\/05\/Logo-1.png","width":280,"height":115,"caption":"Claude Padelhaus"},"image":{"@id":"https:\/\/padelhaus.mustlammas-dev.in\/fi\/#\/schema\/logo\/image\/"}}]},"product_price_amount":"184.95","product_price_currency":"EUR","og_availability":"instock","product_availability":"instock","product_retailer_item_id":"BAB-R-21","product_condition":"new"},"_links":{"self":[{"href":"https:\/\/padelhaus.mustlammas-dev.in\/fi\/wp-json\/wp\/v2\/product\/72629","targetHints":{"allow":["GET"]}}],"collection":[{"href":"https:\/\/padelhaus.mustlammas-dev.in\/fi\/wp-json\/wp\/v2\/product"}],"about":[{"href":"https:\/\/padelhaus.mustlammas-dev.in\/fi\/wp-json\/wp\/v2\/types\/product"}],"replies":[{"embeddable":true,"href":"https:\/\/padelhaus.mustlammas-dev.in\/fi\/wp-json\/wp\/v2\/comments?post=72629"}],"wp:featuredmedia":[{"embeddable":true,"href":"https:\/\/padelhaus.mustlammas-dev.in\/fi\/wp-json\/wp\/v2\/media\/72630"}],"wp:attachment":[{"href":"https:\/\/padelhaus.mustlammas-dev.in\/fi\/wp-json\/wp\/v2\/media?parent=72629"}],"wp:term":[{"taxonomy":"product_brand","embeddable":true,"href":"https:\/\/padelhaus.mustlammas-dev.in\/fi\/wp-json\/wp\/v2\/product_brand?post=72629"},{"taxonomy":"product_cat","embeddable":true,"href":"https:\/\/padelhaus.mustlammas-dev.in\/fi\/wp-json\/wp\/v2\/product_cat?post=72629"},{"taxonomy":"product_tag","embeddable":true,"href":"https:\/\/padelhaus.mustlammas-dev.in\/fi\/wp-json\/wp\/v2\/product_tag?post=72629"}],"curies":[{"name":"wp","href":"https:\/\/api.w.org\/{rel}","templated":true}]}}