{"id":72641,"date":"2026-02-03T16:10:01","date_gmt":"2026-02-03T14:10:01","guid":{"rendered":"https:\/\/padelhaus.mustlammas-dev.in\/pood\/bullpadel-neuron-02-cloud-2026-fede-chingotto\/"},"modified":"2026-03-05T17:56:57","modified_gmt":"2026-03-05T15:56:57","slug":"bullpadel-neuron-02-cloud-2026-fede-chingotto","status":"publish","type":"product","link":"https:\/\/padelhaus.mustlammas-dev.in\/fi\/kauppa\/bullpadel-neuron-02-cloud-2026-fede-chingotto\/","title":{"rendered":"Bullpadel Neuron 02 Cloud 2026 Fede Chingotto"},"content":{"rendered":"<h4><b>Bullpadel Neuron 02 Cloud \u2013 mukavuus ja tarkkuus yhdess\u00e4<\/b><\/h4>\n<p>&nbsp;<\/p>\n<p class=\"p3\"><span class=\"s2\"><b>Bullpadel Neuron 02 Cloud<\/b><\/span> on maila, jolla Bullpadel on mennyt askeleen pelkk\u00e4\u00e4 suorituskyky\u00e4 pidemm\u00e4lle. Tunnetusta <span class=\"s2\"><b>Neuron-sarjasta<\/b><\/span> inspiraationsa saanut malli k\u00e4ytt\u00e4\u00e4 <span class=\"s2\"><b>pehme\u00e4mpi\u00e4 materiaaleja<\/b><\/span> ja rakennetta, joka auttaa v\u00e4hent\u00e4m\u00e4\u00e4n fyysist\u00e4 rasitusta s\u00e4ilytt\u00e4en samalla sarjalle ominaisen tarkkuuden ja kontrollin. <\/p>\n<h4><b>Maila, joka huolehtii pelist\u00e4si<\/b><\/h4>\n<p>&nbsp;<\/p>\n<p class=\"p3\">Hybridimuodon ja <span class=\"s2\"><b>hieman keskitasoa korkeamman tasapainon<\/b><\/span> yhdistelm\u00e4 tarjoaa vakaata hallintaa ja mahdollistaa tarvittaessa lis\u00e4voiman tuottamisen. T\u00e4m\u00e4n mallin ytimen\u00e4 on <span class=\"s2\"><b>New Blue Soft EVA<\/b><\/span> -ydin \u2013 vaahtomateriaali, joka vaimentaa t\u00e4rin\u00e4\u00e4 ja antaa pehme\u00e4n ly\u00f6ntituntuman. T\u00e4m\u00e4 tekee mailasta ihanteellisen pelaajille, jotka arvostavat mukavuutta my\u00f6s pitkiss\u00e4 ja intensiivisiss\u00e4 peleiss\u00e4.  <\/p>\n<p class=\"p3\"><span class=\"s2\"><b>Fiberglass-pinnat<\/b><\/span> auttavat helpompaan ja joustavampaan pallon l\u00e4ht\u00f6\u00f6n, tehden pelist\u00e4 sujuvampaa ja anteeksiantavampaa.<\/p>\n<h4><b>Yksityiskohdat, joilla on merkityst\u00e4<\/b><\/h4>\n<ul>\n<li>\n<p class=\"p1\"><span class=\"s1\"><b>Muoto:<\/b><\/span> hybridi \u2013 laaja osuma-alue ja parempi tarkkuus<\/p>\n<\/li>\n<li>\n<p class=\"p1\"><span class=\"s1\"><b>Pinnat:<\/b><\/span> fiberglass \u2013 joustava ja mukava tuntuma<\/p>\n<\/li>\n<li>\n<p class=\"p1\"><span class=\"s1\"><b>Ydin:<\/b><\/span> New Blue Soft EVA \u2013 t\u00e4rin\u00e4nvaimennus ja parempi pallon l\u00e4ht\u00f6<\/p>\n<\/li>\n<li>\n<p class=\"p1\"><span class=\"s1\"><b>Tasapaino:<\/b><\/span> keskitaso \u2013 hyv\u00e4 ohjattavuus ja kohtuullinen voima<\/p>\n<\/li>\n<li>\n<p class=\"p1\"><span class=\"s1\"><b>Paino:<\/b><\/span> 365\u2013375 g<\/p>\n<\/li>\n<li>\n<p class=\"p1\"><span class=\"s1\"><b>Profiili:<\/b><\/span> 38 mm \u2013 sopii kokeneelle pelaajalle<\/p>\n<\/li>\n<li>\n<p class=\"p1\"><span class=\"s1\"><b>3D Grain -karhea pinta<\/b><\/span> \u2013 helpompi kierteiden lis\u00e4\u00e4minen ly\u00f6nteihin<\/p>\n<\/li>\n<\/ul>\n<h4><b>Ihanteellinen edistyneelle pelaajalle<\/b><\/h4>\n<p>&nbsp;<\/p>\n<p class=\"p3\">Bullpadel Neuron 02 Cloud sopii erinomaisesti pelaajalle, joka asettaa etusijalle <span class=\"s2\"><b>mukavuuden, sujuvan pelin ja vakauden<\/b><\/span>, mutta ei halua tinki\u00e4 teknisist\u00e4 ominaisuuksista. T\u00e4m\u00e4 on maila, joka tekee jokaisesta ly\u00f6nnist\u00e4 sujuvan, auttaa v\u00e4hent\u00e4m\u00e4\u00e4n v\u00e4symyst\u00e4 ja s\u00e4ilytt\u00e4m\u00e4\u00e4n keskittymisen koko pelin ajan. <\/p>\n","protected":false},"excerpt":{"rendered":"<p>Bullpadel Neuron 02 Cloud \u2013 mukavuus ja tarkkuus yhdess\u00e4 &nbsp; Bullpadel Neuron 02 Cloud on maila, jolla Bullpadel on mennyt askeleen pelkk\u00e4\u00e4 suorituskyky\u00e4 pidemm\u00e4lle. Tunnetusta Neuron-sarjasta inspiraationsa saanut malli k\u00e4ytt\u00e4\u00e4 pehme\u00e4mpi\u00e4 materiaaleja ja rakennetta, joka auttaa v\u00e4hent\u00e4m\u00e4\u00e4n fyysist\u00e4 rasitusta s\u00e4ilytt\u00e4en samalla sarjalle ominaisen tarkkuuden ja kontrollin. Maila, joka huolehtii pelist\u00e4si &nbsp; Hybridimuodon ja hieman keskitasoa [&hellip;]<\/p>\n","protected":false},"featured_media":72642,"comment_status":"open","ping_status":"closed","template":"","meta":{"_eb_attr":""},"product_brand":[503],"product_cat":[504,495,494],"product_tag":[],"class_list":{"0":"post-72641","1":"product","2":"type-product","3":"status-publish","4":"has-post-thumbnail","6":"product_brand-bullpadel","7":"product_cat-bullpadel","8":"product_cat-keskitaso","9":"product_cat-padelmailat","10":"pa_kaal-360-375-g","11":"pa_kuju-pisaranmuotoinen","12":"pa_mangustiil-hybridi","13":"pa_tasakaal-keskella","14":"pa_tase-edistynyt","15":"pa_tase-keskitaso","16":"pa_varv-vihrea","19":"first","20":"instock","21":"sale","22":"taxable","23":"shipping-taxable","24":"purchasable","25":"product-type-simple"},"yoast_head":"<!-- This site is optimized with the Yoast SEO Premium plugin v27.1 (Yoast SEO v27.1.1) - https:\/\/yoast.com\/product\/yoast-seo-premium-wordpress\/ -->\n<title>Bullpadel Neuron 02 Cloud 2026 Fede Chingotto | Test Padelhaus<\/title>\n<meta name=\"description\" content=\"Padelmailat ja padelvarusteet edullisesti. Padelhaus on padel verkkokauppa, josta l\u00f6yd\u00e4t parhaat padelmailat kaikille tasoille.\" \/>\n<meta name=\"robots\" content=\"noindex, follow, max-snippet:-1, max-image-preview:large, max-video-preview:-1\" \/>\n<meta property=\"og:locale\" content=\"fi_FI\" \/>\n<meta property=\"og:type\" content=\"article\" \/>\n<meta property=\"og:title\" content=\"Bullpadel Neuron 02 Cloud 2026 Fede Chingotto\" \/>\n<meta property=\"og:description\" content=\"Padelmailat ja padelvarusteet edullisesti. Padelhaus on padel verkkokauppa, josta l\u00f6yd\u00e4t parhaat padelmailat kaikille tasoille.\" \/>\n<meta property=\"og:url\" content=\"https:\/\/padelhaus.mustlammas-dev.in\/fi\/kauppa\/bullpadel-neuron-02-cloud-2026-fede-chingotto\/\" \/>\n<meta property=\"og:site_name\" content=\"Test Padelhaus\" \/>\n<meta property=\"article:modified_time\" content=\"2026-03-05T15:56:57+00:00\" \/>\n<meta property=\"og:image\" content=\"https:\/\/padelhaus.mustlammas-dev.in\/wp-content\/uploads\/2026\/02\/1.webp\" \/>\n\t<meta property=\"og:image:width\" content=\"1000\" \/>\n\t<meta property=\"og:image:height\" content=\"1000\" \/>\n\t<meta property=\"og:image:type\" content=\"image\/webp\" \/>\n<meta name=\"twitter:card\" content=\"summary_large_image\" \/>\n<meta name=\"twitter:label1\" content=\"Hinta\" \/>\n\t<meta name=\"twitter:data1\" content=\"209,95&nbsp;&euro;\" \/>\n\t<meta name=\"twitter:label2\" content=\"Saatavuus\" \/>\n\t<meta name=\"twitter:data2\" content=\"Varastossa\" \/>\n<script type=\"application\/ld+json\" class=\"yoast-schema-graph\">{\"@context\":\"https:\/\/schema.org\",\"@graph\":[{\"@type\":[\"WebPage\",\"ItemPage\"],\"@id\":\"https:\/\/padelhaus.mustlammas-dev.in\/fi\/kauppa\/bullpadel-neuron-02-cloud-2026-fede-chingotto\/\",\"url\":\"https:\/\/padelhaus.mustlammas-dev.in\/fi\/kauppa\/bullpadel-neuron-02-cloud-2026-fede-chingotto\/\",\"name\":\"Bullpadel Neuron 02 Cloud 2026 Fede Chingotto | Test Padelhaus\",\"isPartOf\":{\"@id\":\"https:\/\/padelhaus.mustlammas-dev.in\/fi\/#website\"},\"primaryImageOfPage\":{\"@id\":\"https:\/\/padelhaus.mustlammas-dev.in\/fi\/kauppa\/bullpadel-neuron-02-cloud-2026-fede-chingotto\/#primaryimage\"},\"image\":{\"@id\":\"https:\/\/padelhaus.mustlammas-dev.in\/fi\/kauppa\/bullpadel-neuron-02-cloud-2026-fede-chingotto\/#primaryimage\"},\"thumbnailUrl\":\"https:\/\/padelhaus.mustlammas-dev.in\/wp-content\/uploads\/2026\/02\/1.webp\",\"datePublished\":\"2026-02-03T14:10:01+00:00\",\"dateModified\":\"2026-03-05T15:56:57+00:00\",\"description\":\"Padelmailat ja padelvarusteet edullisesti. Padelhaus on padel verkkokauppa, josta l\u00f6yd\u00e4t parhaat padelmailat kaikille tasoille.\",\"breadcrumb\":{\"@id\":\"https:\/\/padelhaus.mustlammas-dev.in\/fi\/kauppa\/bullpadel-neuron-02-cloud-2026-fede-chingotto\/#breadcrumb\"},\"inLanguage\":\"fi\",\"potentialAction\":[{\"@type\":\"ReadAction\",\"target\":[\"https:\/\/padelhaus.mustlammas-dev.in\/fi\/kauppa\/bullpadel-neuron-02-cloud-2026-fede-chingotto\/\"]}]},{\"@type\":\"ImageObject\",\"inLanguage\":\"fi\",\"@id\":\"https:\/\/padelhaus.mustlammas-dev.in\/fi\/kauppa\/bullpadel-neuron-02-cloud-2026-fede-chingotto\/#primaryimage\",\"url\":\"https:\/\/padelhaus.mustlammas-dev.in\/wp-content\/uploads\/2026\/02\/1.webp\",\"contentUrl\":\"https:\/\/padelhaus.mustlammas-dev.in\/wp-content\/uploads\/2026\/02\/1.webp\",\"width\":1000,\"height\":1000},{\"@type\":\"BreadcrumbList\",\"@id\":\"https:\/\/padelhaus.mustlammas-dev.in\/fi\/kauppa\/bullpadel-neuron-02-cloud-2026-fede-chingotto\/#breadcrumb\",\"itemListElement\":[{\"@type\":\"ListItem\",\"position\":1,\"name\":\"Avaleht\",\"item\":\"https:\/\/padelhaus.fi\/\"},{\"@type\":\"ListItem\",\"position\":2,\"name\":\"Kauppa\",\"item\":\"https:\/\/padelhaus.fi\/kauppa\/\"},{\"@type\":\"ListItem\",\"position\":3,\"name\":\"Bullpadel Neuron 02 Cloud 2026 Fede Chingotto\"}]},{\"@type\":\"WebSite\",\"@id\":\"https:\/\/padelhaus.mustlammas-dev.in\/fi\/#website\",\"url\":\"https:\/\/padelhaus.mustlammas-dev.in\/fi\/\",\"name\":\"Claude Padelhaus\",\"description\":\"Sinu padelivarustuse kodu\",\"publisher\":{\"@id\":\"https:\/\/padelhaus.mustlammas-dev.in\/fi\/#organization\"},\"potentialAction\":[{\"@type\":\"SearchAction\",\"target\":{\"@type\":\"EntryPoint\",\"urlTemplate\":\"https:\/\/padelhaus.mustlammas-dev.in\/fi\/?s={search_term_string}\"},\"query-input\":{\"@type\":\"PropertyValueSpecification\",\"valueRequired\":true,\"valueName\":\"search_term_string\"}}],\"inLanguage\":\"fi\"},{\"@type\":\"Organization\",\"@id\":\"https:\/\/padelhaus.mustlammas-dev.in\/fi\/#organization\",\"name\":\"Claude Padelhaus\",\"url\":\"https:\/\/padelhaus.mustlammas-dev.in\/fi\/\",\"logo\":{\"@type\":\"ImageObject\",\"inLanguage\":\"fi\",\"@id\":\"https:\/\/padelhaus.mustlammas-dev.in\/fi\/#\/schema\/logo\/image\/\",\"url\":\"https:\/\/padelhaus.mustlammas-dev.in\/wp-content\/uploads\/2025\/05\/Logo-1.png\",\"contentUrl\":\"https:\/\/padelhaus.mustlammas-dev.in\/wp-content\/uploads\/2025\/05\/Logo-1.png\",\"width\":280,\"height\":115,\"caption\":\"Claude Padelhaus\"},\"image\":{\"@id\":\"https:\/\/padelhaus.mustlammas-dev.in\/fi\/#\/schema\/logo\/image\/\"}}]}<\/script>\n<meta property=\"product:price:amount\" content=\"209.95\" \/>\n<meta property=\"product:price:currency\" content=\"EUR\" \/>\n<meta property=\"og:availability\" content=\"instock\" \/>\n<meta property=\"product:availability\" content=\"instock\" \/>\n<meta property=\"product:retailer_item_id\" content=\"BUL-R-46\" \/>\n<meta property=\"product:condition\" content=\"new\" \/>\n<!-- \/ Yoast SEO Premium plugin. -->","yoast_head_json":{"title":"Bullpadel Neuron 02 Cloud 2026 Fede Chingotto | Test Padelhaus","description":"Padelmailat ja padelvarusteet edullisesti. Padelhaus on padel verkkokauppa, josta l\u00f6yd\u00e4t parhaat padelmailat kaikille tasoille.","robots":{"index":"noindex","follow":"follow","max-snippet":"max-snippet:-1","max-image-preview":"max-image-preview:large","max-video-preview":"max-video-preview:-1"},"og_locale":"fi_FI","og_type":"article","og_title":"Bullpadel Neuron 02 Cloud 2026 Fede Chingotto","og_description":"Padelmailat ja padelvarusteet edullisesti. Padelhaus on padel verkkokauppa, josta l\u00f6yd\u00e4t parhaat padelmailat kaikille tasoille.","og_url":"https:\/\/padelhaus.mustlammas-dev.in\/fi\/kauppa\/bullpadel-neuron-02-cloud-2026-fede-chingotto\/","og_site_name":"Test Padelhaus","article_modified_time":"2026-03-05T15:56:57+00:00","og_image":[{"width":1000,"height":1000,"url":"https:\/\/padelhaus.mustlammas-dev.in\/wp-content\/uploads\/2026\/02\/1.webp","type":"image\/webp"}],"twitter_card":"summary_large_image","twitter_misc":{"Hinta":"209,95&nbsp;&euro;","Saatavuus":"Varastossa"},"schema":{"@context":"https:\/\/schema.org","@graph":[{"@type":["WebPage","ItemPage"],"@id":"https:\/\/padelhaus.mustlammas-dev.in\/fi\/kauppa\/bullpadel-neuron-02-cloud-2026-fede-chingotto\/","url":"https:\/\/padelhaus.mustlammas-dev.in\/fi\/kauppa\/bullpadel-neuron-02-cloud-2026-fede-chingotto\/","name":"Bullpadel Neuron 02 Cloud 2026 Fede Chingotto | Test Padelhaus","isPartOf":{"@id":"https:\/\/padelhaus.mustlammas-dev.in\/fi\/#website"},"primaryImageOfPage":{"@id":"https:\/\/padelhaus.mustlammas-dev.in\/fi\/kauppa\/bullpadel-neuron-02-cloud-2026-fede-chingotto\/#primaryimage"},"image":{"@id":"https:\/\/padelhaus.mustlammas-dev.in\/fi\/kauppa\/bullpadel-neuron-02-cloud-2026-fede-chingotto\/#primaryimage"},"thumbnailUrl":"https:\/\/padelhaus.mustlammas-dev.in\/wp-content\/uploads\/2026\/02\/1.webp","datePublished":"2026-02-03T14:10:01+00:00","dateModified":"2026-03-05T15:56:57+00:00","description":"Padelmailat ja padelvarusteet edullisesti. Padelhaus on padel verkkokauppa, josta l\u00f6yd\u00e4t parhaat padelmailat kaikille tasoille.","breadcrumb":{"@id":"https:\/\/padelhaus.mustlammas-dev.in\/fi\/kauppa\/bullpadel-neuron-02-cloud-2026-fede-chingotto\/#breadcrumb"},"inLanguage":"fi","potentialAction":[{"@type":"ReadAction","target":["https:\/\/padelhaus.mustlammas-dev.in\/fi\/kauppa\/bullpadel-neuron-02-cloud-2026-fede-chingotto\/"]}]},{"@type":"ImageObject","inLanguage":"fi","@id":"https:\/\/padelhaus.mustlammas-dev.in\/fi\/kauppa\/bullpadel-neuron-02-cloud-2026-fede-chingotto\/#primaryimage","url":"https:\/\/padelhaus.mustlammas-dev.in\/wp-content\/uploads\/2026\/02\/1.webp","contentUrl":"https:\/\/padelhaus.mustlammas-dev.in\/wp-content\/uploads\/2026\/02\/1.webp","width":1000,"height":1000},{"@type":"BreadcrumbList","@id":"https:\/\/padelhaus.mustlammas-dev.in\/fi\/kauppa\/bullpadel-neuron-02-cloud-2026-fede-chingotto\/#breadcrumb","itemListElement":[{"@type":"ListItem","position":1,"name":"Avaleht","item":"https:\/\/padelhaus.fi\/"},{"@type":"ListItem","position":2,"name":"Kauppa","item":"https:\/\/padelhaus.fi\/kauppa\/"},{"@type":"ListItem","position":3,"name":"Bullpadel Neuron 02 Cloud 2026 Fede Chingotto"}]},{"@type":"WebSite","@id":"https:\/\/padelhaus.mustlammas-dev.in\/fi\/#website","url":"https:\/\/padelhaus.mustlammas-dev.in\/fi\/","name":"Claude Padelhaus","description":"Sinu padelivarustuse kodu","publisher":{"@id":"https:\/\/padelhaus.mustlammas-dev.in\/fi\/#organization"},"potentialAction":[{"@type":"SearchAction","target":{"@type":"EntryPoint","urlTemplate":"https:\/\/padelhaus.mustlammas-dev.in\/fi\/?s={search_term_string}"},"query-input":{"@type":"PropertyValueSpecification","valueRequired":true,"valueName":"search_term_string"}}],"inLanguage":"fi"},{"@type":"Organization","@id":"https:\/\/padelhaus.mustlammas-dev.in\/fi\/#organization","name":"Claude Padelhaus","url":"https:\/\/padelhaus.mustlammas-dev.in\/fi\/","logo":{"@type":"ImageObject","inLanguage":"fi","@id":"https:\/\/padelhaus.mustlammas-dev.in\/fi\/#\/schema\/logo\/image\/","url":"https:\/\/padelhaus.mustlammas-dev.in\/wp-content\/uploads\/2025\/05\/Logo-1.png","contentUrl":"https:\/\/padelhaus.mustlammas-dev.in\/wp-content\/uploads\/2025\/05\/Logo-1.png","width":280,"height":115,"caption":"Claude Padelhaus"},"image":{"@id":"https:\/\/padelhaus.mustlammas-dev.in\/fi\/#\/schema\/logo\/image\/"}}]},"product_price_amount":"209.95","product_price_currency":"EUR","og_availability":"instock","product_availability":"instock","product_retailer_item_id":"BUL-R-46","product_condition":"new"},"_links":{"self":[{"href":"https:\/\/padelhaus.mustlammas-dev.in\/fi\/wp-json\/wp\/v2\/product\/72641","targetHints":{"allow":["GET"]}}],"collection":[{"href":"https:\/\/padelhaus.mustlammas-dev.in\/fi\/wp-json\/wp\/v2\/product"}],"about":[{"href":"https:\/\/padelhaus.mustlammas-dev.in\/fi\/wp-json\/wp\/v2\/types\/product"}],"replies":[{"embeddable":true,"href":"https:\/\/padelhaus.mustlammas-dev.in\/fi\/wp-json\/wp\/v2\/comments?post=72641"}],"wp:featuredmedia":[{"embeddable":true,"href":"https:\/\/padelhaus.mustlammas-dev.in\/fi\/wp-json\/wp\/v2\/media\/72642"}],"wp:attachment":[{"href":"https:\/\/padelhaus.mustlammas-dev.in\/fi\/wp-json\/wp\/v2\/media?parent=72641"}],"wp:term":[{"taxonomy":"product_brand","embeddable":true,"href":"https:\/\/padelhaus.mustlammas-dev.in\/fi\/wp-json\/wp\/v2\/product_brand?post=72641"},{"taxonomy":"product_cat","embeddable":true,"href":"https:\/\/padelhaus.mustlammas-dev.in\/fi\/wp-json\/wp\/v2\/product_cat?post=72641"},{"taxonomy":"product_tag","embeddable":true,"href":"https:\/\/padelhaus.mustlammas-dev.in\/fi\/wp-json\/wp\/v2\/product_tag?post=72641"}],"curies":[{"name":"wp","href":"https:\/\/api.w.org\/{rel}","templated":true}]}}