{"id":72646,"date":"2026-02-09T18:16:25","date_gmt":"2026-02-09T16:16:25","guid":{"rendered":"https:\/\/padelhaus.mustlammas-dev.in\/pood\/bullpadel-hack-04-hybrid-cloud-2026\/"},"modified":"2026-03-05T17:56:54","modified_gmt":"2026-03-05T15:56:54","slug":"bullpadel-hack-04-hybrid-cloud-2026","status":"publish","type":"product","link":"https:\/\/padelhaus.mustlammas-dev.in\/fi\/kauppa\/bullpadel-hack-04-hybrid-cloud-2026\/","title":{"rendered":"Bullpadel Hack 04 Hybrid Cloud 2026"},"content":{"rendered":"<h4><b>Bullpadel Hack 04 Hybrid Cloud \u2013 dynaamista voimaa uudella tavalla<\/b><\/h4>\n<p>&nbsp;<\/p>\n<p class=\"p3\"><span class=\"s2\"><b>Bullpadel Hack 04 Hybrid Cloud<\/b><\/span> m\u00e4\u00e4rittelee padelin voiman uudelleen. Raa&#8217;an voiman sijaan t\u00e4m\u00e4 malli keskittyy <span class=\"s2\"><b>dynaamiseen voimaan<\/b><\/span>, jossa pelaajan liikenopeus muuntuu kineettiseksi energiaksi \u2013 tuloksena sujuvammat, tarkemmat ja voimakkaammat ly\u00f6nnit. <\/p>\n<p class=\"p3\"><span class=\"s2\"><b>Py\u00f6ristetty hybridimuoto<\/b><\/span> ja <span class=\"s2\"><b>matala tasapaino<\/b><\/span> tekev\u00e4t t\u00e4st\u00e4 monipuolisen mailan, joka sopii t\u00e4ydellisesti pelaajalle, joka haluaa huippusuoritusta mukavuudesta tinkim\u00e4tt\u00e4.<\/p>\n<p class=\"p1\">\n<h4><b>Pelaa pidemp\u00e4\u00e4n v\u00e4hemm\u00e4ll\u00e4 vaivalla<\/b><\/h4>\n<p>&nbsp;<\/p>\n<p class=\"p3\">Cloud-version suurin etu on sen <span class=\"s2\"><b>mukava ja kevyt pelattavuus<\/b><\/span>, joka minimoi t\u00e4rin\u00e4n jokaisessa osumassa. T\u00e4m\u00e4 parantaa pelikokemusta ja auttaa v\u00e4hent\u00e4m\u00e4\u00e4n v\u00e4symyst\u00e4 sek\u00e4 mahdollista ep\u00e4mukavuutta. <\/p>\n<p class=\"p3\">Pehme\u00e4 tuntuma ja <span class=\"s2\"><b>New Blue Soft EVA<\/b><\/span> -ydin tarjoavat pehme\u00e4n osuman, mik\u00e4 takaa <span class=\"s2\"><b>t\u00e4ydellisen hallinnan puolustuksessa<\/b><\/span> ja <span class=\"s2\"><b>dynaamisen vasteen hy\u00f6kk\u00e4yksess\u00e4<\/b><\/span>.<\/p>\n<p class=\"p1\">\n<h4><b>Keskeiset teknologiat ja ominaisuudet<\/b><\/h4>\n<p class=\"p1\">\n<ul>\n<li>\n<p class=\"p1\"><span class=\"s1\"><b>Dynamic Power<\/b><\/span> \u2013 muuntaa liikenopeuden energiaksi tarkempia ja r\u00e4j\u00e4hdysm\u00e4isempi\u00e4 ly\u00f6ntej\u00e4 varten<\/p>\n<\/li>\n<li>\n<p class=\"p1\"><span class=\"s1\"><b>Py\u00f6re\u00e4 hybridimuoto<\/b><\/span> \u2013 suurempi makea piste sek\u00e4 tasapaino hallinnan ja voiman v\u00e4lill\u00e4<\/p>\n<\/li>\n<li>\n<p class=\"p1\"><span class=\"s1\"><b>Fiberglass-rakenne<\/b><\/span> \u2013 joustavuutta ja mukavampi tuntuma<\/p>\n<\/li>\n<li>\n<p class=\"p1\"><span class=\"s1\"><b>New Blue Soft EVA -ydin<\/b><\/span> \u2013 parempi mukavuus, t\u00e4rin\u00e4nvaimennus ja pallon l\u00e4ht\u00f6nopeus<\/p>\n<\/li>\n<li>\n<p class=\"p1\"><span class=\"s1\"><b>Matala tasapaino<\/b><\/span> \u2013 parempi ohjattavuus ja v\u00e4hemm\u00e4n rasitusta jokaisessa ly\u00f6nniss\u00e4<\/p>\n<\/li>\n<li>\n<p class=\"p1\"><span class=\"s1\"><b>3D Grain -karheapinta<\/b><\/span> \u2013 parempi pallonhallinta ja helpompi kierre<\/p>\n<\/li>\n<li>\n<p class=\"p1\"><span class=\"s1\"><b>Paino:<\/b><\/span> 365\u2013375 g<\/p>\n<\/li>\n<li>\n<p class=\"p1\"><span class=\"s1\"><b>Profiili:<\/b><\/span> 38 mm \u2013 ammattilaismitat edistyneelle pelaajalle<\/p>\n<\/li>\n<\/ul>\n<p class=\"p1\">\n<h4><b>Mukavaa suorituskyky\u00e4 edistyneelle pelaajalle<\/b><\/h4>\n<p>&nbsp;<\/p>\n<p class=\"p3\">Bullpadel Hack 04 Hybrid Cloud on ihanteellinen valinta pelaajalle, joka etsii <span class=\"s2\"><b>hallittua ja sujuvaa voimaa<\/b><\/span>, v\u00e4hemm\u00e4n t\u00e4rin\u00e4\u00e4 ja mahdollisuutta pelata korkeatasoisia otteluita ilman liiallista rasitusta.<\/p>\n","protected":false},"excerpt":{"rendered":"<p>Bullpadel Hack 04 Hybrid Cloud \u2013 dynaamista voimaa uudella tavalla &nbsp; Bullpadel Hack 04 Hybrid Cloud m\u00e4\u00e4rittelee padelin voiman uudelleen. Raa&#8217;an voiman sijaan t\u00e4m\u00e4 malli keskittyy dynaamiseen voimaan, jossa pelaajan liikenopeus muuntuu kineettiseksi energiaksi \u2013 tuloksena sujuvammat, tarkemmat ja voimakkaammat ly\u00f6nnit. Py\u00f6ristetty hybridimuoto ja matala tasapaino tekev\u00e4t t\u00e4st\u00e4 monipuolisen mailan, joka sopii t\u00e4ydellisesti pelaajalle, joka [&hellip;]<\/p>\n","protected":false},"featured_media":72647,"comment_status":"open","ping_status":"closed","template":"","meta":{"_eb_attr":""},"product_brand":[503],"product_cat":[504,495,516,494],"product_tag":[],"class_list":{"0":"post-72646","1":"product","2":"type-product","3":"status-publish","4":"has-post-thumbnail","6":"product_brand-bullpadel","7":"product_cat-bullpadel","8":"product_cat-keskitaso","9":"product_cat-miehet","10":"product_cat-padelmailat","11":"pa_kaal-360-375-g","12":"pa_kuju-pisaranmuotoinen","13":"pa_mangustiil-hybridi","14":"pa_tasakaal-matala","15":"pa_tase-edistynyt","16":"pa_tase-keskitaso","17":"pa_varv-harmaa","20":"first","21":"instock","22":"sale","23":"taxable","24":"shipping-taxable","25":"purchasable","26":"product-type-simple"},"yoast_head":"<!-- This site is optimized with the Yoast SEO Premium plugin v27.1 (Yoast SEO v27.1.1) - https:\/\/yoast.com\/product\/yoast-seo-premium-wordpress\/ -->\n<title>Bullpadel Hack 04 Hybrid Cloud 2026 | Test Padelhaus<\/title>\n<meta name=\"description\" content=\"Padelmailat ja padelvarusteet edullisesti. Padelhaus on padel verkkokauppa, josta l\u00f6yd\u00e4t parhaat padelmailat kaikille tasoille.\" \/>\n<meta name=\"robots\" content=\"noindex, follow, max-snippet:-1, max-image-preview:large, max-video-preview:-1\" \/>\n<meta property=\"og:locale\" content=\"fi_FI\" \/>\n<meta property=\"og:type\" content=\"article\" \/>\n<meta property=\"og:title\" content=\"Bullpadel Hack 04 Hybrid Cloud 2026\" \/>\n<meta property=\"og:description\" content=\"Padelmailat ja padelvarusteet edullisesti. Padelhaus on padel verkkokauppa, josta l\u00f6yd\u00e4t parhaat padelmailat kaikille tasoille.\" \/>\n<meta property=\"og:url\" content=\"https:\/\/padelhaus.mustlammas-dev.in\/fi\/kauppa\/bullpadel-hack-04-hybrid-cloud-2026\/\" \/>\n<meta property=\"og:site_name\" content=\"Test Padelhaus\" \/>\n<meta property=\"article:modified_time\" content=\"2026-03-05T15:56:54+00:00\" \/>\n<meta property=\"og:image\" content=\"https:\/\/padelhaus.mustlammas-dev.in\/wp-content\/uploads\/2026\/02\/2-1.webp\" \/>\n\t<meta property=\"og:image:width\" content=\"1000\" \/>\n\t<meta property=\"og:image:height\" content=\"1000\" \/>\n\t<meta property=\"og:image:type\" content=\"image\/webp\" \/>\n<meta name=\"twitter:card\" content=\"summary_large_image\" \/>\n<meta name=\"twitter:label1\" content=\"Hinta\" \/>\n\t<meta name=\"twitter:data1\" content=\"199,95&nbsp;&euro;\" \/>\n\t<meta name=\"twitter:label2\" content=\"Saatavuus\" \/>\n\t<meta name=\"twitter:data2\" content=\"Varastossa\" \/>\n<script type=\"application\/ld+json\" class=\"yoast-schema-graph\">{\"@context\":\"https:\/\/schema.org\",\"@graph\":[{\"@type\":[\"WebPage\",\"ItemPage\"],\"@id\":\"https:\/\/padelhaus.mustlammas-dev.in\/fi\/kauppa\/bullpadel-hack-04-hybrid-cloud-2026\/\",\"url\":\"https:\/\/padelhaus.mustlammas-dev.in\/fi\/kauppa\/bullpadel-hack-04-hybrid-cloud-2026\/\",\"name\":\"Bullpadel Hack 04 Hybrid Cloud 2026 | Test Padelhaus\",\"isPartOf\":{\"@id\":\"https:\/\/padelhaus.mustlammas-dev.in\/fi\/#website\"},\"primaryImageOfPage\":{\"@id\":\"https:\/\/padelhaus.mustlammas-dev.in\/fi\/kauppa\/bullpadel-hack-04-hybrid-cloud-2026\/#primaryimage\"},\"image\":{\"@id\":\"https:\/\/padelhaus.mustlammas-dev.in\/fi\/kauppa\/bullpadel-hack-04-hybrid-cloud-2026\/#primaryimage\"},\"thumbnailUrl\":\"https:\/\/padelhaus.mustlammas-dev.in\/wp-content\/uploads\/2026\/02\/2-1.webp\",\"datePublished\":\"2026-02-09T16:16:25+00:00\",\"dateModified\":\"2026-03-05T15:56:54+00:00\",\"description\":\"Padelmailat ja padelvarusteet edullisesti. Padelhaus on padel verkkokauppa, josta l\u00f6yd\u00e4t parhaat padelmailat kaikille tasoille.\",\"breadcrumb\":{\"@id\":\"https:\/\/padelhaus.mustlammas-dev.in\/fi\/kauppa\/bullpadel-hack-04-hybrid-cloud-2026\/#breadcrumb\"},\"inLanguage\":\"fi\",\"potentialAction\":[{\"@type\":\"ReadAction\",\"target\":[\"https:\/\/padelhaus.mustlammas-dev.in\/fi\/kauppa\/bullpadel-hack-04-hybrid-cloud-2026\/\"]}]},{\"@type\":\"ImageObject\",\"inLanguage\":\"fi\",\"@id\":\"https:\/\/padelhaus.mustlammas-dev.in\/fi\/kauppa\/bullpadel-hack-04-hybrid-cloud-2026\/#primaryimage\",\"url\":\"https:\/\/padelhaus.mustlammas-dev.in\/wp-content\/uploads\/2026\/02\/2-1.webp\",\"contentUrl\":\"https:\/\/padelhaus.mustlammas-dev.in\/wp-content\/uploads\/2026\/02\/2-1.webp\",\"width\":1000,\"height\":1000},{\"@type\":\"BreadcrumbList\",\"@id\":\"https:\/\/padelhaus.mustlammas-dev.in\/fi\/kauppa\/bullpadel-hack-04-hybrid-cloud-2026\/#breadcrumb\",\"itemListElement\":[{\"@type\":\"ListItem\",\"position\":1,\"name\":\"Avaleht\",\"item\":\"https:\/\/padelhaus.fi\/\"},{\"@type\":\"ListItem\",\"position\":2,\"name\":\"Kauppa\",\"item\":\"https:\/\/padelhaus.fi\/kauppa\/\"},{\"@type\":\"ListItem\",\"position\":3,\"name\":\"Bullpadel Hack 04 Hybrid Cloud 2026\"}]},{\"@type\":\"WebSite\",\"@id\":\"https:\/\/padelhaus.mustlammas-dev.in\/fi\/#website\",\"url\":\"https:\/\/padelhaus.mustlammas-dev.in\/fi\/\",\"name\":\"Claude Padelhaus\",\"description\":\"Sinu padelivarustuse kodu\",\"publisher\":{\"@id\":\"https:\/\/padelhaus.mustlammas-dev.in\/fi\/#organization\"},\"potentialAction\":[{\"@type\":\"SearchAction\",\"target\":{\"@type\":\"EntryPoint\",\"urlTemplate\":\"https:\/\/padelhaus.mustlammas-dev.in\/fi\/?s={search_term_string}\"},\"query-input\":{\"@type\":\"PropertyValueSpecification\",\"valueRequired\":true,\"valueName\":\"search_term_string\"}}],\"inLanguage\":\"fi\"},{\"@type\":\"Organization\",\"@id\":\"https:\/\/padelhaus.mustlammas-dev.in\/fi\/#organization\",\"name\":\"Claude Padelhaus\",\"url\":\"https:\/\/padelhaus.mustlammas-dev.in\/fi\/\",\"logo\":{\"@type\":\"ImageObject\",\"inLanguage\":\"fi\",\"@id\":\"https:\/\/padelhaus.mustlammas-dev.in\/fi\/#\/schema\/logo\/image\/\",\"url\":\"https:\/\/padelhaus.mustlammas-dev.in\/wp-content\/uploads\/2025\/05\/Logo-1.png\",\"contentUrl\":\"https:\/\/padelhaus.mustlammas-dev.in\/wp-content\/uploads\/2025\/05\/Logo-1.png\",\"width\":280,\"height\":115,\"caption\":\"Claude Padelhaus\"},\"image\":{\"@id\":\"https:\/\/padelhaus.mustlammas-dev.in\/fi\/#\/schema\/logo\/image\/\"}}]}<\/script>\n<meta property=\"product:price:amount\" content=\"199.95\" \/>\n<meta property=\"product:price:currency\" content=\"EUR\" \/>\n<meta property=\"og:availability\" content=\"instock\" \/>\n<meta property=\"product:availability\" content=\"instock\" \/>\n<meta property=\"product:retailer_item_id\" content=\"BUL-R-47\" \/>\n<meta property=\"product:condition\" content=\"new\" \/>\n<!-- \/ Yoast SEO Premium plugin. -->","yoast_head_json":{"title":"Bullpadel Hack 04 Hybrid Cloud 2026 | Test Padelhaus","description":"Padelmailat ja padelvarusteet edullisesti. Padelhaus on padel verkkokauppa, josta l\u00f6yd\u00e4t parhaat padelmailat kaikille tasoille.","robots":{"index":"noindex","follow":"follow","max-snippet":"max-snippet:-1","max-image-preview":"max-image-preview:large","max-video-preview":"max-video-preview:-1"},"og_locale":"fi_FI","og_type":"article","og_title":"Bullpadel Hack 04 Hybrid Cloud 2026","og_description":"Padelmailat ja padelvarusteet edullisesti. Padelhaus on padel verkkokauppa, josta l\u00f6yd\u00e4t parhaat padelmailat kaikille tasoille.","og_url":"https:\/\/padelhaus.mustlammas-dev.in\/fi\/kauppa\/bullpadel-hack-04-hybrid-cloud-2026\/","og_site_name":"Test Padelhaus","article_modified_time":"2026-03-05T15:56:54+00:00","og_image":[{"width":1000,"height":1000,"url":"https:\/\/padelhaus.mustlammas-dev.in\/wp-content\/uploads\/2026\/02\/2-1.webp","type":"image\/webp"}],"twitter_card":"summary_large_image","twitter_misc":{"Hinta":"199,95&nbsp;&euro;","Saatavuus":"Varastossa"},"schema":{"@context":"https:\/\/schema.org","@graph":[{"@type":["WebPage","ItemPage"],"@id":"https:\/\/padelhaus.mustlammas-dev.in\/fi\/kauppa\/bullpadel-hack-04-hybrid-cloud-2026\/","url":"https:\/\/padelhaus.mustlammas-dev.in\/fi\/kauppa\/bullpadel-hack-04-hybrid-cloud-2026\/","name":"Bullpadel Hack 04 Hybrid Cloud 2026 | Test Padelhaus","isPartOf":{"@id":"https:\/\/padelhaus.mustlammas-dev.in\/fi\/#website"},"primaryImageOfPage":{"@id":"https:\/\/padelhaus.mustlammas-dev.in\/fi\/kauppa\/bullpadel-hack-04-hybrid-cloud-2026\/#primaryimage"},"image":{"@id":"https:\/\/padelhaus.mustlammas-dev.in\/fi\/kauppa\/bullpadel-hack-04-hybrid-cloud-2026\/#primaryimage"},"thumbnailUrl":"https:\/\/padelhaus.mustlammas-dev.in\/wp-content\/uploads\/2026\/02\/2-1.webp","datePublished":"2026-02-09T16:16:25+00:00","dateModified":"2026-03-05T15:56:54+00:00","description":"Padelmailat ja padelvarusteet edullisesti. Padelhaus on padel verkkokauppa, josta l\u00f6yd\u00e4t parhaat padelmailat kaikille tasoille.","breadcrumb":{"@id":"https:\/\/padelhaus.mustlammas-dev.in\/fi\/kauppa\/bullpadel-hack-04-hybrid-cloud-2026\/#breadcrumb"},"inLanguage":"fi","potentialAction":[{"@type":"ReadAction","target":["https:\/\/padelhaus.mustlammas-dev.in\/fi\/kauppa\/bullpadel-hack-04-hybrid-cloud-2026\/"]}]},{"@type":"ImageObject","inLanguage":"fi","@id":"https:\/\/padelhaus.mustlammas-dev.in\/fi\/kauppa\/bullpadel-hack-04-hybrid-cloud-2026\/#primaryimage","url":"https:\/\/padelhaus.mustlammas-dev.in\/wp-content\/uploads\/2026\/02\/2-1.webp","contentUrl":"https:\/\/padelhaus.mustlammas-dev.in\/wp-content\/uploads\/2026\/02\/2-1.webp","width":1000,"height":1000},{"@type":"BreadcrumbList","@id":"https:\/\/padelhaus.mustlammas-dev.in\/fi\/kauppa\/bullpadel-hack-04-hybrid-cloud-2026\/#breadcrumb","itemListElement":[{"@type":"ListItem","position":1,"name":"Avaleht","item":"https:\/\/padelhaus.fi\/"},{"@type":"ListItem","position":2,"name":"Kauppa","item":"https:\/\/padelhaus.fi\/kauppa\/"},{"@type":"ListItem","position":3,"name":"Bullpadel Hack 04 Hybrid Cloud 2026"}]},{"@type":"WebSite","@id":"https:\/\/padelhaus.mustlammas-dev.in\/fi\/#website","url":"https:\/\/padelhaus.mustlammas-dev.in\/fi\/","name":"Claude Padelhaus","description":"Sinu padelivarustuse kodu","publisher":{"@id":"https:\/\/padelhaus.mustlammas-dev.in\/fi\/#organization"},"potentialAction":[{"@type":"SearchAction","target":{"@type":"EntryPoint","urlTemplate":"https:\/\/padelhaus.mustlammas-dev.in\/fi\/?s={search_term_string}"},"query-input":{"@type":"PropertyValueSpecification","valueRequired":true,"valueName":"search_term_string"}}],"inLanguage":"fi"},{"@type":"Organization","@id":"https:\/\/padelhaus.mustlammas-dev.in\/fi\/#organization","name":"Claude Padelhaus","url":"https:\/\/padelhaus.mustlammas-dev.in\/fi\/","logo":{"@type":"ImageObject","inLanguage":"fi","@id":"https:\/\/padelhaus.mustlammas-dev.in\/fi\/#\/schema\/logo\/image\/","url":"https:\/\/padelhaus.mustlammas-dev.in\/wp-content\/uploads\/2025\/05\/Logo-1.png","contentUrl":"https:\/\/padelhaus.mustlammas-dev.in\/wp-content\/uploads\/2025\/05\/Logo-1.png","width":280,"height":115,"caption":"Claude Padelhaus"},"image":{"@id":"https:\/\/padelhaus.mustlammas-dev.in\/fi\/#\/schema\/logo\/image\/"}}]},"product_price_amount":"199.95","product_price_currency":"EUR","og_availability":"instock","product_availability":"instock","product_retailer_item_id":"BUL-R-47","product_condition":"new"},"_links":{"self":[{"href":"https:\/\/padelhaus.mustlammas-dev.in\/fi\/wp-json\/wp\/v2\/product\/72646","targetHints":{"allow":["GET"]}}],"collection":[{"href":"https:\/\/padelhaus.mustlammas-dev.in\/fi\/wp-json\/wp\/v2\/product"}],"about":[{"href":"https:\/\/padelhaus.mustlammas-dev.in\/fi\/wp-json\/wp\/v2\/types\/product"}],"replies":[{"embeddable":true,"href":"https:\/\/padelhaus.mustlammas-dev.in\/fi\/wp-json\/wp\/v2\/comments?post=72646"}],"wp:featuredmedia":[{"embeddable":true,"href":"https:\/\/padelhaus.mustlammas-dev.in\/fi\/wp-json\/wp\/v2\/media\/72647"}],"wp:attachment":[{"href":"https:\/\/padelhaus.mustlammas-dev.in\/fi\/wp-json\/wp\/v2\/media?parent=72646"}],"wp:term":[{"taxonomy":"product_brand","embeddable":true,"href":"https:\/\/padelhaus.mustlammas-dev.in\/fi\/wp-json\/wp\/v2\/product_brand?post=72646"},{"taxonomy":"product_cat","embeddable":true,"href":"https:\/\/padelhaus.mustlammas-dev.in\/fi\/wp-json\/wp\/v2\/product_cat?post=72646"},{"taxonomy":"product_tag","embeddable":true,"href":"https:\/\/padelhaus.mustlammas-dev.in\/fi\/wp-json\/wp\/v2\/product_tag?post=72646"}],"curies":[{"name":"wp","href":"https:\/\/api.w.org\/{rel}","templated":true}]}}