{"id":72656,"date":"2026-01-28T23:34:59","date_gmt":"2026-01-28T21:34:59","guid":{"rendered":"https:\/\/padelhaus.mustlammas-dev.in\/pood\/siux-fenix-pro-glow-purple-2026-leo-augsburger\/"},"modified":"2026-03-05T17:57:00","modified_gmt":"2026-03-05T15:57:00","slug":"siux-fenix-pro-glow-purple-2026-leo-augsburger","status":"publish","type":"product","link":"https:\/\/padelhaus.mustlammas-dev.in\/fi\/kauppa\/siux-fenix-pro-glow-purple-2026-leo-augsburger\/","title":{"rendered":"Siux Fenix Pro Glow Purple 2026 Leo Augsburger"},"content":{"rendered":"<h5><b>Siux Fenix Pro Glow Purple 2026 \u2013 maksimaalista voimaa ja ammattitason kontrollia<\/b><\/h5>\n<p>&nbsp;<\/p>\n<p class=\"p3\"><span class=\"s2\"><b>Siux Fenix Pro Glow Purple 2026<\/b><\/span> m\u00e4\u00e4rittelee ammattilaispadelin voiman t\u00e4ysin uudella tasolla. Sen <span class=\"s2\"><b>timantinmuotoinen muoto<\/b><\/span> ja <span class=\"s2\"><b>korkea tasapaino<\/b><\/span> keskitt\u00e4v\u00e4t energian mailan p\u00e4\u00e4h\u00e4n tarjoten r\u00e4j\u00e4hdysm\u00e4ist\u00e4 voimaa ja aggressiivisia hy\u00f6kk\u00e4ysly\u00f6ntej\u00e4. <\/p>\n<p class=\"p3\">Mailan pinnat on valmistettu <span class=\"s2\"><b>12K-hiilikuidusta<\/b><\/span> ja ytimess\u00e4 k\u00e4ytet\u00e4\u00e4n <span class=\"s2\"><b>korkeatiheyksist\u00e4 EVA-kumia<\/b><\/span>, mik\u00e4 antaa kovan ja vakaan tuntuman sek\u00e4 lis\u00e4\u00e4 tarkkuutta jokaisessa pallokosketuksessa.<\/p>\n<p class=\"p3\">Painolla <span class=\"s2\"><b>355\u2013375 g<\/b><\/span> t\u00e4m\u00e4 maila yhdist\u00e4\u00e4 voiman, j\u00e4ykkyyden ja kontrollin, sopien t\u00e4ydellisesti vaativille pelaajille, jotka haluavat diktoida pelin tempoa t\u00e4ysin. <span class=\"s2\"><b>Matta viimeistely 3D-karhealla pinnalla<\/b><\/span> auttaa tarttumaan palloon paremmin, mahdollistaen enemm\u00e4n kierteit\u00e4 niin iskuly\u00f6nneiss\u00e4 kuin aggressiivisissa volleyissakin.<\/p>\n<h5><b>Hy\u00f6kk\u00e4\u00e4v\u00e4lle pelaajalle, joka etsii rajatonta voimaa<\/b><\/h5>\n<p>&nbsp;<\/p>\n<p class=\"p3\">Siux Fenix Pro Glow Purple 2026 on suunniteltu <span class=\"s2\"><b>edistyneille ja ammattitason pelaajille<\/b><\/span>, jotka suosivat ratkaisevaa, hy\u00f6kk\u00e4\u00e4v\u00e4\u00e4 ja korkean intensiteetin pelityyli\u00e4.<\/p>\n<p class=\"p3\">Mailan j\u00e4ykkyys ja tasapaino tarjoavat tarvittavan kontrollin <span class=\"s2\"><b>voimakkaiden smashien<\/b><\/span> suorittamiseen, s\u00e4ilytt\u00e4en samalla varman ja puhtaan ly\u00f6ntituntuman. T\u00e4m\u00e4 on malli pelaajalle, joka hallitsee tekniikan ja etsii huipputason suorituskyky\u00e4 juuri niiss\u00e4 peleiss\u00e4, joissa voima ratkaisee. <\/p>\n<p class=\"p3\">Jos olet aggressiivinen pelaaja, joka haluaa dominoida ensimm\u00e4isest\u00e4 pisteest\u00e4 l\u00e4htien, t\u00e4m\u00e4 maila vie pelisi seuraavalle tasolle.<\/p>\n<h5><b>T\u00e4rkeimm\u00e4t ominaisuudet ja teknologiat<\/b><\/h5>\n<ul>\n<li>\n<p class=\"p1\"><span class=\"s1\"><b>Muoto:<\/b><\/span> timantti<\/p>\n<\/li>\n<li>\n<p class=\"p1\"><span class=\"s1\"><b>Tasapaino:<\/b><\/span> korkea \u2013 maksimaaliseen hy\u00f6kk\u00e4ystehoon<\/p>\n<\/li>\n<li>\n<p class=\"p1\"><span class=\"s1\"><b>Paino:<\/b><\/span> 355\u2013375 g \u2013 hyv\u00e4 man\u00f6\u00f6veroitavuus ja mukavuus my\u00f6s intensiivisess\u00e4 peliss\u00e4<\/p>\n<\/li>\n<li>\n<p class=\"p1\"><span class=\"s1\"><b>Pinnat:<\/b><\/span> 12K Carbon \u2013 korkea kest\u00e4vyys ja suorituskyky<\/p>\n<\/li>\n<li>\n<p class=\"p1\"><span class=\"s1\"><b>Ydin:<\/b><\/span> korkeatiheyksinen EVA-kumi<\/p>\n<\/li>\n<li>\n<p class=\"p1\"><span class=\"s1\"><b>Viimeistely:<\/b><\/span> matta 3D-tekstuurilla \u2013 parempi kierre ja pallonhallinta<\/p>\n<\/li>\n<\/ul>\n<h5><b>Ase pelaajalle, joka haluaa dominoida<\/b><\/h5>\n<p>&nbsp;<\/p>\n<p class=\"p3\">Siux Fenix Pro Glow Purple 2026 on <span class=\"s2\"><b>puhdas hy\u00f6kk\u00e4ysmaila<\/b><\/span>, joka on luotu pelaajalle, joka ei tee kompromisseja voiman suhteen. T\u00e4ydellinen yhdistelm\u00e4 aggressiivisuutta, vakautta ja ammattimaista tuntumaa tekee t\u00e4st\u00e4 ihanteellisen valinnan korkean tason kilpapeleihin. <\/p>\n","protected":false},"excerpt":{"rendered":"<p>Siux Fenix Pro Glow Purple 2026 \u2013 maksimaalista voimaa ja ammattitason kontrollia &nbsp; Siux Fenix Pro Glow Purple 2026 m\u00e4\u00e4rittelee ammattilaispadelin voiman t\u00e4ysin uudella tasolla. Sen timantinmuotoinen muoto ja korkea tasapaino keskitt\u00e4v\u00e4t energian mailan p\u00e4\u00e4h\u00e4n tarjoten r\u00e4j\u00e4hdysm\u00e4ist\u00e4 voimaa ja aggressiivisia hy\u00f6kk\u00e4ysly\u00f6ntej\u00e4. Mailan pinnat on valmistettu 12K-hiilikuidusta ja ytimess\u00e4 k\u00e4ytet\u00e4\u00e4n korkeatiheyksist\u00e4 EVA-kumia, mik\u00e4 antaa kovan ja [&hellip;]<\/p>\n","protected":false},"featured_media":72657,"comment_status":"open","ping_status":"closed","template":"","meta":{"_eb_attr":""},"product_brand":[527],"product_cat":[496,494,528],"product_tag":[],"class_list":{"0":"post-72656","1":"product","2":"type-product","3":"status-publish","4":"has-post-thumbnail","6":"product_brand-siux","7":"product_cat-edistynyt","8":"product_cat-padelmailat","9":"product_cat-siux","10":"pa_kaal-355-g-375-g","11":"pa_kuju-timantti","12":"pa_mangustiil-hyokkaava","13":"pa_tasakaal-ylhaalla","14":"pa_tase-edistynyt","15":"pa_varv-liila","16":"pa_varv-musta","19":"first","20":"instock","21":"sale","22":"taxable","23":"shipping-taxable","24":"purchasable","25":"product-type-simple"},"yoast_head":"<!-- This site is optimized with the Yoast SEO Premium plugin v27.1 (Yoast SEO v27.1.1) - https:\/\/yoast.com\/product\/yoast-seo-premium-wordpress\/ -->\n<title>Siux Fenix Pro Glow Purple 2026 Leo Augsburger | Test Padelhaus<\/title>\n<meta name=\"description\" content=\"Padelmailat ja padelvarusteet edullisesti. Padelhaus on padel verkkokauppa, josta l\u00f6yd\u00e4t parhaat padelmailat kaikille tasoille.\" \/>\n<meta name=\"robots\" content=\"noindex, follow, max-snippet:-1, max-image-preview:large, max-video-preview:-1\" \/>\n<meta property=\"og:locale\" content=\"fi_FI\" \/>\n<meta property=\"og:type\" content=\"article\" \/>\n<meta property=\"og:title\" content=\"Siux Fenix Pro Glow Purple 2026 Leo Augsburger\" \/>\n<meta property=\"og:description\" content=\"Padelmailat ja padelvarusteet edullisesti. Padelhaus on padel verkkokauppa, josta l\u00f6yd\u00e4t parhaat padelmailat kaikille tasoille.\" \/>\n<meta property=\"og:url\" content=\"https:\/\/padelhaus.mustlammas-dev.in\/fi\/kauppa\/siux-fenix-pro-glow-purple-2026-leo-augsburger\/\" \/>\n<meta property=\"og:site_name\" content=\"Test Padelhaus\" \/>\n<meta property=\"article:modified_time\" content=\"2026-03-05T15:57:00+00:00\" \/>\n<meta property=\"og:image\" content=\"https:\/\/padelhaus.mustlammas-dev.in\/wp-content\/uploads\/2026\/01\/6-3.webp\" \/>\n\t<meta property=\"og:image:width\" content=\"1000\" \/>\n\t<meta property=\"og:image:height\" content=\"1000\" \/>\n\t<meta property=\"og:image:type\" content=\"image\/webp\" \/>\n<meta name=\"twitter:card\" content=\"summary_large_image\" \/>\n<meta name=\"twitter:label1\" content=\"Hinta\" \/>\n\t<meta name=\"twitter:data1\" content=\"289,95&nbsp;&euro;\" \/>\n\t<meta name=\"twitter:label2\" content=\"Saatavuus\" \/>\n\t<meta name=\"twitter:data2\" content=\"Varastossa\" \/>\n<script type=\"application\/ld+json\" class=\"yoast-schema-graph\">{\"@context\":\"https:\/\/schema.org\",\"@graph\":[{\"@type\":[\"WebPage\",\"ItemPage\"],\"@id\":\"https:\/\/padelhaus.mustlammas-dev.in\/fi\/kauppa\/siux-fenix-pro-glow-purple-2026-leo-augsburger\/\",\"url\":\"https:\/\/padelhaus.mustlammas-dev.in\/fi\/kauppa\/siux-fenix-pro-glow-purple-2026-leo-augsburger\/\",\"name\":\"Siux Fenix Pro Glow Purple 2026 Leo Augsburger | Test Padelhaus\",\"isPartOf\":{\"@id\":\"https:\/\/padelhaus.mustlammas-dev.in\/fi\/#website\"},\"primaryImageOfPage\":{\"@id\":\"https:\/\/padelhaus.mustlammas-dev.in\/fi\/kauppa\/siux-fenix-pro-glow-purple-2026-leo-augsburger\/#primaryimage\"},\"image\":{\"@id\":\"https:\/\/padelhaus.mustlammas-dev.in\/fi\/kauppa\/siux-fenix-pro-glow-purple-2026-leo-augsburger\/#primaryimage\"},\"thumbnailUrl\":\"https:\/\/padelhaus.mustlammas-dev.in\/wp-content\/uploads\/2026\/01\/6-3.webp\",\"datePublished\":\"2026-01-28T21:34:59+00:00\",\"dateModified\":\"2026-03-05T15:57:00+00:00\",\"description\":\"Padelmailat ja padelvarusteet edullisesti. Padelhaus on padel verkkokauppa, josta l\u00f6yd\u00e4t parhaat padelmailat kaikille tasoille.\",\"breadcrumb\":{\"@id\":\"https:\/\/padelhaus.mustlammas-dev.in\/fi\/kauppa\/siux-fenix-pro-glow-purple-2026-leo-augsburger\/#breadcrumb\"},\"inLanguage\":\"fi\",\"potentialAction\":[{\"@type\":\"ReadAction\",\"target\":[\"https:\/\/padelhaus.mustlammas-dev.in\/fi\/kauppa\/siux-fenix-pro-glow-purple-2026-leo-augsburger\/\"]}]},{\"@type\":\"ImageObject\",\"inLanguage\":\"fi\",\"@id\":\"https:\/\/padelhaus.mustlammas-dev.in\/fi\/kauppa\/siux-fenix-pro-glow-purple-2026-leo-augsburger\/#primaryimage\",\"url\":\"https:\/\/padelhaus.mustlammas-dev.in\/wp-content\/uploads\/2026\/01\/6-3.webp\",\"contentUrl\":\"https:\/\/padelhaus.mustlammas-dev.in\/wp-content\/uploads\/2026\/01\/6-3.webp\",\"width\":1000,\"height\":1000},{\"@type\":\"BreadcrumbList\",\"@id\":\"https:\/\/padelhaus.mustlammas-dev.in\/fi\/kauppa\/siux-fenix-pro-glow-purple-2026-leo-augsburger\/#breadcrumb\",\"itemListElement\":[{\"@type\":\"ListItem\",\"position\":1,\"name\":\"Avaleht\",\"item\":\"https:\/\/padelhaus.fi\/\"},{\"@type\":\"ListItem\",\"position\":2,\"name\":\"Kauppa\",\"item\":\"https:\/\/padelhaus.fi\/kauppa\/\"},{\"@type\":\"ListItem\",\"position\":3,\"name\":\"Siux Fenix Pro Glow Purple 2026 Leo Augsburger\"}]},{\"@type\":\"WebSite\",\"@id\":\"https:\/\/padelhaus.mustlammas-dev.in\/fi\/#website\",\"url\":\"https:\/\/padelhaus.mustlammas-dev.in\/fi\/\",\"name\":\"Claude Padelhaus\",\"description\":\"Sinu padelivarustuse kodu\",\"publisher\":{\"@id\":\"https:\/\/padelhaus.mustlammas-dev.in\/fi\/#organization\"},\"potentialAction\":[{\"@type\":\"SearchAction\",\"target\":{\"@type\":\"EntryPoint\",\"urlTemplate\":\"https:\/\/padelhaus.mustlammas-dev.in\/fi\/?s={search_term_string}\"},\"query-input\":{\"@type\":\"PropertyValueSpecification\",\"valueRequired\":true,\"valueName\":\"search_term_string\"}}],\"inLanguage\":\"fi\"},{\"@type\":\"Organization\",\"@id\":\"https:\/\/padelhaus.mustlammas-dev.in\/fi\/#organization\",\"name\":\"Claude Padelhaus\",\"url\":\"https:\/\/padelhaus.mustlammas-dev.in\/fi\/\",\"logo\":{\"@type\":\"ImageObject\",\"inLanguage\":\"fi\",\"@id\":\"https:\/\/padelhaus.mustlammas-dev.in\/fi\/#\/schema\/logo\/image\/\",\"url\":\"https:\/\/padelhaus.mustlammas-dev.in\/wp-content\/uploads\/2025\/05\/Logo-1.png\",\"contentUrl\":\"https:\/\/padelhaus.mustlammas-dev.in\/wp-content\/uploads\/2025\/05\/Logo-1.png\",\"width\":280,\"height\":115,\"caption\":\"Claude Padelhaus\"},\"image\":{\"@id\":\"https:\/\/padelhaus.mustlammas-dev.in\/fi\/#\/schema\/logo\/image\/\"}}]}<\/script>\n<meta property=\"product:price:amount\" content=\"289.95\" \/>\n<meta property=\"product:price:currency\" content=\"EUR\" \/>\n<meta property=\"og:availability\" content=\"instock\" \/>\n<meta property=\"product:availability\" content=\"instock\" \/>\n<meta property=\"product:retailer_item_id\" content=\"SIU-R-26\" \/>\n<meta property=\"product:condition\" content=\"new\" \/>\n<!-- \/ Yoast SEO Premium plugin. -->","yoast_head_json":{"title":"Siux Fenix Pro Glow Purple 2026 Leo Augsburger | Test Padelhaus","description":"Padelmailat ja padelvarusteet edullisesti. Padelhaus on padel verkkokauppa, josta l\u00f6yd\u00e4t parhaat padelmailat kaikille tasoille.","robots":{"index":"noindex","follow":"follow","max-snippet":"max-snippet:-1","max-image-preview":"max-image-preview:large","max-video-preview":"max-video-preview:-1"},"og_locale":"fi_FI","og_type":"article","og_title":"Siux Fenix Pro Glow Purple 2026 Leo Augsburger","og_description":"Padelmailat ja padelvarusteet edullisesti. Padelhaus on padel verkkokauppa, josta l\u00f6yd\u00e4t parhaat padelmailat kaikille tasoille.","og_url":"https:\/\/padelhaus.mustlammas-dev.in\/fi\/kauppa\/siux-fenix-pro-glow-purple-2026-leo-augsburger\/","og_site_name":"Test Padelhaus","article_modified_time":"2026-03-05T15:57:00+00:00","og_image":[{"width":1000,"height":1000,"url":"https:\/\/padelhaus.mustlammas-dev.in\/wp-content\/uploads\/2026\/01\/6-3.webp","type":"image\/webp"}],"twitter_card":"summary_large_image","twitter_misc":{"Hinta":"289,95&nbsp;&euro;","Saatavuus":"Varastossa"},"schema":{"@context":"https:\/\/schema.org","@graph":[{"@type":["WebPage","ItemPage"],"@id":"https:\/\/padelhaus.mustlammas-dev.in\/fi\/kauppa\/siux-fenix-pro-glow-purple-2026-leo-augsburger\/","url":"https:\/\/padelhaus.mustlammas-dev.in\/fi\/kauppa\/siux-fenix-pro-glow-purple-2026-leo-augsburger\/","name":"Siux Fenix Pro Glow Purple 2026 Leo Augsburger | Test Padelhaus","isPartOf":{"@id":"https:\/\/padelhaus.mustlammas-dev.in\/fi\/#website"},"primaryImageOfPage":{"@id":"https:\/\/padelhaus.mustlammas-dev.in\/fi\/kauppa\/siux-fenix-pro-glow-purple-2026-leo-augsburger\/#primaryimage"},"image":{"@id":"https:\/\/padelhaus.mustlammas-dev.in\/fi\/kauppa\/siux-fenix-pro-glow-purple-2026-leo-augsburger\/#primaryimage"},"thumbnailUrl":"https:\/\/padelhaus.mustlammas-dev.in\/wp-content\/uploads\/2026\/01\/6-3.webp","datePublished":"2026-01-28T21:34:59+00:00","dateModified":"2026-03-05T15:57:00+00:00","description":"Padelmailat ja padelvarusteet edullisesti. Padelhaus on padel verkkokauppa, josta l\u00f6yd\u00e4t parhaat padelmailat kaikille tasoille.","breadcrumb":{"@id":"https:\/\/padelhaus.mustlammas-dev.in\/fi\/kauppa\/siux-fenix-pro-glow-purple-2026-leo-augsburger\/#breadcrumb"},"inLanguage":"fi","potentialAction":[{"@type":"ReadAction","target":["https:\/\/padelhaus.mustlammas-dev.in\/fi\/kauppa\/siux-fenix-pro-glow-purple-2026-leo-augsburger\/"]}]},{"@type":"ImageObject","inLanguage":"fi","@id":"https:\/\/padelhaus.mustlammas-dev.in\/fi\/kauppa\/siux-fenix-pro-glow-purple-2026-leo-augsburger\/#primaryimage","url":"https:\/\/padelhaus.mustlammas-dev.in\/wp-content\/uploads\/2026\/01\/6-3.webp","contentUrl":"https:\/\/padelhaus.mustlammas-dev.in\/wp-content\/uploads\/2026\/01\/6-3.webp","width":1000,"height":1000},{"@type":"BreadcrumbList","@id":"https:\/\/padelhaus.mustlammas-dev.in\/fi\/kauppa\/siux-fenix-pro-glow-purple-2026-leo-augsburger\/#breadcrumb","itemListElement":[{"@type":"ListItem","position":1,"name":"Avaleht","item":"https:\/\/padelhaus.fi\/"},{"@type":"ListItem","position":2,"name":"Kauppa","item":"https:\/\/padelhaus.fi\/kauppa\/"},{"@type":"ListItem","position":3,"name":"Siux Fenix Pro Glow Purple 2026 Leo Augsburger"}]},{"@type":"WebSite","@id":"https:\/\/padelhaus.mustlammas-dev.in\/fi\/#website","url":"https:\/\/padelhaus.mustlammas-dev.in\/fi\/","name":"Claude Padelhaus","description":"Sinu padelivarustuse kodu","publisher":{"@id":"https:\/\/padelhaus.mustlammas-dev.in\/fi\/#organization"},"potentialAction":[{"@type":"SearchAction","target":{"@type":"EntryPoint","urlTemplate":"https:\/\/padelhaus.mustlammas-dev.in\/fi\/?s={search_term_string}"},"query-input":{"@type":"PropertyValueSpecification","valueRequired":true,"valueName":"search_term_string"}}],"inLanguage":"fi"},{"@type":"Organization","@id":"https:\/\/padelhaus.mustlammas-dev.in\/fi\/#organization","name":"Claude Padelhaus","url":"https:\/\/padelhaus.mustlammas-dev.in\/fi\/","logo":{"@type":"ImageObject","inLanguage":"fi","@id":"https:\/\/padelhaus.mustlammas-dev.in\/fi\/#\/schema\/logo\/image\/","url":"https:\/\/padelhaus.mustlammas-dev.in\/wp-content\/uploads\/2025\/05\/Logo-1.png","contentUrl":"https:\/\/padelhaus.mustlammas-dev.in\/wp-content\/uploads\/2025\/05\/Logo-1.png","width":280,"height":115,"caption":"Claude Padelhaus"},"image":{"@id":"https:\/\/padelhaus.mustlammas-dev.in\/fi\/#\/schema\/logo\/image\/"}}]},"product_price_amount":"289.95","product_price_currency":"EUR","og_availability":"instock","product_availability":"instock","product_retailer_item_id":"SIU-R-26","product_condition":"new"},"_links":{"self":[{"href":"https:\/\/padelhaus.mustlammas-dev.in\/fi\/wp-json\/wp\/v2\/product\/72656","targetHints":{"allow":["GET"]}}],"collection":[{"href":"https:\/\/padelhaus.mustlammas-dev.in\/fi\/wp-json\/wp\/v2\/product"}],"about":[{"href":"https:\/\/padelhaus.mustlammas-dev.in\/fi\/wp-json\/wp\/v2\/types\/product"}],"replies":[{"embeddable":true,"href":"https:\/\/padelhaus.mustlammas-dev.in\/fi\/wp-json\/wp\/v2\/comments?post=72656"}],"wp:featuredmedia":[{"embeddable":true,"href":"https:\/\/padelhaus.mustlammas-dev.in\/fi\/wp-json\/wp\/v2\/media\/72657"}],"wp:attachment":[{"href":"https:\/\/padelhaus.mustlammas-dev.in\/fi\/wp-json\/wp\/v2\/media?parent=72656"}],"wp:term":[{"taxonomy":"product_brand","embeddable":true,"href":"https:\/\/padelhaus.mustlammas-dev.in\/fi\/wp-json\/wp\/v2\/product_brand?post=72656"},{"taxonomy":"product_cat","embeddable":true,"href":"https:\/\/padelhaus.mustlammas-dev.in\/fi\/wp-json\/wp\/v2\/product_cat?post=72656"},{"taxonomy":"product_tag","embeddable":true,"href":"https:\/\/padelhaus.mustlammas-dev.in\/fi\/wp-json\/wp\/v2\/product_tag?post=72656"}],"curies":[{"name":"wp","href":"https:\/\/api.w.org\/{rel}","templated":true}]}}