{"id":72661,"date":"2026-02-06T14:58:19","date_gmt":"2026-02-06T12:58:19","guid":{"rendered":"https:\/\/padelhaus.mustlammas-dev.in\/pood\/adidas-arrow-hit-hexagon-2026\/"},"modified":"2026-03-05T17:56:54","modified_gmt":"2026-03-05T15:56:54","slug":"adidas-arrow-hit-hexagon-2026","status":"publish","type":"product","link":"https:\/\/padelhaus.mustlammas-dev.in\/fi\/kauppa\/adidas-arrow-hit-hexagon-2026\/","title":{"rendered":"Adidas Arrow Hit Hexagon 2026"},"content":{"rendered":"<h4><b>Adidas Arrow Hit Hexagon \u2013 rajaton kilpailuhenki<\/b><\/h4>\n<p>&nbsp;<\/p>\n<p class=\"p3\"><span class=\"s2\"><b>Adidas Arrow Hit Hexagon<\/b><\/span> on kunnianosoitus nykyaikaiselle padelille ja upealle Hexagon Cupille \u2013 innovatiiviselle joukkuekilpailulle, joka symboloi kunnianhimoa, n\u00e4ytt\u00e4vyytt\u00e4 ja intohimoa jatkuvasti kehittyv\u00e4\u00e4 lajia kohtaan. T\u00e4m\u00e4 maila on suunniteltu pelaajille, jotka etsiv\u00e4t hy\u00f6kk\u00e4\u00e4v\u00e4\u00e4 peli\u00e4 tinkim\u00e4tt\u00e4 kontrollista. Korkealaatuiset materiaalit ja silmiinpist\u00e4v\u00e4, moderni muotoilu tekev\u00e4t siit\u00e4 aseen, jolla <span class=\"s2\"><b>hallita verkkoa, diktoida tempoa ja pelata jokainen piste itsevarmasti<\/b><\/span>.  <\/p>\n<p>&nbsp;<\/p>\n<h4><b>Kontrolloitua voimaa vaativalle pelaajalle<\/b><\/h4>\n<p>&nbsp;<\/p>\n<p class=\"p3\"><span class=\"s2\"><b>Arrow-muodon<\/b><\/span> ja <span class=\"s2\"><b>hieman k\u00e4rkipainoisen tasapainon<\/b><\/span> ansiosta Arrow Hit Hexagon suosii aggressiivista peli\u00e4 \u2013 syvi\u00e4 ly\u00f6ntej\u00e4 ja voimakkaita ratkaisuja. Mukava tuntuma ja tehokas pallonl\u00e4ht\u00f6 takaavat vakauden intensiivisimmiss\u00e4kin palloralleissa. Ihanteellinen valinta <span class=\"s2\"><b>keskitason ja edistyneille pelaajille<\/b><\/span>, jotka haluavat vied\u00e4 suorituksensa seuraavalle tasolle s\u00e4ilytt\u00e4en samalla tuntuman ja mukavuuden.  <\/p>\n<h4><b>T\u00e4rkeimm\u00e4t ominaisuudet ja teknologiat<\/b><\/h4>\n<ul>\n<li>\n<p class=\"p1\"><span class=\"s1\"><b>3K Carbon<\/b><\/span> \u2013 parempi kest\u00e4vyys ja pitk\u00e4 k\u00e4ytt\u00f6ik\u00e4 sek\u00e4 j\u00e4m\u00e4kk\u00e4 ly\u00f6ntivaste<\/p>\n<\/li>\n<li>\n<p class=\"p1\"><span class=\"s1\"><b>EVA Soft Performance<\/b><\/span> \u2013 pehme\u00e4n tuntuinen ydin, parempi pallonl\u00e4ht\u00f6 ja t\u00e4rin\u00e4nvaimennus<\/p>\n<\/li>\n<li>\n<p class=\"p1\"><span class=\"s1\"><b>Head Heavy -tasapaino<\/b><\/span> \u2013 lis\u00e4voimaa hy\u00f6kk\u00e4ysly\u00f6nteihin ja smasheihin<\/p>\n<\/li>\n<li>\n<p class=\"p1\"><span class=\"s1\"><b>Muscle Power System<\/b><\/span> \u2013 rakenteen vahvistuselementit vakauden ja j\u00e4ykkyyden parantamiseksi<\/p>\n<\/li>\n<li>\n<p class=\"p1\"><span class=\"s1\"><b>3D Water Decal<\/b><\/span> \u2013 kohokuvioitu viimeistely, joka korostaa muotoilua ja laatua<\/p>\n<\/li>\n<li>\n<p class=\"p1\"><span class=\"s1\"><b>Paino:<\/b><\/span> 360\u2013375 g \u2013 tasapaino voiman ja ketteryyden v\u00e4lill\u00e4<\/p>\n<\/li>\n<\/ul>\n<h4><b>Hy\u00f6kk\u00e4\u00e4v\u00e4, varma ja moderni<\/b><\/h4>\n<p>&nbsp;<\/p>\n<p class=\"p3\">Adidas Arrow Hit Hexagon on suunniteltu pelaajalle, joka haluaa <span class=\"s2\"><b>hy\u00f6k\u00e4t\u00e4 itsevarmasti<\/b><\/span>, s\u00e4ilytt\u00e4\u00e4 kontrollin ja nauttia pelist\u00e4 sen jokaisessa vaiheessa. Jos etsit mailaa, jossa yhdistyv\u00e4t kilpailuhenki, kontrolloitu voima ja moderni muotoilu, t\u00e4m\u00e4 malli on juuri sinulle. <\/p>\n","protected":false},"excerpt":{"rendered":"<p>Adidas Arrow Hit Hexagon \u2013 rajaton kilpailuhenki &nbsp; Adidas Arrow Hit Hexagon on kunnianosoitus nykyaikaiselle padelille ja upealle Hexagon Cupille \u2013 innovatiiviselle joukkuekilpailulle, joka symboloi kunnianhimoa, n\u00e4ytt\u00e4vyytt\u00e4 ja intohimoa jatkuvasti kehittyv\u00e4\u00e4 lajia kohtaan. T\u00e4m\u00e4 maila on suunniteltu pelaajille, jotka etsiv\u00e4t hy\u00f6kk\u00e4\u00e4v\u00e4\u00e4 peli\u00e4 tinkim\u00e4tt\u00e4 kontrollista. Korkealaatuiset materiaalit ja silmiinpist\u00e4v\u00e4, moderni muotoilu tekev\u00e4t siit\u00e4 aseen, jolla hallita [&hellip;]<\/p>\n","protected":false},"featured_media":72662,"comment_status":"open","ping_status":"closed","template":"","meta":{"_eb_attr":""},"product_brand":[523],"product_cat":[524,496,516,494],"product_tag":[],"class_list":{"0":"post-72661","1":"product","2":"type-product","3":"status-publish","4":"has-post-thumbnail","6":"product_brand-adidas","7":"product_cat-adidas","8":"product_cat-edistynyt","9":"product_cat-miehet","10":"product_cat-padelmailat","11":"pa_kaal-360-375-g","12":"pa_kuju-timantti","13":"pa_mangustiil-hyokkaava","14":"pa_tasakaal-keskella","15":"pa_tase-edistynyt","16":"pa_varv-musta","17":"pa_varv-vihrea","20":"first","21":"instock","22":"sale","23":"taxable","24":"shipping-taxable","25":"purchasable","26":"product-type-simple"},"yoast_head":"<!-- This site is optimized with the Yoast SEO Premium plugin v27.1 (Yoast SEO v27.1.1) - https:\/\/yoast.com\/product\/yoast-seo-premium-wordpress\/ -->\n<title>Adidas Arrow Hit Hexagon 2026 | Test Padelhaus<\/title>\n<meta name=\"description\" content=\"Padelmailat ja padelvarusteet edullisesti. Padelhaus on padel verkkokauppa, josta l\u00f6yd\u00e4t parhaat padelmailat kaikille tasoille.\" \/>\n<meta name=\"robots\" content=\"noindex, follow, max-snippet:-1, max-image-preview:large, max-video-preview:-1\" \/>\n<meta property=\"og:locale\" content=\"fi_FI\" \/>\n<meta property=\"og:type\" content=\"article\" \/>\n<meta property=\"og:title\" content=\"Adidas Arrow Hit Hexagon 2026\" \/>\n<meta property=\"og:description\" content=\"Padelmailat ja padelvarusteet edullisesti. Padelhaus on padel verkkokauppa, josta l\u00f6yd\u00e4t parhaat padelmailat kaikille tasoille.\" \/>\n<meta property=\"og:url\" content=\"https:\/\/padelhaus.mustlammas-dev.in\/fi\/kauppa\/adidas-arrow-hit-hexagon-2026\/\" \/>\n<meta property=\"og:site_name\" content=\"Test Padelhaus\" \/>\n<meta property=\"article:modified_time\" content=\"2026-03-05T15:56:54+00:00\" \/>\n<meta property=\"og:image\" content=\"https:\/\/padelhaus.mustlammas-dev.in\/wp-content\/uploads\/2026\/02\/1-1.webp\" \/>\n\t<meta property=\"og:image:width\" content=\"1000\" \/>\n\t<meta property=\"og:image:height\" content=\"1000\" \/>\n\t<meta property=\"og:image:type\" content=\"image\/webp\" \/>\n<meta name=\"twitter:card\" content=\"summary_large_image\" \/>\n<meta name=\"twitter:label1\" content=\"Hinta\" \/>\n\t<meta name=\"twitter:data1\" content=\"239,95&nbsp;&euro;\" \/>\n\t<meta name=\"twitter:label2\" content=\"Saatavuus\" \/>\n\t<meta name=\"twitter:data2\" content=\"Varastossa\" \/>\n<script type=\"application\/ld+json\" class=\"yoast-schema-graph\">{\"@context\":\"https:\/\/schema.org\",\"@graph\":[{\"@type\":[\"WebPage\",\"ItemPage\"],\"@id\":\"https:\/\/padelhaus.mustlammas-dev.in\/fi\/kauppa\/adidas-arrow-hit-hexagon-2026\/\",\"url\":\"https:\/\/padelhaus.mustlammas-dev.in\/fi\/kauppa\/adidas-arrow-hit-hexagon-2026\/\",\"name\":\"Adidas Arrow Hit Hexagon 2026 | Test Padelhaus\",\"isPartOf\":{\"@id\":\"https:\/\/padelhaus.mustlammas-dev.in\/fi\/#website\"},\"primaryImageOfPage\":{\"@id\":\"https:\/\/padelhaus.mustlammas-dev.in\/fi\/kauppa\/adidas-arrow-hit-hexagon-2026\/#primaryimage\"},\"image\":{\"@id\":\"https:\/\/padelhaus.mustlammas-dev.in\/fi\/kauppa\/adidas-arrow-hit-hexagon-2026\/#primaryimage\"},\"thumbnailUrl\":\"https:\/\/padelhaus.mustlammas-dev.in\/wp-content\/uploads\/2026\/02\/1-1.webp\",\"datePublished\":\"2026-02-06T12:58:19+00:00\",\"dateModified\":\"2026-03-05T15:56:54+00:00\",\"description\":\"Padelmailat ja padelvarusteet edullisesti. Padelhaus on padel verkkokauppa, josta l\u00f6yd\u00e4t parhaat padelmailat kaikille tasoille.\",\"breadcrumb\":{\"@id\":\"https:\/\/padelhaus.mustlammas-dev.in\/fi\/kauppa\/adidas-arrow-hit-hexagon-2026\/#breadcrumb\"},\"inLanguage\":\"fi\",\"potentialAction\":[{\"@type\":\"ReadAction\",\"target\":[\"https:\/\/padelhaus.mustlammas-dev.in\/fi\/kauppa\/adidas-arrow-hit-hexagon-2026\/\"]}]},{\"@type\":\"ImageObject\",\"inLanguage\":\"fi\",\"@id\":\"https:\/\/padelhaus.mustlammas-dev.in\/fi\/kauppa\/adidas-arrow-hit-hexagon-2026\/#primaryimage\",\"url\":\"https:\/\/padelhaus.mustlammas-dev.in\/wp-content\/uploads\/2026\/02\/1-1.webp\",\"contentUrl\":\"https:\/\/padelhaus.mustlammas-dev.in\/wp-content\/uploads\/2026\/02\/1-1.webp\",\"width\":1000,\"height\":1000},{\"@type\":\"BreadcrumbList\",\"@id\":\"https:\/\/padelhaus.mustlammas-dev.in\/fi\/kauppa\/adidas-arrow-hit-hexagon-2026\/#breadcrumb\",\"itemListElement\":[{\"@type\":\"ListItem\",\"position\":1,\"name\":\"Avaleht\",\"item\":\"https:\/\/padelhaus.fi\/\"},{\"@type\":\"ListItem\",\"position\":2,\"name\":\"Kauppa\",\"item\":\"https:\/\/padelhaus.fi\/kauppa\/\"},{\"@type\":\"ListItem\",\"position\":3,\"name\":\"Adidas Arrow Hit Hexagon 2026\"}]},{\"@type\":\"WebSite\",\"@id\":\"https:\/\/padelhaus.mustlammas-dev.in\/fi\/#website\",\"url\":\"https:\/\/padelhaus.mustlammas-dev.in\/fi\/\",\"name\":\"Claude Padelhaus\",\"description\":\"Sinu padelivarustuse kodu\",\"publisher\":{\"@id\":\"https:\/\/padelhaus.mustlammas-dev.in\/fi\/#organization\"},\"potentialAction\":[{\"@type\":\"SearchAction\",\"target\":{\"@type\":\"EntryPoint\",\"urlTemplate\":\"https:\/\/padelhaus.mustlammas-dev.in\/fi\/?s={search_term_string}\"},\"query-input\":{\"@type\":\"PropertyValueSpecification\",\"valueRequired\":true,\"valueName\":\"search_term_string\"}}],\"inLanguage\":\"fi\"},{\"@type\":\"Organization\",\"@id\":\"https:\/\/padelhaus.mustlammas-dev.in\/fi\/#organization\",\"name\":\"Claude Padelhaus\",\"url\":\"https:\/\/padelhaus.mustlammas-dev.in\/fi\/\",\"logo\":{\"@type\":\"ImageObject\",\"inLanguage\":\"fi\",\"@id\":\"https:\/\/padelhaus.mustlammas-dev.in\/fi\/#\/schema\/logo\/image\/\",\"url\":\"https:\/\/padelhaus.mustlammas-dev.in\/wp-content\/uploads\/2025\/05\/Logo-1.png\",\"contentUrl\":\"https:\/\/padelhaus.mustlammas-dev.in\/wp-content\/uploads\/2025\/05\/Logo-1.png\",\"width\":280,\"height\":115,\"caption\":\"Claude Padelhaus\"},\"image\":{\"@id\":\"https:\/\/padelhaus.mustlammas-dev.in\/fi\/#\/schema\/logo\/image\/\"}}]}<\/script>\n<meta property=\"product:price:amount\" content=\"239.95\" \/>\n<meta property=\"product:price:currency\" content=\"EUR\" \/>\n<meta property=\"og:availability\" content=\"instock\" \/>\n<meta property=\"product:availability\" content=\"instock\" \/>\n<meta property=\"product:retailer_item_id\" content=\"ADI-R-49\" \/>\n<meta property=\"product:condition\" content=\"new\" \/>\n<!-- \/ Yoast SEO Premium plugin. -->","yoast_head_json":{"title":"Adidas Arrow Hit Hexagon 2026 | Test Padelhaus","description":"Padelmailat ja padelvarusteet edullisesti. Padelhaus on padel verkkokauppa, josta l\u00f6yd\u00e4t parhaat padelmailat kaikille tasoille.","robots":{"index":"noindex","follow":"follow","max-snippet":"max-snippet:-1","max-image-preview":"max-image-preview:large","max-video-preview":"max-video-preview:-1"},"og_locale":"fi_FI","og_type":"article","og_title":"Adidas Arrow Hit Hexagon 2026","og_description":"Padelmailat ja padelvarusteet edullisesti. Padelhaus on padel verkkokauppa, josta l\u00f6yd\u00e4t parhaat padelmailat kaikille tasoille.","og_url":"https:\/\/padelhaus.mustlammas-dev.in\/fi\/kauppa\/adidas-arrow-hit-hexagon-2026\/","og_site_name":"Test Padelhaus","article_modified_time":"2026-03-05T15:56:54+00:00","og_image":[{"width":1000,"height":1000,"url":"https:\/\/padelhaus.mustlammas-dev.in\/wp-content\/uploads\/2026\/02\/1-1.webp","type":"image\/webp"}],"twitter_card":"summary_large_image","twitter_misc":{"Hinta":"239,95&nbsp;&euro;","Saatavuus":"Varastossa"},"schema":{"@context":"https:\/\/schema.org","@graph":[{"@type":["WebPage","ItemPage"],"@id":"https:\/\/padelhaus.mustlammas-dev.in\/fi\/kauppa\/adidas-arrow-hit-hexagon-2026\/","url":"https:\/\/padelhaus.mustlammas-dev.in\/fi\/kauppa\/adidas-arrow-hit-hexagon-2026\/","name":"Adidas Arrow Hit Hexagon 2026 | Test Padelhaus","isPartOf":{"@id":"https:\/\/padelhaus.mustlammas-dev.in\/fi\/#website"},"primaryImageOfPage":{"@id":"https:\/\/padelhaus.mustlammas-dev.in\/fi\/kauppa\/adidas-arrow-hit-hexagon-2026\/#primaryimage"},"image":{"@id":"https:\/\/padelhaus.mustlammas-dev.in\/fi\/kauppa\/adidas-arrow-hit-hexagon-2026\/#primaryimage"},"thumbnailUrl":"https:\/\/padelhaus.mustlammas-dev.in\/wp-content\/uploads\/2026\/02\/1-1.webp","datePublished":"2026-02-06T12:58:19+00:00","dateModified":"2026-03-05T15:56:54+00:00","description":"Padelmailat ja padelvarusteet edullisesti. Padelhaus on padel verkkokauppa, josta l\u00f6yd\u00e4t parhaat padelmailat kaikille tasoille.","breadcrumb":{"@id":"https:\/\/padelhaus.mustlammas-dev.in\/fi\/kauppa\/adidas-arrow-hit-hexagon-2026\/#breadcrumb"},"inLanguage":"fi","potentialAction":[{"@type":"ReadAction","target":["https:\/\/padelhaus.mustlammas-dev.in\/fi\/kauppa\/adidas-arrow-hit-hexagon-2026\/"]}]},{"@type":"ImageObject","inLanguage":"fi","@id":"https:\/\/padelhaus.mustlammas-dev.in\/fi\/kauppa\/adidas-arrow-hit-hexagon-2026\/#primaryimage","url":"https:\/\/padelhaus.mustlammas-dev.in\/wp-content\/uploads\/2026\/02\/1-1.webp","contentUrl":"https:\/\/padelhaus.mustlammas-dev.in\/wp-content\/uploads\/2026\/02\/1-1.webp","width":1000,"height":1000},{"@type":"BreadcrumbList","@id":"https:\/\/padelhaus.mustlammas-dev.in\/fi\/kauppa\/adidas-arrow-hit-hexagon-2026\/#breadcrumb","itemListElement":[{"@type":"ListItem","position":1,"name":"Avaleht","item":"https:\/\/padelhaus.fi\/"},{"@type":"ListItem","position":2,"name":"Kauppa","item":"https:\/\/padelhaus.fi\/kauppa\/"},{"@type":"ListItem","position":3,"name":"Adidas Arrow Hit Hexagon 2026"}]},{"@type":"WebSite","@id":"https:\/\/padelhaus.mustlammas-dev.in\/fi\/#website","url":"https:\/\/padelhaus.mustlammas-dev.in\/fi\/","name":"Claude Padelhaus","description":"Sinu padelivarustuse kodu","publisher":{"@id":"https:\/\/padelhaus.mustlammas-dev.in\/fi\/#organization"},"potentialAction":[{"@type":"SearchAction","target":{"@type":"EntryPoint","urlTemplate":"https:\/\/padelhaus.mustlammas-dev.in\/fi\/?s={search_term_string}"},"query-input":{"@type":"PropertyValueSpecification","valueRequired":true,"valueName":"search_term_string"}}],"inLanguage":"fi"},{"@type":"Organization","@id":"https:\/\/padelhaus.mustlammas-dev.in\/fi\/#organization","name":"Claude Padelhaus","url":"https:\/\/padelhaus.mustlammas-dev.in\/fi\/","logo":{"@type":"ImageObject","inLanguage":"fi","@id":"https:\/\/padelhaus.mustlammas-dev.in\/fi\/#\/schema\/logo\/image\/","url":"https:\/\/padelhaus.mustlammas-dev.in\/wp-content\/uploads\/2025\/05\/Logo-1.png","contentUrl":"https:\/\/padelhaus.mustlammas-dev.in\/wp-content\/uploads\/2025\/05\/Logo-1.png","width":280,"height":115,"caption":"Claude Padelhaus"},"image":{"@id":"https:\/\/padelhaus.mustlammas-dev.in\/fi\/#\/schema\/logo\/image\/"}}]},"product_price_amount":"239.95","product_price_currency":"EUR","og_availability":"instock","product_availability":"instock","product_retailer_item_id":"ADI-R-49","product_condition":"new"},"_links":{"self":[{"href":"https:\/\/padelhaus.mustlammas-dev.in\/fi\/wp-json\/wp\/v2\/product\/72661","targetHints":{"allow":["GET"]}}],"collection":[{"href":"https:\/\/padelhaus.mustlammas-dev.in\/fi\/wp-json\/wp\/v2\/product"}],"about":[{"href":"https:\/\/padelhaus.mustlammas-dev.in\/fi\/wp-json\/wp\/v2\/types\/product"}],"replies":[{"embeddable":true,"href":"https:\/\/padelhaus.mustlammas-dev.in\/fi\/wp-json\/wp\/v2\/comments?post=72661"}],"wp:featuredmedia":[{"embeddable":true,"href":"https:\/\/padelhaus.mustlammas-dev.in\/fi\/wp-json\/wp\/v2\/media\/72662"}],"wp:attachment":[{"href":"https:\/\/padelhaus.mustlammas-dev.in\/fi\/wp-json\/wp\/v2\/media?parent=72661"}],"wp:term":[{"taxonomy":"product_brand","embeddable":true,"href":"https:\/\/padelhaus.mustlammas-dev.in\/fi\/wp-json\/wp\/v2\/product_brand?post=72661"},{"taxonomy":"product_cat","embeddable":true,"href":"https:\/\/padelhaus.mustlammas-dev.in\/fi\/wp-json\/wp\/v2\/product_cat?post=72661"},{"taxonomy":"product_tag","embeddable":true,"href":"https:\/\/padelhaus.mustlammas-dev.in\/fi\/wp-json\/wp\/v2\/product_tag?post=72661"}],"curies":[{"name":"wp","href":"https:\/\/api.w.org\/{rel}","templated":true}]}}