{"id":72665,"date":"2026-02-13T14:24:55","date_gmt":"2026-02-13T12:24:55","guid":{"rendered":"https:\/\/padelhaus.mustlammas-dev.in\/pood\/babolat-air-viper-2-6\/"},"modified":"2026-03-05T17:56:52","modified_gmt":"2026-03-05T15:56:52","slug":"babolat-air-viper-2-6","status":"publish","type":"product","link":"https:\/\/padelhaus.mustlammas-dev.in\/fi\/kauppa\/babolat-air-viper-2-6\/","title":{"rendered":"Babolat Air Viper 2.6"},"content":{"rendered":"<h4><b>Babolat Air Viper 2.6 \u2013 r\u00e4j\u00e4ht\u00e4v\u00e4 voima ja \u00e4\u00e4rimm\u00e4inen k\u00e4\u00e4ntyvyys<\/b><\/h4>\n<p>&nbsp;<\/p>\n<p class=\"p3\"><span class=\"s2\"><b>Babolat Air Viper 2.6<\/b><\/span> on suunniteltu tarjoamaan r\u00e4j\u00e4ht\u00e4v\u00e4\u00e4 voimaa yhdess\u00e4 erinomaisen hallittavuuden kanssa. <span class=\"s2\"><b>Pisaranmuotonsa<\/b><\/span>, <span class=\"s2\"><b>355 gramman painonsa<\/b><\/span> ja <span class=\"s2\"><b>tasapainotetun balanssinsa<\/b><\/span> ansiosta t\u00e4m\u00e4 maila takaa nopean ja dynaamisen suorituksen jokaisessa ly\u00f6nniss\u00e4. <\/p>\n<p class=\"p3\"><span class=\"s2\"><b>16K hiilikuiturakenne<\/b><\/span> antaa tarkan ja varman ly\u00f6ntivasteen, kun taas <span class=\"s2\"><b>X-EVA-ydin<\/b><\/span> tarjoaa mukavan ja reagoivan tuntuman, maksimoiden voiman hallintaa menett\u00e4m\u00e4tt\u00e4. Hy\u00f6kk\u00e4yspeliin suunniteltu maila mahdollistaa nopeat reaktiot verkolla sek\u00e4 voimakkaat ja tarkat volleyt \u2013 ideaalinen pelaajalle, joka hakee nopeutta, hallintaa ja r\u00e4j\u00e4ht\u00e4vyytt\u00e4 jokaisessa pisteess\u00e4. <\/p>\n<p class=\"p1\">\n<h4><b>Suunniteltu hy\u00f6kk\u00e4\u00e4v\u00e4lle pelaajalle<\/b><\/h4>\n<p>&nbsp;<\/p>\n<p class=\"p3\">T\u00e4m\u00e4 pisaranmuotoinen Babolat-maila on tarkoitettu <span class=\"s2\"><b>ilmahy\u00f6kk\u00e4yspeliin keskittyneelle pelaajalle<\/b><\/span>, jonka tyyli perustuu aggressiivisuuteen ja nopeisiin liikkeisiin. Sen kevyt ja aerodynaaminen rakenne takaa erinomaisen liikkuvuuden, parantaen hallintaa verkolla sek\u00e4 reagointinopeutta korkeissa palloissa. <\/p>\n<p class=\"p3\">T\u00e4ydellinen valinta dynaamiselle ja tekniselle pelaajalle, joka haluaa hallita peli\u00e4 tarkkuudella ja voimalla sek\u00e4 pit\u00e4\u00e4 tempoa intensiivisen\u00e4 ja r\u00e4j\u00e4ht\u00e4v\u00e4n\u00e4 ensimm\u00e4isest\u00e4 ly\u00f6nnist\u00e4 l\u00e4htien.<\/p>\n<p class=\"p1\">\n<h4><b>T\u00e4rkeimm\u00e4t edut ja teknologiat<\/b><\/h4>\n<p class=\"p1\">\n<ul>\n<li>\n<p class=\"p1\"><span class=\"s1\"><b>16K Carbon -pinnat<\/b><\/span> \u2013 huipputasoiset kudotut kuidat maksimaalisen tarkkuuden ja voiman saavuttamiseksi<\/p>\n<\/li>\n<li>\n<p class=\"p1\"><span class=\"s1\"><b>X-EVA-ydin<\/b><\/span> \u2013 monikerroksinen rakenne, joka tasapainottaa j\u00e4ykkyytt\u00e4 ja mukavuutta<\/p>\n<\/li>\n<li>\n<p class=\"p1\"><span class=\"s1\"><b>Vibrabsorb System\u00b2 Powered by SMAC<\/b><\/span> \u2013 v\u00e4hent\u00e4\u00e4 v\u00e4rin\u00f6it\u00e4 paremman mukavuuden ja vammojen ehk\u00e4isemiseksi<\/p>\n<\/li>\n<li>\n<p class=\"p1\"><span class=\"s1\"><b>Holes Pattern System<\/b><\/span> \u2013 optimoitu reik\u00e4kuvio paremman voimansiirron ja tarkkuuden saavuttamiseksi<\/p>\n<\/li>\n<li>\n<p class=\"p1\"><span class=\"s1\"><b>3D Spin+<\/b><\/span> \u2013 kohokuvioitu karhea pinta, joka lis\u00e4\u00e4 spinni\u00e4 ja parantaa pallonhallintaa<\/p>\n<\/li>\n<li>\n<p class=\"p1\"><span class=\"s1\"><b>Smart Buttcap<\/b><\/span> \u2013 irrotettava j\u00e4rjestelm\u00e4 rannekkeen helppoa puhdistusta tai vaihtoa varten<\/p>\n<\/li>\n<\/ul>\n<p>&nbsp;<\/p>\n","protected":false},"excerpt":{"rendered":"<p>Babolat Air Viper 2.6 \u2013 r\u00e4j\u00e4ht\u00e4v\u00e4 voima ja \u00e4\u00e4rimm\u00e4inen k\u00e4\u00e4ntyvyys &nbsp; Babolat Air Viper 2.6 on suunniteltu tarjoamaan r\u00e4j\u00e4ht\u00e4v\u00e4\u00e4 voimaa yhdess\u00e4 erinomaisen hallittavuuden kanssa. Pisaranmuotonsa, 355 gramman painonsa ja tasapainotetun balanssinsa ansiosta t\u00e4m\u00e4 maila takaa nopean ja dynaamisen suorituksen jokaisessa ly\u00f6nniss\u00e4. 16K hiilikuiturakenne antaa tarkan ja varman ly\u00f6ntivasteen, kun taas X-EVA-ydin tarjoaa mukavan ja reagoivan [&hellip;]<\/p>\n","protected":false},"featured_media":72666,"comment_status":"open","ping_status":"closed","template":"","meta":{"_eb_attr":""},"product_brand":[530],"product_cat":[531,496,494],"product_tag":[],"class_list":{"0":"post-72665","1":"product","2":"type-product","3":"status-publish","4":"has-post-thumbnail","6":"product_brand-babolat","7":"product_cat-babolat","8":"product_cat-edistynyt","9":"product_cat-padelmailat","10":"pa_kaal-355g","11":"pa_kuju-pisaranmuotoinen","12":"pa_mangustiil-hyokkaava","13":"pa_tasakaal-keskella","14":"pa_tase-edistynyt","15":"pa_varv-musta","16":"pa_varv-sininen","17":"pa_varv-valkoinen","20":"first","21":"instock","22":"sale","23":"featured","24":"taxable","25":"shipping-taxable","26":"purchasable","27":"product-type-simple"},"yoast_head":"<!-- This site is optimized with the Yoast SEO Premium plugin v27.1 (Yoast SEO v27.1.1) - https:\/\/yoast.com\/product\/yoast-seo-premium-wordpress\/ -->\n<title>Babolat Air Viper 2.6 | Test Padelhaus<\/title>\n<meta name=\"description\" content=\"Padelmailat ja padelvarusteet edullisesti. Padelhaus on padel verkkokauppa, josta l\u00f6yd\u00e4t parhaat padelmailat kaikille tasoille.\" \/>\n<meta name=\"robots\" content=\"noindex, follow, max-snippet:-1, max-image-preview:large, max-video-preview:-1\" \/>\n<meta property=\"og:locale\" content=\"fi_FI\" \/>\n<meta property=\"og:type\" content=\"article\" \/>\n<meta property=\"og:title\" content=\"Babolat Air Viper 2.6\" \/>\n<meta property=\"og:description\" content=\"Padelmailat ja padelvarusteet edullisesti. Padelhaus on padel verkkokauppa, josta l\u00f6yd\u00e4t parhaat padelmailat kaikille tasoille.\" \/>\n<meta property=\"og:url\" content=\"https:\/\/padelhaus.mustlammas-dev.in\/fi\/kauppa\/babolat-air-viper-2-6\/\" \/>\n<meta property=\"og:site_name\" content=\"Test Padelhaus\" \/>\n<meta property=\"article:modified_time\" content=\"2026-03-05T15:56:52+00:00\" \/>\n<meta property=\"og:image\" content=\"https:\/\/padelhaus.mustlammas-dev.in\/wp-content\/uploads\/2026\/02\/5-1.webp\" \/>\n\t<meta property=\"og:image:width\" content=\"1000\" \/>\n\t<meta property=\"og:image:height\" content=\"1000\" \/>\n\t<meta property=\"og:image:type\" content=\"image\/webp\" \/>\n<meta name=\"twitter:card\" content=\"summary_large_image\" \/>\n<meta name=\"twitter:label1\" content=\"Hinta\" \/>\n\t<meta name=\"twitter:data1\" content=\"259,95&nbsp;&euro;\" \/>\n\t<meta name=\"twitter:label2\" content=\"Saatavuus\" \/>\n\t<meta name=\"twitter:data2\" content=\"Varastossa\" \/>\n<script type=\"application\/ld+json\" class=\"yoast-schema-graph\">{\"@context\":\"https:\/\/schema.org\",\"@graph\":[{\"@type\":[\"WebPage\",\"ItemPage\"],\"@id\":\"https:\/\/padelhaus.mustlammas-dev.in\/fi\/kauppa\/babolat-air-viper-2-6\/\",\"url\":\"https:\/\/padelhaus.mustlammas-dev.in\/fi\/kauppa\/babolat-air-viper-2-6\/\",\"name\":\"Babolat Air Viper 2.6 | Test Padelhaus\",\"isPartOf\":{\"@id\":\"https:\/\/padelhaus.mustlammas-dev.in\/fi\/#website\"},\"primaryImageOfPage\":{\"@id\":\"https:\/\/padelhaus.mustlammas-dev.in\/fi\/kauppa\/babolat-air-viper-2-6\/#primaryimage\"},\"image\":{\"@id\":\"https:\/\/padelhaus.mustlammas-dev.in\/fi\/kauppa\/babolat-air-viper-2-6\/#primaryimage\"},\"thumbnailUrl\":\"https:\/\/padelhaus.mustlammas-dev.in\/wp-content\/uploads\/2026\/02\/5-1.webp\",\"datePublished\":\"2026-02-13T12:24:55+00:00\",\"dateModified\":\"2026-03-05T15:56:52+00:00\",\"description\":\"Padelmailat ja padelvarusteet edullisesti. Padelhaus on padel verkkokauppa, josta l\u00f6yd\u00e4t parhaat padelmailat kaikille tasoille.\",\"breadcrumb\":{\"@id\":\"https:\/\/padelhaus.mustlammas-dev.in\/fi\/kauppa\/babolat-air-viper-2-6\/#breadcrumb\"},\"inLanguage\":\"fi\",\"potentialAction\":[{\"@type\":\"ReadAction\",\"target\":[\"https:\/\/padelhaus.mustlammas-dev.in\/fi\/kauppa\/babolat-air-viper-2-6\/\"]}]},{\"@type\":\"ImageObject\",\"inLanguage\":\"fi\",\"@id\":\"https:\/\/padelhaus.mustlammas-dev.in\/fi\/kauppa\/babolat-air-viper-2-6\/#primaryimage\",\"url\":\"https:\/\/padelhaus.mustlammas-dev.in\/wp-content\/uploads\/2026\/02\/5-1.webp\",\"contentUrl\":\"https:\/\/padelhaus.mustlammas-dev.in\/wp-content\/uploads\/2026\/02\/5-1.webp\",\"width\":1000,\"height\":1000},{\"@type\":\"BreadcrumbList\",\"@id\":\"https:\/\/padelhaus.mustlammas-dev.in\/fi\/kauppa\/babolat-air-viper-2-6\/#breadcrumb\",\"itemListElement\":[{\"@type\":\"ListItem\",\"position\":1,\"name\":\"Avaleht\",\"item\":\"https:\/\/padelhaus.fi\/\"},{\"@type\":\"ListItem\",\"position\":2,\"name\":\"Kauppa\",\"item\":\"https:\/\/padelhaus.fi\/kauppa\/\"},{\"@type\":\"ListItem\",\"position\":3,\"name\":\"Babolat Air Viper 2.6\"}]},{\"@type\":\"WebSite\",\"@id\":\"https:\/\/padelhaus.mustlammas-dev.in\/fi\/#website\",\"url\":\"https:\/\/padelhaus.mustlammas-dev.in\/fi\/\",\"name\":\"Claude Padelhaus\",\"description\":\"Sinu padelivarustuse kodu\",\"publisher\":{\"@id\":\"https:\/\/padelhaus.mustlammas-dev.in\/fi\/#organization\"},\"potentialAction\":[{\"@type\":\"SearchAction\",\"target\":{\"@type\":\"EntryPoint\",\"urlTemplate\":\"https:\/\/padelhaus.mustlammas-dev.in\/fi\/?s={search_term_string}\"},\"query-input\":{\"@type\":\"PropertyValueSpecification\",\"valueRequired\":true,\"valueName\":\"search_term_string\"}}],\"inLanguage\":\"fi\"},{\"@type\":\"Organization\",\"@id\":\"https:\/\/padelhaus.mustlammas-dev.in\/fi\/#organization\",\"name\":\"Claude Padelhaus\",\"url\":\"https:\/\/padelhaus.mustlammas-dev.in\/fi\/\",\"logo\":{\"@type\":\"ImageObject\",\"inLanguage\":\"fi\",\"@id\":\"https:\/\/padelhaus.mustlammas-dev.in\/fi\/#\/schema\/logo\/image\/\",\"url\":\"https:\/\/padelhaus.mustlammas-dev.in\/wp-content\/uploads\/2025\/05\/Logo-1.png\",\"contentUrl\":\"https:\/\/padelhaus.mustlammas-dev.in\/wp-content\/uploads\/2025\/05\/Logo-1.png\",\"width\":280,\"height\":115,\"caption\":\"Claude Padelhaus\"},\"image\":{\"@id\":\"https:\/\/padelhaus.mustlammas-dev.in\/fi\/#\/schema\/logo\/image\/\"}}]}<\/script>\n<meta property=\"product:price:amount\" content=\"259.95\" \/>\n<meta property=\"product:price:currency\" content=\"EUR\" \/>\n<meta property=\"og:availability\" content=\"instock\" \/>\n<meta property=\"product:availability\" content=\"instock\" \/>\n<meta property=\"product:retailer_item_id\" content=\"BAB-R-20\" \/>\n<meta property=\"product:condition\" content=\"new\" \/>\n<!-- \/ Yoast SEO Premium plugin. -->","yoast_head_json":{"title":"Babolat Air Viper 2.6 | Test Padelhaus","description":"Padelmailat ja padelvarusteet edullisesti. Padelhaus on padel verkkokauppa, josta l\u00f6yd\u00e4t parhaat padelmailat kaikille tasoille.","robots":{"index":"noindex","follow":"follow","max-snippet":"max-snippet:-1","max-image-preview":"max-image-preview:large","max-video-preview":"max-video-preview:-1"},"og_locale":"fi_FI","og_type":"article","og_title":"Babolat Air Viper 2.6","og_description":"Padelmailat ja padelvarusteet edullisesti. Padelhaus on padel verkkokauppa, josta l\u00f6yd\u00e4t parhaat padelmailat kaikille tasoille.","og_url":"https:\/\/padelhaus.mustlammas-dev.in\/fi\/kauppa\/babolat-air-viper-2-6\/","og_site_name":"Test Padelhaus","article_modified_time":"2026-03-05T15:56:52+00:00","og_image":[{"width":1000,"height":1000,"url":"https:\/\/padelhaus.mustlammas-dev.in\/wp-content\/uploads\/2026\/02\/5-1.webp","type":"image\/webp"}],"twitter_card":"summary_large_image","twitter_misc":{"Hinta":"259,95&nbsp;&euro;","Saatavuus":"Varastossa"},"schema":{"@context":"https:\/\/schema.org","@graph":[{"@type":["WebPage","ItemPage"],"@id":"https:\/\/padelhaus.mustlammas-dev.in\/fi\/kauppa\/babolat-air-viper-2-6\/","url":"https:\/\/padelhaus.mustlammas-dev.in\/fi\/kauppa\/babolat-air-viper-2-6\/","name":"Babolat Air Viper 2.6 | Test Padelhaus","isPartOf":{"@id":"https:\/\/padelhaus.mustlammas-dev.in\/fi\/#website"},"primaryImageOfPage":{"@id":"https:\/\/padelhaus.mustlammas-dev.in\/fi\/kauppa\/babolat-air-viper-2-6\/#primaryimage"},"image":{"@id":"https:\/\/padelhaus.mustlammas-dev.in\/fi\/kauppa\/babolat-air-viper-2-6\/#primaryimage"},"thumbnailUrl":"https:\/\/padelhaus.mustlammas-dev.in\/wp-content\/uploads\/2026\/02\/5-1.webp","datePublished":"2026-02-13T12:24:55+00:00","dateModified":"2026-03-05T15:56:52+00:00","description":"Padelmailat ja padelvarusteet edullisesti. Padelhaus on padel verkkokauppa, josta l\u00f6yd\u00e4t parhaat padelmailat kaikille tasoille.","breadcrumb":{"@id":"https:\/\/padelhaus.mustlammas-dev.in\/fi\/kauppa\/babolat-air-viper-2-6\/#breadcrumb"},"inLanguage":"fi","potentialAction":[{"@type":"ReadAction","target":["https:\/\/padelhaus.mustlammas-dev.in\/fi\/kauppa\/babolat-air-viper-2-6\/"]}]},{"@type":"ImageObject","inLanguage":"fi","@id":"https:\/\/padelhaus.mustlammas-dev.in\/fi\/kauppa\/babolat-air-viper-2-6\/#primaryimage","url":"https:\/\/padelhaus.mustlammas-dev.in\/wp-content\/uploads\/2026\/02\/5-1.webp","contentUrl":"https:\/\/padelhaus.mustlammas-dev.in\/wp-content\/uploads\/2026\/02\/5-1.webp","width":1000,"height":1000},{"@type":"BreadcrumbList","@id":"https:\/\/padelhaus.mustlammas-dev.in\/fi\/kauppa\/babolat-air-viper-2-6\/#breadcrumb","itemListElement":[{"@type":"ListItem","position":1,"name":"Avaleht","item":"https:\/\/padelhaus.fi\/"},{"@type":"ListItem","position":2,"name":"Kauppa","item":"https:\/\/padelhaus.fi\/kauppa\/"},{"@type":"ListItem","position":3,"name":"Babolat Air Viper 2.6"}]},{"@type":"WebSite","@id":"https:\/\/padelhaus.mustlammas-dev.in\/fi\/#website","url":"https:\/\/padelhaus.mustlammas-dev.in\/fi\/","name":"Claude Padelhaus","description":"Sinu padelivarustuse kodu","publisher":{"@id":"https:\/\/padelhaus.mustlammas-dev.in\/fi\/#organization"},"potentialAction":[{"@type":"SearchAction","target":{"@type":"EntryPoint","urlTemplate":"https:\/\/padelhaus.mustlammas-dev.in\/fi\/?s={search_term_string}"},"query-input":{"@type":"PropertyValueSpecification","valueRequired":true,"valueName":"search_term_string"}}],"inLanguage":"fi"},{"@type":"Organization","@id":"https:\/\/padelhaus.mustlammas-dev.in\/fi\/#organization","name":"Claude Padelhaus","url":"https:\/\/padelhaus.mustlammas-dev.in\/fi\/","logo":{"@type":"ImageObject","inLanguage":"fi","@id":"https:\/\/padelhaus.mustlammas-dev.in\/fi\/#\/schema\/logo\/image\/","url":"https:\/\/padelhaus.mustlammas-dev.in\/wp-content\/uploads\/2025\/05\/Logo-1.png","contentUrl":"https:\/\/padelhaus.mustlammas-dev.in\/wp-content\/uploads\/2025\/05\/Logo-1.png","width":280,"height":115,"caption":"Claude Padelhaus"},"image":{"@id":"https:\/\/padelhaus.mustlammas-dev.in\/fi\/#\/schema\/logo\/image\/"}}]},"product_price_amount":"259.95","product_price_currency":"EUR","og_availability":"instock","product_availability":"instock","product_retailer_item_id":"BAB-R-20","product_condition":"new"},"_links":{"self":[{"href":"https:\/\/padelhaus.mustlammas-dev.in\/fi\/wp-json\/wp\/v2\/product\/72665","targetHints":{"allow":["GET"]}}],"collection":[{"href":"https:\/\/padelhaus.mustlammas-dev.in\/fi\/wp-json\/wp\/v2\/product"}],"about":[{"href":"https:\/\/padelhaus.mustlammas-dev.in\/fi\/wp-json\/wp\/v2\/types\/product"}],"replies":[{"embeddable":true,"href":"https:\/\/padelhaus.mustlammas-dev.in\/fi\/wp-json\/wp\/v2\/comments?post=72665"}],"wp:featuredmedia":[{"embeddable":true,"href":"https:\/\/padelhaus.mustlammas-dev.in\/fi\/wp-json\/wp\/v2\/media\/72666"}],"wp:attachment":[{"href":"https:\/\/padelhaus.mustlammas-dev.in\/fi\/wp-json\/wp\/v2\/media?parent=72665"}],"wp:term":[{"taxonomy":"product_brand","embeddable":true,"href":"https:\/\/padelhaus.mustlammas-dev.in\/fi\/wp-json\/wp\/v2\/product_brand?post=72665"},{"taxonomy":"product_cat","embeddable":true,"href":"https:\/\/padelhaus.mustlammas-dev.in\/fi\/wp-json\/wp\/v2\/product_cat?post=72665"},{"taxonomy":"product_tag","embeddable":true,"href":"https:\/\/padelhaus.mustlammas-dev.in\/fi\/wp-json\/wp\/v2\/product_tag?post=72665"}],"curies":[{"name":"wp","href":"https:\/\/api.w.org\/{rel}","templated":true}]}}