{"id":72670,"date":"2026-01-21T15:16:56","date_gmt":"2026-01-21T13:16:56","guid":{"rendered":"https:\/\/padelhaus.mustlammas-dev.in\/pood\/siux-trilogy-5-go-2025\/"},"modified":"2026-03-05T17:57:01","modified_gmt":"2026-03-05T15:57:01","slug":"siux-trilogy-5-go-2025","status":"publish","type":"product","link":"https:\/\/padelhaus.mustlammas-dev.in\/fi\/kauppa\/siux-trilogy-5-go-2025\/","title":{"rendered":"Siux Trilogy 5 Go 2025"},"content":{"rendered":"<h4><b>Siux Trilogy Go 5 \u2013 kontrollia jokaiseen ly\u00f6ntiin<\/b><\/h4>\n<p>&nbsp;<\/p>\n<p class=\"p3\"><span class=\"s2\"><b>Siux Trilogy Go 5<\/b><\/span> on padelmaila, joka on suunniteltu tarjoamaan <span class=\"s2\"><b>maksimaalista kontrollia kaikissa pelitilanteissa<\/b><\/span>. Mailan <span class=\"s2\"><b>py\u00f6re\u00e4 muoto<\/b><\/span> ja <span class=\"s2\"><b>matala tasapaino<\/b><\/span> tekev\u00e4t siit\u00e4 eritt\u00e4in helposti k\u00e4sitelt\u00e4v\u00e4n, mik\u00e4 mahdollistaa tarkat, vakaat ja nopeat ly\u00f6nnit. <\/p>\n<p class=\"p3\">T\u00e4m\u00e4 muoto ja tasapaino auttavat luomaan <span class=\"s2\"><b>suuren sweet spotin<\/b><\/span>, mik\u00e4 tarkoittaa, ett\u00e4 voit osua palloon varmasti l\u00e4hes koko ly\u00f6ntipinnan alueella. T\u00e4m\u00e4 antaa enemm\u00e4n anteeksi ja lis\u00e4\u00e4 itseluottamusta jokaisessa pisteess\u00e4. <\/p>\n<h4><b>Mukava ja vakaa rakenne<\/b><\/h4>\n<p>&nbsp;<\/p>\n<p class=\"p3\">Mailan ly\u00f6ntipinta on valmistettu <span class=\"s2\"><b>3K Alumesh -hiilikuidusta<\/b><\/span>, joka tarjoaa hyv\u00e4n kest\u00e4vyyden ja tasaisen ly\u00f6ntilaadun. Runkoa t\u00e4ydent\u00e4\u00e4 <span class=\"s2\"><b>EVA-kumiydin<\/b><\/span>, joka lis\u00e4\u00e4 mukavuutta ja auttaa saavuttamaan tasapainon pehme\u00e4n kosketuksen ja riitt\u00e4v\u00e4n voiman v\u00e4lill\u00e4. <\/p>\n<p class=\"p3\">Tuloksena on maila, joka tarjoaa <span class=\"s2\"><b>mukavan tuntuman<\/b><\/span>, mutta pystyy tarvittaessa takaamaan my\u00f6s riitt\u00e4v\u00e4n pallon l\u00e4ht\u00f6nopeuden.<\/p>\n<h4><b>Erottuva muotoilu<\/b><\/h4>\n<p>&nbsp;<\/p>\n<p class=\"p3\">Mailassa on <span class=\"s2\"><b>kiilt\u00e4v\u00e4 viimeistely<\/b><\/span>, joka korostaa sen modernia ulkon\u00e4k\u00f6\u00e4 ja auttaa s\u00e4ilytt\u00e4m\u00e4\u00e4n hyv\u00e4n kontrollin. Vihre\u00e4n ja mustan s\u00e4vyjen <span class=\"s2\"><b>gradient-muotoilu<\/b><\/span> antaa mailalle urheilullisen ja silmiinpist\u00e4v\u00e4n luonteen. <\/p>\n<p>&nbsp;<\/p>\n<h4><b>Trilogy Go 5 \u2013 keskitason pelaajalle<\/b><\/h4>\n<p>&nbsp;<\/p>\n<p class=\"p3\">Siux Trilogy Go 5 on suunniteltu <span class=\"s2\"><b>keskitason pelaajille<\/b><\/span>, jotka etsiv\u00e4t ennen kaikkea kontrollia ja varmuutta pelitasonsa kehitt\u00e4miseen.<\/p>\n<p class=\"p3\">Jos haluat ratkaista pisteet tekniikallasi ja tarkkuudellasi, t\u00e4m\u00e4 maila tarjoaa erinomaista k\u00e4sitelt\u00e4vyytt\u00e4, mukavuutta ja vakautta \u2013 ihanteellinen valinta johdonmukaiseen ja varmaan peliin.<\/p>\n<p>&nbsp;<\/p>\n<h4><b>Tekniset tiedot<\/b><\/h4>\n<ul>\n<li>\n<p class=\"p1\"><span class=\"s1\"><b>Pinta:<\/b><\/span> 3K Alumesh<\/p>\n<\/li>\n<li>\n<p class=\"p1\"><span class=\"s1\"><b>Ydin:<\/b><\/span> EVA-kumi<\/p>\n<\/li>\n<li>\n<p class=\"p1\"><span class=\"s1\"><b>Muoto:<\/b><\/span> py\u00f6re\u00e4 \u2013 maksimaalinen kontrolli ja tarkkuus<\/p>\n<\/li>\n<\/ul>\n","protected":false},"excerpt":{"rendered":"<p>Siux Trilogy Go 5 \u2013 kontrollia jokaiseen ly\u00f6ntiin &nbsp; Siux Trilogy Go 5 on padelmaila, joka on suunniteltu tarjoamaan maksimaalista kontrollia kaikissa pelitilanteissa. Mailan py\u00f6re\u00e4 muoto ja matala tasapaino tekev\u00e4t siit\u00e4 eritt\u00e4in helposti k\u00e4sitelt\u00e4v\u00e4n, mik\u00e4 mahdollistaa tarkat, vakaat ja nopeat ly\u00f6nnit. T\u00e4m\u00e4 muoto ja tasapaino auttavat luomaan suuren sweet spotin, mik\u00e4 tarkoittaa, ett\u00e4 voit osua [&hellip;]<\/p>\n","protected":false},"featured_media":72671,"comment_status":"open","ping_status":"closed","template":"","meta":{"_eb_attr":""},"product_brand":[527],"product_cat":[520,494,528],"product_tag":[],"class_list":{"0":"post-72670","1":"product","2":"type-product","3":"status-publish","4":"has-post-thumbnail","6":"product_brand-siux","7":"product_cat-aloittelijat","8":"product_cat-padelmailat","9":"product_cat-siux","10":"pa_kaal-350-370-g","11":"pa_kuju-pyorea","12":"pa_mangustiil-kontrolli","13":"pa_tasakaal-matala","14":"pa_tase-aloittelija","15":"pa_tase-keskitaso","16":"pa_varv-musta","17":"pa_varv-vihrea","20":"first","21":"instock","22":"sale","23":"taxable","24":"shipping-taxable","25":"purchasable","26":"product-type-simple"},"yoast_head":"<!-- This site is optimized with the Yoast SEO Premium plugin v27.1 (Yoast SEO v27.1.1) - https:\/\/yoast.com\/product\/yoast-seo-premium-wordpress\/ -->\n<title>Siux Trilogy 5 Go 2025 | Test Padelhaus<\/title>\n<meta name=\"description\" content=\"Padelmailat ja padelvarusteet edullisesti. Padelhaus on padel verkkokauppa, josta l\u00f6yd\u00e4t parhaat padelmailat kaikille tasoille.\" \/>\n<meta name=\"robots\" content=\"noindex, follow, max-snippet:-1, max-image-preview:large, max-video-preview:-1\" \/>\n<meta property=\"og:locale\" content=\"fi_FI\" \/>\n<meta property=\"og:type\" content=\"article\" \/>\n<meta property=\"og:title\" content=\"Siux Trilogy 5 Go 2025\" \/>\n<meta property=\"og:description\" content=\"Padelmailat ja padelvarusteet edullisesti. Padelhaus on padel verkkokauppa, josta l\u00f6yd\u00e4t parhaat padelmailat kaikille tasoille.\" \/>\n<meta property=\"og:url\" content=\"https:\/\/padelhaus.mustlammas-dev.in\/fi\/kauppa\/siux-trilogy-5-go-2025\/\" \/>\n<meta property=\"og:site_name\" content=\"Test Padelhaus\" \/>\n<meta property=\"article:modified_time\" content=\"2026-03-05T15:57:01+00:00\" \/>\n<meta property=\"og:image\" content=\"https:\/\/padelhaus.mustlammas-dev.in\/wp-content\/uploads\/2026\/01\/18.webp\" \/>\n\t<meta property=\"og:image:width\" content=\"1000\" \/>\n\t<meta property=\"og:image:height\" content=\"1000\" \/>\n\t<meta property=\"og:image:type\" content=\"image\/webp\" \/>\n<meta name=\"twitter:card\" content=\"summary_large_image\" \/>\n<meta name=\"twitter:label1\" content=\"Hinta\" \/>\n\t<meta name=\"twitter:data1\" content=\"89,95&nbsp;&euro;\" \/>\n\t<meta name=\"twitter:label2\" content=\"Saatavuus\" \/>\n\t<meta name=\"twitter:data2\" content=\"Varastossa\" \/>\n<script type=\"application\/ld+json\" class=\"yoast-schema-graph\">{\"@context\":\"https:\/\/schema.org\",\"@graph\":[{\"@type\":[\"WebPage\",\"ItemPage\"],\"@id\":\"https:\/\/padelhaus.mustlammas-dev.in\/fi\/kauppa\/siux-trilogy-5-go-2025\/\",\"url\":\"https:\/\/padelhaus.mustlammas-dev.in\/fi\/kauppa\/siux-trilogy-5-go-2025\/\",\"name\":\"Siux Trilogy 5 Go 2025 | Test Padelhaus\",\"isPartOf\":{\"@id\":\"https:\/\/padelhaus.mustlammas-dev.in\/fi\/#website\"},\"primaryImageOfPage\":{\"@id\":\"https:\/\/padelhaus.mustlammas-dev.in\/fi\/kauppa\/siux-trilogy-5-go-2025\/#primaryimage\"},\"image\":{\"@id\":\"https:\/\/padelhaus.mustlammas-dev.in\/fi\/kauppa\/siux-trilogy-5-go-2025\/#primaryimage\"},\"thumbnailUrl\":\"https:\/\/padelhaus.mustlammas-dev.in\/wp-content\/uploads\/2026\/01\/18.webp\",\"datePublished\":\"2026-01-21T13:16:56+00:00\",\"dateModified\":\"2026-03-05T15:57:01+00:00\",\"description\":\"Padelmailat ja padelvarusteet edullisesti. Padelhaus on padel verkkokauppa, josta l\u00f6yd\u00e4t parhaat padelmailat kaikille tasoille.\",\"breadcrumb\":{\"@id\":\"https:\/\/padelhaus.mustlammas-dev.in\/fi\/kauppa\/siux-trilogy-5-go-2025\/#breadcrumb\"},\"inLanguage\":\"fi\",\"potentialAction\":[{\"@type\":\"ReadAction\",\"target\":[\"https:\/\/padelhaus.mustlammas-dev.in\/fi\/kauppa\/siux-trilogy-5-go-2025\/\"]}]},{\"@type\":\"ImageObject\",\"inLanguage\":\"fi\",\"@id\":\"https:\/\/padelhaus.mustlammas-dev.in\/fi\/kauppa\/siux-trilogy-5-go-2025\/#primaryimage\",\"url\":\"https:\/\/padelhaus.mustlammas-dev.in\/wp-content\/uploads\/2026\/01\/18.webp\",\"contentUrl\":\"https:\/\/padelhaus.mustlammas-dev.in\/wp-content\/uploads\/2026\/01\/18.webp\",\"width\":1000,\"height\":1000},{\"@type\":\"BreadcrumbList\",\"@id\":\"https:\/\/padelhaus.mustlammas-dev.in\/fi\/kauppa\/siux-trilogy-5-go-2025\/#breadcrumb\",\"itemListElement\":[{\"@type\":\"ListItem\",\"position\":1,\"name\":\"Avaleht\",\"item\":\"https:\/\/padelhaus.fi\/\"},{\"@type\":\"ListItem\",\"position\":2,\"name\":\"Kauppa\",\"item\":\"https:\/\/padelhaus.fi\/kauppa\/\"},{\"@type\":\"ListItem\",\"position\":3,\"name\":\"Siux Trilogy 5 Go 2025\"}]},{\"@type\":\"WebSite\",\"@id\":\"https:\/\/padelhaus.mustlammas-dev.in\/fi\/#website\",\"url\":\"https:\/\/padelhaus.mustlammas-dev.in\/fi\/\",\"name\":\"Claude Padelhaus\",\"description\":\"Sinu padelivarustuse kodu\",\"publisher\":{\"@id\":\"https:\/\/padelhaus.mustlammas-dev.in\/fi\/#organization\"},\"potentialAction\":[{\"@type\":\"SearchAction\",\"target\":{\"@type\":\"EntryPoint\",\"urlTemplate\":\"https:\/\/padelhaus.mustlammas-dev.in\/fi\/?s={search_term_string}\"},\"query-input\":{\"@type\":\"PropertyValueSpecification\",\"valueRequired\":true,\"valueName\":\"search_term_string\"}}],\"inLanguage\":\"fi\"},{\"@type\":\"Organization\",\"@id\":\"https:\/\/padelhaus.mustlammas-dev.in\/fi\/#organization\",\"name\":\"Claude Padelhaus\",\"url\":\"https:\/\/padelhaus.mustlammas-dev.in\/fi\/\",\"logo\":{\"@type\":\"ImageObject\",\"inLanguage\":\"fi\",\"@id\":\"https:\/\/padelhaus.mustlammas-dev.in\/fi\/#\/schema\/logo\/image\/\",\"url\":\"https:\/\/padelhaus.mustlammas-dev.in\/wp-content\/uploads\/2025\/05\/Logo-1.png\",\"contentUrl\":\"https:\/\/padelhaus.mustlammas-dev.in\/wp-content\/uploads\/2025\/05\/Logo-1.png\",\"width\":280,\"height\":115,\"caption\":\"Claude Padelhaus\"},\"image\":{\"@id\":\"https:\/\/padelhaus.mustlammas-dev.in\/fi\/#\/schema\/logo\/image\/\"}}]}<\/script>\n<meta property=\"product:price:amount\" content=\"89.95\" \/>\n<meta property=\"product:price:currency\" content=\"EUR\" \/>\n<meta property=\"og:availability\" content=\"instock\" \/>\n<meta property=\"product:availability\" content=\"instock\" \/>\n<meta property=\"product:retailer_item_id\" content=\"SIU-R-25\" \/>\n<meta property=\"product:condition\" content=\"new\" \/>\n<!-- \/ Yoast SEO Premium plugin. -->","yoast_head_json":{"title":"Siux Trilogy 5 Go 2025 | Test Padelhaus","description":"Padelmailat ja padelvarusteet edullisesti. Padelhaus on padel verkkokauppa, josta l\u00f6yd\u00e4t parhaat padelmailat kaikille tasoille.","robots":{"index":"noindex","follow":"follow","max-snippet":"max-snippet:-1","max-image-preview":"max-image-preview:large","max-video-preview":"max-video-preview:-1"},"og_locale":"fi_FI","og_type":"article","og_title":"Siux Trilogy 5 Go 2025","og_description":"Padelmailat ja padelvarusteet edullisesti. Padelhaus on padel verkkokauppa, josta l\u00f6yd\u00e4t parhaat padelmailat kaikille tasoille.","og_url":"https:\/\/padelhaus.mustlammas-dev.in\/fi\/kauppa\/siux-trilogy-5-go-2025\/","og_site_name":"Test Padelhaus","article_modified_time":"2026-03-05T15:57:01+00:00","og_image":[{"width":1000,"height":1000,"url":"https:\/\/padelhaus.mustlammas-dev.in\/wp-content\/uploads\/2026\/01\/18.webp","type":"image\/webp"}],"twitter_card":"summary_large_image","twitter_misc":{"Hinta":"89,95&nbsp;&euro;","Saatavuus":"Varastossa"},"schema":{"@context":"https:\/\/schema.org","@graph":[{"@type":["WebPage","ItemPage"],"@id":"https:\/\/padelhaus.mustlammas-dev.in\/fi\/kauppa\/siux-trilogy-5-go-2025\/","url":"https:\/\/padelhaus.mustlammas-dev.in\/fi\/kauppa\/siux-trilogy-5-go-2025\/","name":"Siux Trilogy 5 Go 2025 | Test Padelhaus","isPartOf":{"@id":"https:\/\/padelhaus.mustlammas-dev.in\/fi\/#website"},"primaryImageOfPage":{"@id":"https:\/\/padelhaus.mustlammas-dev.in\/fi\/kauppa\/siux-trilogy-5-go-2025\/#primaryimage"},"image":{"@id":"https:\/\/padelhaus.mustlammas-dev.in\/fi\/kauppa\/siux-trilogy-5-go-2025\/#primaryimage"},"thumbnailUrl":"https:\/\/padelhaus.mustlammas-dev.in\/wp-content\/uploads\/2026\/01\/18.webp","datePublished":"2026-01-21T13:16:56+00:00","dateModified":"2026-03-05T15:57:01+00:00","description":"Padelmailat ja padelvarusteet edullisesti. Padelhaus on padel verkkokauppa, josta l\u00f6yd\u00e4t parhaat padelmailat kaikille tasoille.","breadcrumb":{"@id":"https:\/\/padelhaus.mustlammas-dev.in\/fi\/kauppa\/siux-trilogy-5-go-2025\/#breadcrumb"},"inLanguage":"fi","potentialAction":[{"@type":"ReadAction","target":["https:\/\/padelhaus.mustlammas-dev.in\/fi\/kauppa\/siux-trilogy-5-go-2025\/"]}]},{"@type":"ImageObject","inLanguage":"fi","@id":"https:\/\/padelhaus.mustlammas-dev.in\/fi\/kauppa\/siux-trilogy-5-go-2025\/#primaryimage","url":"https:\/\/padelhaus.mustlammas-dev.in\/wp-content\/uploads\/2026\/01\/18.webp","contentUrl":"https:\/\/padelhaus.mustlammas-dev.in\/wp-content\/uploads\/2026\/01\/18.webp","width":1000,"height":1000},{"@type":"BreadcrumbList","@id":"https:\/\/padelhaus.mustlammas-dev.in\/fi\/kauppa\/siux-trilogy-5-go-2025\/#breadcrumb","itemListElement":[{"@type":"ListItem","position":1,"name":"Avaleht","item":"https:\/\/padelhaus.fi\/"},{"@type":"ListItem","position":2,"name":"Kauppa","item":"https:\/\/padelhaus.fi\/kauppa\/"},{"@type":"ListItem","position":3,"name":"Siux Trilogy 5 Go 2025"}]},{"@type":"WebSite","@id":"https:\/\/padelhaus.mustlammas-dev.in\/fi\/#website","url":"https:\/\/padelhaus.mustlammas-dev.in\/fi\/","name":"Claude Padelhaus","description":"Sinu padelivarustuse kodu","publisher":{"@id":"https:\/\/padelhaus.mustlammas-dev.in\/fi\/#organization"},"potentialAction":[{"@type":"SearchAction","target":{"@type":"EntryPoint","urlTemplate":"https:\/\/padelhaus.mustlammas-dev.in\/fi\/?s={search_term_string}"},"query-input":{"@type":"PropertyValueSpecification","valueRequired":true,"valueName":"search_term_string"}}],"inLanguage":"fi"},{"@type":"Organization","@id":"https:\/\/padelhaus.mustlammas-dev.in\/fi\/#organization","name":"Claude Padelhaus","url":"https:\/\/padelhaus.mustlammas-dev.in\/fi\/","logo":{"@type":"ImageObject","inLanguage":"fi","@id":"https:\/\/padelhaus.mustlammas-dev.in\/fi\/#\/schema\/logo\/image\/","url":"https:\/\/padelhaus.mustlammas-dev.in\/wp-content\/uploads\/2025\/05\/Logo-1.png","contentUrl":"https:\/\/padelhaus.mustlammas-dev.in\/wp-content\/uploads\/2025\/05\/Logo-1.png","width":280,"height":115,"caption":"Claude Padelhaus"},"image":{"@id":"https:\/\/padelhaus.mustlammas-dev.in\/fi\/#\/schema\/logo\/image\/"}}]},"product_price_amount":"89.95","product_price_currency":"EUR","og_availability":"instock","product_availability":"instock","product_retailer_item_id":"SIU-R-25","product_condition":"new"},"_links":{"self":[{"href":"https:\/\/padelhaus.mustlammas-dev.in\/fi\/wp-json\/wp\/v2\/product\/72670","targetHints":{"allow":["GET"]}}],"collection":[{"href":"https:\/\/padelhaus.mustlammas-dev.in\/fi\/wp-json\/wp\/v2\/product"}],"about":[{"href":"https:\/\/padelhaus.mustlammas-dev.in\/fi\/wp-json\/wp\/v2\/types\/product"}],"replies":[{"embeddable":true,"href":"https:\/\/padelhaus.mustlammas-dev.in\/fi\/wp-json\/wp\/v2\/comments?post=72670"}],"wp:featuredmedia":[{"embeddable":true,"href":"https:\/\/padelhaus.mustlammas-dev.in\/fi\/wp-json\/wp\/v2\/media\/72671"}],"wp:attachment":[{"href":"https:\/\/padelhaus.mustlammas-dev.in\/fi\/wp-json\/wp\/v2\/media?parent=72670"}],"wp:term":[{"taxonomy":"product_brand","embeddable":true,"href":"https:\/\/padelhaus.mustlammas-dev.in\/fi\/wp-json\/wp\/v2\/product_brand?post=72670"},{"taxonomy":"product_cat","embeddable":true,"href":"https:\/\/padelhaus.mustlammas-dev.in\/fi\/wp-json\/wp\/v2\/product_cat?post=72670"},{"taxonomy":"product_tag","embeddable":true,"href":"https:\/\/padelhaus.mustlammas-dev.in\/fi\/wp-json\/wp\/v2\/product_tag?post=72670"}],"curies":[{"name":"wp","href":"https:\/\/api.w.org\/{rel}","templated":true}]}}