{"id":72726,"date":"2026-03-05T16:47:44","date_gmt":"2026-03-05T14:47:44","guid":{"rendered":"https:\/\/padelhaus.mustlammas-dev.in\/pood\/adidas-metalbone-team-3-3-2024\/"},"modified":"2026-03-05T18:37:35","modified_gmt":"2026-03-05T16:37:35","slug":"adidas-metalbone-team-3-3-2024","status":"publish","type":"product","link":"https:\/\/padelhaus.mustlammas-dev.in\/fi\/kauppa\/adidas-metalbone-team-3-3-2024\/","title":{"rendered":"Adidas Metalbone Team 3.3 2024"},"content":{"rendered":"<h4><b>Adidas Metalbone Team 3.3 \u2013 valmis jokaiseen haasteeseen<\/b><\/h4>\n<p>&nbsp;<\/p>\n<p class=\"p3\"><span class=\"s2\"><b>Adidas Metalbone Team 3.3<\/b><\/span> on suunniteltu edistyneille pelaajille, jotka haluavat hallita hy\u00f6kk\u00e4yspeli\u00e4. <span class=\"s2\"><b>Octagonal Structure<\/b><\/span>&#8211; ja <span class=\"s2\"><b>Structural Reinforcement<\/b><\/span> -teknologioiden ansiosta t\u00e4m\u00e4 maila tarjoaa poikkeuksellista j\u00e4ykkyytt\u00e4 ja vakautta, mik\u00e4 auttaa saavuttamaan maksimaalisen voiman aggressiivisissa ly\u00f6nneiss\u00e4. <\/p>\n<p class=\"p3\">Mailan <span class=\"s2\"><b>fiberglass-pinta<\/b><\/span> yhdess\u00e4 <span class=\"s2\"><b>EVA Soft Performance -ytimen<\/b><\/span> kanssa luo ihanteellisen tasapainon mukavuuden, hallinnan ja pallon l\u00e4ht\u00f6nopeuden v\u00e4lille. Lis\u00e4ksi karkea <span class=\"s2\"><b>Spin Blade Gritt<\/b><\/span> -pinta ja <span class=\"s2\"><b>Smart Holes Curve<\/b><\/span> -reik\u00e4kuviointi parantavat merkitt\u00e4v\u00e4sti kierteentuottokyky\u00e4, antaen ly\u00f6nteihin enemm\u00e4n tehoa ja kontrollia. <\/p>\n<h4><b>T\u00e4rkeimm\u00e4t teknologiat<\/b><\/h4>\n<h3><b>Octagonal Structure<\/b><\/h3>\n<p>&nbsp;<\/p>\n<p class=\"p3\">Maksimaalinen j\u00e4ykkyys alkaa mailan sis\u00e4lt\u00e4.<\/p>\n<p class=\"p3\">T\u00e4m\u00e4 teknologia hy\u00f6dynt\u00e4\u00e4 <span class=\"s2\"><b>kahdeksankulmaista hiilikuituputkirakennetta<\/b><\/span>, joka antaa mailalle suuren vakauden ja eritt\u00e4in korkean v\u00e4\u00e4nt\u00f6j\u00e4ykkyyden. Tuloksena on varma tuntuma ja maksimaalinen voima kovimmissakin ly\u00f6nneiss\u00e4. <\/p>\n<h3><b>Spin Blade Gritt<\/b><\/h3>\n<p>&nbsp;<\/p>\n<p class=\"p3\">Kierteet syntyv\u00e4t mailan pinnan ja pallon v\u00e4lisest\u00e4 kitkasta.<\/p>\n<p class=\"p3\">T\u00e4m\u00e4n teknologian karkea, hiekkamainen pinta lis\u00e4\u00e4 merkitt\u00e4v\u00e4sti pitoa palloon ja auttaa tuottamaan enemm\u00e4n kierteit\u00e4.<\/p>\n<h3><b>Smart Holes Curve<\/b><\/h3>\n<p>&nbsp;<\/p>\n<p class=\"p3\">Kaarevaan muotoon sijoitetut rei\u00e4t on optimoitu siten, ett\u00e4 mailan liikerata kierrely\u00f6nneiss\u00e4 lis\u00e4\u00e4 kitkaa, mik\u00e4 mahdollistaa huomattavasti voimakkaamman kierteentuoton.<\/p>\n<h4><b>Tekniset tiedot<\/b><\/h4>\n<ul>\n<li>\n<p class=\"p1\"><span class=\"s1\"><b>Taso:<\/b><\/span> edistynyt<\/p>\n<\/li>\n<li>\n<p class=\"p1\"><b>Pelityyli:<\/b><span class=\"s1\"> hy\u00f6kk\u00e4\u00e4v\u00e4<\/span><\/p>\n<\/li>\n<li>\n<p class=\"p1\"><span class=\"s1\"><b>Muoto:<\/b><\/span> Oversize-timantti<\/p>\n<\/li>\n<li>\n<p class=\"p1\"><span class=\"s1\"><b>Painopiste:<\/b><\/span> K\u00e4rkipainoinen (285 mm)<\/p>\n<\/li>\n<li>\n<p class=\"p1\"><span class=\"s1\"><b>Pinta-ala:<\/b><\/span> 485 cm\u00b2<\/p>\n<\/li>\n<li>\n<p class=\"p1\"><span class=\"s1\"><b>Pituus:<\/b><\/span> 455 mm<\/p>\n<\/li>\n<li>\n<p class=\"p1\"><b>Profiili:<\/b><span class=\"s1\"> 38 mm<\/span><\/p>\n<\/li>\n<li>\n<p class=\"p1\"><span class=\"s1\"><b>Suoja:<\/b><\/span> Metalbone Protector Tape<\/p>\n<\/li>\n<li>\n<p class=\"p1\"><span class=\"s1\"><b>Ydin:<\/b><\/span> EVA Soft Performance<\/p>\n<\/li>\n<li>\n<p class=\"p1\"><span class=\"s1\"><b>Pinta:<\/b><\/span> Fiberglass<\/p>\n<\/li>\n<li>\n<p class=\"p1\"><span class=\"s1\"><b>Voimateknologia:<\/b><\/span> Octagonal Structure<\/p>\n<\/li>\n<li>\n<p class=\"p1\"><span class=\"s1\"><b>Kest\u00e4vyys:<\/b><\/span> Structural Reinforcement<\/p>\n<\/li>\n<li>\n<p class=\"p1\"><span class=\"s1\"><b>Kierre:<\/b><\/span> Spin Blade Gritt<\/p>\n<\/li>\n<li>\n<p class=\"p1\"><b>Kierre (reik\u00e4kuvio):<\/b><span class=\"s1\"> Smart Holes Curve<\/span><\/p>\n<\/li>\n<li>\n<p class=\"p1\"><span class=\"s1\"><b>Sarja:<\/b><\/span> Metalbone<\/p>\n<\/li>\n<\/ul>\n<p>&nbsp;<\/p>\n","protected":false},"excerpt":{"rendered":"<p>Adidas Metalbone Team 3.3 \u2013 valmis jokaiseen haasteeseen &nbsp; Adidas Metalbone Team 3.3 on suunniteltu edistyneille pelaajille, jotka haluavat hallita hy\u00f6kk\u00e4yspeli\u00e4. Octagonal Structure&#8211; ja Structural Reinforcement -teknologioiden ansiosta t\u00e4m\u00e4 maila tarjoaa poikkeuksellista j\u00e4ykkyytt\u00e4 ja vakautta, mik\u00e4 auttaa saavuttamaan maksimaalisen voiman aggressiivisissa ly\u00f6nneiss\u00e4. Mailan fiberglass-pinta yhdess\u00e4 EVA Soft Performance -ytimen kanssa luo ihanteellisen tasapainon mukavuuden, hallinnan [&hellip;]<\/p>\n","protected":false},"featured_media":72727,"comment_status":"open","ping_status":"closed","template":"","meta":{"_eb_attr":""},"product_brand":[523],"product_cat":[524,495,494],"product_tag":[],"class_list":{"0":"post-72726","1":"product","2":"type-product","3":"status-publish","4":"has-post-thumbnail","6":"product_brand-adidas","7":"product_cat-adidas","8":"product_cat-keskitaso","9":"product_cat-padelmailat","10":"pa_kaal-360-375-g","11":"pa_kuju-timantti","12":"pa_mangustiil-hyokkaava","13":"pa_tasakaal-ylhaalla","14":"pa_tase-keskitaso","15":"pa_varv-musta","16":"pa_varv-punainen","17":"pa_varv-valkoinen","20":"first","21":"instock","22":"sale","23":"taxable","24":"shipping-taxable","25":"purchasable","26":"product-type-simple"},"yoast_head":"<!-- This site is optimized with the Yoast SEO Premium plugin v27.1 (Yoast SEO v27.1.1) - https:\/\/yoast.com\/product\/yoast-seo-premium-wordpress\/ -->\n<title>Adidas Metalbone Team 3.3 2024 | Test Padelhaus<\/title>\n<meta name=\"description\" content=\"Padelmailat ja padelvarusteet edullisesti. Padelhaus on padel verkkokauppa, josta l\u00f6yd\u00e4t parhaat padelmailat kaikille tasoille.\" \/>\n<meta name=\"robots\" content=\"noindex, follow, max-snippet:-1, max-image-preview:large, max-video-preview:-1\" \/>\n<meta property=\"og:locale\" content=\"fi_FI\" \/>\n<meta property=\"og:type\" content=\"article\" \/>\n<meta property=\"og:title\" content=\"Adidas Metalbone Team 3.3 2024\" \/>\n<meta property=\"og:description\" content=\"Padelmailat ja padelvarusteet edullisesti. Padelhaus on padel verkkokauppa, josta l\u00f6yd\u00e4t parhaat padelmailat kaikille tasoille.\" \/>\n<meta property=\"og:url\" content=\"https:\/\/padelhaus.mustlammas-dev.in\/fi\/kauppa\/adidas-metalbone-team-3-3-2024\/\" \/>\n<meta property=\"og:site_name\" content=\"Test Padelhaus\" \/>\n<meta property=\"article:modified_time\" content=\"2026-03-05T16:37:35+00:00\" \/>\n<meta property=\"og:image\" content=\"https:\/\/padelhaus.mustlammas-dev.in\/wp-content\/uploads\/2026\/03\/16.webp\" \/>\n\t<meta property=\"og:image:width\" content=\"1000\" \/>\n\t<meta property=\"og:image:height\" content=\"1000\" \/>\n\t<meta property=\"og:image:type\" content=\"image\/webp\" \/>\n<meta name=\"twitter:card\" content=\"summary_large_image\" \/>\n<meta name=\"twitter:label1\" content=\"Hinta\" \/>\n\t<meta name=\"twitter:data1\" content=\"124,95&nbsp;&euro;\" \/>\n\t<meta name=\"twitter:label2\" content=\"Saatavuus\" \/>\n\t<meta name=\"twitter:data2\" content=\"Varastossa\" \/>\n<script type=\"application\/ld+json\" class=\"yoast-schema-graph\">{\"@context\":\"https:\/\/schema.org\",\"@graph\":[{\"@type\":[\"WebPage\",\"ItemPage\"],\"@id\":\"https:\/\/padelhaus.mustlammas-dev.in\/fi\/kauppa\/adidas-metalbone-team-3-3-2024\/\",\"url\":\"https:\/\/padelhaus.mustlammas-dev.in\/fi\/kauppa\/adidas-metalbone-team-3-3-2024\/\",\"name\":\"Adidas Metalbone Team 3.3 2024 | Test Padelhaus\",\"isPartOf\":{\"@id\":\"https:\/\/padelhaus.mustlammas-dev.in\/fi\/#website\"},\"primaryImageOfPage\":{\"@id\":\"https:\/\/padelhaus.mustlammas-dev.in\/fi\/kauppa\/adidas-metalbone-team-3-3-2024\/#primaryimage\"},\"image\":{\"@id\":\"https:\/\/padelhaus.mustlammas-dev.in\/fi\/kauppa\/adidas-metalbone-team-3-3-2024\/#primaryimage\"},\"thumbnailUrl\":\"https:\/\/padelhaus.mustlammas-dev.in\/wp-content\/uploads\/2026\/03\/16.webp\",\"datePublished\":\"2026-03-05T14:47:44+00:00\",\"dateModified\":\"2026-03-05T16:37:35+00:00\",\"description\":\"Padelmailat ja padelvarusteet edullisesti. Padelhaus on padel verkkokauppa, josta l\u00f6yd\u00e4t parhaat padelmailat kaikille tasoille.\",\"breadcrumb\":{\"@id\":\"https:\/\/padelhaus.mustlammas-dev.in\/fi\/kauppa\/adidas-metalbone-team-3-3-2024\/#breadcrumb\"},\"inLanguage\":\"fi\",\"potentialAction\":[{\"@type\":\"ReadAction\",\"target\":[\"https:\/\/padelhaus.mustlammas-dev.in\/fi\/kauppa\/adidas-metalbone-team-3-3-2024\/\"]}]},{\"@type\":\"ImageObject\",\"inLanguage\":\"fi\",\"@id\":\"https:\/\/padelhaus.mustlammas-dev.in\/fi\/kauppa\/adidas-metalbone-team-3-3-2024\/#primaryimage\",\"url\":\"https:\/\/padelhaus.mustlammas-dev.in\/wp-content\/uploads\/2026\/03\/16.webp\",\"contentUrl\":\"https:\/\/padelhaus.mustlammas-dev.in\/wp-content\/uploads\/2026\/03\/16.webp\",\"width\":1000,\"height\":1000},{\"@type\":\"BreadcrumbList\",\"@id\":\"https:\/\/padelhaus.mustlammas-dev.in\/fi\/kauppa\/adidas-metalbone-team-3-3-2024\/#breadcrumb\",\"itemListElement\":[{\"@type\":\"ListItem\",\"position\":1,\"name\":\"Avaleht\",\"item\":\"https:\/\/padelhaus.fi\/\"},{\"@type\":\"ListItem\",\"position\":2,\"name\":\"Kauppa\",\"item\":\"https:\/\/padelhaus.fi\/kauppa\/\"},{\"@type\":\"ListItem\",\"position\":3,\"name\":\"Adidas Metalbone Team 3.3 2024\"}]},{\"@type\":\"WebSite\",\"@id\":\"https:\/\/padelhaus.mustlammas-dev.in\/fi\/#website\",\"url\":\"https:\/\/padelhaus.mustlammas-dev.in\/fi\/\",\"name\":\"Claude Padelhaus\",\"description\":\"Sinu padelivarustuse kodu\",\"publisher\":{\"@id\":\"https:\/\/padelhaus.mustlammas-dev.in\/fi\/#organization\"},\"potentialAction\":[{\"@type\":\"SearchAction\",\"target\":{\"@type\":\"EntryPoint\",\"urlTemplate\":\"https:\/\/padelhaus.mustlammas-dev.in\/fi\/?s={search_term_string}\"},\"query-input\":{\"@type\":\"PropertyValueSpecification\",\"valueRequired\":true,\"valueName\":\"search_term_string\"}}],\"inLanguage\":\"fi\"},{\"@type\":\"Organization\",\"@id\":\"https:\/\/padelhaus.mustlammas-dev.in\/fi\/#organization\",\"name\":\"Claude Padelhaus\",\"url\":\"https:\/\/padelhaus.mustlammas-dev.in\/fi\/\",\"logo\":{\"@type\":\"ImageObject\",\"inLanguage\":\"fi\",\"@id\":\"https:\/\/padelhaus.mustlammas-dev.in\/fi\/#\/schema\/logo\/image\/\",\"url\":\"https:\/\/padelhaus.mustlammas-dev.in\/wp-content\/uploads\/2025\/05\/Logo-1.png\",\"contentUrl\":\"https:\/\/padelhaus.mustlammas-dev.in\/wp-content\/uploads\/2025\/05\/Logo-1.png\",\"width\":280,\"height\":115,\"caption\":\"Claude Padelhaus\"},\"image\":{\"@id\":\"https:\/\/padelhaus.mustlammas-dev.in\/fi\/#\/schema\/logo\/image\/\"}}]}<\/script>\n<meta property=\"product:price:amount\" content=\"124.95\" \/>\n<meta property=\"product:price:currency\" content=\"EUR\" \/>\n<meta property=\"og:availability\" content=\"instock\" \/>\n<meta property=\"product:availability\" content=\"instock\" \/>\n<meta property=\"product:retailer_item_id\" content=\"ADI-R-50\" \/>\n<meta property=\"product:condition\" content=\"new\" \/>\n<!-- \/ Yoast SEO Premium plugin. -->","yoast_head_json":{"title":"Adidas Metalbone Team 3.3 2024 | Test Padelhaus","description":"Padelmailat ja padelvarusteet edullisesti. Padelhaus on padel verkkokauppa, josta l\u00f6yd\u00e4t parhaat padelmailat kaikille tasoille.","robots":{"index":"noindex","follow":"follow","max-snippet":"max-snippet:-1","max-image-preview":"max-image-preview:large","max-video-preview":"max-video-preview:-1"},"og_locale":"fi_FI","og_type":"article","og_title":"Adidas Metalbone Team 3.3 2024","og_description":"Padelmailat ja padelvarusteet edullisesti. Padelhaus on padel verkkokauppa, josta l\u00f6yd\u00e4t parhaat padelmailat kaikille tasoille.","og_url":"https:\/\/padelhaus.mustlammas-dev.in\/fi\/kauppa\/adidas-metalbone-team-3-3-2024\/","og_site_name":"Test Padelhaus","article_modified_time":"2026-03-05T16:37:35+00:00","og_image":[{"width":1000,"height":1000,"url":"https:\/\/padelhaus.mustlammas-dev.in\/wp-content\/uploads\/2026\/03\/16.webp","type":"image\/webp"}],"twitter_card":"summary_large_image","twitter_misc":{"Hinta":"124,95&nbsp;&euro;","Saatavuus":"Varastossa"},"schema":{"@context":"https:\/\/schema.org","@graph":[{"@type":["WebPage","ItemPage"],"@id":"https:\/\/padelhaus.mustlammas-dev.in\/fi\/kauppa\/adidas-metalbone-team-3-3-2024\/","url":"https:\/\/padelhaus.mustlammas-dev.in\/fi\/kauppa\/adidas-metalbone-team-3-3-2024\/","name":"Adidas Metalbone Team 3.3 2024 | Test Padelhaus","isPartOf":{"@id":"https:\/\/padelhaus.mustlammas-dev.in\/fi\/#website"},"primaryImageOfPage":{"@id":"https:\/\/padelhaus.mustlammas-dev.in\/fi\/kauppa\/adidas-metalbone-team-3-3-2024\/#primaryimage"},"image":{"@id":"https:\/\/padelhaus.mustlammas-dev.in\/fi\/kauppa\/adidas-metalbone-team-3-3-2024\/#primaryimage"},"thumbnailUrl":"https:\/\/padelhaus.mustlammas-dev.in\/wp-content\/uploads\/2026\/03\/16.webp","datePublished":"2026-03-05T14:47:44+00:00","dateModified":"2026-03-05T16:37:35+00:00","description":"Padelmailat ja padelvarusteet edullisesti. Padelhaus on padel verkkokauppa, josta l\u00f6yd\u00e4t parhaat padelmailat kaikille tasoille.","breadcrumb":{"@id":"https:\/\/padelhaus.mustlammas-dev.in\/fi\/kauppa\/adidas-metalbone-team-3-3-2024\/#breadcrumb"},"inLanguage":"fi","potentialAction":[{"@type":"ReadAction","target":["https:\/\/padelhaus.mustlammas-dev.in\/fi\/kauppa\/adidas-metalbone-team-3-3-2024\/"]}]},{"@type":"ImageObject","inLanguage":"fi","@id":"https:\/\/padelhaus.mustlammas-dev.in\/fi\/kauppa\/adidas-metalbone-team-3-3-2024\/#primaryimage","url":"https:\/\/padelhaus.mustlammas-dev.in\/wp-content\/uploads\/2026\/03\/16.webp","contentUrl":"https:\/\/padelhaus.mustlammas-dev.in\/wp-content\/uploads\/2026\/03\/16.webp","width":1000,"height":1000},{"@type":"BreadcrumbList","@id":"https:\/\/padelhaus.mustlammas-dev.in\/fi\/kauppa\/adidas-metalbone-team-3-3-2024\/#breadcrumb","itemListElement":[{"@type":"ListItem","position":1,"name":"Avaleht","item":"https:\/\/padelhaus.fi\/"},{"@type":"ListItem","position":2,"name":"Kauppa","item":"https:\/\/padelhaus.fi\/kauppa\/"},{"@type":"ListItem","position":3,"name":"Adidas Metalbone Team 3.3 2024"}]},{"@type":"WebSite","@id":"https:\/\/padelhaus.mustlammas-dev.in\/fi\/#website","url":"https:\/\/padelhaus.mustlammas-dev.in\/fi\/","name":"Claude Padelhaus","description":"Sinu padelivarustuse kodu","publisher":{"@id":"https:\/\/padelhaus.mustlammas-dev.in\/fi\/#organization"},"potentialAction":[{"@type":"SearchAction","target":{"@type":"EntryPoint","urlTemplate":"https:\/\/padelhaus.mustlammas-dev.in\/fi\/?s={search_term_string}"},"query-input":{"@type":"PropertyValueSpecification","valueRequired":true,"valueName":"search_term_string"}}],"inLanguage":"fi"},{"@type":"Organization","@id":"https:\/\/padelhaus.mustlammas-dev.in\/fi\/#organization","name":"Claude Padelhaus","url":"https:\/\/padelhaus.mustlammas-dev.in\/fi\/","logo":{"@type":"ImageObject","inLanguage":"fi","@id":"https:\/\/padelhaus.mustlammas-dev.in\/fi\/#\/schema\/logo\/image\/","url":"https:\/\/padelhaus.mustlammas-dev.in\/wp-content\/uploads\/2025\/05\/Logo-1.png","contentUrl":"https:\/\/padelhaus.mustlammas-dev.in\/wp-content\/uploads\/2025\/05\/Logo-1.png","width":280,"height":115,"caption":"Claude Padelhaus"},"image":{"@id":"https:\/\/padelhaus.mustlammas-dev.in\/fi\/#\/schema\/logo\/image\/"}}]},"product_price_amount":"124.95","product_price_currency":"EUR","og_availability":"instock","product_availability":"instock","product_retailer_item_id":"ADI-R-50","product_condition":"new"},"_links":{"self":[{"href":"https:\/\/padelhaus.mustlammas-dev.in\/fi\/wp-json\/wp\/v2\/product\/72726","targetHints":{"allow":["GET"]}}],"collection":[{"href":"https:\/\/padelhaus.mustlammas-dev.in\/fi\/wp-json\/wp\/v2\/product"}],"about":[{"href":"https:\/\/padelhaus.mustlammas-dev.in\/fi\/wp-json\/wp\/v2\/types\/product"}],"replies":[{"embeddable":true,"href":"https:\/\/padelhaus.mustlammas-dev.in\/fi\/wp-json\/wp\/v2\/comments?post=72726"}],"wp:featuredmedia":[{"embeddable":true,"href":"https:\/\/padelhaus.mustlammas-dev.in\/fi\/wp-json\/wp\/v2\/media\/72727"}],"wp:attachment":[{"href":"https:\/\/padelhaus.mustlammas-dev.in\/fi\/wp-json\/wp\/v2\/media?parent=72726"}],"wp:term":[{"taxonomy":"product_brand","embeddable":true,"href":"https:\/\/padelhaus.mustlammas-dev.in\/fi\/wp-json\/wp\/v2\/product_brand?post=72726"},{"taxonomy":"product_cat","embeddable":true,"href":"https:\/\/padelhaus.mustlammas-dev.in\/fi\/wp-json\/wp\/v2\/product_cat?post=72726"},{"taxonomy":"product_tag","embeddable":true,"href":"https:\/\/padelhaus.mustlammas-dev.in\/fi\/wp-json\/wp\/v2\/product_tag?post=72726"}],"curies":[{"name":"wp","href":"https:\/\/api.w.org\/{rel}","templated":true}]}}