{"id":72780,"date":"2025-12-11T15:28:09","date_gmt":"2025-12-11T13:28:09","guid":{"rendered":"https:\/\/padelhaus.mustlammas-dev.in\/pood\/head-extreme-one-x-2025\/"},"modified":"2026-03-05T18:43:47","modified_gmt":"2026-03-05T16:43:47","slug":"head-extreme-one-x-2025","status":"publish","type":"product","link":"https:\/\/padelhaus.mustlammas-dev.in\/fi\/kauppa\/head-extreme-one-x-2025\/","title":{"rendered":"Head Extreme One X 2025"},"content":{"rendered":"<p data-start=\"66\" data-end=\"93\"><strong data-start=\"66\" data-end=\"93\">Head Extreme One X 2025<\/strong><\/p>\n<p data-start=\"95\" data-end=\"549\">Head Extreme One X 2025 on entist\u00e4 tehokkaampi ja voimakkaampi versio Extreme-sarjasta. Se on luotu vaativille pelaajille, jotka etsiv\u00e4t r\u00e4j\u00e4hdysm\u00e4ist\u00e4 suorituskyky\u00e4. Mailassa yhdistyv\u00e4t moderni estetiikka ja premium-materiaalit, jotka tarjoavat varmempia, ratkaisevampia ja intensiivisempi\u00e4 ly\u00f6ntej\u00e4. Sen uudistettu muotoilu ja hiilikuiturakenne korostavat sarjalle ominaista hy\u00f6kk\u00e4\u00e4vyytt\u00e4 ja j\u00e4ykkyytt\u00e4, tehden siit\u00e4 ihanteellisen valinnan hy\u00f6kk\u00e4yspeli\u00e4 hallitseville.  <\/p>\n<h5 data-start=\"551\" data-end=\"602\">Varmaa kontrollia ja tappavia ly\u00f6ntej\u00e4 jokaiseen pisteeseen<\/h5>\n<p data-start=\"604\" data-end=\"1143\">12K-hiilikuiturakenteen ja vaikuttavan 370 gramman painon ansiosta Head Extreme One X 2025 tarjoaa kompaktin tuntuman ja \u00e4\u00e4rimm\u00e4ist\u00e4 voimaa smasheihin ja hy\u00f6kk\u00e4\u00e4viin volley-ly\u00f6nteihin. 270 mm (keskikorkea) tasapaino takaa erinomaisen energiansiirron mailan p\u00e4\u00e4h\u00e4n, mik\u00e4 lis\u00e4\u00e4 ly\u00f6ntivoimaa vakautta tai kontrollia menett\u00e4m\u00e4tt\u00e4. T\u00e4m\u00e4 malli parantaa kent\u00e4ll\u00e4 koettua tuntumaa tarjoamalla varmaa k\u00e4sitelt\u00e4vyytt\u00e4, parempaa hallintaa tiukoissa ly\u00f6nneiss\u00e4 ja erinomaisen pallon ulostulon vaativissa kilpailutilanteissa.  <\/p>\n<h5 data-start=\"1145\" data-end=\"1182\">T\u00e4rkeimm\u00e4t ominaisuudet ja teknologiat<\/h5>\n<ul>\n<li data-start=\"1186\" data-end=\"1276\"><strong data-start=\"1186\" data-end=\"1202\">Auxetic 2.0:<\/strong> Optimoi rakenteellisen vasteen tarjoten tehokkaampia ja tarkempia ly\u00f6ntej\u00e4<\/li>\n<li data-start=\"1279\" data-end=\"1362\"><strong data-start=\"1279\" data-end=\"1294\">Power Foam:<\/strong> Tarjoaa t\u00e4ydellisen tasapainon voiman, kontrollin ja iskunvaimennuksen v\u00e4lill\u00e4<\/li>\n<li data-start=\"1365\" data-end=\"1440\"><strong data-start=\"1365\" data-end=\"1381\">12k-hiilikuitu:<\/strong> Lis\u00e4\u00e4 j\u00e4ykkyytt\u00e4, kest\u00e4vyytt\u00e4 ja kiihtyvyytt\u00e4 ly\u00f6nteihin<\/li>\n<li data-start=\"1443\" data-end=\"1522\"><strong data-start=\"1443\" data-end=\"1468\">Timantin muoto:<\/strong> Suunniteltu maksimoimaan voima smasheissa ja hy\u00f6kk\u00e4yksiss\u00e4<\/li>\n<li data-start=\"1525\" data-end=\"1591\"><strong data-start=\"1525\" data-end=\"1540\">Paino 370 g:<\/strong> Tuo lis\u00e4\u00e4 lujuutta ja voimaa jokaiseen ly\u00f6ntiin<\/li>\n<li data-start=\"1594\" data-end=\"1684\"><strong data-start=\"1594\" data-end=\"1631\">Tasapaino 270 mm (keskikorkea):<\/strong> Tukee hy\u00f6kk\u00e4\u00e4v\u00e4\u00e4 peli\u00e4 ketteryytt\u00e4 menett\u00e4m\u00e4tt\u00e4<\/li>\n<\/ul>\n<h5 data-start=\"733\" data-end=\"861\">Tekniset tiedot<\/h5>\n<ul>\n<li data-start=\"39\" data-end=\"56\"><strong data-start=\"39\" data-end=\"49\">Tuotemerkki:<\/strong> Head<\/li>\n<li data-start=\"59\" data-end=\"85\"><strong data-start=\"59\" data-end=\"69\">Tuote:<\/strong> Padelmailat<\/li>\n<li data-start=\"88\" data-end=\"112\"><strong data-start=\"88\" data-end=\"101\">Tasapaino:<\/strong> Keskitaso<\/li>\n<li data-start=\"115\" data-end=\"141\"><strong data-start=\"115\" data-end=\"127\">Ydin:<\/strong> Vaahto (Foam)<\/li>\n<li data-start=\"144\" data-end=\"194\"><strong data-start=\"144\" data-end=\"162\">Pintamateriaali:<\/strong> 12k-hiilikuitu (Carbon Face)<\/li>\n<li data-start=\"197\" data-end=\"228\"><strong data-start=\"197\" data-end=\"209\">Muoto:<\/strong> Vakio<\/li>\n<li data-start=\"231\" data-end=\"288\"><strong data-start=\"231\" data-end=\"245\">Pelitaso:<\/strong> Edistynyt \/ Kilpapelaaja, Ammattilainen<\/li>\n<li data-start=\"291\" data-end=\"333\"><strong data-start=\"291\" data-end=\"306\">Viimeistely:<\/strong> Karhea pinta<\/li>\n<li data-start=\"336\" data-end=\"360\"><strong data-start=\"336\" data-end=\"345\">Muoto:<\/strong> Timantti<\/li>\n<li data-start=\"363\" data-end=\"406\"><strong data-start=\"363\" data-end=\"378\">Pinnan tyyppi:<\/strong> Karhea pinta (Rough Surface)<\/li>\n<li data-start=\"409\" data-end=\"429\"><strong data-start=\"409\" data-end=\"423\">Pelityyli:<\/strong> Voima (Power)<\/li>\n<\/ul>\n","protected":false},"excerpt":{"rendered":"<p>Head Extreme One X 2025 Head Extreme One X 2025 on entist\u00e4 tehokkaampi ja voimakkaampi versio Extreme-sarjasta. Se on luotu vaativille pelaajille, jotka etsiv\u00e4t r\u00e4j\u00e4hdysm\u00e4ist\u00e4 suorituskyky\u00e4. Mailassa yhdistyv\u00e4t moderni estetiikka ja premium-materiaalit, jotka tarjoavat varmempia, ratkaisevampia ja intensiivisempi\u00e4 ly\u00f6ntej\u00e4. Sen uudistettu muotoilu ja hiilikuiturakenne korostavat sarjalle ominaista hy\u00f6kk\u00e4\u00e4vyytt\u00e4 ja j\u00e4ykkyytt\u00e4, tehden siit\u00e4 ihanteellisen valinnan hy\u00f6kk\u00e4yspeli\u00e4 [&hellip;]<\/p>\n","protected":false},"featured_media":72785,"comment_status":"open","ping_status":"closed","template":"","meta":{"_eb_attr":""},"product_brand":[509],"product_cat":[496,510,494],"product_tag":[],"class_list":{"0":"post-72780","1":"product","2":"type-product","3":"status-publish","4":"has-post-thumbnail","6":"product_brand-head","7":"product_cat-edistynyt","8":"product_cat-head","9":"product_cat-padelmailat","10":"pa_kaal-370-g","11":"pa_kuju-timantti","12":"pa_mangustiil-hyokkaava","13":"pa_tasakaal-ylhaalla","14":"pa_tase-edistynyt","15":"pa_varv-musta","18":"first","19":"onbackorder","20":"sale","21":"taxable","22":"shipping-taxable","23":"purchasable","24":"product-type-simple"},"yoast_head":"<!-- This site is optimized with the Yoast SEO Premium plugin v27.1 (Yoast SEO v27.1.1) - https:\/\/yoast.com\/product\/yoast-seo-premium-wordpress\/ -->\n<title>Head Extreme One X 2025 | Test Padelhaus<\/title>\n<meta name=\"description\" content=\"Padelmailat ja padelvarusteet edullisesti. Padelhaus on padel verkkokauppa, josta l\u00f6yd\u00e4t parhaat padelmailat kaikille tasoille.\" \/>\n<meta name=\"robots\" content=\"noindex, follow, max-snippet:-1, max-image-preview:large, max-video-preview:-1\" \/>\n<meta property=\"og:locale\" content=\"fi_FI\" \/>\n<meta property=\"og:type\" content=\"article\" \/>\n<meta property=\"og:title\" content=\"Head Extreme One X 2025\" \/>\n<meta property=\"og:description\" content=\"Padelmailat ja padelvarusteet edullisesti. Padelhaus on padel verkkokauppa, josta l\u00f6yd\u00e4t parhaat padelmailat kaikille tasoille.\" \/>\n<meta property=\"og:url\" content=\"https:\/\/padelhaus.mustlammas-dev.in\/fi\/kauppa\/head-extreme-one-x-2025\/\" \/>\n<meta property=\"og:site_name\" content=\"Test Padelhaus\" \/>\n<meta property=\"article:modified_time\" content=\"2026-03-05T16:43:47+00:00\" \/>\n<meta property=\"og:image\" content=\"https:\/\/padelhaus.lv\/wp-content\/uploads\/2025\/12\/61.webp\" \/>\n\t<meta property=\"og:image:width\" content=\"1000\" \/>\n\t<meta property=\"og:image:height\" content=\"1000\" \/>\n\t<meta property=\"og:image:type\" content=\"image\/webp\" \/>\n<meta name=\"twitter:card\" content=\"summary_large_image\" \/>\n<meta name=\"twitter:label1\" content=\"Hinta\" \/>\n\t<meta name=\"twitter:data1\" content=\"219,95&nbsp;&euro;\" \/>\n\t<meta name=\"twitter:label2\" content=\"Saatavuus\" \/>\n\t<meta name=\"twitter:data2\" content=\"J\u00e4lkitoimituksessa\" \/>\n<script type=\"application\/ld+json\" class=\"yoast-schema-graph\">{\"@context\":\"https:\/\/schema.org\",\"@graph\":[{\"@type\":[\"WebPage\",\"ItemPage\"],\"@id\":\"https:\/\/padelhaus.mustlammas-dev.in\/fi\/kauppa\/head-extreme-one-x-2025\/\",\"url\":\"https:\/\/padelhaus.mustlammas-dev.in\/fi\/kauppa\/head-extreme-one-x-2025\/\",\"name\":\"Head Extreme One X 2025 | Test Padelhaus\",\"isPartOf\":{\"@id\":\"https:\/\/padelhaus.mustlammas-dev.in\/fi\/#website\"},\"primaryImageOfPage\":{\"@id\":\"https:\/\/padelhaus.mustlammas-dev.in\/fi\/kauppa\/head-extreme-one-x-2025\/#primaryimage\"},\"image\":{\"@id\":\"https:\/\/padelhaus.mustlammas-dev.in\/fi\/kauppa\/head-extreme-one-x-2025\/#primaryimage\"},\"thumbnailUrl\":\"https:\/\/padelhaus.mustlammas-dev.in\/wp-content\/uploads\/2025\/12\/61.webp\",\"datePublished\":\"2025-12-11T13:28:09+00:00\",\"dateModified\":\"2026-03-05T16:43:47+00:00\",\"description\":\"Padelmailat ja padelvarusteet edullisesti. Padelhaus on padel verkkokauppa, josta l\u00f6yd\u00e4t parhaat padelmailat kaikille tasoille.\",\"breadcrumb\":{\"@id\":\"https:\/\/padelhaus.mustlammas-dev.in\/fi\/kauppa\/head-extreme-one-x-2025\/#breadcrumb\"},\"inLanguage\":\"fi\",\"potentialAction\":[{\"@type\":\"ReadAction\",\"target\":[\"https:\/\/padelhaus.mustlammas-dev.in\/fi\/kauppa\/head-extreme-one-x-2025\/\"]}]},{\"@type\":\"ImageObject\",\"inLanguage\":\"fi\",\"@id\":\"https:\/\/padelhaus.mustlammas-dev.in\/fi\/kauppa\/head-extreme-one-x-2025\/#primaryimage\",\"url\":\"https:\/\/padelhaus.mustlammas-dev.in\/wp-content\/uploads\/2025\/12\/61.webp\",\"contentUrl\":\"https:\/\/padelhaus.mustlammas-dev.in\/wp-content\/uploads\/2025\/12\/61.webp\",\"width\":1000,\"height\":1000},{\"@type\":\"BreadcrumbList\",\"@id\":\"https:\/\/padelhaus.mustlammas-dev.in\/fi\/kauppa\/head-extreme-one-x-2025\/#breadcrumb\",\"itemListElement\":[{\"@type\":\"ListItem\",\"position\":1,\"name\":\"Avaleht\",\"item\":\"https:\/\/padelhaus.fi\/\"},{\"@type\":\"ListItem\",\"position\":2,\"name\":\"Kauppa\",\"item\":\"https:\/\/padelhaus.fi\/kauppa\/\"},{\"@type\":\"ListItem\",\"position\":3,\"name\":\"Head Extreme One X 2025\"}]},{\"@type\":\"WebSite\",\"@id\":\"https:\/\/padelhaus.mustlammas-dev.in\/fi\/#website\",\"url\":\"https:\/\/padelhaus.mustlammas-dev.in\/fi\/\",\"name\":\"Claude Padelhaus\",\"description\":\"Sinu padelivarustuse kodu\",\"publisher\":{\"@id\":\"https:\/\/padelhaus.mustlammas-dev.in\/fi\/#organization\"},\"potentialAction\":[{\"@type\":\"SearchAction\",\"target\":{\"@type\":\"EntryPoint\",\"urlTemplate\":\"https:\/\/padelhaus.mustlammas-dev.in\/fi\/?s={search_term_string}\"},\"query-input\":{\"@type\":\"PropertyValueSpecification\",\"valueRequired\":true,\"valueName\":\"search_term_string\"}}],\"inLanguage\":\"fi\"},{\"@type\":\"Organization\",\"@id\":\"https:\/\/padelhaus.mustlammas-dev.in\/fi\/#organization\",\"name\":\"Claude Padelhaus\",\"url\":\"https:\/\/padelhaus.mustlammas-dev.in\/fi\/\",\"logo\":{\"@type\":\"ImageObject\",\"inLanguage\":\"fi\",\"@id\":\"https:\/\/padelhaus.mustlammas-dev.in\/fi\/#\/schema\/logo\/image\/\",\"url\":\"https:\/\/padelhaus.mustlammas-dev.in\/wp-content\/uploads\/2025\/05\/Logo-1.png\",\"contentUrl\":\"https:\/\/padelhaus.mustlammas-dev.in\/wp-content\/uploads\/2025\/05\/Logo-1.png\",\"width\":280,\"height\":115,\"caption\":\"Claude Padelhaus\"},\"image\":{\"@id\":\"https:\/\/padelhaus.mustlammas-dev.in\/fi\/#\/schema\/logo\/image\/\"}}]}<\/script>\n<meta property=\"product:price:amount\" content=\"219.95\" \/>\n<meta property=\"product:price:currency\" content=\"EUR\" \/>\n<meta property=\"og:availability\" content=\"backorder\" \/>\n<meta property=\"product:availability\" content=\"available for order\" \/>\n<meta property=\"product:retailer_item_id\" content=\"HEA-R-29\" \/>\n<meta property=\"product:condition\" content=\"new\" \/>\n<!-- \/ Yoast SEO Premium plugin. -->","yoast_head_json":{"title":"Head Extreme One X 2025 | Test Padelhaus","description":"Padelmailat ja padelvarusteet edullisesti. Padelhaus on padel verkkokauppa, josta l\u00f6yd\u00e4t parhaat padelmailat kaikille tasoille.","robots":{"index":"noindex","follow":"follow","max-snippet":"max-snippet:-1","max-image-preview":"max-image-preview:large","max-video-preview":"max-video-preview:-1"},"og_locale":"fi_FI","og_type":"article","og_title":"Head Extreme One X 2025","og_description":"Padelmailat ja padelvarusteet edullisesti. Padelhaus on padel verkkokauppa, josta l\u00f6yd\u00e4t parhaat padelmailat kaikille tasoille.","og_url":"https:\/\/padelhaus.mustlammas-dev.in\/fi\/kauppa\/head-extreme-one-x-2025\/","og_site_name":"Test Padelhaus","article_modified_time":"2026-03-05T16:43:47+00:00","og_image":[{"width":1000,"height":1000,"url":"https:\/\/padelhaus.lv\/wp-content\/uploads\/2025\/12\/61.webp","type":"image\/webp"}],"twitter_card":"summary_large_image","twitter_misc":{"Hinta":"219,95&nbsp;&euro;","Saatavuus":"J\u00e4lkitoimituksessa"},"schema":{"@context":"https:\/\/schema.org","@graph":[{"@type":["WebPage","ItemPage"],"@id":"https:\/\/padelhaus.mustlammas-dev.in\/fi\/kauppa\/head-extreme-one-x-2025\/","url":"https:\/\/padelhaus.mustlammas-dev.in\/fi\/kauppa\/head-extreme-one-x-2025\/","name":"Head Extreme One X 2025 | Test Padelhaus","isPartOf":{"@id":"https:\/\/padelhaus.mustlammas-dev.in\/fi\/#website"},"primaryImageOfPage":{"@id":"https:\/\/padelhaus.mustlammas-dev.in\/fi\/kauppa\/head-extreme-one-x-2025\/#primaryimage"},"image":{"@id":"https:\/\/padelhaus.mustlammas-dev.in\/fi\/kauppa\/head-extreme-one-x-2025\/#primaryimage"},"thumbnailUrl":"https:\/\/padelhaus.mustlammas-dev.in\/wp-content\/uploads\/2025\/12\/61.webp","datePublished":"2025-12-11T13:28:09+00:00","dateModified":"2026-03-05T16:43:47+00:00","description":"Padelmailat ja padelvarusteet edullisesti. Padelhaus on padel verkkokauppa, josta l\u00f6yd\u00e4t parhaat padelmailat kaikille tasoille.","breadcrumb":{"@id":"https:\/\/padelhaus.mustlammas-dev.in\/fi\/kauppa\/head-extreme-one-x-2025\/#breadcrumb"},"inLanguage":"fi","potentialAction":[{"@type":"ReadAction","target":["https:\/\/padelhaus.mustlammas-dev.in\/fi\/kauppa\/head-extreme-one-x-2025\/"]}]},{"@type":"ImageObject","inLanguage":"fi","@id":"https:\/\/padelhaus.mustlammas-dev.in\/fi\/kauppa\/head-extreme-one-x-2025\/#primaryimage","url":"https:\/\/padelhaus.mustlammas-dev.in\/wp-content\/uploads\/2025\/12\/61.webp","contentUrl":"https:\/\/padelhaus.mustlammas-dev.in\/wp-content\/uploads\/2025\/12\/61.webp","width":1000,"height":1000},{"@type":"BreadcrumbList","@id":"https:\/\/padelhaus.mustlammas-dev.in\/fi\/kauppa\/head-extreme-one-x-2025\/#breadcrumb","itemListElement":[{"@type":"ListItem","position":1,"name":"Avaleht","item":"https:\/\/padelhaus.fi\/"},{"@type":"ListItem","position":2,"name":"Kauppa","item":"https:\/\/padelhaus.fi\/kauppa\/"},{"@type":"ListItem","position":3,"name":"Head Extreme One X 2025"}]},{"@type":"WebSite","@id":"https:\/\/padelhaus.mustlammas-dev.in\/fi\/#website","url":"https:\/\/padelhaus.mustlammas-dev.in\/fi\/","name":"Claude Padelhaus","description":"Sinu padelivarustuse kodu","publisher":{"@id":"https:\/\/padelhaus.mustlammas-dev.in\/fi\/#organization"},"potentialAction":[{"@type":"SearchAction","target":{"@type":"EntryPoint","urlTemplate":"https:\/\/padelhaus.mustlammas-dev.in\/fi\/?s={search_term_string}"},"query-input":{"@type":"PropertyValueSpecification","valueRequired":true,"valueName":"search_term_string"}}],"inLanguage":"fi"},{"@type":"Organization","@id":"https:\/\/padelhaus.mustlammas-dev.in\/fi\/#organization","name":"Claude Padelhaus","url":"https:\/\/padelhaus.mustlammas-dev.in\/fi\/","logo":{"@type":"ImageObject","inLanguage":"fi","@id":"https:\/\/padelhaus.mustlammas-dev.in\/fi\/#\/schema\/logo\/image\/","url":"https:\/\/padelhaus.mustlammas-dev.in\/wp-content\/uploads\/2025\/05\/Logo-1.png","contentUrl":"https:\/\/padelhaus.mustlammas-dev.in\/wp-content\/uploads\/2025\/05\/Logo-1.png","width":280,"height":115,"caption":"Claude Padelhaus"},"image":{"@id":"https:\/\/padelhaus.mustlammas-dev.in\/fi\/#\/schema\/logo\/image\/"}}]},"product_price_amount":"219.95","product_price_currency":"EUR","og_availability":"backorder","product_availability":"available for order","product_retailer_item_id":"HEA-R-29","product_condition":"new"},"_links":{"self":[{"href":"https:\/\/padelhaus.mustlammas-dev.in\/fi\/wp-json\/wp\/v2\/product\/72780","targetHints":{"allow":["GET"]}}],"collection":[{"href":"https:\/\/padelhaus.mustlammas-dev.in\/fi\/wp-json\/wp\/v2\/product"}],"about":[{"href":"https:\/\/padelhaus.mustlammas-dev.in\/fi\/wp-json\/wp\/v2\/types\/product"}],"replies":[{"embeddable":true,"href":"https:\/\/padelhaus.mustlammas-dev.in\/fi\/wp-json\/wp\/v2\/comments?post=72780"}],"wp:featuredmedia":[{"embeddable":true,"href":"https:\/\/padelhaus.mustlammas-dev.in\/fi\/wp-json\/wp\/v2\/media\/72785"}],"wp:attachment":[{"href":"https:\/\/padelhaus.mustlammas-dev.in\/fi\/wp-json\/wp\/v2\/media?parent=72780"}],"wp:term":[{"taxonomy":"product_brand","embeddable":true,"href":"https:\/\/padelhaus.mustlammas-dev.in\/fi\/wp-json\/wp\/v2\/product_brand?post=72780"},{"taxonomy":"product_cat","embeddable":true,"href":"https:\/\/padelhaus.mustlammas-dev.in\/fi\/wp-json\/wp\/v2\/product_cat?post=72780"},{"taxonomy":"product_tag","embeddable":true,"href":"https:\/\/padelhaus.mustlammas-dev.in\/fi\/wp-json\/wp\/v2\/product_tag?post=72780"}],"curies":[{"name":"wp","href":"https:\/\/api.w.org\/{rel}","templated":true}]}}