{"id":72786,"date":"2025-12-11T15:33:58","date_gmt":"2025-12-11T13:33:58","guid":{"rendered":"https:\/\/padelhaus.mustlammas-dev.in\/pood\/head-extreme-one-2025\/"},"modified":"2026-03-05T18:43:46","modified_gmt":"2026-03-05T16:43:46","slug":"head-extreme-one-2025","status":"publish","type":"product","link":"https:\/\/padelhaus.mustlammas-dev.in\/fi\/kauppa\/head-extreme-one-2025\/","title":{"rendered":"Head Extreme One 2025"},"content":{"rendered":"<p data-start=\"64\" data-end=\"89\"><strong data-start=\"64\" data-end=\"89\">Head Extreme One 2025<\/strong><\/p>\n<p data-start=\"91\" data-end=\"569\">Head Extreme One 2025 on p\u00e4ivitetty versio, joka tarjoaa r\u00e4j\u00e4hdysm\u00e4isemm\u00e4n, tarkemman ja modernimman pelikokemuksen. S\u00e4ilytt\u00e4en alkuper\u00e4isen muotonsa, joka on edistyneiden ja ammattilaispelaajien suosikki, t\u00e4m\u00e4 maila kehittyy t\u00e4ysin uudella muotoilulla, joka vahvistaa Extreme-sarjan identiteetti\u00e4. Sen aggressiivinen estetiikka, huippuluokan materiaalit ja suorituskykyyn keskittyv\u00e4 rakenne tekev\u00e4t siit\u00e4 ihanteellisen valinnan niille, jotka etsiv\u00e4t maksimaalista voimaa kontrollia menett\u00e4m\u00e4tt\u00e4.  <\/p>\n<h5 data-start=\"571\" data-end=\"613\">Parempi tuntuma ja ylivertainen suorituskyky<\/h5>\n<p data-start=\"615\" data-end=\"1087\">T\u00e4m\u00e4 uusi painos panostaa varmempaan, vakaampaan ja mukavampaan pelattavuuteen. Power Foam- ja Soft Cap+ -vaimennusteknologioiden yhdistelm\u00e4n ansiosta ly\u00f6ntituntuma on mukavampi, jolloin palloon saa vauhtia v\u00e4hemm\u00e4ll\u00e4 vaivalla. 272 mm (korkea) painopiste suosii hy\u00f6kk\u00e4\u00e4v\u00e4\u00e4 peli\u00e4 ja on ihanteellinen voimakkaisiin smasheihin, syviin viboroihin ja aggressiivisiin volley-ly\u00f6nteihin. Kaiken kaikkiaan Extreme One 2025 on suunniteltu hallitsemaan hy\u00f6kk\u00e4yst\u00e4 erinomaisella ketteryydell\u00e4.   <\/p>\n<h5 data-start=\"1089\" data-end=\"1126\">T\u00e4rkeimm\u00e4t teknologiat ja ominaisuudet<\/h5>\n<ul>\n<li data-start=\"1130\" data-end=\"1236\"><strong data-start=\"1130\" data-end=\"1146\">Auxetic 2.0:<\/strong> Parantaa rakenteellista vastetta jokaisessa ly\u00f6nniss\u00e4 tarjoten lis\u00e4\u00e4 voimaa ja luonnollisen tuntuman<\/li>\n<li data-start=\"1239\" data-end=\"1320\"><strong data-start=\"1239\" data-end=\"1261\">Uusi reik\u00e4kuvio:<\/strong> Suurentaa <strong data-start=\"1272\" data-end=\"1288\">sweet spotia<\/strong> ja optimoi pallon l\u00e4ht\u00f6nopeuden<\/li>\n<li data-start=\"1323\" data-end=\"1388\"><strong data-start=\"1323\" data-end=\"1341\">Uusi karhea pinta:<\/strong> Tarjoaa lis\u00e4kierrett\u00e4 yl\u00e4kierre- ja leikkausly\u00f6nteihin<\/li>\n<li data-start=\"1391\" data-end=\"1461\"><strong data-start=\"1391\" data-end=\"1411\">Uusi 12k-hiilikuitu:<\/strong> Lis\u00e4\u00e4 j\u00e4ykkyytt\u00e4, voimaa ja kest\u00e4vyytt\u00e4 jokaiseen ly\u00f6ntiin<\/li>\n<li data-start=\"1464\" data-end=\"1529\"><strong data-start=\"1464\" data-end=\"1479\">Power Foam:<\/strong> Paras tasapaino voiman, kontrollin ja mukavuuden v\u00e4lill\u00e4<\/li>\n<li data-start=\"1532\" data-end=\"1608\"><strong data-start=\"1532\" data-end=\"1557\">Timantin muoto:<\/strong> Suunniteltu maksimoimaan energia hy\u00f6kk\u00e4\u00e4viss\u00e4 ly\u00f6nneiss\u00e4<\/li>\n<li data-start=\"1611\" data-end=\"1676\"><strong data-start=\"1611\" data-end=\"1626\">Paino 350 g:<\/strong> T\u00e4ydellinen tasapaino voiman ja ketteryyden v\u00e4lill\u00e4<\/li>\n<li data-start=\"1679\" data-end=\"1742\"><strong data-start=\"1679\" data-end=\"1693\">Soft Cap+:<\/strong> Vaimentaa t\u00e4rin\u00e4\u00e4 ja parantaa pelimukavuutta<\/li>\n<\/ul>\n<h5 data-start=\"733\" data-end=\"861\">Tekniset tiedot<\/h5>\n<ul>\n<li data-start=\"39\" data-end=\"56\"><strong data-start=\"39\" data-end=\"49\">Tuotemerkki:<\/strong> Head<\/li>\n<li data-start=\"59\" data-end=\"85\"><strong data-start=\"59\" data-end=\"69\">Tuote:<\/strong> Padelmailat<\/li>\n<li data-start=\"88\" data-end=\"109\"><strong data-start=\"88\" data-end=\"101\">Painopiste:<\/strong> Korkea<\/li>\n<li data-start=\"112\" data-end=\"138\"><strong data-start=\"112\" data-end=\"124\">Ydin:<\/strong> Vaahto (Foam)<\/li>\n<li data-start=\"141\" data-end=\"191\"><strong data-start=\"141\" data-end=\"159\">Pintamateriaali:<\/strong> 12k-hiilikuitu (Carbon Face)<\/li>\n<li data-start=\"194\" data-end=\"225\"><strong data-start=\"194\" data-end=\"206\">Muoto:<\/strong> Vakio<\/li>\n<li data-start=\"228\" data-end=\"268\"><strong data-start=\"228\" data-end=\"242\">Pelitaso:<\/strong> Edistynyt \/ Kilpapelaaja<\/li>\n<li data-start=\"271\" data-end=\"313\"><strong data-start=\"271\" data-end=\"286\">Viimeistely:<\/strong> Rugosa (karhea viimeistely)<\/li>\n<li data-start=\"316\" data-end=\"340\"><strong data-start=\"316\" data-end=\"325\">Muoto:<\/strong> Timantti<\/li>\n<li data-start=\"343\" data-end=\"384\"><strong data-start=\"343\" data-end=\"358\">Pinnan tyyppi:<\/strong> Karhea pinta (Rough Surface)<\/li>\n<\/ul>\n","protected":false},"excerpt":{"rendered":"<p>Head Extreme One 2025 Head Extreme One 2025 on p\u00e4ivitetty versio, joka tarjoaa r\u00e4j\u00e4hdysm\u00e4isemm\u00e4n, tarkemman ja modernimman pelikokemuksen. S\u00e4ilytt\u00e4en alkuper\u00e4isen muotonsa, joka on edistyneiden ja ammattilaispelaajien suosikki, t\u00e4m\u00e4 maila kehittyy t\u00e4ysin uudella muotoilulla, joka vahvistaa Extreme-sarjan identiteetti\u00e4. Sen aggressiivinen estetiikka, huippuluokan materiaalit ja suorituskykyyn keskittyv\u00e4 rakenne tekev\u00e4t siit\u00e4 ihanteellisen valinnan niille, jotka etsiv\u00e4t maksimaalista voimaa [&hellip;]<\/p>\n","protected":false},"featured_media":72792,"comment_status":"open","ping_status":"closed","template":"","meta":{"_eb_attr":""},"product_brand":[509],"product_cat":[510,495,494],"product_tag":[],"class_list":{"0":"post-72786","1":"product","2":"type-product","3":"status-publish","4":"has-post-thumbnail","6":"product_brand-head","7":"product_cat-head","8":"product_cat-keskitaso","9":"product_cat-padelmailat","10":"pa_kaal-350g","11":"pa_kuju-timantti","12":"pa_mangustiil-hyokkaava","13":"pa_tasakaal-ylhaalla","14":"pa_tase-keskitaso","15":"pa_varv-musta","18":"first","19":"onbackorder","20":"sale","21":"taxable","22":"shipping-taxable","23":"purchasable","24":"product-type-simple"},"yoast_head":"<!-- This site is optimized with the Yoast SEO Premium plugin v27.1 (Yoast SEO v27.1.1) - https:\/\/yoast.com\/product\/yoast-seo-premium-wordpress\/ -->\n<title>Head Extreme One 2025 | Test Padelhaus<\/title>\n<meta name=\"description\" content=\"Padelmailat ja padelvarusteet edullisesti. Padelhaus on padel verkkokauppa, josta l\u00f6yd\u00e4t parhaat padelmailat kaikille tasoille.\" \/>\n<meta name=\"robots\" content=\"noindex, follow, max-snippet:-1, max-image-preview:large, max-video-preview:-1\" \/>\n<meta property=\"og:locale\" content=\"fi_FI\" \/>\n<meta property=\"og:type\" content=\"article\" \/>\n<meta property=\"og:title\" content=\"Head Extreme One 2025\" \/>\n<meta property=\"og:description\" content=\"Padelmailat ja padelvarusteet edullisesti. Padelhaus on padel verkkokauppa, josta l\u00f6yd\u00e4t parhaat padelmailat kaikille tasoille.\" \/>\n<meta property=\"og:url\" content=\"https:\/\/padelhaus.mustlammas-dev.in\/fi\/kauppa\/head-extreme-one-2025\/\" \/>\n<meta property=\"og:site_name\" content=\"Test Padelhaus\" \/>\n<meta property=\"article:modified_time\" content=\"2026-03-05T16:43:46+00:00\" \/>\n<meta property=\"og:image\" content=\"https:\/\/padelhaus.lv\/wp-content\/uploads\/2025\/12\/65.webp\" \/>\n\t<meta property=\"og:image:width\" content=\"1000\" \/>\n\t<meta property=\"og:image:height\" content=\"1000\" \/>\n\t<meta property=\"og:image:type\" content=\"image\/webp\" \/>\n<meta name=\"twitter:card\" content=\"summary_large_image\" \/>\n<meta name=\"twitter:label1\" content=\"Hinta\" \/>\n\t<meta name=\"twitter:data1\" content=\"209,95&nbsp;&euro;\" \/>\n\t<meta name=\"twitter:label2\" content=\"Saatavuus\" \/>\n\t<meta name=\"twitter:data2\" content=\"J\u00e4lkitoimituksessa\" \/>\n<script type=\"application\/ld+json\" class=\"yoast-schema-graph\">{\"@context\":\"https:\/\/schema.org\",\"@graph\":[{\"@type\":[\"WebPage\",\"ItemPage\"],\"@id\":\"https:\/\/padelhaus.mustlammas-dev.in\/fi\/kauppa\/head-extreme-one-2025\/\",\"url\":\"https:\/\/padelhaus.mustlammas-dev.in\/fi\/kauppa\/head-extreme-one-2025\/\",\"name\":\"Head Extreme One 2025 | Test Padelhaus\",\"isPartOf\":{\"@id\":\"https:\/\/padelhaus.mustlammas-dev.in\/fi\/#website\"},\"primaryImageOfPage\":{\"@id\":\"https:\/\/padelhaus.mustlammas-dev.in\/fi\/kauppa\/head-extreme-one-2025\/#primaryimage\"},\"image\":{\"@id\":\"https:\/\/padelhaus.mustlammas-dev.in\/fi\/kauppa\/head-extreme-one-2025\/#primaryimage\"},\"thumbnailUrl\":\"https:\/\/padelhaus.mustlammas-dev.in\/wp-content\/uploads\/2025\/12\/65.webp\",\"datePublished\":\"2025-12-11T13:33:58+00:00\",\"dateModified\":\"2026-03-05T16:43:46+00:00\",\"description\":\"Padelmailat ja padelvarusteet edullisesti. Padelhaus on padel verkkokauppa, josta l\u00f6yd\u00e4t parhaat padelmailat kaikille tasoille.\",\"breadcrumb\":{\"@id\":\"https:\/\/padelhaus.mustlammas-dev.in\/fi\/kauppa\/head-extreme-one-2025\/#breadcrumb\"},\"inLanguage\":\"fi\",\"potentialAction\":[{\"@type\":\"ReadAction\",\"target\":[\"https:\/\/padelhaus.mustlammas-dev.in\/fi\/kauppa\/head-extreme-one-2025\/\"]}]},{\"@type\":\"ImageObject\",\"inLanguage\":\"fi\",\"@id\":\"https:\/\/padelhaus.mustlammas-dev.in\/fi\/kauppa\/head-extreme-one-2025\/#primaryimage\",\"url\":\"https:\/\/padelhaus.mustlammas-dev.in\/wp-content\/uploads\/2025\/12\/65.webp\",\"contentUrl\":\"https:\/\/padelhaus.mustlammas-dev.in\/wp-content\/uploads\/2025\/12\/65.webp\",\"width\":1000,\"height\":1000},{\"@type\":\"BreadcrumbList\",\"@id\":\"https:\/\/padelhaus.mustlammas-dev.in\/fi\/kauppa\/head-extreme-one-2025\/#breadcrumb\",\"itemListElement\":[{\"@type\":\"ListItem\",\"position\":1,\"name\":\"Avaleht\",\"item\":\"https:\/\/padelhaus.fi\/\"},{\"@type\":\"ListItem\",\"position\":2,\"name\":\"Kauppa\",\"item\":\"https:\/\/padelhaus.fi\/kauppa\/\"},{\"@type\":\"ListItem\",\"position\":3,\"name\":\"Head Extreme One 2025\"}]},{\"@type\":\"WebSite\",\"@id\":\"https:\/\/padelhaus.mustlammas-dev.in\/fi\/#website\",\"url\":\"https:\/\/padelhaus.mustlammas-dev.in\/fi\/\",\"name\":\"Claude Padelhaus\",\"description\":\"Sinu padelivarustuse kodu\",\"publisher\":{\"@id\":\"https:\/\/padelhaus.mustlammas-dev.in\/fi\/#organization\"},\"potentialAction\":[{\"@type\":\"SearchAction\",\"target\":{\"@type\":\"EntryPoint\",\"urlTemplate\":\"https:\/\/padelhaus.mustlammas-dev.in\/fi\/?s={search_term_string}\"},\"query-input\":{\"@type\":\"PropertyValueSpecification\",\"valueRequired\":true,\"valueName\":\"search_term_string\"}}],\"inLanguage\":\"fi\"},{\"@type\":\"Organization\",\"@id\":\"https:\/\/padelhaus.mustlammas-dev.in\/fi\/#organization\",\"name\":\"Claude Padelhaus\",\"url\":\"https:\/\/padelhaus.mustlammas-dev.in\/fi\/\",\"logo\":{\"@type\":\"ImageObject\",\"inLanguage\":\"fi\",\"@id\":\"https:\/\/padelhaus.mustlammas-dev.in\/fi\/#\/schema\/logo\/image\/\",\"url\":\"https:\/\/padelhaus.mustlammas-dev.in\/wp-content\/uploads\/2025\/05\/Logo-1.png\",\"contentUrl\":\"https:\/\/padelhaus.mustlammas-dev.in\/wp-content\/uploads\/2025\/05\/Logo-1.png\",\"width\":280,\"height\":115,\"caption\":\"Claude Padelhaus\"},\"image\":{\"@id\":\"https:\/\/padelhaus.mustlammas-dev.in\/fi\/#\/schema\/logo\/image\/\"}}]}<\/script>\n<meta property=\"product:price:amount\" content=\"209.95\" \/>\n<meta property=\"product:price:currency\" content=\"EUR\" \/>\n<meta property=\"og:availability\" content=\"backorder\" \/>\n<meta property=\"product:availability\" content=\"available for order\" \/>\n<meta property=\"product:retailer_item_id\" content=\"HEA-R-30\" \/>\n<meta property=\"product:condition\" content=\"new\" \/>\n<!-- \/ Yoast SEO Premium plugin. -->","yoast_head_json":{"title":"Head Extreme One 2025 | Test Padelhaus","description":"Padelmailat ja padelvarusteet edullisesti. Padelhaus on padel verkkokauppa, josta l\u00f6yd\u00e4t parhaat padelmailat kaikille tasoille.","robots":{"index":"noindex","follow":"follow","max-snippet":"max-snippet:-1","max-image-preview":"max-image-preview:large","max-video-preview":"max-video-preview:-1"},"og_locale":"fi_FI","og_type":"article","og_title":"Head Extreme One 2025","og_description":"Padelmailat ja padelvarusteet edullisesti. Padelhaus on padel verkkokauppa, josta l\u00f6yd\u00e4t parhaat padelmailat kaikille tasoille.","og_url":"https:\/\/padelhaus.mustlammas-dev.in\/fi\/kauppa\/head-extreme-one-2025\/","og_site_name":"Test Padelhaus","article_modified_time":"2026-03-05T16:43:46+00:00","og_image":[{"width":1000,"height":1000,"url":"https:\/\/padelhaus.lv\/wp-content\/uploads\/2025\/12\/65.webp","type":"image\/webp"}],"twitter_card":"summary_large_image","twitter_misc":{"Hinta":"209,95&nbsp;&euro;","Saatavuus":"J\u00e4lkitoimituksessa"},"schema":{"@context":"https:\/\/schema.org","@graph":[{"@type":["WebPage","ItemPage"],"@id":"https:\/\/padelhaus.mustlammas-dev.in\/fi\/kauppa\/head-extreme-one-2025\/","url":"https:\/\/padelhaus.mustlammas-dev.in\/fi\/kauppa\/head-extreme-one-2025\/","name":"Head Extreme One 2025 | Test Padelhaus","isPartOf":{"@id":"https:\/\/padelhaus.mustlammas-dev.in\/fi\/#website"},"primaryImageOfPage":{"@id":"https:\/\/padelhaus.mustlammas-dev.in\/fi\/kauppa\/head-extreme-one-2025\/#primaryimage"},"image":{"@id":"https:\/\/padelhaus.mustlammas-dev.in\/fi\/kauppa\/head-extreme-one-2025\/#primaryimage"},"thumbnailUrl":"https:\/\/padelhaus.mustlammas-dev.in\/wp-content\/uploads\/2025\/12\/65.webp","datePublished":"2025-12-11T13:33:58+00:00","dateModified":"2026-03-05T16:43:46+00:00","description":"Padelmailat ja padelvarusteet edullisesti. Padelhaus on padel verkkokauppa, josta l\u00f6yd\u00e4t parhaat padelmailat kaikille tasoille.","breadcrumb":{"@id":"https:\/\/padelhaus.mustlammas-dev.in\/fi\/kauppa\/head-extreme-one-2025\/#breadcrumb"},"inLanguage":"fi","potentialAction":[{"@type":"ReadAction","target":["https:\/\/padelhaus.mustlammas-dev.in\/fi\/kauppa\/head-extreme-one-2025\/"]}]},{"@type":"ImageObject","inLanguage":"fi","@id":"https:\/\/padelhaus.mustlammas-dev.in\/fi\/kauppa\/head-extreme-one-2025\/#primaryimage","url":"https:\/\/padelhaus.mustlammas-dev.in\/wp-content\/uploads\/2025\/12\/65.webp","contentUrl":"https:\/\/padelhaus.mustlammas-dev.in\/wp-content\/uploads\/2025\/12\/65.webp","width":1000,"height":1000},{"@type":"BreadcrumbList","@id":"https:\/\/padelhaus.mustlammas-dev.in\/fi\/kauppa\/head-extreme-one-2025\/#breadcrumb","itemListElement":[{"@type":"ListItem","position":1,"name":"Avaleht","item":"https:\/\/padelhaus.fi\/"},{"@type":"ListItem","position":2,"name":"Kauppa","item":"https:\/\/padelhaus.fi\/kauppa\/"},{"@type":"ListItem","position":3,"name":"Head Extreme One 2025"}]},{"@type":"WebSite","@id":"https:\/\/padelhaus.mustlammas-dev.in\/fi\/#website","url":"https:\/\/padelhaus.mustlammas-dev.in\/fi\/","name":"Claude Padelhaus","description":"Sinu padelivarustuse kodu","publisher":{"@id":"https:\/\/padelhaus.mustlammas-dev.in\/fi\/#organization"},"potentialAction":[{"@type":"SearchAction","target":{"@type":"EntryPoint","urlTemplate":"https:\/\/padelhaus.mustlammas-dev.in\/fi\/?s={search_term_string}"},"query-input":{"@type":"PropertyValueSpecification","valueRequired":true,"valueName":"search_term_string"}}],"inLanguage":"fi"},{"@type":"Organization","@id":"https:\/\/padelhaus.mustlammas-dev.in\/fi\/#organization","name":"Claude Padelhaus","url":"https:\/\/padelhaus.mustlammas-dev.in\/fi\/","logo":{"@type":"ImageObject","inLanguage":"fi","@id":"https:\/\/padelhaus.mustlammas-dev.in\/fi\/#\/schema\/logo\/image\/","url":"https:\/\/padelhaus.mustlammas-dev.in\/wp-content\/uploads\/2025\/05\/Logo-1.png","contentUrl":"https:\/\/padelhaus.mustlammas-dev.in\/wp-content\/uploads\/2025\/05\/Logo-1.png","width":280,"height":115,"caption":"Claude Padelhaus"},"image":{"@id":"https:\/\/padelhaus.mustlammas-dev.in\/fi\/#\/schema\/logo\/image\/"}}]},"product_price_amount":"209.95","product_price_currency":"EUR","og_availability":"backorder","product_availability":"available for order","product_retailer_item_id":"HEA-R-30","product_condition":"new"},"_links":{"self":[{"href":"https:\/\/padelhaus.mustlammas-dev.in\/fi\/wp-json\/wp\/v2\/product\/72786","targetHints":{"allow":["GET"]}}],"collection":[{"href":"https:\/\/padelhaus.mustlammas-dev.in\/fi\/wp-json\/wp\/v2\/product"}],"about":[{"href":"https:\/\/padelhaus.mustlammas-dev.in\/fi\/wp-json\/wp\/v2\/types\/product"}],"replies":[{"embeddable":true,"href":"https:\/\/padelhaus.mustlammas-dev.in\/fi\/wp-json\/wp\/v2\/comments?post=72786"}],"wp:featuredmedia":[{"embeddable":true,"href":"https:\/\/padelhaus.mustlammas-dev.in\/fi\/wp-json\/wp\/v2\/media\/72792"}],"wp:attachment":[{"href":"https:\/\/padelhaus.mustlammas-dev.in\/fi\/wp-json\/wp\/v2\/media?parent=72786"}],"wp:term":[{"taxonomy":"product_brand","embeddable":true,"href":"https:\/\/padelhaus.mustlammas-dev.in\/fi\/wp-json\/wp\/v2\/product_brand?post=72786"},{"taxonomy":"product_cat","embeddable":true,"href":"https:\/\/padelhaus.mustlammas-dev.in\/fi\/wp-json\/wp\/v2\/product_cat?post=72786"},{"taxonomy":"product_tag","embeddable":true,"href":"https:\/\/padelhaus.mustlammas-dev.in\/fi\/wp-json\/wp\/v2\/product_tag?post=72786"}],"curies":[{"name":"wp","href":"https:\/\/api.w.org\/{rel}","templated":true}]}}