{"id":72844,"date":"2025-12-11T14:39:08","date_gmt":"2025-12-11T12:39:08","guid":{"rendered":"https:\/\/padelhaus.mustlammas-dev.in\/pood\/adidas-arrow-hit-ctrl-2026\/"},"modified":"2026-03-10T02:05:35","modified_gmt":"2026-03-10T00:05:35","slug":"adidas-arrow-hit-ctrl-2026","status":"publish","type":"product","link":"https:\/\/padelhaus.mustlammas-dev.in\/fi\/kauppa\/adidas-arrow-hit-ctrl-2026\/","title":{"rendered":"Adidas Arrow Hit CTRL 2026"},"content":{"rendered":"<h4><b>Adidas Arrow Hit Ctrl 2026 \u2013 voiman ja tarkkuuden tasapaino<\/b><\/h4>\n<p>&nbsp;<\/p>\n<p class=\"p3\"><span class=\"s2\"><b>Adidas Arrow Hit Ctrl 2026<\/b><\/span> vie voiman ja kontrollin tasapainon uudelle tasolle. T\u00e4m\u00e4 maila on suunniteltu ammattilaistason pelaajille, joiden pelityyli on aggressiivinen, mutta vaatii samalla maksimaalista tarkkuutta. <span class=\"s2\"><b>Py\u00f6re\u00e4 muoto<\/b><\/span> ja <span class=\"s2\"><b>keskelle sijoitettu sweet spot<\/b><\/span> mahdollistavat hallitut hy\u00f6kk\u00e4ysly\u00f6nnit s\u00e4ilytt\u00e4en vakauden kaikissa tilanteissa.<\/p>\n<p class=\"p3\">Edistyksellisen rakenteen ja uusien teknologioiden ansiosta maila mahdollistaa suorituskyvyn mukauttamisen pelaajan tempon ja mieltymysten mukaan, auttaen viem\u00e4\u00e4n pelin seuraavalle tasolle.<\/p>\n<h4><b>Innovaatio ja mukautettava suorituskyky<\/b><\/h4>\n<p>&nbsp;<\/p>\n<p class=\"p3\">Arrow Hit Ctrl 2026 hy\u00f6dynt\u00e4\u00e4 Adidaksen uusimpia teknologioita, jotka takaavat tehokkaan, vakaan ja mukautettavan pelituntuman. <span class=\"s2\"><b>Keskitasapaino<\/b><\/span> yhdess\u00e4 <span class=\"s2\"><b>Intelligent Balance System (IBS)<\/b><\/span> -j\u00e4rjestelm\u00e4n kanssa mahdollistaa mailan painopisteen muuttamisen pelaajan tarpeiden mukaan.<\/p>\n<p class=\"p3\">Lis\u00e4ksi <span class=\"s2\"><b>Extra Power Grip<\/b><\/span> pident\u00e4\u00e4 kahvaa lis\u00e4ten inertiaa ja ly\u00f6ntivoimaa \u2013 erityisen hy\u00f6dyllinen hy\u00f6kk\u00e4ysly\u00f6nneiss\u00e4 ja kierteiden lis\u00e4\u00e4misess\u00e4.<\/p>\n<h4><b>T\u00e4rkeimm\u00e4t ominaisuudet ja teknologiat<\/b><\/h4>\n<ul>\n<li>\n<p class=\"p1\"><span class=\"s1\"><b>Muoto:<\/b><\/span> py\u00f6re\u00e4, keskelle sijoitettu sweet spot maksimaalista kontrollia varten<\/p>\n<\/li>\n<li>\n<p class=\"p1\"><span class=\"s1\"><b>Pelaajataso:<\/b><\/span> ammattilainen \/ intensiivinen peli<\/p>\n<\/li>\n<li>\n<p class=\"p1\"><span class=\"s1\"><b>Tasapaino:<\/b><\/span> keskitasapaino, s\u00e4\u00e4dett\u00e4viss\u00e4 IBS (Intelligent Balance System) -j\u00e4rjestelm\u00e4ll\u00e4<\/p>\n<\/li>\n<li>\n<p class=\"p1\"><span class=\"s1\"><b>Materiaali:<\/b><\/span> hiilikuitu rungossa ja pinnassa maksimaalista j\u00e4ykkyytt\u00e4 ja kest\u00e4vyytt\u00e4 varten<\/p>\n<\/li>\n<li>\n<p class=\"p1\"><span class=\"s1\"><b>Ydin:<\/b><\/span> EVA Soft Performance \u2013 parempi mukavuus ja tasapainoinen vaste<\/p>\n<\/li>\n<li>\n<p class=\"p1\"><span class=\"s1\"><b>ASC<\/b><\/span> \u2013 punottu muotoilu Adidas-logolla, joka lis\u00e4\u00e4 j\u00e4ykkyytt\u00e4 ja kontrollia<\/p>\n<\/li>\n<li>\n<p class=\"p1\"><span class=\"s1\"><b>Muscle Power System<\/b><\/span> \u2013 hiilikuiturivat syd\u00e4neosassa lis\u00e4\u00e4v\u00e4t kest\u00e4vyytt\u00e4 ja voimaa<\/p>\n<\/li>\n<li>\n<p class=\"p1\"><span class=\"s1\"><b>Power Groove<\/b><\/span> \u2013 vahvistettu profiili lis\u00e4\u00e4 rakenteellista j\u00e4ykkyytt\u00e4<\/p>\n<\/li>\n<li>\n<p class=\"p1\"><span class=\"s1\"><b>Extra Power Grip<\/b><\/span> \u2013 pidempi kahva suuremman inertian ja voiman saavuttamiseksi<\/p>\n<\/li>\n<li>\n<p class=\"p1\"><span class=\"s1\"><b>Spin Blade Decal<\/b><\/span> \u2013 teksturoitu pinta kierteiden lis\u00e4\u00e4miseen<\/p>\n<\/li>\n<li>\n<p class=\"p1\"><span class=\"s1\"><b>Smart Holes Curve<\/b><\/span> \u2013 optimoitu reikien sijoittelu tarkkuutta ja kest\u00e4vyytt\u00e4 varten<\/p>\n<\/li>\n<li>\n<p class=\"p1\"><span class=\"s1\"><b>Structural Reinforcement<\/b><\/span> \u2013 keh\u00e4n vahvistus v\u00e4\u00e4ntymisen est\u00e4miseksi<\/p>\n<\/li>\n<\/ul>\n<p>&nbsp;<\/p>\n","protected":false},"excerpt":{"rendered":"<p>Adidas Arrow Hit Ctrl 2026 \u2013 voiman ja tarkkuuden tasapaino &nbsp; Adidas Arrow Hit Ctrl 2026 vie voiman ja kontrollin tasapainon uudelle tasolle. T\u00e4m\u00e4 maila on suunniteltu ammattilaistason pelaajille, joiden pelityyli on aggressiivinen, mutta vaatii samalla maksimaalista tarkkuutta. Py\u00f6re\u00e4 muoto ja keskelle sijoitettu sweet spot mahdollistavat hallitut hy\u00f6kk\u00e4ysly\u00f6nnit s\u00e4ilytt\u00e4en vakauden kaikissa tilanteissa. Edistyksellisen rakenteen ja [&hellip;]<\/p>\n","protected":false},"featured_media":72855,"comment_status":"open","ping_status":"closed","template":"","meta":{"_eb_attr":""},"product_brand":[523],"product_cat":[524,496,494],"product_tag":[],"class_list":{"0":"post-72844","1":"product","2":"type-product","3":"status-publish","4":"has-post-thumbnail","6":"product_brand-adidas","7":"product_cat-adidas","8":"product_cat-edistynyt","9":"product_cat-padelmailat","10":"pa_kaal-360-375-g","11":"pa_kuju-pyorea","12":"pa_mangustiil-kontrolli","13":"pa_tasakaal-keskella","14":"pa_tase-edistynyt","15":"pa_varv-musta","16":"pa_varv-oranssi","19":"first","20":"onbackorder","21":"sale","22":"taxable","23":"shipping-taxable","24":"purchasable","25":"product-type-simple"},"yoast_head":"<!-- This site is optimized with the Yoast SEO Premium plugin v27.1 (Yoast SEO v27.1.1) - https:\/\/yoast.com\/product\/yoast-seo-premium-wordpress\/ -->\n<title>Adidas Arrow Hit CTRL 2026 | Test Padelhaus<\/title>\n<meta name=\"description\" content=\"Padelmailat ja padelvarusteet edullisesti. Padelhaus on padel verkkokauppa, josta l\u00f6yd\u00e4t parhaat padelmailat kaikille tasoille.\" \/>\n<meta name=\"robots\" content=\"noindex, follow, max-snippet:-1, max-image-preview:large, max-video-preview:-1\" \/>\n<meta property=\"og:locale\" content=\"fi_FI\" \/>\n<meta property=\"og:type\" content=\"article\" \/>\n<meta property=\"og:title\" content=\"Adidas Arrow Hit CTRL 2026\" \/>\n<meta property=\"og:description\" content=\"Padelmailat ja padelvarusteet edullisesti. Padelhaus on padel verkkokauppa, josta l\u00f6yd\u00e4t parhaat padelmailat kaikille tasoille.\" \/>\n<meta property=\"og:url\" content=\"https:\/\/padelhaus.mustlammas-dev.in\/fi\/kauppa\/adidas-arrow-hit-ctrl-2026\/\" \/>\n<meta property=\"og:site_name\" content=\"Test Padelhaus\" \/>\n<meta property=\"article:modified_time\" content=\"2026-03-10T00:05:35+00:00\" \/>\n<meta property=\"og:image\" content=\"https:\/\/padelhaus.lv\/wp-content\/uploads\/2025\/12\/41.webp\" \/>\n\t<meta property=\"og:image:width\" content=\"1000\" \/>\n\t<meta property=\"og:image:height\" content=\"1000\" \/>\n\t<meta property=\"og:image:type\" content=\"image\/webp\" \/>\n<meta name=\"twitter:card\" content=\"summary_large_image\" \/>\n<meta name=\"twitter:label1\" content=\"Hinta\" \/>\n\t<meta name=\"twitter:data1\" content=\"324,95&nbsp;&euro;\" \/>\n\t<meta name=\"twitter:label2\" content=\"Saatavuus\" \/>\n\t<meta name=\"twitter:data2\" content=\"J\u00e4lkitoimituksessa\" \/>\n<script type=\"application\/ld+json\" class=\"yoast-schema-graph\">{\"@context\":\"https:\/\/schema.org\",\"@graph\":[{\"@type\":[\"WebPage\",\"ItemPage\"],\"@id\":\"https:\/\/padelhaus.mustlammas-dev.in\/fi\/kauppa\/adidas-arrow-hit-ctrl-2026\/\",\"url\":\"https:\/\/padelhaus.mustlammas-dev.in\/fi\/kauppa\/adidas-arrow-hit-ctrl-2026\/\",\"name\":\"Adidas Arrow Hit CTRL 2026 | Test Padelhaus\",\"isPartOf\":{\"@id\":\"https:\/\/padelhaus.mustlammas-dev.in\/fi\/#website\"},\"primaryImageOfPage\":{\"@id\":\"https:\/\/padelhaus.mustlammas-dev.in\/fi\/kauppa\/adidas-arrow-hit-ctrl-2026\/#primaryimage\"},\"image\":{\"@id\":\"https:\/\/padelhaus.mustlammas-dev.in\/fi\/kauppa\/adidas-arrow-hit-ctrl-2026\/#primaryimage\"},\"thumbnailUrl\":\"https:\/\/padelhaus.mustlammas-dev.in\/wp-content\/uploads\/2025\/12\/41.webp\",\"datePublished\":\"2025-12-11T12:39:08+00:00\",\"dateModified\":\"2026-03-10T00:05:35+00:00\",\"description\":\"Padelmailat ja padelvarusteet edullisesti. Padelhaus on padel verkkokauppa, josta l\u00f6yd\u00e4t parhaat padelmailat kaikille tasoille.\",\"breadcrumb\":{\"@id\":\"https:\/\/padelhaus.mustlammas-dev.in\/fi\/kauppa\/adidas-arrow-hit-ctrl-2026\/#breadcrumb\"},\"inLanguage\":\"fi\",\"potentialAction\":[{\"@type\":\"ReadAction\",\"target\":[\"https:\/\/padelhaus.mustlammas-dev.in\/fi\/kauppa\/adidas-arrow-hit-ctrl-2026\/\"]}]},{\"@type\":\"ImageObject\",\"inLanguage\":\"fi\",\"@id\":\"https:\/\/padelhaus.mustlammas-dev.in\/fi\/kauppa\/adidas-arrow-hit-ctrl-2026\/#primaryimage\",\"url\":\"https:\/\/padelhaus.mustlammas-dev.in\/wp-content\/uploads\/2025\/12\/41.webp\",\"contentUrl\":\"https:\/\/padelhaus.mustlammas-dev.in\/wp-content\/uploads\/2025\/12\/41.webp\",\"width\":1000,\"height\":1000},{\"@type\":\"BreadcrumbList\",\"@id\":\"https:\/\/padelhaus.mustlammas-dev.in\/fi\/kauppa\/adidas-arrow-hit-ctrl-2026\/#breadcrumb\",\"itemListElement\":[{\"@type\":\"ListItem\",\"position\":1,\"name\":\"Avaleht\",\"item\":\"https:\/\/padelhaus.fi\/\"},{\"@type\":\"ListItem\",\"position\":2,\"name\":\"Kauppa\",\"item\":\"https:\/\/padelhaus.fi\/kauppa\/\"},{\"@type\":\"ListItem\",\"position\":3,\"name\":\"Adidas Arrow Hit CTRL 2026\"}]},{\"@type\":\"WebSite\",\"@id\":\"https:\/\/padelhaus.mustlammas-dev.in\/fi\/#website\",\"url\":\"https:\/\/padelhaus.mustlammas-dev.in\/fi\/\",\"name\":\"Claude Padelhaus\",\"description\":\"Sinu padelivarustuse kodu\",\"publisher\":{\"@id\":\"https:\/\/padelhaus.mustlammas-dev.in\/fi\/#organization\"},\"potentialAction\":[{\"@type\":\"SearchAction\",\"target\":{\"@type\":\"EntryPoint\",\"urlTemplate\":\"https:\/\/padelhaus.mustlammas-dev.in\/fi\/?s={search_term_string}\"},\"query-input\":{\"@type\":\"PropertyValueSpecification\",\"valueRequired\":true,\"valueName\":\"search_term_string\"}}],\"inLanguage\":\"fi\"},{\"@type\":\"Organization\",\"@id\":\"https:\/\/padelhaus.mustlammas-dev.in\/fi\/#organization\",\"name\":\"Claude Padelhaus\",\"url\":\"https:\/\/padelhaus.mustlammas-dev.in\/fi\/\",\"logo\":{\"@type\":\"ImageObject\",\"inLanguage\":\"fi\",\"@id\":\"https:\/\/padelhaus.mustlammas-dev.in\/fi\/#\/schema\/logo\/image\/\",\"url\":\"https:\/\/padelhaus.mustlammas-dev.in\/wp-content\/uploads\/2025\/05\/Logo-1.png\",\"contentUrl\":\"https:\/\/padelhaus.mustlammas-dev.in\/wp-content\/uploads\/2025\/05\/Logo-1.png\",\"width\":280,\"height\":115,\"caption\":\"Claude Padelhaus\"},\"image\":{\"@id\":\"https:\/\/padelhaus.mustlammas-dev.in\/fi\/#\/schema\/logo\/image\/\"}}]}<\/script>\n<meta property=\"product:price:amount\" content=\"324.95\" \/>\n<meta property=\"product:price:currency\" content=\"EUR\" \/>\n<meta property=\"og:availability\" content=\"backorder\" \/>\n<meta property=\"product:availability\" content=\"available for order\" \/>\n<meta property=\"product:retailer_item_id\" content=\"ADI-R-39\" \/>\n<meta property=\"product:condition\" content=\"new\" \/>\n<!-- \/ Yoast SEO Premium plugin. -->","yoast_head_json":{"title":"Adidas Arrow Hit CTRL 2026 | Test Padelhaus","description":"Padelmailat ja padelvarusteet edullisesti. Padelhaus on padel verkkokauppa, josta l\u00f6yd\u00e4t parhaat padelmailat kaikille tasoille.","robots":{"index":"noindex","follow":"follow","max-snippet":"max-snippet:-1","max-image-preview":"max-image-preview:large","max-video-preview":"max-video-preview:-1"},"og_locale":"fi_FI","og_type":"article","og_title":"Adidas Arrow Hit CTRL 2026","og_description":"Padelmailat ja padelvarusteet edullisesti. Padelhaus on padel verkkokauppa, josta l\u00f6yd\u00e4t parhaat padelmailat kaikille tasoille.","og_url":"https:\/\/padelhaus.mustlammas-dev.in\/fi\/kauppa\/adidas-arrow-hit-ctrl-2026\/","og_site_name":"Test Padelhaus","article_modified_time":"2026-03-10T00:05:35+00:00","og_image":[{"width":1000,"height":1000,"url":"https:\/\/padelhaus.lv\/wp-content\/uploads\/2025\/12\/41.webp","type":"image\/webp"}],"twitter_card":"summary_large_image","twitter_misc":{"Hinta":"324,95&nbsp;&euro;","Saatavuus":"J\u00e4lkitoimituksessa"},"schema":{"@context":"https:\/\/schema.org","@graph":[{"@type":["WebPage","ItemPage"],"@id":"https:\/\/padelhaus.mustlammas-dev.in\/fi\/kauppa\/adidas-arrow-hit-ctrl-2026\/","url":"https:\/\/padelhaus.mustlammas-dev.in\/fi\/kauppa\/adidas-arrow-hit-ctrl-2026\/","name":"Adidas Arrow Hit CTRL 2026 | Test Padelhaus","isPartOf":{"@id":"https:\/\/padelhaus.mustlammas-dev.in\/fi\/#website"},"primaryImageOfPage":{"@id":"https:\/\/padelhaus.mustlammas-dev.in\/fi\/kauppa\/adidas-arrow-hit-ctrl-2026\/#primaryimage"},"image":{"@id":"https:\/\/padelhaus.mustlammas-dev.in\/fi\/kauppa\/adidas-arrow-hit-ctrl-2026\/#primaryimage"},"thumbnailUrl":"https:\/\/padelhaus.mustlammas-dev.in\/wp-content\/uploads\/2025\/12\/41.webp","datePublished":"2025-12-11T12:39:08+00:00","dateModified":"2026-03-10T00:05:35+00:00","description":"Padelmailat ja padelvarusteet edullisesti. Padelhaus on padel verkkokauppa, josta l\u00f6yd\u00e4t parhaat padelmailat kaikille tasoille.","breadcrumb":{"@id":"https:\/\/padelhaus.mustlammas-dev.in\/fi\/kauppa\/adidas-arrow-hit-ctrl-2026\/#breadcrumb"},"inLanguage":"fi","potentialAction":[{"@type":"ReadAction","target":["https:\/\/padelhaus.mustlammas-dev.in\/fi\/kauppa\/adidas-arrow-hit-ctrl-2026\/"]}]},{"@type":"ImageObject","inLanguage":"fi","@id":"https:\/\/padelhaus.mustlammas-dev.in\/fi\/kauppa\/adidas-arrow-hit-ctrl-2026\/#primaryimage","url":"https:\/\/padelhaus.mustlammas-dev.in\/wp-content\/uploads\/2025\/12\/41.webp","contentUrl":"https:\/\/padelhaus.mustlammas-dev.in\/wp-content\/uploads\/2025\/12\/41.webp","width":1000,"height":1000},{"@type":"BreadcrumbList","@id":"https:\/\/padelhaus.mustlammas-dev.in\/fi\/kauppa\/adidas-arrow-hit-ctrl-2026\/#breadcrumb","itemListElement":[{"@type":"ListItem","position":1,"name":"Avaleht","item":"https:\/\/padelhaus.fi\/"},{"@type":"ListItem","position":2,"name":"Kauppa","item":"https:\/\/padelhaus.fi\/kauppa\/"},{"@type":"ListItem","position":3,"name":"Adidas Arrow Hit CTRL 2026"}]},{"@type":"WebSite","@id":"https:\/\/padelhaus.mustlammas-dev.in\/fi\/#website","url":"https:\/\/padelhaus.mustlammas-dev.in\/fi\/","name":"Claude Padelhaus","description":"Sinu padelivarustuse kodu","publisher":{"@id":"https:\/\/padelhaus.mustlammas-dev.in\/fi\/#organization"},"potentialAction":[{"@type":"SearchAction","target":{"@type":"EntryPoint","urlTemplate":"https:\/\/padelhaus.mustlammas-dev.in\/fi\/?s={search_term_string}"},"query-input":{"@type":"PropertyValueSpecification","valueRequired":true,"valueName":"search_term_string"}}],"inLanguage":"fi"},{"@type":"Organization","@id":"https:\/\/padelhaus.mustlammas-dev.in\/fi\/#organization","name":"Claude Padelhaus","url":"https:\/\/padelhaus.mustlammas-dev.in\/fi\/","logo":{"@type":"ImageObject","inLanguage":"fi","@id":"https:\/\/padelhaus.mustlammas-dev.in\/fi\/#\/schema\/logo\/image\/","url":"https:\/\/padelhaus.mustlammas-dev.in\/wp-content\/uploads\/2025\/05\/Logo-1.png","contentUrl":"https:\/\/padelhaus.mustlammas-dev.in\/wp-content\/uploads\/2025\/05\/Logo-1.png","width":280,"height":115,"caption":"Claude Padelhaus"},"image":{"@id":"https:\/\/padelhaus.mustlammas-dev.in\/fi\/#\/schema\/logo\/image\/"}}]},"product_price_amount":"324.95","product_price_currency":"EUR","og_availability":"backorder","product_availability":"available for order","product_retailer_item_id":"ADI-R-39","product_condition":"new"},"_links":{"self":[{"href":"https:\/\/padelhaus.mustlammas-dev.in\/fi\/wp-json\/wp\/v2\/product\/72844","targetHints":{"allow":["GET"]}}],"collection":[{"href":"https:\/\/padelhaus.mustlammas-dev.in\/fi\/wp-json\/wp\/v2\/product"}],"about":[{"href":"https:\/\/padelhaus.mustlammas-dev.in\/fi\/wp-json\/wp\/v2\/types\/product"}],"replies":[{"embeddable":true,"href":"https:\/\/padelhaus.mustlammas-dev.in\/fi\/wp-json\/wp\/v2\/comments?post=72844"}],"wp:featuredmedia":[{"embeddable":true,"href":"https:\/\/padelhaus.mustlammas-dev.in\/fi\/wp-json\/wp\/v2\/media\/72855"}],"wp:attachment":[{"href":"https:\/\/padelhaus.mustlammas-dev.in\/fi\/wp-json\/wp\/v2\/media?parent=72844"}],"wp:term":[{"taxonomy":"product_brand","embeddable":true,"href":"https:\/\/padelhaus.mustlammas-dev.in\/fi\/wp-json\/wp\/v2\/product_brand?post=72844"},{"taxonomy":"product_cat","embeddable":true,"href":"https:\/\/padelhaus.mustlammas-dev.in\/fi\/wp-json\/wp\/v2\/product_cat?post=72844"},{"taxonomy":"product_tag","embeddable":true,"href":"https:\/\/padelhaus.mustlammas-dev.in\/fi\/wp-json\/wp\/v2\/product_tag?post=72844"}],"curies":[{"name":"wp","href":"https:\/\/api.w.org\/{rel}","templated":true}]}}