{"id":66625,"date":"2025-12-11T15:33:58","date_gmt":"2025-12-11T13:33:58","guid":{"rendered":"https:\/\/padelhaus.mustlammas-dev.in\/?post_type=product&#038;p=66625"},"modified":"2026-03-05T17:06:50","modified_gmt":"2026-03-05T15:06:50","slug":"head-extreme-one-2025","status":"publish","type":"product","link":"https:\/\/padelhaus.mustlammas-dev.in\/lt\/parduotuve\/head-extreme-one-2025\/","title":{"rendered":"Head Extreme One 2025"},"content":{"rendered":"<p data-start=\"64\" data-end=\"89\"><strong data-start=\"64\" data-end=\"89\">Head Extreme One 2025<\/strong><\/p>\n<p data-start=\"91\" data-end=\"569\">\u201eHead Extreme One 2025\u201c yra atnaujinta versija, kuri si\u016blo sprogstamesn\u0119, tikslesn\u0119 ir modernesn\u0119 \u017eaidimo patirt\u012f. I\u0161laikydama savo pradin\u0119 form\u0105, kuri yra m\u0117gstama tarp pa\u017eengusi\u0173 ir profesionali\u0173 \u017eaid\u0117j\u0173, \u0161i raket\u0117 vystosi su visi\u0161kai nauju dizainu, kuris sustiprina \u201eExtreme\u201c serijos identitet\u0105. Jos agresyvi estetika, auk\u0161\u010diausios klas\u0117s med\u017eiagos ir \u012f na\u0161um\u0105 orientuota konstrukcija daro j\u0105 idealiu pasirinkimu tiems, kurie ie\u0161ko maksimalios galios neprarandant kontrol\u0117s.  <\/p>\n<h5 data-start=\"571\" data-end=\"613\">Patobulintas poj\u016btis ir auk\u0161\u010diausias na\u0161umas<\/h5>\n<p data-start=\"615\" data-end=\"1087\">\u0160is naujas leidimas prisideda prie tvirtesnio, stabilesnio ir patogesnio \u017eaidimo. D\u0117l \u201ePower Foam\u201c ir \u201eSoft Cap+\u201c amortizacijos technologij\u0173 derinio sm\u016bgio poj\u016btis yra patogesnis, leid\u017eiantis kamuoliukui \u012fgyti greit\u012f su ma\u017eiau pastang\u0173. 272 mm (auk\u0161tas) balansas skatina atakuojant\u012f \u017eaidim\u0105, idealiai tinka galingiems sm\u016bgiams, giliems kir\u010diams ir agresyviems vol\u0117jams. Apibendrinant, \u201eExtreme One 2025\u201c yra sukurta dominuoti puolime su puikiu manevringumu.   <\/p>\n<h5 data-start=\"1089\" data-end=\"1126\">Pagrindin\u0117s technologijos ir savyb\u0117s<\/h5>\n<ul>\n<li data-start=\"1130\" data-end=\"1236\"><strong data-start=\"1130\" data-end=\"1146\">Auxetic 2.0:<\/strong> Pagerina strukt\u016brin\u012f atsak\u0105 kiekvienam sm\u016bgiui, suteikdama daugiau galios ir nat\u016bral\u0173 poj\u016bt\u012f<\/li>\n<li data-start=\"1239\" data-end=\"1320\"><strong data-start=\"1239\" data-end=\"1261\">Naujas skyli\u0173 ra\u0161tas:<\/strong> Padidina <strong data-start=\"1272\" data-end=\"1288\">sweet spot\u2019\u0105<\/strong> ir optimizuoja kamuoliuko i\u0161\u0117jim\u0105<\/li>\n<li data-start=\"1323\" data-end=\"1388\"><strong data-start=\"1323\" data-end=\"1341\">Naujas \u0161iurk\u0161tus pavir\u0161ius:<\/strong> Suteikia papildomo sukimo topspinui ir kir\u010diams<\/li>\n<li data-start=\"1391\" data-end=\"1461\"><strong data-start=\"1391\" data-end=\"1411\">Naujas 12k anglies pluo\u0161tas:<\/strong> Didesnis standumas, galia ir ilgaam\u017ei\u0161kumas kiekvienam sm\u016bgiui<\/li>\n<li data-start=\"1464\" data-end=\"1529\"><strong data-start=\"1464\" data-end=\"1479\">Power Foam:<\/strong> Geriausia galios, kontrol\u0117s ir komforto pusiausvyra<\/li>\n<li data-start=\"1532\" data-end=\"1608\"><strong data-start=\"1532\" data-end=\"1557\">Deimanto formos galva:<\/strong> Sukurta maksimaliai padidinti energij\u0105 atakuojantiems sm\u016bgiams<\/li>\n<li data-start=\"1611\" data-end=\"1676\"><strong data-start=\"1611\" data-end=\"1626\">Svoris 350 g:<\/strong> Tobula galios ir manevringumo pusiausvyra<\/li>\n<li data-start=\"1679\" data-end=\"1742\"><strong data-start=\"1679\" data-end=\"1693\">Soft Cap+:<\/strong> Sugeria vibracijas ir pagerina \u017eaidimo komfort\u0105<\/li>\n<\/ul>\n<h5 data-start=\"733\" data-end=\"861\">Specifikacijos<\/h5>\n<ul>\n<li data-start=\"39\" data-end=\"56\"><strong data-start=\"39\" data-end=\"49\">Prek\u0117s \u017eenklas:<\/strong> Head<\/li>\n<li data-start=\"59\" data-end=\"85\"><strong data-start=\"59\" data-end=\"69\">Produktas:<\/strong> Padeli\u0173 raket\u0117s<\/li>\n<li data-start=\"88\" data-end=\"109\"><strong data-start=\"88\" data-end=\"101\">Balansas:<\/strong> Auk\u0161tas<\/li>\n<li data-start=\"112\" data-end=\"138\"><strong data-start=\"112\" data-end=\"124\">\u0160erdis:<\/strong> Putplastis (Foam)<\/li>\n<li data-start=\"141\" data-end=\"191\"><strong data-start=\"141\" data-end=\"159\">Pavir\u0161iaus med\u017eiaga:<\/strong> 12k anglies pluo\u0161tas (Carbon Face)<\/li>\n<li data-start=\"194\" data-end=\"225\"><strong data-start=\"194\" data-end=\"206\">Forma:<\/strong> \u012eprasta forma<\/li>\n<li data-start=\"228\" data-end=\"268\"><strong data-start=\"228\" data-end=\"242\">\u017daidimo lygis:<\/strong> Pa\u017eeng\u0119s \/ Var\u017eybos<\/li>\n<li data-start=\"271\" data-end=\"313\"><strong data-start=\"271\" data-end=\"286\">Apdaila:<\/strong> Rugosa (\u0161iurk\u0161ti apdaila)<\/li>\n<li data-start=\"316\" data-end=\"340\"><strong data-start=\"316\" data-end=\"325\">Forma:<\/strong> Deimanto forma<\/li>\n<li data-start=\"343\" data-end=\"384\"><strong data-start=\"343\" data-end=\"358\">Pavir\u0161iaus tipas:<\/strong> \u0160iurk\u0161tus pavir\u0161ius (Rough Surface)<\/li>\n<\/ul>\n","protected":false},"excerpt":{"rendered":"<p>Head Extreme One 2025 \u201eHead Extreme One 2025\u201c yra atnaujinta versija, kuri si\u016blo sprogstamesn\u0119, tikslesn\u0119 ir modernesn\u0119 \u017eaidimo patirt\u012f. I\u0161laikydama savo pradin\u0119 form\u0105, kuri yra m\u0117gstama tarp pa\u017eengusi\u0173 ir profesionali\u0173 \u017eaid\u0117j\u0173, \u0161i raket\u0117 vystosi su visi\u0161kai nauju dizainu, kuris sustiprina \u201eExtreme\u201c serijos identitet\u0105. Jos agresyvi estetika, auk\u0161\u010diausios klas\u0117s med\u017eiagos ir \u012f na\u0161um\u0105 orientuota konstrukcija daro [&hellip;]<\/p>\n","protected":false},"featured_media":72416,"comment_status":"open","ping_status":"closed","template":"","meta":{"_eb_attr":""},"product_brand":[326],"product_cat":[327,252,341],"product_tag":[],"class_list":{"0":"post-66625","1":"product","2":"type-product","3":"status-publish","4":"has-post-thumbnail","6":"product_brand-head","7":"product_cat-head","8":"product_cat-padelio-raketes","9":"product_cat-vidutinis-lygis","10":"pa_kaal-350g","11":"pa_kuju-deimantas","12":"pa_mangustiil-puolimas","13":"pa_tasakaal-virsuje","14":"pa_tase-vidutinis-lygis","15":"pa_varv-juoda","18":"first","19":"onbackorder","20":"sale","21":"taxable","22":"shipping-taxable","23":"purchasable","24":"product-type-simple"},"yoast_head":"<!-- This site is optimized with the Yoast SEO Premium plugin v27.1 (Yoast SEO v27.1.1) - https:\/\/yoast.com\/product\/yoast-seo-premium-wordpress\/ -->\n<title>Head Extreme One 2025 | Padelhaus<\/title>\n<meta name=\"description\" content=\"Ie\u0161kai naujos padelio raket\u0117s gera kaina? Padelhaus si\u016blo geriausi\u0105 padelio rake\u010di\u0173 pasirinkim\u0105 kiekvienam lygiui \u2013 tavo padelio parduotuv\u0117.\" \/>\n<meta name=\"robots\" content=\"noindex, follow, max-snippet:-1, max-image-preview:large, max-video-preview:-1\" \/>\n<meta property=\"og:locale\" content=\"lt_LT\" \/>\n<meta property=\"og:type\" content=\"article\" \/>\n<meta property=\"og:title\" content=\"Head Extreme One 2025\" \/>\n<meta property=\"og:description\" content=\"Ie\u0161kai naujos padelio raket\u0117s gera kaina? Padelhaus si\u016blo geriausi\u0105 padelio rake\u010di\u0173 pasirinkim\u0105 kiekvienam lygiui \u2013 tavo padelio parduotuv\u0117.\" \/>\n<meta property=\"og:url\" content=\"https:\/\/padelhaus.mustlammas-dev.in\/lt\/parduotuve\/head-extreme-one-2025\/\" \/>\n<meta property=\"og:site_name\" content=\"Padelhaus\" \/>\n<meta property=\"article:modified_time\" content=\"2026-03-05T15:06:50+00:00\" \/>\n<meta property=\"og:image\" content=\"https:\/\/padel-haus.lt\/wp-content\/uploads\/2025\/12\/65.webp\" \/>\n\t<meta property=\"og:image:width\" content=\"1000\" \/>\n\t<meta property=\"og:image:height\" content=\"1000\" \/>\n\t<meta property=\"og:image:type\" content=\"image\/webp\" \/>\n<meta name=\"twitter:card\" content=\"summary_large_image\" \/>\n<meta name=\"twitter:label1\" content=\"Price\" \/>\n\t<meta name=\"twitter:data1\" content=\"209,95&nbsp;&euro;\" \/>\n\t<meta name=\"twitter:label2\" content=\"Availability\" \/>\n\t<meta name=\"twitter:data2\" content=\"On backorder\" \/>\n<script type=\"application\/ld+json\" class=\"yoast-schema-graph\">{\"@context\":\"https:\/\/schema.org\",\"@graph\":[{\"@type\":[\"WebPage\",\"ItemPage\"],\"@id\":\"https:\/\/padelhaus.mustlammas-dev.in\/lt\/parduotuve\/head-extreme-one-2025\/\",\"url\":\"https:\/\/padelhaus.mustlammas-dev.in\/lt\/parduotuve\/head-extreme-one-2025\/\",\"name\":\"Head Extreme One 2025 | Padelhaus\",\"isPartOf\":{\"@id\":\"https:\/\/padelhaus.mustlammas-dev.in\/lt\/#website\"},\"primaryImageOfPage\":{\"@id\":\"https:\/\/padelhaus.mustlammas-dev.in\/lt\/parduotuve\/head-extreme-one-2025\/#primaryimage\"},\"image\":{\"@id\":\"https:\/\/padelhaus.mustlammas-dev.in\/lt\/parduotuve\/head-extreme-one-2025\/#primaryimage\"},\"thumbnailUrl\":\"https:\/\/padelhaus.mustlammas-dev.in\/wp-content\/uploads\/2025\/12\/65.webp\",\"datePublished\":\"2025-12-11T13:33:58+00:00\",\"dateModified\":\"2026-03-05T15:06:50+00:00\",\"description\":\"Ie\u0161kai naujos padelio raket\u0117s gera kaina? Padelhaus si\u016blo geriausi\u0105 padelio rake\u010di\u0173 pasirinkim\u0105 kiekvienam lygiui \u2013 tavo padelio parduotuv\u0117.\",\"breadcrumb\":{\"@id\":\"https:\/\/padelhaus.mustlammas-dev.in\/lt\/parduotuve\/head-extreme-one-2025\/#breadcrumb\"},\"inLanguage\":\"lt-LT\",\"potentialAction\":[{\"@type\":\"ReadAction\",\"target\":[\"https:\/\/padelhaus.mustlammas-dev.in\/lt\/parduotuve\/head-extreme-one-2025\/\"]}]},{\"@type\":\"ImageObject\",\"inLanguage\":\"lt-LT\",\"@id\":\"https:\/\/padelhaus.mustlammas-dev.in\/lt\/parduotuve\/head-extreme-one-2025\/#primaryimage\",\"url\":\"https:\/\/padelhaus.mustlammas-dev.in\/wp-content\/uploads\/2025\/12\/65.webp\",\"contentUrl\":\"https:\/\/padelhaus.mustlammas-dev.in\/wp-content\/uploads\/2025\/12\/65.webp\",\"width\":1000,\"height\":1000},{\"@type\":\"BreadcrumbList\",\"@id\":\"https:\/\/padelhaus.mustlammas-dev.in\/lt\/parduotuve\/head-extreme-one-2025\/#breadcrumb\",\"itemListElement\":[{\"@type\":\"ListItem\",\"position\":1,\"name\":\"Prad\u017eia\",\"item\":\"https:\/\/padel-haus.lt\/\"},{\"@type\":\"ListItem\",\"position\":2,\"name\":\"Parduotuv\u0117\",\"item\":\"https:\/\/padel-haus.lt\/parduotuve\/\"},{\"@type\":\"ListItem\",\"position\":3,\"name\":\"Head Extreme One 2025\"}]},{\"@type\":\"WebSite\",\"@id\":\"https:\/\/padelhaus.mustlammas-dev.in\/lt\/#website\",\"url\":\"https:\/\/padelhaus.mustlammas-dev.in\/lt\/\",\"name\":\"Claude Padelhaus\",\"description\":\"Sinu padelivarustuse kodu\",\"publisher\":{\"@id\":\"https:\/\/padelhaus.mustlammas-dev.in\/lt\/#organization\"},\"potentialAction\":[{\"@type\":\"SearchAction\",\"target\":{\"@type\":\"EntryPoint\",\"urlTemplate\":\"https:\/\/padelhaus.mustlammas-dev.in\/lt\/?s={search_term_string}\"},\"query-input\":{\"@type\":\"PropertyValueSpecification\",\"valueRequired\":true,\"valueName\":\"search_term_string\"}}],\"inLanguage\":\"lt-LT\"},{\"@type\":\"Organization\",\"@id\":\"https:\/\/padelhaus.mustlammas-dev.in\/lt\/#organization\",\"name\":\"Claude Padelhaus\",\"url\":\"https:\/\/padelhaus.mustlammas-dev.in\/lt\/\",\"logo\":{\"@type\":\"ImageObject\",\"inLanguage\":\"lt-LT\",\"@id\":\"https:\/\/padelhaus.mustlammas-dev.in\/lt\/#\/schema\/logo\/image\/\",\"url\":\"https:\/\/padelhaus.mustlammas-dev.in\/wp-content\/uploads\/2025\/05\/Logo-1.png\",\"contentUrl\":\"https:\/\/padelhaus.mustlammas-dev.in\/wp-content\/uploads\/2025\/05\/Logo-1.png\",\"width\":280,\"height\":115,\"caption\":\"Claude Padelhaus\"},\"image\":{\"@id\":\"https:\/\/padelhaus.mustlammas-dev.in\/lt\/#\/schema\/logo\/image\/\"}}]}<\/script>\n<meta property=\"product:price:amount\" content=\"209.95\" \/>\n<meta property=\"product:price:currency\" content=\"EUR\" \/>\n<meta property=\"og:availability\" content=\"backorder\" \/>\n<meta property=\"product:availability\" content=\"available for order\" \/>\n<meta property=\"product:retailer_item_id\" content=\"HEA-R-30\" \/>\n<meta property=\"product:condition\" content=\"new\" \/>\n<!-- \/ Yoast SEO Premium plugin. -->","yoast_head_json":{"title":"Head Extreme One 2025 | Padelhaus","description":"Ie\u0161kai naujos padelio raket\u0117s gera kaina? Padelhaus si\u016blo geriausi\u0105 padelio rake\u010di\u0173 pasirinkim\u0105 kiekvienam lygiui \u2013 tavo padelio parduotuv\u0117.","robots":{"index":"noindex","follow":"follow","max-snippet":"max-snippet:-1","max-image-preview":"max-image-preview:large","max-video-preview":"max-video-preview:-1"},"og_locale":"lt_LT","og_type":"article","og_title":"Head Extreme One 2025","og_description":"Ie\u0161kai naujos padelio raket\u0117s gera kaina? Padelhaus si\u016blo geriausi\u0105 padelio rake\u010di\u0173 pasirinkim\u0105 kiekvienam lygiui \u2013 tavo padelio parduotuv\u0117.","og_url":"https:\/\/padelhaus.mustlammas-dev.in\/lt\/parduotuve\/head-extreme-one-2025\/","og_site_name":"Padelhaus","article_modified_time":"2026-03-05T15:06:50+00:00","og_image":[{"width":1000,"height":1000,"url":"https:\/\/padel-haus.lt\/wp-content\/uploads\/2025\/12\/65.webp","type":"image\/webp"}],"twitter_card":"summary_large_image","twitter_misc":{"Price":"209,95&nbsp;&euro;","Availability":"On backorder"},"schema":{"@context":"https:\/\/schema.org","@graph":[{"@type":["WebPage","ItemPage"],"@id":"https:\/\/padelhaus.mustlammas-dev.in\/lt\/parduotuve\/head-extreme-one-2025\/","url":"https:\/\/padelhaus.mustlammas-dev.in\/lt\/parduotuve\/head-extreme-one-2025\/","name":"Head Extreme One 2025 | Padelhaus","isPartOf":{"@id":"https:\/\/padelhaus.mustlammas-dev.in\/lt\/#website"},"primaryImageOfPage":{"@id":"https:\/\/padelhaus.mustlammas-dev.in\/lt\/parduotuve\/head-extreme-one-2025\/#primaryimage"},"image":{"@id":"https:\/\/padelhaus.mustlammas-dev.in\/lt\/parduotuve\/head-extreme-one-2025\/#primaryimage"},"thumbnailUrl":"https:\/\/padelhaus.mustlammas-dev.in\/wp-content\/uploads\/2025\/12\/65.webp","datePublished":"2025-12-11T13:33:58+00:00","dateModified":"2026-03-05T15:06:50+00:00","description":"Ie\u0161kai naujos padelio raket\u0117s gera kaina? Padelhaus si\u016blo geriausi\u0105 padelio rake\u010di\u0173 pasirinkim\u0105 kiekvienam lygiui \u2013 tavo padelio parduotuv\u0117.","breadcrumb":{"@id":"https:\/\/padelhaus.mustlammas-dev.in\/lt\/parduotuve\/head-extreme-one-2025\/#breadcrumb"},"inLanguage":"lt-LT","potentialAction":[{"@type":"ReadAction","target":["https:\/\/padelhaus.mustlammas-dev.in\/lt\/parduotuve\/head-extreme-one-2025\/"]}]},{"@type":"ImageObject","inLanguage":"lt-LT","@id":"https:\/\/padelhaus.mustlammas-dev.in\/lt\/parduotuve\/head-extreme-one-2025\/#primaryimage","url":"https:\/\/padelhaus.mustlammas-dev.in\/wp-content\/uploads\/2025\/12\/65.webp","contentUrl":"https:\/\/padelhaus.mustlammas-dev.in\/wp-content\/uploads\/2025\/12\/65.webp","width":1000,"height":1000},{"@type":"BreadcrumbList","@id":"https:\/\/padelhaus.mustlammas-dev.in\/lt\/parduotuve\/head-extreme-one-2025\/#breadcrumb","itemListElement":[{"@type":"ListItem","position":1,"name":"Prad\u017eia","item":"https:\/\/padel-haus.lt\/"},{"@type":"ListItem","position":2,"name":"Parduotuv\u0117","item":"https:\/\/padel-haus.lt\/parduotuve\/"},{"@type":"ListItem","position":3,"name":"Head Extreme One 2025"}]},{"@type":"WebSite","@id":"https:\/\/padelhaus.mustlammas-dev.in\/lt\/#website","url":"https:\/\/padelhaus.mustlammas-dev.in\/lt\/","name":"Claude Padelhaus","description":"Sinu padelivarustuse kodu","publisher":{"@id":"https:\/\/padelhaus.mustlammas-dev.in\/lt\/#organization"},"potentialAction":[{"@type":"SearchAction","target":{"@type":"EntryPoint","urlTemplate":"https:\/\/padelhaus.mustlammas-dev.in\/lt\/?s={search_term_string}"},"query-input":{"@type":"PropertyValueSpecification","valueRequired":true,"valueName":"search_term_string"}}],"inLanguage":"lt-LT"},{"@type":"Organization","@id":"https:\/\/padelhaus.mustlammas-dev.in\/lt\/#organization","name":"Claude Padelhaus","url":"https:\/\/padelhaus.mustlammas-dev.in\/lt\/","logo":{"@type":"ImageObject","inLanguage":"lt-LT","@id":"https:\/\/padelhaus.mustlammas-dev.in\/lt\/#\/schema\/logo\/image\/","url":"https:\/\/padelhaus.mustlammas-dev.in\/wp-content\/uploads\/2025\/05\/Logo-1.png","contentUrl":"https:\/\/padelhaus.mustlammas-dev.in\/wp-content\/uploads\/2025\/05\/Logo-1.png","width":280,"height":115,"caption":"Claude Padelhaus"},"image":{"@id":"https:\/\/padelhaus.mustlammas-dev.in\/lt\/#\/schema\/logo\/image\/"}}]},"product_price_amount":"209.95","product_price_currency":"EUR","og_availability":"backorder","product_availability":"available for order","product_retailer_item_id":"HEA-R-30","product_condition":"new"},"_links":{"self":[{"href":"https:\/\/padelhaus.mustlammas-dev.in\/lt\/wp-json\/wp\/v2\/product\/66625","targetHints":{"allow":["GET"]}}],"collection":[{"href":"https:\/\/padelhaus.mustlammas-dev.in\/lt\/wp-json\/wp\/v2\/product"}],"about":[{"href":"https:\/\/padelhaus.mustlammas-dev.in\/lt\/wp-json\/wp\/v2\/types\/product"}],"replies":[{"embeddable":true,"href":"https:\/\/padelhaus.mustlammas-dev.in\/lt\/wp-json\/wp\/v2\/comments?post=66625"}],"wp:featuredmedia":[{"embeddable":true,"href":"https:\/\/padelhaus.mustlammas-dev.in\/lt\/wp-json\/wp\/v2\/media\/72416"}],"wp:attachment":[{"href":"https:\/\/padelhaus.mustlammas-dev.in\/lt\/wp-json\/wp\/v2\/media?parent=66625"}],"wp:term":[{"taxonomy":"product_brand","embeddable":true,"href":"https:\/\/padelhaus.mustlammas-dev.in\/lt\/wp-json\/wp\/v2\/product_brand?post=66625"},{"taxonomy":"product_cat","embeddable":true,"href":"https:\/\/padelhaus.mustlammas-dev.in\/lt\/wp-json\/wp\/v2\/product_cat?post=66625"},{"taxonomy":"product_tag","embeddable":true,"href":"https:\/\/padelhaus.mustlammas-dev.in\/lt\/wp-json\/wp\/v2\/product_tag?post=66625"}],"curies":[{"name":"wp","href":"https:\/\/api.w.org\/{rel}","templated":true}]}}