{"id":66631,"date":"2025-12-11T15:28:09","date_gmt":"2025-12-11T13:28:09","guid":{"rendered":"https:\/\/padelhaus.mustlammas-dev.in\/?post_type=product&#038;p=66631"},"modified":"2026-03-05T17:13:42","modified_gmt":"2026-03-05T15:13:42","slug":"head-extreme-one-x-2025","status":"publish","type":"product","link":"https:\/\/padelhaus.mustlammas-dev.in\/lt\/parduotuve\/head-extreme-one-x-2025\/","title":{"rendered":"Head Extreme One X 2025"},"content":{"rendered":"<p data-start=\"66\" data-end=\"93\"><strong data-start=\"66\" data-end=\"93\">Head Extreme One X 2025<\/strong><\/p>\n<p data-start=\"95\" data-end=\"549\">Head Extreme One X 2025 yra dar galingesn\u0117 ir stipresn\u0117 \u201eExtreme\u201c serijos versija. Sukurta reikliems \u017eaid\u0117jams, ie\u0161kantiems sprogstamojo na\u0161umo, \u0161is raketas sujungia moderni\u0105 estetik\u0105 ir auk\u0161\u010diausios kokyb\u0117s med\u017eiagas, kad u\u017etikrint\u0173 tvirtesnius, lemiamus ir intensyvesnius sm\u016bgius. Atnaujintas dizainas ir anglies pluo\u0161to strukt\u016bra pabr\u0117\u017eia \u0161iai serijai b\u016bding\u0105 agresyvum\u0105 ir standum\u0105, tod\u0117l tai yra idealus pasirinkimas tiems, kurie dominuoja puolime.  <\/p>\n<h5 data-start=\"551\" data-end=\"602\">Tvirtas valdymas ir mirtini sm\u016bgiai kiekviename ta\u0161ke<\/h5>\n<p data-start=\"604\" data-end=\"1143\">D\u0117l savo 12k anglies pluo\u0161to konstrukcijos ir \u012fsp\u016bdingo 370 gram\u0173 svorio Head Extreme One X 2025 suteikia kompakti\u0161k\u0105 poj\u016bt\u012f ir did\u017eiausi\u0105 gali\u0105 sm\u016bgiuojant ir atakuojant volejais. 270 mm (vidutinis-auk\u0161tas) balansas u\u017etikrina puik\u0173 energijos perdavim\u0105 \u012f raket\u0117s galv\u0105, padidindamas sm\u016bgio j\u0117g\u0105 neprarandant stabilumo ar kontrol\u0117s. \u0160is leidimas sustiprina poj\u016b\u010dius aik\u0161tel\u0117je, u\u017etikrindamas tvirt\u0105 valdym\u0105, didesn\u0119 kontrol\u0119 \u012ftemptais sm\u016bgiais ir geresn\u012f kamuoliuko i\u0161\u0117jim\u0105 konkurencingose, reikliose situacijose.  <\/p>\n<h5 data-start=\"1145\" data-end=\"1182\">Pagrindin\u0117s savyb\u0117s ir technologijos<\/h5>\n<ul>\n<li data-start=\"1186\" data-end=\"1276\"><strong data-start=\"1186\" data-end=\"1202\">Auxetic 2.0:<\/strong> Optimizuoja strukt\u016brin\u012f atsak\u0105, u\u017etikrindamas galingesnius ir tikslesnius sm\u016bgius<\/li>\n<li data-start=\"1279\" data-end=\"1362\"><strong data-start=\"1279\" data-end=\"1294\">Power Foam:<\/strong> Suteikia ideal\u0173 balans\u0105 tarp galios, kontrol\u0117s ir sm\u016bgio sug\u0117rimo<\/li>\n<li data-start=\"1365\" data-end=\"1440\"><strong data-start=\"1365\" data-end=\"1381\">12k anglies pluo\u0161tas:<\/strong> Didesnis standumas, ilgaam\u017ei\u0161kumas ir pagreitis sm\u016bgiuojant<\/li>\n<li data-start=\"1443\" data-end=\"1522\"><strong data-start=\"1443\" data-end=\"1468\">Deimanto formos:<\/strong> Sukurta maksimalizuoti gali\u0105 sm\u016bgiuojant ir atakuojant<\/li>\n<li data-start=\"1525\" data-end=\"1591\"><strong data-start=\"1525\" data-end=\"1540\">Svoris 370 g:<\/strong> Suteikia didesn\u012f tvirtum\u0105 ir j\u0117g\u0105 kiekvienam sm\u016bgiui<\/li>\n<li data-start=\"1594\" data-end=\"1684\"><strong data-start=\"1594\" data-end=\"1631\">Balansas 270 mm (vidutinis-auk\u0161tas):<\/strong> Skatina agresyvum\u0105 neprarandant manevringumo<\/li>\n<\/ul>\n<h5 data-start=\"733\" data-end=\"861\">Specifikacijos<\/h5>\n<ul>\n<li data-start=\"39\" data-end=\"56\"><strong data-start=\"39\" data-end=\"49\">Prek\u0117s \u017eenklas:<\/strong> Head<\/li>\n<li data-start=\"59\" data-end=\"85\"><strong data-start=\"59\" data-end=\"69\">Produktas:<\/strong> Padeli\u0173 raket\u0117s<\/li>\n<li data-start=\"88\" data-end=\"112\"><strong data-start=\"88\" data-end=\"101\">Balansas:<\/strong> Vidutinis<\/li>\n<li data-start=\"115\" data-end=\"141\"><strong data-start=\"115\" data-end=\"127\">\u0160erdis:<\/strong> Putplastis (Foam)<\/li>\n<li data-start=\"144\" data-end=\"194\"><strong data-start=\"144\" data-end=\"162\">Pavir\u0161iaus med\u017eiaga:<\/strong> 12k anglies pluo\u0161tas (Carbon Face)<\/li>\n<li data-start=\"197\" data-end=\"228\"><strong data-start=\"197\" data-end=\"209\">Forma:<\/strong> \u012eprasta forma<\/li>\n<li data-start=\"231\" data-end=\"288\"><strong data-start=\"231\" data-end=\"245\">\u017daidimo lygis:<\/strong> Pa\u017eeng\u0119s \/ Var\u017eyb\u0173, Profesionalus<\/li>\n<li data-start=\"291\" data-end=\"333\"><strong data-start=\"291\" data-end=\"306\">Apdaila:<\/strong> Rugosa (\u0161iurk\u0161ti apdaila)<\/li>\n<li data-start=\"336\" data-end=\"360\"><strong data-start=\"336\" data-end=\"345\">Forma:<\/strong> Deimanto forma<\/li>\n<li data-start=\"363\" data-end=\"406\"><strong data-start=\"363\" data-end=\"378\">Pavir\u0161iaus tipas:<\/strong> \u0160iurk\u0161tus pavir\u0161ius (Rough Surface)<\/li>\n<li data-start=\"409\" data-end=\"429\"><strong data-start=\"409\" data-end=\"423\">\u017daidimo tipas:<\/strong> Galia<\/li>\n<\/ul>\n","protected":false},"excerpt":{"rendered":"<p>Head Extreme One X 2025 Head Extreme One X 2025 yra dar galingesn\u0117 ir stipresn\u0117 \u201eExtreme\u201c serijos versija. Sukurta reikliems \u017eaid\u0117jams, ie\u0161kantiems sprogstamojo na\u0161umo, \u0161is raketas sujungia moderni\u0105 estetik\u0105 ir auk\u0161\u010diausios kokyb\u0117s med\u017eiagas, kad u\u017etikrint\u0173 tvirtesnius, lemiamus ir intensyvesnius sm\u016bgius. Atnaujintas dizainas ir anglies pluo\u0161to strukt\u016bra pabr\u0117\u017eia \u0161iai serijai b\u016bding\u0105 agresyvum\u0105 ir standum\u0105, tod\u0117l tai [&hellip;]<\/p>\n","protected":false},"featured_media":72587,"comment_status":"open","ping_status":"closed","template":"","meta":{"_eb_attr":""},"product_brand":[326],"product_cat":[327,252,273],"product_tag":[],"class_list":{"0":"post-66631","1":"product","2":"type-product","3":"status-publish","4":"has-post-thumbnail","6":"product_brand-head","7":"product_cat-head","8":"product_cat-padelio-raketes","9":"product_cat-pazenges","10":"pa_kaal-370-g","11":"pa_kuju-deimantas","12":"pa_mangustiil-puolimas","13":"pa_tasakaal-virsuje","14":"pa_tase-pazenges","15":"pa_varv-juoda","18":"first","19":"onbackorder","20":"sale","21":"taxable","22":"shipping-taxable","23":"purchasable","24":"product-type-simple"},"yoast_head":"<!-- This site is optimized with the Yoast SEO Premium plugin v27.1 (Yoast SEO v27.1.1) - https:\/\/yoast.com\/product\/yoast-seo-premium-wordpress\/ -->\n<title>Head Extreme One X 2025 | Padelhaus<\/title>\n<meta name=\"description\" content=\"Ie\u0161kai naujos padelio raket\u0117s gera kaina? Padelhaus si\u016blo geriausi\u0105 padelio rake\u010di\u0173 pasirinkim\u0105 kiekvienam lygiui \u2013 tavo padelio parduotuv\u0117.\" \/>\n<meta name=\"robots\" content=\"noindex, follow, max-snippet:-1, max-image-preview:large, max-video-preview:-1\" \/>\n<meta property=\"og:locale\" content=\"lt_LT\" \/>\n<meta property=\"og:type\" content=\"article\" \/>\n<meta property=\"og:title\" content=\"Head Extreme One X 2025\" \/>\n<meta property=\"og:description\" content=\"Ie\u0161kai naujos padelio raket\u0117s gera kaina? Padelhaus si\u016blo geriausi\u0105 padelio rake\u010di\u0173 pasirinkim\u0105 kiekvienam lygiui \u2013 tavo padelio parduotuv\u0117.\" \/>\n<meta property=\"og:url\" content=\"https:\/\/padelhaus.mustlammas-dev.in\/lt\/parduotuve\/head-extreme-one-x-2025\/\" \/>\n<meta property=\"og:site_name\" content=\"Padelhaus\" \/>\n<meta property=\"article:modified_time\" content=\"2026-03-05T15:13:42+00:00\" \/>\n<meta property=\"og:image\" content=\"https:\/\/padel-haus.lt\/wp-content\/uploads\/2025\/12\/61.webp\" \/>\n\t<meta property=\"og:image:width\" content=\"1000\" \/>\n\t<meta property=\"og:image:height\" content=\"1000\" \/>\n\t<meta property=\"og:image:type\" content=\"image\/webp\" \/>\n<meta name=\"twitter:card\" content=\"summary_large_image\" \/>\n<meta name=\"twitter:label1\" content=\"Price\" \/>\n\t<meta name=\"twitter:data1\" content=\"219,95&nbsp;&euro;\" \/>\n\t<meta name=\"twitter:label2\" content=\"Availability\" \/>\n\t<meta name=\"twitter:data2\" content=\"On backorder\" \/>\n<script type=\"application\/ld+json\" class=\"yoast-schema-graph\">{\"@context\":\"https:\/\/schema.org\",\"@graph\":[{\"@type\":[\"WebPage\",\"ItemPage\"],\"@id\":\"https:\/\/padelhaus.mustlammas-dev.in\/lt\/parduotuve\/head-extreme-one-x-2025\/\",\"url\":\"https:\/\/padelhaus.mustlammas-dev.in\/lt\/parduotuve\/head-extreme-one-x-2025\/\",\"name\":\"Head Extreme One X 2025 | Padelhaus\",\"isPartOf\":{\"@id\":\"https:\/\/padelhaus.mustlammas-dev.in\/lt\/#website\"},\"primaryImageOfPage\":{\"@id\":\"https:\/\/padelhaus.mustlammas-dev.in\/lt\/parduotuve\/head-extreme-one-x-2025\/#primaryimage\"},\"image\":{\"@id\":\"https:\/\/padelhaus.mustlammas-dev.in\/lt\/parduotuve\/head-extreme-one-x-2025\/#primaryimage\"},\"thumbnailUrl\":\"https:\/\/padelhaus.mustlammas-dev.in\/wp-content\/uploads\/2025\/12\/61.webp\",\"datePublished\":\"2025-12-11T13:28:09+00:00\",\"dateModified\":\"2026-03-05T15:13:42+00:00\",\"description\":\"Ie\u0161kai naujos padelio raket\u0117s gera kaina? Padelhaus si\u016blo geriausi\u0105 padelio rake\u010di\u0173 pasirinkim\u0105 kiekvienam lygiui \u2013 tavo padelio parduotuv\u0117.\",\"breadcrumb\":{\"@id\":\"https:\/\/padelhaus.mustlammas-dev.in\/lt\/parduotuve\/head-extreme-one-x-2025\/#breadcrumb\"},\"inLanguage\":\"lt-LT\",\"potentialAction\":[{\"@type\":\"ReadAction\",\"target\":[\"https:\/\/padelhaus.mustlammas-dev.in\/lt\/parduotuve\/head-extreme-one-x-2025\/\"]}]},{\"@type\":\"ImageObject\",\"inLanguage\":\"lt-LT\",\"@id\":\"https:\/\/padelhaus.mustlammas-dev.in\/lt\/parduotuve\/head-extreme-one-x-2025\/#primaryimage\",\"url\":\"https:\/\/padelhaus.mustlammas-dev.in\/wp-content\/uploads\/2025\/12\/61.webp\",\"contentUrl\":\"https:\/\/padelhaus.mustlammas-dev.in\/wp-content\/uploads\/2025\/12\/61.webp\",\"width\":1000,\"height\":1000},{\"@type\":\"BreadcrumbList\",\"@id\":\"https:\/\/padelhaus.mustlammas-dev.in\/lt\/parduotuve\/head-extreme-one-x-2025\/#breadcrumb\",\"itemListElement\":[{\"@type\":\"ListItem\",\"position\":1,\"name\":\"Prad\u017eia\",\"item\":\"https:\/\/padel-haus.lt\/\"},{\"@type\":\"ListItem\",\"position\":2,\"name\":\"Parduotuv\u0117\",\"item\":\"https:\/\/padel-haus.lt\/parduotuve\/\"},{\"@type\":\"ListItem\",\"position\":3,\"name\":\"Head Extreme One X 2025\"}]},{\"@type\":\"WebSite\",\"@id\":\"https:\/\/padelhaus.mustlammas-dev.in\/lt\/#website\",\"url\":\"https:\/\/padelhaus.mustlammas-dev.in\/lt\/\",\"name\":\"Claude Padelhaus\",\"description\":\"Sinu padelivarustuse kodu\",\"publisher\":{\"@id\":\"https:\/\/padelhaus.mustlammas-dev.in\/lt\/#organization\"},\"potentialAction\":[{\"@type\":\"SearchAction\",\"target\":{\"@type\":\"EntryPoint\",\"urlTemplate\":\"https:\/\/padelhaus.mustlammas-dev.in\/lt\/?s={search_term_string}\"},\"query-input\":{\"@type\":\"PropertyValueSpecification\",\"valueRequired\":true,\"valueName\":\"search_term_string\"}}],\"inLanguage\":\"lt-LT\"},{\"@type\":\"Organization\",\"@id\":\"https:\/\/padelhaus.mustlammas-dev.in\/lt\/#organization\",\"name\":\"Claude Padelhaus\",\"url\":\"https:\/\/padelhaus.mustlammas-dev.in\/lt\/\",\"logo\":{\"@type\":\"ImageObject\",\"inLanguage\":\"lt-LT\",\"@id\":\"https:\/\/padelhaus.mustlammas-dev.in\/lt\/#\/schema\/logo\/image\/\",\"url\":\"https:\/\/padelhaus.mustlammas-dev.in\/wp-content\/uploads\/2025\/05\/Logo-1.png\",\"contentUrl\":\"https:\/\/padelhaus.mustlammas-dev.in\/wp-content\/uploads\/2025\/05\/Logo-1.png\",\"width\":280,\"height\":115,\"caption\":\"Claude Padelhaus\"},\"image\":{\"@id\":\"https:\/\/padelhaus.mustlammas-dev.in\/lt\/#\/schema\/logo\/image\/\"}}]}<\/script>\n<meta property=\"product:price:amount\" content=\"219.95\" \/>\n<meta property=\"product:price:currency\" content=\"EUR\" \/>\n<meta property=\"og:availability\" content=\"backorder\" \/>\n<meta property=\"product:availability\" content=\"available for order\" \/>\n<meta property=\"product:retailer_item_id\" content=\"HEA-R-29\" \/>\n<meta property=\"product:condition\" content=\"new\" \/>\n<!-- \/ Yoast SEO Premium plugin. -->","yoast_head_json":{"title":"Head Extreme One X 2025 | Padelhaus","description":"Ie\u0161kai naujos padelio raket\u0117s gera kaina? Padelhaus si\u016blo geriausi\u0105 padelio rake\u010di\u0173 pasirinkim\u0105 kiekvienam lygiui \u2013 tavo padelio parduotuv\u0117.","robots":{"index":"noindex","follow":"follow","max-snippet":"max-snippet:-1","max-image-preview":"max-image-preview:large","max-video-preview":"max-video-preview:-1"},"og_locale":"lt_LT","og_type":"article","og_title":"Head Extreme One X 2025","og_description":"Ie\u0161kai naujos padelio raket\u0117s gera kaina? Padelhaus si\u016blo geriausi\u0105 padelio rake\u010di\u0173 pasirinkim\u0105 kiekvienam lygiui \u2013 tavo padelio parduotuv\u0117.","og_url":"https:\/\/padelhaus.mustlammas-dev.in\/lt\/parduotuve\/head-extreme-one-x-2025\/","og_site_name":"Padelhaus","article_modified_time":"2026-03-05T15:13:42+00:00","og_image":[{"width":1000,"height":1000,"url":"https:\/\/padel-haus.lt\/wp-content\/uploads\/2025\/12\/61.webp","type":"image\/webp"}],"twitter_card":"summary_large_image","twitter_misc":{"Price":"219,95&nbsp;&euro;","Availability":"On backorder"},"schema":{"@context":"https:\/\/schema.org","@graph":[{"@type":["WebPage","ItemPage"],"@id":"https:\/\/padelhaus.mustlammas-dev.in\/lt\/parduotuve\/head-extreme-one-x-2025\/","url":"https:\/\/padelhaus.mustlammas-dev.in\/lt\/parduotuve\/head-extreme-one-x-2025\/","name":"Head Extreme One X 2025 | Padelhaus","isPartOf":{"@id":"https:\/\/padelhaus.mustlammas-dev.in\/lt\/#website"},"primaryImageOfPage":{"@id":"https:\/\/padelhaus.mustlammas-dev.in\/lt\/parduotuve\/head-extreme-one-x-2025\/#primaryimage"},"image":{"@id":"https:\/\/padelhaus.mustlammas-dev.in\/lt\/parduotuve\/head-extreme-one-x-2025\/#primaryimage"},"thumbnailUrl":"https:\/\/padelhaus.mustlammas-dev.in\/wp-content\/uploads\/2025\/12\/61.webp","datePublished":"2025-12-11T13:28:09+00:00","dateModified":"2026-03-05T15:13:42+00:00","description":"Ie\u0161kai naujos padelio raket\u0117s gera kaina? Padelhaus si\u016blo geriausi\u0105 padelio rake\u010di\u0173 pasirinkim\u0105 kiekvienam lygiui \u2013 tavo padelio parduotuv\u0117.","breadcrumb":{"@id":"https:\/\/padelhaus.mustlammas-dev.in\/lt\/parduotuve\/head-extreme-one-x-2025\/#breadcrumb"},"inLanguage":"lt-LT","potentialAction":[{"@type":"ReadAction","target":["https:\/\/padelhaus.mustlammas-dev.in\/lt\/parduotuve\/head-extreme-one-x-2025\/"]}]},{"@type":"ImageObject","inLanguage":"lt-LT","@id":"https:\/\/padelhaus.mustlammas-dev.in\/lt\/parduotuve\/head-extreme-one-x-2025\/#primaryimage","url":"https:\/\/padelhaus.mustlammas-dev.in\/wp-content\/uploads\/2025\/12\/61.webp","contentUrl":"https:\/\/padelhaus.mustlammas-dev.in\/wp-content\/uploads\/2025\/12\/61.webp","width":1000,"height":1000},{"@type":"BreadcrumbList","@id":"https:\/\/padelhaus.mustlammas-dev.in\/lt\/parduotuve\/head-extreme-one-x-2025\/#breadcrumb","itemListElement":[{"@type":"ListItem","position":1,"name":"Prad\u017eia","item":"https:\/\/padel-haus.lt\/"},{"@type":"ListItem","position":2,"name":"Parduotuv\u0117","item":"https:\/\/padel-haus.lt\/parduotuve\/"},{"@type":"ListItem","position":3,"name":"Head Extreme One X 2025"}]},{"@type":"WebSite","@id":"https:\/\/padelhaus.mustlammas-dev.in\/lt\/#website","url":"https:\/\/padelhaus.mustlammas-dev.in\/lt\/","name":"Claude Padelhaus","description":"Sinu padelivarustuse kodu","publisher":{"@id":"https:\/\/padelhaus.mustlammas-dev.in\/lt\/#organization"},"potentialAction":[{"@type":"SearchAction","target":{"@type":"EntryPoint","urlTemplate":"https:\/\/padelhaus.mustlammas-dev.in\/lt\/?s={search_term_string}"},"query-input":{"@type":"PropertyValueSpecification","valueRequired":true,"valueName":"search_term_string"}}],"inLanguage":"lt-LT"},{"@type":"Organization","@id":"https:\/\/padelhaus.mustlammas-dev.in\/lt\/#organization","name":"Claude Padelhaus","url":"https:\/\/padelhaus.mustlammas-dev.in\/lt\/","logo":{"@type":"ImageObject","inLanguage":"lt-LT","@id":"https:\/\/padelhaus.mustlammas-dev.in\/lt\/#\/schema\/logo\/image\/","url":"https:\/\/padelhaus.mustlammas-dev.in\/wp-content\/uploads\/2025\/05\/Logo-1.png","contentUrl":"https:\/\/padelhaus.mustlammas-dev.in\/wp-content\/uploads\/2025\/05\/Logo-1.png","width":280,"height":115,"caption":"Claude Padelhaus"},"image":{"@id":"https:\/\/padelhaus.mustlammas-dev.in\/lt\/#\/schema\/logo\/image\/"}}]},"product_price_amount":"219.95","product_price_currency":"EUR","og_availability":"backorder","product_availability":"available for order","product_retailer_item_id":"HEA-R-29","product_condition":"new"},"_links":{"self":[{"href":"https:\/\/padelhaus.mustlammas-dev.in\/lt\/wp-json\/wp\/v2\/product\/66631","targetHints":{"allow":["GET"]}}],"collection":[{"href":"https:\/\/padelhaus.mustlammas-dev.in\/lt\/wp-json\/wp\/v2\/product"}],"about":[{"href":"https:\/\/padelhaus.mustlammas-dev.in\/lt\/wp-json\/wp\/v2\/types\/product"}],"replies":[{"embeddable":true,"href":"https:\/\/padelhaus.mustlammas-dev.in\/lt\/wp-json\/wp\/v2\/comments?post=66631"}],"wp:featuredmedia":[{"embeddable":true,"href":"https:\/\/padelhaus.mustlammas-dev.in\/lt\/wp-json\/wp\/v2\/media\/72587"}],"wp:attachment":[{"href":"https:\/\/padelhaus.mustlammas-dev.in\/lt\/wp-json\/wp\/v2\/media?parent=66631"}],"wp:term":[{"taxonomy":"product_brand","embeddable":true,"href":"https:\/\/padelhaus.mustlammas-dev.in\/lt\/wp-json\/wp\/v2\/product_brand?post=66631"},{"taxonomy":"product_cat","embeddable":true,"href":"https:\/\/padelhaus.mustlammas-dev.in\/lt\/wp-json\/wp\/v2\/product_cat?post=66631"},{"taxonomy":"product_tag","embeddable":true,"href":"https:\/\/padelhaus.mustlammas-dev.in\/lt\/wp-json\/wp\/v2\/product_tag?post=66631"}],"curies":[{"name":"wp","href":"https:\/\/api.w.org\/{rel}","templated":true}]}}