{"id":66704,"date":"2025-12-11T14:51:09","date_gmt":"2025-12-11T12:51:09","guid":{"rendered":"https:\/\/padelhaus.mustlammas-dev.in\/?post_type=product&#038;p=66704"},"modified":"2026-01-22T01:14:31","modified_gmt":"2026-01-21T23:14:31","slug":"adidas-rx-series-light-2026","status":"publish","type":"product","link":"https:\/\/padelhaus.mustlammas-dev.in\/lt\/parduotuve\/adidas-rx-series-light-2026\/","title":{"rendered":"Adidas RX Series Light 2026"},"content":{"rendered":"<h5 data-start=\"733\" data-end=\"861\">Specifikacijos<\/h5>\n<div class=\"flex flex-col text-sm @w-xl\/main:pt-header-height pb-25\">\n<article class=\"text-token-text-primary w-full focus:outline-none [--shadow-height:45px] has-data-writing-block:pointer-events-none has-data-writing-block:-mt-(--shadow-height) has-data-writing-block:pt-(--shadow-height) [&amp;:has([data-writing-block])&gt;*]:pointer-events-auto scroll-mt-[calc(var(--header-height)+min(200px,max(70px,20svh)))]\" dir=\"auto\" data-turn-id=\"request-WEB:47092d70-1960-4049-9f75-2c18be639906-18\" data-testid=\"conversation-turn-38\" data-scroll-anchor=\"true\" data-turn=\"assistant\">\n<div class=\"text-base my-auto mx-auto pb-10 [--thread-content-margin:--spacing(4)] @w-sm\/main:[--thread-content-margin:--spacing(6)] @w-lg\/main:[--thread-content-margin:--spacing(16)] px-(--thread-content-margin)\">\n<div class=\"[--thread-content-max-width:40rem] @w-lg\/main:[--thread-content-max-width:48rem] mx-auto max-w-(--thread-content-max-width) flex-1 group\/turn-messages focus-visible:outline-hidden relative flex w-full min-w-0 flex-col agent-turn\">\n<div class=\"flex max-w-full flex-col grow\">\n<div class=\"min-h-8 text-message relative flex w-full flex-col items-end gap-2 text-start break-words whitespace-normal [.text-message+&amp;]:mt-1\" dir=\"auto\" data-message-author-role=\"assistant\" data-message-id=\"fc1817bb-bb68-4d0e-823e-8435b271ef29\" data-message-model-slug=\"gpt-5-mini\">\n<div class=\"flex w-full flex-col gap-1 empty:hidden first:pt-[1px]\">\n<div class=\"markdown prose dark:prose-invert w-full break-words dark markdown-new-styling\">\n<ul>\n<li data-start=\"39\" data-end=\"58\"><strong data-start=\"39\" data-end=\"49\">Prek\u0117s \u017eenklas:<\/strong> Adidas<\/li>\n<li data-start=\"61\" data-end=\"87\"><strong data-start=\"61\" data-end=\"70\">Spalva:<\/strong> Balta ir ro\u017ein\u0117<\/li>\n<li data-start=\"90\" data-end=\"116\"><strong data-start=\"90\" data-end=\"100\">Produktas:<\/strong> Padeli\u0173 raket\u0117s<\/li>\n<li data-start=\"119\" data-end=\"140\"><strong data-start=\"119\" data-end=\"132\">Balansas:<\/strong> \u017demas<\/li>\n<li data-start=\"143\" data-end=\"178\"><strong data-start=\"143\" data-end=\"155\">\u0160erdis:<\/strong> EVA Soft Performance<\/li>\n<li data-start=\"181\" data-end=\"229\"><strong data-start=\"181\" data-end=\"199\">Pavir\u0161iaus med\u017eiaga:<\/strong> Stiklo pluo\u0161tas (Fiberglass Face)<\/li>\n<li data-start=\"232\" data-end=\"263\"><strong data-start=\"232\" data-end=\"244\">Forma:<\/strong> \u012eprasta forma<\/li>\n<li data-start=\"266\" data-end=\"300\"><strong data-start=\"266\" data-end=\"280\">\u017daidimo lygis:<\/strong> Pradedantysis \/ Vidutinis<\/li>\n<li data-start=\"303\" data-end=\"332\"><strong data-start=\"303\" data-end=\"312\">Forma:<\/strong> Apvali (Round)<\/li>\n<li data-start=\"335\" data-end=\"377\"><strong data-start=\"335\" data-end=\"350\">Pavir\u0161iaus tipas:<\/strong> Plok\u0161\u010dias pavir\u0161ius (Flat Surface)<\/li>\n<li data-start=\"380\" data-end=\"403\"><strong data-start=\"380\" data-end=\"394\">\u017daidimo tipas:<\/strong> Kontrol\u0117<\/li>\n<\/ul>\n<\/div>\n<\/div>\n<\/div>\n<\/div>\n<\/div>\n<\/div>\n<\/article>\n<\/div>\n","protected":false},"excerpt":{"rendered":"<p>Specifikacijos Prek\u0117s \u017eenklas: Adidas Spalva: Balta ir ro\u017ein\u0117 Produktas: Padeli\u0173 raket\u0117s Balansas: \u017demas \u0160erdis: EVA Soft Performance Pavir\u0161iaus med\u017eiaga: Stiklo pluo\u0161tas (Fiberglass Face) Forma: \u012eprasta forma \u017daidimo lygis: Pradedantysis \/ Vidutinis Forma: Apvali (Round) Pavir\u0161iaus tipas: Plok\u0161\u010dias pavir\u0161ius (Flat Surface) \u017daidimo tipas: Kontrol\u0117<\/p>\n","protected":false},"featured_media":69453,"comment_status":"open","ping_status":"closed","template":"","meta":{"_eb_attr":""},"product_brand":[381],"product_cat":[395,252,362],"product_tag":[],"class_list":{"0":"post-66704","1":"product","2":"type-product","3":"status-publish","4":"has-post-thumbnail","6":"product_brand-adidas","7":"product_cat-adidas","8":"product_cat-padelio-raketes","9":"product_cat-pradedantieji","10":"pa_kaal-345-360g","11":"pa_kuju-apvali","12":"pa_mangustiil-kontrole","13":"pa_tasakaal-zema","14":"pa_tase-pradedantysis","15":"pa_varv-balta","16":"pa_varv-rozine","19":"first","20":"outofstock","21":"sale","22":"featured","23":"taxable","24":"shipping-taxable","25":"purchasable","26":"product-type-simple"},"yoast_head":"<!-- This site is optimized with the Yoast SEO Premium plugin v27.1 (Yoast SEO v27.1.1) - https:\/\/yoast.com\/product\/yoast-seo-premium-wordpress\/ -->\n<title>Adidas RX Series Light 2026 | Padelhaus<\/title>\n<meta name=\"description\" content=\"Ie\u0161kai naujos padelio raket\u0117s gera kaina? Padelhaus si\u016blo geriausi\u0105 padelio rake\u010di\u0173 pasirinkim\u0105 kiekvienam lygiui \u2013 tavo padelio parduotuv\u0117.\" \/>\n<meta name=\"robots\" content=\"noindex, follow, max-snippet:-1, max-image-preview:large, max-video-preview:-1\" \/>\n<meta property=\"og:locale\" content=\"lt_LT\" \/>\n<meta property=\"og:type\" content=\"article\" \/>\n<meta property=\"og:title\" content=\"Adidas RX Series Light 2026\" \/>\n<meta property=\"og:description\" content=\"Ie\u0161kai naujos padelio raket\u0117s gera kaina? Padelhaus si\u016blo geriausi\u0105 padelio rake\u010di\u0173 pasirinkim\u0105 kiekvienam lygiui \u2013 tavo padelio parduotuv\u0117.\" \/>\n<meta property=\"og:url\" content=\"https:\/\/padelhaus.mustlammas-dev.in\/lt\/parduotuve\/adidas-rx-series-light-2026\/\" \/>\n<meta property=\"og:site_name\" content=\"Padelhaus\" \/>\n<meta property=\"article:modified_time\" content=\"2026-01-21T23:14:31+00:00\" \/>\n<meta property=\"og:image\" content=\"https:\/\/padel-haus.lt\/wp-content\/uploads\/2025\/12\/45.webp\" \/>\n\t<meta property=\"og:image:width\" content=\"1000\" \/>\n\t<meta property=\"og:image:height\" content=\"1000\" \/>\n\t<meta property=\"og:image:type\" content=\"image\/webp\" \/>\n<meta name=\"twitter:card\" content=\"summary_large_image\" \/>\n<meta name=\"twitter:label1\" content=\"Price\" \/>\n\t<meta name=\"twitter:data1\" content=\"109,95&nbsp;&euro;\" \/>\n\t<meta name=\"twitter:label2\" content=\"Availability\" \/>\n\t<meta name=\"twitter:data2\" content=\"Out of stock\" \/>\n<script type=\"application\/ld+json\" class=\"yoast-schema-graph\">{\"@context\":\"https:\/\/schema.org\",\"@graph\":[{\"@type\":[\"WebPage\",\"ItemPage\"],\"@id\":\"https:\/\/padelhaus.mustlammas-dev.in\/lt\/parduotuve\/adidas-rx-series-light-2026\/\",\"url\":\"https:\/\/padelhaus.mustlammas-dev.in\/lt\/parduotuve\/adidas-rx-series-light-2026\/\",\"name\":\"Adidas RX Series Light 2026 | Padelhaus\",\"isPartOf\":{\"@id\":\"https:\/\/padelhaus.mustlammas-dev.in\/lt\/#website\"},\"primaryImageOfPage\":{\"@id\":\"https:\/\/padelhaus.mustlammas-dev.in\/lt\/parduotuve\/adidas-rx-series-light-2026\/#primaryimage\"},\"image\":{\"@id\":\"https:\/\/padelhaus.mustlammas-dev.in\/lt\/parduotuve\/adidas-rx-series-light-2026\/#primaryimage\"},\"thumbnailUrl\":\"https:\/\/padelhaus.mustlammas-dev.in\/wp-content\/uploads\/2025\/12\/45.webp\",\"datePublished\":\"2025-12-11T12:51:09+00:00\",\"dateModified\":\"2026-01-21T23:14:31+00:00\",\"description\":\"Ie\u0161kai naujos padelio raket\u0117s gera kaina? Padelhaus si\u016blo geriausi\u0105 padelio rake\u010di\u0173 pasirinkim\u0105 kiekvienam lygiui \u2013 tavo padelio parduotuv\u0117.\",\"breadcrumb\":{\"@id\":\"https:\/\/padelhaus.mustlammas-dev.in\/lt\/parduotuve\/adidas-rx-series-light-2026\/#breadcrumb\"},\"inLanguage\":\"lt-LT\",\"potentialAction\":[{\"@type\":\"ReadAction\",\"target\":[\"https:\/\/padelhaus.mustlammas-dev.in\/lt\/parduotuve\/adidas-rx-series-light-2026\/\"]}]},{\"@type\":\"ImageObject\",\"inLanguage\":\"lt-LT\",\"@id\":\"https:\/\/padelhaus.mustlammas-dev.in\/lt\/parduotuve\/adidas-rx-series-light-2026\/#primaryimage\",\"url\":\"https:\/\/padelhaus.mustlammas-dev.in\/wp-content\/uploads\/2025\/12\/45.webp\",\"contentUrl\":\"https:\/\/padelhaus.mustlammas-dev.in\/wp-content\/uploads\/2025\/12\/45.webp\",\"width\":1000,\"height\":1000},{\"@type\":\"BreadcrumbList\",\"@id\":\"https:\/\/padelhaus.mustlammas-dev.in\/lt\/parduotuve\/adidas-rx-series-light-2026\/#breadcrumb\",\"itemListElement\":[{\"@type\":\"ListItem\",\"position\":1,\"name\":\"Prad\u017eia\",\"item\":\"https:\/\/padel-haus.lt\/\"},{\"@type\":\"ListItem\",\"position\":2,\"name\":\"Parduotuv\u0117\",\"item\":\"https:\/\/padel-haus.lt\/parduotuve\/\"},{\"@type\":\"ListItem\",\"position\":3,\"name\":\"Adidas RX Series Light 2026\"}]},{\"@type\":\"WebSite\",\"@id\":\"https:\/\/padelhaus.mustlammas-dev.in\/lt\/#website\",\"url\":\"https:\/\/padelhaus.mustlammas-dev.in\/lt\/\",\"name\":\"Claude Padelhaus\",\"description\":\"Sinu padelivarustuse kodu\",\"publisher\":{\"@id\":\"https:\/\/padelhaus.mustlammas-dev.in\/lt\/#organization\"},\"potentialAction\":[{\"@type\":\"SearchAction\",\"target\":{\"@type\":\"EntryPoint\",\"urlTemplate\":\"https:\/\/padelhaus.mustlammas-dev.in\/lt\/?s={search_term_string}\"},\"query-input\":{\"@type\":\"PropertyValueSpecification\",\"valueRequired\":true,\"valueName\":\"search_term_string\"}}],\"inLanguage\":\"lt-LT\"},{\"@type\":\"Organization\",\"@id\":\"https:\/\/padelhaus.mustlammas-dev.in\/lt\/#organization\",\"name\":\"Claude Padelhaus\",\"url\":\"https:\/\/padelhaus.mustlammas-dev.in\/lt\/\",\"logo\":{\"@type\":\"ImageObject\",\"inLanguage\":\"lt-LT\",\"@id\":\"https:\/\/padelhaus.mustlammas-dev.in\/lt\/#\/schema\/logo\/image\/\",\"url\":\"https:\/\/padelhaus.mustlammas-dev.in\/wp-content\/uploads\/2025\/05\/Logo-1.png\",\"contentUrl\":\"https:\/\/padelhaus.mustlammas-dev.in\/wp-content\/uploads\/2025\/05\/Logo-1.png\",\"width\":280,\"height\":115,\"caption\":\"Claude Padelhaus\"},\"image\":{\"@id\":\"https:\/\/padelhaus.mustlammas-dev.in\/lt\/#\/schema\/logo\/image\/\"}}]}<\/script>\n<meta property=\"product:price:amount\" content=\"109.95\" \/>\n<meta property=\"product:price:currency\" content=\"EUR\" \/>\n<meta property=\"og:availability\" content=\"out of stock\" \/>\n<meta property=\"product:availability\" content=\"out of stock\" \/>\n<meta property=\"product:retailer_item_id\" content=\"ADI-R-43\" \/>\n<meta property=\"product:condition\" content=\"new\" \/>\n<!-- \/ Yoast SEO Premium plugin. -->","yoast_head_json":{"title":"Adidas RX Series Light 2026 | Padelhaus","description":"Ie\u0161kai naujos padelio raket\u0117s gera kaina? Padelhaus si\u016blo geriausi\u0105 padelio rake\u010di\u0173 pasirinkim\u0105 kiekvienam lygiui \u2013 tavo padelio parduotuv\u0117.","robots":{"index":"noindex","follow":"follow","max-snippet":"max-snippet:-1","max-image-preview":"max-image-preview:large","max-video-preview":"max-video-preview:-1"},"og_locale":"lt_LT","og_type":"article","og_title":"Adidas RX Series Light 2026","og_description":"Ie\u0161kai naujos padelio raket\u0117s gera kaina? Padelhaus si\u016blo geriausi\u0105 padelio rake\u010di\u0173 pasirinkim\u0105 kiekvienam lygiui \u2013 tavo padelio parduotuv\u0117.","og_url":"https:\/\/padelhaus.mustlammas-dev.in\/lt\/parduotuve\/adidas-rx-series-light-2026\/","og_site_name":"Padelhaus","article_modified_time":"2026-01-21T23:14:31+00:00","og_image":[{"width":1000,"height":1000,"url":"https:\/\/padel-haus.lt\/wp-content\/uploads\/2025\/12\/45.webp","type":"image\/webp"}],"twitter_card":"summary_large_image","twitter_misc":{"Price":"109,95&nbsp;&euro;","Availability":"Out of stock"},"schema":{"@context":"https:\/\/schema.org","@graph":[{"@type":["WebPage","ItemPage"],"@id":"https:\/\/padelhaus.mustlammas-dev.in\/lt\/parduotuve\/adidas-rx-series-light-2026\/","url":"https:\/\/padelhaus.mustlammas-dev.in\/lt\/parduotuve\/adidas-rx-series-light-2026\/","name":"Adidas RX Series Light 2026 | Padelhaus","isPartOf":{"@id":"https:\/\/padelhaus.mustlammas-dev.in\/lt\/#website"},"primaryImageOfPage":{"@id":"https:\/\/padelhaus.mustlammas-dev.in\/lt\/parduotuve\/adidas-rx-series-light-2026\/#primaryimage"},"image":{"@id":"https:\/\/padelhaus.mustlammas-dev.in\/lt\/parduotuve\/adidas-rx-series-light-2026\/#primaryimage"},"thumbnailUrl":"https:\/\/padelhaus.mustlammas-dev.in\/wp-content\/uploads\/2025\/12\/45.webp","datePublished":"2025-12-11T12:51:09+00:00","dateModified":"2026-01-21T23:14:31+00:00","description":"Ie\u0161kai naujos padelio raket\u0117s gera kaina? Padelhaus si\u016blo geriausi\u0105 padelio rake\u010di\u0173 pasirinkim\u0105 kiekvienam lygiui \u2013 tavo padelio parduotuv\u0117.","breadcrumb":{"@id":"https:\/\/padelhaus.mustlammas-dev.in\/lt\/parduotuve\/adidas-rx-series-light-2026\/#breadcrumb"},"inLanguage":"lt-LT","potentialAction":[{"@type":"ReadAction","target":["https:\/\/padelhaus.mustlammas-dev.in\/lt\/parduotuve\/adidas-rx-series-light-2026\/"]}]},{"@type":"ImageObject","inLanguage":"lt-LT","@id":"https:\/\/padelhaus.mustlammas-dev.in\/lt\/parduotuve\/adidas-rx-series-light-2026\/#primaryimage","url":"https:\/\/padelhaus.mustlammas-dev.in\/wp-content\/uploads\/2025\/12\/45.webp","contentUrl":"https:\/\/padelhaus.mustlammas-dev.in\/wp-content\/uploads\/2025\/12\/45.webp","width":1000,"height":1000},{"@type":"BreadcrumbList","@id":"https:\/\/padelhaus.mustlammas-dev.in\/lt\/parduotuve\/adidas-rx-series-light-2026\/#breadcrumb","itemListElement":[{"@type":"ListItem","position":1,"name":"Prad\u017eia","item":"https:\/\/padel-haus.lt\/"},{"@type":"ListItem","position":2,"name":"Parduotuv\u0117","item":"https:\/\/padel-haus.lt\/parduotuve\/"},{"@type":"ListItem","position":3,"name":"Adidas RX Series Light 2026"}]},{"@type":"WebSite","@id":"https:\/\/padelhaus.mustlammas-dev.in\/lt\/#website","url":"https:\/\/padelhaus.mustlammas-dev.in\/lt\/","name":"Claude Padelhaus","description":"Sinu padelivarustuse kodu","publisher":{"@id":"https:\/\/padelhaus.mustlammas-dev.in\/lt\/#organization"},"potentialAction":[{"@type":"SearchAction","target":{"@type":"EntryPoint","urlTemplate":"https:\/\/padelhaus.mustlammas-dev.in\/lt\/?s={search_term_string}"},"query-input":{"@type":"PropertyValueSpecification","valueRequired":true,"valueName":"search_term_string"}}],"inLanguage":"lt-LT"},{"@type":"Organization","@id":"https:\/\/padelhaus.mustlammas-dev.in\/lt\/#organization","name":"Claude Padelhaus","url":"https:\/\/padelhaus.mustlammas-dev.in\/lt\/","logo":{"@type":"ImageObject","inLanguage":"lt-LT","@id":"https:\/\/padelhaus.mustlammas-dev.in\/lt\/#\/schema\/logo\/image\/","url":"https:\/\/padelhaus.mustlammas-dev.in\/wp-content\/uploads\/2025\/05\/Logo-1.png","contentUrl":"https:\/\/padelhaus.mustlammas-dev.in\/wp-content\/uploads\/2025\/05\/Logo-1.png","width":280,"height":115,"caption":"Claude Padelhaus"},"image":{"@id":"https:\/\/padelhaus.mustlammas-dev.in\/lt\/#\/schema\/logo\/image\/"}}]},"product_price_amount":"109.95","product_price_currency":"EUR","og_availability":"out of stock","product_availability":"out of stock","product_retailer_item_id":"ADI-R-43","product_condition":"new"},"_links":{"self":[{"href":"https:\/\/padelhaus.mustlammas-dev.in\/lt\/wp-json\/wp\/v2\/product\/66704","targetHints":{"allow":["GET"]}}],"collection":[{"href":"https:\/\/padelhaus.mustlammas-dev.in\/lt\/wp-json\/wp\/v2\/product"}],"about":[{"href":"https:\/\/padelhaus.mustlammas-dev.in\/lt\/wp-json\/wp\/v2\/types\/product"}],"replies":[{"embeddable":true,"href":"https:\/\/padelhaus.mustlammas-dev.in\/lt\/wp-json\/wp\/v2\/comments?post=66704"}],"wp:featuredmedia":[{"embeddable":true,"href":"https:\/\/padelhaus.mustlammas-dev.in\/lt\/wp-json\/wp\/v2\/media\/69453"}],"wp:attachment":[{"href":"https:\/\/padelhaus.mustlammas-dev.in\/lt\/wp-json\/wp\/v2\/media?parent=66704"}],"wp:term":[{"taxonomy":"product_brand","embeddable":true,"href":"https:\/\/padelhaus.mustlammas-dev.in\/lt\/wp-json\/wp\/v2\/product_brand?post=66704"},{"taxonomy":"product_cat","embeddable":true,"href":"https:\/\/padelhaus.mustlammas-dev.in\/lt\/wp-json\/wp\/v2\/product_cat?post=66704"},{"taxonomy":"product_tag","embeddable":true,"href":"https:\/\/padelhaus.mustlammas-dev.in\/lt\/wp-json\/wp\/v2\/product_tag?post=66704"}],"curies":[{"name":"wp","href":"https:\/\/api.w.org\/{rel}","templated":true}]}}