{"id":66730,"date":"2025-12-11T15:19:22","date_gmt":"2025-12-11T13:19:22","guid":{"rendered":"https:\/\/padelhaus.mustlammas-dev.in\/?post_type=product&#038;p=66730"},"modified":"2026-02-06T15:52:19","modified_gmt":"2026-02-06T13:52:19","slug":"babolat-technical-veron-juan-lebron-3-0","status":"publish","type":"product","link":"https:\/\/padelhaus.mustlammas-dev.in\/lt\/parduotuve\/babolat-technical-veron-juan-lebron-3-0\/","title":{"rendered":"Babolat Technical Veron Juan Lebron 3.0"},"content":{"rendered":"<p data-start=\"72\" data-end=\"105\"><strong data-start=\"72\" data-end=\"105\">Babolat Veron Juan Lebr\u00f3n 3.0<\/strong><\/p>\n<p data-start=\"107\" data-end=\"589\">Babolat Veron Juan Lebr\u00f3n 3.0 yra deimanto formos raket\u0117, turinti auk\u0161t\u0105 balans\u0105, sukurta suteikti sprogstam\u0105j\u0105 j\u0117g\u0105 kiekvienam sm\u016bgiui. Sverianti apie 360 gram\u0173, ji si\u016blo ideal\u0173 j\u0117gos ir manevringumo balans\u0105, leid\u017eian\u010di\u0105 \u017eaid\u0117jui perduoti maksimali\u0105 energij\u0105 neprarandant kontrol\u0117s. Jos konstrukcija sujungia pa\u017eangias med\u017eiagas, kurios padidina na\u0161um\u0105 greitose ir atakuojan\u010diose \u017eaidimo situacijose, u\u017etikrinant tvirt\u0105, stabil\u0173 sm\u016bg\u012f su momentiniu atsaku.  <\/p>\n<h5 data-start=\"591\" data-end=\"618\">Puolantiems \u017eaid\u0117jams<\/h5>\n<p data-start=\"620\" data-end=\"1230\">\u0160i Babolat deimanto formos raket\u0117 yra sukurta pa\u017eengusiems ir profesionalams \u017eaid\u0117jams, norintiems dominuoti \u017eaidime agresyviu po\u017ei\u016briu. <strong data-start=\"778\" data-end=\"794\">Veron JL 3.0<\/strong> leid\u017eia \u017eaid\u0117jams, kurie teikia pirmenyb\u0119 galingiems ir agresyviems sm\u016bgiams, parodyti geriausi\u0105 savo versij\u0105 aik\u0161tel\u0117je. Jos strukt\u016bra leid\u017eia dinami\u0161k\u0105 j\u0117g\u0105 neaukojant komforto, tod\u0117l ji yra idealus s\u0105jungininkas tiems, kurie ie\u0161ko greitos, stabilios ir tikslios raket\u0117s svarbiausiais \u017eaidimo momentais. \u012ekv\u0117pta pirmojo numerio, Juan Lebr\u00f3no \u017eaidimo stiliaus, \u0161ioje raket\u0117je atsispindi j\u0117ga, kontrol\u0117 ir maksimalus saugumas kiekviename veiksme.  <\/p>\n<h5 data-start=\"1232\" data-end=\"1273\">Technin\u0117s detal\u0117s ir technologijos<\/h5>\n<ul>\n<li data-start=\"1277\" data-end=\"1380\"><strong data-start=\"1277\" data-end=\"1300\">Carbon Flex pavir\u0161iai:<\/strong> Anglies ir stiklo pluo\u0161to derinys elastingai j\u0117gai ir dinami\u0161kam sm\u016bgiui<\/li>\n<li data-start=\"1383\" data-end=\"1486\"><strong data-start=\"1383\" data-end=\"1416\">Black EVA vidin\u0117 konstrukcija:<\/strong> Didelio elastingumo guma, kuri maksimalizuoja j\u0117g\u0105 ir komfort\u0105 kiekviename sm\u016bgyje<\/li>\n<li data-start=\"1489\" data-end=\"1590\"><strong data-start=\"1489\" data-end=\"1514\">Holes Pattern System:<\/strong> Optimizuotas skyli\u0173 i\u0161d\u0117stymas, kuris pagerina tikslum\u0105 ir energijos perdavim\u0105<\/li>\n<li data-start=\"1593\" data-end=\"1649\"><strong data-start=\"1593\" data-end=\"1605\">3D Spin:<\/strong> Grubl\u0117ta tekst\u016bra, kuri padidina kamuoliuko sukim\u0105si<\/li>\n<li data-start=\"1652\" data-end=\"1761\"><strong data-start=\"1652\" data-end=\"1674\">Dynamic Stability:<\/strong> Sustiprinta strukt\u016bra raket\u0117s \u0161irdyje, kuri u\u017etikrina didesn\u012f stabilum\u0105, kontrol\u0119 ir j\u0117g\u0105<\/li>\n<\/ul>\n<p data-start=\"1763\" data-end=\"2053\">Babolat Veron Juan Lebr\u00f3n 3.0 yra ideali tiems, kurie ie\u0161ko \u012frankio savo lygiui pakelti, si\u016blan\u010dio kontroliuojam\u0105 j\u0117g\u0105 ir unikalius poj\u016b\u010dius. D\u0117l savo pa\u017eangios technologijos ir \u201eVilko\u201c \u017eaidimo stiliaus \u012fkv\u0117pto dizaino \u0161i raket\u0117 u\u017etikrina puik\u0173 na\u0161um\u0105 kiekviename ta\u0161ke. <\/p>\n<h5 data-start=\"733\" data-end=\"861\">Specifikacijos<\/h5>\n<ul>\n<li data-start=\"39\" data-end=\"59\"><strong data-start=\"39\" data-end=\"49\">Prek\u0117s \u017eenklas:<\/strong> Babolat<\/li>\n<li data-start=\"62\" data-end=\"79\"><strong data-start=\"62\" data-end=\"71\">Spalva:<\/strong> Oran\u017ein\u0117<\/li>\n<li data-start=\"82\" data-end=\"108\"><strong data-start=\"82\" data-end=\"92\">Produktas:<\/strong> Padeli\u0173 raket\u0117s<\/li>\n<li data-start=\"111\" data-end=\"132\"><strong data-start=\"111\" data-end=\"124\">Balansas:<\/strong> Auk\u0161tas<\/li>\n<li data-start=\"135\" data-end=\"158\"><strong data-start=\"135\" data-end=\"147\">\u0160erdis:<\/strong> Juoda EVA<\/li>\n<li data-start=\"161\" data-end=\"193\"><strong data-start=\"161\" data-end=\"179\">Pavir\u0161iaus med\u017eiaga:<\/strong> Carbon Flex<\/li>\n<li data-start=\"196\" data-end=\"227\"><strong data-start=\"196\" data-end=\"208\">Formatas:<\/strong> Standartinis formatas<\/li>\n<li data-start=\"230\" data-end=\"270\"><strong data-start=\"230\" data-end=\"244\">\u017daidimo lygis:<\/strong> Pa\u017eeng\u0119s \/ Var\u017eybos<\/li>\n<li data-start=\"273\" data-end=\"298\"><strong data-start=\"273\" data-end=\"288\">Apdaila:<\/strong> 3D Spin<\/li>\n<li data-start=\"301\" data-end=\"325\"><strong data-start=\"301\" data-end=\"310\">Forma:<\/strong> Deimanto forma<\/li>\n<li data-start=\"328\" data-end=\"371\"><strong data-start=\"328\" data-end=\"343\">Pavir\u0161iaus tipas:<\/strong> Grubl\u0117tas pavir\u0161ius (Rough Surface)<\/li>\n<li data-start=\"374\" data-end=\"396\"><strong data-start=\"374\" data-end=\"388\">\u017daidimo tipas:<\/strong> Power<\/li>\n<li data-start=\"399\" data-end=\"446\"><strong data-start=\"399\" data-end=\"411\">Kolekcija:<\/strong> Juan Lebr\u00f3n \u017eaid\u0117j\u0173 kolekcija<\/li>\n<\/ul>\n","protected":false},"excerpt":{"rendered":"<p>Babolat Veron Juan Lebr\u00f3n 3.0 Babolat Veron Juan Lebr\u00f3n 3.0 yra deimanto formos raket\u0117, turinti auk\u0161t\u0105 balans\u0105, sukurta suteikti sprogstam\u0105j\u0105 j\u0117g\u0105 kiekvienam sm\u016bgiui. Sverianti apie 360 gram\u0173, ji si\u016blo ideal\u0173 j\u0117gos ir manevringumo balans\u0105, leid\u017eian\u010di\u0105 \u017eaid\u0117jui perduoti maksimali\u0105 energij\u0105 neprarandant kontrol\u0117s. Jos konstrukcija sujungia pa\u017eangias med\u017eiagas, kurios padidina na\u0161um\u0105 greitose ir atakuojan\u010diose \u017eaidimo situacijose, u\u017etikrinant [&hellip;]<\/p>\n","protected":false},"featured_media":70164,"comment_status":"open","ping_status":"closed","template":"","meta":{"_eb_attr":""},"product_brand":[378],"product_cat":[387,252,273],"product_tag":[],"class_list":{"0":"post-66730","1":"product","2":"type-product","3":"status-publish","4":"has-post-thumbnail","6":"product_brand-babolat","7":"product_cat-babolat","8":"product_cat-padelio-raketes","9":"product_cat-pazenges","10":"pa_kaal-360g","11":"pa_kuju-deimantas","12":"pa_mangustiil-puolimas","13":"pa_tasakaal-virsuje","14":"pa_tase-pazenges","15":"pa_varv-oranzine","18":"first","19":"instock","20":"sale","21":"taxable","22":"shipping-taxable","23":"purchasable","24":"product-type-simple"},"yoast_head":"<!-- This site is optimized with the Yoast SEO Premium plugin v27.1 (Yoast SEO v27.1.1) - https:\/\/yoast.com\/product\/yoast-seo-premium-wordpress\/ -->\n<title>Babolat Technical Veron Juan Lebron 3.0 | Padelhaus<\/title>\n<meta name=\"description\" content=\"Ie\u0161kai naujos padelio raket\u0117s gera kaina? Padelhaus si\u016blo geriausi\u0105 padelio rake\u010di\u0173 pasirinkim\u0105 kiekvienam lygiui \u2013 tavo padelio parduotuv\u0117.\" \/>\n<meta name=\"robots\" content=\"noindex, follow, max-snippet:-1, max-image-preview:large, max-video-preview:-1\" \/>\n<meta property=\"og:locale\" content=\"lt_LT\" \/>\n<meta property=\"og:type\" content=\"article\" \/>\n<meta property=\"og:title\" content=\"Babolat Technical Veron Juan Lebron 3.0\" \/>\n<meta property=\"og:description\" content=\"Ie\u0161kai naujos padelio raket\u0117s gera kaina? Padelhaus si\u016blo geriausi\u0105 padelio rake\u010di\u0173 pasirinkim\u0105 kiekvienam lygiui \u2013 tavo padelio parduotuv\u0117.\" \/>\n<meta property=\"og:url\" content=\"https:\/\/padelhaus.mustlammas-dev.in\/lt\/parduotuve\/babolat-technical-veron-juan-lebron-3-0\/\" \/>\n<meta property=\"og:site_name\" content=\"Padelhaus\" \/>\n<meta property=\"article:modified_time\" content=\"2026-02-06T13:52:19+00:00\" \/>\n<meta property=\"og:image\" content=\"https:\/\/padel-haus.lt\/wp-content\/uploads\/2025\/12\/57.webp\" \/>\n\t<meta property=\"og:image:width\" content=\"1000\" \/>\n\t<meta property=\"og:image:height\" content=\"1000\" \/>\n\t<meta property=\"og:image:type\" content=\"image\/webp\" \/>\n<meta name=\"twitter:card\" content=\"summary_large_image\" \/>\n<meta name=\"twitter:label1\" content=\"Price\" \/>\n\t<meta name=\"twitter:data1\" content=\"199,95&nbsp;&euro;\" \/>\n\t<meta name=\"twitter:label2\" content=\"Availability\" \/>\n\t<meta name=\"twitter:data2\" content=\"In stock\" \/>\n<script type=\"application\/ld+json\" class=\"yoast-schema-graph\">{\"@context\":\"https:\/\/schema.org\",\"@graph\":[{\"@type\":[\"WebPage\",\"ItemPage\"],\"@id\":\"https:\/\/padelhaus.mustlammas-dev.in\/lt\/parduotuve\/babolat-technical-veron-juan-lebron-3-0\/\",\"url\":\"https:\/\/padelhaus.mustlammas-dev.in\/lt\/parduotuve\/babolat-technical-veron-juan-lebron-3-0\/\",\"name\":\"Babolat Technical Veron Juan Lebron 3.0 | Padelhaus\",\"isPartOf\":{\"@id\":\"https:\/\/padelhaus.mustlammas-dev.in\/lt\/#website\"},\"primaryImageOfPage\":{\"@id\":\"https:\/\/padelhaus.mustlammas-dev.in\/lt\/parduotuve\/babolat-technical-veron-juan-lebron-3-0\/#primaryimage\"},\"image\":{\"@id\":\"https:\/\/padelhaus.mustlammas-dev.in\/lt\/parduotuve\/babolat-technical-veron-juan-lebron-3-0\/#primaryimage\"},\"thumbnailUrl\":\"https:\/\/padelhaus.mustlammas-dev.in\/wp-content\/uploads\/2025\/12\/57.webp\",\"datePublished\":\"2025-12-11T13:19:22+00:00\",\"dateModified\":\"2026-02-06T13:52:19+00:00\",\"description\":\"Ie\u0161kai naujos padelio raket\u0117s gera kaina? Padelhaus si\u016blo geriausi\u0105 padelio rake\u010di\u0173 pasirinkim\u0105 kiekvienam lygiui \u2013 tavo padelio parduotuv\u0117.\",\"breadcrumb\":{\"@id\":\"https:\/\/padelhaus.mustlammas-dev.in\/lt\/parduotuve\/babolat-technical-veron-juan-lebron-3-0\/#breadcrumb\"},\"inLanguage\":\"lt-LT\",\"potentialAction\":[{\"@type\":\"ReadAction\",\"target\":[\"https:\/\/padelhaus.mustlammas-dev.in\/lt\/parduotuve\/babolat-technical-veron-juan-lebron-3-0\/\"]}]},{\"@type\":\"ImageObject\",\"inLanguage\":\"lt-LT\",\"@id\":\"https:\/\/padelhaus.mustlammas-dev.in\/lt\/parduotuve\/babolat-technical-veron-juan-lebron-3-0\/#primaryimage\",\"url\":\"https:\/\/padelhaus.mustlammas-dev.in\/wp-content\/uploads\/2025\/12\/57.webp\",\"contentUrl\":\"https:\/\/padelhaus.mustlammas-dev.in\/wp-content\/uploads\/2025\/12\/57.webp\",\"width\":1000,\"height\":1000},{\"@type\":\"BreadcrumbList\",\"@id\":\"https:\/\/padelhaus.mustlammas-dev.in\/lt\/parduotuve\/babolat-technical-veron-juan-lebron-3-0\/#breadcrumb\",\"itemListElement\":[{\"@type\":\"ListItem\",\"position\":1,\"name\":\"Prad\u017eia\",\"item\":\"https:\/\/padel-haus.lt\/\"},{\"@type\":\"ListItem\",\"position\":2,\"name\":\"Parduotuv\u0117\",\"item\":\"https:\/\/padel-haus.lt\/parduotuve\/\"},{\"@type\":\"ListItem\",\"position\":3,\"name\":\"Babolat Technical Veron Juan Lebron 3.0\"}]},{\"@type\":\"WebSite\",\"@id\":\"https:\/\/padelhaus.mustlammas-dev.in\/lt\/#website\",\"url\":\"https:\/\/padelhaus.mustlammas-dev.in\/lt\/\",\"name\":\"Claude Padelhaus\",\"description\":\"Sinu padelivarustuse kodu\",\"publisher\":{\"@id\":\"https:\/\/padelhaus.mustlammas-dev.in\/lt\/#organization\"},\"potentialAction\":[{\"@type\":\"SearchAction\",\"target\":{\"@type\":\"EntryPoint\",\"urlTemplate\":\"https:\/\/padelhaus.mustlammas-dev.in\/lt\/?s={search_term_string}\"},\"query-input\":{\"@type\":\"PropertyValueSpecification\",\"valueRequired\":true,\"valueName\":\"search_term_string\"}}],\"inLanguage\":\"lt-LT\"},{\"@type\":\"Organization\",\"@id\":\"https:\/\/padelhaus.mustlammas-dev.in\/lt\/#organization\",\"name\":\"Claude Padelhaus\",\"url\":\"https:\/\/padelhaus.mustlammas-dev.in\/lt\/\",\"logo\":{\"@type\":\"ImageObject\",\"inLanguage\":\"lt-LT\",\"@id\":\"https:\/\/padelhaus.mustlammas-dev.in\/lt\/#\/schema\/logo\/image\/\",\"url\":\"https:\/\/padelhaus.mustlammas-dev.in\/wp-content\/uploads\/2025\/05\/Logo-1.png\",\"contentUrl\":\"https:\/\/padelhaus.mustlammas-dev.in\/wp-content\/uploads\/2025\/05\/Logo-1.png\",\"width\":280,\"height\":115,\"caption\":\"Claude Padelhaus\"},\"image\":{\"@id\":\"https:\/\/padelhaus.mustlammas-dev.in\/lt\/#\/schema\/logo\/image\/\"}}]}<\/script>\n<meta property=\"product:price:amount\" content=\"199.95\" \/>\n<meta property=\"product:price:currency\" content=\"EUR\" \/>\n<meta property=\"og:availability\" content=\"instock\" \/>\n<meta property=\"product:availability\" content=\"instock\" \/>\n<meta property=\"product:retailer_item_id\" content=\"BAB-R-17\" \/>\n<meta property=\"product:condition\" content=\"new\" \/>\n<!-- \/ Yoast SEO Premium plugin. -->","yoast_head_json":{"title":"Babolat Technical Veron Juan Lebron 3.0 | Padelhaus","description":"Ie\u0161kai naujos padelio raket\u0117s gera kaina? Padelhaus si\u016blo geriausi\u0105 padelio rake\u010di\u0173 pasirinkim\u0105 kiekvienam lygiui \u2013 tavo padelio parduotuv\u0117.","robots":{"index":"noindex","follow":"follow","max-snippet":"max-snippet:-1","max-image-preview":"max-image-preview:large","max-video-preview":"max-video-preview:-1"},"og_locale":"lt_LT","og_type":"article","og_title":"Babolat Technical Veron Juan Lebron 3.0","og_description":"Ie\u0161kai naujos padelio raket\u0117s gera kaina? Padelhaus si\u016blo geriausi\u0105 padelio rake\u010di\u0173 pasirinkim\u0105 kiekvienam lygiui \u2013 tavo padelio parduotuv\u0117.","og_url":"https:\/\/padelhaus.mustlammas-dev.in\/lt\/parduotuve\/babolat-technical-veron-juan-lebron-3-0\/","og_site_name":"Padelhaus","article_modified_time":"2026-02-06T13:52:19+00:00","og_image":[{"width":1000,"height":1000,"url":"https:\/\/padel-haus.lt\/wp-content\/uploads\/2025\/12\/57.webp","type":"image\/webp"}],"twitter_card":"summary_large_image","twitter_misc":{"Price":"199,95&nbsp;&euro;","Availability":"In stock"},"schema":{"@context":"https:\/\/schema.org","@graph":[{"@type":["WebPage","ItemPage"],"@id":"https:\/\/padelhaus.mustlammas-dev.in\/lt\/parduotuve\/babolat-technical-veron-juan-lebron-3-0\/","url":"https:\/\/padelhaus.mustlammas-dev.in\/lt\/parduotuve\/babolat-technical-veron-juan-lebron-3-0\/","name":"Babolat Technical Veron Juan Lebron 3.0 | Padelhaus","isPartOf":{"@id":"https:\/\/padelhaus.mustlammas-dev.in\/lt\/#website"},"primaryImageOfPage":{"@id":"https:\/\/padelhaus.mustlammas-dev.in\/lt\/parduotuve\/babolat-technical-veron-juan-lebron-3-0\/#primaryimage"},"image":{"@id":"https:\/\/padelhaus.mustlammas-dev.in\/lt\/parduotuve\/babolat-technical-veron-juan-lebron-3-0\/#primaryimage"},"thumbnailUrl":"https:\/\/padelhaus.mustlammas-dev.in\/wp-content\/uploads\/2025\/12\/57.webp","datePublished":"2025-12-11T13:19:22+00:00","dateModified":"2026-02-06T13:52:19+00:00","description":"Ie\u0161kai naujos padelio raket\u0117s gera kaina? Padelhaus si\u016blo geriausi\u0105 padelio rake\u010di\u0173 pasirinkim\u0105 kiekvienam lygiui \u2013 tavo padelio parduotuv\u0117.","breadcrumb":{"@id":"https:\/\/padelhaus.mustlammas-dev.in\/lt\/parduotuve\/babolat-technical-veron-juan-lebron-3-0\/#breadcrumb"},"inLanguage":"lt-LT","potentialAction":[{"@type":"ReadAction","target":["https:\/\/padelhaus.mustlammas-dev.in\/lt\/parduotuve\/babolat-technical-veron-juan-lebron-3-0\/"]}]},{"@type":"ImageObject","inLanguage":"lt-LT","@id":"https:\/\/padelhaus.mustlammas-dev.in\/lt\/parduotuve\/babolat-technical-veron-juan-lebron-3-0\/#primaryimage","url":"https:\/\/padelhaus.mustlammas-dev.in\/wp-content\/uploads\/2025\/12\/57.webp","contentUrl":"https:\/\/padelhaus.mustlammas-dev.in\/wp-content\/uploads\/2025\/12\/57.webp","width":1000,"height":1000},{"@type":"BreadcrumbList","@id":"https:\/\/padelhaus.mustlammas-dev.in\/lt\/parduotuve\/babolat-technical-veron-juan-lebron-3-0\/#breadcrumb","itemListElement":[{"@type":"ListItem","position":1,"name":"Prad\u017eia","item":"https:\/\/padel-haus.lt\/"},{"@type":"ListItem","position":2,"name":"Parduotuv\u0117","item":"https:\/\/padel-haus.lt\/parduotuve\/"},{"@type":"ListItem","position":3,"name":"Babolat Technical Veron Juan Lebron 3.0"}]},{"@type":"WebSite","@id":"https:\/\/padelhaus.mustlammas-dev.in\/lt\/#website","url":"https:\/\/padelhaus.mustlammas-dev.in\/lt\/","name":"Claude Padelhaus","description":"Sinu padelivarustuse kodu","publisher":{"@id":"https:\/\/padelhaus.mustlammas-dev.in\/lt\/#organization"},"potentialAction":[{"@type":"SearchAction","target":{"@type":"EntryPoint","urlTemplate":"https:\/\/padelhaus.mustlammas-dev.in\/lt\/?s={search_term_string}"},"query-input":{"@type":"PropertyValueSpecification","valueRequired":true,"valueName":"search_term_string"}}],"inLanguage":"lt-LT"},{"@type":"Organization","@id":"https:\/\/padelhaus.mustlammas-dev.in\/lt\/#organization","name":"Claude Padelhaus","url":"https:\/\/padelhaus.mustlammas-dev.in\/lt\/","logo":{"@type":"ImageObject","inLanguage":"lt-LT","@id":"https:\/\/padelhaus.mustlammas-dev.in\/lt\/#\/schema\/logo\/image\/","url":"https:\/\/padelhaus.mustlammas-dev.in\/wp-content\/uploads\/2025\/05\/Logo-1.png","contentUrl":"https:\/\/padelhaus.mustlammas-dev.in\/wp-content\/uploads\/2025\/05\/Logo-1.png","width":280,"height":115,"caption":"Claude Padelhaus"},"image":{"@id":"https:\/\/padelhaus.mustlammas-dev.in\/lt\/#\/schema\/logo\/image\/"}}]},"product_price_amount":"199.95","product_price_currency":"EUR","og_availability":"instock","product_availability":"instock","product_retailer_item_id":"BAB-R-17","product_condition":"new"},"_links":{"self":[{"href":"https:\/\/padelhaus.mustlammas-dev.in\/lt\/wp-json\/wp\/v2\/product\/66730","targetHints":{"allow":["GET"]}}],"collection":[{"href":"https:\/\/padelhaus.mustlammas-dev.in\/lt\/wp-json\/wp\/v2\/product"}],"about":[{"href":"https:\/\/padelhaus.mustlammas-dev.in\/lt\/wp-json\/wp\/v2\/types\/product"}],"replies":[{"embeddable":true,"href":"https:\/\/padelhaus.mustlammas-dev.in\/lt\/wp-json\/wp\/v2\/comments?post=66730"}],"wp:featuredmedia":[{"embeddable":true,"href":"https:\/\/padelhaus.mustlammas-dev.in\/lt\/wp-json\/wp\/v2\/media\/70164"}],"wp:attachment":[{"href":"https:\/\/padelhaus.mustlammas-dev.in\/lt\/wp-json\/wp\/v2\/media?parent=66730"}],"wp:term":[{"taxonomy":"product_brand","embeddable":true,"href":"https:\/\/padelhaus.mustlammas-dev.in\/lt\/wp-json\/wp\/v2\/product_brand?post=66730"},{"taxonomy":"product_cat","embeddable":true,"href":"https:\/\/padelhaus.mustlammas-dev.in\/lt\/wp-json\/wp\/v2\/product_cat?post=66730"},{"taxonomy":"product_tag","embeddable":true,"href":"https:\/\/padelhaus.mustlammas-dev.in\/lt\/wp-json\/wp\/v2\/product_tag?post=66730"}],"curies":[{"name":"wp","href":"https:\/\/api.w.org\/{rel}","templated":true}]}}