{"id":66829,"date":"2025-12-06T03:00:58","date_gmt":"2025-12-06T01:00:58","guid":{"rendered":"https:\/\/padelhaus.mustlammas-dev.in\/?post_type=product&#038;p=66829"},"modified":"2026-03-05T17:00:13","modified_gmt":"2026-03-05T15:00:13","slug":"siux-valkiria-go","status":"publish","type":"product","link":"https:\/\/padelhaus.mustlammas-dev.in\/lt\/parduotuve\/siux-valkiria-go\/","title":{"rendered":"Siux Valkiria Go"},"content":{"rendered":"<p data-start=\"239\" data-end=\"313\"><strong data-start=\"239\" data-end=\"313\">SIUX VALKIRIA GO 2025: <\/strong>Siux Valkiria Go 2025 \u2013 Pusiausvyra ir Kontrol\u0117 Vidutinio Lygio \u017daid\u0117jui<\/p>\n<p data-start=\"70\" data-end=\"501\">Siux Valkiria Go 2025 yra puikus pasirinkimas vidutinio lygio \u017eaid\u0117jams, ie\u0161kantiems komforto, lengvo valdymo ir subalansuoto poj\u016b\u010dio. Jis pad\u0117s tau tobulinti savo \u017eaidim\u0105, u\u017etikrindamas skland\u0173 kamuoliuko i\u0161\u0117jim\u0105 ir lengv\u0105 manevringum\u0105. Nuo pirmo sm\u016bgio jis suteikia malon\u0173 prisilietim\u0105 ir stabili\u0105 reakcij\u0105, idealiai tinka tiems, kurie nori tobulinti savo technik\u0105, m\u0117gaudamiesi patikimu ir universaliu raketu.  <\/p>\n<p data-start=\"503\" data-end=\"958\">\u0160io modelio pavir\u0161ius pagamintas i\u0161 3K Alumesh anglies pluo\u0161to, kuris sujungia 3K anglies pluo\u0161t\u0105 su aliuminiu, kad sukurt\u0173 elasting\u0105 ir lengv\u0105 poj\u016bt\u012f. Gausi lengvesn\u012f valdym\u0105, neprarasdamas pasitik\u0117jimo sm\u016bgio metu. R\u0117mas sudarytas i\u0161 anglies ir stiklo pluo\u0161to (50\/50), u\u017etikrinantis ger\u0105 patvarum\u0105, atsparum\u0105 sm\u016bgiams ir papildom\u0105 komfort\u0105 d\u0117l savo lankstumo. \u0160ios med\u017eiagos prisideda prie stabilumo ir suma\u017eina vibracij\u0105, apsaugodamos tavo rank\u0105 ilgo \u017eaidimo metu.   <\/p>\n<p data-start=\"960\" data-end=\"1173\">\u0160erdis yra EVA Soft gumos. Ma\u017eo tankio guma sugeria vibracijas ir u\u017etikrina puik\u0173 at\u0161okim\u0105, sukurdama mink\u0161t\u0105 ir patog\u0173 poj\u016bt\u012f. Blizgus pavir\u0161ius suteikia \u0161vari\u0105 apdail\u0105, apsaugan\u010di\u0105 raket\u0119 ilgainiui.  <\/p>\n<h5 data-start=\"1175\" data-end=\"1238\">Hibridin\u0117 Forma ir Vidutinis Balansas Visiems \u017daidimo Stiliams<\/h5>\n<p data-start=\"1240\" data-end=\"1739\">Valkiria Go 2025 turi hibridin\u0119 form\u0105, kuri sujungia apvalios raket\u0117s kontrol\u0119 ir a\u0161aros formos raket\u0117s gali\u0105. Tai suteikia subalansuot\u0105 reakcij\u0105 tiek gynyboje, tiek atakuojant. Vidutinis balansas tolygiai paskirsto svor\u012f per vis\u0105 raket\u0119, pagerindamas mobilum\u0105 ir suteikdamas didel\u0119 \u201esweet spot\u201c zon\u0105. Net ir centriniai sm\u016bgiai i\u0161lieka kontroliuojami, leid\u017eiantys tau \u017eaisti su didesniu pasitik\u0117jimu ir tikslumu. Vidutinio lygio \u017eaid\u0117jams \u0161is derinys suteikia atlaidum\u0105, tikslum\u0105 ir pakankamai galios, kai padidini kamuoliuko greit\u012f.    <\/p>\n<h5 data-start=\"1741\" data-end=\"1768\">Pa\u017eangiausios Siux technologijos<\/h5>\n<ul data-start=\"1770\" data-end=\"2096\">\n<li data-start=\"1770\" data-end=\"1886\">\n<p data-start=\"1772\" data-end=\"1886\"><strong data-start=\"1772\" data-end=\"1791\">3K Alumesh Pluo\u0161tas<\/strong>: Anglies ir aliuminio mi\u0161inys, suteikiantis lengvesn\u012f ir elastingesn\u012f poj\u016bt\u012f kartu su stabiliu patikimumu.<\/p>\n<\/li>\n<li data-start=\"1887\" data-end=\"2003\">\n<p data-start=\"1889\" data-end=\"2003\"><strong data-start=\"1889\" data-end=\"1909\">EVA Soft \u0160erdis<\/strong>: Puikus vibracijos sug\u0117rimas ir kamuoliuko at\u0161okimas su mink\u0161tu, rankai draugi\u0161ku poj\u016b\u010diu.<\/p>\n<\/li>\n<li data-start=\"2004\" data-end=\"2096\">\n<p data-start=\"2006\" data-end=\"2096\"><strong data-start=\"2006\" data-end=\"2038\">50\/50 Anglies-Stiklo Pluo\u0161to R\u0117mas<\/strong>: Tvirtas, patvarus ir lankstus, u\u017etikrinantis patog\u0173 \u017eaidim\u0105.<\/p>\n<\/li>\n<\/ul>\n<h5 data-start=\"2098\" data-end=\"2126\">Kam Tinka \u0160i Raket\u0117?<\/h5>\n<p data-start=\"2128\" data-end=\"2553\">Siux Valkiria Go 2025 skirta vidutinio lygio \u017eaid\u0117jams, ie\u0161kantiems subalansuotos raket\u0117s, kuri palaikyt\u0173 j\u0173 tobul\u0117jim\u0105. Tinka \u017eaid\u0117jams, vertinantiems komfort\u0105, skland\u0173 kamuoliuko i\u0161\u0117jim\u0105 ir mink\u0161t\u0105 poj\u016bt\u012f. Hibridin\u0117 forma padeda kontroliuoti, o bendras dizainas leid\u017eia tau i\u0161vystyti j\u0117g\u0105 atakuojant. Tai puikus pasirinkimas universalaus \u017eaidimo stiliaus \u017eaid\u0117jams, kurie skland\u017eiai pereina tarp gynybos ir atakos.   <\/p>\n<h5 data-start=\"2555\" data-end=\"2609\">Da\u017eniausiai U\u017eduodami Klausimai \u2013 Siux Valkiria Go 2025<\/h5>\n<p data-start=\"2611\" data-end=\"2752\"><strong data-start=\"2611\" data-end=\"2645\">Kokiam \u017eaid\u0117jui ji tinka?<\/strong><br data-start=\"2645\" data-end=\"2648\">Vidutinio lygio \u017eaid\u0117jams, ie\u0161kantiems patogios, lengvos ir subalansuotos raket\u0117s, kuri palaikyt\u0173 j\u0173 tobul\u0117jim\u0105.<\/p>\n<p data-start=\"2754\" data-end=\"2884\"><strong data-start=\"2754\" data-end=\"2790\">Kokios med\u017eiagos naudojamos?<\/strong><br data-start=\"2790\" data-end=\"2793\">3K Alumesh pluo\u0161tas pavir\u0161iuose, hibridinis anglies-stiklo pluo\u0161to r\u0117mas ir EVA Soft gumos \u0161erdis.<\/p>\n<p data-start=\"2886\" data-end=\"3035\"><strong data-start=\"2886\" data-end=\"2944\">Kokie yra hibridin\u0117s formos ir vidutinio balanso privalumai?<\/strong><br data-start=\"2944\" data-end=\"2947\">Ji suteikia kontrol\u0117s ir galios derin\u012f, lengvesn\u012f manevringum\u0105 ir didesn\u0119 \u201esweet spot\u201c zon\u0105.<\/p>\n<p data-start=\"3037\" data-end=\"3147\"><strong data-start=\"3037\" data-end=\"3073\">Ar ji padeda i\u0161vengti traum\u0173?<\/strong><br data-start=\"3073\" data-end=\"3076\">Taip, EVA Soft \u0161erdis gerai sugeria vibracijas ir ma\u017eina rankos nuovarg\u012f.<\/p>\n<p data-start=\"3149\" data-end=\"3414\"><strong data-start=\"3149\" data-end=\"3192\">Kaip ji lyginama su kitais preki\u0173 \u017eenklais?<\/strong><br data-start=\"3192\" data-end=\"3195\">Ji i\u0161siskiria savo lengvu ir elastingumu poj\u016b\u010diu, si\u016blydama subalansuot\u0105 dizain\u0105, tinkant\u012f tobul\u0117jimui. Tai patogi alternatyva standesn\u0117ms ar specializuotoms raket\u0117ms i\u0161 toki\u0173 preki\u0173 \u017eenkl\u0173 kaip Nox, Bullpadel, Head ar Adidas. <\/p>\n<h5 data-start=\"3416\" data-end=\"3464\">Apibendrinimas: I\u0161manus Pasirinkimas Tobul\u0117jan\u010diam \u017daid\u0117jui<\/h5>\n<p data-start=\"3466\" data-end=\"3932\" data-is-last-node=\"\" data-is-only-node=\"\">Siux Valkiria Go 2025 sujungia kokybi\u0161kas med\u017eiagas, hibridin\u0119 form\u0105 ir patogi\u0105 mink\u0161t\u0105 \u0161erd\u012f, kad pasi\u016blyt\u0173 raket\u0119, kuri yra tiek atlaidi, tiek dinami\u0161ka. Ji sukurta \u017eaid\u0117jams, norintiems tobulinti savo technik\u0105 su \u012frankiu, kuris suteikia kontrol\u0119, gali\u0105 ir skland\u0173 valdym\u0105. Jei ie\u0161kai raket\u0117s, kuri palaikyt\u0173 tavo tobul\u0117jim\u0105 ir pad\u0117t\u0173 tau \u017eaisti u\u017etikrintai, Valkiria Go 2025 yra i\u0161mani investicija. M\u0117gaukis subalansuotu, patogiu poj\u016b\u010diu ir pakelk savo \u017eaidim\u0105 \u012f kit\u0105 lyg\u012f.   <\/p>\n<h5 data-start=\"733\" data-end=\"861\">Specifikacijos<\/h5>\n<ul>\n<li><strong>Prek\u0117s \u017eenklas<\/strong>: Siux<\/li>\n<li><strong>Lytis<\/strong>: Unisex<\/li>\n<li><strong>Lygis<\/strong>: Vidutinis<\/li>\n<li><strong>\u017daidimo tipas<\/strong>: Universalus<\/li>\n<li><strong>Forma<\/strong>: Hibridin\u0117<\/li>\n<li><strong>Svoris<\/strong>: 345\u2013355 g<\/li>\n<li><strong>Strukt\u016bra<\/strong>: Anglies<\/li>\n<li><strong>\u0160erdis<\/strong>: EVA Mix<\/li>\n<li><strong>Pavir\u0161ius<\/strong>: Aliuminizuotas anglies pluo\u0161tas<\/li>\n<li><strong>Sezonas<\/strong>: 2025<\/li>\n<\/ul>\n","protected":false},"excerpt":{"rendered":"<p>SIUX VALKIRIA GO 2025: Siux Valkiria Go 2025 \u2013 Pusiausvyra ir Kontrol\u0117 Vidutinio Lygio \u017daid\u0117jui Siux Valkiria Go 2025 yra puikus pasirinkimas vidutinio lygio \u017eaid\u0117jams, ie\u0161kantiems komforto, lengvo valdymo ir subalansuoto poj\u016b\u010dio. Jis pad\u0117s tau tobulinti savo \u017eaidim\u0105, u\u017etikrindamas skland\u0173 kamuoliuko i\u0161\u0117jim\u0105 ir lengv\u0105 manevringum\u0105. Nuo pirmo sm\u016bgio jis suteikia malon\u0173 prisilietim\u0105 ir stabili\u0105 reakcij\u0105, [&hellip;]<\/p>\n","protected":false},"featured_media":72155,"comment_status":"open","ping_status":"closed","template":"","meta":{"_eb_attr":""},"product_brand":[272],"product_cat":[328,252,362,274,275],"product_tag":[],"class_list":{"0":"post-66829","1":"product","2":"type-product","3":"status-publish","4":"has-post-thumbnail","6":"product_brand-siux","7":"product_cat-moterys","8":"product_cat-padelio-raketes","9":"product_cat-pradedantieji","10":"product_cat-siux","11":"product_cat-vyrai","12":"pa_kuju-lasas","13":"pa_mangustiil-hibridine","14":"pa_tasakaal-viduryje","15":"pa_tase-pradedantysis","16":"pa_varv-melyna","19":"first","20":"onbackorder","21":"sale","22":"taxable","23":"shipping-taxable","24":"purchasable","25":"product-type-simple"},"yoast_head":"<!-- This site is optimized with the Yoast SEO Premium plugin v27.1 (Yoast SEO v27.1.1) - https:\/\/yoast.com\/product\/yoast-seo-premium-wordpress\/ -->\n<title>Siux Valkiria Go | Padelhaus<\/title>\n<meta name=\"description\" content=\"Ie\u0161kai naujos padelio raket\u0117s gera kaina? Padelhaus si\u016blo geriausi\u0105 padelio rake\u010di\u0173 pasirinkim\u0105 kiekvienam lygiui \u2013 tavo padelio parduotuv\u0117.\" \/>\n<meta name=\"robots\" content=\"noindex, follow, max-snippet:-1, max-image-preview:large, max-video-preview:-1\" \/>\n<meta property=\"og:locale\" content=\"lt_LT\" \/>\n<meta property=\"og:type\" content=\"article\" \/>\n<meta property=\"og:title\" content=\"Siux Valkiria Go\" \/>\n<meta property=\"og:description\" content=\"Ie\u0161kai naujos padelio raket\u0117s gera kaina? Padelhaus si\u016blo geriausi\u0105 padelio rake\u010di\u0173 pasirinkim\u0105 kiekvienam lygiui \u2013 tavo padelio parduotuv\u0117.\" \/>\n<meta property=\"og:url\" content=\"https:\/\/padelhaus.mustlammas-dev.in\/lt\/parduotuve\/siux-valkiria-go\/\" \/>\n<meta property=\"og:site_name\" content=\"Padelhaus\" \/>\n<meta property=\"article:modified_time\" content=\"2026-03-05T15:00:13+00:00\" \/>\n<meta property=\"og:image\" content=\"https:\/\/padel-haus.lt\/wp-content\/uploads\/2025\/12\/SIUX-VALIKIRIA-GO-2025-BEEZ.webp\" \/>\n\t<meta property=\"og:image:width\" content=\"1000\" \/>\n\t<meta property=\"og:image:height\" content=\"1000\" \/>\n\t<meta property=\"og:image:type\" content=\"image\/webp\" \/>\n<meta name=\"twitter:card\" content=\"summary_large_image\" \/>\n<meta name=\"twitter:label1\" content=\"Price\" \/>\n\t<meta name=\"twitter:data1\" content=\"89,95&nbsp;&euro;\" \/>\n\t<meta name=\"twitter:label2\" content=\"Availability\" \/>\n\t<meta name=\"twitter:data2\" content=\"On backorder\" \/>\n<script type=\"application\/ld+json\" class=\"yoast-schema-graph\">{\"@context\":\"https:\/\/schema.org\",\"@graph\":[{\"@type\":[\"WebPage\",\"ItemPage\"],\"@id\":\"https:\/\/padelhaus.mustlammas-dev.in\/lt\/parduotuve\/siux-valkiria-go\/\",\"url\":\"https:\/\/padelhaus.mustlammas-dev.in\/lt\/parduotuve\/siux-valkiria-go\/\",\"name\":\"Siux Valkiria Go | Padelhaus\",\"isPartOf\":{\"@id\":\"https:\/\/padelhaus.mustlammas-dev.in\/lt\/#website\"},\"primaryImageOfPage\":{\"@id\":\"https:\/\/padelhaus.mustlammas-dev.in\/lt\/parduotuve\/siux-valkiria-go\/#primaryimage\"},\"image\":{\"@id\":\"https:\/\/padelhaus.mustlammas-dev.in\/lt\/parduotuve\/siux-valkiria-go\/#primaryimage\"},\"thumbnailUrl\":\"https:\/\/padelhaus.mustlammas-dev.in\/wp-content\/uploads\/2025\/12\/SIUX-VALIKIRIA-GO-2025-BEEZ.webp\",\"datePublished\":\"2025-12-06T01:00:58+00:00\",\"dateModified\":\"2026-03-05T15:00:13+00:00\",\"description\":\"Ie\u0161kai naujos padelio raket\u0117s gera kaina? Padelhaus si\u016blo geriausi\u0105 padelio rake\u010di\u0173 pasirinkim\u0105 kiekvienam lygiui \u2013 tavo padelio parduotuv\u0117.\",\"breadcrumb\":{\"@id\":\"https:\/\/padelhaus.mustlammas-dev.in\/lt\/parduotuve\/siux-valkiria-go\/#breadcrumb\"},\"inLanguage\":\"lt-LT\",\"potentialAction\":[{\"@type\":\"ReadAction\",\"target\":[\"https:\/\/padelhaus.mustlammas-dev.in\/lt\/parduotuve\/siux-valkiria-go\/\"]}]},{\"@type\":\"ImageObject\",\"inLanguage\":\"lt-LT\",\"@id\":\"https:\/\/padelhaus.mustlammas-dev.in\/lt\/parduotuve\/siux-valkiria-go\/#primaryimage\",\"url\":\"https:\/\/padelhaus.mustlammas-dev.in\/wp-content\/uploads\/2025\/12\/SIUX-VALIKIRIA-GO-2025-BEEZ.webp\",\"contentUrl\":\"https:\/\/padelhaus.mustlammas-dev.in\/wp-content\/uploads\/2025\/12\/SIUX-VALIKIRIA-GO-2025-BEEZ.webp\",\"width\":1000,\"height\":1000},{\"@type\":\"BreadcrumbList\",\"@id\":\"https:\/\/padelhaus.mustlammas-dev.in\/lt\/parduotuve\/siux-valkiria-go\/#breadcrumb\",\"itemListElement\":[{\"@type\":\"ListItem\",\"position\":1,\"name\":\"Prad\u017eia\",\"item\":\"https:\/\/padel-haus.lt\/\"},{\"@type\":\"ListItem\",\"position\":2,\"name\":\"Parduotuv\u0117\",\"item\":\"https:\/\/padel-haus.lt\/parduotuve\/\"},{\"@type\":\"ListItem\",\"position\":3,\"name\":\"Siux Valkiria Go\"}]},{\"@type\":\"WebSite\",\"@id\":\"https:\/\/padelhaus.mustlammas-dev.in\/lt\/#website\",\"url\":\"https:\/\/padelhaus.mustlammas-dev.in\/lt\/\",\"name\":\"Claude Padelhaus\",\"description\":\"Sinu padelivarustuse kodu\",\"publisher\":{\"@id\":\"https:\/\/padelhaus.mustlammas-dev.in\/lt\/#organization\"},\"potentialAction\":[{\"@type\":\"SearchAction\",\"target\":{\"@type\":\"EntryPoint\",\"urlTemplate\":\"https:\/\/padelhaus.mustlammas-dev.in\/lt\/?s={search_term_string}\"},\"query-input\":{\"@type\":\"PropertyValueSpecification\",\"valueRequired\":true,\"valueName\":\"search_term_string\"}}],\"inLanguage\":\"lt-LT\"},{\"@type\":\"Organization\",\"@id\":\"https:\/\/padelhaus.mustlammas-dev.in\/lt\/#organization\",\"name\":\"Claude Padelhaus\",\"url\":\"https:\/\/padelhaus.mustlammas-dev.in\/lt\/\",\"logo\":{\"@type\":\"ImageObject\",\"inLanguage\":\"lt-LT\",\"@id\":\"https:\/\/padelhaus.mustlammas-dev.in\/lt\/#\/schema\/logo\/image\/\",\"url\":\"https:\/\/padelhaus.mustlammas-dev.in\/wp-content\/uploads\/2025\/05\/Logo-1.png\",\"contentUrl\":\"https:\/\/padelhaus.mustlammas-dev.in\/wp-content\/uploads\/2025\/05\/Logo-1.png\",\"width\":280,\"height\":115,\"caption\":\"Claude Padelhaus\"},\"image\":{\"@id\":\"https:\/\/padelhaus.mustlammas-dev.in\/lt\/#\/schema\/logo\/image\/\"}}]}<\/script>\n<meta property=\"product:price:amount\" content=\"89.95\" \/>\n<meta property=\"product:price:currency\" content=\"EUR\" \/>\n<meta property=\"og:availability\" content=\"backorder\" \/>\n<meta property=\"product:availability\" content=\"available for order\" \/>\n<meta property=\"product:retailer_item_id\" content=\"SIU-R-19\" \/>\n<meta property=\"product:condition\" content=\"new\" \/>\n<!-- \/ Yoast SEO Premium plugin. -->","yoast_head_json":{"title":"Siux Valkiria Go | Padelhaus","description":"Ie\u0161kai naujos padelio raket\u0117s gera kaina? Padelhaus si\u016blo geriausi\u0105 padelio rake\u010di\u0173 pasirinkim\u0105 kiekvienam lygiui \u2013 tavo padelio parduotuv\u0117.","robots":{"index":"noindex","follow":"follow","max-snippet":"max-snippet:-1","max-image-preview":"max-image-preview:large","max-video-preview":"max-video-preview:-1"},"og_locale":"lt_LT","og_type":"article","og_title":"Siux Valkiria Go","og_description":"Ie\u0161kai naujos padelio raket\u0117s gera kaina? Padelhaus si\u016blo geriausi\u0105 padelio rake\u010di\u0173 pasirinkim\u0105 kiekvienam lygiui \u2013 tavo padelio parduotuv\u0117.","og_url":"https:\/\/padelhaus.mustlammas-dev.in\/lt\/parduotuve\/siux-valkiria-go\/","og_site_name":"Padelhaus","article_modified_time":"2026-03-05T15:00:13+00:00","og_image":[{"width":1000,"height":1000,"url":"https:\/\/padel-haus.lt\/wp-content\/uploads\/2025\/12\/SIUX-VALIKIRIA-GO-2025-BEEZ.webp","type":"image\/webp"}],"twitter_card":"summary_large_image","twitter_misc":{"Price":"89,95&nbsp;&euro;","Availability":"On backorder"},"schema":{"@context":"https:\/\/schema.org","@graph":[{"@type":["WebPage","ItemPage"],"@id":"https:\/\/padelhaus.mustlammas-dev.in\/lt\/parduotuve\/siux-valkiria-go\/","url":"https:\/\/padelhaus.mustlammas-dev.in\/lt\/parduotuve\/siux-valkiria-go\/","name":"Siux Valkiria Go | Padelhaus","isPartOf":{"@id":"https:\/\/padelhaus.mustlammas-dev.in\/lt\/#website"},"primaryImageOfPage":{"@id":"https:\/\/padelhaus.mustlammas-dev.in\/lt\/parduotuve\/siux-valkiria-go\/#primaryimage"},"image":{"@id":"https:\/\/padelhaus.mustlammas-dev.in\/lt\/parduotuve\/siux-valkiria-go\/#primaryimage"},"thumbnailUrl":"https:\/\/padelhaus.mustlammas-dev.in\/wp-content\/uploads\/2025\/12\/SIUX-VALIKIRIA-GO-2025-BEEZ.webp","datePublished":"2025-12-06T01:00:58+00:00","dateModified":"2026-03-05T15:00:13+00:00","description":"Ie\u0161kai naujos padelio raket\u0117s gera kaina? Padelhaus si\u016blo geriausi\u0105 padelio rake\u010di\u0173 pasirinkim\u0105 kiekvienam lygiui \u2013 tavo padelio parduotuv\u0117.","breadcrumb":{"@id":"https:\/\/padelhaus.mustlammas-dev.in\/lt\/parduotuve\/siux-valkiria-go\/#breadcrumb"},"inLanguage":"lt-LT","potentialAction":[{"@type":"ReadAction","target":["https:\/\/padelhaus.mustlammas-dev.in\/lt\/parduotuve\/siux-valkiria-go\/"]}]},{"@type":"ImageObject","inLanguage":"lt-LT","@id":"https:\/\/padelhaus.mustlammas-dev.in\/lt\/parduotuve\/siux-valkiria-go\/#primaryimage","url":"https:\/\/padelhaus.mustlammas-dev.in\/wp-content\/uploads\/2025\/12\/SIUX-VALIKIRIA-GO-2025-BEEZ.webp","contentUrl":"https:\/\/padelhaus.mustlammas-dev.in\/wp-content\/uploads\/2025\/12\/SIUX-VALIKIRIA-GO-2025-BEEZ.webp","width":1000,"height":1000},{"@type":"BreadcrumbList","@id":"https:\/\/padelhaus.mustlammas-dev.in\/lt\/parduotuve\/siux-valkiria-go\/#breadcrumb","itemListElement":[{"@type":"ListItem","position":1,"name":"Prad\u017eia","item":"https:\/\/padel-haus.lt\/"},{"@type":"ListItem","position":2,"name":"Parduotuv\u0117","item":"https:\/\/padel-haus.lt\/parduotuve\/"},{"@type":"ListItem","position":3,"name":"Siux Valkiria Go"}]},{"@type":"WebSite","@id":"https:\/\/padelhaus.mustlammas-dev.in\/lt\/#website","url":"https:\/\/padelhaus.mustlammas-dev.in\/lt\/","name":"Claude Padelhaus","description":"Sinu padelivarustuse kodu","publisher":{"@id":"https:\/\/padelhaus.mustlammas-dev.in\/lt\/#organization"},"potentialAction":[{"@type":"SearchAction","target":{"@type":"EntryPoint","urlTemplate":"https:\/\/padelhaus.mustlammas-dev.in\/lt\/?s={search_term_string}"},"query-input":{"@type":"PropertyValueSpecification","valueRequired":true,"valueName":"search_term_string"}}],"inLanguage":"lt-LT"},{"@type":"Organization","@id":"https:\/\/padelhaus.mustlammas-dev.in\/lt\/#organization","name":"Claude Padelhaus","url":"https:\/\/padelhaus.mustlammas-dev.in\/lt\/","logo":{"@type":"ImageObject","inLanguage":"lt-LT","@id":"https:\/\/padelhaus.mustlammas-dev.in\/lt\/#\/schema\/logo\/image\/","url":"https:\/\/padelhaus.mustlammas-dev.in\/wp-content\/uploads\/2025\/05\/Logo-1.png","contentUrl":"https:\/\/padelhaus.mustlammas-dev.in\/wp-content\/uploads\/2025\/05\/Logo-1.png","width":280,"height":115,"caption":"Claude Padelhaus"},"image":{"@id":"https:\/\/padelhaus.mustlammas-dev.in\/lt\/#\/schema\/logo\/image\/"}}]},"product_price_amount":"89.95","product_price_currency":"EUR","og_availability":"backorder","product_availability":"available for order","product_retailer_item_id":"SIU-R-19","product_condition":"new"},"_links":{"self":[{"href":"https:\/\/padelhaus.mustlammas-dev.in\/lt\/wp-json\/wp\/v2\/product\/66829","targetHints":{"allow":["GET"]}}],"collection":[{"href":"https:\/\/padelhaus.mustlammas-dev.in\/lt\/wp-json\/wp\/v2\/product"}],"about":[{"href":"https:\/\/padelhaus.mustlammas-dev.in\/lt\/wp-json\/wp\/v2\/types\/product"}],"replies":[{"embeddable":true,"href":"https:\/\/padelhaus.mustlammas-dev.in\/lt\/wp-json\/wp\/v2\/comments?post=66829"}],"wp:featuredmedia":[{"embeddable":true,"href":"https:\/\/padelhaus.mustlammas-dev.in\/lt\/wp-json\/wp\/v2\/media\/72155"}],"wp:attachment":[{"href":"https:\/\/padelhaus.mustlammas-dev.in\/lt\/wp-json\/wp\/v2\/media?parent=66829"}],"wp:term":[{"taxonomy":"product_brand","embeddable":true,"href":"https:\/\/padelhaus.mustlammas-dev.in\/lt\/wp-json\/wp\/v2\/product_brand?post=66829"},{"taxonomy":"product_cat","embeddable":true,"href":"https:\/\/padelhaus.mustlammas-dev.in\/lt\/wp-json\/wp\/v2\/product_cat?post=66829"},{"taxonomy":"product_tag","embeddable":true,"href":"https:\/\/padelhaus.mustlammas-dev.in\/lt\/wp-json\/wp\/v2\/product_tag?post=66829"}],"curies":[{"name":"wp","href":"https:\/\/api.w.org\/{rel}","templated":true}]}}