{"id":67099,"date":"2025-12-11T15:09:59","date_gmt":"2025-12-11T13:09:59","guid":{"rendered":"https:\/\/padelhaus.mustlammas-dev.in\/?post_type=product&#038;p=67099"},"modified":"2026-02-06T15:52:28","modified_gmt":"2026-02-06T13:52:28","slug":"babolat-viper-juan-lebron-3-0","status":"publish","type":"product","link":"https:\/\/padelhaus.mustlammas-dev.in\/lt\/parduotuve\/babolat-viper-juan-lebron-3-0\/","title":{"rendered":"Babolat Viper Juan Lebr\u00f3n 3.0"},"content":{"rendered":"<p data-start=\"96\" data-end=\"129\"><strong data-start=\"96\" data-end=\"129\">Babolat Viper Juan Lebr\u00f3n 3.0<\/strong><\/p>\n<p data-start=\"131\" data-end=\"454\">Babolat Viper Juan Lebr\u00f3n 3.0 Red yra raket\u0117, sukurta profesionalaus lygio \u017eaid\u0117jams, kurie nori dominuoti kiekviename ta\u0161ke su agresija ir kontrole. \u012ekv\u0117ptas ir sukurtas bendradarbiaujant su pasaulio \u010dempionu Juanu Lebr\u00f3nu, \u0161is modelis jungia j\u0117g\u0105, tikslum\u0105 ir stili\u0173, si\u016blydamas elitin\u012f na\u0161um\u0105 reikliausiose rankose. <\/p>\n<h5 data-start=\"456\" data-end=\"483\"><strong data-start=\"456\" data-end=\"483\">Dizainas ir na\u0161umas<\/strong><\/h5>\n<p data-start=\"485\" data-end=\"777\">Jos kardioidin\u0117 forma u\u017etikrina tobul\u0105 j\u0117gos ir manevringumo pusiausvyr\u0105, leid\u017eian\u010di\u0105 atlikti maksimalius greitus sm\u016bgius neprarandant stabilumo ar tikslumo. Jos stulbinantis tamsiai m\u0117lynas dizainas atspindi vien\u0105 geriausi\u0173 pasaulio \u017eaid\u0117j\u0173, jo energij\u0105 ir konkurencing\u0105 charakter\u012f. <\/p>\n<h5 data-start=\"779\" data-end=\"842\">Auk\u0161to na\u0161umo in\u017einerija profesionaliam \u017eaidimui<\/h5>\n<p data-start=\"844\" data-end=\"1196\">Pagaminta i\u0161 pa\u017eangiausi\u0173 Babolat med\u017eiag\u0173, Viper Juan Lebr\u00f3n 3.0 i\u0161siskiria savo standumu, stabilumu ir sprogstamu kamuoliuko i\u0161\u0117jimu. 3K anglies pluo\u0161to pavir\u0161ius suteikia neprilygstam\u0105 j\u0117g\u0105 ir momentin\u012f reagavim\u0105, o naujovi\u0161ka Dynamic Stability System sustiprina raket\u0117s \u0161erd\u012f, kad sm\u016bgis b\u016bt\u0173 stabilesnis, galingesnis ir tikslesnis. <\/p>\n<ul>\n<li data-start=\"1198\" data-end=\"1264\">Svoris apie 370 gram\u0173<\/li>\n<li data-start=\"1198\" data-end=\"1264\">Balansas 270 mm<\/li>\n<li data-start=\"1198\" data-end=\"1264\">Storis 38 mm<\/li>\n<\/ul>\n<p data-start=\"1266\" data-end=\"1446\">\u0160i raket\u0117 tinka patyrusiems \u017eaid\u0117jams, ie\u0161kantiems visi\u0161ko valdymo kiekviename judesyje. <strong data-start=\"1352\" data-end=\"1374\">Syntec Pro rankena<\/strong> u\u017etikrina tvirt\u0105 ir patog\u0173 sukibim\u0105 net intensyviausiuose ta\u0161kuose.<\/p>\n<h5 data-start=\"733\" data-end=\"861\">Specifikacijos<\/h5>\n<ul>\n<li data-start=\"39\" data-end=\"59\"><strong data-start=\"39\" data-end=\"49\">Prek\u0117s \u017eenklas:<\/strong> Babolat<\/li>\n<li data-start=\"62\" data-end=\"88\"><strong data-start=\"62\" data-end=\"72\">Produktas:<\/strong> Padeli\u0173 raket\u0117s<\/li>\n<li data-start=\"91\" data-end=\"115\"><strong data-start=\"91\" data-end=\"104\">Balansas:<\/strong> Vidutinis<\/li>\n<li data-start=\"118\" data-end=\"167\"><strong data-start=\"118\" data-end=\"136\">Pavir\u0161iaus med\u017eiaga:<\/strong> 3k anglies pluo\u0161tas (Carbon Face)<\/li>\n<li data-start=\"170\" data-end=\"201\"><strong data-start=\"170\" data-end=\"182\">Forma:<\/strong> \u012eprasta forma<\/li>\n<li data-start=\"204\" data-end=\"236\"><strong data-start=\"204\" data-end=\"218\">\u017daidimo lygis:<\/strong> Profesionalus<\/li>\n<li data-start=\"239\" data-end=\"264\"><strong data-start=\"239\" data-end=\"254\">Apdaila:<\/strong> 3D Spin<\/li>\n<li data-start=\"267\" data-end=\"299\"><strong data-start=\"267\" data-end=\"276\">Forma:<\/strong> La\u0161o formos (Teardrop)<\/li>\n<li data-start=\"302\" data-end=\"345\"><strong data-start=\"302\" data-end=\"317\">Pavir\u0161iaus tipas:<\/strong> Grubl\u0117tas pavir\u0161ius (Rough Surface)<\/li>\n<li data-start=\"348\" data-end=\"368\"><strong data-start=\"348\" data-end=\"362\">\u017daidimo tipas:<\/strong> Power<\/li>\n<\/ul>\n","protected":false},"excerpt":{"rendered":"<p>Babolat Viper Juan Lebr\u00f3n 3.0 Babolat Viper Juan Lebr\u00f3n 3.0 Red yra raket\u0117, sukurta profesionalaus lygio \u017eaid\u0117jams, kurie nori dominuoti kiekviename ta\u0161ke su agresija ir kontrole. \u012ekv\u0117ptas ir sukurtas bendradarbiaujant su pasaulio \u010dempionu Juanu Lebr\u00f3nu, \u0161is modelis jungia j\u0117g\u0105, tikslum\u0105 ir stili\u0173, si\u016blydamas elitin\u012f na\u0161um\u0105 reikliausiose rankose. Dizainas ir na\u0161umas Jos kardioidin\u0117 forma u\u017etikrina tobul\u0105 [&hellip;]<\/p>\n","protected":false},"featured_media":70166,"comment_status":"open","ping_status":"closed","template":"","meta":{"_eb_attr":""},"product_brand":[378],"product_cat":[387,252,273],"product_tag":[],"class_list":{"0":"post-67099","1":"product","2":"type-product","3":"status-publish","4":"has-post-thumbnail","6":"product_brand-babolat","7":"product_cat-babolat","8":"product_cat-padelio-raketes","9":"product_cat-pazenges","10":"pa_kaal-370-g","11":"pa_kuju-deimantas","12":"pa_mangustiil-puolimas","13":"pa_tasakaal-viduryje","14":"pa_tase-pazenges","15":"pa_varv-oranzine","18":"first","19":"instock","20":"sale","21":"taxable","22":"shipping-taxable","23":"purchasable","24":"product-type-simple"},"yoast_head":"<!-- This site is optimized with the Yoast SEO Premium plugin v27.1 (Yoast SEO v27.1.1) - https:\/\/yoast.com\/product\/yoast-seo-premium-wordpress\/ -->\n<title>Babolat Viper Juan Lebr\u00f3n 3.0 | Padelhaus<\/title>\n<meta name=\"description\" content=\"Ie\u0161kai naujos padelio raket\u0117s gera kaina? Padelhaus si\u016blo geriausi\u0105 padelio rake\u010di\u0173 pasirinkim\u0105 kiekvienam lygiui \u2013 tavo padelio parduotuv\u0117.\" \/>\n<meta name=\"robots\" content=\"noindex, follow, max-snippet:-1, max-image-preview:large, max-video-preview:-1\" \/>\n<meta property=\"og:locale\" content=\"lt_LT\" \/>\n<meta property=\"og:type\" content=\"article\" \/>\n<meta property=\"og:title\" content=\"Babolat Viper Juan Lebr\u00f3n 3.0\" \/>\n<meta property=\"og:description\" content=\"Ie\u0161kai naujos padelio raket\u0117s gera kaina? Padelhaus si\u016blo geriausi\u0105 padelio rake\u010di\u0173 pasirinkim\u0105 kiekvienam lygiui \u2013 tavo padelio parduotuv\u0117.\" \/>\n<meta property=\"og:url\" content=\"https:\/\/padelhaus.mustlammas-dev.in\/lt\/parduotuve\/babolat-viper-juan-lebron-3-0\/\" \/>\n<meta property=\"og:site_name\" content=\"Padelhaus\" \/>\n<meta property=\"article:modified_time\" content=\"2026-02-06T13:52:28+00:00\" \/>\n<meta property=\"og:image\" content=\"https:\/\/padel-haus.lt\/wp-content\/uploads\/2025\/12\/53.webp\" \/>\n\t<meta property=\"og:image:width\" content=\"1000\" \/>\n\t<meta property=\"og:image:height\" content=\"1000\" \/>\n\t<meta property=\"og:image:type\" content=\"image\/webp\" \/>\n<meta name=\"twitter:card\" content=\"summary_large_image\" \/>\n<meta name=\"twitter:label1\" content=\"Price\" \/>\n\t<meta name=\"twitter:data1\" content=\"309,95&nbsp;&euro;\" \/>\n\t<meta name=\"twitter:label2\" content=\"Availability\" \/>\n\t<meta name=\"twitter:data2\" content=\"In stock\" \/>\n<script type=\"application\/ld+json\" class=\"yoast-schema-graph\">{\"@context\":\"https:\/\/schema.org\",\"@graph\":[{\"@type\":[\"WebPage\",\"ItemPage\"],\"@id\":\"https:\/\/padelhaus.mustlammas-dev.in\/lt\/parduotuve\/babolat-viper-juan-lebron-3-0\/\",\"url\":\"https:\/\/padelhaus.mustlammas-dev.in\/lt\/parduotuve\/babolat-viper-juan-lebron-3-0\/\",\"name\":\"Babolat Viper Juan Lebr\u00f3n 3.0 | Padelhaus\",\"isPartOf\":{\"@id\":\"https:\/\/padelhaus.mustlammas-dev.in\/lt\/#website\"},\"primaryImageOfPage\":{\"@id\":\"https:\/\/padelhaus.mustlammas-dev.in\/lt\/parduotuve\/babolat-viper-juan-lebron-3-0\/#primaryimage\"},\"image\":{\"@id\":\"https:\/\/padelhaus.mustlammas-dev.in\/lt\/parduotuve\/babolat-viper-juan-lebron-3-0\/#primaryimage\"},\"thumbnailUrl\":\"https:\/\/padelhaus.mustlammas-dev.in\/wp-content\/uploads\/2025\/12\/53.webp\",\"datePublished\":\"2025-12-11T13:09:59+00:00\",\"dateModified\":\"2026-02-06T13:52:28+00:00\",\"description\":\"Ie\u0161kai naujos padelio raket\u0117s gera kaina? Padelhaus si\u016blo geriausi\u0105 padelio rake\u010di\u0173 pasirinkim\u0105 kiekvienam lygiui \u2013 tavo padelio parduotuv\u0117.\",\"breadcrumb\":{\"@id\":\"https:\/\/padelhaus.mustlammas-dev.in\/lt\/parduotuve\/babolat-viper-juan-lebron-3-0\/#breadcrumb\"},\"inLanguage\":\"lt-LT\",\"potentialAction\":[{\"@type\":\"ReadAction\",\"target\":[\"https:\/\/padelhaus.mustlammas-dev.in\/lt\/parduotuve\/babolat-viper-juan-lebron-3-0\/\"]}]},{\"@type\":\"ImageObject\",\"inLanguage\":\"lt-LT\",\"@id\":\"https:\/\/padelhaus.mustlammas-dev.in\/lt\/parduotuve\/babolat-viper-juan-lebron-3-0\/#primaryimage\",\"url\":\"https:\/\/padelhaus.mustlammas-dev.in\/wp-content\/uploads\/2025\/12\/53.webp\",\"contentUrl\":\"https:\/\/padelhaus.mustlammas-dev.in\/wp-content\/uploads\/2025\/12\/53.webp\",\"width\":1000,\"height\":1000},{\"@type\":\"BreadcrumbList\",\"@id\":\"https:\/\/padelhaus.mustlammas-dev.in\/lt\/parduotuve\/babolat-viper-juan-lebron-3-0\/#breadcrumb\",\"itemListElement\":[{\"@type\":\"ListItem\",\"position\":1,\"name\":\"Prad\u017eia\",\"item\":\"https:\/\/padel-haus.lt\/\"},{\"@type\":\"ListItem\",\"position\":2,\"name\":\"Parduotuv\u0117\",\"item\":\"https:\/\/padel-haus.lt\/parduotuve\/\"},{\"@type\":\"ListItem\",\"position\":3,\"name\":\"Babolat Viper Juan Lebr\u00f3n 3.0\"}]},{\"@type\":\"WebSite\",\"@id\":\"https:\/\/padelhaus.mustlammas-dev.in\/lt\/#website\",\"url\":\"https:\/\/padelhaus.mustlammas-dev.in\/lt\/\",\"name\":\"Claude Padelhaus\",\"description\":\"Sinu padelivarustuse kodu\",\"publisher\":{\"@id\":\"https:\/\/padelhaus.mustlammas-dev.in\/lt\/#organization\"},\"potentialAction\":[{\"@type\":\"SearchAction\",\"target\":{\"@type\":\"EntryPoint\",\"urlTemplate\":\"https:\/\/padelhaus.mustlammas-dev.in\/lt\/?s={search_term_string}\"},\"query-input\":{\"@type\":\"PropertyValueSpecification\",\"valueRequired\":true,\"valueName\":\"search_term_string\"}}],\"inLanguage\":\"lt-LT\"},{\"@type\":\"Organization\",\"@id\":\"https:\/\/padelhaus.mustlammas-dev.in\/lt\/#organization\",\"name\":\"Claude Padelhaus\",\"url\":\"https:\/\/padelhaus.mustlammas-dev.in\/lt\/\",\"logo\":{\"@type\":\"ImageObject\",\"inLanguage\":\"lt-LT\",\"@id\":\"https:\/\/padelhaus.mustlammas-dev.in\/lt\/#\/schema\/logo\/image\/\",\"url\":\"https:\/\/padelhaus.mustlammas-dev.in\/wp-content\/uploads\/2025\/05\/Logo-1.png\",\"contentUrl\":\"https:\/\/padelhaus.mustlammas-dev.in\/wp-content\/uploads\/2025\/05\/Logo-1.png\",\"width\":280,\"height\":115,\"caption\":\"Claude Padelhaus\"},\"image\":{\"@id\":\"https:\/\/padelhaus.mustlammas-dev.in\/lt\/#\/schema\/logo\/image\/\"}}]}<\/script>\n<meta property=\"product:price:amount\" content=\"309.95\" \/>\n<meta property=\"product:price:currency\" content=\"EUR\" \/>\n<meta property=\"og:availability\" content=\"instock\" \/>\n<meta property=\"product:availability\" content=\"instock\" \/>\n<meta property=\"product:retailer_item_id\" content=\"BAB-R-16\" \/>\n<meta property=\"product:condition\" content=\"new\" \/>\n<!-- \/ Yoast SEO Premium plugin. -->","yoast_head_json":{"title":"Babolat Viper Juan Lebr\u00f3n 3.0 | Padelhaus","description":"Ie\u0161kai naujos padelio raket\u0117s gera kaina? Padelhaus si\u016blo geriausi\u0105 padelio rake\u010di\u0173 pasirinkim\u0105 kiekvienam lygiui \u2013 tavo padelio parduotuv\u0117.","robots":{"index":"noindex","follow":"follow","max-snippet":"max-snippet:-1","max-image-preview":"max-image-preview:large","max-video-preview":"max-video-preview:-1"},"og_locale":"lt_LT","og_type":"article","og_title":"Babolat Viper Juan Lebr\u00f3n 3.0","og_description":"Ie\u0161kai naujos padelio raket\u0117s gera kaina? Padelhaus si\u016blo geriausi\u0105 padelio rake\u010di\u0173 pasirinkim\u0105 kiekvienam lygiui \u2013 tavo padelio parduotuv\u0117.","og_url":"https:\/\/padelhaus.mustlammas-dev.in\/lt\/parduotuve\/babolat-viper-juan-lebron-3-0\/","og_site_name":"Padelhaus","article_modified_time":"2026-02-06T13:52:28+00:00","og_image":[{"width":1000,"height":1000,"url":"https:\/\/padel-haus.lt\/wp-content\/uploads\/2025\/12\/53.webp","type":"image\/webp"}],"twitter_card":"summary_large_image","twitter_misc":{"Price":"309,95&nbsp;&euro;","Availability":"In stock"},"schema":{"@context":"https:\/\/schema.org","@graph":[{"@type":["WebPage","ItemPage"],"@id":"https:\/\/padelhaus.mustlammas-dev.in\/lt\/parduotuve\/babolat-viper-juan-lebron-3-0\/","url":"https:\/\/padelhaus.mustlammas-dev.in\/lt\/parduotuve\/babolat-viper-juan-lebron-3-0\/","name":"Babolat Viper Juan Lebr\u00f3n 3.0 | Padelhaus","isPartOf":{"@id":"https:\/\/padelhaus.mustlammas-dev.in\/lt\/#website"},"primaryImageOfPage":{"@id":"https:\/\/padelhaus.mustlammas-dev.in\/lt\/parduotuve\/babolat-viper-juan-lebron-3-0\/#primaryimage"},"image":{"@id":"https:\/\/padelhaus.mustlammas-dev.in\/lt\/parduotuve\/babolat-viper-juan-lebron-3-0\/#primaryimage"},"thumbnailUrl":"https:\/\/padelhaus.mustlammas-dev.in\/wp-content\/uploads\/2025\/12\/53.webp","datePublished":"2025-12-11T13:09:59+00:00","dateModified":"2026-02-06T13:52:28+00:00","description":"Ie\u0161kai naujos padelio raket\u0117s gera kaina? Padelhaus si\u016blo geriausi\u0105 padelio rake\u010di\u0173 pasirinkim\u0105 kiekvienam lygiui \u2013 tavo padelio parduotuv\u0117.","breadcrumb":{"@id":"https:\/\/padelhaus.mustlammas-dev.in\/lt\/parduotuve\/babolat-viper-juan-lebron-3-0\/#breadcrumb"},"inLanguage":"lt-LT","potentialAction":[{"@type":"ReadAction","target":["https:\/\/padelhaus.mustlammas-dev.in\/lt\/parduotuve\/babolat-viper-juan-lebron-3-0\/"]}]},{"@type":"ImageObject","inLanguage":"lt-LT","@id":"https:\/\/padelhaus.mustlammas-dev.in\/lt\/parduotuve\/babolat-viper-juan-lebron-3-0\/#primaryimage","url":"https:\/\/padelhaus.mustlammas-dev.in\/wp-content\/uploads\/2025\/12\/53.webp","contentUrl":"https:\/\/padelhaus.mustlammas-dev.in\/wp-content\/uploads\/2025\/12\/53.webp","width":1000,"height":1000},{"@type":"BreadcrumbList","@id":"https:\/\/padelhaus.mustlammas-dev.in\/lt\/parduotuve\/babolat-viper-juan-lebron-3-0\/#breadcrumb","itemListElement":[{"@type":"ListItem","position":1,"name":"Prad\u017eia","item":"https:\/\/padel-haus.lt\/"},{"@type":"ListItem","position":2,"name":"Parduotuv\u0117","item":"https:\/\/padel-haus.lt\/parduotuve\/"},{"@type":"ListItem","position":3,"name":"Babolat Viper Juan Lebr\u00f3n 3.0"}]},{"@type":"WebSite","@id":"https:\/\/padelhaus.mustlammas-dev.in\/lt\/#website","url":"https:\/\/padelhaus.mustlammas-dev.in\/lt\/","name":"Claude Padelhaus","description":"Sinu padelivarustuse kodu","publisher":{"@id":"https:\/\/padelhaus.mustlammas-dev.in\/lt\/#organization"},"potentialAction":[{"@type":"SearchAction","target":{"@type":"EntryPoint","urlTemplate":"https:\/\/padelhaus.mustlammas-dev.in\/lt\/?s={search_term_string}"},"query-input":{"@type":"PropertyValueSpecification","valueRequired":true,"valueName":"search_term_string"}}],"inLanguage":"lt-LT"},{"@type":"Organization","@id":"https:\/\/padelhaus.mustlammas-dev.in\/lt\/#organization","name":"Claude Padelhaus","url":"https:\/\/padelhaus.mustlammas-dev.in\/lt\/","logo":{"@type":"ImageObject","inLanguage":"lt-LT","@id":"https:\/\/padelhaus.mustlammas-dev.in\/lt\/#\/schema\/logo\/image\/","url":"https:\/\/padelhaus.mustlammas-dev.in\/wp-content\/uploads\/2025\/05\/Logo-1.png","contentUrl":"https:\/\/padelhaus.mustlammas-dev.in\/wp-content\/uploads\/2025\/05\/Logo-1.png","width":280,"height":115,"caption":"Claude Padelhaus"},"image":{"@id":"https:\/\/padelhaus.mustlammas-dev.in\/lt\/#\/schema\/logo\/image\/"}}]},"product_price_amount":"309.95","product_price_currency":"EUR","og_availability":"instock","product_availability":"instock","product_retailer_item_id":"BAB-R-16","product_condition":"new"},"_links":{"self":[{"href":"https:\/\/padelhaus.mustlammas-dev.in\/lt\/wp-json\/wp\/v2\/product\/67099","targetHints":{"allow":["GET"]}}],"collection":[{"href":"https:\/\/padelhaus.mustlammas-dev.in\/lt\/wp-json\/wp\/v2\/product"}],"about":[{"href":"https:\/\/padelhaus.mustlammas-dev.in\/lt\/wp-json\/wp\/v2\/types\/product"}],"replies":[{"embeddable":true,"href":"https:\/\/padelhaus.mustlammas-dev.in\/lt\/wp-json\/wp\/v2\/comments?post=67099"}],"wp:featuredmedia":[{"embeddable":true,"href":"https:\/\/padelhaus.mustlammas-dev.in\/lt\/wp-json\/wp\/v2\/media\/70166"}],"wp:attachment":[{"href":"https:\/\/padelhaus.mustlammas-dev.in\/lt\/wp-json\/wp\/v2\/media?parent=67099"}],"wp:term":[{"taxonomy":"product_brand","embeddable":true,"href":"https:\/\/padelhaus.mustlammas-dev.in\/lt\/wp-json\/wp\/v2\/product_brand?post=67099"},{"taxonomy":"product_cat","embeddable":true,"href":"https:\/\/padelhaus.mustlammas-dev.in\/lt\/wp-json\/wp\/v2\/product_cat?post=67099"},{"taxonomy":"product_tag","embeddable":true,"href":"https:\/\/padelhaus.mustlammas-dev.in\/lt\/wp-json\/wp\/v2\/product_tag?post=67099"}],"curies":[{"name":"wp","href":"https:\/\/api.w.org\/{rel}","templated":true}]}}