{"id":67155,"date":"2025-12-11T15:01:15","date_gmt":"2025-12-11T13:01:15","guid":{"rendered":"https:\/\/padelhaus.mustlammas-dev.in\/?post_type=product&#038;p=67155"},"modified":"2026-02-06T15:52:48","modified_gmt":"2026-02-06T13:52:48","slug":"babolat-viper-soft-juan-lebron-3-0","status":"publish","type":"product","link":"https:\/\/padelhaus.mustlammas-dev.in\/lt\/parduotuve\/babolat-viper-soft-juan-lebron-3-0\/","title":{"rendered":"Babolat Viper Soft Juan Lebr\u00f3n 3.0"},"content":{"rendered":"<p data-start=\"97\" data-end=\"148\"><strong data-start=\"97\" data-end=\"148\">Babolat Viper Soft Juan Lebr\u00f3n 3.0, puolamasis \u017eaidimas<\/strong><\/p>\n<p data-start=\"150\" data-end=\"464\">Babolat Viper Soft Juan Lebr\u00f3n 3.0 yra auk\u0161to na\u0161umo raket\u0117, sukurta \u017eaid\u0117jams, ie\u0161kantiems sprogstamos galios su mink\u0161tu ir patogiu poj\u016b\u010diu. Jos deimanto formos dizainas, auk\u0161tas balansas ir ma\u017edaug 365 gram\u0173 svorio derinys u\u017etikrina tobul\u0105 galios ir tikslumo pusiausvyr\u0105 kiekviename sm\u016bgyje. <\/p>\n<p data-start=\"466\" data-end=\"757\">Pagaminta i\u0161 \u201eSoft Carbon\u201c med\u017eiagos, \u0161i raket\u0117 suteikia lankstesn\u012f ir atlaidesn\u012f atsak\u0105, suma\u017eindama vibracijas ir pagerindama kontrol\u0117s poj\u016bt\u012f. Be to, \u201eBlack EVA\u201c vidin\u0117 konstrukcija u\u017etikrina puik\u0173 elastingum\u0105, kad optimizuot\u0173 tiek gali\u0105, tiek komfort\u0105 net ir sud\u0117tingiausiuose sm\u016bgiuose. <\/p>\n<p data-start=\"759\" data-end=\"903\">Raket\u0117, sukurta puolimui, leid\u017eia i\u0161laikyti intensyvum\u0105 viso \u017eaidimo metu, u\u017etikrinant nuosekl\u0173 ir profesional\u0173 pasirodym\u0105.<\/p>\n<h5 data-start=\"905\" data-end=\"939\">Sukurta puolantiems \u017eaid\u0117jams<\/h5>\n<p data-start=\"941\" data-end=\"1356\">Babolat Viper Soft Juan Lebr\u00f3n 3.0 yra sukurta techni\u0161kiems puolantiems \u017eaid\u0117jams, kurie derina agresyvum\u0105 su tikslumu ir siekia dominuoti ta\u0161kus galingais ir strateginiais sm\u016bgiais. Jos patobulinta konstrukcija leid\u017eia atlikti vol\u0117, sm\u016bgius ir bandejas unikaliame kontrol\u0117s, galios ir komforto derinyje, yra ideali tiems, kurie nori nuolat daryti spaudim\u0105 prie tinklo. <\/p>\n<p data-start=\"1358\" data-end=\"1676\">D\u0117l mink\u0161tesnio poj\u016b\u010dio \u0161i raket\u0117 yra ideali konkurencingiems \u017eaid\u0117jams, ie\u0161kantiems didesnio komforto neprarandant tvirto sm\u016bgio poj\u016b\u010dio. \u012ekv\u0117pta paties Juano Lebr\u00f3no \u017eaidimo stiliaus, \u0161i raket\u0117 sukurta tiems, kurie nori i\u0161siskirti aik\u0161tel\u0117je su maksimaliu efektyvumu ir elegancija. <\/p>\n<h5 data-start=\"1678\" data-end=\"1699\">Pagrindin\u0117s savyb\u0117s<\/h5>\n<ul>\n<li data-start=\"1703\" data-end=\"1826\"><strong data-start=\"1703\" data-end=\"1726\">Soft Carbon pavir\u0161iai:<\/strong> Laminuotas anglies pluo\u0161tas, kuris suteikia elastingesn\u012f pavir\u0161i\u0173, pagerindamas sm\u016bgio poj\u016bt\u012f ir suteikdamas daugiau komforto.<\/li>\n<li data-start=\"1829\" data-end=\"1943\"><strong data-start=\"1829\" data-end=\"1862\">Black EVA vidin\u0117 konstrukcija:<\/strong> Elastinga guma, kuri u\u017etikrina tobul\u0105 galios ir mink\u0161tumo pusiausvyr\u0105 kiekviename sm\u016bgyje.<\/li>\n<li data-start=\"1946\" data-end=\"2052\"><strong data-start=\"1946\" data-end=\"1971\">Holes Pattern System:<\/strong> Optimizuotas skyli\u0173 i\u0161d\u0117stymas, kuris padidina galios perdavim\u0105 ir sm\u016bgio tikslum\u0105.<\/li>\n<li data-start=\"2055\" data-end=\"2132\"><strong data-start=\"2055\" data-end=\"2067\">3D Spin:<\/strong> Pavir\u0161iaus reljefai, kurie padidina sukimo j\u0117g\u0105 ir kamuoliuko kontrol\u0119.<\/li>\n<li data-start=\"2135\" data-end=\"2274\"><strong data-start=\"2135\" data-end=\"2164\">Dynamic Stability System:<\/strong> Sustiprinta \u0161erdis su centriniu barjeru, u\u017etikrinant didesn\u012f stabilum\u0105 ir geresn\u0119 kontrol\u0119 galing\u0173 sm\u016bgi\u0173 metu.<\/li>\n<\/ul>\n<p data-start=\"2276\" data-end=\"2657\">Babolat Viper Soft Juan Lebr\u00f3n 3.0 jungia technologij\u0105, dizain\u0105 ir auk\u0161\u010diausios kokyb\u0117s poj\u016bt\u012f puolantiems \u017eaid\u0117jams, kurie nori dominuoti aik\u0161tel\u0117je su tikslumu ir galia. Jei norite pagerinti savo pasirodym\u0105 ir m\u0117gautis patogia, galinga rakete, turin\u010dia \u010dempiono identitet\u0105, tada Viper Soft JL 3.0 yra j\u016bs\u0173 geriausias s\u0105jungininkas. \u017denkite \u012f kokyb\u0117s lyg\u012f, kurio nusipelno j\u016bs\u0173 \u017eaidimas, su \u201eBabolat\u201c!  <\/p>\n<h5 data-start=\"733\" data-end=\"861\">Specifikacijos<\/h5>\n<ul>\n<li data-start=\"39\" data-end=\"59\"><strong data-start=\"39\" data-end=\"49\">Prek\u0117s \u017eenklas:<\/strong> Babolat<\/li>\n<li data-start=\"62\" data-end=\"79\"><strong data-start=\"62\" data-end=\"71\">Spalva:<\/strong> Oran\u017ein\u0117<\/li>\n<li data-start=\"82\" data-end=\"108\"><strong data-start=\"82\" data-end=\"92\">Produktas:<\/strong> Padeli\u0173 raket\u0117s<\/li>\n<li data-start=\"111\" data-end=\"132\"><strong data-start=\"111\" data-end=\"124\">Balansas:<\/strong> Auk\u0161tas<\/li>\n<li data-start=\"135\" data-end=\"158\"><strong data-start=\"135\" data-end=\"147\">\u0160erdis:<\/strong> Juoda EVA<\/li>\n<li data-start=\"161\" data-end=\"192\"><strong data-start=\"161\" data-end=\"173\">Forma:<\/strong> \u012eprasta forma<\/li>\n<li data-start=\"195\" data-end=\"235\"><strong data-start=\"195\" data-end=\"209\">\u017daidimo lygis:<\/strong> Pa\u017eeng\u0119s \/ Var\u017eybos<\/li>\n<li data-start=\"238\" data-end=\"263\"><strong data-start=\"238\" data-end=\"253\">Apdaila:<\/strong> 3D Spin<\/li>\n<li data-start=\"266\" data-end=\"290\"><strong data-start=\"266\" data-end=\"275\">Forma:<\/strong> Deimanto forma<\/li>\n<li data-start=\"293\" data-end=\"336\"><strong data-start=\"293\" data-end=\"308\">Pavir\u0161iaus tipas:<\/strong> Grubl\u0117tas pavir\u0161ius (Rough Surface)<\/li>\n<li data-start=\"339\" data-end=\"361\"><strong data-start=\"339\" data-end=\"353\">\u017daidimo tipas:<\/strong> Power<\/li>\n<li data-start=\"364\" data-end=\"411\"><strong data-start=\"364\" data-end=\"376\">Kolekcija:<\/strong> Juan Lebr\u00f3n \u017eaid\u0117j\u0173 kolekcija<\/li>\n<\/ul>\n","protected":false},"excerpt":{"rendered":"<p>Babolat Viper Soft Juan Lebr\u00f3n 3.0, puolamasis \u017eaidimas Babolat Viper Soft Juan Lebr\u00f3n 3.0 yra auk\u0161to na\u0161umo raket\u0117, sukurta \u017eaid\u0117jams, ie\u0161kantiems sprogstamos galios su mink\u0161tu ir patogiu poj\u016b\u010diu. Jos deimanto formos dizainas, auk\u0161tas balansas ir ma\u017edaug 365 gram\u0173 svorio derinys u\u017etikrina tobul\u0105 galios ir tikslumo pusiausvyr\u0105 kiekviename sm\u016bgyje. Pagaminta i\u0161 \u201eSoft Carbon\u201c med\u017eiagos, \u0161i raket\u0117 [&hellip;]<\/p>\n","protected":false},"featured_media":70168,"comment_status":"open","ping_status":"closed","template":"","meta":{"_eb_attr":""},"product_brand":[378],"product_cat":[387,252,273],"product_tag":[],"class_list":{"0":"post-67155","1":"product","2":"type-product","3":"status-publish","4":"has-post-thumbnail","6":"product_brand-babolat","7":"product_cat-babolat","8":"product_cat-padelio-raketes","9":"product_cat-pazenges","10":"pa_kaal-365g","11":"pa_kuju-deimantas","12":"pa_mangustiil-puolimas","13":"pa_tasakaal-virsuje","14":"pa_tase-pazenges","15":"pa_varv-oranzine","18":"first","19":"instock","20":"sale","21":"taxable","22":"shipping-taxable","23":"purchasable","24":"product-type-simple"},"yoast_head":"<!-- This site is optimized with the Yoast SEO Premium plugin v27.1 (Yoast SEO v27.1.1) - https:\/\/yoast.com\/product\/yoast-seo-premium-wordpress\/ -->\n<title>Babolat Viper Soft Juan Lebr\u00f3n 3.0 | Padelhaus<\/title>\n<meta name=\"description\" content=\"Ie\u0161kai naujos padelio raket\u0117s gera kaina? Padelhaus si\u016blo geriausi\u0105 padelio rake\u010di\u0173 pasirinkim\u0105 kiekvienam lygiui \u2013 tavo padelio parduotuv\u0117.\" \/>\n<meta name=\"robots\" content=\"noindex, follow, max-snippet:-1, max-image-preview:large, max-video-preview:-1\" \/>\n<meta property=\"og:locale\" content=\"lt_LT\" \/>\n<meta property=\"og:type\" content=\"article\" \/>\n<meta property=\"og:title\" content=\"Babolat Viper Soft Juan Lebr\u00f3n 3.0\" \/>\n<meta property=\"og:description\" content=\"Ie\u0161kai naujos padelio raket\u0117s gera kaina? Padelhaus si\u016blo geriausi\u0105 padelio rake\u010di\u0173 pasirinkim\u0105 kiekvienam lygiui \u2013 tavo padelio parduotuv\u0117.\" \/>\n<meta property=\"og:url\" content=\"https:\/\/padelhaus.mustlammas-dev.in\/lt\/parduotuve\/babolat-viper-soft-juan-lebron-3-0\/\" \/>\n<meta property=\"og:site_name\" content=\"Padelhaus\" \/>\n<meta property=\"article:modified_time\" content=\"2026-02-06T13:52:48+00:00\" \/>\n<meta property=\"og:image\" content=\"https:\/\/padel-haus.lt\/wp-content\/uploads\/2025\/12\/49.webp\" \/>\n\t<meta property=\"og:image:width\" content=\"1000\" \/>\n\t<meta property=\"og:image:height\" content=\"1000\" \/>\n\t<meta property=\"og:image:type\" content=\"image\/webp\" \/>\n<meta name=\"twitter:card\" content=\"summary_large_image\" \/>\n<meta name=\"twitter:label1\" content=\"Price\" \/>\n\t<meta name=\"twitter:data1\" content=\"249,95&nbsp;&euro;\" \/>\n\t<meta name=\"twitter:label2\" content=\"Availability\" \/>\n\t<meta name=\"twitter:data2\" content=\"In stock\" \/>\n<script type=\"application\/ld+json\" class=\"yoast-schema-graph\">{\"@context\":\"https:\/\/schema.org\",\"@graph\":[{\"@type\":[\"WebPage\",\"ItemPage\"],\"@id\":\"https:\/\/padelhaus.mustlammas-dev.in\/lt\/parduotuve\/babolat-viper-soft-juan-lebron-3-0\/\",\"url\":\"https:\/\/padelhaus.mustlammas-dev.in\/lt\/parduotuve\/babolat-viper-soft-juan-lebron-3-0\/\",\"name\":\"Babolat Viper Soft Juan Lebr\u00f3n 3.0 | Padelhaus\",\"isPartOf\":{\"@id\":\"https:\/\/padelhaus.mustlammas-dev.in\/lt\/#website\"},\"primaryImageOfPage\":{\"@id\":\"https:\/\/padelhaus.mustlammas-dev.in\/lt\/parduotuve\/babolat-viper-soft-juan-lebron-3-0\/#primaryimage\"},\"image\":{\"@id\":\"https:\/\/padelhaus.mustlammas-dev.in\/lt\/parduotuve\/babolat-viper-soft-juan-lebron-3-0\/#primaryimage\"},\"thumbnailUrl\":\"https:\/\/padelhaus.mustlammas-dev.in\/wp-content\/uploads\/2025\/12\/49.webp\",\"datePublished\":\"2025-12-11T13:01:15+00:00\",\"dateModified\":\"2026-02-06T13:52:48+00:00\",\"description\":\"Ie\u0161kai naujos padelio raket\u0117s gera kaina? Padelhaus si\u016blo geriausi\u0105 padelio rake\u010di\u0173 pasirinkim\u0105 kiekvienam lygiui \u2013 tavo padelio parduotuv\u0117.\",\"breadcrumb\":{\"@id\":\"https:\/\/padelhaus.mustlammas-dev.in\/lt\/parduotuve\/babolat-viper-soft-juan-lebron-3-0\/#breadcrumb\"},\"inLanguage\":\"lt-LT\",\"potentialAction\":[{\"@type\":\"ReadAction\",\"target\":[\"https:\/\/padelhaus.mustlammas-dev.in\/lt\/parduotuve\/babolat-viper-soft-juan-lebron-3-0\/\"]}]},{\"@type\":\"ImageObject\",\"inLanguage\":\"lt-LT\",\"@id\":\"https:\/\/padelhaus.mustlammas-dev.in\/lt\/parduotuve\/babolat-viper-soft-juan-lebron-3-0\/#primaryimage\",\"url\":\"https:\/\/padelhaus.mustlammas-dev.in\/wp-content\/uploads\/2025\/12\/49.webp\",\"contentUrl\":\"https:\/\/padelhaus.mustlammas-dev.in\/wp-content\/uploads\/2025\/12\/49.webp\",\"width\":1000,\"height\":1000},{\"@type\":\"BreadcrumbList\",\"@id\":\"https:\/\/padelhaus.mustlammas-dev.in\/lt\/parduotuve\/babolat-viper-soft-juan-lebron-3-0\/#breadcrumb\",\"itemListElement\":[{\"@type\":\"ListItem\",\"position\":1,\"name\":\"Prad\u017eia\",\"item\":\"https:\/\/padel-haus.lt\/\"},{\"@type\":\"ListItem\",\"position\":2,\"name\":\"Parduotuv\u0117\",\"item\":\"https:\/\/padel-haus.lt\/parduotuve\/\"},{\"@type\":\"ListItem\",\"position\":3,\"name\":\"Babolat Viper Soft Juan Lebr\u00f3n 3.0\"}]},{\"@type\":\"WebSite\",\"@id\":\"https:\/\/padelhaus.mustlammas-dev.in\/lt\/#website\",\"url\":\"https:\/\/padelhaus.mustlammas-dev.in\/lt\/\",\"name\":\"Claude Padelhaus\",\"description\":\"Sinu padelivarustuse kodu\",\"publisher\":{\"@id\":\"https:\/\/padelhaus.mustlammas-dev.in\/lt\/#organization\"},\"potentialAction\":[{\"@type\":\"SearchAction\",\"target\":{\"@type\":\"EntryPoint\",\"urlTemplate\":\"https:\/\/padelhaus.mustlammas-dev.in\/lt\/?s={search_term_string}\"},\"query-input\":{\"@type\":\"PropertyValueSpecification\",\"valueRequired\":true,\"valueName\":\"search_term_string\"}}],\"inLanguage\":\"lt-LT\"},{\"@type\":\"Organization\",\"@id\":\"https:\/\/padelhaus.mustlammas-dev.in\/lt\/#organization\",\"name\":\"Claude Padelhaus\",\"url\":\"https:\/\/padelhaus.mustlammas-dev.in\/lt\/\",\"logo\":{\"@type\":\"ImageObject\",\"inLanguage\":\"lt-LT\",\"@id\":\"https:\/\/padelhaus.mustlammas-dev.in\/lt\/#\/schema\/logo\/image\/\",\"url\":\"https:\/\/padelhaus.mustlammas-dev.in\/wp-content\/uploads\/2025\/05\/Logo-1.png\",\"contentUrl\":\"https:\/\/padelhaus.mustlammas-dev.in\/wp-content\/uploads\/2025\/05\/Logo-1.png\",\"width\":280,\"height\":115,\"caption\":\"Claude Padelhaus\"},\"image\":{\"@id\":\"https:\/\/padelhaus.mustlammas-dev.in\/lt\/#\/schema\/logo\/image\/\"}}]}<\/script>\n<meta property=\"product:price:amount\" content=\"249.95\" \/>\n<meta property=\"product:price:currency\" content=\"EUR\" \/>\n<meta property=\"og:availability\" content=\"instock\" \/>\n<meta property=\"product:availability\" content=\"instock\" \/>\n<meta property=\"product:retailer_item_id\" content=\"BAB-R-15\" \/>\n<meta property=\"product:condition\" content=\"new\" \/>\n<!-- \/ Yoast SEO Premium plugin. -->","yoast_head_json":{"title":"Babolat Viper Soft Juan Lebr\u00f3n 3.0 | Padelhaus","description":"Ie\u0161kai naujos padelio raket\u0117s gera kaina? Padelhaus si\u016blo geriausi\u0105 padelio rake\u010di\u0173 pasirinkim\u0105 kiekvienam lygiui \u2013 tavo padelio parduotuv\u0117.","robots":{"index":"noindex","follow":"follow","max-snippet":"max-snippet:-1","max-image-preview":"max-image-preview:large","max-video-preview":"max-video-preview:-1"},"og_locale":"lt_LT","og_type":"article","og_title":"Babolat Viper Soft Juan Lebr\u00f3n 3.0","og_description":"Ie\u0161kai naujos padelio raket\u0117s gera kaina? Padelhaus si\u016blo geriausi\u0105 padelio rake\u010di\u0173 pasirinkim\u0105 kiekvienam lygiui \u2013 tavo padelio parduotuv\u0117.","og_url":"https:\/\/padelhaus.mustlammas-dev.in\/lt\/parduotuve\/babolat-viper-soft-juan-lebron-3-0\/","og_site_name":"Padelhaus","article_modified_time":"2026-02-06T13:52:48+00:00","og_image":[{"width":1000,"height":1000,"url":"https:\/\/padel-haus.lt\/wp-content\/uploads\/2025\/12\/49.webp","type":"image\/webp"}],"twitter_card":"summary_large_image","twitter_misc":{"Price":"249,95&nbsp;&euro;","Availability":"In stock"},"schema":{"@context":"https:\/\/schema.org","@graph":[{"@type":["WebPage","ItemPage"],"@id":"https:\/\/padelhaus.mustlammas-dev.in\/lt\/parduotuve\/babolat-viper-soft-juan-lebron-3-0\/","url":"https:\/\/padelhaus.mustlammas-dev.in\/lt\/parduotuve\/babolat-viper-soft-juan-lebron-3-0\/","name":"Babolat Viper Soft Juan Lebr\u00f3n 3.0 | Padelhaus","isPartOf":{"@id":"https:\/\/padelhaus.mustlammas-dev.in\/lt\/#website"},"primaryImageOfPage":{"@id":"https:\/\/padelhaus.mustlammas-dev.in\/lt\/parduotuve\/babolat-viper-soft-juan-lebron-3-0\/#primaryimage"},"image":{"@id":"https:\/\/padelhaus.mustlammas-dev.in\/lt\/parduotuve\/babolat-viper-soft-juan-lebron-3-0\/#primaryimage"},"thumbnailUrl":"https:\/\/padelhaus.mustlammas-dev.in\/wp-content\/uploads\/2025\/12\/49.webp","datePublished":"2025-12-11T13:01:15+00:00","dateModified":"2026-02-06T13:52:48+00:00","description":"Ie\u0161kai naujos padelio raket\u0117s gera kaina? Padelhaus si\u016blo geriausi\u0105 padelio rake\u010di\u0173 pasirinkim\u0105 kiekvienam lygiui \u2013 tavo padelio parduotuv\u0117.","breadcrumb":{"@id":"https:\/\/padelhaus.mustlammas-dev.in\/lt\/parduotuve\/babolat-viper-soft-juan-lebron-3-0\/#breadcrumb"},"inLanguage":"lt-LT","potentialAction":[{"@type":"ReadAction","target":["https:\/\/padelhaus.mustlammas-dev.in\/lt\/parduotuve\/babolat-viper-soft-juan-lebron-3-0\/"]}]},{"@type":"ImageObject","inLanguage":"lt-LT","@id":"https:\/\/padelhaus.mustlammas-dev.in\/lt\/parduotuve\/babolat-viper-soft-juan-lebron-3-0\/#primaryimage","url":"https:\/\/padelhaus.mustlammas-dev.in\/wp-content\/uploads\/2025\/12\/49.webp","contentUrl":"https:\/\/padelhaus.mustlammas-dev.in\/wp-content\/uploads\/2025\/12\/49.webp","width":1000,"height":1000},{"@type":"BreadcrumbList","@id":"https:\/\/padelhaus.mustlammas-dev.in\/lt\/parduotuve\/babolat-viper-soft-juan-lebron-3-0\/#breadcrumb","itemListElement":[{"@type":"ListItem","position":1,"name":"Prad\u017eia","item":"https:\/\/padel-haus.lt\/"},{"@type":"ListItem","position":2,"name":"Parduotuv\u0117","item":"https:\/\/padel-haus.lt\/parduotuve\/"},{"@type":"ListItem","position":3,"name":"Babolat Viper Soft Juan Lebr\u00f3n 3.0"}]},{"@type":"WebSite","@id":"https:\/\/padelhaus.mustlammas-dev.in\/lt\/#website","url":"https:\/\/padelhaus.mustlammas-dev.in\/lt\/","name":"Claude Padelhaus","description":"Sinu padelivarustuse kodu","publisher":{"@id":"https:\/\/padelhaus.mustlammas-dev.in\/lt\/#organization"},"potentialAction":[{"@type":"SearchAction","target":{"@type":"EntryPoint","urlTemplate":"https:\/\/padelhaus.mustlammas-dev.in\/lt\/?s={search_term_string}"},"query-input":{"@type":"PropertyValueSpecification","valueRequired":true,"valueName":"search_term_string"}}],"inLanguage":"lt-LT"},{"@type":"Organization","@id":"https:\/\/padelhaus.mustlammas-dev.in\/lt\/#organization","name":"Claude Padelhaus","url":"https:\/\/padelhaus.mustlammas-dev.in\/lt\/","logo":{"@type":"ImageObject","inLanguage":"lt-LT","@id":"https:\/\/padelhaus.mustlammas-dev.in\/lt\/#\/schema\/logo\/image\/","url":"https:\/\/padelhaus.mustlammas-dev.in\/wp-content\/uploads\/2025\/05\/Logo-1.png","contentUrl":"https:\/\/padelhaus.mustlammas-dev.in\/wp-content\/uploads\/2025\/05\/Logo-1.png","width":280,"height":115,"caption":"Claude Padelhaus"},"image":{"@id":"https:\/\/padelhaus.mustlammas-dev.in\/lt\/#\/schema\/logo\/image\/"}}]},"product_price_amount":"249.95","product_price_currency":"EUR","og_availability":"instock","product_availability":"instock","product_retailer_item_id":"BAB-R-15","product_condition":"new"},"_links":{"self":[{"href":"https:\/\/padelhaus.mustlammas-dev.in\/lt\/wp-json\/wp\/v2\/product\/67155","targetHints":{"allow":["GET"]}}],"collection":[{"href":"https:\/\/padelhaus.mustlammas-dev.in\/lt\/wp-json\/wp\/v2\/product"}],"about":[{"href":"https:\/\/padelhaus.mustlammas-dev.in\/lt\/wp-json\/wp\/v2\/types\/product"}],"replies":[{"embeddable":true,"href":"https:\/\/padelhaus.mustlammas-dev.in\/lt\/wp-json\/wp\/v2\/comments?post=67155"}],"wp:featuredmedia":[{"embeddable":true,"href":"https:\/\/padelhaus.mustlammas-dev.in\/lt\/wp-json\/wp\/v2\/media\/70168"}],"wp:attachment":[{"href":"https:\/\/padelhaus.mustlammas-dev.in\/lt\/wp-json\/wp\/v2\/media?parent=67155"}],"wp:term":[{"taxonomy":"product_brand","embeddable":true,"href":"https:\/\/padelhaus.mustlammas-dev.in\/lt\/wp-json\/wp\/v2\/product_brand?post=67155"},{"taxonomy":"product_cat","embeddable":true,"href":"https:\/\/padelhaus.mustlammas-dev.in\/lt\/wp-json\/wp\/v2\/product_cat?post=67155"},{"taxonomy":"product_tag","embeddable":true,"href":"https:\/\/padelhaus.mustlammas-dev.in\/lt\/wp-json\/wp\/v2\/product_tag?post=67155"}],"curies":[{"name":"wp","href":"https:\/\/api.w.org\/{rel}","templated":true}]}}