{"id":67179,"date":"2025-12-06T02:54:29","date_gmt":"2025-12-06T00:54:29","guid":{"rendered":"https:\/\/padelhaus.mustlammas-dev.in\/?post_type=product&#038;p=67179"},"modified":"2026-01-15T00:34:46","modified_gmt":"2026-01-14T22:34:46","slug":"siux-fenix-pro-5-black","status":"publish","type":"product","link":"https:\/\/padelhaus.mustlammas-dev.in\/lt\/parduotuve\/siux-fenix-pro-5-black\/","title":{"rendered":"Siux Fenix Pro 5 Black"},"content":{"rendered":"<p data-start=\"77\" data-end=\"131\"><strong data-start=\"77\" data-end=\"131\">Siux Fenix Pro 5 Black, Leo Augsburguerio padelio raket\u0117<\/strong><\/p>\n<p data-start=\"133\" data-end=\"376\">Siux Fenix Pro 5 Black yra profesionali padelio raket\u0117, sukurta maksimalizuoti puolam\u0105j\u012f \u017eaidim\u0105. Jos deimanto forma ir auk\u0161tas balansas suteikia didel\u0119 j\u0117g\u0105 raudonojoje zonoje, tod\u0117l ji idealiai tinka u\u017ebaigiamiesiems sm\u016bgiams ir galingoms atakoms. <\/p>\n<p data-start=\"378\" data-end=\"725\">Sm\u016bgio pavir\u0161ius pagamintas i\u0161 24K anglies, o \u0161erdis sudaryta i\u0161 Black EVA gumos, kuri suteikia didesn\u012f tvirtum\u0105 ir kietesn\u012f sm\u016bgio poj\u016bt\u012f, pagerindama kamuoliuko i\u0161\u0117jim\u0105. 3D apdaila padidina kamuoliuko sukim\u0105si, o ilgesn\u0117 rankena palengvina dviej\u0173 rank\u0173 sm\u016bg\u012f i\u0161 nugaros. \u201eSwitch Strap\u201c sistema leid\u017eia pakeisti dir\u017eel\u012f, kad raket\u0117 tiksliai atitikt\u0173 tavo pageidavimus.  <\/p>\n<h5 data-start=\"727\" data-end=\"775\">Fenix Pro 5 Black \u2013 pa\u017eengusiems \u017eaid\u0117jams<\/h5>\n<p data-start=\"777\" data-end=\"1049\">\u0160i \u201eSiux\u201c deimanto formos raket\u0117 skirta pa\u017eengusiems ir profesionalams \u017eaid\u0117jams, kurie m\u0117gsta galing\u0105 \u017eaidimo stili\u0173. Ji tinka tiems, kurie \u017eaid\u017eia agresyviai ir techni\u0161kai, i\u0161naudodami auk\u0161t\u0105 balans\u0105 ir kiet\u0105 sm\u016bgio poj\u016bt\u012f tiksliems ir pavojingiems sm\u016bgiams. <\/p>\n<p data-start=\"1051\" data-end=\"1244\">D\u0117l deimanto formos ir sustiprintos konstrukcijos tai puikus pasirinkimas \u017eaid\u0117jui, kuriam reikia modelio, atlaikan\u010dio stiprius sm\u016bgius ir u\u017etikrinan\u010dio auk\u0161\u010diausio lygio na\u0161um\u0105 net ir reikliausiuose \u017eaidimuose.<\/p>\n<h5 data-start=\"1246\" data-end=\"1283\">Pagrindin\u0117s savyb\u0117s ir technologijos<\/h5>\n<ul data-start=\"1285\" data-end=\"1641\">\n<li data-start=\"1285\" data-end=\"1330\">\n<p data-start=\"1287\" data-end=\"1330\">Deimanto forma: maksimali j\u0117ga kiekvienam sm\u016bgiui<\/p>\n<\/li>\n<li data-start=\"1331\" data-end=\"1379\">\n<p data-start=\"1333\" data-end=\"1379\">Auk\u0161tas balansas: geresnis topspinas ir puolamieji sm\u016bgiai<\/p>\n<\/li>\n<li data-start=\"1380\" data-end=\"1445\">\n<p data-start=\"1382\" data-end=\"1445\">Black EVA \u0161erdis: kietesnis poj\u016btis ir efektyvus vibracijos sug\u0117rimas<\/p>\n<\/li>\n<li data-start=\"1446\" data-end=\"1488\">\n<p data-start=\"1448\" data-end=\"1488\">24K anglies pavir\u0161ius: itin patvarus<\/p>\n<\/li>\n<li data-start=\"1489\" data-end=\"1537\">\n<p data-start=\"1491\" data-end=\"1537\">3D apdaila: geresnis sukimasis pjaustant sm\u016bgius<\/p>\n<\/li>\n<li data-start=\"1538\" data-end=\"1593\">\n<p data-start=\"1540\" data-end=\"1593\">Switch Strap: kei\u010diamas dir\u017eelis patogiam pritaikymui<\/p>\n<\/li>\n<li data-start=\"1594\" data-end=\"1641\">\n<p data-start=\"1596\" data-end=\"1641\">Ilga rankena: idealiai tinka dviej\u0173 rank\u0173 sm\u016bgiui i\u0161 nugaros<\/p>\n<\/li>\n<\/ul>\n<h5 data-start=\"1643\" data-end=\"1689\">I\u0161laisvink savo j\u0117g\u0105 su \u201eSiux Fenix Pro 5\u201c rakete<\/h5>\n<p data-start=\"1691\" data-end=\"1909\" data-is-last-node=\"\" data-is-only-node=\"\">Pakelk savo \u017eaidim\u0105 \u012f nauj\u0105 lyg\u012f su \u201eSiux Fenix Pro 5 Black\u201c rakete, oficialiu Leo Augsburguerio modeliu. Profesionalams sukurta raket\u0117 sujungia j\u0117g\u0105, tikslum\u0105 ir stili\u0173. \u012esigyk j\u0105 i\u0161 \u201eP\u00e1del Nuestro\u201c parduotuv\u0117s ir valdyk aik\u0161tel\u0119!  <\/p>\n<h5 data-start=\"733\" data-end=\"861\">Specifikacijos<\/h5>\n<ul>\n<li data-start=\"2\" data-end=\"19\"><strong data-start=\"2\" data-end=\"11\" data-is-only-node=\"\">Prek\u0117s \u017eenklas<\/strong>: Siux<\/li>\n<li data-start=\"22\" data-end=\"38\"><strong data-start=\"22\" data-end=\"30\" data-is-only-node=\"\">Spalva<\/strong>: Juoda<\/li>\n<li data-start=\"41\" data-end=\"68\"><strong data-start=\"41\" data-end=\"50\" data-is-only-node=\"\">Produktas<\/strong>: Padelio raket\u0117s<\/li>\n<li data-start=\"71\" data-end=\"92\"><strong data-start=\"71\" data-end=\"83\" data-is-only-node=\"\">Balansas<\/strong>: Auk\u0161tas<\/li>\n<li data-start=\"95\" data-end=\"119\"><strong data-start=\"95\" data-end=\"106\" data-is-only-node=\"\">\u0160erdis<\/strong>: Black EVA<\/li>\n<li data-start=\"122\" data-end=\"147\"><strong data-start=\"122\" data-end=\"133\" data-is-only-node=\"\">Pavir\u0161ius<\/strong>: Carbon 24K<\/li>\n<li data-start=\"150\" data-end=\"173\"><strong data-start=\"150\" data-end=\"161\" data-is-only-node=\"\">Forma<\/strong>: Standartin\u0117<\/li>\n<li data-start=\"176\" data-end=\"194\"><strong data-start=\"176\" data-end=\"186\" data-is-only-node=\"\">Standumas<\/strong>: Standus<\/li>\n<li data-start=\"197\" data-end=\"236\"><strong data-start=\"197\" data-end=\"205\" data-is-only-node=\"\">Lygis<\/strong>: Pa\u017eeng\u0119s \/ Var\u017eyb\u0173 lygis<\/li>\n<li data-start=\"239\" data-end=\"264\"><strong data-start=\"239\" data-end=\"253\" data-is-only-node=\"\">Apdaila<\/strong>: 3D Spin<\/li>\n<li data-start=\"267\" data-end=\"286\"><strong data-start=\"267\" data-end=\"275\" data-is-only-node=\"\">Forma<\/strong>: Deimantas<\/li>\n<li data-start=\"289\" data-end=\"305\"><strong data-start=\"289\" data-end=\"297\" data-is-only-node=\"\">Pavir\u0161ius<\/strong>: \u0160iurk\u0161tus<\/li>\n<li data-start=\"308\" data-end=\"329\"><strong data-start=\"308\" data-end=\"321\" data-is-only-node=\"\">\u017daidimo tipas<\/strong>: J\u0117ga<\/li>\n<li data-start=\"332\" data-end=\"375\"><strong data-start=\"332\" data-end=\"358\" data-is-only-node=\"\">\u017daid\u0117j\u0173 kolekcija<\/strong>: Leo Augsburguer<\/li>\n<\/ul>\n","protected":false},"excerpt":{"rendered":"<p>Siux Fenix Pro 5 Black, Leo Augsburguerio padelio raket\u0117 Siux Fenix Pro 5 Black yra profesionali padelio raket\u0117, sukurta maksimalizuoti puolam\u0105j\u012f \u017eaidim\u0105. Jos deimanto forma ir auk\u0161tas balansas suteikia didel\u0119 j\u0117g\u0105 raudonojoje zonoje, tod\u0117l ji idealiai tinka u\u017ebaigiamiesiems sm\u016bgiams ir galingoms atakoms. Sm\u016bgio pavir\u0161ius pagamintas i\u0161 24K anglies, o \u0161erdis sudaryta i\u0161 Black EVA gumos, [&hellip;]<\/p>\n","protected":false},"featured_media":69154,"comment_status":"open","ping_status":"closed","template":"","meta":{"_eb_attr":""},"product_brand":[272],"product_cat":[252,273,274],"product_tag":[],"class_list":{"0":"post-67179","1":"product","2":"type-product","3":"status-publish","4":"has-post-thumbnail","6":"product_brand-siux","7":"product_cat-padelio-raketes","8":"product_cat-pazenges","9":"product_cat-siux","10":"pa_kaal-350-370g","11":"pa_kuju-deimantas","12":"pa_mangustiil-puolimas","13":"pa_tasakaal-virsuje","14":"pa_tase-pazenges","15":"pa_varv-juoda","18":"first","19":"instock","20":"sale","21":"taxable","22":"shipping-taxable","23":"purchasable","24":"product-type-simple"},"yoast_head":"<!-- This site is optimized with the Yoast SEO Premium plugin v27.1 (Yoast SEO v27.1.1) - https:\/\/yoast.com\/product\/yoast-seo-premium-wordpress\/ -->\n<title>Siux Fenix Pro 5 Black | Padelhaus<\/title>\n<meta name=\"description\" content=\"Ie\u0161kai naujos padelio raket\u0117s gera kaina? Padelhaus si\u016blo geriausi\u0105 padelio rake\u010di\u0173 pasirinkim\u0105 kiekvienam lygiui \u2013 tavo padelio parduotuv\u0117.\" \/>\n<meta name=\"robots\" content=\"noindex, follow, max-snippet:-1, max-image-preview:large, max-video-preview:-1\" \/>\n<meta property=\"og:locale\" content=\"lt_LT\" \/>\n<meta property=\"og:type\" content=\"article\" \/>\n<meta property=\"og:title\" content=\"Siux Fenix Pro 5 Black\" \/>\n<meta property=\"og:description\" content=\"Ie\u0161kai naujos padelio raket\u0117s gera kaina? Padelhaus si\u016blo geriausi\u0105 padelio rake\u010di\u0173 pasirinkim\u0105 kiekvienam lygiui \u2013 tavo padelio parduotuv\u0117.\" \/>\n<meta property=\"og:url\" content=\"https:\/\/padelhaus.mustlammas-dev.in\/lt\/parduotuve\/siux-fenix-pro-5-black\/\" \/>\n<meta property=\"og:site_name\" content=\"Padelhaus\" \/>\n<meta property=\"article:modified_time\" content=\"2026-01-14T22:34:46+00:00\" \/>\n<meta property=\"og:image\" content=\"https:\/\/padel-haus.lt\/wp-content\/uploads\/2025\/12\/SIUX-FENIX-PRO-5-BLACK-BEEZ.webp\" \/>\n\t<meta property=\"og:image:width\" content=\"1000\" \/>\n\t<meta property=\"og:image:height\" content=\"1000\" \/>\n\t<meta property=\"og:image:type\" content=\"image\/webp\" \/>\n<meta name=\"twitter:card\" content=\"summary_large_image\" \/>\n<meta name=\"twitter:label1\" content=\"Price\" \/>\n\t<meta name=\"twitter:data1\" content=\"199,95&nbsp;&euro;\" \/>\n\t<meta name=\"twitter:label2\" content=\"Availability\" \/>\n\t<meta name=\"twitter:data2\" content=\"In stock\" \/>\n<script type=\"application\/ld+json\" class=\"yoast-schema-graph\">{\"@context\":\"https:\/\/schema.org\",\"@graph\":[{\"@type\":[\"WebPage\",\"ItemPage\"],\"@id\":\"https:\/\/padelhaus.mustlammas-dev.in\/lt\/parduotuve\/siux-fenix-pro-5-black\/\",\"url\":\"https:\/\/padelhaus.mustlammas-dev.in\/lt\/parduotuve\/siux-fenix-pro-5-black\/\",\"name\":\"Siux Fenix Pro 5 Black | Padelhaus\",\"isPartOf\":{\"@id\":\"https:\/\/padelhaus.mustlammas-dev.in\/lt\/#website\"},\"primaryImageOfPage\":{\"@id\":\"https:\/\/padelhaus.mustlammas-dev.in\/lt\/parduotuve\/siux-fenix-pro-5-black\/#primaryimage\"},\"image\":{\"@id\":\"https:\/\/padelhaus.mustlammas-dev.in\/lt\/parduotuve\/siux-fenix-pro-5-black\/#primaryimage\"},\"thumbnailUrl\":\"https:\/\/padelhaus.mustlammas-dev.in\/wp-content\/uploads\/2025\/12\/SIUX-FENIX-PRO-5-BLACK-BEEZ.webp\",\"datePublished\":\"2025-12-06T00:54:29+00:00\",\"dateModified\":\"2026-01-14T22:34:46+00:00\",\"description\":\"Ie\u0161kai naujos padelio raket\u0117s gera kaina? Padelhaus si\u016blo geriausi\u0105 padelio rake\u010di\u0173 pasirinkim\u0105 kiekvienam lygiui \u2013 tavo padelio parduotuv\u0117.\",\"breadcrumb\":{\"@id\":\"https:\/\/padelhaus.mustlammas-dev.in\/lt\/parduotuve\/siux-fenix-pro-5-black\/#breadcrumb\"},\"inLanguage\":\"lt-LT\",\"potentialAction\":[{\"@type\":\"ReadAction\",\"target\":[\"https:\/\/padelhaus.mustlammas-dev.in\/lt\/parduotuve\/siux-fenix-pro-5-black\/\"]}]},{\"@type\":\"ImageObject\",\"inLanguage\":\"lt-LT\",\"@id\":\"https:\/\/padelhaus.mustlammas-dev.in\/lt\/parduotuve\/siux-fenix-pro-5-black\/#primaryimage\",\"url\":\"https:\/\/padelhaus.mustlammas-dev.in\/wp-content\/uploads\/2025\/12\/SIUX-FENIX-PRO-5-BLACK-BEEZ.webp\",\"contentUrl\":\"https:\/\/padelhaus.mustlammas-dev.in\/wp-content\/uploads\/2025\/12\/SIUX-FENIX-PRO-5-BLACK-BEEZ.webp\",\"width\":1000,\"height\":1000},{\"@type\":\"BreadcrumbList\",\"@id\":\"https:\/\/padelhaus.mustlammas-dev.in\/lt\/parduotuve\/siux-fenix-pro-5-black\/#breadcrumb\",\"itemListElement\":[{\"@type\":\"ListItem\",\"position\":1,\"name\":\"Prad\u017eia\",\"item\":\"https:\/\/padel-haus.lt\/\"},{\"@type\":\"ListItem\",\"position\":2,\"name\":\"Parduotuv\u0117\",\"item\":\"https:\/\/padel-haus.lt\/parduotuve\/\"},{\"@type\":\"ListItem\",\"position\":3,\"name\":\"Siux Fenix Pro 5 Black\"}]},{\"@type\":\"WebSite\",\"@id\":\"https:\/\/padelhaus.mustlammas-dev.in\/lt\/#website\",\"url\":\"https:\/\/padelhaus.mustlammas-dev.in\/lt\/\",\"name\":\"Claude Padelhaus\",\"description\":\"Sinu padelivarustuse kodu\",\"publisher\":{\"@id\":\"https:\/\/padelhaus.mustlammas-dev.in\/lt\/#organization\"},\"potentialAction\":[{\"@type\":\"SearchAction\",\"target\":{\"@type\":\"EntryPoint\",\"urlTemplate\":\"https:\/\/padelhaus.mustlammas-dev.in\/lt\/?s={search_term_string}\"},\"query-input\":{\"@type\":\"PropertyValueSpecification\",\"valueRequired\":true,\"valueName\":\"search_term_string\"}}],\"inLanguage\":\"lt-LT\"},{\"@type\":\"Organization\",\"@id\":\"https:\/\/padelhaus.mustlammas-dev.in\/lt\/#organization\",\"name\":\"Claude Padelhaus\",\"url\":\"https:\/\/padelhaus.mustlammas-dev.in\/lt\/\",\"logo\":{\"@type\":\"ImageObject\",\"inLanguage\":\"lt-LT\",\"@id\":\"https:\/\/padelhaus.mustlammas-dev.in\/lt\/#\/schema\/logo\/image\/\",\"url\":\"https:\/\/padelhaus.mustlammas-dev.in\/wp-content\/uploads\/2025\/05\/Logo-1.png\",\"contentUrl\":\"https:\/\/padelhaus.mustlammas-dev.in\/wp-content\/uploads\/2025\/05\/Logo-1.png\",\"width\":280,\"height\":115,\"caption\":\"Claude Padelhaus\"},\"image\":{\"@id\":\"https:\/\/padelhaus.mustlammas-dev.in\/lt\/#\/schema\/logo\/image\/\"}}]}<\/script>\n<meta property=\"product:price:amount\" content=\"199.95\" \/>\n<meta property=\"product:price:currency\" content=\"EUR\" \/>\n<meta property=\"og:availability\" content=\"instock\" \/>\n<meta property=\"product:availability\" content=\"instock\" \/>\n<meta property=\"product:retailer_item_id\" content=\"SIU-R-18\" \/>\n<meta property=\"product:condition\" content=\"new\" \/>\n<!-- \/ Yoast SEO Premium plugin. -->","yoast_head_json":{"title":"Siux Fenix Pro 5 Black | Padelhaus","description":"Ie\u0161kai naujos padelio raket\u0117s gera kaina? Padelhaus si\u016blo geriausi\u0105 padelio rake\u010di\u0173 pasirinkim\u0105 kiekvienam lygiui \u2013 tavo padelio parduotuv\u0117.","robots":{"index":"noindex","follow":"follow","max-snippet":"max-snippet:-1","max-image-preview":"max-image-preview:large","max-video-preview":"max-video-preview:-1"},"og_locale":"lt_LT","og_type":"article","og_title":"Siux Fenix Pro 5 Black","og_description":"Ie\u0161kai naujos padelio raket\u0117s gera kaina? Padelhaus si\u016blo geriausi\u0105 padelio rake\u010di\u0173 pasirinkim\u0105 kiekvienam lygiui \u2013 tavo padelio parduotuv\u0117.","og_url":"https:\/\/padelhaus.mustlammas-dev.in\/lt\/parduotuve\/siux-fenix-pro-5-black\/","og_site_name":"Padelhaus","article_modified_time":"2026-01-14T22:34:46+00:00","og_image":[{"width":1000,"height":1000,"url":"https:\/\/padel-haus.lt\/wp-content\/uploads\/2025\/12\/SIUX-FENIX-PRO-5-BLACK-BEEZ.webp","type":"image\/webp"}],"twitter_card":"summary_large_image","twitter_misc":{"Price":"199,95&nbsp;&euro;","Availability":"In stock"},"schema":{"@context":"https:\/\/schema.org","@graph":[{"@type":["WebPage","ItemPage"],"@id":"https:\/\/padelhaus.mustlammas-dev.in\/lt\/parduotuve\/siux-fenix-pro-5-black\/","url":"https:\/\/padelhaus.mustlammas-dev.in\/lt\/parduotuve\/siux-fenix-pro-5-black\/","name":"Siux Fenix Pro 5 Black | Padelhaus","isPartOf":{"@id":"https:\/\/padelhaus.mustlammas-dev.in\/lt\/#website"},"primaryImageOfPage":{"@id":"https:\/\/padelhaus.mustlammas-dev.in\/lt\/parduotuve\/siux-fenix-pro-5-black\/#primaryimage"},"image":{"@id":"https:\/\/padelhaus.mustlammas-dev.in\/lt\/parduotuve\/siux-fenix-pro-5-black\/#primaryimage"},"thumbnailUrl":"https:\/\/padelhaus.mustlammas-dev.in\/wp-content\/uploads\/2025\/12\/SIUX-FENIX-PRO-5-BLACK-BEEZ.webp","datePublished":"2025-12-06T00:54:29+00:00","dateModified":"2026-01-14T22:34:46+00:00","description":"Ie\u0161kai naujos padelio raket\u0117s gera kaina? Padelhaus si\u016blo geriausi\u0105 padelio rake\u010di\u0173 pasirinkim\u0105 kiekvienam lygiui \u2013 tavo padelio parduotuv\u0117.","breadcrumb":{"@id":"https:\/\/padelhaus.mustlammas-dev.in\/lt\/parduotuve\/siux-fenix-pro-5-black\/#breadcrumb"},"inLanguage":"lt-LT","potentialAction":[{"@type":"ReadAction","target":["https:\/\/padelhaus.mustlammas-dev.in\/lt\/parduotuve\/siux-fenix-pro-5-black\/"]}]},{"@type":"ImageObject","inLanguage":"lt-LT","@id":"https:\/\/padelhaus.mustlammas-dev.in\/lt\/parduotuve\/siux-fenix-pro-5-black\/#primaryimage","url":"https:\/\/padelhaus.mustlammas-dev.in\/wp-content\/uploads\/2025\/12\/SIUX-FENIX-PRO-5-BLACK-BEEZ.webp","contentUrl":"https:\/\/padelhaus.mustlammas-dev.in\/wp-content\/uploads\/2025\/12\/SIUX-FENIX-PRO-5-BLACK-BEEZ.webp","width":1000,"height":1000},{"@type":"BreadcrumbList","@id":"https:\/\/padelhaus.mustlammas-dev.in\/lt\/parduotuve\/siux-fenix-pro-5-black\/#breadcrumb","itemListElement":[{"@type":"ListItem","position":1,"name":"Prad\u017eia","item":"https:\/\/padel-haus.lt\/"},{"@type":"ListItem","position":2,"name":"Parduotuv\u0117","item":"https:\/\/padel-haus.lt\/parduotuve\/"},{"@type":"ListItem","position":3,"name":"Siux Fenix Pro 5 Black"}]},{"@type":"WebSite","@id":"https:\/\/padelhaus.mustlammas-dev.in\/lt\/#website","url":"https:\/\/padelhaus.mustlammas-dev.in\/lt\/","name":"Claude Padelhaus","description":"Sinu padelivarustuse kodu","publisher":{"@id":"https:\/\/padelhaus.mustlammas-dev.in\/lt\/#organization"},"potentialAction":[{"@type":"SearchAction","target":{"@type":"EntryPoint","urlTemplate":"https:\/\/padelhaus.mustlammas-dev.in\/lt\/?s={search_term_string}"},"query-input":{"@type":"PropertyValueSpecification","valueRequired":true,"valueName":"search_term_string"}}],"inLanguage":"lt-LT"},{"@type":"Organization","@id":"https:\/\/padelhaus.mustlammas-dev.in\/lt\/#organization","name":"Claude Padelhaus","url":"https:\/\/padelhaus.mustlammas-dev.in\/lt\/","logo":{"@type":"ImageObject","inLanguage":"lt-LT","@id":"https:\/\/padelhaus.mustlammas-dev.in\/lt\/#\/schema\/logo\/image\/","url":"https:\/\/padelhaus.mustlammas-dev.in\/wp-content\/uploads\/2025\/05\/Logo-1.png","contentUrl":"https:\/\/padelhaus.mustlammas-dev.in\/wp-content\/uploads\/2025\/05\/Logo-1.png","width":280,"height":115,"caption":"Claude Padelhaus"},"image":{"@id":"https:\/\/padelhaus.mustlammas-dev.in\/lt\/#\/schema\/logo\/image\/"}}]},"product_price_amount":"199.95","product_price_currency":"EUR","og_availability":"instock","product_availability":"instock","product_retailer_item_id":"SIU-R-18","product_condition":"new"},"_links":{"self":[{"href":"https:\/\/padelhaus.mustlammas-dev.in\/lt\/wp-json\/wp\/v2\/product\/67179","targetHints":{"allow":["GET"]}}],"collection":[{"href":"https:\/\/padelhaus.mustlammas-dev.in\/lt\/wp-json\/wp\/v2\/product"}],"about":[{"href":"https:\/\/padelhaus.mustlammas-dev.in\/lt\/wp-json\/wp\/v2\/types\/product"}],"replies":[{"embeddable":true,"href":"https:\/\/padelhaus.mustlammas-dev.in\/lt\/wp-json\/wp\/v2\/comments?post=67179"}],"wp:featuredmedia":[{"embeddable":true,"href":"https:\/\/padelhaus.mustlammas-dev.in\/lt\/wp-json\/wp\/v2\/media\/69154"}],"wp:attachment":[{"href":"https:\/\/padelhaus.mustlammas-dev.in\/lt\/wp-json\/wp\/v2\/media?parent=67179"}],"wp:term":[{"taxonomy":"product_brand","embeddable":true,"href":"https:\/\/padelhaus.mustlammas-dev.in\/lt\/wp-json\/wp\/v2\/product_brand?post=67179"},{"taxonomy":"product_cat","embeddable":true,"href":"https:\/\/padelhaus.mustlammas-dev.in\/lt\/wp-json\/wp\/v2\/product_cat?post=67179"},{"taxonomy":"product_tag","embeddable":true,"href":"https:\/\/padelhaus.mustlammas-dev.in\/lt\/wp-json\/wp\/v2\/product_tag?post=67179"}],"curies":[{"name":"wp","href":"https:\/\/api.w.org\/{rel}","templated":true}]}}