{"id":67324,"date":"2025-12-11T13:25:49","date_gmt":"2025-12-11T11:25:49","guid":{"rendered":"https:\/\/padelhaus.mustlammas-dev.in\/?post_type=product&#038;p=67324"},"modified":"2026-01-11T00:47:44","modified_gmt":"2026-01-10T22:47:44","slug":"adidas-metalbone-2026","status":"publish","type":"product","link":"https:\/\/padelhaus.mustlammas-dev.in\/lt\/parduotuve\/adidas-metalbone-2026\/","title":{"rendered":"Adidas Metalbone 2026"},"content":{"rendered":"<p data-start=\"81\" data-end=\"146\"><strong data-start=\"81\" data-end=\"146\">Adidas Metalbone 2026: <\/strong>Absoliuti galia ir pritaikomas valdymas<\/p>\n<p data-start=\"148\" data-end=\"398\">Adidas Metalbone 2026, oficiali Ale Gal\u00e1no raket\u0117, atspindi pa\u017eangiausi\u0105 padelio technologijos evoliucij\u0105. Su deimanto forma ir auk\u0161ta sm\u016bgio zona, ji suteikia sprogstam\u0105j\u0105 gali\u0105, idealiai tinkan\u010di\u0105 puolantiems \u017eaid\u0117jams, norintiems dominuoti tinkle. <\/p>\n<h5 data-start=\"400\" data-end=\"431\">Pritaikomas svoris ir balansas<\/h5>\n<p data-start=\"433\" data-end=\"673\">Raket\u0117s pritaikomas svoris nuo 345 iki 360 g (+\/- 11,2 g) leid\u017eia j\u0105 pritaikyti bet kokiam \u017eaidimo stiliui, d\u0117ka i\u0161skirtin\u0117s Weight &amp; Balance System sistemos, kurios nuimami svoriai kei\u010dia balans\u0105 pagal j\u016bs\u0173 pageidavimus.<\/p>\n<h5 data-start=\"675\" data-end=\"710\">Patobulintos med\u017eiagos ir dizainas<\/h5>\n<p data-start=\"712\" data-end=\"975\">Pagaminta i\u0161 aliuminizuoto 16K anglies pluo\u0161to, ji u\u017etikrina puik\u0173 standum\u0105, i\u0161skirtin\u012f patvarum\u0105 ir tvirt\u0105 sm\u016bgio poj\u016bt\u012f. Polihedrinis Low Poly dizainas suteikia standesn\u0119 ir stabilesn\u0119 strukt\u016br\u0105, padidindamas kiekvieno sm\u016bgio gali\u0105 neprarandant tikslumo. <\/p>\n<h5 data-start=\"977\" data-end=\"1027\">Profesionaliems ir puolantiems \u017eaid\u0117jams<\/h5>\n<p data-start=\"1029\" data-end=\"1385\">Sukurta pa\u017eengusiems ir profesionalams, Metalbone 2026 yra puikus kompanionas tiems, kurie pirmenyb\u0119 teikia puolamajam \u017eaidimui ir kontrolei lemiamose situacijose. Jos auk\u0161tas balansas skatina galingus sm\u016bgius ir lemiamus kir\u010dius, o Eva Soft Performance guma u\u017etikrina puik\u0173 kamuoliuko i\u0161\u0117jim\u0105 su mink\u0161tu ir patogiu poj\u016b\u010diu. <\/p>\n<h5 data-start=\"1387\" data-end=\"1408\">Ekstremalus na\u0161umas<\/h5>\n<p data-start=\"1410\" data-end=\"1644\">Tvirta konstrukcija ir inovatyvios technologijos paver\u010dia \u0161i\u0105 raket\u0119 ekstremalia j\u0117ga ir chirurginiu tikslumu. Tai galutinis pasirinkimas tiems, kurie nori pakelti savo \u017eaidim\u0105 \u012f auk\u0161\u010diausi\u0105 lyg\u012f, kaip profesionalai aik\u0161tel\u0117je. <\/p>\n<h5 data-start=\"1651\" data-end=\"1688\">Pagrindin\u0117s savyb\u0117s ir technologijos<\/h5>\n<ul>\n<li data-start=\"1692\" data-end=\"1806\"><strong data-start=\"1692\" data-end=\"1720\">Weight &amp; Balance System:<\/strong> Pritaikykite svor\u012f ir balans\u0105 iki 11,2 g, kad gautum\u0117te papildom\u0105 kontrol\u0119 vir\u0161 savo \u017eaidimo.<\/li>\n<li data-start=\"1809\" data-end=\"1879\"><strong data-start=\"1809\" data-end=\"1835\">Aluminized Carbon 16K:<\/strong> Maksimalus standumas, patvarumas ir galia.<\/li>\n<li data-start=\"1882\" data-end=\"1973\"><strong data-start=\"1882\" data-end=\"1899\">Power Groove:<\/strong> Strukt\u016brinis r\u0117m\u0173 sutvirtinimas, gerinantis stabilum\u0105 ir tvirtum\u0105.<\/li>\n<li data-start=\"1976\" data-end=\"2071\"><strong data-start=\"1976\" data-end=\"1996\">Low Poly Design:<\/strong> Polihedrin\u0117s strukt\u016bros dizainas, suteikiantis standumo ir galios kiekvienam sm\u016bgiui.<\/li>\n<li data-start=\"2074\" data-end=\"2175\"><strong data-start=\"2074\" data-end=\"2106\">Eva Soft Performance Rubber:<\/strong> Mink\u0161tas prisilietimas ir puikus kamuoliuko i\u0161\u0117jimas, i\u0161skirtinis su juoda danga.<\/li>\n<li data-start=\"2178\" data-end=\"2262\"><strong data-start=\"2178\" data-end=\"2199\">Spin Blade Decal:<\/strong> Grubi tekst\u016bra, kuri padidina sukim\u0105si nepa\u017eeid\u017eiant komforto.<\/li>\n<li data-start=\"2265\" data-end=\"2343\"><strong data-start=\"2265\" data-end=\"2281\">Deimanto forma:<\/strong> Gali\u0173, tikslumo ir grei\u010dio balansas puolamuosiuose sm\u016bgiuose.<\/li>\n<\/ul>\n<h5 data-start=\"733\" data-end=\"861\">Specifikacijos<\/h5>\n<ul>\n<li data-start=\"39\" data-end=\"58\"><strong data-start=\"39\" data-end=\"49\">Prek\u0117s \u017eenklas:<\/strong> Adidas<\/li>\n<li data-start=\"61\" data-end=\"77\"><strong data-start=\"61\" data-end=\"70\">Spalva:<\/strong> Juoda<\/li>\n<li data-start=\"80\" data-end=\"106\"><strong data-start=\"80\" data-end=\"90\">Produktas:<\/strong> Padeli\u0173 raket\u0117s<\/li>\n<li data-start=\"109\" data-end=\"130\"><strong data-start=\"109\" data-end=\"122\">Balansas:<\/strong> Auk\u0161tas<\/li>\n<li data-start=\"133\" data-end=\"168\"><strong data-start=\"133\" data-end=\"145\">\u0160erdis:<\/strong> EVA Soft Performance<\/li>\n<li data-start=\"171\" data-end=\"221\"><strong data-start=\"171\" data-end=\"189\">Pavir\u0161iaus med\u017eiaga:<\/strong> 16k anglies pluo\u0161tas (Carbon Face)<\/li>\n<li data-start=\"224\" data-end=\"255\"><strong data-start=\"224\" data-end=\"236\">Forma:<\/strong> \u012eprasta forma<\/li>\n<li data-start=\"258\" data-end=\"290\"><strong data-start=\"258\" data-end=\"272\">\u017daidimo lygis:<\/strong> Profesionalus<\/li>\n<li data-start=\"293\" data-end=\"317\"><strong data-start=\"293\" data-end=\"308\">Apdaila:<\/strong> Blizgi<\/li>\n<li data-start=\"320\" data-end=\"344\"><strong data-start=\"320\" data-end=\"329\">Forma:<\/strong> Deimanto forma<\/li>\n<li data-start=\"347\" data-end=\"390\"><strong data-start=\"347\" data-end=\"362\">Pavir\u0161iaus tipas:<\/strong> Grubl\u0117tas pavir\u0161ius (Rough Surface)<\/li>\n<li data-start=\"393\" data-end=\"415\"><strong data-start=\"393\" data-end=\"407\">\u017daidimo tipas:<\/strong> Power<\/li>\n<li data-start=\"418\" data-end=\"469\"><strong data-start=\"418\" data-end=\"430\">Kolekcija:<\/strong> Alejandro Gal\u00e1no \u017eaid\u0117j\u0173 kolekcija<\/li>\n<\/ul>\n","protected":false},"excerpt":{"rendered":"<p>Adidas Metalbone 2026: Absoliuti galia ir pritaikomas valdymas Adidas Metalbone 2026, oficiali Ale Gal\u00e1no raket\u0117, atspindi pa\u017eangiausi\u0105 padelio technologijos evoliucij\u0105. Su deimanto forma ir auk\u0161ta sm\u016bgio zona, ji suteikia sprogstam\u0105j\u0105 gali\u0105, idealiai tinkan\u010di\u0105 puolantiems \u017eaid\u0117jams, norintiems dominuoti tinkle. Pritaikomas svoris ir balansas Raket\u0117s pritaikomas svoris nuo 345 iki 360 g (+\/- 11,2 g) leid\u017eia j\u0105 [&hellip;]<\/p>\n","protected":false},"featured_media":69053,"comment_status":"open","ping_status":"closed","template":"","meta":{"_eb_attr":""},"product_brand":[381],"product_cat":[395,252,273],"product_tag":[],"class_list":{"0":"post-67324","1":"product","2":"type-product","3":"status-publish","4":"has-post-thumbnail","6":"product_brand-adidas","7":"product_cat-adidas","8":"product_cat-padelio-raketes","9":"product_cat-pazenges","10":"pa_kaal-350-360g","11":"pa_kuju-teemant","12":"pa_mangustiil-rundav","13":"pa_tasakaal-uleval","14":"pa_tase-edasijoudnud","15":"pa_varv-must","18":"first","19":"onbackorder","20":"sale","21":"taxable","22":"shipping-taxable","23":"purchasable","24":"product-type-simple"},"yoast_head":"<!-- This site is optimized with the Yoast SEO Premium plugin v27.1 (Yoast SEO v27.1.1) - https:\/\/yoast.com\/product\/yoast-seo-premium-wordpress\/ -->\n<title>Adidas Metalbone 2026 | Padelhaus<\/title>\n<meta name=\"description\" content=\"Ie\u0161kai naujos padelio raket\u0117s gera kaina? Padelhaus si\u016blo geriausi\u0105 padelio rake\u010di\u0173 pasirinkim\u0105 kiekvienam lygiui \u2013 tavo padelio parduotuv\u0117.\" \/>\n<meta name=\"robots\" content=\"noindex, follow, max-snippet:-1, max-image-preview:large, max-video-preview:-1\" \/>\n<meta property=\"og:locale\" content=\"lt_LT\" \/>\n<meta property=\"og:type\" content=\"article\" \/>\n<meta property=\"og:title\" content=\"Adidas Metalbone 2026\" \/>\n<meta property=\"og:description\" content=\"Ie\u0161kai naujos padelio raket\u0117s gera kaina? Padelhaus si\u016blo geriausi\u0105 padelio rake\u010di\u0173 pasirinkim\u0105 kiekvienam lygiui \u2013 tavo padelio parduotuv\u0117.\" \/>\n<meta property=\"og:url\" content=\"https:\/\/padelhaus.mustlammas-dev.in\/lt\/parduotuve\/adidas-metalbone-2026\/\" \/>\n<meta property=\"og:site_name\" content=\"Padelhaus\" \/>\n<meta property=\"article:modified_time\" content=\"2026-01-10T22:47:44+00:00\" \/>\n<meta property=\"og:image\" content=\"https:\/\/padel-haus.lt\/wp-content\/uploads\/2025\/12\/13.webp\" \/>\n\t<meta property=\"og:image:width\" content=\"1000\" \/>\n\t<meta property=\"og:image:height\" content=\"1000\" \/>\n\t<meta property=\"og:image:type\" content=\"image\/webp\" \/>\n<meta name=\"twitter:card\" content=\"summary_large_image\" \/>\n<meta name=\"twitter:label1\" content=\"Price\" \/>\n\t<meta name=\"twitter:data1\" content=\"299,95&nbsp;&euro;\" \/>\n\t<meta name=\"twitter:label2\" content=\"Availability\" \/>\n\t<meta name=\"twitter:data2\" content=\"On backorder\" \/>\n<script type=\"application\/ld+json\" class=\"yoast-schema-graph\">{\"@context\":\"https:\/\/schema.org\",\"@graph\":[{\"@type\":[\"WebPage\",\"ItemPage\"],\"@id\":\"https:\/\/padelhaus.mustlammas-dev.in\/lt\/parduotuve\/adidas-metalbone-2026\/\",\"url\":\"https:\/\/padelhaus.mustlammas-dev.in\/lt\/parduotuve\/adidas-metalbone-2026\/\",\"name\":\"Adidas Metalbone 2026 | Padelhaus\",\"isPartOf\":{\"@id\":\"https:\/\/padelhaus.mustlammas-dev.in\/lt\/#website\"},\"primaryImageOfPage\":{\"@id\":\"https:\/\/padelhaus.mustlammas-dev.in\/lt\/parduotuve\/adidas-metalbone-2026\/#primaryimage\"},\"image\":{\"@id\":\"https:\/\/padelhaus.mustlammas-dev.in\/lt\/parduotuve\/adidas-metalbone-2026\/#primaryimage\"},\"thumbnailUrl\":\"https:\/\/padelhaus.mustlammas-dev.in\/wp-content\/uploads\/2025\/12\/13.webp\",\"datePublished\":\"2025-12-11T11:25:49+00:00\",\"dateModified\":\"2026-01-10T22:47:44+00:00\",\"description\":\"Ie\u0161kai naujos padelio raket\u0117s gera kaina? Padelhaus si\u016blo geriausi\u0105 padelio rake\u010di\u0173 pasirinkim\u0105 kiekvienam lygiui \u2013 tavo padelio parduotuv\u0117.\",\"breadcrumb\":{\"@id\":\"https:\/\/padelhaus.mustlammas-dev.in\/lt\/parduotuve\/adidas-metalbone-2026\/#breadcrumb\"},\"inLanguage\":\"lt-LT\",\"potentialAction\":[{\"@type\":\"ReadAction\",\"target\":[\"https:\/\/padelhaus.mustlammas-dev.in\/lt\/parduotuve\/adidas-metalbone-2026\/\"]}]},{\"@type\":\"ImageObject\",\"inLanguage\":\"lt-LT\",\"@id\":\"https:\/\/padelhaus.mustlammas-dev.in\/lt\/parduotuve\/adidas-metalbone-2026\/#primaryimage\",\"url\":\"https:\/\/padelhaus.mustlammas-dev.in\/wp-content\/uploads\/2025\/12\/13.webp\",\"contentUrl\":\"https:\/\/padelhaus.mustlammas-dev.in\/wp-content\/uploads\/2025\/12\/13.webp\",\"width\":1000,\"height\":1000},{\"@type\":\"BreadcrumbList\",\"@id\":\"https:\/\/padelhaus.mustlammas-dev.in\/lt\/parduotuve\/adidas-metalbone-2026\/#breadcrumb\",\"itemListElement\":[{\"@type\":\"ListItem\",\"position\":1,\"name\":\"Prad\u017eia\",\"item\":\"https:\/\/padel-haus.lt\/\"},{\"@type\":\"ListItem\",\"position\":2,\"name\":\"Parduotuv\u0117\",\"item\":\"https:\/\/padel-haus.lt\/parduotuve\/\"},{\"@type\":\"ListItem\",\"position\":3,\"name\":\"Adidas Metalbone 2026\"}]},{\"@type\":\"WebSite\",\"@id\":\"https:\/\/padelhaus.mustlammas-dev.in\/lt\/#website\",\"url\":\"https:\/\/padelhaus.mustlammas-dev.in\/lt\/\",\"name\":\"Claude Padelhaus\",\"description\":\"Sinu padelivarustuse kodu\",\"publisher\":{\"@id\":\"https:\/\/padelhaus.mustlammas-dev.in\/lt\/#organization\"},\"potentialAction\":[{\"@type\":\"SearchAction\",\"target\":{\"@type\":\"EntryPoint\",\"urlTemplate\":\"https:\/\/padelhaus.mustlammas-dev.in\/lt\/?s={search_term_string}\"},\"query-input\":{\"@type\":\"PropertyValueSpecification\",\"valueRequired\":true,\"valueName\":\"search_term_string\"}}],\"inLanguage\":\"lt-LT\"},{\"@type\":\"Organization\",\"@id\":\"https:\/\/padelhaus.mustlammas-dev.in\/lt\/#organization\",\"name\":\"Claude Padelhaus\",\"url\":\"https:\/\/padelhaus.mustlammas-dev.in\/lt\/\",\"logo\":{\"@type\":\"ImageObject\",\"inLanguage\":\"lt-LT\",\"@id\":\"https:\/\/padelhaus.mustlammas-dev.in\/lt\/#\/schema\/logo\/image\/\",\"url\":\"https:\/\/padelhaus.mustlammas-dev.in\/wp-content\/uploads\/2025\/05\/Logo-1.png\",\"contentUrl\":\"https:\/\/padelhaus.mustlammas-dev.in\/wp-content\/uploads\/2025\/05\/Logo-1.png\",\"width\":280,\"height\":115,\"caption\":\"Claude Padelhaus\"},\"image\":{\"@id\":\"https:\/\/padelhaus.mustlammas-dev.in\/lt\/#\/schema\/logo\/image\/\"}}]}<\/script>\n<meta property=\"product:price:amount\" content=\"299.95\" \/>\n<meta property=\"product:price:currency\" content=\"EUR\" \/>\n<meta property=\"og:availability\" content=\"backorder\" \/>\n<meta property=\"product:availability\" content=\"available for order\" \/>\n<meta property=\"product:retailer_item_id\" content=\"ADI-R-28\" \/>\n<meta property=\"product:condition\" content=\"new\" \/>\n<!-- \/ Yoast SEO Premium plugin. -->","yoast_head_json":{"title":"Adidas Metalbone 2026 | Padelhaus","description":"Ie\u0161kai naujos padelio raket\u0117s gera kaina? Padelhaus si\u016blo geriausi\u0105 padelio rake\u010di\u0173 pasirinkim\u0105 kiekvienam lygiui \u2013 tavo padelio parduotuv\u0117.","robots":{"index":"noindex","follow":"follow","max-snippet":"max-snippet:-1","max-image-preview":"max-image-preview:large","max-video-preview":"max-video-preview:-1"},"og_locale":"lt_LT","og_type":"article","og_title":"Adidas Metalbone 2026","og_description":"Ie\u0161kai naujos padelio raket\u0117s gera kaina? Padelhaus si\u016blo geriausi\u0105 padelio rake\u010di\u0173 pasirinkim\u0105 kiekvienam lygiui \u2013 tavo padelio parduotuv\u0117.","og_url":"https:\/\/padelhaus.mustlammas-dev.in\/lt\/parduotuve\/adidas-metalbone-2026\/","og_site_name":"Padelhaus","article_modified_time":"2026-01-10T22:47:44+00:00","og_image":[{"width":1000,"height":1000,"url":"https:\/\/padel-haus.lt\/wp-content\/uploads\/2025\/12\/13.webp","type":"image\/webp"}],"twitter_card":"summary_large_image","twitter_misc":{"Price":"299,95&nbsp;&euro;","Availability":"On backorder"},"schema":{"@context":"https:\/\/schema.org","@graph":[{"@type":["WebPage","ItemPage"],"@id":"https:\/\/padelhaus.mustlammas-dev.in\/lt\/parduotuve\/adidas-metalbone-2026\/","url":"https:\/\/padelhaus.mustlammas-dev.in\/lt\/parduotuve\/adidas-metalbone-2026\/","name":"Adidas Metalbone 2026 | Padelhaus","isPartOf":{"@id":"https:\/\/padelhaus.mustlammas-dev.in\/lt\/#website"},"primaryImageOfPage":{"@id":"https:\/\/padelhaus.mustlammas-dev.in\/lt\/parduotuve\/adidas-metalbone-2026\/#primaryimage"},"image":{"@id":"https:\/\/padelhaus.mustlammas-dev.in\/lt\/parduotuve\/adidas-metalbone-2026\/#primaryimage"},"thumbnailUrl":"https:\/\/padelhaus.mustlammas-dev.in\/wp-content\/uploads\/2025\/12\/13.webp","datePublished":"2025-12-11T11:25:49+00:00","dateModified":"2026-01-10T22:47:44+00:00","description":"Ie\u0161kai naujos padelio raket\u0117s gera kaina? Padelhaus si\u016blo geriausi\u0105 padelio rake\u010di\u0173 pasirinkim\u0105 kiekvienam lygiui \u2013 tavo padelio parduotuv\u0117.","breadcrumb":{"@id":"https:\/\/padelhaus.mustlammas-dev.in\/lt\/parduotuve\/adidas-metalbone-2026\/#breadcrumb"},"inLanguage":"lt-LT","potentialAction":[{"@type":"ReadAction","target":["https:\/\/padelhaus.mustlammas-dev.in\/lt\/parduotuve\/adidas-metalbone-2026\/"]}]},{"@type":"ImageObject","inLanguage":"lt-LT","@id":"https:\/\/padelhaus.mustlammas-dev.in\/lt\/parduotuve\/adidas-metalbone-2026\/#primaryimage","url":"https:\/\/padelhaus.mustlammas-dev.in\/wp-content\/uploads\/2025\/12\/13.webp","contentUrl":"https:\/\/padelhaus.mustlammas-dev.in\/wp-content\/uploads\/2025\/12\/13.webp","width":1000,"height":1000},{"@type":"BreadcrumbList","@id":"https:\/\/padelhaus.mustlammas-dev.in\/lt\/parduotuve\/adidas-metalbone-2026\/#breadcrumb","itemListElement":[{"@type":"ListItem","position":1,"name":"Prad\u017eia","item":"https:\/\/padel-haus.lt\/"},{"@type":"ListItem","position":2,"name":"Parduotuv\u0117","item":"https:\/\/padel-haus.lt\/parduotuve\/"},{"@type":"ListItem","position":3,"name":"Adidas Metalbone 2026"}]},{"@type":"WebSite","@id":"https:\/\/padelhaus.mustlammas-dev.in\/lt\/#website","url":"https:\/\/padelhaus.mustlammas-dev.in\/lt\/","name":"Claude Padelhaus","description":"Sinu padelivarustuse kodu","publisher":{"@id":"https:\/\/padelhaus.mustlammas-dev.in\/lt\/#organization"},"potentialAction":[{"@type":"SearchAction","target":{"@type":"EntryPoint","urlTemplate":"https:\/\/padelhaus.mustlammas-dev.in\/lt\/?s={search_term_string}"},"query-input":{"@type":"PropertyValueSpecification","valueRequired":true,"valueName":"search_term_string"}}],"inLanguage":"lt-LT"},{"@type":"Organization","@id":"https:\/\/padelhaus.mustlammas-dev.in\/lt\/#organization","name":"Claude Padelhaus","url":"https:\/\/padelhaus.mustlammas-dev.in\/lt\/","logo":{"@type":"ImageObject","inLanguage":"lt-LT","@id":"https:\/\/padelhaus.mustlammas-dev.in\/lt\/#\/schema\/logo\/image\/","url":"https:\/\/padelhaus.mustlammas-dev.in\/wp-content\/uploads\/2025\/05\/Logo-1.png","contentUrl":"https:\/\/padelhaus.mustlammas-dev.in\/wp-content\/uploads\/2025\/05\/Logo-1.png","width":280,"height":115,"caption":"Claude Padelhaus"},"image":{"@id":"https:\/\/padelhaus.mustlammas-dev.in\/lt\/#\/schema\/logo\/image\/"}}]},"product_price_amount":"299.95","product_price_currency":"EUR","og_availability":"backorder","product_availability":"available for order","product_retailer_item_id":"ADI-R-28","product_condition":"new"},"_links":{"self":[{"href":"https:\/\/padelhaus.mustlammas-dev.in\/lt\/wp-json\/wp\/v2\/product\/67324","targetHints":{"allow":["GET"]}}],"collection":[{"href":"https:\/\/padelhaus.mustlammas-dev.in\/lt\/wp-json\/wp\/v2\/product"}],"about":[{"href":"https:\/\/padelhaus.mustlammas-dev.in\/lt\/wp-json\/wp\/v2\/types\/product"}],"replies":[{"embeddable":true,"href":"https:\/\/padelhaus.mustlammas-dev.in\/lt\/wp-json\/wp\/v2\/comments?post=67324"}],"wp:featuredmedia":[{"embeddable":true,"href":"https:\/\/padelhaus.mustlammas-dev.in\/lt\/wp-json\/wp\/v2\/media\/69053"}],"wp:attachment":[{"href":"https:\/\/padelhaus.mustlammas-dev.in\/lt\/wp-json\/wp\/v2\/media?parent=67324"}],"wp:term":[{"taxonomy":"product_brand","embeddable":true,"href":"https:\/\/padelhaus.mustlammas-dev.in\/lt\/wp-json\/wp\/v2\/product_brand?post=67324"},{"taxonomy":"product_cat","embeddable":true,"href":"https:\/\/padelhaus.mustlammas-dev.in\/lt\/wp-json\/wp\/v2\/product_cat?post=67324"},{"taxonomy":"product_tag","embeddable":true,"href":"https:\/\/padelhaus.mustlammas-dev.in\/lt\/wp-json\/wp\/v2\/product_tag?post=67324"}],"curies":[{"name":"wp","href":"https:\/\/api.w.org\/{rel}","templated":true}]}}