{"id":67351,"date":"2025-12-11T13:18:46","date_gmt":"2025-12-11T11:18:46","guid":{"rendered":"https:\/\/padelhaus.mustlammas-dev.in\/?post_type=product&#038;p=67351"},"modified":"2026-01-16T15:53:19","modified_gmt":"2026-01-16T13:53:19","slug":"adidas-metalbone-hrd-2026","status":"publish","type":"product","link":"https:\/\/padelhaus.mustlammas-dev.in\/lt\/parduotuve\/adidas-metalbone-hrd-2026\/","title":{"rendered":"Adidas Metalbone HRD+ 2026"},"content":{"rendered":"<p data-start=\"78\" data-end=\"138\"><strong data-start=\"78\" data-end=\"138\">Adidas Metalbone HRD+ 2026 \u2013<\/strong> oficiali Ale Gal\u00e1no \u012franga<\/p>\n<p data-start=\"140\" data-end=\"468\">Adidas Metalbone HRD+ 2026 yra sukurtas dominuoti puolamajame \u017eaidime d\u0117l savo deimanto formos, didel\u0117s sm\u016bgio zonos ir strukt\u016bros, orientuotos \u012f maksimalios j\u0117gos generavim\u0105. Jo auk\u0161tas balanso ta\u0161kas skatina galingus sm\u016bgius ir sm\u016bgius vir\u0161 galvos, tod\u0117l tai yra puiki raket\u0117 tiems, kurie ie\u0161ko ir j\u0117gos, ir tikslumo. <\/p>\n<p data-start=\"470\" data-end=\"838\">Pagaminta i\u0161 16K aliuminiu dengto anglies pluo\u0161to ir didel\u0117s atminties EVA vidin\u0117s konstrukcijos, ji pasi\u017eymi puikiu standumu ir greitu atsistatymu po kiekvieno sm\u016bgio, leid\u017eian\u010diu sprogstam\u0105j\u0105 energijos perdavim\u0105. Jos dizainas apima naujausias 2025 m. \u201eMetalbone\u201c kolekcijos naujoves, sukurtas u\u017etikrinti stabilum\u0105, tikslum\u0105 ir nuolatin\u0119 j\u0117g\u0105 kiekviename sm\u016bgyje.  <\/p>\n<h5 data-start=\"845\" data-end=\"904\">Idealiai tinka profesionalams ir atakuojantiems \u017eaid\u0117jams<\/h5>\n<p data-start=\"906\" data-end=\"1240\">\u0160i \u201eAdidas\u201c deimanto formos raket\u0117 skirta pa\u017eengusiems arba profesionaliems \u017eaid\u0117jams, kurie yra \u012fvald\u0119 technik\u0105 ir ie\u0161ko raket\u0117s, kuri pagerint\u0173 j\u0173 puolimo galimybes. Tai puikus pasirinkimas agresyviems \u017eaid\u0117jams, kurie m\u0117gsta daryti spaudim\u0105 prie tinklo, u\u017ebaigdami ta\u0161kus galingais sm\u016bgiais ir vol\u0117jais. <\/p>\n<p data-start=\"1242\" data-end=\"1587\">D\u0117l \u201eWeight &amp; Balance System\u201c sistemos, kuri leid\u017eia reguliuoti raket\u0117s svor\u012f ir balans\u0105 pagal \u017eaid\u0117jo stili\u0173 ar kiekvieno \u017eaidimo poreikius, tai yra idealus pasirinkimas. Jos didel\u0117 sm\u016bgio zona reikalauja gero sm\u016bgio vietos pasirinkimo, tod\u0117l ji tinka patyrusiems \u017eaid\u0117jams, ie\u0161kantiems tikslumo, j\u0117gos ir patikimo \u012frankio kritin\u0117se situacijose. <\/p>\n<h5 data-start=\"1594\" data-end=\"1625\">Pabr\u0117\u017etos technologijos<\/h5>\n<ul>\n<li data-start=\"1629\" data-end=\"1736\"><strong data-start=\"1629\" data-end=\"1657\">A\u0161tuonkamp\u0117 strukt\u016bra:<\/strong> Anglies pluo\u0161to vamzdin\u0117 konstrukcija didesniam standumui ir stabilumui<\/li>\n<li data-start=\"1739\" data-end=\"1810\"><strong data-start=\"1739\" data-end=\"1767\">Weight &amp; Balance System:<\/strong> Svorio reguliavimas iki 11,2 gramo<\/li>\n<li data-start=\"1813\" data-end=\"1875\"><strong data-start=\"1813\" data-end=\"1830\">Power Groove:<\/strong> \u0160onin\u0117 sienel\u0117, didinanti konstrukcijos standum\u0105<\/li>\n<li data-start=\"1878\" data-end=\"1934\"><strong data-start=\"1878\" data-end=\"1904\">Carbon Aluminized 16K:<\/strong> Didesn\u0117 j\u0117ga ir ilgaam\u017ei\u0161kumas<\/li>\n<li data-start=\"1937\" data-end=\"2034\"><strong data-start=\"1937\" data-end=\"1957\">Low Poly Design:<\/strong> \u0160erdies ir r\u0117mo poliedrinio dizaino naudojimas sukimo suma\u017einimui<\/li>\n<li data-start=\"2037\" data-end=\"2106\"><strong data-start=\"2037\" data-end=\"2058\">Extra Power Grip:<\/strong> Ilgesn\u0117 rankena didesnei inercijai pasiekti<\/li>\n<\/ul>\n<h5 data-start=\"733\" data-end=\"861\">Specifikacijos<\/h5>\n<ul>\n<li data-start=\"39\" data-end=\"58\"><strong data-start=\"39\" data-end=\"49\">Prek\u0117s \u017eenklas:<\/strong> Adidas<\/li>\n<li data-start=\"61\" data-end=\"86\"><strong data-start=\"61\" data-end=\"70\">Spalva:<\/strong> Juoda ir oran\u017ein\u0117<\/li>\n<li data-start=\"89\" data-end=\"122\"><strong data-start=\"89\" data-end=\"99\">Produktas:<\/strong> Raket\u0117 (kastuvo tipo)<\/li>\n<li data-start=\"125\" data-end=\"146\"><strong data-start=\"125\" data-end=\"138\">Balansas:<\/strong> Auk\u0161tas<\/li>\n<li data-start=\"149\" data-end=\"184\"><strong data-start=\"149\" data-end=\"161\">\u0160erdis:<\/strong> EVA High Memory Core<\/li>\n<li data-start=\"187\" data-end=\"237\"><strong data-start=\"187\" data-end=\"205\">Pavir\u0161iaus med\u017eiaga:<\/strong> 18k anglies pluo\u0161tas (Carbon Face)<\/li>\n<li data-start=\"240\" data-end=\"282\"><strong data-start=\"240\" data-end=\"252\">Formatas:<\/strong> Didelis formatas (Oversize)<\/li>\n<li data-start=\"285\" data-end=\"317\"><strong data-start=\"285\" data-end=\"299\">\u017daidimo lygis:<\/strong> Profesionalus<\/li>\n<li data-start=\"320\" data-end=\"344\"><strong data-start=\"320\" data-end=\"335\">Apdaila:<\/strong> Blizgi<\/li>\n<li data-start=\"347\" data-end=\"371\"><strong data-start=\"347\" data-end=\"356\">Forma:<\/strong> Deimanto forma<\/li>\n<li data-start=\"374\" data-end=\"417\"><strong data-start=\"374\" data-end=\"389\">Pavir\u0161iaus tipas:<\/strong> Grubl\u0117tas pavir\u0161ius (Rough Surface)<\/li>\n<li data-start=\"420\" data-end=\"442\"><strong data-start=\"420\" data-end=\"434\">\u017daidimo tipas:<\/strong> Power<\/li>\n<li data-start=\"445\" data-end=\"496\"><strong data-start=\"445\" data-end=\"457\">Kolekcija:<\/strong> Alejandro Gal\u00e1no \u017eaid\u0117j\u0173 kolekcija<\/li>\n<\/ul>\n","protected":false},"excerpt":{"rendered":"<p>Adidas Metalbone HRD+ 2026 \u2013 oficiali Ale Gal\u00e1no \u012franga Adidas Metalbone HRD+ 2026 yra sukurtas dominuoti puolamajame \u017eaidime d\u0117l savo deimanto formos, didel\u0117s sm\u016bgio zonos ir strukt\u016bros, orientuotos \u012f maksimalios j\u0117gos generavim\u0105. Jo auk\u0161tas balanso ta\u0161kas skatina galingus sm\u016bgius ir sm\u016bgius vir\u0161 galvos, tod\u0117l tai yra puiki raket\u0117 tiems, kurie ie\u0161ko ir j\u0117gos, ir tikslumo. [&hellip;]<\/p>\n","protected":false},"featured_media":69233,"comment_status":"open","ping_status":"closed","template":"","meta":{"_eb_attr":""},"product_brand":[381],"product_cat":[395,252,273],"product_tag":[],"class_list":{"0":"post-67351","1":"product","2":"type-product","3":"status-publish","4":"has-post-thumbnail","6":"product_brand-adidas","7":"product_cat-adidas","8":"product_cat-padelio-raketes","9":"product_cat-pazenges","10":"pa_kaal-345-360g","11":"pa_kuju-deimantas","12":"pa_mangustiil-puolimas","13":"pa_tasakaal-virsuje","14":"pa_tase-pazenges","15":"pa_varv-juoda","18":"first","19":"onbackorder","20":"sale","21":"taxable","22":"shipping-taxable","23":"purchasable","24":"product-type-simple"},"yoast_head":"<!-- This site is optimized with the Yoast SEO Premium plugin v27.1 (Yoast SEO v27.1.1) - https:\/\/yoast.com\/product\/yoast-seo-premium-wordpress\/ -->\n<title>Adidas Metalbone HRD+ 2026 | Padelhaus<\/title>\n<meta name=\"description\" content=\"Ie\u0161kai naujos padelio raket\u0117s gera kaina? Padelhaus si\u016blo geriausi\u0105 padelio rake\u010di\u0173 pasirinkim\u0105 kiekvienam lygiui \u2013 tavo padelio parduotuv\u0117.\" \/>\n<meta name=\"robots\" content=\"noindex, follow, max-snippet:-1, max-image-preview:large, max-video-preview:-1\" \/>\n<meta property=\"og:locale\" content=\"lt_LT\" \/>\n<meta property=\"og:type\" content=\"article\" \/>\n<meta property=\"og:title\" content=\"Adidas Metalbone HRD+ 2026\" \/>\n<meta property=\"og:description\" content=\"Ie\u0161kai naujos padelio raket\u0117s gera kaina? Padelhaus si\u016blo geriausi\u0105 padelio rake\u010di\u0173 pasirinkim\u0105 kiekvienam lygiui \u2013 tavo padelio parduotuv\u0117.\" \/>\n<meta property=\"og:url\" content=\"https:\/\/padelhaus.mustlammas-dev.in\/lt\/parduotuve\/adidas-metalbone-hrd-2026\/\" \/>\n<meta property=\"og:site_name\" content=\"Padelhaus\" \/>\n<meta property=\"article:modified_time\" content=\"2026-01-16T13:53:19+00:00\" \/>\n<meta property=\"og:image\" content=\"https:\/\/padel-haus.lt\/wp-content\/uploads\/2025\/12\/9.webp\" \/>\n\t<meta property=\"og:image:width\" content=\"1000\" \/>\n\t<meta property=\"og:image:height\" content=\"1000\" \/>\n\t<meta property=\"og:image:type\" content=\"image\/webp\" \/>\n<meta name=\"twitter:card\" content=\"summary_large_image\" \/>\n<meta name=\"twitter:label1\" content=\"Price\" \/>\n\t<meta name=\"twitter:data1\" content=\"299,95&nbsp;&euro;\" \/>\n\t<meta name=\"twitter:label2\" content=\"Availability\" \/>\n\t<meta name=\"twitter:data2\" content=\"On backorder\" \/>\n<script type=\"application\/ld+json\" class=\"yoast-schema-graph\">{\"@context\":\"https:\/\/schema.org\",\"@graph\":[{\"@type\":[\"WebPage\",\"ItemPage\"],\"@id\":\"https:\/\/padelhaus.mustlammas-dev.in\/lt\/parduotuve\/adidas-metalbone-hrd-2026\/\",\"url\":\"https:\/\/padelhaus.mustlammas-dev.in\/lt\/parduotuve\/adidas-metalbone-hrd-2026\/\",\"name\":\"Adidas Metalbone HRD+ 2026 | Padelhaus\",\"isPartOf\":{\"@id\":\"https:\/\/padelhaus.mustlammas-dev.in\/lt\/#website\"},\"primaryImageOfPage\":{\"@id\":\"https:\/\/padelhaus.mustlammas-dev.in\/lt\/parduotuve\/adidas-metalbone-hrd-2026\/#primaryimage\"},\"image\":{\"@id\":\"https:\/\/padelhaus.mustlammas-dev.in\/lt\/parduotuve\/adidas-metalbone-hrd-2026\/#primaryimage\"},\"thumbnailUrl\":\"https:\/\/padelhaus.mustlammas-dev.in\/wp-content\/uploads\/2025\/12\/9.webp\",\"datePublished\":\"2025-12-11T11:18:46+00:00\",\"dateModified\":\"2026-01-16T13:53:19+00:00\",\"description\":\"Ie\u0161kai naujos padelio raket\u0117s gera kaina? Padelhaus si\u016blo geriausi\u0105 padelio rake\u010di\u0173 pasirinkim\u0105 kiekvienam lygiui \u2013 tavo padelio parduotuv\u0117.\",\"breadcrumb\":{\"@id\":\"https:\/\/padelhaus.mustlammas-dev.in\/lt\/parduotuve\/adidas-metalbone-hrd-2026\/#breadcrumb\"},\"inLanguage\":\"lt-LT\",\"potentialAction\":[{\"@type\":\"ReadAction\",\"target\":[\"https:\/\/padelhaus.mustlammas-dev.in\/lt\/parduotuve\/adidas-metalbone-hrd-2026\/\"]}]},{\"@type\":\"ImageObject\",\"inLanguage\":\"lt-LT\",\"@id\":\"https:\/\/padelhaus.mustlammas-dev.in\/lt\/parduotuve\/adidas-metalbone-hrd-2026\/#primaryimage\",\"url\":\"https:\/\/padelhaus.mustlammas-dev.in\/wp-content\/uploads\/2025\/12\/9.webp\",\"contentUrl\":\"https:\/\/padelhaus.mustlammas-dev.in\/wp-content\/uploads\/2025\/12\/9.webp\",\"width\":1000,\"height\":1000},{\"@type\":\"BreadcrumbList\",\"@id\":\"https:\/\/padelhaus.mustlammas-dev.in\/lt\/parduotuve\/adidas-metalbone-hrd-2026\/#breadcrumb\",\"itemListElement\":[{\"@type\":\"ListItem\",\"position\":1,\"name\":\"Prad\u017eia\",\"item\":\"https:\/\/padel-haus.lt\/\"},{\"@type\":\"ListItem\",\"position\":2,\"name\":\"Parduotuv\u0117\",\"item\":\"https:\/\/padel-haus.lt\/parduotuve\/\"},{\"@type\":\"ListItem\",\"position\":3,\"name\":\"Adidas Metalbone HRD+ 2026\"}]},{\"@type\":\"WebSite\",\"@id\":\"https:\/\/padelhaus.mustlammas-dev.in\/lt\/#website\",\"url\":\"https:\/\/padelhaus.mustlammas-dev.in\/lt\/\",\"name\":\"Claude Padelhaus\",\"description\":\"Sinu padelivarustuse kodu\",\"publisher\":{\"@id\":\"https:\/\/padelhaus.mustlammas-dev.in\/lt\/#organization\"},\"potentialAction\":[{\"@type\":\"SearchAction\",\"target\":{\"@type\":\"EntryPoint\",\"urlTemplate\":\"https:\/\/padelhaus.mustlammas-dev.in\/lt\/?s={search_term_string}\"},\"query-input\":{\"@type\":\"PropertyValueSpecification\",\"valueRequired\":true,\"valueName\":\"search_term_string\"}}],\"inLanguage\":\"lt-LT\"},{\"@type\":\"Organization\",\"@id\":\"https:\/\/padelhaus.mustlammas-dev.in\/lt\/#organization\",\"name\":\"Claude Padelhaus\",\"url\":\"https:\/\/padelhaus.mustlammas-dev.in\/lt\/\",\"logo\":{\"@type\":\"ImageObject\",\"inLanguage\":\"lt-LT\",\"@id\":\"https:\/\/padelhaus.mustlammas-dev.in\/lt\/#\/schema\/logo\/image\/\",\"url\":\"https:\/\/padelhaus.mustlammas-dev.in\/wp-content\/uploads\/2025\/05\/Logo-1.png\",\"contentUrl\":\"https:\/\/padelhaus.mustlammas-dev.in\/wp-content\/uploads\/2025\/05\/Logo-1.png\",\"width\":280,\"height\":115,\"caption\":\"Claude Padelhaus\"},\"image\":{\"@id\":\"https:\/\/padelhaus.mustlammas-dev.in\/lt\/#\/schema\/logo\/image\/\"}}]}<\/script>\n<meta property=\"product:price:amount\" content=\"299.95\" \/>\n<meta property=\"product:price:currency\" content=\"EUR\" \/>\n<meta property=\"og:availability\" content=\"backorder\" \/>\n<meta property=\"product:availability\" content=\"available for order\" \/>\n<meta property=\"product:retailer_item_id\" content=\"ADI-R-27\" \/>\n<meta property=\"product:condition\" content=\"new\" \/>\n<!-- \/ Yoast SEO Premium plugin. -->","yoast_head_json":{"title":"Adidas Metalbone HRD+ 2026 | Padelhaus","description":"Ie\u0161kai naujos padelio raket\u0117s gera kaina? Padelhaus si\u016blo geriausi\u0105 padelio rake\u010di\u0173 pasirinkim\u0105 kiekvienam lygiui \u2013 tavo padelio parduotuv\u0117.","robots":{"index":"noindex","follow":"follow","max-snippet":"max-snippet:-1","max-image-preview":"max-image-preview:large","max-video-preview":"max-video-preview:-1"},"og_locale":"lt_LT","og_type":"article","og_title":"Adidas Metalbone HRD+ 2026","og_description":"Ie\u0161kai naujos padelio raket\u0117s gera kaina? Padelhaus si\u016blo geriausi\u0105 padelio rake\u010di\u0173 pasirinkim\u0105 kiekvienam lygiui \u2013 tavo padelio parduotuv\u0117.","og_url":"https:\/\/padelhaus.mustlammas-dev.in\/lt\/parduotuve\/adidas-metalbone-hrd-2026\/","og_site_name":"Padelhaus","article_modified_time":"2026-01-16T13:53:19+00:00","og_image":[{"width":1000,"height":1000,"url":"https:\/\/padel-haus.lt\/wp-content\/uploads\/2025\/12\/9.webp","type":"image\/webp"}],"twitter_card":"summary_large_image","twitter_misc":{"Price":"299,95&nbsp;&euro;","Availability":"On backorder"},"schema":{"@context":"https:\/\/schema.org","@graph":[{"@type":["WebPage","ItemPage"],"@id":"https:\/\/padelhaus.mustlammas-dev.in\/lt\/parduotuve\/adidas-metalbone-hrd-2026\/","url":"https:\/\/padelhaus.mustlammas-dev.in\/lt\/parduotuve\/adidas-metalbone-hrd-2026\/","name":"Adidas Metalbone HRD+ 2026 | Padelhaus","isPartOf":{"@id":"https:\/\/padelhaus.mustlammas-dev.in\/lt\/#website"},"primaryImageOfPage":{"@id":"https:\/\/padelhaus.mustlammas-dev.in\/lt\/parduotuve\/adidas-metalbone-hrd-2026\/#primaryimage"},"image":{"@id":"https:\/\/padelhaus.mustlammas-dev.in\/lt\/parduotuve\/adidas-metalbone-hrd-2026\/#primaryimage"},"thumbnailUrl":"https:\/\/padelhaus.mustlammas-dev.in\/wp-content\/uploads\/2025\/12\/9.webp","datePublished":"2025-12-11T11:18:46+00:00","dateModified":"2026-01-16T13:53:19+00:00","description":"Ie\u0161kai naujos padelio raket\u0117s gera kaina? Padelhaus si\u016blo geriausi\u0105 padelio rake\u010di\u0173 pasirinkim\u0105 kiekvienam lygiui \u2013 tavo padelio parduotuv\u0117.","breadcrumb":{"@id":"https:\/\/padelhaus.mustlammas-dev.in\/lt\/parduotuve\/adidas-metalbone-hrd-2026\/#breadcrumb"},"inLanguage":"lt-LT","potentialAction":[{"@type":"ReadAction","target":["https:\/\/padelhaus.mustlammas-dev.in\/lt\/parduotuve\/adidas-metalbone-hrd-2026\/"]}]},{"@type":"ImageObject","inLanguage":"lt-LT","@id":"https:\/\/padelhaus.mustlammas-dev.in\/lt\/parduotuve\/adidas-metalbone-hrd-2026\/#primaryimage","url":"https:\/\/padelhaus.mustlammas-dev.in\/wp-content\/uploads\/2025\/12\/9.webp","contentUrl":"https:\/\/padelhaus.mustlammas-dev.in\/wp-content\/uploads\/2025\/12\/9.webp","width":1000,"height":1000},{"@type":"BreadcrumbList","@id":"https:\/\/padelhaus.mustlammas-dev.in\/lt\/parduotuve\/adidas-metalbone-hrd-2026\/#breadcrumb","itemListElement":[{"@type":"ListItem","position":1,"name":"Prad\u017eia","item":"https:\/\/padel-haus.lt\/"},{"@type":"ListItem","position":2,"name":"Parduotuv\u0117","item":"https:\/\/padel-haus.lt\/parduotuve\/"},{"@type":"ListItem","position":3,"name":"Adidas Metalbone HRD+ 2026"}]},{"@type":"WebSite","@id":"https:\/\/padelhaus.mustlammas-dev.in\/lt\/#website","url":"https:\/\/padelhaus.mustlammas-dev.in\/lt\/","name":"Claude Padelhaus","description":"Sinu padelivarustuse kodu","publisher":{"@id":"https:\/\/padelhaus.mustlammas-dev.in\/lt\/#organization"},"potentialAction":[{"@type":"SearchAction","target":{"@type":"EntryPoint","urlTemplate":"https:\/\/padelhaus.mustlammas-dev.in\/lt\/?s={search_term_string}"},"query-input":{"@type":"PropertyValueSpecification","valueRequired":true,"valueName":"search_term_string"}}],"inLanguage":"lt-LT"},{"@type":"Organization","@id":"https:\/\/padelhaus.mustlammas-dev.in\/lt\/#organization","name":"Claude Padelhaus","url":"https:\/\/padelhaus.mustlammas-dev.in\/lt\/","logo":{"@type":"ImageObject","inLanguage":"lt-LT","@id":"https:\/\/padelhaus.mustlammas-dev.in\/lt\/#\/schema\/logo\/image\/","url":"https:\/\/padelhaus.mustlammas-dev.in\/wp-content\/uploads\/2025\/05\/Logo-1.png","contentUrl":"https:\/\/padelhaus.mustlammas-dev.in\/wp-content\/uploads\/2025\/05\/Logo-1.png","width":280,"height":115,"caption":"Claude Padelhaus"},"image":{"@id":"https:\/\/padelhaus.mustlammas-dev.in\/lt\/#\/schema\/logo\/image\/"}}]},"product_price_amount":"299.95","product_price_currency":"EUR","og_availability":"backorder","product_availability":"available for order","product_retailer_item_id":"ADI-R-27","product_condition":"new"},"_links":{"self":[{"href":"https:\/\/padelhaus.mustlammas-dev.in\/lt\/wp-json\/wp\/v2\/product\/67351","targetHints":{"allow":["GET"]}}],"collection":[{"href":"https:\/\/padelhaus.mustlammas-dev.in\/lt\/wp-json\/wp\/v2\/product"}],"about":[{"href":"https:\/\/padelhaus.mustlammas-dev.in\/lt\/wp-json\/wp\/v2\/types\/product"}],"replies":[{"embeddable":true,"href":"https:\/\/padelhaus.mustlammas-dev.in\/lt\/wp-json\/wp\/v2\/comments?post=67351"}],"wp:featuredmedia":[{"embeddable":true,"href":"https:\/\/padelhaus.mustlammas-dev.in\/lt\/wp-json\/wp\/v2\/media\/69233"}],"wp:attachment":[{"href":"https:\/\/padelhaus.mustlammas-dev.in\/lt\/wp-json\/wp\/v2\/media?parent=67351"}],"wp:term":[{"taxonomy":"product_brand","embeddable":true,"href":"https:\/\/padelhaus.mustlammas-dev.in\/lt\/wp-json\/wp\/v2\/product_brand?post=67351"},{"taxonomy":"product_cat","embeddable":true,"href":"https:\/\/padelhaus.mustlammas-dev.in\/lt\/wp-json\/wp\/v2\/product_cat?post=67351"},{"taxonomy":"product_tag","embeddable":true,"href":"https:\/\/padelhaus.mustlammas-dev.in\/lt\/wp-json\/wp\/v2\/product_tag?post=67351"}],"curies":[{"name":"wp","href":"https:\/\/api.w.org\/{rel}","templated":true}]}}