{"id":67986,"date":"2025-12-11T13:12:06","date_gmt":"2025-12-11T11:12:06","guid":{"rendered":"https:\/\/padelhaus.mustlammas-dev.in\/?post_type=product&#038;p=67986"},"modified":"2026-03-05T22:25:46","modified_gmt":"2026-03-05T20:25:46","slug":"adidas-match-light-2026","status":"publish","type":"product","link":"https:\/\/padelhaus.mustlammas-dev.in\/lt\/parduotuve\/adidas-match-light-2026\/","title":{"rendered":"Adidas Match Light 2026"},"content":{"rendered":"<p data-start=\"138\" data-end=\"435\"><strong>Adidas Match Light 2026<\/strong> \u2013 kontrol\u0117 ir j\u0117ga<\/p>\n<p data-start=\"138\" data-end=\"435\">Adidas Match Light yra hibridin\u0117 raket\u0117, kuri sujungia lengvum\u0105, patogum\u0105 ir kontrol\u0119, yra idealus pasirinkimas tiems, kurie nori tobulinti savo technik\u0105 su visi\u0161ku pasitik\u0117jimu. Jos bendra forma ir centrinis sm\u016bgio ta\u0161kas u\u017etikrina stabil\u0173 ir tiksl\u0173 sm\u016bg\u012f, leid\u017eiant dominuoti tiek aik\u0161tel\u0117s gale, tiek puolant. <\/p>\n<p data-start=\"437\" data-end=\"645\">Sverdama 345\u2013360 gram\u0173, \u0161i raket\u0117 i\u0161siskiria puikiu valdymu ir jud\u0117jimo laisve, yra idealus pasirinkimas ilgalaikiams \u017eaidimams arba \u017eaid\u0117jams, norintiems suma\u017einti fizin\u012f kr\u016bv\u012f.<\/p>\n<p data-start=\"647\" data-end=\"947\">Stiklo pluo\u0161to konstrukcija suteikia mink\u0161tesn\u012f poj\u016bt\u012f ir puik\u0173 kamuoliuko at\u0161okim\u0105, o Soft Performance vidin\u0117 konstrukcija su ma\u017eo tankio EVA guma padidina komfort\u0105 kiekvieno sm\u016bgio metu. Gerai subalansuota raket\u0117, kuri sujungia patvarum\u0105, kontrol\u0119 ir ilgaam\u017ei\u0161kum\u0105 kiekviename sm\u016bgyje. <\/p>\n<h5 data-start=\"949\" data-end=\"996\">Match Light \u2013 sukurta pradedantiesiems \u017eaid\u0117jams<\/h5>\n<p data-start=\"998\" data-end=\"1223\">\u0160i Adidas hibridin\u0117 raket\u0117 sukurta pradedantiesiems arba m\u0117g\u0117jams, ie\u0161kantiems lengvo valdymo ir puikaus klaid\u0173 atleidimo. Jos lengvas svoris ir apvali forma palengvina mokym\u0105si ir pagerina kontrol\u0119 kiekviename sm\u016bgyje. <\/p>\n<p data-start=\"1225\" data-end=\"1502\">Tai idealus palydovas visiems, kurie nori m\u0117gautis padeliu nuo pat pirmos dienos, neprarandant j\u0117gos ir patogumo, kurie yra b\u016bdingi Adidas raket\u0117ms. Jos funkcionalus dizainas leid\u017eia greitai tobul\u0117ti, suteikdamas subalansuot\u0105 ir maloni\u0105 \u017eaidimo patirt\u012f. <\/p>\n<h5 data-start=\"1504\" data-end=\"1541\">Pagrindin\u0117s savyb\u0117s ir technologijos<\/h5>\n<ul>\n<li data-start=\"1545\" data-end=\"1608\"><strong>Bendra forma<\/strong>: Centrinis sm\u016bgio ta\u0161kas, kuris pagerina kontrol\u0119 ir tikslum\u0105<\/li>\n<li data-start=\"1611\" data-end=\"1692\"><strong>Stiklo pluo\u0161tas<\/strong>: Stiklo pluo\u0161to pavir\u0161ius mink\u0161tesniam poj\u016b\u010diui ir sklandesniam kamuoliuko i\u0161\u0117jimui<\/li>\n<li data-start=\"1695\" data-end=\"1788\"><strong>Soft Performance EVA<\/strong>: Ma\u017eo tankio guma, kuri suteikia komfort\u0105 ir puik\u0173 at\u0161okim\u0105<\/li>\n<li data-start=\"1791\" data-end=\"1874\"><strong>Lengvas svoris<\/strong>: Lengvas svoris (345\u2013360 g), kuris pagerina valdym\u0105 ir suma\u017eina nuovarg\u012f<\/li>\n<li data-start=\"1877\" data-end=\"1969\"><strong>Smart Holes Linear<\/strong>: Skyl\u0117s, tolygiai i\u0161d\u0117stytos po tris, siekiant sustiprinti sm\u016bgio pavir\u0161i\u0173<\/li>\n<li data-start=\"1972\" data-end=\"2058\"><strong>Structural Reinforcement<\/strong>: Perimetro sutvirtinimas, kuris padidina tvirtum\u0105 ir stabilum\u0105<\/li>\n<\/ul>\n<p data-start=\"2126\" data-end=\"2372\">Adidas Match Light yra subalansuota, lengva ir patogi padelio raket\u0117, kuri puikiai tinka pradedantiesiems, suteikianti ger\u0105 kontrol\u0119 ir kamuoliuko greit\u012f. Jos sustiprinta konstrukcija ir malonus poj\u016btis palaikys tave viso tobul\u0117jimo proceso metu aik\u0161tel\u0117je. <\/p>\n<h5 data-start=\"733\" data-end=\"861\">Specifikacijos<\/h5>\n<ul>\n<li data-start=\"53\" data-end=\"72\"><strong data-start=\"53\" data-end=\"63\">Prek\u0117s \u017eenklas:<\/strong> Adidas<\/li>\n<li data-start=\"75\" data-end=\"108\"><strong data-start=\"75\" data-end=\"84\">Spalva:<\/strong> Juoda, balta ir m\u0117lyna<\/li>\n<li data-start=\"111\" data-end=\"144\"><strong data-start=\"111\" data-end=\"121\">Produktas:<\/strong> Raket\u0117 (kastuvo tipo)<\/li>\n<li data-start=\"147\" data-end=\"178\"><strong data-start=\"147\" data-end=\"160\">Balansas:<\/strong> Auk\u0161tas, vidutinis<\/li>\n<li data-start=\"181\" data-end=\"221\"><strong data-start=\"181\" data-end=\"193\">\u0160erdis:<\/strong> EVA Soft Performance Core<\/li>\n<li data-start=\"224\" data-end=\"272\"><strong data-start=\"224\" data-end=\"242\">Pavir\u0161iaus med\u017eiaga:<\/strong> Stiklo pluo\u0161tas (Fiberglass Face)<\/li>\n<li data-start=\"275\" data-end=\"306\"><strong data-start=\"275\" data-end=\"287\">Forma:<\/strong> \u012eprasta forma<\/li>\n<li data-start=\"309\" data-end=\"337\"><strong data-start=\"309\" data-end=\"321\">Kietumas:<\/strong> Mink\u0161tas kietumas<\/li>\n<li data-start=\"340\" data-end=\"374\"><strong data-start=\"340\" data-end=\"354\">\u017daidimo lygis:<\/strong> Pradedantysis \/ vidutinis<\/li>\n<li data-start=\"377\" data-end=\"400\"><strong data-start=\"377\" data-end=\"386\">Forma:<\/strong> Hibridin\u0117 forma<\/li>\n<li data-start=\"403\" data-end=\"450\"><strong data-start=\"403\" data-end=\"417\">\u017daidimo tipas:<\/strong> Universalus (multipurpose)<\/li>\n<\/ul>\n","protected":false},"excerpt":{"rendered":"<p>Adidas Match Light 2026 \u2013 kontrol\u0117 ir j\u0117ga Adidas Match Light yra hibridin\u0117 raket\u0117, kuri sujungia lengvum\u0105, patogum\u0105 ir kontrol\u0119, yra idealus pasirinkimas tiems, kurie nori tobulinti savo technik\u0105 su visi\u0161ku pasitik\u0117jimu. Jos bendra forma ir centrinis sm\u016bgio ta\u0161kas u\u017etikrina stabil\u0173 ir tiksl\u0173 sm\u016bg\u012f, leid\u017eiant dominuoti tiek aik\u0161tel\u0117s gale, tiek puolant. Sverdama 345\u2013360 gram\u0173, \u0161i [&hellip;]<\/p>\n","protected":false},"featured_media":69131,"comment_status":"open","ping_status":"closed","template":"","meta":{"_eb_attr":""},"product_brand":[381],"product_cat":[395,252,362],"product_tag":[],"class_list":{"0":"post-67986","1":"product","2":"type-product","3":"status-publish","4":"has-post-thumbnail","6":"product_brand-adidas","7":"product_cat-adidas","8":"product_cat-padelio-raketes","9":"product_cat-pradedantieji","10":"pa_kaal-345-360g","11":"pa_kuju-lasas","12":"pa_mangustiil-hibridine","13":"pa_tasakaal-viduryje","14":"pa_tase-pradedantysis","15":"pa_varv-juoda","18":"first","19":"instock","20":"sale","21":"taxable","22":"shipping-taxable","23":"purchasable","24":"product-type-simple"},"yoast_head":"<!-- This site is optimized with the Yoast SEO Premium plugin v27.1 (Yoast SEO v27.1.1) - https:\/\/yoast.com\/product\/yoast-seo-premium-wordpress\/ -->\n<title>Adidas Match Light 2026 | Padelhaus<\/title>\n<meta name=\"description\" content=\"Ie\u0161kai naujos padelio raket\u0117s gera kaina? Padelhaus si\u016blo geriausi\u0105 padelio rake\u010di\u0173 pasirinkim\u0105 kiekvienam lygiui \u2013 tavo padelio parduotuv\u0117.\" \/>\n<meta name=\"robots\" content=\"noindex, follow, max-snippet:-1, max-image-preview:large, max-video-preview:-1\" \/>\n<meta property=\"og:locale\" content=\"lt_LT\" \/>\n<meta property=\"og:type\" content=\"article\" \/>\n<meta property=\"og:title\" content=\"Adidas Match Light 2026\" \/>\n<meta property=\"og:description\" content=\"Ie\u0161kai naujos padelio raket\u0117s gera kaina? Padelhaus si\u016blo geriausi\u0105 padelio rake\u010di\u0173 pasirinkim\u0105 kiekvienam lygiui \u2013 tavo padelio parduotuv\u0117.\" \/>\n<meta property=\"og:url\" content=\"https:\/\/padelhaus.mustlammas-dev.in\/lt\/parduotuve\/adidas-match-light-2026\/\" \/>\n<meta property=\"og:site_name\" content=\"Padelhaus\" \/>\n<meta property=\"article:modified_time\" content=\"2026-03-05T20:25:46+00:00\" \/>\n<meta property=\"og:image\" content=\"https:\/\/padel-haus.lt\/wp-content\/uploads\/2025\/12\/5.webp\" \/>\n\t<meta property=\"og:image:width\" content=\"1000\" \/>\n\t<meta property=\"og:image:height\" content=\"1000\" \/>\n\t<meta property=\"og:image:type\" content=\"image\/webp\" \/>\n<meta name=\"twitter:card\" content=\"summary_large_image\" \/>\n<meta name=\"twitter:label1\" content=\"Price\" \/>\n\t<meta name=\"twitter:data1\" content=\"74,95&nbsp;&euro;\" \/>\n\t<meta name=\"twitter:label2\" content=\"Availability\" \/>\n\t<meta name=\"twitter:data2\" content=\"In stock\" \/>\n<script type=\"application\/ld+json\" class=\"yoast-schema-graph\">{\"@context\":\"https:\/\/schema.org\",\"@graph\":[{\"@type\":[\"WebPage\",\"ItemPage\"],\"@id\":\"https:\/\/padelhaus.mustlammas-dev.in\/lt\/parduotuve\/adidas-match-light-2026\/\",\"url\":\"https:\/\/padelhaus.mustlammas-dev.in\/lt\/parduotuve\/adidas-match-light-2026\/\",\"name\":\"Adidas Match Light 2026 | Padelhaus\",\"isPartOf\":{\"@id\":\"https:\/\/padelhaus.mustlammas-dev.in\/lt\/#website\"},\"primaryImageOfPage\":{\"@id\":\"https:\/\/padelhaus.mustlammas-dev.in\/lt\/parduotuve\/adidas-match-light-2026\/#primaryimage\"},\"image\":{\"@id\":\"https:\/\/padelhaus.mustlammas-dev.in\/lt\/parduotuve\/adidas-match-light-2026\/#primaryimage\"},\"thumbnailUrl\":\"https:\/\/padelhaus.mustlammas-dev.in\/wp-content\/uploads\/2025\/12\/5.webp\",\"datePublished\":\"2025-12-11T11:12:06+00:00\",\"dateModified\":\"2026-03-05T20:25:46+00:00\",\"description\":\"Ie\u0161kai naujos padelio raket\u0117s gera kaina? Padelhaus si\u016blo geriausi\u0105 padelio rake\u010di\u0173 pasirinkim\u0105 kiekvienam lygiui \u2013 tavo padelio parduotuv\u0117.\",\"breadcrumb\":{\"@id\":\"https:\/\/padelhaus.mustlammas-dev.in\/lt\/parduotuve\/adidas-match-light-2026\/#breadcrumb\"},\"inLanguage\":\"lt-LT\",\"potentialAction\":[{\"@type\":\"ReadAction\",\"target\":[\"https:\/\/padelhaus.mustlammas-dev.in\/lt\/parduotuve\/adidas-match-light-2026\/\"]}]},{\"@type\":\"ImageObject\",\"inLanguage\":\"lt-LT\",\"@id\":\"https:\/\/padelhaus.mustlammas-dev.in\/lt\/parduotuve\/adidas-match-light-2026\/#primaryimage\",\"url\":\"https:\/\/padelhaus.mustlammas-dev.in\/wp-content\/uploads\/2025\/12\/5.webp\",\"contentUrl\":\"https:\/\/padelhaus.mustlammas-dev.in\/wp-content\/uploads\/2025\/12\/5.webp\",\"width\":1000,\"height\":1000},{\"@type\":\"BreadcrumbList\",\"@id\":\"https:\/\/padelhaus.mustlammas-dev.in\/lt\/parduotuve\/adidas-match-light-2026\/#breadcrumb\",\"itemListElement\":[{\"@type\":\"ListItem\",\"position\":1,\"name\":\"Prad\u017eia\",\"item\":\"https:\/\/padel-haus.lt\/\"},{\"@type\":\"ListItem\",\"position\":2,\"name\":\"Parduotuv\u0117\",\"item\":\"https:\/\/padel-haus.lt\/parduotuve\/\"},{\"@type\":\"ListItem\",\"position\":3,\"name\":\"Adidas Match Light 2026\"}]},{\"@type\":\"WebSite\",\"@id\":\"https:\/\/padelhaus.mustlammas-dev.in\/lt\/#website\",\"url\":\"https:\/\/padelhaus.mustlammas-dev.in\/lt\/\",\"name\":\"Claude Padelhaus\",\"description\":\"Sinu padelivarustuse kodu\",\"publisher\":{\"@id\":\"https:\/\/padelhaus.mustlammas-dev.in\/lt\/#organization\"},\"potentialAction\":[{\"@type\":\"SearchAction\",\"target\":{\"@type\":\"EntryPoint\",\"urlTemplate\":\"https:\/\/padelhaus.mustlammas-dev.in\/lt\/?s={search_term_string}\"},\"query-input\":{\"@type\":\"PropertyValueSpecification\",\"valueRequired\":true,\"valueName\":\"search_term_string\"}}],\"inLanguage\":\"lt-LT\"},{\"@type\":\"Organization\",\"@id\":\"https:\/\/padelhaus.mustlammas-dev.in\/lt\/#organization\",\"name\":\"Claude Padelhaus\",\"url\":\"https:\/\/padelhaus.mustlammas-dev.in\/lt\/\",\"logo\":{\"@type\":\"ImageObject\",\"inLanguage\":\"lt-LT\",\"@id\":\"https:\/\/padelhaus.mustlammas-dev.in\/lt\/#\/schema\/logo\/image\/\",\"url\":\"https:\/\/padelhaus.mustlammas-dev.in\/wp-content\/uploads\/2025\/05\/Logo-1.png\",\"contentUrl\":\"https:\/\/padelhaus.mustlammas-dev.in\/wp-content\/uploads\/2025\/05\/Logo-1.png\",\"width\":280,\"height\":115,\"caption\":\"Claude Padelhaus\"},\"image\":{\"@id\":\"https:\/\/padelhaus.mustlammas-dev.in\/lt\/#\/schema\/logo\/image\/\"}}]}<\/script>\n<meta property=\"product:price:amount\" content=\"74.95\" \/>\n<meta property=\"product:price:currency\" content=\"EUR\" \/>\n<meta property=\"og:availability\" content=\"instock\" \/>\n<meta property=\"product:availability\" content=\"instock\" \/>\n<meta property=\"product:retailer_item_id\" content=\"ADI-R-26\" \/>\n<meta property=\"product:condition\" content=\"new\" \/>\n<!-- \/ Yoast SEO Premium plugin. -->","yoast_head_json":{"title":"Adidas Match Light 2026 | Padelhaus","description":"Ie\u0161kai naujos padelio raket\u0117s gera kaina? Padelhaus si\u016blo geriausi\u0105 padelio rake\u010di\u0173 pasirinkim\u0105 kiekvienam lygiui \u2013 tavo padelio parduotuv\u0117.","robots":{"index":"noindex","follow":"follow","max-snippet":"max-snippet:-1","max-image-preview":"max-image-preview:large","max-video-preview":"max-video-preview:-1"},"og_locale":"lt_LT","og_type":"article","og_title":"Adidas Match Light 2026","og_description":"Ie\u0161kai naujos padelio raket\u0117s gera kaina? Padelhaus si\u016blo geriausi\u0105 padelio rake\u010di\u0173 pasirinkim\u0105 kiekvienam lygiui \u2013 tavo padelio parduotuv\u0117.","og_url":"https:\/\/padelhaus.mustlammas-dev.in\/lt\/parduotuve\/adidas-match-light-2026\/","og_site_name":"Padelhaus","article_modified_time":"2026-03-05T20:25:46+00:00","og_image":[{"width":1000,"height":1000,"url":"https:\/\/padel-haus.lt\/wp-content\/uploads\/2025\/12\/5.webp","type":"image\/webp"}],"twitter_card":"summary_large_image","twitter_misc":{"Price":"74,95&nbsp;&euro;","Availability":"In stock"},"schema":{"@context":"https:\/\/schema.org","@graph":[{"@type":["WebPage","ItemPage"],"@id":"https:\/\/padelhaus.mustlammas-dev.in\/lt\/parduotuve\/adidas-match-light-2026\/","url":"https:\/\/padelhaus.mustlammas-dev.in\/lt\/parduotuve\/adidas-match-light-2026\/","name":"Adidas Match Light 2026 | Padelhaus","isPartOf":{"@id":"https:\/\/padelhaus.mustlammas-dev.in\/lt\/#website"},"primaryImageOfPage":{"@id":"https:\/\/padelhaus.mustlammas-dev.in\/lt\/parduotuve\/adidas-match-light-2026\/#primaryimage"},"image":{"@id":"https:\/\/padelhaus.mustlammas-dev.in\/lt\/parduotuve\/adidas-match-light-2026\/#primaryimage"},"thumbnailUrl":"https:\/\/padelhaus.mustlammas-dev.in\/wp-content\/uploads\/2025\/12\/5.webp","datePublished":"2025-12-11T11:12:06+00:00","dateModified":"2026-03-05T20:25:46+00:00","description":"Ie\u0161kai naujos padelio raket\u0117s gera kaina? Padelhaus si\u016blo geriausi\u0105 padelio rake\u010di\u0173 pasirinkim\u0105 kiekvienam lygiui \u2013 tavo padelio parduotuv\u0117.","breadcrumb":{"@id":"https:\/\/padelhaus.mustlammas-dev.in\/lt\/parduotuve\/adidas-match-light-2026\/#breadcrumb"},"inLanguage":"lt-LT","potentialAction":[{"@type":"ReadAction","target":["https:\/\/padelhaus.mustlammas-dev.in\/lt\/parduotuve\/adidas-match-light-2026\/"]}]},{"@type":"ImageObject","inLanguage":"lt-LT","@id":"https:\/\/padelhaus.mustlammas-dev.in\/lt\/parduotuve\/adidas-match-light-2026\/#primaryimage","url":"https:\/\/padelhaus.mustlammas-dev.in\/wp-content\/uploads\/2025\/12\/5.webp","contentUrl":"https:\/\/padelhaus.mustlammas-dev.in\/wp-content\/uploads\/2025\/12\/5.webp","width":1000,"height":1000},{"@type":"BreadcrumbList","@id":"https:\/\/padelhaus.mustlammas-dev.in\/lt\/parduotuve\/adidas-match-light-2026\/#breadcrumb","itemListElement":[{"@type":"ListItem","position":1,"name":"Prad\u017eia","item":"https:\/\/padel-haus.lt\/"},{"@type":"ListItem","position":2,"name":"Parduotuv\u0117","item":"https:\/\/padel-haus.lt\/parduotuve\/"},{"@type":"ListItem","position":3,"name":"Adidas Match Light 2026"}]},{"@type":"WebSite","@id":"https:\/\/padelhaus.mustlammas-dev.in\/lt\/#website","url":"https:\/\/padelhaus.mustlammas-dev.in\/lt\/","name":"Claude Padelhaus","description":"Sinu padelivarustuse kodu","publisher":{"@id":"https:\/\/padelhaus.mustlammas-dev.in\/lt\/#organization"},"potentialAction":[{"@type":"SearchAction","target":{"@type":"EntryPoint","urlTemplate":"https:\/\/padelhaus.mustlammas-dev.in\/lt\/?s={search_term_string}"},"query-input":{"@type":"PropertyValueSpecification","valueRequired":true,"valueName":"search_term_string"}}],"inLanguage":"lt-LT"},{"@type":"Organization","@id":"https:\/\/padelhaus.mustlammas-dev.in\/lt\/#organization","name":"Claude Padelhaus","url":"https:\/\/padelhaus.mustlammas-dev.in\/lt\/","logo":{"@type":"ImageObject","inLanguage":"lt-LT","@id":"https:\/\/padelhaus.mustlammas-dev.in\/lt\/#\/schema\/logo\/image\/","url":"https:\/\/padelhaus.mustlammas-dev.in\/wp-content\/uploads\/2025\/05\/Logo-1.png","contentUrl":"https:\/\/padelhaus.mustlammas-dev.in\/wp-content\/uploads\/2025\/05\/Logo-1.png","width":280,"height":115,"caption":"Claude Padelhaus"},"image":{"@id":"https:\/\/padelhaus.mustlammas-dev.in\/lt\/#\/schema\/logo\/image\/"}}]},"product_price_amount":"74.95","product_price_currency":"EUR","og_availability":"instock","product_availability":"instock","product_retailer_item_id":"ADI-R-26","product_condition":"new"},"_links":{"self":[{"href":"https:\/\/padelhaus.mustlammas-dev.in\/lt\/wp-json\/wp\/v2\/product\/67986","targetHints":{"allow":["GET"]}}],"collection":[{"href":"https:\/\/padelhaus.mustlammas-dev.in\/lt\/wp-json\/wp\/v2\/product"}],"about":[{"href":"https:\/\/padelhaus.mustlammas-dev.in\/lt\/wp-json\/wp\/v2\/types\/product"}],"replies":[{"embeddable":true,"href":"https:\/\/padelhaus.mustlammas-dev.in\/lt\/wp-json\/wp\/v2\/comments?post=67986"}],"wp:featuredmedia":[{"embeddable":true,"href":"https:\/\/padelhaus.mustlammas-dev.in\/lt\/wp-json\/wp\/v2\/media\/69131"}],"wp:attachment":[{"href":"https:\/\/padelhaus.mustlammas-dev.in\/lt\/wp-json\/wp\/v2\/media?parent=67986"}],"wp:term":[{"taxonomy":"product_brand","embeddable":true,"href":"https:\/\/padelhaus.mustlammas-dev.in\/lt\/wp-json\/wp\/v2\/product_brand?post=67986"},{"taxonomy":"product_cat","embeddable":true,"href":"https:\/\/padelhaus.mustlammas-dev.in\/lt\/wp-json\/wp\/v2\/product_cat?post=67986"},{"taxonomy":"product_tag","embeddable":true,"href":"https:\/\/padelhaus.mustlammas-dev.in\/lt\/wp-json\/wp\/v2\/product_tag?post=67986"}],"curies":[{"name":"wp","href":"https:\/\/api.w.org\/{rel}","templated":true}]}}