{"id":69235,"date":"2026-01-05T13:39:32","date_gmt":"2026-01-05T11:39:32","guid":{"rendered":"https:\/\/padelhaus.mustlammas-dev.in\/pood\/head-radical-team-light-2026\/"},"modified":"2026-01-19T09:16:05","modified_gmt":"2026-01-19T07:16:05","slug":"head-radical-team-light-2026","status":"publish","type":"product","link":"https:\/\/padelhaus.mustlammas-dev.in\/lt\/parduotuve\/head-radical-team-light-2026\/","title":{"rendered":"Head Radical Team Light 2026"},"content":{"rendered":"<h5>Head Radical Team Light 2026 \u2013 absoliutus tikslumas<\/h5>\n<p>&nbsp;<\/p>\n<p class=\"p3\"><span class=\"s2\">Radical Team Light 2026<\/span> yra \u012f kontrol\u0119 orientuota padelio raket\u0117 \u017eaid\u0117jams, kurie nori kontroliuoti kiekvien\u0105 ta\u0161k\u0105 su maksimaliu tikslumu.<\/p>\n<p class=\"p3\">Raket\u0117 turi <span class=\"s2\">apvali\u0105 form\u0105<\/span>, <span class=\"s2\">vidutin\u012f balans\u0105<\/span> ir <span class=\"s2\">itin lengv\u0105 340 gram\u0173 svor\u012f<\/span>, kas u\u017etikrina puik\u0173 manevringum\u0105 ir patog\u0173 valdym\u0105 visose \u017eaidimo situacijose.<\/p>\n<p class=\"p3\">Raket\u0117s pavir\u0161iai pagaminti i\u0161 <span class=\"s2\">stiklo pluo\u0161to med\u017eiagos<\/span>, kuri suteikia elastingumo, o \u0161erdyje naudojamos <span class=\"s2\">Control Foam<\/span> putos, kurios u\u017etikrina mink\u0161t\u0105 poj\u016bt\u012f ir tolygi\u0105 sm\u016bgio kokyb\u0119. Head Radical Team Light 2026 yra universalus ir patikimas pasirinkimas \u017eaid\u0117jams, kurie vertina taktin\u0119 kontrol\u0119, stabilum\u0105 ir tikslum\u0105. <\/p>\n<h5>Radical Team Light \u2013 \u017eaid\u0117jui, m\u0117gstan\u010diam kontrol\u0119<\/h5>\n<p>&nbsp;<\/p>\n<p class=\"p3\">Radical Team Light 2026 skirta \u017eaid\u0117jams, kuri\u0173 stipryb\u0117 yra <span class=\"s2\">strateginis m\u0105stymas<\/span>, \u017eaidimo skaitymas ir geb\u0117jimas prireikus keisti temp\u0105.<\/p>\n<p class=\"p3\">Ji idealiai tinka judriems \u017eaid\u0117jams, kurie jau\u010diasi patogiai pereinant \u012f atak\u0105 ir puikiai valdo techninius sm\u016bgius, tokius kaip <span class=\"s2\">chiquita<\/span>, <span class=\"s2\">bandeja<\/span> ir <span class=\"s2\">v\u00edbora<\/span>.<\/p>\n<p class=\"p3\">D\u0117l savo lengvumo ir kontroliuojamo poj\u016b\u010dio raket\u0117 suteikia reikiam\u0105 universalum\u0105 tiek mink\u0161tam gynybiniam \u017eaidimui, tiek stabiliam atakuojan\u010diam sm\u016bgiui. Ji patikimai prisitaiko prie kiekvienos \u017eaidimo faz\u0117s ir bet kokios situacijos aik\u0161tel\u0117je. <\/p>\n<h5>Technologijos ir svarbiausios savyb\u0117s<\/h5>\n<ul>\n<li>\n<p class=\"p1\"><span class=\"s1\">Auxetic 2.0<\/span> \u2013 patobulinta reakcija ant tilto ir rankenos geresniam poj\u016b\u010diui ir gr\u012f\u017etamajam ry\u0161iui.<\/p>\n<\/li>\n<li>\n<p class=\"p1\"><span class=\"s1\">Optimized Sweet Spot<\/span> \u2013 specialus skyli\u0173 ra\u0161tas, kuris padidina optimali\u0105 sm\u016bgio zon\u0105.<\/p>\n<\/li>\n<li>\n<p class=\"p1\"><span class=\"s1\">Tailored Frame<\/span> \u2013 ber\u0117mis r\u0117mas, kuris pagerina atsparum\u0105 sm\u016bgiams ir bendr\u0105 na\u0161um\u0105.<\/p>\n<\/li>\n<li>\n<p class=\"p1\"><span class=\"s1\">Smart Bridge<\/span> \u2013 individualiai suprojektuotas tiltelis optimaliai kontrolei ir stabilumui pasiekti.<\/p>\n<\/li>\n<li>\n<p class=\"p1\"><span class=\"s1\">Control Foam<\/span> \u2013 tikslios ir mink\u0161tos putos geresniam valdymui atliekant techninius sm\u016bgius.<\/p>\n<\/li>\n<li>\n<p class=\"p1\"><span class=\"s1\">Graphene 360+<\/span> \u2013 geresnis energijos perdavimas ir \u0161varus sm\u016bgio poj\u016btis.<\/p>\n<\/li>\n<li>\n<p class=\"p1\"><span class=\"s1\">Svoris:<\/span> 340 g \u2013 maksimalus valdymo patogumas.<\/p>\n<\/li>\n<li>\n<p class=\"p1\"><span class=\"s1\">Forma:<\/span> apvali \u2013 ideali absoliu\u010diai kontrolei.<\/p>\n<\/li>\n<li>\n<p class=\"p1\"><span class=\"s1\">Pavir\u0161iai:<\/span> stiklo pluo\u0161tas \u2013 mink\u0161tas ir lankstus poj\u016btis.<\/p>\n<\/li>\n<\/ul>\n<h5>Tikslus, subalansuotas ir patikimas kiekviename ta\u0161ke<\/h5>\n<p>&nbsp;<\/p>\n<p class=\"p3\">Head Radical Team Light 2026 yra lengva ir patogi raket\u0117, kurios technologijos sukurtos <span class=\"s2\">tikslumui, stabilumui ir kontrolei maksimalizuoti<\/span>.<\/p>\n<p class=\"p3\">Jei ie\u0161kai balanso, tvirto poj\u016b\u010dio ir nepriekai\u0161tingos reakcijos kiekviename sm\u016bgyje, \u0161is modelis yra idealus pasirinkimas taktiniam \u017eaid\u0117jui, kuris nori visi\u0161kai kontroliuoti ma\u010do temp\u0105.<\/p>\n","protected":false},"excerpt":{"rendered":"<p>Head Radical Team Light 2026 \u2013 absoliutus tikslumas &nbsp; Radical Team Light 2026 yra \u012f kontrol\u0119 orientuota padelio raket\u0117 \u017eaid\u0117jams, kurie nori kontroliuoti kiekvien\u0105 ta\u0161k\u0105 su maksimaliu tikslumu. Raket\u0117 turi apvali\u0105 form\u0105, vidutin\u012f balans\u0105 ir itin lengv\u0105 340 gram\u0173 svor\u012f, kas u\u017etikrina puik\u0173 manevringum\u0105 ir patog\u0173 valdym\u0105 visose \u017eaidimo situacijose. Raket\u0117s pavir\u0161iai pagaminti i\u0161 stiklo [&hellip;]<\/p>\n","protected":false},"featured_media":69237,"comment_status":"open","ping_status":"closed","template":"","meta":{"_eb_attr":""},"product_brand":[326],"product_cat":[327,252,362],"product_tag":[],"class_list":{"0":"post-69235","1":"product","2":"type-product","3":"status-publish","4":"has-post-thumbnail","6":"product_brand-head","7":"product_cat-head","8":"product_cat-padelio-raketes","9":"product_cat-pradedantieji","10":"pa_kaal-340-g","11":"pa_kuju-apvali","12":"pa_mangustiil-kontrole","13":"pa_tasakaal-viduryje","14":"pa_tasakaal-virsuje","15":"pa_tase-pradedantysis","16":"pa_tase-vidutinis-lygis","17":"pa_varv-raudona","18":"pa_varv-zalia","21":"first","22":"instock","23":"sale","24":"featured","25":"taxable","26":"shipping-taxable","27":"purchasable","28":"product-type-simple"},"yoast_head":"<!-- This site is optimized with the Yoast SEO Premium plugin v27.1 (Yoast SEO v27.1.1) - https:\/\/yoast.com\/product\/yoast-seo-premium-wordpress\/ -->\n<title>Head Radical Team Light 2026 | Padelhaus<\/title>\n<meta name=\"description\" content=\"Ie\u0161kai naujos padelio raket\u0117s gera kaina? Padelhaus si\u016blo geriausi\u0105 padelio rake\u010di\u0173 pasirinkim\u0105 kiekvienam lygiui \u2013 tavo padelio parduotuv\u0117.\" \/>\n<meta name=\"robots\" content=\"noindex, follow, max-snippet:-1, max-image-preview:large, max-video-preview:-1\" \/>\n<meta property=\"og:locale\" content=\"lt_LT\" \/>\n<meta property=\"og:type\" content=\"article\" \/>\n<meta property=\"og:title\" content=\"Head Radical Team Light 2026\" \/>\n<meta property=\"og:description\" content=\"Ie\u0161kai naujos padelio raket\u0117s gera kaina? Padelhaus si\u016blo geriausi\u0105 padelio rake\u010di\u0173 pasirinkim\u0105 kiekvienam lygiui \u2013 tavo padelio parduotuv\u0117.\" \/>\n<meta property=\"og:url\" content=\"https:\/\/padelhaus.mustlammas-dev.in\/lt\/parduotuve\/head-radical-team-light-2026\/\" \/>\n<meta property=\"og:site_name\" content=\"Padelhaus\" \/>\n<meta property=\"article:modified_time\" content=\"2026-01-19T07:16:05+00:00\" \/>\n<meta property=\"og:image\" content=\"https:\/\/padel-haus.lt\/wp-content\/uploads\/2026\/01\/1.webp\" \/>\n\t<meta property=\"og:image:width\" content=\"1000\" \/>\n\t<meta property=\"og:image:height\" content=\"1000\" \/>\n\t<meta property=\"og:image:type\" content=\"image\/webp\" \/>\n<meta name=\"twitter:card\" content=\"summary_large_image\" \/>\n<meta name=\"twitter:label1\" content=\"Price\" \/>\n\t<meta name=\"twitter:data1\" content=\"119,95&nbsp;&euro;\" \/>\n\t<meta name=\"twitter:label2\" content=\"Availability\" \/>\n\t<meta name=\"twitter:data2\" content=\"In stock\" \/>\n<script type=\"application\/ld+json\" class=\"yoast-schema-graph\">{\"@context\":\"https:\/\/schema.org\",\"@graph\":[{\"@type\":[\"WebPage\",\"ItemPage\"],\"@id\":\"https:\/\/padelhaus.mustlammas-dev.in\/lt\/parduotuve\/head-radical-team-light-2026\/\",\"url\":\"https:\/\/padelhaus.mustlammas-dev.in\/lt\/parduotuve\/head-radical-team-light-2026\/\",\"name\":\"Head Radical Team Light 2026 | Padelhaus\",\"isPartOf\":{\"@id\":\"https:\/\/padelhaus.mustlammas-dev.in\/lt\/#website\"},\"primaryImageOfPage\":{\"@id\":\"https:\/\/padelhaus.mustlammas-dev.in\/lt\/parduotuve\/head-radical-team-light-2026\/#primaryimage\"},\"image\":{\"@id\":\"https:\/\/padelhaus.mustlammas-dev.in\/lt\/parduotuve\/head-radical-team-light-2026\/#primaryimage\"},\"thumbnailUrl\":\"https:\/\/padelhaus.mustlammas-dev.in\/wp-content\/uploads\/2026\/01\/1.webp\",\"datePublished\":\"2026-01-05T11:39:32+00:00\",\"dateModified\":\"2026-01-19T07:16:05+00:00\",\"description\":\"Ie\u0161kai naujos padelio raket\u0117s gera kaina? Padelhaus si\u016blo geriausi\u0105 padelio rake\u010di\u0173 pasirinkim\u0105 kiekvienam lygiui \u2013 tavo padelio parduotuv\u0117.\",\"breadcrumb\":{\"@id\":\"https:\/\/padelhaus.mustlammas-dev.in\/lt\/parduotuve\/head-radical-team-light-2026\/#breadcrumb\"},\"inLanguage\":\"lt-LT\",\"potentialAction\":[{\"@type\":\"ReadAction\",\"target\":[\"https:\/\/padelhaus.mustlammas-dev.in\/lt\/parduotuve\/head-radical-team-light-2026\/\"]}]},{\"@type\":\"ImageObject\",\"inLanguage\":\"lt-LT\",\"@id\":\"https:\/\/padelhaus.mustlammas-dev.in\/lt\/parduotuve\/head-radical-team-light-2026\/#primaryimage\",\"url\":\"https:\/\/padelhaus.mustlammas-dev.in\/wp-content\/uploads\/2026\/01\/1.webp\",\"contentUrl\":\"https:\/\/padelhaus.mustlammas-dev.in\/wp-content\/uploads\/2026\/01\/1.webp\",\"width\":1000,\"height\":1000},{\"@type\":\"BreadcrumbList\",\"@id\":\"https:\/\/padelhaus.mustlammas-dev.in\/lt\/parduotuve\/head-radical-team-light-2026\/#breadcrumb\",\"itemListElement\":[{\"@type\":\"ListItem\",\"position\":1,\"name\":\"Prad\u017eia\",\"item\":\"https:\/\/padel-haus.lt\/\"},{\"@type\":\"ListItem\",\"position\":2,\"name\":\"Parduotuv\u0117\",\"item\":\"https:\/\/padel-haus.lt\/parduotuve\/\"},{\"@type\":\"ListItem\",\"position\":3,\"name\":\"Head Radical Team Light 2026\"}]},{\"@type\":\"WebSite\",\"@id\":\"https:\/\/padelhaus.mustlammas-dev.in\/lt\/#website\",\"url\":\"https:\/\/padelhaus.mustlammas-dev.in\/lt\/\",\"name\":\"Claude Padelhaus\",\"description\":\"Sinu padelivarustuse kodu\",\"publisher\":{\"@id\":\"https:\/\/padelhaus.mustlammas-dev.in\/lt\/#organization\"},\"potentialAction\":[{\"@type\":\"SearchAction\",\"target\":{\"@type\":\"EntryPoint\",\"urlTemplate\":\"https:\/\/padelhaus.mustlammas-dev.in\/lt\/?s={search_term_string}\"},\"query-input\":{\"@type\":\"PropertyValueSpecification\",\"valueRequired\":true,\"valueName\":\"search_term_string\"}}],\"inLanguage\":\"lt-LT\"},{\"@type\":\"Organization\",\"@id\":\"https:\/\/padelhaus.mustlammas-dev.in\/lt\/#organization\",\"name\":\"Claude Padelhaus\",\"url\":\"https:\/\/padelhaus.mustlammas-dev.in\/lt\/\",\"logo\":{\"@type\":\"ImageObject\",\"inLanguage\":\"lt-LT\",\"@id\":\"https:\/\/padelhaus.mustlammas-dev.in\/lt\/#\/schema\/logo\/image\/\",\"url\":\"https:\/\/padelhaus.mustlammas-dev.in\/wp-content\/uploads\/2025\/05\/Logo-1.png\",\"contentUrl\":\"https:\/\/padelhaus.mustlammas-dev.in\/wp-content\/uploads\/2025\/05\/Logo-1.png\",\"width\":280,\"height\":115,\"caption\":\"Claude Padelhaus\"},\"image\":{\"@id\":\"https:\/\/padelhaus.mustlammas-dev.in\/lt\/#\/schema\/logo\/image\/\"}}]}<\/script>\n<meta property=\"product:price:amount\" content=\"119.95\" \/>\n<meta property=\"product:price:currency\" content=\"EUR\" \/>\n<meta property=\"og:availability\" content=\"instock\" \/>\n<meta property=\"product:availability\" content=\"instock\" \/>\n<meta property=\"product:retailer_item_id\" content=\"HEA-R-31\" \/>\n<meta property=\"product:condition\" content=\"new\" \/>\n<!-- \/ Yoast SEO Premium plugin. -->","yoast_head_json":{"title":"Head Radical Team Light 2026 | Padelhaus","description":"Ie\u0161kai naujos padelio raket\u0117s gera kaina? Padelhaus si\u016blo geriausi\u0105 padelio rake\u010di\u0173 pasirinkim\u0105 kiekvienam lygiui \u2013 tavo padelio parduotuv\u0117.","robots":{"index":"noindex","follow":"follow","max-snippet":"max-snippet:-1","max-image-preview":"max-image-preview:large","max-video-preview":"max-video-preview:-1"},"og_locale":"lt_LT","og_type":"article","og_title":"Head Radical Team Light 2026","og_description":"Ie\u0161kai naujos padelio raket\u0117s gera kaina? Padelhaus si\u016blo geriausi\u0105 padelio rake\u010di\u0173 pasirinkim\u0105 kiekvienam lygiui \u2013 tavo padelio parduotuv\u0117.","og_url":"https:\/\/padelhaus.mustlammas-dev.in\/lt\/parduotuve\/head-radical-team-light-2026\/","og_site_name":"Padelhaus","article_modified_time":"2026-01-19T07:16:05+00:00","og_image":[{"width":1000,"height":1000,"url":"https:\/\/padel-haus.lt\/wp-content\/uploads\/2026\/01\/1.webp","type":"image\/webp"}],"twitter_card":"summary_large_image","twitter_misc":{"Price":"119,95&nbsp;&euro;","Availability":"In stock"},"schema":{"@context":"https:\/\/schema.org","@graph":[{"@type":["WebPage","ItemPage"],"@id":"https:\/\/padelhaus.mustlammas-dev.in\/lt\/parduotuve\/head-radical-team-light-2026\/","url":"https:\/\/padelhaus.mustlammas-dev.in\/lt\/parduotuve\/head-radical-team-light-2026\/","name":"Head Radical Team Light 2026 | Padelhaus","isPartOf":{"@id":"https:\/\/padelhaus.mustlammas-dev.in\/lt\/#website"},"primaryImageOfPage":{"@id":"https:\/\/padelhaus.mustlammas-dev.in\/lt\/parduotuve\/head-radical-team-light-2026\/#primaryimage"},"image":{"@id":"https:\/\/padelhaus.mustlammas-dev.in\/lt\/parduotuve\/head-radical-team-light-2026\/#primaryimage"},"thumbnailUrl":"https:\/\/padelhaus.mustlammas-dev.in\/wp-content\/uploads\/2026\/01\/1.webp","datePublished":"2026-01-05T11:39:32+00:00","dateModified":"2026-01-19T07:16:05+00:00","description":"Ie\u0161kai naujos padelio raket\u0117s gera kaina? Padelhaus si\u016blo geriausi\u0105 padelio rake\u010di\u0173 pasirinkim\u0105 kiekvienam lygiui \u2013 tavo padelio parduotuv\u0117.","breadcrumb":{"@id":"https:\/\/padelhaus.mustlammas-dev.in\/lt\/parduotuve\/head-radical-team-light-2026\/#breadcrumb"},"inLanguage":"lt-LT","potentialAction":[{"@type":"ReadAction","target":["https:\/\/padelhaus.mustlammas-dev.in\/lt\/parduotuve\/head-radical-team-light-2026\/"]}]},{"@type":"ImageObject","inLanguage":"lt-LT","@id":"https:\/\/padelhaus.mustlammas-dev.in\/lt\/parduotuve\/head-radical-team-light-2026\/#primaryimage","url":"https:\/\/padelhaus.mustlammas-dev.in\/wp-content\/uploads\/2026\/01\/1.webp","contentUrl":"https:\/\/padelhaus.mustlammas-dev.in\/wp-content\/uploads\/2026\/01\/1.webp","width":1000,"height":1000},{"@type":"BreadcrumbList","@id":"https:\/\/padelhaus.mustlammas-dev.in\/lt\/parduotuve\/head-radical-team-light-2026\/#breadcrumb","itemListElement":[{"@type":"ListItem","position":1,"name":"Prad\u017eia","item":"https:\/\/padel-haus.lt\/"},{"@type":"ListItem","position":2,"name":"Parduotuv\u0117","item":"https:\/\/padel-haus.lt\/parduotuve\/"},{"@type":"ListItem","position":3,"name":"Head Radical Team Light 2026"}]},{"@type":"WebSite","@id":"https:\/\/padelhaus.mustlammas-dev.in\/lt\/#website","url":"https:\/\/padelhaus.mustlammas-dev.in\/lt\/","name":"Claude Padelhaus","description":"Sinu padelivarustuse kodu","publisher":{"@id":"https:\/\/padelhaus.mustlammas-dev.in\/lt\/#organization"},"potentialAction":[{"@type":"SearchAction","target":{"@type":"EntryPoint","urlTemplate":"https:\/\/padelhaus.mustlammas-dev.in\/lt\/?s={search_term_string}"},"query-input":{"@type":"PropertyValueSpecification","valueRequired":true,"valueName":"search_term_string"}}],"inLanguage":"lt-LT"},{"@type":"Organization","@id":"https:\/\/padelhaus.mustlammas-dev.in\/lt\/#organization","name":"Claude Padelhaus","url":"https:\/\/padelhaus.mustlammas-dev.in\/lt\/","logo":{"@type":"ImageObject","inLanguage":"lt-LT","@id":"https:\/\/padelhaus.mustlammas-dev.in\/lt\/#\/schema\/logo\/image\/","url":"https:\/\/padelhaus.mustlammas-dev.in\/wp-content\/uploads\/2025\/05\/Logo-1.png","contentUrl":"https:\/\/padelhaus.mustlammas-dev.in\/wp-content\/uploads\/2025\/05\/Logo-1.png","width":280,"height":115,"caption":"Claude Padelhaus"},"image":{"@id":"https:\/\/padelhaus.mustlammas-dev.in\/lt\/#\/schema\/logo\/image\/"}}]},"product_price_amount":"119.95","product_price_currency":"EUR","og_availability":"instock","product_availability":"instock","product_retailer_item_id":"HEA-R-31","product_condition":"new"},"_links":{"self":[{"href":"https:\/\/padelhaus.mustlammas-dev.in\/lt\/wp-json\/wp\/v2\/product\/69235","targetHints":{"allow":["GET"]}}],"collection":[{"href":"https:\/\/padelhaus.mustlammas-dev.in\/lt\/wp-json\/wp\/v2\/product"}],"about":[{"href":"https:\/\/padelhaus.mustlammas-dev.in\/lt\/wp-json\/wp\/v2\/types\/product"}],"replies":[{"embeddable":true,"href":"https:\/\/padelhaus.mustlammas-dev.in\/lt\/wp-json\/wp\/v2\/comments?post=69235"}],"wp:featuredmedia":[{"embeddable":true,"href":"https:\/\/padelhaus.mustlammas-dev.in\/lt\/wp-json\/wp\/v2\/media\/69237"}],"wp:attachment":[{"href":"https:\/\/padelhaus.mustlammas-dev.in\/lt\/wp-json\/wp\/v2\/media?parent=69235"}],"wp:term":[{"taxonomy":"product_brand","embeddable":true,"href":"https:\/\/padelhaus.mustlammas-dev.in\/lt\/wp-json\/wp\/v2\/product_brand?post=69235"},{"taxonomy":"product_cat","embeddable":true,"href":"https:\/\/padelhaus.mustlammas-dev.in\/lt\/wp-json\/wp\/v2\/product_cat?post=69235"},{"taxonomy":"product_tag","embeddable":true,"href":"https:\/\/padelhaus.mustlammas-dev.in\/lt\/wp-json\/wp\/v2\/product_tag?post=69235"}],"curies":[{"name":"wp","href":"https:\/\/api.w.org\/{rel}","templated":true}]}}