{"id":69270,"date":"2026-01-06T17:42:57","date_gmt":"2026-01-06T15:42:57","guid":{"rendered":"https:\/\/padelhaus.mustlammas-dev.in\/pood\/head-radical-team-2026\/"},"modified":"2026-01-19T09:16:03","modified_gmt":"2026-01-19T07:16:03","slug":"head-radical-team-2026","status":"publish","type":"product","link":"https:\/\/padelhaus.mustlammas-dev.in\/lt\/parduotuve\/head-radical-team-2026\/","title":{"rendered":"Head Radical Team 2026"},"content":{"rendered":"<h5>Head Radical Team 2026 \u2013 optimalus universalumas<\/h5>\n<p>&nbsp;<\/p>\n<p class=\"p3\"><span class=\"s2\">Head Radical Team 2026<\/span> yra a\u0161aros formos padelio raket\u0117, sukurta pasi\u016blyti ideal\u0173 balans\u0105 tarp <span class=\"s2\">kontrol\u0117s, vidutin\u0117s galios ir puikaus valdymo patogumo<\/span>.<\/p>\n<p class=\"p3\">Raket\u0117 pagaminta su <span class=\"s2\">stiklo pluo\u0161to pavir\u0161iais<\/span> ir turi <span class=\"s2\">Control Foam<\/span> \u0161erd\u012f, kuri padidina sm\u016bgio tikslum\u0105 ir u\u017etikrina patog\u0173 bei stabil\u0173 poj\u016bt\u012f kiekvieno sm\u016bgio metu.<\/p>\n<p class=\"p3\">Apie <span class=\"s2\">365 g svoris<\/span> ir tvirta konstrukcija daro j\u0105 labai universaliu pasirinkimu \u017eaid\u0117jams, norintiems patikimo veikimo visose \u017eaidimo situacijose.<\/p>\n<p>&nbsp;<\/p>\n<h5>Radical Team \u2013 universaliems ir taktiniams \u017eaid\u0117jams<\/h5>\n<p>&nbsp;<\/p>\n<p class=\"p3\">\u0160i a\u0161aros formos Head raket\u0117 sukurta <span class=\"s2\">universaliems ir strategi\u0161kai m\u0105stantiems \u017eaid\u0117jams<\/span>, kurie moka kontroliuoti \u017eaidimo temp\u0105 ir numatyti situacijas aik\u0161tel\u0117je.<\/p>\n<p class=\"p3\">Idealus profilis \u2013 kantrus \u017eaid\u0117jas, priimantis apgalvotus sprendimus ir prireikus galintis pakeisti \u017eaidimo ritm\u0105.<\/p>\n<p class=\"p3\">Raket\u0117 puikiai tinka tiems, kurie ie\u0161ko <span class=\"s2\">universalumo, patikimos kontrol\u0117s gynyboje ir stabilumo kontroliuojant puolim\u0105<\/span>. Ji gerai prisitaiko prie greit\u0173 per\u0117jim\u0173 ir \u017eaidimo prie tinklo, suteikdama pasitik\u0117jimo tiek puolimo, tiek gynybos situacijose. <\/p>\n<p class=\"p1\">\n<h5>Pagrindiniai privalumai ir technologijos<\/h5>\n<p class=\"p1\">\n<ul>\n<li>\n<p class=\"p1\"><span class=\"s1\">Auxetic 2.0<\/span> \u2013 reaguojanti strukt\u016bra ant tilto ir rankenos, u\u017etikrinanti gyvesn\u012f, bet kontroliuojam\u0105 sm\u016bgio poj\u016bt\u012f.<\/p>\n<\/li>\n<li>\n<p class=\"p1\"><span class=\"s1\">Optimized Sweet Spot<\/span> \u2013 unikalus skyli\u0173 ra\u0161tas, kuris i\u0161ple\u010dia \u201esweet spot\u201c zon\u0105 ir padidina tikslum\u0105.<\/p>\n<\/li>\n<li>\n<p class=\"p1\"><span class=\"s1\">Tailored Frame<\/span> \u2013 konstrukcija be tradicinio vamzdinio r\u0117mo, u\u017etikrinanti didesn\u012f atsparum\u0105 ir platesn\u012f \u201esweet spot\u201c.<\/p>\n<\/li>\n<li>\n<p class=\"p1\"><span class=\"s1\">Smart Bridge<\/span> \u2013 raket\u0117s poreikiams pritaikytas tiltelis, subalansuojantis kontrol\u0119, poj\u016bt\u012f ir stabilum\u0105.<\/p>\n<\/li>\n<li>\n<p class=\"p1\"><span class=\"s1\">Control Foam<\/span> \u2013 tikslum\u0105 suteikiantis putplastis, idealus techni\u0161kiems kontrol\u0117s sm\u016bgiams.<\/p>\n<\/li>\n<li>\n<p class=\"p1\"><span class=\"s1\">Stiklo pluo\u0161to pavir\u0161iai<\/span> \u2013 elastingas ir patogus poj\u016btis geresniam valdymui.<\/p>\n<\/li>\n<li>\n<p class=\"p1\"><span class=\"s1\">Forma:<\/span> a\u0161ara \u2013 balansas tarp vidutin\u0117s galios ir kontrol\u0117s.<\/p>\n<\/li>\n<li>\n<p class=\"p1\"><span class=\"s1\">Svoris:<\/span> apie 365 g \u2013 stabilumas ir kontrol\u0117 su puikiu manevringumu.<\/p>\n<\/li>\n<\/ul>\n<p>&nbsp;<\/p>\n<p class=\"p1\">\n<h5>Patikimas pasirinkimas bet kokiai \u017eaidimo situacijai<\/h5>\n<p>&nbsp;<\/p>\n<p class=\"p3\">Jei ie\u0161kote <span class=\"s2\">subalansuotos, patogios ir universalios<\/span> raket\u0117s, kuri puikiai susidorot\u0173 su kiekviena \u017eaidimo faze, Head Radical Team 2026 yra idealus pasirinkimas.<\/p>\n<p class=\"p3\">Kontrol\u0117s, universalumo ir \u0161iuolaikini\u0173 technologij\u0173 derinys leid\u017eia atlikti tikslius sm\u016bgius, kontroliuoti ta\u0161ko temp\u0105 ir u\u017etikrintai \u017eaisti viso ma\u010do metu.<\/p>\n","protected":false},"excerpt":{"rendered":"<p>Head Radical Team 2026 \u2013 optimalus universalumas &nbsp; Head Radical Team 2026 yra a\u0161aros formos padelio raket\u0117, sukurta pasi\u016blyti ideal\u0173 balans\u0105 tarp kontrol\u0117s, vidutin\u0117s galios ir puikaus valdymo patogumo. Raket\u0117 pagaminta su stiklo pluo\u0161to pavir\u0161iais ir turi Control Foam \u0161erd\u012f, kuri padidina sm\u016bgio tikslum\u0105 ir u\u017etikrina patog\u0173 bei stabil\u0173 poj\u016bt\u012f kiekvieno sm\u016bgio metu. Apie 365 [&hellip;]<\/p>\n","protected":false},"featured_media":69271,"comment_status":"open","ping_status":"closed","template":"","meta":{"_eb_attr":""},"product_brand":[326],"product_cat":[327,252,341],"product_tag":[],"class_list":{"0":"post-69270","1":"product","2":"type-product","3":"status-publish","4":"has-post-thumbnail","6":"product_brand-head","7":"product_cat-head","8":"product_cat-padelio-raketes","9":"product_cat-vidutinis-lygis","10":"pa_kaal-365g","11":"pa_kuju-lasas","12":"pa_mangustiil-hibridine","13":"pa_tasakaal-zema","14":"pa_tase-vidutinis-lygis","15":"pa_varv-raudona","16":"pa_varv-zalia","19":"first","20":"instock","21":"sale","22":"taxable","23":"shipping-taxable","24":"purchasable","25":"product-type-simple"},"yoast_head":"<!-- This site is optimized with the Yoast SEO Premium plugin v27.1 (Yoast SEO v27.1.1) - https:\/\/yoast.com\/product\/yoast-seo-premium-wordpress\/ -->\n<title>Head Radical Team 2026 | Padelhaus<\/title>\n<meta name=\"description\" content=\"Ie\u0161kai naujos padelio raket\u0117s gera kaina? Padelhaus si\u016blo geriausi\u0105 padelio rake\u010di\u0173 pasirinkim\u0105 kiekvienam lygiui \u2013 tavo padelio parduotuv\u0117.\" \/>\n<meta name=\"robots\" content=\"noindex, follow, max-snippet:-1, max-image-preview:large, max-video-preview:-1\" \/>\n<meta property=\"og:locale\" content=\"lt_LT\" \/>\n<meta property=\"og:type\" content=\"article\" \/>\n<meta property=\"og:title\" content=\"Head Radical Team 2026\" \/>\n<meta property=\"og:description\" content=\"Ie\u0161kai naujos padelio raket\u0117s gera kaina? Padelhaus si\u016blo geriausi\u0105 padelio rake\u010di\u0173 pasirinkim\u0105 kiekvienam lygiui \u2013 tavo padelio parduotuv\u0117.\" \/>\n<meta property=\"og:url\" content=\"https:\/\/padelhaus.mustlammas-dev.in\/lt\/parduotuve\/head-radical-team-2026\/\" \/>\n<meta property=\"og:site_name\" content=\"Padelhaus\" \/>\n<meta property=\"article:modified_time\" content=\"2026-01-19T07:16:03+00:00\" \/>\n<meta property=\"og:image\" content=\"https:\/\/padel-haus.lt\/wp-content\/uploads\/2026\/01\/8-1.webp\" \/>\n\t<meta property=\"og:image:width\" content=\"1000\" \/>\n\t<meta property=\"og:image:height\" content=\"1000\" \/>\n\t<meta property=\"og:image:type\" content=\"image\/webp\" \/>\n<meta name=\"twitter:card\" content=\"summary_large_image\" \/>\n<meta name=\"twitter:label1\" content=\"Price\" \/>\n\t<meta name=\"twitter:data1\" content=\"159,00&nbsp;&euro;\" \/>\n\t<meta name=\"twitter:label2\" content=\"Availability\" \/>\n\t<meta name=\"twitter:data2\" content=\"In stock\" \/>\n<script type=\"application\/ld+json\" class=\"yoast-schema-graph\">{\"@context\":\"https:\/\/schema.org\",\"@graph\":[{\"@type\":[\"WebPage\",\"ItemPage\"],\"@id\":\"https:\/\/padelhaus.mustlammas-dev.in\/lt\/parduotuve\/head-radical-team-2026\/\",\"url\":\"https:\/\/padelhaus.mustlammas-dev.in\/lt\/parduotuve\/head-radical-team-2026\/\",\"name\":\"Head Radical Team 2026 | Padelhaus\",\"isPartOf\":{\"@id\":\"https:\/\/padelhaus.mustlammas-dev.in\/lt\/#website\"},\"primaryImageOfPage\":{\"@id\":\"https:\/\/padelhaus.mustlammas-dev.in\/lt\/parduotuve\/head-radical-team-2026\/#primaryimage\"},\"image\":{\"@id\":\"https:\/\/padelhaus.mustlammas-dev.in\/lt\/parduotuve\/head-radical-team-2026\/#primaryimage\"},\"thumbnailUrl\":\"https:\/\/padelhaus.mustlammas-dev.in\/wp-content\/uploads\/2026\/01\/8-1.webp\",\"datePublished\":\"2026-01-06T15:42:57+00:00\",\"dateModified\":\"2026-01-19T07:16:03+00:00\",\"description\":\"Ie\u0161kai naujos padelio raket\u0117s gera kaina? Padelhaus si\u016blo geriausi\u0105 padelio rake\u010di\u0173 pasirinkim\u0105 kiekvienam lygiui \u2013 tavo padelio parduotuv\u0117.\",\"breadcrumb\":{\"@id\":\"https:\/\/padelhaus.mustlammas-dev.in\/lt\/parduotuve\/head-radical-team-2026\/#breadcrumb\"},\"inLanguage\":\"lt-LT\",\"potentialAction\":[{\"@type\":\"ReadAction\",\"target\":[\"https:\/\/padelhaus.mustlammas-dev.in\/lt\/parduotuve\/head-radical-team-2026\/\"]}]},{\"@type\":\"ImageObject\",\"inLanguage\":\"lt-LT\",\"@id\":\"https:\/\/padelhaus.mustlammas-dev.in\/lt\/parduotuve\/head-radical-team-2026\/#primaryimage\",\"url\":\"https:\/\/padelhaus.mustlammas-dev.in\/wp-content\/uploads\/2026\/01\/8-1.webp\",\"contentUrl\":\"https:\/\/padelhaus.mustlammas-dev.in\/wp-content\/uploads\/2026\/01\/8-1.webp\",\"width\":1000,\"height\":1000},{\"@type\":\"BreadcrumbList\",\"@id\":\"https:\/\/padelhaus.mustlammas-dev.in\/lt\/parduotuve\/head-radical-team-2026\/#breadcrumb\",\"itemListElement\":[{\"@type\":\"ListItem\",\"position\":1,\"name\":\"Prad\u017eia\",\"item\":\"https:\/\/padel-haus.lt\/\"},{\"@type\":\"ListItem\",\"position\":2,\"name\":\"Parduotuv\u0117\",\"item\":\"https:\/\/padel-haus.lt\/parduotuve\/\"},{\"@type\":\"ListItem\",\"position\":3,\"name\":\"Head Radical Team 2026\"}]},{\"@type\":\"WebSite\",\"@id\":\"https:\/\/padelhaus.mustlammas-dev.in\/lt\/#website\",\"url\":\"https:\/\/padelhaus.mustlammas-dev.in\/lt\/\",\"name\":\"Claude Padelhaus\",\"description\":\"Sinu padelivarustuse kodu\",\"publisher\":{\"@id\":\"https:\/\/padelhaus.mustlammas-dev.in\/lt\/#organization\"},\"potentialAction\":[{\"@type\":\"SearchAction\",\"target\":{\"@type\":\"EntryPoint\",\"urlTemplate\":\"https:\/\/padelhaus.mustlammas-dev.in\/lt\/?s={search_term_string}\"},\"query-input\":{\"@type\":\"PropertyValueSpecification\",\"valueRequired\":true,\"valueName\":\"search_term_string\"}}],\"inLanguage\":\"lt-LT\"},{\"@type\":\"Organization\",\"@id\":\"https:\/\/padelhaus.mustlammas-dev.in\/lt\/#organization\",\"name\":\"Claude Padelhaus\",\"url\":\"https:\/\/padelhaus.mustlammas-dev.in\/lt\/\",\"logo\":{\"@type\":\"ImageObject\",\"inLanguage\":\"lt-LT\",\"@id\":\"https:\/\/padelhaus.mustlammas-dev.in\/lt\/#\/schema\/logo\/image\/\",\"url\":\"https:\/\/padelhaus.mustlammas-dev.in\/wp-content\/uploads\/2025\/05\/Logo-1.png\",\"contentUrl\":\"https:\/\/padelhaus.mustlammas-dev.in\/wp-content\/uploads\/2025\/05\/Logo-1.png\",\"width\":280,\"height\":115,\"caption\":\"Claude Padelhaus\"},\"image\":{\"@id\":\"https:\/\/padelhaus.mustlammas-dev.in\/lt\/#\/schema\/logo\/image\/\"}}]}<\/script>\n<meta property=\"product:price:amount\" content=\"159.00\" \/>\n<meta property=\"product:price:currency\" content=\"EUR\" \/>\n<meta property=\"og:availability\" content=\"instock\" \/>\n<meta property=\"product:availability\" content=\"instock\" \/>\n<meta property=\"product:retailer_item_id\" content=\"HEA-R-34\" \/>\n<meta property=\"product:condition\" content=\"new\" \/>\n<!-- \/ Yoast SEO Premium plugin. -->","yoast_head_json":{"title":"Head Radical Team 2026 | Padelhaus","description":"Ie\u0161kai naujos padelio raket\u0117s gera kaina? Padelhaus si\u016blo geriausi\u0105 padelio rake\u010di\u0173 pasirinkim\u0105 kiekvienam lygiui \u2013 tavo padelio parduotuv\u0117.","robots":{"index":"noindex","follow":"follow","max-snippet":"max-snippet:-1","max-image-preview":"max-image-preview:large","max-video-preview":"max-video-preview:-1"},"og_locale":"lt_LT","og_type":"article","og_title":"Head Radical Team 2026","og_description":"Ie\u0161kai naujos padelio raket\u0117s gera kaina? Padelhaus si\u016blo geriausi\u0105 padelio rake\u010di\u0173 pasirinkim\u0105 kiekvienam lygiui \u2013 tavo padelio parduotuv\u0117.","og_url":"https:\/\/padelhaus.mustlammas-dev.in\/lt\/parduotuve\/head-radical-team-2026\/","og_site_name":"Padelhaus","article_modified_time":"2026-01-19T07:16:03+00:00","og_image":[{"width":1000,"height":1000,"url":"https:\/\/padel-haus.lt\/wp-content\/uploads\/2026\/01\/8-1.webp","type":"image\/webp"}],"twitter_card":"summary_large_image","twitter_misc":{"Price":"159,00&nbsp;&euro;","Availability":"In stock"},"schema":{"@context":"https:\/\/schema.org","@graph":[{"@type":["WebPage","ItemPage"],"@id":"https:\/\/padelhaus.mustlammas-dev.in\/lt\/parduotuve\/head-radical-team-2026\/","url":"https:\/\/padelhaus.mustlammas-dev.in\/lt\/parduotuve\/head-radical-team-2026\/","name":"Head Radical Team 2026 | Padelhaus","isPartOf":{"@id":"https:\/\/padelhaus.mustlammas-dev.in\/lt\/#website"},"primaryImageOfPage":{"@id":"https:\/\/padelhaus.mustlammas-dev.in\/lt\/parduotuve\/head-radical-team-2026\/#primaryimage"},"image":{"@id":"https:\/\/padelhaus.mustlammas-dev.in\/lt\/parduotuve\/head-radical-team-2026\/#primaryimage"},"thumbnailUrl":"https:\/\/padelhaus.mustlammas-dev.in\/wp-content\/uploads\/2026\/01\/8-1.webp","datePublished":"2026-01-06T15:42:57+00:00","dateModified":"2026-01-19T07:16:03+00:00","description":"Ie\u0161kai naujos padelio raket\u0117s gera kaina? Padelhaus si\u016blo geriausi\u0105 padelio rake\u010di\u0173 pasirinkim\u0105 kiekvienam lygiui \u2013 tavo padelio parduotuv\u0117.","breadcrumb":{"@id":"https:\/\/padelhaus.mustlammas-dev.in\/lt\/parduotuve\/head-radical-team-2026\/#breadcrumb"},"inLanguage":"lt-LT","potentialAction":[{"@type":"ReadAction","target":["https:\/\/padelhaus.mustlammas-dev.in\/lt\/parduotuve\/head-radical-team-2026\/"]}]},{"@type":"ImageObject","inLanguage":"lt-LT","@id":"https:\/\/padelhaus.mustlammas-dev.in\/lt\/parduotuve\/head-radical-team-2026\/#primaryimage","url":"https:\/\/padelhaus.mustlammas-dev.in\/wp-content\/uploads\/2026\/01\/8-1.webp","contentUrl":"https:\/\/padelhaus.mustlammas-dev.in\/wp-content\/uploads\/2026\/01\/8-1.webp","width":1000,"height":1000},{"@type":"BreadcrumbList","@id":"https:\/\/padelhaus.mustlammas-dev.in\/lt\/parduotuve\/head-radical-team-2026\/#breadcrumb","itemListElement":[{"@type":"ListItem","position":1,"name":"Prad\u017eia","item":"https:\/\/padel-haus.lt\/"},{"@type":"ListItem","position":2,"name":"Parduotuv\u0117","item":"https:\/\/padel-haus.lt\/parduotuve\/"},{"@type":"ListItem","position":3,"name":"Head Radical Team 2026"}]},{"@type":"WebSite","@id":"https:\/\/padelhaus.mustlammas-dev.in\/lt\/#website","url":"https:\/\/padelhaus.mustlammas-dev.in\/lt\/","name":"Claude Padelhaus","description":"Sinu padelivarustuse kodu","publisher":{"@id":"https:\/\/padelhaus.mustlammas-dev.in\/lt\/#organization"},"potentialAction":[{"@type":"SearchAction","target":{"@type":"EntryPoint","urlTemplate":"https:\/\/padelhaus.mustlammas-dev.in\/lt\/?s={search_term_string}"},"query-input":{"@type":"PropertyValueSpecification","valueRequired":true,"valueName":"search_term_string"}}],"inLanguage":"lt-LT"},{"@type":"Organization","@id":"https:\/\/padelhaus.mustlammas-dev.in\/lt\/#organization","name":"Claude Padelhaus","url":"https:\/\/padelhaus.mustlammas-dev.in\/lt\/","logo":{"@type":"ImageObject","inLanguage":"lt-LT","@id":"https:\/\/padelhaus.mustlammas-dev.in\/lt\/#\/schema\/logo\/image\/","url":"https:\/\/padelhaus.mustlammas-dev.in\/wp-content\/uploads\/2025\/05\/Logo-1.png","contentUrl":"https:\/\/padelhaus.mustlammas-dev.in\/wp-content\/uploads\/2025\/05\/Logo-1.png","width":280,"height":115,"caption":"Claude Padelhaus"},"image":{"@id":"https:\/\/padelhaus.mustlammas-dev.in\/lt\/#\/schema\/logo\/image\/"}}]},"product_price_amount":"159.00","product_price_currency":"EUR","og_availability":"instock","product_availability":"instock","product_retailer_item_id":"HEA-R-34","product_condition":"new"},"_links":{"self":[{"href":"https:\/\/padelhaus.mustlammas-dev.in\/lt\/wp-json\/wp\/v2\/product\/69270","targetHints":{"allow":["GET"]}}],"collection":[{"href":"https:\/\/padelhaus.mustlammas-dev.in\/lt\/wp-json\/wp\/v2\/product"}],"about":[{"href":"https:\/\/padelhaus.mustlammas-dev.in\/lt\/wp-json\/wp\/v2\/types\/product"}],"replies":[{"embeddable":true,"href":"https:\/\/padelhaus.mustlammas-dev.in\/lt\/wp-json\/wp\/v2\/comments?post=69270"}],"wp:featuredmedia":[{"embeddable":true,"href":"https:\/\/padelhaus.mustlammas-dev.in\/lt\/wp-json\/wp\/v2\/media\/69271"}],"wp:attachment":[{"href":"https:\/\/padelhaus.mustlammas-dev.in\/lt\/wp-json\/wp\/v2\/media?parent=69270"}],"wp:term":[{"taxonomy":"product_brand","embeddable":true,"href":"https:\/\/padelhaus.mustlammas-dev.in\/lt\/wp-json\/wp\/v2\/product_brand?post=69270"},{"taxonomy":"product_cat","embeddable":true,"href":"https:\/\/padelhaus.mustlammas-dev.in\/lt\/wp-json\/wp\/v2\/product_cat?post=69270"},{"taxonomy":"product_tag","embeddable":true,"href":"https:\/\/padelhaus.mustlammas-dev.in\/lt\/wp-json\/wp\/v2\/product_tag?post=69270"}],"curies":[{"name":"wp","href":"https:\/\/api.w.org\/{rel}","templated":true}]}}