{"id":69309,"date":"2026-01-06T12:19:34","date_gmt":"2026-01-06T10:19:34","guid":{"rendered":"https:\/\/padelhaus.mustlammas-dev.in\/pood\/head-radical-motion-2026\/"},"modified":"2026-01-19T09:16:04","modified_gmt":"2026-01-19T07:16:04","slug":"head-radical-motion-2026","status":"publish","type":"product","link":"https:\/\/padelhaus.mustlammas-dev.in\/lt\/parduotuve\/head-radical-motion-2026\/","title":{"rendered":"Head Radical Motion 2026"},"content":{"rendered":"<h5><b>Head Radical Motion 2026 \u2013 lengvumas ir kontrol\u0117<\/b><\/h5>\n<p>&nbsp;<\/p>\n<p class=\"p3\"><span class=\"s2\"><b>Head Radical Motion 2026<\/b><\/span> yra a\u0161aros formos padelio raket\u0117, sukurta pasi\u016blyti ideal\u0173 balans\u0105 tarp <span class=\"s2\"><b>manevringumo, stabilumo ir tikslumo<\/b><\/span> kiekviename sm\u016bgyje.<\/p>\n<p class=\"p3\">Raket\u0117s konstrukcija sujungia <span class=\"s2\"><b>stiklo pluo\u0161to pavir\u0161ius<\/b><\/span>, kurie suteikia lankstesn\u012f ir patogesn\u012f poj\u016bt\u012f, ir <span class=\"s2\"><b>Control Foam<\/b><\/span> \u0161erd\u012f, kuri pagerina kamuoliuko i\u0161mu\u0161im\u0105 ir praple\u010dia \u201esweet spot\u201c net \u012ftemptose \u017eaidimo situacijose.<\/p>\n<h5><b>Radical Motion \u2013 pa\u017eengusiems ir profesionalams \u017eaid\u0117jams<\/b><\/h5>\n<p>&nbsp;<\/p>\n<p class=\"p3\">Head Radical Motion 2026 skirta <span class=\"s2\"><b>pa\u017eengusiems ir profesionalams \u017eaid\u0117jams<\/b><\/span>, kuri\u0173 \u017eaidimas pagr\u012fstas taktika, ta\u0161k\u0173 k\u016brimu ir \u017eaidimo tempo valdymu.<\/p>\n<p class=\"p3\">Ji puikiai tinka \u017eaid\u0117jams, kurie i\u0161siskiria <span class=\"s2\"><b>strateginiu m\u0105stymu<\/b><\/span> \u2013 jie kontroliuoja temp\u0105, kantriai kuria ta\u0161kus ir sumaniai naudoja per\u0117jimus, kad sukurt\u0173 puolimo galimybes.<\/p>\n<p class=\"p3\">Subalansuotas elastingumas palaiko techni\u0161kus sm\u016bgius, tokius kaip <span class=\"s2\"><b>chiquita<\/b><\/span>, u\u017etikrintos <span class=\"s2\"><b>bandejos<\/b><\/span> ir tiksliai nukreiptos <span class=\"s2\"><b>v\u00edboros<\/b><\/span>, kartu suteikiant reikiam\u0105 stabilum\u0105 tiksliai gynybai.<\/p>\n<h5><b>Pagrindin\u0117s technologijos ir savyb\u0117s<\/b><\/h5>\n<ul>\n<li>\n<p class=\"p1\"><span class=\"s1\"><b>Auxetic 2.0<\/b><\/span> \u2013 dinami\u0161kai reaguojanti vidin\u0117 strukt\u016bra geresniam poj\u016b\u010diui ir gr\u012f\u017etamajam ry\u0161iui.<\/p>\n<\/li>\n<li>\n<p class=\"p1\"><span class=\"s1\"><b>Control Foam<\/b><\/span> \u2013 \u0161erdis, kuri praple\u010dia \u201esweet spot\u201c ir pagerina sm\u016bgio tikslum\u0105.<\/p>\n<\/li>\n<li>\n<p class=\"p1\"><span class=\"s1\"><b>Optimized Sweet Spot<\/b><\/span> \u2013 pritaikytas skyli\u0173 ra\u0161tas maksimaliam naudingam sm\u016bgio plotui pasiekti.<\/p>\n<\/li>\n<li>\n<p class=\"p1\"><span class=\"s1\"><b>Tailored Frame<\/b><\/span> \u2013 optimizuotas r\u0117mas be tradicinio vamzd\u017eio, didesniam atsparumui.<\/p>\n<\/li>\n<li>\n<p class=\"p1\"><span class=\"s1\"><b>Smart Bridge<\/b><\/span> \u2013 specialiai suprojektuotas tiltelis kontrolei ir stabilumui subalansuoti.<\/p>\n<\/li>\n<li>\n<p class=\"p1\"><span class=\"s1\"><b>Stiklo pluo\u0161to pavir\u0161iai<\/b><\/span> \u2013 elastingas poj\u016btis ir tolygus kamuoliuko i\u0161mu\u0161imas.<\/p>\n<\/li>\n<li>\n<p class=\"p1\"><span class=\"s1\"><b>Nauja Radical forma<\/b><\/span> \u2013 universali ir lengvai valdoma a\u0161aros formos konstrukcija.<\/p>\n<\/li>\n<\/ul>\n<h5><b>Universalus ir tikslus palydovas kiekviename ta\u0161ke<\/b><\/h5>\n<p>&nbsp;<\/p>\n<p class=\"p3\">Head Radical Motion 2026 yra idealus pasirinkimas, jei ie\u0161kai <span class=\"s2\"><b>lengvos, subalansuotos ir visi\u0161k\u0105 kontrol\u0119 suteikian\u010dios<\/b><\/span> raket\u0117s, kuri u\u017etikrintai atitinka kiekvienoje \u017eaidimo situacijoje.<\/p>\n<p class=\"p3\">Tai moderni ir universali raket\u0117, pasirengusi pakelti tavo \u017eaidim\u0105 \u012f kit\u0105 lyg\u012f \u2013 tiksliai, u\u017etikrintai ir kontroliuojamai.<\/p>\n","protected":false},"excerpt":{"rendered":"<p>Head Radical Motion 2026 \u2013 lengvumas ir kontrol\u0117 &nbsp; Head Radical Motion 2026 yra a\u0161aros formos padelio raket\u0117, sukurta pasi\u016blyti ideal\u0173 balans\u0105 tarp manevringumo, stabilumo ir tikslumo kiekviename sm\u016bgyje. Raket\u0117s konstrukcija sujungia stiklo pluo\u0161to pavir\u0161ius, kurie suteikia lankstesn\u012f ir patogesn\u012f poj\u016bt\u012f, ir Control Foam \u0161erd\u012f, kuri pagerina kamuoliuko i\u0161mu\u0161im\u0105 ir praple\u010dia \u201esweet spot\u201c net \u012ftemptose [&hellip;]<\/p>\n","protected":false},"featured_media":69310,"comment_status":"open","ping_status":"closed","template":"","meta":{"_eb_attr":""},"product_brand":[326],"product_cat":[327,252,341],"product_tag":[],"class_list":{"0":"post-69309","1":"product","2":"type-product","3":"status-publish","4":"has-post-thumbnail","6":"product_brand-head","7":"product_cat-head","8":"product_cat-padelio-raketes","9":"product_cat-vidutinis-lygis","10":"pa_kaal-350-360g","11":"pa_kuju-lasas","12":"pa_mangustiil-hibridine","13":"pa_tasakaal-zema","14":"pa_tase-vidutinis-lygis","15":"pa_varv-raudona","16":"pa_varv-zalia","19":"first","20":"onbackorder","21":"sale","22":"taxable","23":"shipping-taxable","24":"purchasable","25":"product-type-simple"},"yoast_head":"<!-- This site is optimized with the Yoast SEO Premium plugin v27.1 (Yoast SEO v27.1.1) - https:\/\/yoast.com\/product\/yoast-seo-premium-wordpress\/ -->\n<title>Head Radical Motion 2026 | Padelhaus<\/title>\n<meta name=\"description\" content=\"Ie\u0161kai naujos padelio raket\u0117s gera kaina? Padelhaus si\u016blo geriausi\u0105 padelio rake\u010di\u0173 pasirinkim\u0105 kiekvienam lygiui \u2013 tavo padelio parduotuv\u0117.\" \/>\n<meta name=\"robots\" content=\"noindex, follow, max-snippet:-1, max-image-preview:large, max-video-preview:-1\" \/>\n<meta property=\"og:locale\" content=\"lt_LT\" \/>\n<meta property=\"og:type\" content=\"article\" \/>\n<meta property=\"og:title\" content=\"Head Radical Motion 2026\" \/>\n<meta property=\"og:description\" content=\"Ie\u0161kai naujos padelio raket\u0117s gera kaina? Padelhaus si\u016blo geriausi\u0105 padelio rake\u010di\u0173 pasirinkim\u0105 kiekvienam lygiui \u2013 tavo padelio parduotuv\u0117.\" \/>\n<meta property=\"og:url\" content=\"https:\/\/padelhaus.mustlammas-dev.in\/lt\/parduotuve\/head-radical-motion-2026\/\" \/>\n<meta property=\"og:site_name\" content=\"Padelhaus\" \/>\n<meta property=\"article:modified_time\" content=\"2026-01-19T07:16:04+00:00\" \/>\n<meta property=\"og:image\" content=\"https:\/\/padel-haus.lt\/wp-content\/uploads\/2026\/01\/4.webp\" \/>\n\t<meta property=\"og:image:width\" content=\"1000\" \/>\n\t<meta property=\"og:image:height\" content=\"1000\" \/>\n\t<meta property=\"og:image:type\" content=\"image\/webp\" \/>\n<meta name=\"twitter:card\" content=\"summary_large_image\" \/>\n<meta name=\"twitter:label1\" content=\"Price\" \/>\n\t<meta name=\"twitter:data1\" content=\"169,00&nbsp;&euro;\" \/>\n\t<meta name=\"twitter:label2\" content=\"Availability\" \/>\n\t<meta name=\"twitter:data2\" content=\"On backorder\" \/>\n<script type=\"application\/ld+json\" class=\"yoast-schema-graph\">{\"@context\":\"https:\/\/schema.org\",\"@graph\":[{\"@type\":[\"WebPage\",\"ItemPage\"],\"@id\":\"https:\/\/padelhaus.mustlammas-dev.in\/lt\/parduotuve\/head-radical-motion-2026\/\",\"url\":\"https:\/\/padelhaus.mustlammas-dev.in\/lt\/parduotuve\/head-radical-motion-2026\/\",\"name\":\"Head Radical Motion 2026 | Padelhaus\",\"isPartOf\":{\"@id\":\"https:\/\/padelhaus.mustlammas-dev.in\/lt\/#website\"},\"primaryImageOfPage\":{\"@id\":\"https:\/\/padelhaus.mustlammas-dev.in\/lt\/parduotuve\/head-radical-motion-2026\/#primaryimage\"},\"image\":{\"@id\":\"https:\/\/padelhaus.mustlammas-dev.in\/lt\/parduotuve\/head-radical-motion-2026\/#primaryimage\"},\"thumbnailUrl\":\"https:\/\/padelhaus.mustlammas-dev.in\/wp-content\/uploads\/2026\/01\/4.webp\",\"datePublished\":\"2026-01-06T10:19:34+00:00\",\"dateModified\":\"2026-01-19T07:16:04+00:00\",\"description\":\"Ie\u0161kai naujos padelio raket\u0117s gera kaina? Padelhaus si\u016blo geriausi\u0105 padelio rake\u010di\u0173 pasirinkim\u0105 kiekvienam lygiui \u2013 tavo padelio parduotuv\u0117.\",\"breadcrumb\":{\"@id\":\"https:\/\/padelhaus.mustlammas-dev.in\/lt\/parduotuve\/head-radical-motion-2026\/#breadcrumb\"},\"inLanguage\":\"lt-LT\",\"potentialAction\":[{\"@type\":\"ReadAction\",\"target\":[\"https:\/\/padelhaus.mustlammas-dev.in\/lt\/parduotuve\/head-radical-motion-2026\/\"]}]},{\"@type\":\"ImageObject\",\"inLanguage\":\"lt-LT\",\"@id\":\"https:\/\/padelhaus.mustlammas-dev.in\/lt\/parduotuve\/head-radical-motion-2026\/#primaryimage\",\"url\":\"https:\/\/padelhaus.mustlammas-dev.in\/wp-content\/uploads\/2026\/01\/4.webp\",\"contentUrl\":\"https:\/\/padelhaus.mustlammas-dev.in\/wp-content\/uploads\/2026\/01\/4.webp\",\"width\":1000,\"height\":1000},{\"@type\":\"BreadcrumbList\",\"@id\":\"https:\/\/padelhaus.mustlammas-dev.in\/lt\/parduotuve\/head-radical-motion-2026\/#breadcrumb\",\"itemListElement\":[{\"@type\":\"ListItem\",\"position\":1,\"name\":\"Prad\u017eia\",\"item\":\"https:\/\/padel-haus.lt\/\"},{\"@type\":\"ListItem\",\"position\":2,\"name\":\"Parduotuv\u0117\",\"item\":\"https:\/\/padel-haus.lt\/parduotuve\/\"},{\"@type\":\"ListItem\",\"position\":3,\"name\":\"Head Radical Motion 2026\"}]},{\"@type\":\"WebSite\",\"@id\":\"https:\/\/padelhaus.mustlammas-dev.in\/lt\/#website\",\"url\":\"https:\/\/padelhaus.mustlammas-dev.in\/lt\/\",\"name\":\"Claude Padelhaus\",\"description\":\"Sinu padelivarustuse kodu\",\"publisher\":{\"@id\":\"https:\/\/padelhaus.mustlammas-dev.in\/lt\/#organization\"},\"potentialAction\":[{\"@type\":\"SearchAction\",\"target\":{\"@type\":\"EntryPoint\",\"urlTemplate\":\"https:\/\/padelhaus.mustlammas-dev.in\/lt\/?s={search_term_string}\"},\"query-input\":{\"@type\":\"PropertyValueSpecification\",\"valueRequired\":true,\"valueName\":\"search_term_string\"}}],\"inLanguage\":\"lt-LT\"},{\"@type\":\"Organization\",\"@id\":\"https:\/\/padelhaus.mustlammas-dev.in\/lt\/#organization\",\"name\":\"Claude Padelhaus\",\"url\":\"https:\/\/padelhaus.mustlammas-dev.in\/lt\/\",\"logo\":{\"@type\":\"ImageObject\",\"inLanguage\":\"lt-LT\",\"@id\":\"https:\/\/padelhaus.mustlammas-dev.in\/lt\/#\/schema\/logo\/image\/\",\"url\":\"https:\/\/padelhaus.mustlammas-dev.in\/wp-content\/uploads\/2025\/05\/Logo-1.png\",\"contentUrl\":\"https:\/\/padelhaus.mustlammas-dev.in\/wp-content\/uploads\/2025\/05\/Logo-1.png\",\"width\":280,\"height\":115,\"caption\":\"Claude Padelhaus\"},\"image\":{\"@id\":\"https:\/\/padelhaus.mustlammas-dev.in\/lt\/#\/schema\/logo\/image\/\"}}]}<\/script>\n<meta property=\"product:price:amount\" content=\"169.00\" \/>\n<meta property=\"product:price:currency\" content=\"EUR\" \/>\n<meta property=\"og:availability\" content=\"backorder\" \/>\n<meta property=\"product:availability\" content=\"available for order\" \/>\n<meta property=\"product:retailer_item_id\" content=\"HEA-R-33\" \/>\n<meta property=\"product:condition\" content=\"new\" \/>\n<!-- \/ Yoast SEO Premium plugin. -->","yoast_head_json":{"title":"Head Radical Motion 2026 | Padelhaus","description":"Ie\u0161kai naujos padelio raket\u0117s gera kaina? Padelhaus si\u016blo geriausi\u0105 padelio rake\u010di\u0173 pasirinkim\u0105 kiekvienam lygiui \u2013 tavo padelio parduotuv\u0117.","robots":{"index":"noindex","follow":"follow","max-snippet":"max-snippet:-1","max-image-preview":"max-image-preview:large","max-video-preview":"max-video-preview:-1"},"og_locale":"lt_LT","og_type":"article","og_title":"Head Radical Motion 2026","og_description":"Ie\u0161kai naujos padelio raket\u0117s gera kaina? Padelhaus si\u016blo geriausi\u0105 padelio rake\u010di\u0173 pasirinkim\u0105 kiekvienam lygiui \u2013 tavo padelio parduotuv\u0117.","og_url":"https:\/\/padelhaus.mustlammas-dev.in\/lt\/parduotuve\/head-radical-motion-2026\/","og_site_name":"Padelhaus","article_modified_time":"2026-01-19T07:16:04+00:00","og_image":[{"width":1000,"height":1000,"url":"https:\/\/padel-haus.lt\/wp-content\/uploads\/2026\/01\/4.webp","type":"image\/webp"}],"twitter_card":"summary_large_image","twitter_misc":{"Price":"169,00&nbsp;&euro;","Availability":"On backorder"},"schema":{"@context":"https:\/\/schema.org","@graph":[{"@type":["WebPage","ItemPage"],"@id":"https:\/\/padelhaus.mustlammas-dev.in\/lt\/parduotuve\/head-radical-motion-2026\/","url":"https:\/\/padelhaus.mustlammas-dev.in\/lt\/parduotuve\/head-radical-motion-2026\/","name":"Head Radical Motion 2026 | Padelhaus","isPartOf":{"@id":"https:\/\/padelhaus.mustlammas-dev.in\/lt\/#website"},"primaryImageOfPage":{"@id":"https:\/\/padelhaus.mustlammas-dev.in\/lt\/parduotuve\/head-radical-motion-2026\/#primaryimage"},"image":{"@id":"https:\/\/padelhaus.mustlammas-dev.in\/lt\/parduotuve\/head-radical-motion-2026\/#primaryimage"},"thumbnailUrl":"https:\/\/padelhaus.mustlammas-dev.in\/wp-content\/uploads\/2026\/01\/4.webp","datePublished":"2026-01-06T10:19:34+00:00","dateModified":"2026-01-19T07:16:04+00:00","description":"Ie\u0161kai naujos padelio raket\u0117s gera kaina? Padelhaus si\u016blo geriausi\u0105 padelio rake\u010di\u0173 pasirinkim\u0105 kiekvienam lygiui \u2013 tavo padelio parduotuv\u0117.","breadcrumb":{"@id":"https:\/\/padelhaus.mustlammas-dev.in\/lt\/parduotuve\/head-radical-motion-2026\/#breadcrumb"},"inLanguage":"lt-LT","potentialAction":[{"@type":"ReadAction","target":["https:\/\/padelhaus.mustlammas-dev.in\/lt\/parduotuve\/head-radical-motion-2026\/"]}]},{"@type":"ImageObject","inLanguage":"lt-LT","@id":"https:\/\/padelhaus.mustlammas-dev.in\/lt\/parduotuve\/head-radical-motion-2026\/#primaryimage","url":"https:\/\/padelhaus.mustlammas-dev.in\/wp-content\/uploads\/2026\/01\/4.webp","contentUrl":"https:\/\/padelhaus.mustlammas-dev.in\/wp-content\/uploads\/2026\/01\/4.webp","width":1000,"height":1000},{"@type":"BreadcrumbList","@id":"https:\/\/padelhaus.mustlammas-dev.in\/lt\/parduotuve\/head-radical-motion-2026\/#breadcrumb","itemListElement":[{"@type":"ListItem","position":1,"name":"Prad\u017eia","item":"https:\/\/padel-haus.lt\/"},{"@type":"ListItem","position":2,"name":"Parduotuv\u0117","item":"https:\/\/padel-haus.lt\/parduotuve\/"},{"@type":"ListItem","position":3,"name":"Head Radical Motion 2026"}]},{"@type":"WebSite","@id":"https:\/\/padelhaus.mustlammas-dev.in\/lt\/#website","url":"https:\/\/padelhaus.mustlammas-dev.in\/lt\/","name":"Claude Padelhaus","description":"Sinu padelivarustuse kodu","publisher":{"@id":"https:\/\/padelhaus.mustlammas-dev.in\/lt\/#organization"},"potentialAction":[{"@type":"SearchAction","target":{"@type":"EntryPoint","urlTemplate":"https:\/\/padelhaus.mustlammas-dev.in\/lt\/?s={search_term_string}"},"query-input":{"@type":"PropertyValueSpecification","valueRequired":true,"valueName":"search_term_string"}}],"inLanguage":"lt-LT"},{"@type":"Organization","@id":"https:\/\/padelhaus.mustlammas-dev.in\/lt\/#organization","name":"Claude Padelhaus","url":"https:\/\/padelhaus.mustlammas-dev.in\/lt\/","logo":{"@type":"ImageObject","inLanguage":"lt-LT","@id":"https:\/\/padelhaus.mustlammas-dev.in\/lt\/#\/schema\/logo\/image\/","url":"https:\/\/padelhaus.mustlammas-dev.in\/wp-content\/uploads\/2025\/05\/Logo-1.png","contentUrl":"https:\/\/padelhaus.mustlammas-dev.in\/wp-content\/uploads\/2025\/05\/Logo-1.png","width":280,"height":115,"caption":"Claude Padelhaus"},"image":{"@id":"https:\/\/padelhaus.mustlammas-dev.in\/lt\/#\/schema\/logo\/image\/"}}]},"product_price_amount":"169.00","product_price_currency":"EUR","og_availability":"backorder","product_availability":"available for order","product_retailer_item_id":"HEA-R-33","product_condition":"new"},"_links":{"self":[{"href":"https:\/\/padelhaus.mustlammas-dev.in\/lt\/wp-json\/wp\/v2\/product\/69309","targetHints":{"allow":["GET"]}}],"collection":[{"href":"https:\/\/padelhaus.mustlammas-dev.in\/lt\/wp-json\/wp\/v2\/product"}],"about":[{"href":"https:\/\/padelhaus.mustlammas-dev.in\/lt\/wp-json\/wp\/v2\/types\/product"}],"replies":[{"embeddable":true,"href":"https:\/\/padelhaus.mustlammas-dev.in\/lt\/wp-json\/wp\/v2\/comments?post=69309"}],"wp:featuredmedia":[{"embeddable":true,"href":"https:\/\/padelhaus.mustlammas-dev.in\/lt\/wp-json\/wp\/v2\/media\/69310"}],"wp:attachment":[{"href":"https:\/\/padelhaus.mustlammas-dev.in\/lt\/wp-json\/wp\/v2\/media?parent=69309"}],"wp:term":[{"taxonomy":"product_brand","embeddable":true,"href":"https:\/\/padelhaus.mustlammas-dev.in\/lt\/wp-json\/wp\/v2\/product_brand?post=69309"},{"taxonomy":"product_cat","embeddable":true,"href":"https:\/\/padelhaus.mustlammas-dev.in\/lt\/wp-json\/wp\/v2\/product_cat?post=69309"},{"taxonomy":"product_tag","embeddable":true,"href":"https:\/\/padelhaus.mustlammas-dev.in\/lt\/wp-json\/wp\/v2\/product_tag?post=69309"}],"curies":[{"name":"wp","href":"https:\/\/api.w.org\/{rel}","templated":true}]}}