{"id":69521,"date":"2026-01-21T15:16:56","date_gmt":"2026-01-21T13:16:56","guid":{"rendered":"https:\/\/padelhaus.mustlammas-dev.in\/pood\/siux-trilogy-5-go-2025\/"},"modified":"2026-01-28T17:38:30","modified_gmt":"2026-01-28T15:38:30","slug":"siux-trilogy-5-go-2025","status":"publish","type":"product","link":"https:\/\/padelhaus.mustlammas-dev.in\/lt\/parduotuve\/siux-trilogy-5-go-2025\/","title":{"rendered":"Siux Trilogy 5 Go 2025"},"content":{"rendered":"<h4><b>Siux Trilogy Go 5 \u2013 kontrol\u0117 kiekviename sm\u016bgyje<\/b><\/h4>\n<p>&nbsp;<\/p>\n<p class=\"p3\"><span class=\"s2\"><b>Siux Trilogy Go 5<\/b><\/span> yra padelio raket\u0117, sukurta u\u017etikrinti <span class=\"s2\"><b>maksimali\u0105 kontrol\u0119 kiekvienoje \u017eaidimo situacijoje<\/b><\/span>. Raket\u0117s <span class=\"s2\"><b>apvali forma<\/b><\/span> ir <span class=\"s2\"><b>\u017eemas balansas<\/b><\/span> leid\u017eia j\u0105 labai lengvai valdyti, u\u017etikrinant tikslius, stabilius ir greitos reakcijos sm\u016bgius. <\/p>\n<p class=\"p3\">Tokia forma ir balansas padeda sukurti <span class=\"s2\"><b>didel\u0119 sm\u016bgio zon\u0105<\/b><\/span>, o tai rei\u0161kia, kad gali u\u017etikrintai pataikyti \u012f kamuoliuk\u0105 beveik visame sm\u016bgio pavir\u0161iuje. Tai suteikia daugiau erdv\u0117s klaidoms ir padidina pasitik\u0117jim\u0105 savimi kiekviename ta\u0161ke. <\/p>\n<p class=\"p1\">\n<h4><b>Patogi ir stabili konstrukcija<\/b><\/h4>\n<p>&nbsp;<\/p>\n<p class=\"p3\">Raket\u0117s sm\u016bgio pavir\u0161ius pagamintas i\u0161 <span class=\"s2\"><b>3K Alumesh anglies pluo\u0161to<\/b><\/span>, kuris u\u017etikrina ger\u0105 ilgaam\u017ei\u0161kum\u0105 ir vienod\u0105 sm\u016bgio kokyb\u0119. R\u0117m\u0105 papildo <span class=\"s2\"><b>EVA gumos \u0161erdis<\/b><\/span>, kuri suteikia komforto ir padeda pasiekti pusiausvyr\u0105 tarp \u0161velnaus kontakto ir pakankamos galios. <\/p>\n<p class=\"p3\">Rezultatas \u2013 raket\u0117, kuri suteikia <span class=\"s2\"><b>patog\u0173 poj\u016bt\u012f<\/b><\/span>, ta\u010diau prireikus gali u\u017etikrinti ir pakankam\u0105 kamuoliuko i\u0161skridim\u0105.<\/p>\n<p class=\"p1\">\n<h4><b>I\u0161skirtinis dizainas<\/b><\/h4>\n<p>&nbsp;<\/p>\n<p class=\"p3\">Raket\u0117 turi <span class=\"s2\"><b>blizgi\u0105 apdail\u0105<\/b><\/span>, kuri pabr\u0117\u017eia jos moderni\u0105 i\u0161vaizd\u0105 ir padeda i\u0161laikyti ger\u0105 kontrol\u0119. \u017dali\u0173 ir juod\u0173 atspalvi\u0173 <span class=\"s2\"><b>gradientinis dizainas<\/b><\/span> suteikia raketei sporti\u0161k\u0105 ir ak\u012f traukiant\u012f charakter\u012f. <\/p>\n<p>&nbsp;<\/p>\n<p class=\"p1\">\n<h4><b>Trilogy Go 5 \u2013 vidutinio lygio \u017eaid\u0117jui<\/b><\/h4>\n<p>&nbsp;<\/p>\n<p class=\"p3\">Siux Trilogy Go 5 sukurta <span class=\"s2\"><b>vidutinio lygio \u017eaid\u0117jams<\/b><\/span>, kurie pirmiausia ie\u0161ko kontrol\u0117s ir pasitik\u0117jimo, kad gal\u0117t\u0173 tobulinti savo \u017eaidimo lyg\u012f.<\/p>\n<p class=\"p3\">Jei nori ta\u0161kus spr\u0119sti savo technika ir tikslumu, \u0161i raket\u0117 si\u016blo puik\u0173 valdym\u0105, komfort\u0105 ir stabilum\u0105 \u2013 idealus pasirinkimas nuosekliam ir u\u017etikrintam \u017eaidimui.<\/p>\n<p>&nbsp;<\/p>\n<p class=\"p1\">\n<h4><b>Technin\u0117s specifikacijos<\/b><\/h4>\n<p class=\"p1\">\n<ul>\n<li>\n<p class=\"p1\"><span class=\"s1\"><b>Pavir\u0161ius:<\/b><\/span> 3K Alumesh<\/p>\n<\/li>\n<li>\n<p class=\"p1\"><span class=\"s1\"><b>\u0160erdis:<\/b><\/span> EVA guma<\/p>\n<\/li>\n<li>\n<p class=\"p1\"><span class=\"s1\"><b>Forma:<\/b><\/span> apvali \u2013 maksimali kontrol\u0117 ir tikslumas<\/p>\n<\/li>\n<\/ul>\n","protected":false},"excerpt":{"rendered":"<p>Siux Trilogy Go 5 \u2013 kontrol\u0117 kiekviename sm\u016bgyje &nbsp; Siux Trilogy Go 5 yra padelio raket\u0117, sukurta u\u017etikrinti maksimali\u0105 kontrol\u0119 kiekvienoje \u017eaidimo situacijoje. Raket\u0117s apvali forma ir \u017eemas balansas leid\u017eia j\u0105 labai lengvai valdyti, u\u017etikrinant tikslius, stabilius ir greitos reakcijos sm\u016bgius. Tokia forma ir balansas padeda sukurti didel\u0119 sm\u016bgio zon\u0105, o tai rei\u0161kia, kad gali [&hellip;]<\/p>\n","protected":false},"featured_media":69522,"comment_status":"open","ping_status":"closed","template":"","meta":{"_eb_attr":""},"product_brand":[272],"product_cat":[252,362,274],"product_tag":[],"class_list":{"0":"post-69521","1":"product","2":"type-product","3":"status-publish","4":"has-post-thumbnail","6":"product_brand-siux","7":"product_cat-padelio-raketes","8":"product_cat-pradedantieji","9":"product_cat-siux","10":"pa_kaal-350-370g","11":"pa_kuju-apvali","12":"pa_mangustiil-kontrole","13":"pa_tasakaal-zema","14":"pa_tase-pradedantysis","15":"pa_tase-vidutinis-lygis","16":"pa_varv-juoda","17":"pa_varv-zalia","20":"first","21":"instock","22":"sale","23":"taxable","24":"shipping-taxable","25":"purchasable","26":"product-type-simple"},"yoast_head":"<!-- This site is optimized with the Yoast SEO Premium plugin v27.1 (Yoast SEO v27.1.1) - https:\/\/yoast.com\/product\/yoast-seo-premium-wordpress\/ -->\n<title>Siux Trilogy 5 Go 2025 | Padelhaus<\/title>\n<meta name=\"description\" content=\"Ie\u0161kai naujos padelio raket\u0117s gera kaina? Padelhaus si\u016blo geriausi\u0105 padelio rake\u010di\u0173 pasirinkim\u0105 kiekvienam lygiui \u2013 tavo padelio parduotuv\u0117.\" \/>\n<meta name=\"robots\" content=\"noindex, follow, max-snippet:-1, max-image-preview:large, max-video-preview:-1\" \/>\n<meta property=\"og:locale\" content=\"lt_LT\" \/>\n<meta property=\"og:type\" content=\"article\" \/>\n<meta property=\"og:title\" content=\"Siux Trilogy 5 Go 2025\" \/>\n<meta property=\"og:description\" content=\"Ie\u0161kai naujos padelio raket\u0117s gera kaina? Padelhaus si\u016blo geriausi\u0105 padelio rake\u010di\u0173 pasirinkim\u0105 kiekvienam lygiui \u2013 tavo padelio parduotuv\u0117.\" \/>\n<meta property=\"og:url\" content=\"https:\/\/padelhaus.mustlammas-dev.in\/lt\/parduotuve\/siux-trilogy-5-go-2025\/\" \/>\n<meta property=\"og:site_name\" content=\"Padelhaus\" \/>\n<meta property=\"article:modified_time\" content=\"2026-01-28T15:38:30+00:00\" \/>\n<meta property=\"og:image\" content=\"https:\/\/padel-haus.lt\/wp-content\/uploads\/2026\/01\/18.webp\" \/>\n\t<meta property=\"og:image:width\" content=\"1000\" \/>\n\t<meta property=\"og:image:height\" content=\"1000\" \/>\n\t<meta property=\"og:image:type\" content=\"image\/webp\" \/>\n<meta name=\"twitter:card\" content=\"summary_large_image\" \/>\n<meta name=\"twitter:label1\" content=\"Price\" \/>\n\t<meta name=\"twitter:data1\" content=\"89,95&nbsp;&euro;\" \/>\n\t<meta name=\"twitter:label2\" content=\"Availability\" \/>\n\t<meta name=\"twitter:data2\" content=\"In stock\" \/>\n<script type=\"application\/ld+json\" class=\"yoast-schema-graph\">{\"@context\":\"https:\/\/schema.org\",\"@graph\":[{\"@type\":[\"WebPage\",\"ItemPage\"],\"@id\":\"https:\/\/padelhaus.mustlammas-dev.in\/lt\/parduotuve\/siux-trilogy-5-go-2025\/\",\"url\":\"https:\/\/padelhaus.mustlammas-dev.in\/lt\/parduotuve\/siux-trilogy-5-go-2025\/\",\"name\":\"Siux Trilogy 5 Go 2025 | Padelhaus\",\"isPartOf\":{\"@id\":\"https:\/\/padelhaus.mustlammas-dev.in\/lt\/#website\"},\"primaryImageOfPage\":{\"@id\":\"https:\/\/padelhaus.mustlammas-dev.in\/lt\/parduotuve\/siux-trilogy-5-go-2025\/#primaryimage\"},\"image\":{\"@id\":\"https:\/\/padelhaus.mustlammas-dev.in\/lt\/parduotuve\/siux-trilogy-5-go-2025\/#primaryimage\"},\"thumbnailUrl\":\"https:\/\/padelhaus.mustlammas-dev.in\/wp-content\/uploads\/2026\/01\/18.webp\",\"datePublished\":\"2026-01-21T13:16:56+00:00\",\"dateModified\":\"2026-01-28T15:38:30+00:00\",\"description\":\"Ie\u0161kai naujos padelio raket\u0117s gera kaina? Padelhaus si\u016blo geriausi\u0105 padelio rake\u010di\u0173 pasirinkim\u0105 kiekvienam lygiui \u2013 tavo padelio parduotuv\u0117.\",\"breadcrumb\":{\"@id\":\"https:\/\/padelhaus.mustlammas-dev.in\/lt\/parduotuve\/siux-trilogy-5-go-2025\/#breadcrumb\"},\"inLanguage\":\"lt-LT\",\"potentialAction\":[{\"@type\":\"ReadAction\",\"target\":[\"https:\/\/padelhaus.mustlammas-dev.in\/lt\/parduotuve\/siux-trilogy-5-go-2025\/\"]}]},{\"@type\":\"ImageObject\",\"inLanguage\":\"lt-LT\",\"@id\":\"https:\/\/padelhaus.mustlammas-dev.in\/lt\/parduotuve\/siux-trilogy-5-go-2025\/#primaryimage\",\"url\":\"https:\/\/padelhaus.mustlammas-dev.in\/wp-content\/uploads\/2026\/01\/18.webp\",\"contentUrl\":\"https:\/\/padelhaus.mustlammas-dev.in\/wp-content\/uploads\/2026\/01\/18.webp\",\"width\":1000,\"height\":1000},{\"@type\":\"BreadcrumbList\",\"@id\":\"https:\/\/padelhaus.mustlammas-dev.in\/lt\/parduotuve\/siux-trilogy-5-go-2025\/#breadcrumb\",\"itemListElement\":[{\"@type\":\"ListItem\",\"position\":1,\"name\":\"Prad\u017eia\",\"item\":\"https:\/\/padel-haus.lt\/\"},{\"@type\":\"ListItem\",\"position\":2,\"name\":\"Parduotuv\u0117\",\"item\":\"https:\/\/padel-haus.lt\/parduotuve\/\"},{\"@type\":\"ListItem\",\"position\":3,\"name\":\"Siux Trilogy 5 Go 2025\"}]},{\"@type\":\"WebSite\",\"@id\":\"https:\/\/padelhaus.mustlammas-dev.in\/lt\/#website\",\"url\":\"https:\/\/padelhaus.mustlammas-dev.in\/lt\/\",\"name\":\"Claude Padelhaus\",\"description\":\"Sinu padelivarustuse kodu\",\"publisher\":{\"@id\":\"https:\/\/padelhaus.mustlammas-dev.in\/lt\/#organization\"},\"potentialAction\":[{\"@type\":\"SearchAction\",\"target\":{\"@type\":\"EntryPoint\",\"urlTemplate\":\"https:\/\/padelhaus.mustlammas-dev.in\/lt\/?s={search_term_string}\"},\"query-input\":{\"@type\":\"PropertyValueSpecification\",\"valueRequired\":true,\"valueName\":\"search_term_string\"}}],\"inLanguage\":\"lt-LT\"},{\"@type\":\"Organization\",\"@id\":\"https:\/\/padelhaus.mustlammas-dev.in\/lt\/#organization\",\"name\":\"Claude Padelhaus\",\"url\":\"https:\/\/padelhaus.mustlammas-dev.in\/lt\/\",\"logo\":{\"@type\":\"ImageObject\",\"inLanguage\":\"lt-LT\",\"@id\":\"https:\/\/padelhaus.mustlammas-dev.in\/lt\/#\/schema\/logo\/image\/\",\"url\":\"https:\/\/padelhaus.mustlammas-dev.in\/wp-content\/uploads\/2025\/05\/Logo-1.png\",\"contentUrl\":\"https:\/\/padelhaus.mustlammas-dev.in\/wp-content\/uploads\/2025\/05\/Logo-1.png\",\"width\":280,\"height\":115,\"caption\":\"Claude Padelhaus\"},\"image\":{\"@id\":\"https:\/\/padelhaus.mustlammas-dev.in\/lt\/#\/schema\/logo\/image\/\"}}]}<\/script>\n<meta property=\"product:price:amount\" content=\"89.95\" \/>\n<meta property=\"product:price:currency\" content=\"EUR\" \/>\n<meta property=\"og:availability\" content=\"instock\" \/>\n<meta property=\"product:availability\" content=\"instock\" \/>\n<meta property=\"product:retailer_item_id\" content=\"SIU-R-25\" \/>\n<meta property=\"product:condition\" content=\"new\" \/>\n<!-- \/ Yoast SEO Premium plugin. -->","yoast_head_json":{"title":"Siux Trilogy 5 Go 2025 | Padelhaus","description":"Ie\u0161kai naujos padelio raket\u0117s gera kaina? Padelhaus si\u016blo geriausi\u0105 padelio rake\u010di\u0173 pasirinkim\u0105 kiekvienam lygiui \u2013 tavo padelio parduotuv\u0117.","robots":{"index":"noindex","follow":"follow","max-snippet":"max-snippet:-1","max-image-preview":"max-image-preview:large","max-video-preview":"max-video-preview:-1"},"og_locale":"lt_LT","og_type":"article","og_title":"Siux Trilogy 5 Go 2025","og_description":"Ie\u0161kai naujos padelio raket\u0117s gera kaina? Padelhaus si\u016blo geriausi\u0105 padelio rake\u010di\u0173 pasirinkim\u0105 kiekvienam lygiui \u2013 tavo padelio parduotuv\u0117.","og_url":"https:\/\/padelhaus.mustlammas-dev.in\/lt\/parduotuve\/siux-trilogy-5-go-2025\/","og_site_name":"Padelhaus","article_modified_time":"2026-01-28T15:38:30+00:00","og_image":[{"width":1000,"height":1000,"url":"https:\/\/padel-haus.lt\/wp-content\/uploads\/2026\/01\/18.webp","type":"image\/webp"}],"twitter_card":"summary_large_image","twitter_misc":{"Price":"89,95&nbsp;&euro;","Availability":"In stock"},"schema":{"@context":"https:\/\/schema.org","@graph":[{"@type":["WebPage","ItemPage"],"@id":"https:\/\/padelhaus.mustlammas-dev.in\/lt\/parduotuve\/siux-trilogy-5-go-2025\/","url":"https:\/\/padelhaus.mustlammas-dev.in\/lt\/parduotuve\/siux-trilogy-5-go-2025\/","name":"Siux Trilogy 5 Go 2025 | Padelhaus","isPartOf":{"@id":"https:\/\/padelhaus.mustlammas-dev.in\/lt\/#website"},"primaryImageOfPage":{"@id":"https:\/\/padelhaus.mustlammas-dev.in\/lt\/parduotuve\/siux-trilogy-5-go-2025\/#primaryimage"},"image":{"@id":"https:\/\/padelhaus.mustlammas-dev.in\/lt\/parduotuve\/siux-trilogy-5-go-2025\/#primaryimage"},"thumbnailUrl":"https:\/\/padelhaus.mustlammas-dev.in\/wp-content\/uploads\/2026\/01\/18.webp","datePublished":"2026-01-21T13:16:56+00:00","dateModified":"2026-01-28T15:38:30+00:00","description":"Ie\u0161kai naujos padelio raket\u0117s gera kaina? Padelhaus si\u016blo geriausi\u0105 padelio rake\u010di\u0173 pasirinkim\u0105 kiekvienam lygiui \u2013 tavo padelio parduotuv\u0117.","breadcrumb":{"@id":"https:\/\/padelhaus.mustlammas-dev.in\/lt\/parduotuve\/siux-trilogy-5-go-2025\/#breadcrumb"},"inLanguage":"lt-LT","potentialAction":[{"@type":"ReadAction","target":["https:\/\/padelhaus.mustlammas-dev.in\/lt\/parduotuve\/siux-trilogy-5-go-2025\/"]}]},{"@type":"ImageObject","inLanguage":"lt-LT","@id":"https:\/\/padelhaus.mustlammas-dev.in\/lt\/parduotuve\/siux-trilogy-5-go-2025\/#primaryimage","url":"https:\/\/padelhaus.mustlammas-dev.in\/wp-content\/uploads\/2026\/01\/18.webp","contentUrl":"https:\/\/padelhaus.mustlammas-dev.in\/wp-content\/uploads\/2026\/01\/18.webp","width":1000,"height":1000},{"@type":"BreadcrumbList","@id":"https:\/\/padelhaus.mustlammas-dev.in\/lt\/parduotuve\/siux-trilogy-5-go-2025\/#breadcrumb","itemListElement":[{"@type":"ListItem","position":1,"name":"Prad\u017eia","item":"https:\/\/padel-haus.lt\/"},{"@type":"ListItem","position":2,"name":"Parduotuv\u0117","item":"https:\/\/padel-haus.lt\/parduotuve\/"},{"@type":"ListItem","position":3,"name":"Siux Trilogy 5 Go 2025"}]},{"@type":"WebSite","@id":"https:\/\/padelhaus.mustlammas-dev.in\/lt\/#website","url":"https:\/\/padelhaus.mustlammas-dev.in\/lt\/","name":"Claude Padelhaus","description":"Sinu padelivarustuse kodu","publisher":{"@id":"https:\/\/padelhaus.mustlammas-dev.in\/lt\/#organization"},"potentialAction":[{"@type":"SearchAction","target":{"@type":"EntryPoint","urlTemplate":"https:\/\/padelhaus.mustlammas-dev.in\/lt\/?s={search_term_string}"},"query-input":{"@type":"PropertyValueSpecification","valueRequired":true,"valueName":"search_term_string"}}],"inLanguage":"lt-LT"},{"@type":"Organization","@id":"https:\/\/padelhaus.mustlammas-dev.in\/lt\/#organization","name":"Claude Padelhaus","url":"https:\/\/padelhaus.mustlammas-dev.in\/lt\/","logo":{"@type":"ImageObject","inLanguage":"lt-LT","@id":"https:\/\/padelhaus.mustlammas-dev.in\/lt\/#\/schema\/logo\/image\/","url":"https:\/\/padelhaus.mustlammas-dev.in\/wp-content\/uploads\/2025\/05\/Logo-1.png","contentUrl":"https:\/\/padelhaus.mustlammas-dev.in\/wp-content\/uploads\/2025\/05\/Logo-1.png","width":280,"height":115,"caption":"Claude Padelhaus"},"image":{"@id":"https:\/\/padelhaus.mustlammas-dev.in\/lt\/#\/schema\/logo\/image\/"}}]},"product_price_amount":"89.95","product_price_currency":"EUR","og_availability":"instock","product_availability":"instock","product_retailer_item_id":"SIU-R-25","product_condition":"new"},"_links":{"self":[{"href":"https:\/\/padelhaus.mustlammas-dev.in\/lt\/wp-json\/wp\/v2\/product\/69521","targetHints":{"allow":["GET"]}}],"collection":[{"href":"https:\/\/padelhaus.mustlammas-dev.in\/lt\/wp-json\/wp\/v2\/product"}],"about":[{"href":"https:\/\/padelhaus.mustlammas-dev.in\/lt\/wp-json\/wp\/v2\/types\/product"}],"replies":[{"embeddable":true,"href":"https:\/\/padelhaus.mustlammas-dev.in\/lt\/wp-json\/wp\/v2\/comments?post=69521"}],"wp:featuredmedia":[{"embeddable":true,"href":"https:\/\/padelhaus.mustlammas-dev.in\/lt\/wp-json\/wp\/v2\/media\/69522"}],"wp:attachment":[{"href":"https:\/\/padelhaus.mustlammas-dev.in\/lt\/wp-json\/wp\/v2\/media?parent=69521"}],"wp:term":[{"taxonomy":"product_brand","embeddable":true,"href":"https:\/\/padelhaus.mustlammas-dev.in\/lt\/wp-json\/wp\/v2\/product_brand?post=69521"},{"taxonomy":"product_cat","embeddable":true,"href":"https:\/\/padelhaus.mustlammas-dev.in\/lt\/wp-json\/wp\/v2\/product_cat?post=69521"},{"taxonomy":"product_tag","embeddable":true,"href":"https:\/\/padelhaus.mustlammas-dev.in\/lt\/wp-json\/wp\/v2\/product_tag?post=69521"}],"curies":[{"name":"wp","href":"https:\/\/api.w.org\/{rel}","templated":true}]}}