{"id":69546,"date":"2026-01-21T14:50:55","date_gmt":"2026-01-21T12:50:55","guid":{"rendered":"https:\/\/padelhaus.mustlammas-dev.in\/pood\/adidas-metalbone-team-light-3-5-2026\/"},"modified":"2026-03-10T02:05:35","modified_gmt":"2026-03-10T00:05:35","slug":"adidas-metalbone-team-light-3-5-2026","status":"publish","type":"product","link":"https:\/\/padelhaus.mustlammas-dev.in\/lt\/parduotuve\/adidas-metalbone-team-light-3-5-2026\/","title":{"rendered":"Adidas Metalbone Team Light 3.5 2026"},"content":{"rendered":"<p class=\"p1\">\n<h4><b>Adidas Metalbone Team Light 2026 \u2013 valdoma galia<\/b><\/h4>\n<p>&nbsp;<\/p>\n<p class=\"p3\"><span class=\"s2\"><b>Adidas Metalbone Team Light 2026<\/b><\/span> jungia i\u0161mani\u0105 gali\u0105, tiksl\u0173 valdym\u0105 ir i\u0161skirtin\u012f manevringum\u0105 d\u0117l savo <span class=\"s2\"><b>lengvos konstrukcijos (345\u2013360 g)<\/b><\/span>. Raket\u0117s <span class=\"s2\"><b>apvali forma<\/b><\/span> ir <span class=\"s2\"><b>vidutinis balansas<\/b><\/span> u\u017etikrina stabilum\u0105 ir tikslum\u0105 kiekviename sm\u016bgyje, o <span class=\"s2\"><b>plati sm\u016bgio zona<\/b><\/span> padeda u\u017etikrintai \u017eaisti tiek gynyboje, tiek puolime. <\/p>\n<p class=\"p1\">\n<h4><b>Dizainas ir med\u017eiagos<\/b><\/h4>\n<p>&nbsp;<\/p>\n<p class=\"p3\">Raket\u0117 sukurta su <span class=\"s2\"><b>EVA Soft Performance<\/b><\/span> gumos \u0161erdimi ir <span class=\"s2\"><b>stiklo pluo\u0161to pavir\u0161iais<\/b><\/span>, suteikiant mink\u0161t\u0105 ir patog\u0173 poj\u016bt\u012f bei skland\u0173 kamuoliuko i\u0161mu\u0161im\u0105, neprarandant reikiamo standumo lemiamiems sm\u016bgiams.<\/p>\n<p class=\"p3\">Be to, integruotos auk\u0161\u010diausios klas\u0117s technologijos, tokios kaip <span class=\"s2\"><b>Octagonal Structure<\/b><\/span> r\u0117me ir <span class=\"s2\"><b>Low Poly<\/b><\/span> dizainas strategin\u0117se srityse, kurios u\u017etikrina didesn\u012f standum\u0105, stabilum\u0105 ir profesional\u0173 na\u0161um\u0105.<\/p>\n<p class=\"p1\">\n<h4><b>Pa\u017eengusiam \u017eaid\u0117jui, ie\u0161kan\u010diam kontrol\u0117s ir dinamikos<\/b><\/h4>\n<p>&nbsp;<\/p>\n<p class=\"p3\">\u0160i lengva Adidas raket\u0117 skirta <span class=\"s2\"><b>pa\u017eengusiems \u017eaid\u0117jams<\/b><\/span>, kurie nori lengvos raket\u0117s, bet tuo pa\u010diu tikisi galingo atsako lemiamais \u017eaidimo momentais.<\/p>\n<p class=\"p3\">Metalbone Team Light 2026 tinka \u017eaid\u0117jui, kuris pirmenyb\u0119 teikia <span class=\"s2\"><b>kontrolei ir tikslumui<\/b><\/span>, bet nenori atsisakyti galingo atakos sm\u016bgio, kai atsiranda galimyb\u0117.<\/p>\n<p class=\"p3\"><span class=\"s2\"><b>Power Extra Grip<\/b><\/span> \u2013 ilgesn\u0117 rankena \u2013 pagerina valdym\u0105 atliekant sm\u016bgius \u201esmash\u201c ir sukimus, suteikdama didesn\u012f svert\u0105 grei\u010diui ir j\u0117gai generuoti.<\/p>\n<p class=\"p3\">Jei nori maksimaliai padidinti savo jud\u0117jim\u0105, pagerinti reakcij\u0105 ir i\u0161laikyti komfort\u0105 viso \u017eaidimo metu, \u0161i raket\u0117 sukurta b\u016btent tau.<\/p>\n<p class=\"p1\">\n<h4><b>Pagrindin\u0117s savyb\u0117s ir technologijos<\/b><\/h4>\n<p class=\"p1\">\n<ul>\n<li>\n<p class=\"p1\"><span class=\"s1\"><b>Octagonal Structure<\/b><\/span> \u2013 anglies pluo\u0161to vamzdinis r\u0117mas, kuris padidina standum\u0105 ir suma\u017eina sukimosi deformacij\u0105 atliekant stiprius sm\u016bgius.<\/p>\n<\/li>\n<li>\n<p class=\"p1\"><span class=\"s1\"><b>Low Poly Design<\/b><\/span> \u2013 daugiakamp\u0117 forma r\u0117me ir \u0161erdyje, kuri optimizuoja j\u0117gos paskirstym\u0105 ir pagerina stabilum\u0105.<\/p>\n<\/li>\n<li>\n<p class=\"p1\"><span class=\"s1\"><b>Power Extra Grip<\/b><\/span> \u2013 ilgesn\u0117 rankena didesnei j\u0117gai ir tikslumui pasiekti atliekant atakos sm\u016bgius.<\/p>\n<\/li>\n<li>\n<p class=\"p1\"><span class=\"s1\"><b>Spin Blade Gritt<\/b><\/span> \u2013 \u0161iurk\u0161tus sm\u016bgio pavir\u0161ius, kuris leid\u017eia geriau sukti kamuoliuk\u0105 ir j\u012f kontroliuoti.<\/p>\n<\/li>\n<li>\n<p class=\"p1\"><span class=\"s1\"><b>Smart Holes Curve<\/b><\/span> \u2013 strateginis skyli\u0173 i\u0161d\u0117stymas, kuris praple\u010dia sm\u016bgio zon\u0105 ir pagerina ilgaam\u017ei\u0161kum\u0105.<\/p>\n<\/li>\n<li>\n<p class=\"p1\"><span class=\"s1\"><b>Med\u017eiagos:<\/b><\/span> EVA Soft Performance guma ir stiklo pluo\u0161tas \u2013 maksimalus komfortas, geras kamuoliuko i\u0161mu\u0161imas ir vibracij\u0173 slopinimas.<\/p>\n<\/li>\n<\/ul>\n<p class=\"p1\">\n<h4><b>Lengva, tiksli ir profesionaliai reaguojanti<\/b><\/h4>\n<p>&nbsp;<\/p>\n<p class=\"p3\">Adidas Metalbone Team Light 2026 yra idealus pasirinkimas \u017eaid\u0117jui, kuris ie\u0161ko <span class=\"s2\"><b>lengvos, \u012f kontrol\u0119 orientuotos ir technologi\u0161kai pa\u017eangios<\/b><\/span> raket\u0117s, kuri prireikus gali pasi\u016blyti ir j\u0117gos.<\/p>\n","protected":false},"excerpt":{"rendered":"<p>Adidas Metalbone Team Light 2026 \u2013 valdoma galia &nbsp; Adidas Metalbone Team Light 2026 jungia i\u0161mani\u0105 gali\u0105, tiksl\u0173 valdym\u0105 ir i\u0161skirtin\u012f manevringum\u0105 d\u0117l savo lengvos konstrukcijos (345\u2013360 g). Raket\u0117s apvali forma ir vidutinis balansas u\u017etikrina stabilum\u0105 ir tikslum\u0105 kiekviename sm\u016bgyje, o plati sm\u016bgio zona padeda u\u017etikrintai \u017eaisti tiek gynyboje, tiek puolime. Dizainas ir med\u017eiagos &nbsp; [&hellip;]<\/p>\n","protected":false},"featured_media":69547,"comment_status":"open","ping_status":"closed","template":"","meta":{"_eb_attr":""},"product_brand":[381],"product_cat":[395,328,252,341],"product_tag":[],"class_list":{"0":"post-69546","1":"product","2":"type-product","3":"status-publish","4":"has-post-thumbnail","6":"product_brand-adidas","7":"product_cat-adidas","8":"product_cat-moterys","9":"product_cat-padelio-raketes","10":"product_cat-vidutinis-lygis","11":"pa_kaal-345-360g","12":"pa_kuju-apvali","13":"pa_mangustiil-kontrole","14":"pa_tasakaal-zema","15":"pa_tase-vidutinis-lygis","16":"pa_varv-balta","17":"pa_varv-juoda","18":"pa_varv-oranzine","21":"first","22":"instock","23":"sale","24":"featured","25":"taxable","26":"shipping-taxable","27":"purchasable","28":"product-type-simple"},"yoast_head":"<!-- This site is optimized with the Yoast SEO Premium plugin v27.1 (Yoast SEO v27.1.1) - https:\/\/yoast.com\/product\/yoast-seo-premium-wordpress\/ -->\n<title>Adidas Metalbone Team Light 3.5 2026 | Padelhaus<\/title>\n<meta name=\"description\" content=\"Ie\u0161kai naujos padelio raket\u0117s gera kaina? Padelhaus si\u016blo geriausi\u0105 padelio rake\u010di\u0173 pasirinkim\u0105 kiekvienam lygiui \u2013 tavo padelio parduotuv\u0117.\" \/>\n<meta name=\"robots\" content=\"noindex, follow, max-snippet:-1, max-image-preview:large, max-video-preview:-1\" \/>\n<meta property=\"og:locale\" content=\"lt_LT\" \/>\n<meta property=\"og:type\" content=\"article\" \/>\n<meta property=\"og:title\" content=\"Adidas Metalbone Team Light 3.5 2026\" \/>\n<meta property=\"og:description\" content=\"Ie\u0161kai naujos padelio raket\u0117s gera kaina? Padelhaus si\u016blo geriausi\u0105 padelio rake\u010di\u0173 pasirinkim\u0105 kiekvienam lygiui \u2013 tavo padelio parduotuv\u0117.\" \/>\n<meta property=\"og:url\" content=\"https:\/\/padelhaus.mustlammas-dev.in\/lt\/parduotuve\/adidas-metalbone-team-light-3-5-2026\/\" \/>\n<meta property=\"og:site_name\" content=\"Padelhaus\" \/>\n<meta property=\"article:modified_time\" content=\"2026-03-10T00:05:35+00:00\" \/>\n<meta property=\"og:image\" content=\"https:\/\/padel-haus.lt\/wp-content\/uploads\/2026\/01\/1-3.webp\" \/>\n\t<meta property=\"og:image:width\" content=\"1000\" \/>\n\t<meta property=\"og:image:height\" content=\"1000\" \/>\n\t<meta property=\"og:image:type\" content=\"image\/webp\" \/>\n<meta name=\"twitter:card\" content=\"summary_large_image\" \/>\n<meta name=\"twitter:label1\" content=\"Price\" \/>\n\t<meta name=\"twitter:data1\" content=\"179,95&nbsp;&euro;\" \/>\n\t<meta name=\"twitter:label2\" content=\"Availability\" \/>\n\t<meta name=\"twitter:data2\" content=\"In stock\" \/>\n<script type=\"application\/ld+json\" class=\"yoast-schema-graph\">{\"@context\":\"https:\/\/schema.org\",\"@graph\":[{\"@type\":[\"WebPage\",\"ItemPage\"],\"@id\":\"https:\/\/padelhaus.mustlammas-dev.in\/lt\/parduotuve\/adidas-metalbone-team-light-3-5-2026\/\",\"url\":\"https:\/\/padelhaus.mustlammas-dev.in\/lt\/parduotuve\/adidas-metalbone-team-light-3-5-2026\/\",\"name\":\"Adidas Metalbone Team Light 3.5 2026 | Padelhaus\",\"isPartOf\":{\"@id\":\"https:\/\/padelhaus.mustlammas-dev.in\/lt\/#website\"},\"primaryImageOfPage\":{\"@id\":\"https:\/\/padelhaus.mustlammas-dev.in\/lt\/parduotuve\/adidas-metalbone-team-light-3-5-2026\/#primaryimage\"},\"image\":{\"@id\":\"https:\/\/padelhaus.mustlammas-dev.in\/lt\/parduotuve\/adidas-metalbone-team-light-3-5-2026\/#primaryimage\"},\"thumbnailUrl\":\"https:\/\/padelhaus.mustlammas-dev.in\/wp-content\/uploads\/2026\/01\/1-3.webp\",\"datePublished\":\"2026-01-21T12:50:55+00:00\",\"dateModified\":\"2026-03-10T00:05:35+00:00\",\"description\":\"Ie\u0161kai naujos padelio raket\u0117s gera kaina? Padelhaus si\u016blo geriausi\u0105 padelio rake\u010di\u0173 pasirinkim\u0105 kiekvienam lygiui \u2013 tavo padelio parduotuv\u0117.\",\"breadcrumb\":{\"@id\":\"https:\/\/padelhaus.mustlammas-dev.in\/lt\/parduotuve\/adidas-metalbone-team-light-3-5-2026\/#breadcrumb\"},\"inLanguage\":\"lt-LT\",\"potentialAction\":[{\"@type\":\"ReadAction\",\"target\":[\"https:\/\/padelhaus.mustlammas-dev.in\/lt\/parduotuve\/adidas-metalbone-team-light-3-5-2026\/\"]}]},{\"@type\":\"ImageObject\",\"inLanguage\":\"lt-LT\",\"@id\":\"https:\/\/padelhaus.mustlammas-dev.in\/lt\/parduotuve\/adidas-metalbone-team-light-3-5-2026\/#primaryimage\",\"url\":\"https:\/\/padelhaus.mustlammas-dev.in\/wp-content\/uploads\/2026\/01\/1-3.webp\",\"contentUrl\":\"https:\/\/padelhaus.mustlammas-dev.in\/wp-content\/uploads\/2026\/01\/1-3.webp\",\"width\":1000,\"height\":1000},{\"@type\":\"BreadcrumbList\",\"@id\":\"https:\/\/padelhaus.mustlammas-dev.in\/lt\/parduotuve\/adidas-metalbone-team-light-3-5-2026\/#breadcrumb\",\"itemListElement\":[{\"@type\":\"ListItem\",\"position\":1,\"name\":\"Prad\u017eia\",\"item\":\"https:\/\/padel-haus.lt\/\"},{\"@type\":\"ListItem\",\"position\":2,\"name\":\"Parduotuv\u0117\",\"item\":\"https:\/\/padel-haus.lt\/parduotuve\/\"},{\"@type\":\"ListItem\",\"position\":3,\"name\":\"Adidas Metalbone Team Light 3.5 2026\"}]},{\"@type\":\"WebSite\",\"@id\":\"https:\/\/padelhaus.mustlammas-dev.in\/lt\/#website\",\"url\":\"https:\/\/padelhaus.mustlammas-dev.in\/lt\/\",\"name\":\"Claude Padelhaus\",\"description\":\"Sinu padelivarustuse kodu\",\"publisher\":{\"@id\":\"https:\/\/padelhaus.mustlammas-dev.in\/lt\/#organization\"},\"potentialAction\":[{\"@type\":\"SearchAction\",\"target\":{\"@type\":\"EntryPoint\",\"urlTemplate\":\"https:\/\/padelhaus.mustlammas-dev.in\/lt\/?s={search_term_string}\"},\"query-input\":{\"@type\":\"PropertyValueSpecification\",\"valueRequired\":true,\"valueName\":\"search_term_string\"}}],\"inLanguage\":\"lt-LT\"},{\"@type\":\"Organization\",\"@id\":\"https:\/\/padelhaus.mustlammas-dev.in\/lt\/#organization\",\"name\":\"Claude Padelhaus\",\"url\":\"https:\/\/padelhaus.mustlammas-dev.in\/lt\/\",\"logo\":{\"@type\":\"ImageObject\",\"inLanguage\":\"lt-LT\",\"@id\":\"https:\/\/padelhaus.mustlammas-dev.in\/lt\/#\/schema\/logo\/image\/\",\"url\":\"https:\/\/padelhaus.mustlammas-dev.in\/wp-content\/uploads\/2025\/05\/Logo-1.png\",\"contentUrl\":\"https:\/\/padelhaus.mustlammas-dev.in\/wp-content\/uploads\/2025\/05\/Logo-1.png\",\"width\":280,\"height\":115,\"caption\":\"Claude Padelhaus\"},\"image\":{\"@id\":\"https:\/\/padelhaus.mustlammas-dev.in\/lt\/#\/schema\/logo\/image\/\"}}]}<\/script>\n<meta property=\"product:price:amount\" content=\"179.95\" \/>\n<meta property=\"product:price:currency\" content=\"EUR\" \/>\n<meta property=\"og:availability\" content=\"instock\" \/>\n<meta property=\"product:availability\" content=\"instock\" \/>\n<meta property=\"product:retailer_item_id\" content=\"ADI-R-47\" \/>\n<meta property=\"product:condition\" content=\"new\" \/>\n<!-- \/ Yoast SEO Premium plugin. -->","yoast_head_json":{"title":"Adidas Metalbone Team Light 3.5 2026 | Padelhaus","description":"Ie\u0161kai naujos padelio raket\u0117s gera kaina? Padelhaus si\u016blo geriausi\u0105 padelio rake\u010di\u0173 pasirinkim\u0105 kiekvienam lygiui \u2013 tavo padelio parduotuv\u0117.","robots":{"index":"noindex","follow":"follow","max-snippet":"max-snippet:-1","max-image-preview":"max-image-preview:large","max-video-preview":"max-video-preview:-1"},"og_locale":"lt_LT","og_type":"article","og_title":"Adidas Metalbone Team Light 3.5 2026","og_description":"Ie\u0161kai naujos padelio raket\u0117s gera kaina? Padelhaus si\u016blo geriausi\u0105 padelio rake\u010di\u0173 pasirinkim\u0105 kiekvienam lygiui \u2013 tavo padelio parduotuv\u0117.","og_url":"https:\/\/padelhaus.mustlammas-dev.in\/lt\/parduotuve\/adidas-metalbone-team-light-3-5-2026\/","og_site_name":"Padelhaus","article_modified_time":"2026-03-10T00:05:35+00:00","og_image":[{"width":1000,"height":1000,"url":"https:\/\/padel-haus.lt\/wp-content\/uploads\/2026\/01\/1-3.webp","type":"image\/webp"}],"twitter_card":"summary_large_image","twitter_misc":{"Price":"179,95&nbsp;&euro;","Availability":"In stock"},"schema":{"@context":"https:\/\/schema.org","@graph":[{"@type":["WebPage","ItemPage"],"@id":"https:\/\/padelhaus.mustlammas-dev.in\/lt\/parduotuve\/adidas-metalbone-team-light-3-5-2026\/","url":"https:\/\/padelhaus.mustlammas-dev.in\/lt\/parduotuve\/adidas-metalbone-team-light-3-5-2026\/","name":"Adidas Metalbone Team Light 3.5 2026 | Padelhaus","isPartOf":{"@id":"https:\/\/padelhaus.mustlammas-dev.in\/lt\/#website"},"primaryImageOfPage":{"@id":"https:\/\/padelhaus.mustlammas-dev.in\/lt\/parduotuve\/adidas-metalbone-team-light-3-5-2026\/#primaryimage"},"image":{"@id":"https:\/\/padelhaus.mustlammas-dev.in\/lt\/parduotuve\/adidas-metalbone-team-light-3-5-2026\/#primaryimage"},"thumbnailUrl":"https:\/\/padelhaus.mustlammas-dev.in\/wp-content\/uploads\/2026\/01\/1-3.webp","datePublished":"2026-01-21T12:50:55+00:00","dateModified":"2026-03-10T00:05:35+00:00","description":"Ie\u0161kai naujos padelio raket\u0117s gera kaina? Padelhaus si\u016blo geriausi\u0105 padelio rake\u010di\u0173 pasirinkim\u0105 kiekvienam lygiui \u2013 tavo padelio parduotuv\u0117.","breadcrumb":{"@id":"https:\/\/padelhaus.mustlammas-dev.in\/lt\/parduotuve\/adidas-metalbone-team-light-3-5-2026\/#breadcrumb"},"inLanguage":"lt-LT","potentialAction":[{"@type":"ReadAction","target":["https:\/\/padelhaus.mustlammas-dev.in\/lt\/parduotuve\/adidas-metalbone-team-light-3-5-2026\/"]}]},{"@type":"ImageObject","inLanguage":"lt-LT","@id":"https:\/\/padelhaus.mustlammas-dev.in\/lt\/parduotuve\/adidas-metalbone-team-light-3-5-2026\/#primaryimage","url":"https:\/\/padelhaus.mustlammas-dev.in\/wp-content\/uploads\/2026\/01\/1-3.webp","contentUrl":"https:\/\/padelhaus.mustlammas-dev.in\/wp-content\/uploads\/2026\/01\/1-3.webp","width":1000,"height":1000},{"@type":"BreadcrumbList","@id":"https:\/\/padelhaus.mustlammas-dev.in\/lt\/parduotuve\/adidas-metalbone-team-light-3-5-2026\/#breadcrumb","itemListElement":[{"@type":"ListItem","position":1,"name":"Prad\u017eia","item":"https:\/\/padel-haus.lt\/"},{"@type":"ListItem","position":2,"name":"Parduotuv\u0117","item":"https:\/\/padel-haus.lt\/parduotuve\/"},{"@type":"ListItem","position":3,"name":"Adidas Metalbone Team Light 3.5 2026"}]},{"@type":"WebSite","@id":"https:\/\/padelhaus.mustlammas-dev.in\/lt\/#website","url":"https:\/\/padelhaus.mustlammas-dev.in\/lt\/","name":"Claude Padelhaus","description":"Sinu padelivarustuse kodu","publisher":{"@id":"https:\/\/padelhaus.mustlammas-dev.in\/lt\/#organization"},"potentialAction":[{"@type":"SearchAction","target":{"@type":"EntryPoint","urlTemplate":"https:\/\/padelhaus.mustlammas-dev.in\/lt\/?s={search_term_string}"},"query-input":{"@type":"PropertyValueSpecification","valueRequired":true,"valueName":"search_term_string"}}],"inLanguage":"lt-LT"},{"@type":"Organization","@id":"https:\/\/padelhaus.mustlammas-dev.in\/lt\/#organization","name":"Claude Padelhaus","url":"https:\/\/padelhaus.mustlammas-dev.in\/lt\/","logo":{"@type":"ImageObject","inLanguage":"lt-LT","@id":"https:\/\/padelhaus.mustlammas-dev.in\/lt\/#\/schema\/logo\/image\/","url":"https:\/\/padelhaus.mustlammas-dev.in\/wp-content\/uploads\/2025\/05\/Logo-1.png","contentUrl":"https:\/\/padelhaus.mustlammas-dev.in\/wp-content\/uploads\/2025\/05\/Logo-1.png","width":280,"height":115,"caption":"Claude Padelhaus"},"image":{"@id":"https:\/\/padelhaus.mustlammas-dev.in\/lt\/#\/schema\/logo\/image\/"}}]},"product_price_amount":"179.95","product_price_currency":"EUR","og_availability":"instock","product_availability":"instock","product_retailer_item_id":"ADI-R-47","product_condition":"new"},"_links":{"self":[{"href":"https:\/\/padelhaus.mustlammas-dev.in\/lt\/wp-json\/wp\/v2\/product\/69546","targetHints":{"allow":["GET"]}}],"collection":[{"href":"https:\/\/padelhaus.mustlammas-dev.in\/lt\/wp-json\/wp\/v2\/product"}],"about":[{"href":"https:\/\/padelhaus.mustlammas-dev.in\/lt\/wp-json\/wp\/v2\/types\/product"}],"replies":[{"embeddable":true,"href":"https:\/\/padelhaus.mustlammas-dev.in\/lt\/wp-json\/wp\/v2\/comments?post=69546"}],"wp:featuredmedia":[{"embeddable":true,"href":"https:\/\/padelhaus.mustlammas-dev.in\/lt\/wp-json\/wp\/v2\/media\/69547"}],"wp:attachment":[{"href":"https:\/\/padelhaus.mustlammas-dev.in\/lt\/wp-json\/wp\/v2\/media?parent=69546"}],"wp:term":[{"taxonomy":"product_brand","embeddable":true,"href":"https:\/\/padelhaus.mustlammas-dev.in\/lt\/wp-json\/wp\/v2\/product_brand?post=69546"},{"taxonomy":"product_cat","embeddable":true,"href":"https:\/\/padelhaus.mustlammas-dev.in\/lt\/wp-json\/wp\/v2\/product_cat?post=69546"},{"taxonomy":"product_tag","embeddable":true,"href":"https:\/\/padelhaus.mustlammas-dev.in\/lt\/wp-json\/wp\/v2\/product_tag?post=69546"}],"curies":[{"name":"wp","href":"https:\/\/api.w.org\/{rel}","templated":true}]}}