{"id":69556,"date":"2026-01-21T15:33:39","date_gmt":"2026-01-21T13:33:39","guid":{"rendered":"https:\/\/padelhaus.mustlammas-dev.in\/pood\/head-speed-motion-2023-ari-sanchez\/"},"modified":"2026-03-10T02:05:34","modified_gmt":"2026-03-10T00:05:34","slug":"head-speed-motion-2023-ari-sanchez","status":"publish","type":"product","link":"https:\/\/padelhaus.mustlammas-dev.in\/lt\/parduotuve\/head-speed-motion-2023-ari-sanchez\/","title":{"rendered":"Head Speed Motion 2023 Ari S\u00e1nchez"},"content":{"rendered":"<h4><b>Head Speed Motion 2023 \u2013 greitis ir universalumas kiekviename ta\u0161ke<\/b><\/h4>\n<p>&nbsp;<\/p>\n<p class=\"p3\"><span class=\"s2\"><b>Head Speed Motion 2023<\/b><\/span> pad\u0117s tau i\u0161siskirti aik\u0161tel\u0117je d\u0117l savo <span class=\"s2\"><b>lengvumo, universalumo ir puikaus valdomumo<\/b><\/span>. Tai yra <span class=\"s2\"><b>lengviausia Speed serijos raket\u0117<\/b><\/span>, sukurta greitam ir dinami\u0161kam \u017eaidimui. <\/p>\n<p class=\"p3\">A\u0161aros formos galva ir <span class=\"s2\"><b>vidutinis balansas<\/b><\/span> leid\u017eia pa\u017eengusiems \u017eaid\u0117jams \u017eaisti grei\u010diau, jud\u0117ti skland\u017eiau ir i\u0161laikyti temp\u0105 viso ma\u010do metu. \u0160i raket\u0117 idealiai tinka \u017eaid\u0117jui, kuris nori agresyviai, bet kontroliuojamai valdyti \u017eaidim\u0105. <\/p>\n<h4><b>Rekomenduoja profesionalas<\/b><\/h4>\n<p>&nbsp;<\/p>\n<p class=\"p3\">Head Speed Motion 2023 yra <span class=\"s2\"><b>Ariana S\u00e1nchez<\/b><\/span> naudojamas ir patvirtintas modelis.<\/p>\n<p class=\"p3\">Raket\u0117s sm\u016bgio pavir\u0161ius pagamintas i\u0161 <span class=\"s2\"><b>anglies pluo\u0161to ir stiklo pluo\u0161to hibrido<\/b><\/span>, kuris u\u017etikrina galios ir poj\u016b\u010dio pusiausvyr\u0105. \u0160erdyje naudojamos <span class=\"s2\"><b>Power Foam<\/b><\/span> putos, kurios suteikia kiekvienam sm\u016bgiui papildomo grei\u010dio ir j\u0117gos. <\/p>\n<h4><b>Daugiau galios ir geresnis poj\u016btis<\/b><\/h4>\n<p>&nbsp;<\/p>\n<p class=\"p3\">Pagrindin\u0117 \u0161io modelio technologija yra <span class=\"s2\"><b>Auxetic<\/b><\/span>, kuri pagerina sm\u016bgio poj\u016bt\u012f ir u\u017etikrina galingesn\u012f gr\u012f\u017etam\u0105j\u012f ry\u0161\u012f susid\u016brus su kamuoliuku.<\/p>\n<p class=\"p3\">R\u0117mas sustiprintas <span class=\"s2\"><b>Graphene Inside<\/b><\/span> technologija, kuri padidina stabilum\u0105 ir optimizuoja energijos perdavim\u0105 nuo raket\u0117s kamuoliukui, padarydama sm\u016bgius efektyvesnius ir tikslesnius.<\/p>\n<h4><b>Apsauga ir komfortas kiekvienoje detal\u0117je<\/b><\/h4>\n<ul>\n<li>\n<p class=\"p1\"><span class=\"s1\"><b>Anti Shock Skin<\/b><\/span> \u2013 auk\u0161tos kokyb\u0117s polimerin\u0117 apsauga, esanti <span class=\"s1\"><b>IBS2 (Integrated Bumper System 2)<\/b><\/span> apsaugos sistemoje, kuri apsaugo raket\u0119 nuo sm\u016bgi\u0173 ir \u012fbr\u0117\u017eim\u0173.<\/p>\n<\/li>\n<li>\n<p class=\"p1\"><span class=\"s1\"><b>Naujas mink\u0161tas rankenos galas<\/b><\/span> \u2013 mink\u0161tesnis dangtelis rankenos gale pagerina sukibim\u0105 ir bendr\u0105 \u017eaidimo komfort\u0105.<\/p>\n<\/li>\n<\/ul>\n<h4><b>Greita, lengva ir su profesionaliu poj\u016b\u010diu<\/b><\/h4>\n<p>&nbsp;<\/p>\n<p class=\"p3\">Head Speed Motion 2023 yra idealus pasirinkimas <span class=\"s2\"><b>pa\u017eengusiam \u017eaid\u0117jui<\/b><\/span>, ie\u0161kan\u010diam <span class=\"s2\"><b>grei\u010dio, manevringumo ir universalumo<\/b><\/span>, neprarandant kontrol\u0117s ar stabilumo.<\/p>\n","protected":false},"excerpt":{"rendered":"<p>Head Speed Motion 2023 \u2013 greitis ir universalumas kiekviename ta\u0161ke &nbsp; Head Speed Motion 2023 pad\u0117s tau i\u0161siskirti aik\u0161tel\u0117je d\u0117l savo lengvumo, universalumo ir puikaus valdomumo. Tai yra lengviausia Speed serijos raket\u0117, sukurta greitam ir dinami\u0161kam \u017eaidimui. A\u0161aros formos galva ir vidutinis balansas leid\u017eia pa\u017eengusiems \u017eaid\u0117jams \u017eaisti grei\u010diau, jud\u0117ti skland\u017eiau ir i\u0161laikyti temp\u0105 viso ma\u010do [&hellip;]<\/p>\n","protected":false},"featured_media":69557,"comment_status":"open","ping_status":"closed","template":"","meta":{"_eb_attr":""},"product_brand":[326],"product_cat":[327,328,252,273],"product_tag":[],"class_list":{"0":"post-69556","1":"product","2":"type-product","3":"status-publish","4":"has-post-thumbnail","6":"product_brand-head","7":"product_cat-head","8":"product_cat-moterys","9":"product_cat-padelio-raketes","10":"product_cat-pazenges","11":"pa_kaal-350-360g","12":"pa_kuju-lasas","13":"pa_mangustiil-hibridine","14":"pa_mangustiil-puolimas","15":"pa_tasakaal-virsuje","16":"pa_tase-pazenges","17":"pa_varv-juoda","18":"pa_varv-ruda","21":"first","22":"instock","23":"sale","24":"taxable","25":"shipping-taxable","26":"purchasable","27":"product-type-simple"},"yoast_head":"<!-- This site is optimized with the Yoast SEO Premium plugin v27.1 (Yoast SEO v27.1.1) - https:\/\/yoast.com\/product\/yoast-seo-premium-wordpress\/ -->\n<title>Head Speed Motion 2023 Ari S\u00e1nchez | Padelhaus<\/title>\n<meta name=\"description\" content=\"Ie\u0161kai naujos padelio raket\u0117s gera kaina? Padelhaus si\u016blo geriausi\u0105 padelio rake\u010di\u0173 pasirinkim\u0105 kiekvienam lygiui \u2013 tavo padelio parduotuv\u0117.\" \/>\n<meta name=\"robots\" content=\"noindex, follow, max-snippet:-1, max-image-preview:large, max-video-preview:-1\" \/>\n<meta property=\"og:locale\" content=\"lt_LT\" \/>\n<meta property=\"og:type\" content=\"article\" \/>\n<meta property=\"og:title\" content=\"Head Speed Motion 2023 Ari S\u00e1nchez\" \/>\n<meta property=\"og:description\" content=\"Ie\u0161kai naujos padelio raket\u0117s gera kaina? Padelhaus si\u016blo geriausi\u0105 padelio rake\u010di\u0173 pasirinkim\u0105 kiekvienam lygiui \u2013 tavo padelio parduotuv\u0117.\" \/>\n<meta property=\"og:url\" content=\"https:\/\/padelhaus.mustlammas-dev.in\/lt\/parduotuve\/head-speed-motion-2023-ari-sanchez\/\" \/>\n<meta property=\"og:site_name\" content=\"Padelhaus\" \/>\n<meta property=\"article:modified_time\" content=\"2026-03-10T00:05:34+00:00\" \/>\n<meta property=\"og:image\" content=\"https:\/\/padel-haus.lt\/wp-content\/uploads\/2026\/01\/5-2.webp\" \/>\n\t<meta property=\"og:image:width\" content=\"1000\" \/>\n\t<meta property=\"og:image:height\" content=\"1000\" \/>\n\t<meta property=\"og:image:type\" content=\"image\/webp\" \/>\n<meta name=\"twitter:card\" content=\"summary_large_image\" \/>\n<meta name=\"twitter:label1\" content=\"Price\" \/>\n\t<meta name=\"twitter:data1\" content=\"134,95&nbsp;&euro;\" \/>\n\t<meta name=\"twitter:label2\" content=\"Availability\" \/>\n\t<meta name=\"twitter:data2\" content=\"In stock\" \/>\n<script type=\"application\/ld+json\" class=\"yoast-schema-graph\">{\"@context\":\"https:\/\/schema.org\",\"@graph\":[{\"@type\":[\"WebPage\",\"ItemPage\"],\"@id\":\"https:\/\/padelhaus.mustlammas-dev.in\/lt\/parduotuve\/head-speed-motion-2023-ari-sanchez\/\",\"url\":\"https:\/\/padelhaus.mustlammas-dev.in\/lt\/parduotuve\/head-speed-motion-2023-ari-sanchez\/\",\"name\":\"Head Speed Motion 2023 Ari S\u00e1nchez | Padelhaus\",\"isPartOf\":{\"@id\":\"https:\/\/padelhaus.mustlammas-dev.in\/lt\/#website\"},\"primaryImageOfPage\":{\"@id\":\"https:\/\/padelhaus.mustlammas-dev.in\/lt\/parduotuve\/head-speed-motion-2023-ari-sanchez\/#primaryimage\"},\"image\":{\"@id\":\"https:\/\/padelhaus.mustlammas-dev.in\/lt\/parduotuve\/head-speed-motion-2023-ari-sanchez\/#primaryimage\"},\"thumbnailUrl\":\"https:\/\/padelhaus.mustlammas-dev.in\/wp-content\/uploads\/2026\/01\/5-2.webp\",\"datePublished\":\"2026-01-21T13:33:39+00:00\",\"dateModified\":\"2026-03-10T00:05:34+00:00\",\"description\":\"Ie\u0161kai naujos padelio raket\u0117s gera kaina? Padelhaus si\u016blo geriausi\u0105 padelio rake\u010di\u0173 pasirinkim\u0105 kiekvienam lygiui \u2013 tavo padelio parduotuv\u0117.\",\"breadcrumb\":{\"@id\":\"https:\/\/padelhaus.mustlammas-dev.in\/lt\/parduotuve\/head-speed-motion-2023-ari-sanchez\/#breadcrumb\"},\"inLanguage\":\"lt-LT\",\"potentialAction\":[{\"@type\":\"ReadAction\",\"target\":[\"https:\/\/padelhaus.mustlammas-dev.in\/lt\/parduotuve\/head-speed-motion-2023-ari-sanchez\/\"]}]},{\"@type\":\"ImageObject\",\"inLanguage\":\"lt-LT\",\"@id\":\"https:\/\/padelhaus.mustlammas-dev.in\/lt\/parduotuve\/head-speed-motion-2023-ari-sanchez\/#primaryimage\",\"url\":\"https:\/\/padelhaus.mustlammas-dev.in\/wp-content\/uploads\/2026\/01\/5-2.webp\",\"contentUrl\":\"https:\/\/padelhaus.mustlammas-dev.in\/wp-content\/uploads\/2026\/01\/5-2.webp\",\"width\":1000,\"height\":1000},{\"@type\":\"BreadcrumbList\",\"@id\":\"https:\/\/padelhaus.mustlammas-dev.in\/lt\/parduotuve\/head-speed-motion-2023-ari-sanchez\/#breadcrumb\",\"itemListElement\":[{\"@type\":\"ListItem\",\"position\":1,\"name\":\"Prad\u017eia\",\"item\":\"https:\/\/padel-haus.lt\/\"},{\"@type\":\"ListItem\",\"position\":2,\"name\":\"Parduotuv\u0117\",\"item\":\"https:\/\/padel-haus.lt\/parduotuve\/\"},{\"@type\":\"ListItem\",\"position\":3,\"name\":\"Head Speed Motion 2023 Ari S\u00e1nchez\"}]},{\"@type\":\"WebSite\",\"@id\":\"https:\/\/padelhaus.mustlammas-dev.in\/lt\/#website\",\"url\":\"https:\/\/padelhaus.mustlammas-dev.in\/lt\/\",\"name\":\"Claude Padelhaus\",\"description\":\"Sinu padelivarustuse kodu\",\"publisher\":{\"@id\":\"https:\/\/padelhaus.mustlammas-dev.in\/lt\/#organization\"},\"potentialAction\":[{\"@type\":\"SearchAction\",\"target\":{\"@type\":\"EntryPoint\",\"urlTemplate\":\"https:\/\/padelhaus.mustlammas-dev.in\/lt\/?s={search_term_string}\"},\"query-input\":{\"@type\":\"PropertyValueSpecification\",\"valueRequired\":true,\"valueName\":\"search_term_string\"}}],\"inLanguage\":\"lt-LT\"},{\"@type\":\"Organization\",\"@id\":\"https:\/\/padelhaus.mustlammas-dev.in\/lt\/#organization\",\"name\":\"Claude Padelhaus\",\"url\":\"https:\/\/padelhaus.mustlammas-dev.in\/lt\/\",\"logo\":{\"@type\":\"ImageObject\",\"inLanguage\":\"lt-LT\",\"@id\":\"https:\/\/padelhaus.mustlammas-dev.in\/lt\/#\/schema\/logo\/image\/\",\"url\":\"https:\/\/padelhaus.mustlammas-dev.in\/wp-content\/uploads\/2025\/05\/Logo-1.png\",\"contentUrl\":\"https:\/\/padelhaus.mustlammas-dev.in\/wp-content\/uploads\/2025\/05\/Logo-1.png\",\"width\":280,\"height\":115,\"caption\":\"Claude Padelhaus\"},\"image\":{\"@id\":\"https:\/\/padelhaus.mustlammas-dev.in\/lt\/#\/schema\/logo\/image\/\"}}]}<\/script>\n<meta property=\"product:price:amount\" content=\"134.95\" \/>\n<meta property=\"product:price:currency\" content=\"EUR\" \/>\n<meta property=\"og:availability\" content=\"instock\" \/>\n<meta property=\"product:availability\" content=\"instock\" \/>\n<meta property=\"product:retailer_item_id\" content=\"HEA-R-36\" \/>\n<meta property=\"product:condition\" content=\"new\" \/>\n<!-- \/ Yoast SEO Premium plugin. -->","yoast_head_json":{"title":"Head Speed Motion 2023 Ari S\u00e1nchez | Padelhaus","description":"Ie\u0161kai naujos padelio raket\u0117s gera kaina? Padelhaus si\u016blo geriausi\u0105 padelio rake\u010di\u0173 pasirinkim\u0105 kiekvienam lygiui \u2013 tavo padelio parduotuv\u0117.","robots":{"index":"noindex","follow":"follow","max-snippet":"max-snippet:-1","max-image-preview":"max-image-preview:large","max-video-preview":"max-video-preview:-1"},"og_locale":"lt_LT","og_type":"article","og_title":"Head Speed Motion 2023 Ari S\u00e1nchez","og_description":"Ie\u0161kai naujos padelio raket\u0117s gera kaina? Padelhaus si\u016blo geriausi\u0105 padelio rake\u010di\u0173 pasirinkim\u0105 kiekvienam lygiui \u2013 tavo padelio parduotuv\u0117.","og_url":"https:\/\/padelhaus.mustlammas-dev.in\/lt\/parduotuve\/head-speed-motion-2023-ari-sanchez\/","og_site_name":"Padelhaus","article_modified_time":"2026-03-10T00:05:34+00:00","og_image":[{"width":1000,"height":1000,"url":"https:\/\/padel-haus.lt\/wp-content\/uploads\/2026\/01\/5-2.webp","type":"image\/webp"}],"twitter_card":"summary_large_image","twitter_misc":{"Price":"134,95&nbsp;&euro;","Availability":"In stock"},"schema":{"@context":"https:\/\/schema.org","@graph":[{"@type":["WebPage","ItemPage"],"@id":"https:\/\/padelhaus.mustlammas-dev.in\/lt\/parduotuve\/head-speed-motion-2023-ari-sanchez\/","url":"https:\/\/padelhaus.mustlammas-dev.in\/lt\/parduotuve\/head-speed-motion-2023-ari-sanchez\/","name":"Head Speed Motion 2023 Ari S\u00e1nchez | Padelhaus","isPartOf":{"@id":"https:\/\/padelhaus.mustlammas-dev.in\/lt\/#website"},"primaryImageOfPage":{"@id":"https:\/\/padelhaus.mustlammas-dev.in\/lt\/parduotuve\/head-speed-motion-2023-ari-sanchez\/#primaryimage"},"image":{"@id":"https:\/\/padelhaus.mustlammas-dev.in\/lt\/parduotuve\/head-speed-motion-2023-ari-sanchez\/#primaryimage"},"thumbnailUrl":"https:\/\/padelhaus.mustlammas-dev.in\/wp-content\/uploads\/2026\/01\/5-2.webp","datePublished":"2026-01-21T13:33:39+00:00","dateModified":"2026-03-10T00:05:34+00:00","description":"Ie\u0161kai naujos padelio raket\u0117s gera kaina? Padelhaus si\u016blo geriausi\u0105 padelio rake\u010di\u0173 pasirinkim\u0105 kiekvienam lygiui \u2013 tavo padelio parduotuv\u0117.","breadcrumb":{"@id":"https:\/\/padelhaus.mustlammas-dev.in\/lt\/parduotuve\/head-speed-motion-2023-ari-sanchez\/#breadcrumb"},"inLanguage":"lt-LT","potentialAction":[{"@type":"ReadAction","target":["https:\/\/padelhaus.mustlammas-dev.in\/lt\/parduotuve\/head-speed-motion-2023-ari-sanchez\/"]}]},{"@type":"ImageObject","inLanguage":"lt-LT","@id":"https:\/\/padelhaus.mustlammas-dev.in\/lt\/parduotuve\/head-speed-motion-2023-ari-sanchez\/#primaryimage","url":"https:\/\/padelhaus.mustlammas-dev.in\/wp-content\/uploads\/2026\/01\/5-2.webp","contentUrl":"https:\/\/padelhaus.mustlammas-dev.in\/wp-content\/uploads\/2026\/01\/5-2.webp","width":1000,"height":1000},{"@type":"BreadcrumbList","@id":"https:\/\/padelhaus.mustlammas-dev.in\/lt\/parduotuve\/head-speed-motion-2023-ari-sanchez\/#breadcrumb","itemListElement":[{"@type":"ListItem","position":1,"name":"Prad\u017eia","item":"https:\/\/padel-haus.lt\/"},{"@type":"ListItem","position":2,"name":"Parduotuv\u0117","item":"https:\/\/padel-haus.lt\/parduotuve\/"},{"@type":"ListItem","position":3,"name":"Head Speed Motion 2023 Ari S\u00e1nchez"}]},{"@type":"WebSite","@id":"https:\/\/padelhaus.mustlammas-dev.in\/lt\/#website","url":"https:\/\/padelhaus.mustlammas-dev.in\/lt\/","name":"Claude Padelhaus","description":"Sinu padelivarustuse kodu","publisher":{"@id":"https:\/\/padelhaus.mustlammas-dev.in\/lt\/#organization"},"potentialAction":[{"@type":"SearchAction","target":{"@type":"EntryPoint","urlTemplate":"https:\/\/padelhaus.mustlammas-dev.in\/lt\/?s={search_term_string}"},"query-input":{"@type":"PropertyValueSpecification","valueRequired":true,"valueName":"search_term_string"}}],"inLanguage":"lt-LT"},{"@type":"Organization","@id":"https:\/\/padelhaus.mustlammas-dev.in\/lt\/#organization","name":"Claude Padelhaus","url":"https:\/\/padelhaus.mustlammas-dev.in\/lt\/","logo":{"@type":"ImageObject","inLanguage":"lt-LT","@id":"https:\/\/padelhaus.mustlammas-dev.in\/lt\/#\/schema\/logo\/image\/","url":"https:\/\/padelhaus.mustlammas-dev.in\/wp-content\/uploads\/2025\/05\/Logo-1.png","contentUrl":"https:\/\/padelhaus.mustlammas-dev.in\/wp-content\/uploads\/2025\/05\/Logo-1.png","width":280,"height":115,"caption":"Claude Padelhaus"},"image":{"@id":"https:\/\/padelhaus.mustlammas-dev.in\/lt\/#\/schema\/logo\/image\/"}}]},"product_price_amount":"134.95","product_price_currency":"EUR","og_availability":"instock","product_availability":"instock","product_retailer_item_id":"HEA-R-36","product_condition":"new"},"_links":{"self":[{"href":"https:\/\/padelhaus.mustlammas-dev.in\/lt\/wp-json\/wp\/v2\/product\/69556","targetHints":{"allow":["GET"]}}],"collection":[{"href":"https:\/\/padelhaus.mustlammas-dev.in\/lt\/wp-json\/wp\/v2\/product"}],"about":[{"href":"https:\/\/padelhaus.mustlammas-dev.in\/lt\/wp-json\/wp\/v2\/types\/product"}],"replies":[{"embeddable":true,"href":"https:\/\/padelhaus.mustlammas-dev.in\/lt\/wp-json\/wp\/v2\/comments?post=69556"}],"wp:featuredmedia":[{"embeddable":true,"href":"https:\/\/padelhaus.mustlammas-dev.in\/lt\/wp-json\/wp\/v2\/media\/69557"}],"wp:attachment":[{"href":"https:\/\/padelhaus.mustlammas-dev.in\/lt\/wp-json\/wp\/v2\/media?parent=69556"}],"wp:term":[{"taxonomy":"product_brand","embeddable":true,"href":"https:\/\/padelhaus.mustlammas-dev.in\/lt\/wp-json\/wp\/v2\/product_brand?post=69556"},{"taxonomy":"product_cat","embeddable":true,"href":"https:\/\/padelhaus.mustlammas-dev.in\/lt\/wp-json\/wp\/v2\/product_cat?post=69556"},{"taxonomy":"product_tag","embeddable":true,"href":"https:\/\/padelhaus.mustlammas-dev.in\/lt\/wp-json\/wp\/v2\/product_tag?post=69556"}],"curies":[{"name":"wp","href":"https:\/\/api.w.org\/{rel}","templated":true}]}}