{"id":70090,"date":"2026-02-03T16:10:01","date_gmt":"2026-02-03T14:10:01","guid":{"rendered":"https:\/\/padelhaus.mustlammas-dev.in\/pood\/bullpadel-neuron-02-cloud-2026-fede-chingotto\/"},"modified":"2026-02-03T16:27:49","modified_gmt":"2026-02-03T14:27:49","slug":"bullpadel-neuron-02-cloud-2026-fede-chingotto","status":"publish","type":"product","link":"https:\/\/padelhaus.mustlammas-dev.in\/lt\/parduotuve\/bullpadel-neuron-02-cloud-2026-fede-chingotto\/","title":{"rendered":"Bullpadel Neuron 02 Cloud 2026 Fede Chingotto"},"content":{"rendered":"<h4><b>Bullpadel Neuron 02 Cloud \u2013 patogumas ir tikslumas viename<\/b><\/h4>\n<p>&nbsp;<\/p>\n<p class=\"p3\"><span class=\"s2\"><b>Bullpadel Neuron 02 Cloud<\/b><\/span> yra raket\u0117, su kuria \u201eBullpadel\u201c \u017eeng\u0117 \u017eingsn\u012f toliau nei vien tik na\u0161umas. \u0160is modelis, \u012fkv\u0117ptas gerai \u017einomos <span class=\"s2\"><b>\u201eNeuron\u201c serijos<\/b><\/span>, naudoja <span class=\"s2\"><b>mink\u0161tesnes med\u017eiagas<\/b><\/span> ir konstrukcij\u0105, kuri padeda suma\u017einti fizin\u0119 apkrov\u0105, i\u0161laikant serijai b\u016bding\u0105 tikslum\u0105 ir kontrol\u0119. <\/p>\n<h4><b>Raket\u0117, kuriai r\u016bpi tavo \u017eaidimas<\/b><\/h4>\n<p>&nbsp;<\/p>\n<p class=\"p3\">Hibridin\u0117s formos ir <span class=\"s2\"><b>\u0161iek tiek auk\u0161tesnio nei vidutinio balanso<\/b><\/span> derinys u\u017etikrina stabil\u0173 valdym\u0105 ir leid\u017eia prireikus prid\u0117ti j\u0117gos. \u0160io modelio \u0161irdis yra <span class=\"s2\"><b>\u201eNew Blue Soft EVA\u201c<\/b><\/span> \u0161erdis \u2013 putplas\u010dio med\u017eiaga, kuri slopina vibracijas ir suteikia mink\u0161t\u0105 sm\u016bgio poj\u016bt\u012f. D\u0117l to raket\u0117 idealiai tinka \u017eaid\u0117jams, kurie vertina komfort\u0105 net ilg\u0173 ir intensyvi\u0173 \u017eaidim\u0173 metu.  <\/p>\n<p class=\"p3\"><span class=\"s2\"><b>Stiklo pluo\u0161to pavir\u0161iai<\/b><\/span> prisideda prie lengvesnio ir lankstesnio kamuoliuko i\u0161mu\u0161imo, tod\u0117l \u017eaidimas tampa sklandesnis ir atlaidesnis.<\/p>\n<h4><b>Svarbios detal\u0117s<\/b><\/h4>\n<ul>\n<li>\n<p class=\"p1\"><span class=\"s1\"><b>Forma:<\/b><\/span> hibridin\u0117 \u2013 plati sm\u016bgio zona ir didesnis tikslumas<\/p>\n<\/li>\n<li>\n<p class=\"p1\"><span class=\"s1\"><b>Pavir\u0161iai:<\/b><\/span> stiklo pluo\u0161tas \u2013 elastingas ir patogus poj\u016btis<\/p>\n<\/li>\n<li>\n<p class=\"p1\"><span class=\"s1\"><b>\u0160erdis:<\/b><\/span> \u201eNew Blue Soft EVA\u201c \u2013 vibracij\u0173 slopinimas ir geresnis kamuoliuko i\u0161mu\u0161imas<\/p>\n<\/li>\n<li>\n<p class=\"p1\"><span class=\"s1\"><b>Balansas:<\/b><\/span> vidutinis \u2013 geras manevringumas su vidutine j\u0117ga<\/p>\n<\/li>\n<li>\n<p class=\"p1\"><span class=\"s1\"><b>Svoris:<\/b><\/span> 365\u2013375 g<\/p>\n<\/li>\n<li>\n<p class=\"p1\"><span class=\"s1\"><b>Profilis:<\/b><\/span> 38 mm \u2013 tinka patyrusiam \u017eaid\u0117jui<\/p>\n<\/li>\n<li>\n<p class=\"p1\"><span class=\"s1\"><b>3D \u201eGrain\u201c \u0161iurk\u0161tus pavir\u0161ius<\/b><\/span> \u2013 lengviau suteikti sukim\u0105si sm\u016bgiams<\/p>\n<\/li>\n<\/ul>\n<h4><b>Idealiai tinka pa\u017eengusiam \u017eaid\u0117jui<\/b><\/h4>\n<p>&nbsp;<\/p>\n<p class=\"p3\">\u201eBullpadel Neuron 02 Cloud\u201c puikiai tinka \u017eaid\u0117jams, kurie pirmenyb\u0119 teikia <span class=\"s2\"><b>patogumui, skland\u017eiam \u017eaidimui ir stabilumui<\/b><\/span>, ta\u010diau nenori atsisakyti technini\u0173 savybi\u0173. Tai raket\u0117, kuri kiekvien\u0105 sm\u016bg\u012f padaro skland\u0173, padeda suma\u017einti nuovarg\u012f ir i\u0161laikyti susikaupim\u0105 viso \u017eaidimo metu. <\/p>\n","protected":false},"excerpt":{"rendered":"<p>Bullpadel Neuron 02 Cloud \u2013 patogumas ir tikslumas viename &nbsp; Bullpadel Neuron 02 Cloud yra raket\u0117, su kuria \u201eBullpadel\u201c \u017eeng\u0117 \u017eingsn\u012f toliau nei vien tik na\u0161umas. \u0160is modelis, \u012fkv\u0117ptas gerai \u017einomos \u201eNeuron\u201c serijos, naudoja mink\u0161tesnes med\u017eiagas ir konstrukcij\u0105, kuri padeda suma\u017einti fizin\u0119 apkrov\u0105, i\u0161laikant serijai b\u016bding\u0105 tikslum\u0105 ir kontrol\u0119. Raket\u0117, kuriai r\u016bpi tavo \u017eaidimas &nbsp; [&hellip;]<\/p>\n","protected":false},"featured_media":70091,"comment_status":"open","ping_status":"closed","template":"","meta":{"_eb_attr":""},"product_brand":[334],"product_cat":[335,252,341],"product_tag":[],"class_list":{"0":"post-70090","1":"product","2":"type-product","3":"status-publish","4":"has-post-thumbnail","6":"product_brand-bullpadel","7":"product_cat-bullpadel","8":"product_cat-padelio-raketes","9":"product_cat-vidutinis-lygis","10":"pa_kaal-360-375g","11":"pa_kuju-lasas","12":"pa_mangustiil-hibridine","13":"pa_tasakaal-viduryje","14":"pa_tase-pazenges","15":"pa_tase-vidutinis-lygis","16":"pa_varv-zalia","19":"first","20":"instock","21":"sale","22":"taxable","23":"shipping-taxable","24":"purchasable","25":"product-type-simple"},"yoast_head":"<!-- This site is optimized with the Yoast SEO Premium plugin v27.1 (Yoast SEO v27.1.1) - https:\/\/yoast.com\/product\/yoast-seo-premium-wordpress\/ -->\n<title>Bullpadel Neuron 02 Cloud 2026 Fede Chingotto | Padelhaus<\/title>\n<meta name=\"description\" content=\"Ie\u0161kai naujos padelio raket\u0117s gera kaina? Padelhaus si\u016blo geriausi\u0105 padelio rake\u010di\u0173 pasirinkim\u0105 kiekvienam lygiui \u2013 tavo padelio parduotuv\u0117.\" \/>\n<meta name=\"robots\" content=\"noindex, follow, max-snippet:-1, max-image-preview:large, max-video-preview:-1\" \/>\n<meta property=\"og:locale\" content=\"lt_LT\" \/>\n<meta property=\"og:type\" content=\"article\" \/>\n<meta property=\"og:title\" content=\"Bullpadel Neuron 02 Cloud 2026 Fede Chingotto\" \/>\n<meta property=\"og:description\" content=\"Ie\u0161kai naujos padelio raket\u0117s gera kaina? Padelhaus si\u016blo geriausi\u0105 padelio rake\u010di\u0173 pasirinkim\u0105 kiekvienam lygiui \u2013 tavo padelio parduotuv\u0117.\" \/>\n<meta property=\"og:url\" content=\"https:\/\/padelhaus.mustlammas-dev.in\/lt\/parduotuve\/bullpadel-neuron-02-cloud-2026-fede-chingotto\/\" \/>\n<meta property=\"og:site_name\" content=\"Padelhaus\" \/>\n<meta property=\"article:modified_time\" content=\"2026-02-03T14:27:49+00:00\" \/>\n<meta property=\"og:image\" content=\"https:\/\/padel-haus.lt\/wp-content\/uploads\/2026\/02\/1.webp\" \/>\n\t<meta property=\"og:image:width\" content=\"1000\" \/>\n\t<meta property=\"og:image:height\" content=\"1000\" \/>\n\t<meta property=\"og:image:type\" content=\"image\/webp\" \/>\n<meta name=\"twitter:card\" content=\"summary_large_image\" \/>\n<meta name=\"twitter:label1\" content=\"Price\" \/>\n\t<meta name=\"twitter:data1\" content=\"209,95&nbsp;&euro;\" \/>\n\t<meta name=\"twitter:label2\" content=\"Availability\" \/>\n\t<meta name=\"twitter:data2\" content=\"In stock\" \/>\n<script type=\"application\/ld+json\" class=\"yoast-schema-graph\">{\"@context\":\"https:\/\/schema.org\",\"@graph\":[{\"@type\":[\"WebPage\",\"ItemPage\"],\"@id\":\"https:\/\/padelhaus.mustlammas-dev.in\/lt\/parduotuve\/bullpadel-neuron-02-cloud-2026-fede-chingotto\/\",\"url\":\"https:\/\/padelhaus.mustlammas-dev.in\/lt\/parduotuve\/bullpadel-neuron-02-cloud-2026-fede-chingotto\/\",\"name\":\"Bullpadel Neuron 02 Cloud 2026 Fede Chingotto | Padelhaus\",\"isPartOf\":{\"@id\":\"https:\/\/padelhaus.mustlammas-dev.in\/lt\/#website\"},\"primaryImageOfPage\":{\"@id\":\"https:\/\/padelhaus.mustlammas-dev.in\/lt\/parduotuve\/bullpadel-neuron-02-cloud-2026-fede-chingotto\/#primaryimage\"},\"image\":{\"@id\":\"https:\/\/padelhaus.mustlammas-dev.in\/lt\/parduotuve\/bullpadel-neuron-02-cloud-2026-fede-chingotto\/#primaryimage\"},\"thumbnailUrl\":\"https:\/\/padelhaus.mustlammas-dev.in\/wp-content\/uploads\/2026\/02\/1.webp\",\"datePublished\":\"2026-02-03T14:10:01+00:00\",\"dateModified\":\"2026-02-03T14:27:49+00:00\",\"description\":\"Ie\u0161kai naujos padelio raket\u0117s gera kaina? Padelhaus si\u016blo geriausi\u0105 padelio rake\u010di\u0173 pasirinkim\u0105 kiekvienam lygiui \u2013 tavo padelio parduotuv\u0117.\",\"breadcrumb\":{\"@id\":\"https:\/\/padelhaus.mustlammas-dev.in\/lt\/parduotuve\/bullpadel-neuron-02-cloud-2026-fede-chingotto\/#breadcrumb\"},\"inLanguage\":\"lt-LT\",\"potentialAction\":[{\"@type\":\"ReadAction\",\"target\":[\"https:\/\/padelhaus.mustlammas-dev.in\/lt\/parduotuve\/bullpadel-neuron-02-cloud-2026-fede-chingotto\/\"]}]},{\"@type\":\"ImageObject\",\"inLanguage\":\"lt-LT\",\"@id\":\"https:\/\/padelhaus.mustlammas-dev.in\/lt\/parduotuve\/bullpadel-neuron-02-cloud-2026-fede-chingotto\/#primaryimage\",\"url\":\"https:\/\/padelhaus.mustlammas-dev.in\/wp-content\/uploads\/2026\/02\/1.webp\",\"contentUrl\":\"https:\/\/padelhaus.mustlammas-dev.in\/wp-content\/uploads\/2026\/02\/1.webp\",\"width\":1000,\"height\":1000},{\"@type\":\"BreadcrumbList\",\"@id\":\"https:\/\/padelhaus.mustlammas-dev.in\/lt\/parduotuve\/bullpadel-neuron-02-cloud-2026-fede-chingotto\/#breadcrumb\",\"itemListElement\":[{\"@type\":\"ListItem\",\"position\":1,\"name\":\"Prad\u017eia\",\"item\":\"https:\/\/padel-haus.lt\/\"},{\"@type\":\"ListItem\",\"position\":2,\"name\":\"Parduotuv\u0117\",\"item\":\"https:\/\/padel-haus.lt\/parduotuve\/\"},{\"@type\":\"ListItem\",\"position\":3,\"name\":\"Bullpadel Neuron 02 Cloud 2026 Fede Chingotto\"}]},{\"@type\":\"WebSite\",\"@id\":\"https:\/\/padelhaus.mustlammas-dev.in\/lt\/#website\",\"url\":\"https:\/\/padelhaus.mustlammas-dev.in\/lt\/\",\"name\":\"Claude Padelhaus\",\"description\":\"Sinu padelivarustuse kodu\",\"publisher\":{\"@id\":\"https:\/\/padelhaus.mustlammas-dev.in\/lt\/#organization\"},\"potentialAction\":[{\"@type\":\"SearchAction\",\"target\":{\"@type\":\"EntryPoint\",\"urlTemplate\":\"https:\/\/padelhaus.mustlammas-dev.in\/lt\/?s={search_term_string}\"},\"query-input\":{\"@type\":\"PropertyValueSpecification\",\"valueRequired\":true,\"valueName\":\"search_term_string\"}}],\"inLanguage\":\"lt-LT\"},{\"@type\":\"Organization\",\"@id\":\"https:\/\/padelhaus.mustlammas-dev.in\/lt\/#organization\",\"name\":\"Claude Padelhaus\",\"url\":\"https:\/\/padelhaus.mustlammas-dev.in\/lt\/\",\"logo\":{\"@type\":\"ImageObject\",\"inLanguage\":\"lt-LT\",\"@id\":\"https:\/\/padelhaus.mustlammas-dev.in\/lt\/#\/schema\/logo\/image\/\",\"url\":\"https:\/\/padelhaus.mustlammas-dev.in\/wp-content\/uploads\/2025\/05\/Logo-1.png\",\"contentUrl\":\"https:\/\/padelhaus.mustlammas-dev.in\/wp-content\/uploads\/2025\/05\/Logo-1.png\",\"width\":280,\"height\":115,\"caption\":\"Claude Padelhaus\"},\"image\":{\"@id\":\"https:\/\/padelhaus.mustlammas-dev.in\/lt\/#\/schema\/logo\/image\/\"}}]}<\/script>\n<meta property=\"product:price:amount\" content=\"209.95\" \/>\n<meta property=\"product:price:currency\" content=\"EUR\" \/>\n<meta property=\"og:availability\" content=\"instock\" \/>\n<meta property=\"product:availability\" content=\"instock\" \/>\n<meta property=\"product:retailer_item_id\" content=\"BUL-R-46\" \/>\n<meta property=\"product:condition\" content=\"new\" \/>\n<!-- \/ Yoast SEO Premium plugin. -->","yoast_head_json":{"title":"Bullpadel Neuron 02 Cloud 2026 Fede Chingotto | Padelhaus","description":"Ie\u0161kai naujos padelio raket\u0117s gera kaina? Padelhaus si\u016blo geriausi\u0105 padelio rake\u010di\u0173 pasirinkim\u0105 kiekvienam lygiui \u2013 tavo padelio parduotuv\u0117.","robots":{"index":"noindex","follow":"follow","max-snippet":"max-snippet:-1","max-image-preview":"max-image-preview:large","max-video-preview":"max-video-preview:-1"},"og_locale":"lt_LT","og_type":"article","og_title":"Bullpadel Neuron 02 Cloud 2026 Fede Chingotto","og_description":"Ie\u0161kai naujos padelio raket\u0117s gera kaina? Padelhaus si\u016blo geriausi\u0105 padelio rake\u010di\u0173 pasirinkim\u0105 kiekvienam lygiui \u2013 tavo padelio parduotuv\u0117.","og_url":"https:\/\/padelhaus.mustlammas-dev.in\/lt\/parduotuve\/bullpadel-neuron-02-cloud-2026-fede-chingotto\/","og_site_name":"Padelhaus","article_modified_time":"2026-02-03T14:27:49+00:00","og_image":[{"width":1000,"height":1000,"url":"https:\/\/padel-haus.lt\/wp-content\/uploads\/2026\/02\/1.webp","type":"image\/webp"}],"twitter_card":"summary_large_image","twitter_misc":{"Price":"209,95&nbsp;&euro;","Availability":"In stock"},"schema":{"@context":"https:\/\/schema.org","@graph":[{"@type":["WebPage","ItemPage"],"@id":"https:\/\/padelhaus.mustlammas-dev.in\/lt\/parduotuve\/bullpadel-neuron-02-cloud-2026-fede-chingotto\/","url":"https:\/\/padelhaus.mustlammas-dev.in\/lt\/parduotuve\/bullpadel-neuron-02-cloud-2026-fede-chingotto\/","name":"Bullpadel Neuron 02 Cloud 2026 Fede Chingotto | Padelhaus","isPartOf":{"@id":"https:\/\/padelhaus.mustlammas-dev.in\/lt\/#website"},"primaryImageOfPage":{"@id":"https:\/\/padelhaus.mustlammas-dev.in\/lt\/parduotuve\/bullpadel-neuron-02-cloud-2026-fede-chingotto\/#primaryimage"},"image":{"@id":"https:\/\/padelhaus.mustlammas-dev.in\/lt\/parduotuve\/bullpadel-neuron-02-cloud-2026-fede-chingotto\/#primaryimage"},"thumbnailUrl":"https:\/\/padelhaus.mustlammas-dev.in\/wp-content\/uploads\/2026\/02\/1.webp","datePublished":"2026-02-03T14:10:01+00:00","dateModified":"2026-02-03T14:27:49+00:00","description":"Ie\u0161kai naujos padelio raket\u0117s gera kaina? Padelhaus si\u016blo geriausi\u0105 padelio rake\u010di\u0173 pasirinkim\u0105 kiekvienam lygiui \u2013 tavo padelio parduotuv\u0117.","breadcrumb":{"@id":"https:\/\/padelhaus.mustlammas-dev.in\/lt\/parduotuve\/bullpadel-neuron-02-cloud-2026-fede-chingotto\/#breadcrumb"},"inLanguage":"lt-LT","potentialAction":[{"@type":"ReadAction","target":["https:\/\/padelhaus.mustlammas-dev.in\/lt\/parduotuve\/bullpadel-neuron-02-cloud-2026-fede-chingotto\/"]}]},{"@type":"ImageObject","inLanguage":"lt-LT","@id":"https:\/\/padelhaus.mustlammas-dev.in\/lt\/parduotuve\/bullpadel-neuron-02-cloud-2026-fede-chingotto\/#primaryimage","url":"https:\/\/padelhaus.mustlammas-dev.in\/wp-content\/uploads\/2026\/02\/1.webp","contentUrl":"https:\/\/padelhaus.mustlammas-dev.in\/wp-content\/uploads\/2026\/02\/1.webp","width":1000,"height":1000},{"@type":"BreadcrumbList","@id":"https:\/\/padelhaus.mustlammas-dev.in\/lt\/parduotuve\/bullpadel-neuron-02-cloud-2026-fede-chingotto\/#breadcrumb","itemListElement":[{"@type":"ListItem","position":1,"name":"Prad\u017eia","item":"https:\/\/padel-haus.lt\/"},{"@type":"ListItem","position":2,"name":"Parduotuv\u0117","item":"https:\/\/padel-haus.lt\/parduotuve\/"},{"@type":"ListItem","position":3,"name":"Bullpadel Neuron 02 Cloud 2026 Fede Chingotto"}]},{"@type":"WebSite","@id":"https:\/\/padelhaus.mustlammas-dev.in\/lt\/#website","url":"https:\/\/padelhaus.mustlammas-dev.in\/lt\/","name":"Claude Padelhaus","description":"Sinu padelivarustuse kodu","publisher":{"@id":"https:\/\/padelhaus.mustlammas-dev.in\/lt\/#organization"},"potentialAction":[{"@type":"SearchAction","target":{"@type":"EntryPoint","urlTemplate":"https:\/\/padelhaus.mustlammas-dev.in\/lt\/?s={search_term_string}"},"query-input":{"@type":"PropertyValueSpecification","valueRequired":true,"valueName":"search_term_string"}}],"inLanguage":"lt-LT"},{"@type":"Organization","@id":"https:\/\/padelhaus.mustlammas-dev.in\/lt\/#organization","name":"Claude Padelhaus","url":"https:\/\/padelhaus.mustlammas-dev.in\/lt\/","logo":{"@type":"ImageObject","inLanguage":"lt-LT","@id":"https:\/\/padelhaus.mustlammas-dev.in\/lt\/#\/schema\/logo\/image\/","url":"https:\/\/padelhaus.mustlammas-dev.in\/wp-content\/uploads\/2025\/05\/Logo-1.png","contentUrl":"https:\/\/padelhaus.mustlammas-dev.in\/wp-content\/uploads\/2025\/05\/Logo-1.png","width":280,"height":115,"caption":"Claude Padelhaus"},"image":{"@id":"https:\/\/padelhaus.mustlammas-dev.in\/lt\/#\/schema\/logo\/image\/"}}]},"product_price_amount":"209.95","product_price_currency":"EUR","og_availability":"instock","product_availability":"instock","product_retailer_item_id":"BUL-R-46","product_condition":"new"},"_links":{"self":[{"href":"https:\/\/padelhaus.mustlammas-dev.in\/lt\/wp-json\/wp\/v2\/product\/70090","targetHints":{"allow":["GET"]}}],"collection":[{"href":"https:\/\/padelhaus.mustlammas-dev.in\/lt\/wp-json\/wp\/v2\/product"}],"about":[{"href":"https:\/\/padelhaus.mustlammas-dev.in\/lt\/wp-json\/wp\/v2\/types\/product"}],"replies":[{"embeddable":true,"href":"https:\/\/padelhaus.mustlammas-dev.in\/lt\/wp-json\/wp\/v2\/comments?post=70090"}],"wp:featuredmedia":[{"embeddable":true,"href":"https:\/\/padelhaus.mustlammas-dev.in\/lt\/wp-json\/wp\/v2\/media\/70091"}],"wp:attachment":[{"href":"https:\/\/padelhaus.mustlammas-dev.in\/lt\/wp-json\/wp\/v2\/media?parent=70090"}],"wp:term":[{"taxonomy":"product_brand","embeddable":true,"href":"https:\/\/padelhaus.mustlammas-dev.in\/lt\/wp-json\/wp\/v2\/product_brand?post=70090"},{"taxonomy":"product_cat","embeddable":true,"href":"https:\/\/padelhaus.mustlammas-dev.in\/lt\/wp-json\/wp\/v2\/product_cat?post=70090"},{"taxonomy":"product_tag","embeddable":true,"href":"https:\/\/padelhaus.mustlammas-dev.in\/lt\/wp-json\/wp\/v2\/product_tag?post=70090"}],"curies":[{"name":"wp","href":"https:\/\/api.w.org\/{rel}","templated":true}]}}