{"id":70198,"date":"2026-02-06T14:58:19","date_gmt":"2026-02-06T12:58:19","guid":{"rendered":"https:\/\/padelhaus.mustlammas-dev.in\/pood\/adidas-arrow-hit-hexagon-2026\/"},"modified":"2026-02-08T08:11:40","modified_gmt":"2026-02-08T06:11:40","slug":"adidas-arrow-hit-hexagon-2026","status":"publish","type":"product","link":"https:\/\/padelhaus.mustlammas-dev.in\/lt\/parduotuve\/adidas-arrow-hit-hexagon-2026\/","title":{"rendered":"Adidas Arrow Hit Hexagon 2026"},"content":{"rendered":"<h4><b>Adidas Arrow Hit Hexagon \u2013 begalinis var\u017eyb\u0173 kv\u0117pavimas<\/b><\/h4>\n<p>&nbsp;<\/p>\n<p class=\"p3\"><span class=\"s2\"><b>Adidas Arrow Hit Hexagon<\/b><\/span> yra pagerbimas \u0161iuolaikiniam padelui ir grandioziniam Hexagon taur\u0117s turnyrui \u2013 novatori\u0161kam komand\u0173 var\u017eyb\u0173 formatui, kuris simbolizuoja ambicijas, spektakli\u0161kum\u0105 ir aistr\u0105 nuolat besivystan\u010diam sportui. \u0160i raket\u0117 sukurta \u017eaid\u0117jams, kurie ie\u0161ko puolan\u010di\u0173 emocij\u0173 nekompromituojant kontrol\u0117s. Auk\u0161tos kokyb\u0117s med\u017eiagos ir i\u0161skirtinis, \u0161iuolaikinis dizainas daro j\u0105 ginklu, kuriuo galima <span class=\"s2\"><b>valdyti tinkl\u0105, diktuoti temp\u0105 ir \u017eaisti u\u017etikrintai kiekvien\u0105 ta\u0161k\u0105<\/b><\/span>.  <\/p>\n<p>&nbsp;<\/p>\n<p class=\"p1\">\n<h4><b>Kontroliuojama j\u0117ga reikliam \u017eaid\u0117jui<\/b><\/h4>\n<p>&nbsp;<\/p>\n<p class=\"p3\">D\u0117ka <span class=\"s2\"><b>str\u0117l\u0117s formos<\/b><\/span> ir <span class=\"s2\"><b>\u0161iek tiek auk\u0161to balanso<\/b><\/span> Arrow Hit Hexagon skatina agresyv\u0173 \u017eaidim\u0105 \u2013 giliuosius sm\u016bgius ir galingus u\u017ebaigimus. Patogus jausmas ir efektyvus kamuoliuko i\u0161l\u0117kimas u\u017etikrina stabilum\u0105 net intensyviausiose kamuoliuko main\u0173 serijose. Idealus pasirinkimas <span class=\"s2\"><b>vidutinio lygio ir pa\u017eengusiems \u017eaid\u0117jams<\/b><\/span>, kurie nori savo \u017eaidim\u0105 pakelti \u012f kit\u0105 lyg\u012f, i\u0161laikydami jausm\u0105 ir patogum\u0105.  <\/p>\n<p class=\"p1\">\n<h4><b>Pagrindin\u0117s savyb\u0117s ir technologijos<\/b><\/h4>\n<p class=\"p1\">\n<ul>\n<li>\n<p class=\"p1\"><span class=\"s1\"><b>3K Carbon<\/b><\/span> \u2013 didesn\u0117 atsparumas ir ilgas tarnavimo laikas su patikimu sm\u016bgio atsaku<\/p>\n<\/li>\n<li>\n<p class=\"p1\"><span class=\"s1\"><b>EVA Soft Performance<\/b><\/span> \u2013 mink\u0161to jausmo \u0161erdis, geresnis kamuoliuko i\u0161l\u0117kimas ir vibracij\u0173 ma\u017einimas<\/p>\n<\/li>\n<li>\n<p class=\"p1\"><span class=\"s1\"><b>Head Heavy balansas<\/b><\/span> \u2013 papildoma j\u0117ga puolamiesiems sm\u016bgiams ir smash&#8217;ams<\/p>\n<\/li>\n<li>\n<p class=\"p1\"><span class=\"s1\"><b>Muscle Power System<\/b><\/span> \u2013 konstrukcijos stiprinimo elementai stabilumo ir stand\u017eio gerinimui<\/p>\n<\/li>\n<li>\n<p class=\"p1\"><span class=\"s1\"><b>3D Water Decal<\/b><\/span> \u2013 reljefi\u0161ka apdaila, pabr\u0117\u017eianti dizain\u0105 ir kokyb\u0119<\/p>\n<\/li>\n<li>\n<p class=\"p1\"><span class=\"s1\"><b>Svoris:<\/b><\/span> 360\u2013375 g \u2013 j\u0117gos ir manevravimo galimybi\u0173 balansas<\/p>\n<\/li>\n<\/ul>\n<p class=\"p1\">\n<h4><b>Puolantis, patikimas ir \u0161iuolaiki\u0161kas<\/b><\/h4>\n<p>&nbsp;<\/p>\n<p class=\"p3\">Adidas Arrow Hit Hexagon skirtas \u017eaid\u0117jui, kuris nori <span class=\"s2\"><b>pulti u\u017etikrintai<\/b><\/span>, i\u0161laikyti kontrol\u0119 ir m\u0117gautis \u017eaidimu kiekvienoje faz\u0117je. Jei ie\u0161kai raket\u0117s, kuri sujungia var\u017eyb\u0173 dvasi\u0105, kontroliuojam\u0105 j\u0117g\u0105 ir \u0161iuolaikin\u012f dizain\u0105, \u0161is modelis kaip tik tau. <\/p>\n","protected":false},"excerpt":{"rendered":"<p>Adidas Arrow Hit Hexagon \u2013 begalinis var\u017eyb\u0173 kv\u0117pavimas &nbsp; Adidas Arrow Hit Hexagon yra pagerbimas \u0161iuolaikiniam padelui ir grandioziniam Hexagon taur\u0117s turnyrui \u2013 novatori\u0161kam komand\u0173 var\u017eyb\u0173 formatui, kuris simbolizuoja ambicijas, spektakli\u0161kum\u0105 ir aistr\u0105 nuolat besivystan\u010diam sportui. \u0160i raket\u0117 sukurta \u017eaid\u0117jams, kurie ie\u0161ko puolan\u010di\u0173 emocij\u0173 nekompromituojant kontrol\u0117s. Auk\u0161tos kokyb\u0117s med\u017eiagos ir i\u0161skirtinis, \u0161iuolaikinis dizainas daro j\u0105 [&hellip;]<\/p>\n","protected":false},"featured_media":70199,"comment_status":"open","ping_status":"closed","template":"","meta":{"_eb_attr":""},"product_brand":[381],"product_cat":[395,252,273,275],"product_tag":[],"class_list":{"0":"post-70198","1":"product","2":"type-product","3":"status-publish","4":"has-post-thumbnail","6":"product_brand-adidas","7":"product_cat-adidas","8":"product_cat-padelio-raketes","9":"product_cat-pazenges","10":"product_cat-vyrai","11":"pa_kaal-360-375g","12":"pa_kuju-deimantas","13":"pa_mangustiil-puolimas","14":"pa_tasakaal-viduryje","15":"pa_tase-pazenges","16":"pa_varv-juoda","17":"pa_varv-zalia","20":"first","21":"instock","22":"sale","23":"taxable","24":"shipping-taxable","25":"purchasable","26":"product-type-simple"},"yoast_head":"<!-- This site is optimized with the Yoast SEO Premium plugin v27.1 (Yoast SEO v27.1.1) - https:\/\/yoast.com\/product\/yoast-seo-premium-wordpress\/ -->\n<title>Adidas Arrow Hit Hexagon 2026 | Padelhaus<\/title>\n<meta name=\"description\" content=\"Ie\u0161kai naujos padelio raket\u0117s gera kaina? Padelhaus si\u016blo geriausi\u0105 padelio rake\u010di\u0173 pasirinkim\u0105 kiekvienam lygiui \u2013 tavo padelio parduotuv\u0117.\" \/>\n<meta name=\"robots\" content=\"noindex, follow, max-snippet:-1, max-image-preview:large, max-video-preview:-1\" \/>\n<meta property=\"og:locale\" content=\"lt_LT\" \/>\n<meta property=\"og:type\" content=\"article\" \/>\n<meta property=\"og:title\" content=\"Adidas Arrow Hit Hexagon 2026\" \/>\n<meta property=\"og:description\" content=\"Ie\u0161kai naujos padelio raket\u0117s gera kaina? Padelhaus si\u016blo geriausi\u0105 padelio rake\u010di\u0173 pasirinkim\u0105 kiekvienam lygiui \u2013 tavo padelio parduotuv\u0117.\" \/>\n<meta property=\"og:url\" content=\"https:\/\/padelhaus.mustlammas-dev.in\/lt\/parduotuve\/adidas-arrow-hit-hexagon-2026\/\" \/>\n<meta property=\"og:site_name\" content=\"Padelhaus\" \/>\n<meta property=\"article:modified_time\" content=\"2026-02-08T06:11:40+00:00\" \/>\n<meta property=\"og:image\" content=\"https:\/\/padel-haus.lt\/wp-content\/uploads\/2026\/02\/1-1.webp\" \/>\n\t<meta property=\"og:image:width\" content=\"1000\" \/>\n\t<meta property=\"og:image:height\" content=\"1000\" \/>\n\t<meta property=\"og:image:type\" content=\"image\/webp\" \/>\n<meta name=\"twitter:card\" content=\"summary_large_image\" \/>\n<meta name=\"twitter:label1\" content=\"Price\" \/>\n\t<meta name=\"twitter:data1\" content=\"239,95&nbsp;&euro;\" \/>\n\t<meta name=\"twitter:label2\" content=\"Availability\" \/>\n\t<meta name=\"twitter:data2\" content=\"In stock\" \/>\n<script type=\"application\/ld+json\" class=\"yoast-schema-graph\">{\"@context\":\"https:\/\/schema.org\",\"@graph\":[{\"@type\":[\"WebPage\",\"ItemPage\"],\"@id\":\"https:\/\/padelhaus.mustlammas-dev.in\/lt\/parduotuve\/adidas-arrow-hit-hexagon-2026\/\",\"url\":\"https:\/\/padelhaus.mustlammas-dev.in\/lt\/parduotuve\/adidas-arrow-hit-hexagon-2026\/\",\"name\":\"Adidas Arrow Hit Hexagon 2026 | Padelhaus\",\"isPartOf\":{\"@id\":\"https:\/\/padelhaus.mustlammas-dev.in\/lt\/#website\"},\"primaryImageOfPage\":{\"@id\":\"https:\/\/padelhaus.mustlammas-dev.in\/lt\/parduotuve\/adidas-arrow-hit-hexagon-2026\/#primaryimage\"},\"image\":{\"@id\":\"https:\/\/padelhaus.mustlammas-dev.in\/lt\/parduotuve\/adidas-arrow-hit-hexagon-2026\/#primaryimage\"},\"thumbnailUrl\":\"https:\/\/padelhaus.mustlammas-dev.in\/wp-content\/uploads\/2026\/02\/1-1.webp\",\"datePublished\":\"2026-02-06T12:58:19+00:00\",\"dateModified\":\"2026-02-08T06:11:40+00:00\",\"description\":\"Ie\u0161kai naujos padelio raket\u0117s gera kaina? Padelhaus si\u016blo geriausi\u0105 padelio rake\u010di\u0173 pasirinkim\u0105 kiekvienam lygiui \u2013 tavo padelio parduotuv\u0117.\",\"breadcrumb\":{\"@id\":\"https:\/\/padelhaus.mustlammas-dev.in\/lt\/parduotuve\/adidas-arrow-hit-hexagon-2026\/#breadcrumb\"},\"inLanguage\":\"lt-LT\",\"potentialAction\":[{\"@type\":\"ReadAction\",\"target\":[\"https:\/\/padelhaus.mustlammas-dev.in\/lt\/parduotuve\/adidas-arrow-hit-hexagon-2026\/\"]}]},{\"@type\":\"ImageObject\",\"inLanguage\":\"lt-LT\",\"@id\":\"https:\/\/padelhaus.mustlammas-dev.in\/lt\/parduotuve\/adidas-arrow-hit-hexagon-2026\/#primaryimage\",\"url\":\"https:\/\/padelhaus.mustlammas-dev.in\/wp-content\/uploads\/2026\/02\/1-1.webp\",\"contentUrl\":\"https:\/\/padelhaus.mustlammas-dev.in\/wp-content\/uploads\/2026\/02\/1-1.webp\",\"width\":1000,\"height\":1000},{\"@type\":\"BreadcrumbList\",\"@id\":\"https:\/\/padelhaus.mustlammas-dev.in\/lt\/parduotuve\/adidas-arrow-hit-hexagon-2026\/#breadcrumb\",\"itemListElement\":[{\"@type\":\"ListItem\",\"position\":1,\"name\":\"Prad\u017eia\",\"item\":\"https:\/\/padel-haus.lt\/\"},{\"@type\":\"ListItem\",\"position\":2,\"name\":\"Parduotuv\u0117\",\"item\":\"https:\/\/padel-haus.lt\/parduotuve\/\"},{\"@type\":\"ListItem\",\"position\":3,\"name\":\"Adidas Arrow Hit Hexagon 2026\"}]},{\"@type\":\"WebSite\",\"@id\":\"https:\/\/padelhaus.mustlammas-dev.in\/lt\/#website\",\"url\":\"https:\/\/padelhaus.mustlammas-dev.in\/lt\/\",\"name\":\"Claude Padelhaus\",\"description\":\"Sinu padelivarustuse kodu\",\"publisher\":{\"@id\":\"https:\/\/padelhaus.mustlammas-dev.in\/lt\/#organization\"},\"potentialAction\":[{\"@type\":\"SearchAction\",\"target\":{\"@type\":\"EntryPoint\",\"urlTemplate\":\"https:\/\/padelhaus.mustlammas-dev.in\/lt\/?s={search_term_string}\"},\"query-input\":{\"@type\":\"PropertyValueSpecification\",\"valueRequired\":true,\"valueName\":\"search_term_string\"}}],\"inLanguage\":\"lt-LT\"},{\"@type\":\"Organization\",\"@id\":\"https:\/\/padelhaus.mustlammas-dev.in\/lt\/#organization\",\"name\":\"Claude Padelhaus\",\"url\":\"https:\/\/padelhaus.mustlammas-dev.in\/lt\/\",\"logo\":{\"@type\":\"ImageObject\",\"inLanguage\":\"lt-LT\",\"@id\":\"https:\/\/padelhaus.mustlammas-dev.in\/lt\/#\/schema\/logo\/image\/\",\"url\":\"https:\/\/padelhaus.mustlammas-dev.in\/wp-content\/uploads\/2025\/05\/Logo-1.png\",\"contentUrl\":\"https:\/\/padelhaus.mustlammas-dev.in\/wp-content\/uploads\/2025\/05\/Logo-1.png\",\"width\":280,\"height\":115,\"caption\":\"Claude Padelhaus\"},\"image\":{\"@id\":\"https:\/\/padelhaus.mustlammas-dev.in\/lt\/#\/schema\/logo\/image\/\"}}]}<\/script>\n<meta property=\"product:price:amount\" content=\"239.95\" \/>\n<meta property=\"product:price:currency\" content=\"EUR\" \/>\n<meta property=\"og:availability\" content=\"instock\" \/>\n<meta property=\"product:availability\" content=\"instock\" \/>\n<meta property=\"product:retailer_item_id\" content=\"ADI-R-49\" \/>\n<meta property=\"product:condition\" content=\"new\" \/>\n<!-- \/ Yoast SEO Premium plugin. -->","yoast_head_json":{"title":"Adidas Arrow Hit Hexagon 2026 | Padelhaus","description":"Ie\u0161kai naujos padelio raket\u0117s gera kaina? Padelhaus si\u016blo geriausi\u0105 padelio rake\u010di\u0173 pasirinkim\u0105 kiekvienam lygiui \u2013 tavo padelio parduotuv\u0117.","robots":{"index":"noindex","follow":"follow","max-snippet":"max-snippet:-1","max-image-preview":"max-image-preview:large","max-video-preview":"max-video-preview:-1"},"og_locale":"lt_LT","og_type":"article","og_title":"Adidas Arrow Hit Hexagon 2026","og_description":"Ie\u0161kai naujos padelio raket\u0117s gera kaina? Padelhaus si\u016blo geriausi\u0105 padelio rake\u010di\u0173 pasirinkim\u0105 kiekvienam lygiui \u2013 tavo padelio parduotuv\u0117.","og_url":"https:\/\/padelhaus.mustlammas-dev.in\/lt\/parduotuve\/adidas-arrow-hit-hexagon-2026\/","og_site_name":"Padelhaus","article_modified_time":"2026-02-08T06:11:40+00:00","og_image":[{"width":1000,"height":1000,"url":"https:\/\/padel-haus.lt\/wp-content\/uploads\/2026\/02\/1-1.webp","type":"image\/webp"}],"twitter_card":"summary_large_image","twitter_misc":{"Price":"239,95&nbsp;&euro;","Availability":"In stock"},"schema":{"@context":"https:\/\/schema.org","@graph":[{"@type":["WebPage","ItemPage"],"@id":"https:\/\/padelhaus.mustlammas-dev.in\/lt\/parduotuve\/adidas-arrow-hit-hexagon-2026\/","url":"https:\/\/padelhaus.mustlammas-dev.in\/lt\/parduotuve\/adidas-arrow-hit-hexagon-2026\/","name":"Adidas Arrow Hit Hexagon 2026 | Padelhaus","isPartOf":{"@id":"https:\/\/padelhaus.mustlammas-dev.in\/lt\/#website"},"primaryImageOfPage":{"@id":"https:\/\/padelhaus.mustlammas-dev.in\/lt\/parduotuve\/adidas-arrow-hit-hexagon-2026\/#primaryimage"},"image":{"@id":"https:\/\/padelhaus.mustlammas-dev.in\/lt\/parduotuve\/adidas-arrow-hit-hexagon-2026\/#primaryimage"},"thumbnailUrl":"https:\/\/padelhaus.mustlammas-dev.in\/wp-content\/uploads\/2026\/02\/1-1.webp","datePublished":"2026-02-06T12:58:19+00:00","dateModified":"2026-02-08T06:11:40+00:00","description":"Ie\u0161kai naujos padelio raket\u0117s gera kaina? Padelhaus si\u016blo geriausi\u0105 padelio rake\u010di\u0173 pasirinkim\u0105 kiekvienam lygiui \u2013 tavo padelio parduotuv\u0117.","breadcrumb":{"@id":"https:\/\/padelhaus.mustlammas-dev.in\/lt\/parduotuve\/adidas-arrow-hit-hexagon-2026\/#breadcrumb"},"inLanguage":"lt-LT","potentialAction":[{"@type":"ReadAction","target":["https:\/\/padelhaus.mustlammas-dev.in\/lt\/parduotuve\/adidas-arrow-hit-hexagon-2026\/"]}]},{"@type":"ImageObject","inLanguage":"lt-LT","@id":"https:\/\/padelhaus.mustlammas-dev.in\/lt\/parduotuve\/adidas-arrow-hit-hexagon-2026\/#primaryimage","url":"https:\/\/padelhaus.mustlammas-dev.in\/wp-content\/uploads\/2026\/02\/1-1.webp","contentUrl":"https:\/\/padelhaus.mustlammas-dev.in\/wp-content\/uploads\/2026\/02\/1-1.webp","width":1000,"height":1000},{"@type":"BreadcrumbList","@id":"https:\/\/padelhaus.mustlammas-dev.in\/lt\/parduotuve\/adidas-arrow-hit-hexagon-2026\/#breadcrumb","itemListElement":[{"@type":"ListItem","position":1,"name":"Prad\u017eia","item":"https:\/\/padel-haus.lt\/"},{"@type":"ListItem","position":2,"name":"Parduotuv\u0117","item":"https:\/\/padel-haus.lt\/parduotuve\/"},{"@type":"ListItem","position":3,"name":"Adidas Arrow Hit Hexagon 2026"}]},{"@type":"WebSite","@id":"https:\/\/padelhaus.mustlammas-dev.in\/lt\/#website","url":"https:\/\/padelhaus.mustlammas-dev.in\/lt\/","name":"Claude Padelhaus","description":"Sinu padelivarustuse kodu","publisher":{"@id":"https:\/\/padelhaus.mustlammas-dev.in\/lt\/#organization"},"potentialAction":[{"@type":"SearchAction","target":{"@type":"EntryPoint","urlTemplate":"https:\/\/padelhaus.mustlammas-dev.in\/lt\/?s={search_term_string}"},"query-input":{"@type":"PropertyValueSpecification","valueRequired":true,"valueName":"search_term_string"}}],"inLanguage":"lt-LT"},{"@type":"Organization","@id":"https:\/\/padelhaus.mustlammas-dev.in\/lt\/#organization","name":"Claude Padelhaus","url":"https:\/\/padelhaus.mustlammas-dev.in\/lt\/","logo":{"@type":"ImageObject","inLanguage":"lt-LT","@id":"https:\/\/padelhaus.mustlammas-dev.in\/lt\/#\/schema\/logo\/image\/","url":"https:\/\/padelhaus.mustlammas-dev.in\/wp-content\/uploads\/2025\/05\/Logo-1.png","contentUrl":"https:\/\/padelhaus.mustlammas-dev.in\/wp-content\/uploads\/2025\/05\/Logo-1.png","width":280,"height":115,"caption":"Claude Padelhaus"},"image":{"@id":"https:\/\/padelhaus.mustlammas-dev.in\/lt\/#\/schema\/logo\/image\/"}}]},"product_price_amount":"239.95","product_price_currency":"EUR","og_availability":"instock","product_availability":"instock","product_retailer_item_id":"ADI-R-49","product_condition":"new"},"_links":{"self":[{"href":"https:\/\/padelhaus.mustlammas-dev.in\/lt\/wp-json\/wp\/v2\/product\/70198","targetHints":{"allow":["GET"]}}],"collection":[{"href":"https:\/\/padelhaus.mustlammas-dev.in\/lt\/wp-json\/wp\/v2\/product"}],"about":[{"href":"https:\/\/padelhaus.mustlammas-dev.in\/lt\/wp-json\/wp\/v2\/types\/product"}],"replies":[{"embeddable":true,"href":"https:\/\/padelhaus.mustlammas-dev.in\/lt\/wp-json\/wp\/v2\/comments?post=70198"}],"wp:featuredmedia":[{"embeddable":true,"href":"https:\/\/padelhaus.mustlammas-dev.in\/lt\/wp-json\/wp\/v2\/media\/70199"}],"wp:attachment":[{"href":"https:\/\/padelhaus.mustlammas-dev.in\/lt\/wp-json\/wp\/v2\/media?parent=70198"}],"wp:term":[{"taxonomy":"product_brand","embeddable":true,"href":"https:\/\/padelhaus.mustlammas-dev.in\/lt\/wp-json\/wp\/v2\/product_brand?post=70198"},{"taxonomy":"product_cat","embeddable":true,"href":"https:\/\/padelhaus.mustlammas-dev.in\/lt\/wp-json\/wp\/v2\/product_cat?post=70198"},{"taxonomy":"product_tag","embeddable":true,"href":"https:\/\/padelhaus.mustlammas-dev.in\/lt\/wp-json\/wp\/v2\/product_tag?post=70198"}],"curies":[{"name":"wp","href":"https:\/\/api.w.org\/{rel}","templated":true}]}}