{"id":70252,"date":"2026-02-09T18:16:25","date_gmt":"2026-02-09T16:16:25","guid":{"rendered":"https:\/\/padelhaus.mustlammas-dev.in\/pood\/bullpadel-hack-04-hybrid-cloud-2026\/"},"modified":"2026-02-10T13:16:47","modified_gmt":"2026-02-10T11:16:47","slug":"bullpadel-hack-04-hybrid-cloud-2026","status":"publish","type":"product","link":"https:\/\/padelhaus.mustlammas-dev.in\/lt\/parduotuve\/bullpadel-hack-04-hybrid-cloud-2026\/","title":{"rendered":"Bullpadel Hack 04 Hybrid Cloud 2026"},"content":{"rendered":"<h4><b>Bullpadel Hack 04 Hybrid Cloud \u2013 dinami\u0161ka j\u0117ga nauju b\u016bdu<\/b><\/h4>\n<p>&nbsp;<\/p>\n<p class=\"p3\"><span class=\"s2\"><b>Bullpadel Hack 04 Hybrid Cloud<\/b><\/span> i\u0161 naujo apibr\u0117\u017eia j\u0117g\u0105 padel raket\u0117je. Vietoj grubios j\u0117gos \u0161is modelis orientuojasi \u012f <span class=\"s2\"><b>dinami\u0161k\u0105 j\u0117g\u0105<\/b><\/span>, kur \u017eaid\u0117jo judesio greitis paver\u010diamas kinetine energija \u2013 rezultatas yra sklandesni, tikslesni ir galingesni sm\u016bgiai.<\/p>\n<p class=\"p3\"><span class=\"s2\"><b>Apvalus hibridinis formos<\/b><\/span> ir <span class=\"s2\"><b>\u017eemas balansas<\/b><\/span> daro j\u0105 universalia rakete, kuri idealiai prisitaiko prie \u017eaid\u0117jo, norin\u010dio auk\u0161to na\u0161umo neaukojant patogumo.<\/p>\n<h4><b>\u017daisk ilgiau, ma\u017eiau \u012ftempdamas<\/b><\/h4>\n<p>&nbsp;<\/p>\n<p class=\"p3\">Did\u017eiausias Cloud versijos prana\u0161umas yra jos <span class=\"s2\"><b>patogus ir lengvas \u017eaidimas<\/b><\/span>, kuris suma\u017eina vibracij\u0105 kiekvieno kontakto metu. Tai pagerina \u017eaidimo patirt\u012f ir padeda suma\u017einti nuovarg\u012f bei galim\u0105 diskomfort\u0105.<\/p>\n<p class=\"p3\">Mink\u0161tas poj\u016btis ir <span class=\"s2\"><b>New Blue Soft EVA<\/b><\/span> \u0161erdis u\u017etikrina mink\u0161t\u0105 sm\u016bgio kontakt\u0105, garantuojant\u012f <span class=\"s2\"><b>visi\u0161k\u0105 kontrol\u0119 gynyboje<\/b><\/span> ir <span class=\"s2\"><b>dinami\u0161k\u0105 atsak\u0105 puolime<\/b><\/span>.<\/p>\n<h4><b>Pagrindin\u0117s technologijos ir savyb\u0117s<\/b><\/h4>\n<ul>\n<li>\n<p class=\"p1\"><span class=\"s1\"><b>Dynamic Power<\/b><\/span> \u2013 paver\u010dia judesio greit\u012f energija tikslesni\u0173 ir sprogstam\u0173j\u0173 sm\u016bgi\u0173 tikslais<\/p>\n<\/li>\n<li>\n<p class=\"p1\"><span class=\"s1\"><b>Hibridinis apvalus formos<\/b><\/span> \u2013 didesn\u0117 sald\u017eioji zona ir balansas tarp kontrol\u0117s bei j\u0117gos<\/p>\n<\/li>\n<li>\n<p class=\"p1\"><span class=\"s1\"><b>Stikloplas\u010dio konstrukcija<\/b><\/span> \u2013 lankstumas ir patengesnis poj\u016btis<\/p>\n<\/li>\n<li>\n<p class=\"p1\"><span class=\"s1\"><b>New Blue Soft EVA \u0161erdis<\/b><\/span> \u2013 geresnis patogumas, vibracij\u0173 slopinimas ir kamuoliuko i\u0161skridimas<\/p>\n<\/li>\n<li>\n<p class=\"p1\"><span class=\"s1\"><b>\u017demas balansas<\/b><\/span> \u2013 didesnis manevringumas ir ma\u017eesnis \u012ftempimas kiekviename sm\u016bgyje<\/p>\n<\/li>\n<li>\n<p class=\"p1\"><span class=\"s1\"><b>3D Grain \u0161iurk\u0161tus pavir\u0161ius<\/b><\/span> \u2013 geresn\u0117 kamuoliuko kontrol\u0117 ir lengvesnis sukimo prid\u0117jimas<\/p>\n<\/li>\n<li>\n<p class=\"p1\"><span class=\"s1\"><b>Svoris:<\/b><\/span> 365\u2013375 g<\/p>\n<\/li>\n<li>\n<p class=\"p1\"><span class=\"s1\"><b>Profilis:<\/b><\/span> 38 mm \u2013 profesional\u016bs matmenys pa\u017eengusiam \u017eaid\u0117jui<\/p>\n<\/li>\n<\/ul>\n<h4><b>Patogus na\u0161umas pa\u017eengusiam \u017eaid\u0117jui<\/b><\/h4>\n<p>&nbsp;<\/p>\n<p class=\"p3\">Bullpadel Hack 04 Hybrid Cloud yra idealus pasirinkimas \u017eaid\u0117jui, ie\u0161kan\u010diam <span class=\"s2\"><b>kontroliuojamos ir skland\u017eios j\u0117gos<\/b><\/span>, suma\u017eint\u0173 vibracij\u0173 bei galimyb\u0117s \u017eaisti auk\u0161tu lygiu ilgesnius ma\u010dus be per didelio kr\u016bvio.<\/p>\n","protected":false},"excerpt":{"rendered":"<p>Bullpadel Hack 04 Hybrid Cloud \u2013 dinami\u0161ka j\u0117ga nauju b\u016bdu &nbsp; Bullpadel Hack 04 Hybrid Cloud i\u0161 naujo apibr\u0117\u017eia j\u0117g\u0105 padel raket\u0117je. Vietoj grubios j\u0117gos \u0161is modelis orientuojasi \u012f dinami\u0161k\u0105 j\u0117g\u0105, kur \u017eaid\u0117jo judesio greitis paver\u010diamas kinetine energija \u2013 rezultatas yra sklandesni, tikslesni ir galingesni sm\u016bgiai. Apvalus hibridinis formos ir \u017eemas balansas daro j\u0105 universalia [&hellip;]<\/p>\n","protected":false},"featured_media":70253,"comment_status":"open","ping_status":"closed","template":"","meta":{"_eb_attr":""},"product_brand":[334],"product_cat":[335,252,341,275],"product_tag":[],"class_list":{"0":"post-70252","1":"product","2":"type-product","3":"status-publish","4":"has-post-thumbnail","6":"product_brand-bullpadel","7":"product_cat-bullpadel","8":"product_cat-padelio-raketes","9":"product_cat-vidutinis-lygis","10":"product_cat-vyrai","11":"pa_kaal-360-375g","12":"pa_kuju-lasas","13":"pa_mangustiil-hibridine","14":"pa_tasakaal-zema","15":"pa_tase-pazenges","16":"pa_tase-vidutinis-lygis","17":"pa_varv-pilka","20":"first","21":"instock","22":"sale","23":"taxable","24":"shipping-taxable","25":"purchasable","26":"product-type-simple"},"yoast_head":"<!-- This site is optimized with the Yoast SEO Premium plugin v27.1 (Yoast SEO v27.1.1) - https:\/\/yoast.com\/product\/yoast-seo-premium-wordpress\/ -->\n<title>Bullpadel Hack 04 Hybrid Cloud 2026 | Padelhaus<\/title>\n<meta name=\"description\" content=\"Ie\u0161kai naujos padelio raket\u0117s gera kaina? Padelhaus si\u016blo geriausi\u0105 padelio rake\u010di\u0173 pasirinkim\u0105 kiekvienam lygiui \u2013 tavo padelio parduotuv\u0117.\" \/>\n<meta name=\"robots\" content=\"noindex, follow, max-snippet:-1, max-image-preview:large, max-video-preview:-1\" \/>\n<meta property=\"og:locale\" content=\"lt_LT\" \/>\n<meta property=\"og:type\" content=\"article\" \/>\n<meta property=\"og:title\" content=\"Bullpadel Hack 04 Hybrid Cloud 2026\" \/>\n<meta property=\"og:description\" content=\"Ie\u0161kai naujos padelio raket\u0117s gera kaina? Padelhaus si\u016blo geriausi\u0105 padelio rake\u010di\u0173 pasirinkim\u0105 kiekvienam lygiui \u2013 tavo padelio parduotuv\u0117.\" \/>\n<meta property=\"og:url\" content=\"https:\/\/padelhaus.mustlammas-dev.in\/lt\/parduotuve\/bullpadel-hack-04-hybrid-cloud-2026\/\" \/>\n<meta property=\"og:site_name\" content=\"Padelhaus\" \/>\n<meta property=\"article:modified_time\" content=\"2026-02-10T11:16:47+00:00\" \/>\n<meta property=\"og:image\" content=\"https:\/\/padel-haus.lt\/wp-content\/uploads\/2026\/02\/2-1.webp\" \/>\n\t<meta property=\"og:image:width\" content=\"1000\" \/>\n\t<meta property=\"og:image:height\" content=\"1000\" \/>\n\t<meta property=\"og:image:type\" content=\"image\/webp\" \/>\n<meta name=\"twitter:card\" content=\"summary_large_image\" \/>\n<meta name=\"twitter:label1\" content=\"Price\" \/>\n\t<meta name=\"twitter:data1\" content=\"199,95&nbsp;&euro;\" \/>\n\t<meta name=\"twitter:label2\" content=\"Availability\" \/>\n\t<meta name=\"twitter:data2\" content=\"In stock\" \/>\n<script type=\"application\/ld+json\" class=\"yoast-schema-graph\">{\"@context\":\"https:\/\/schema.org\",\"@graph\":[{\"@type\":[\"WebPage\",\"ItemPage\"],\"@id\":\"https:\/\/padelhaus.mustlammas-dev.in\/lt\/parduotuve\/bullpadel-hack-04-hybrid-cloud-2026\/\",\"url\":\"https:\/\/padelhaus.mustlammas-dev.in\/lt\/parduotuve\/bullpadel-hack-04-hybrid-cloud-2026\/\",\"name\":\"Bullpadel Hack 04 Hybrid Cloud 2026 | Padelhaus\",\"isPartOf\":{\"@id\":\"https:\/\/padelhaus.mustlammas-dev.in\/lt\/#website\"},\"primaryImageOfPage\":{\"@id\":\"https:\/\/padelhaus.mustlammas-dev.in\/lt\/parduotuve\/bullpadel-hack-04-hybrid-cloud-2026\/#primaryimage\"},\"image\":{\"@id\":\"https:\/\/padelhaus.mustlammas-dev.in\/lt\/parduotuve\/bullpadel-hack-04-hybrid-cloud-2026\/#primaryimage\"},\"thumbnailUrl\":\"https:\/\/padelhaus.mustlammas-dev.in\/wp-content\/uploads\/2026\/02\/2-1.webp\",\"datePublished\":\"2026-02-09T16:16:25+00:00\",\"dateModified\":\"2026-02-10T11:16:47+00:00\",\"description\":\"Ie\u0161kai naujos padelio raket\u0117s gera kaina? Padelhaus si\u016blo geriausi\u0105 padelio rake\u010di\u0173 pasirinkim\u0105 kiekvienam lygiui \u2013 tavo padelio parduotuv\u0117.\",\"breadcrumb\":{\"@id\":\"https:\/\/padelhaus.mustlammas-dev.in\/lt\/parduotuve\/bullpadel-hack-04-hybrid-cloud-2026\/#breadcrumb\"},\"inLanguage\":\"lt-LT\",\"potentialAction\":[{\"@type\":\"ReadAction\",\"target\":[\"https:\/\/padelhaus.mustlammas-dev.in\/lt\/parduotuve\/bullpadel-hack-04-hybrid-cloud-2026\/\"]}]},{\"@type\":\"ImageObject\",\"inLanguage\":\"lt-LT\",\"@id\":\"https:\/\/padelhaus.mustlammas-dev.in\/lt\/parduotuve\/bullpadel-hack-04-hybrid-cloud-2026\/#primaryimage\",\"url\":\"https:\/\/padelhaus.mustlammas-dev.in\/wp-content\/uploads\/2026\/02\/2-1.webp\",\"contentUrl\":\"https:\/\/padelhaus.mustlammas-dev.in\/wp-content\/uploads\/2026\/02\/2-1.webp\",\"width\":1000,\"height\":1000},{\"@type\":\"BreadcrumbList\",\"@id\":\"https:\/\/padelhaus.mustlammas-dev.in\/lt\/parduotuve\/bullpadel-hack-04-hybrid-cloud-2026\/#breadcrumb\",\"itemListElement\":[{\"@type\":\"ListItem\",\"position\":1,\"name\":\"Prad\u017eia\",\"item\":\"https:\/\/padel-haus.lt\/\"},{\"@type\":\"ListItem\",\"position\":2,\"name\":\"Parduotuv\u0117\",\"item\":\"https:\/\/padel-haus.lt\/parduotuve\/\"},{\"@type\":\"ListItem\",\"position\":3,\"name\":\"Bullpadel Hack 04 Hybrid Cloud 2026\"}]},{\"@type\":\"WebSite\",\"@id\":\"https:\/\/padelhaus.mustlammas-dev.in\/lt\/#website\",\"url\":\"https:\/\/padelhaus.mustlammas-dev.in\/lt\/\",\"name\":\"Claude Padelhaus\",\"description\":\"Sinu padelivarustuse kodu\",\"publisher\":{\"@id\":\"https:\/\/padelhaus.mustlammas-dev.in\/lt\/#organization\"},\"potentialAction\":[{\"@type\":\"SearchAction\",\"target\":{\"@type\":\"EntryPoint\",\"urlTemplate\":\"https:\/\/padelhaus.mustlammas-dev.in\/lt\/?s={search_term_string}\"},\"query-input\":{\"@type\":\"PropertyValueSpecification\",\"valueRequired\":true,\"valueName\":\"search_term_string\"}}],\"inLanguage\":\"lt-LT\"},{\"@type\":\"Organization\",\"@id\":\"https:\/\/padelhaus.mustlammas-dev.in\/lt\/#organization\",\"name\":\"Claude Padelhaus\",\"url\":\"https:\/\/padelhaus.mustlammas-dev.in\/lt\/\",\"logo\":{\"@type\":\"ImageObject\",\"inLanguage\":\"lt-LT\",\"@id\":\"https:\/\/padelhaus.mustlammas-dev.in\/lt\/#\/schema\/logo\/image\/\",\"url\":\"https:\/\/padelhaus.mustlammas-dev.in\/wp-content\/uploads\/2025\/05\/Logo-1.png\",\"contentUrl\":\"https:\/\/padelhaus.mustlammas-dev.in\/wp-content\/uploads\/2025\/05\/Logo-1.png\",\"width\":280,\"height\":115,\"caption\":\"Claude Padelhaus\"},\"image\":{\"@id\":\"https:\/\/padelhaus.mustlammas-dev.in\/lt\/#\/schema\/logo\/image\/\"}}]}<\/script>\n<meta property=\"product:price:amount\" content=\"199.95\" \/>\n<meta property=\"product:price:currency\" content=\"EUR\" \/>\n<meta property=\"og:availability\" content=\"instock\" \/>\n<meta property=\"product:availability\" content=\"instock\" \/>\n<meta property=\"product:retailer_item_id\" content=\"BUL-R-47\" \/>\n<meta property=\"product:condition\" content=\"new\" \/>\n<!-- \/ Yoast SEO Premium plugin. -->","yoast_head_json":{"title":"Bullpadel Hack 04 Hybrid Cloud 2026 | Padelhaus","description":"Ie\u0161kai naujos padelio raket\u0117s gera kaina? Padelhaus si\u016blo geriausi\u0105 padelio rake\u010di\u0173 pasirinkim\u0105 kiekvienam lygiui \u2013 tavo padelio parduotuv\u0117.","robots":{"index":"noindex","follow":"follow","max-snippet":"max-snippet:-1","max-image-preview":"max-image-preview:large","max-video-preview":"max-video-preview:-1"},"og_locale":"lt_LT","og_type":"article","og_title":"Bullpadel Hack 04 Hybrid Cloud 2026","og_description":"Ie\u0161kai naujos padelio raket\u0117s gera kaina? Padelhaus si\u016blo geriausi\u0105 padelio rake\u010di\u0173 pasirinkim\u0105 kiekvienam lygiui \u2013 tavo padelio parduotuv\u0117.","og_url":"https:\/\/padelhaus.mustlammas-dev.in\/lt\/parduotuve\/bullpadel-hack-04-hybrid-cloud-2026\/","og_site_name":"Padelhaus","article_modified_time":"2026-02-10T11:16:47+00:00","og_image":[{"width":1000,"height":1000,"url":"https:\/\/padel-haus.lt\/wp-content\/uploads\/2026\/02\/2-1.webp","type":"image\/webp"}],"twitter_card":"summary_large_image","twitter_misc":{"Price":"199,95&nbsp;&euro;","Availability":"In stock"},"schema":{"@context":"https:\/\/schema.org","@graph":[{"@type":["WebPage","ItemPage"],"@id":"https:\/\/padelhaus.mustlammas-dev.in\/lt\/parduotuve\/bullpadel-hack-04-hybrid-cloud-2026\/","url":"https:\/\/padelhaus.mustlammas-dev.in\/lt\/parduotuve\/bullpadel-hack-04-hybrid-cloud-2026\/","name":"Bullpadel Hack 04 Hybrid Cloud 2026 | Padelhaus","isPartOf":{"@id":"https:\/\/padelhaus.mustlammas-dev.in\/lt\/#website"},"primaryImageOfPage":{"@id":"https:\/\/padelhaus.mustlammas-dev.in\/lt\/parduotuve\/bullpadel-hack-04-hybrid-cloud-2026\/#primaryimage"},"image":{"@id":"https:\/\/padelhaus.mustlammas-dev.in\/lt\/parduotuve\/bullpadel-hack-04-hybrid-cloud-2026\/#primaryimage"},"thumbnailUrl":"https:\/\/padelhaus.mustlammas-dev.in\/wp-content\/uploads\/2026\/02\/2-1.webp","datePublished":"2026-02-09T16:16:25+00:00","dateModified":"2026-02-10T11:16:47+00:00","description":"Ie\u0161kai naujos padelio raket\u0117s gera kaina? Padelhaus si\u016blo geriausi\u0105 padelio rake\u010di\u0173 pasirinkim\u0105 kiekvienam lygiui \u2013 tavo padelio parduotuv\u0117.","breadcrumb":{"@id":"https:\/\/padelhaus.mustlammas-dev.in\/lt\/parduotuve\/bullpadel-hack-04-hybrid-cloud-2026\/#breadcrumb"},"inLanguage":"lt-LT","potentialAction":[{"@type":"ReadAction","target":["https:\/\/padelhaus.mustlammas-dev.in\/lt\/parduotuve\/bullpadel-hack-04-hybrid-cloud-2026\/"]}]},{"@type":"ImageObject","inLanguage":"lt-LT","@id":"https:\/\/padelhaus.mustlammas-dev.in\/lt\/parduotuve\/bullpadel-hack-04-hybrid-cloud-2026\/#primaryimage","url":"https:\/\/padelhaus.mustlammas-dev.in\/wp-content\/uploads\/2026\/02\/2-1.webp","contentUrl":"https:\/\/padelhaus.mustlammas-dev.in\/wp-content\/uploads\/2026\/02\/2-1.webp","width":1000,"height":1000},{"@type":"BreadcrumbList","@id":"https:\/\/padelhaus.mustlammas-dev.in\/lt\/parduotuve\/bullpadel-hack-04-hybrid-cloud-2026\/#breadcrumb","itemListElement":[{"@type":"ListItem","position":1,"name":"Prad\u017eia","item":"https:\/\/padel-haus.lt\/"},{"@type":"ListItem","position":2,"name":"Parduotuv\u0117","item":"https:\/\/padel-haus.lt\/parduotuve\/"},{"@type":"ListItem","position":3,"name":"Bullpadel Hack 04 Hybrid Cloud 2026"}]},{"@type":"WebSite","@id":"https:\/\/padelhaus.mustlammas-dev.in\/lt\/#website","url":"https:\/\/padelhaus.mustlammas-dev.in\/lt\/","name":"Claude Padelhaus","description":"Sinu padelivarustuse kodu","publisher":{"@id":"https:\/\/padelhaus.mustlammas-dev.in\/lt\/#organization"},"potentialAction":[{"@type":"SearchAction","target":{"@type":"EntryPoint","urlTemplate":"https:\/\/padelhaus.mustlammas-dev.in\/lt\/?s={search_term_string}"},"query-input":{"@type":"PropertyValueSpecification","valueRequired":true,"valueName":"search_term_string"}}],"inLanguage":"lt-LT"},{"@type":"Organization","@id":"https:\/\/padelhaus.mustlammas-dev.in\/lt\/#organization","name":"Claude Padelhaus","url":"https:\/\/padelhaus.mustlammas-dev.in\/lt\/","logo":{"@type":"ImageObject","inLanguage":"lt-LT","@id":"https:\/\/padelhaus.mustlammas-dev.in\/lt\/#\/schema\/logo\/image\/","url":"https:\/\/padelhaus.mustlammas-dev.in\/wp-content\/uploads\/2025\/05\/Logo-1.png","contentUrl":"https:\/\/padelhaus.mustlammas-dev.in\/wp-content\/uploads\/2025\/05\/Logo-1.png","width":280,"height":115,"caption":"Claude Padelhaus"},"image":{"@id":"https:\/\/padelhaus.mustlammas-dev.in\/lt\/#\/schema\/logo\/image\/"}}]},"product_price_amount":"199.95","product_price_currency":"EUR","og_availability":"instock","product_availability":"instock","product_retailer_item_id":"BUL-R-47","product_condition":"new"},"_links":{"self":[{"href":"https:\/\/padelhaus.mustlammas-dev.in\/lt\/wp-json\/wp\/v2\/product\/70252","targetHints":{"allow":["GET"]}}],"collection":[{"href":"https:\/\/padelhaus.mustlammas-dev.in\/lt\/wp-json\/wp\/v2\/product"}],"about":[{"href":"https:\/\/padelhaus.mustlammas-dev.in\/lt\/wp-json\/wp\/v2\/types\/product"}],"replies":[{"embeddable":true,"href":"https:\/\/padelhaus.mustlammas-dev.in\/lt\/wp-json\/wp\/v2\/comments?post=70252"}],"wp:featuredmedia":[{"embeddable":true,"href":"https:\/\/padelhaus.mustlammas-dev.in\/lt\/wp-json\/wp\/v2\/media\/70253"}],"wp:attachment":[{"href":"https:\/\/padelhaus.mustlammas-dev.in\/lt\/wp-json\/wp\/v2\/media?parent=70252"}],"wp:term":[{"taxonomy":"product_brand","embeddable":true,"href":"https:\/\/padelhaus.mustlammas-dev.in\/lt\/wp-json\/wp\/v2\/product_brand?post=70252"},{"taxonomy":"product_cat","embeddable":true,"href":"https:\/\/padelhaus.mustlammas-dev.in\/lt\/wp-json\/wp\/v2\/product_cat?post=70252"},{"taxonomy":"product_tag","embeddable":true,"href":"https:\/\/padelhaus.mustlammas-dev.in\/lt\/wp-json\/wp\/v2\/product_tag?post=70252"}],"curies":[{"name":"wp","href":"https:\/\/api.w.org\/{rel}","templated":true}]}}