{"id":70398,"date":"2026-02-13T16:33:10","date_gmt":"2026-02-13T14:33:10","guid":{"rendered":"https:\/\/padelhaus.mustlammas-dev.in\/pood\/head-coello-vibe-2026\/"},"modified":"2026-02-13T17:56:20","modified_gmt":"2026-02-13T15:56:20","slug":"head-coello-vibe-2026","status":"publish","type":"product","link":"https:\/\/padelhaus.mustlammas-dev.in\/lt\/parduotuve\/head-coello-vibe-2026\/","title":{"rendered":"Head Coello Vibe 2026"},"content":{"rendered":"<h4><b>Head Coello Vibe 2026 \u2013 puikus universalumas<\/b><\/h4>\n<p>&nbsp;<\/p>\n<p class=\"p3\"><span class=\"s2\"><b>Head Coello Vibe 2026<\/b><\/span> sukurta suteikti puikius ir efektyvius \u017eaidimo poj\u016b\u010dius jau nuo pirmo ma\u010do. Jos <span class=\"s2\"><b>didinta la\u0161o forma<\/b><\/span> ir <span class=\"s2\"><b>vidutinis balansas<\/b><\/span> pastebimai i\u0161ple\u010dia optimali\u0105 sm\u016bgio zon\u0105, pad\u0117dami gr\u0105\u017einti daugiau kamuoliuk\u0173 \u012f aik\u0161tel\u0119 net ir tada, kai kontaktas n\u0117ra idealus. <\/p>\n<p class=\"p3\">Apie <span class=\"s2\"><b>355 gram\u0173 svoris<\/b><\/span> suteikia sm\u016bgiams inercijos, skatindamas gilesnius ir galingesnius at\u0161okimus. Vidutinis balansas sukuria ger\u0105 stabilumo ir manevringumo derin\u012f. <span class=\"s2\"><b>Fiberglass pavir\u0161ius<\/b><\/span> suteikia elastingumo ir komforto poj\u016bt\u012f, leid\u017eiant\u012f generuoti j\u0117g\u0105 be pa\u017eangios technikos poreikio. <\/p>\n<p class=\"p3\">I\u0161skirtinis dizainas apima <span class=\"s2\"><b>Coello para\u0161\u0105 ir logotip\u0105<\/b><\/span>, suteikiant raketei savitumo bei moderni\u0105 ir eleganti\u0161k\u0105 i\u0161vaizd\u0105 aik\u0161tel\u0117je.<\/p>\n<p class=\"p1\">\n<h4><b>Coello Vibe \u2013 pradedan\u010diajam \u017eaid\u0117jui<\/b><\/h4>\n<p>&nbsp;<\/p>\n<p class=\"p3\">\u0160is \u201eHead 2026\u201c modelis skirtas pirmiausia <span class=\"s2\"><b>pradedantiesiems ir m\u0117g\u0117jams<\/b><\/span>, norintiems greitai tobul\u0117ti. Atlaidus \u017eaidimo stilius padeda suma\u017einti klaid\u0173 skai\u010di\u0173 ir suteikia pasitik\u0117jimo kiekvienu sm\u016bgiu, ypa\u010d ginantis galin\u0117je linijoje. <\/p>\n<p class=\"p3\">Idealiai tinka tiems, kurie tik pradeda \u017eaisti padel\u012f arba teikia pirmenyb\u0119 komfortui, o ne techniniams reikalavimams. Plati optimali zona padeda geriau kontroliuoti kamuoliuk\u0105 prie tinklo ir palengvina \u201esmash\u201c sm\u016bgius be itin staigi\u0173 judesi\u0173. Taip pat tai puikus pasirinkimas \u017eaid\u0117jui, ie\u0161kan\u010diam universalios, patogios ir lengvai valdomos raket\u0117s ilgiems \u017eaidimams.  <\/p>\n<p class=\"p1\">\n<h4><b>Pagrindin\u0117s technologijos<\/b><\/h4>\n<p class=\"p1\">\n<ul>\n<li>\n<p class=\"p1\"><span class=\"s1\"><b>Fiberglass sm\u016bginis pavir\u0161ius<\/b><\/span> \u2013 mink\u0161tas poj\u016btis ir lengvas kamuoliuko at\u0161okimas<\/p>\n<\/li>\n<li>\n<p class=\"p1\"><span class=\"s1\"><b>Reactive Power Foam<\/b><\/span> \u2013 gumin\u0117 \u0161erdis, didinanti kamuoliuko greit\u012f<\/p>\n<\/li>\n<li>\n<p class=\"p1\"><span class=\"s1\"><b>Innegra\u2122 technologija<\/b><\/span> \u2013 vibracij\u0173 slopinimas ir geresnis stabilumas<\/p>\n<\/li>\n<li>\n<p class=\"p1\"><span class=\"s1\"><b>Tailored Frame<\/b><\/span> \u2013 maksimaliai padidina optimali\u0105 zon\u0105 ir atlaidum\u0105<\/p>\n<\/li>\n<li>\n<p class=\"p1\"><span class=\"s1\"><b>Power Stabilizer<\/b><\/span> \u2013 didesnis standumas ir stabilumas galing\u0173 sm\u016bgi\u0173 metu<\/p>\n<\/li>\n<li>\n<p class=\"p1\"><span class=\"s1\"><b>Power Frame<\/b><\/span> \u2013 optimizuotas j\u0117gos generavimas<\/p>\n<\/li>\n<li>\n<p class=\"p1\"><span class=\"s1\"><b>Integrated Protection System (IPS)<\/b><\/span> \u2013 anglies pluo\u0161to apsauga nuo sm\u016bgi\u0173 ir \u012fbr\u0117\u017eim\u0173<\/p>\n<\/li>\n<li>\n<p class=\"p1\"><span class=\"s1\"><b>Lygus pavir\u0161ius<\/b><\/span> \u2013 \u0161varus ir kontroliuojamas kontaktas su kamuoliuku<\/p>\n<\/li>\n<\/ul>\n","protected":false},"excerpt":{"rendered":"<p>Head Coello Vibe 2026 \u2013 puikus universalumas &nbsp; Head Coello Vibe 2026 sukurta suteikti puikius ir efektyvius \u017eaidimo poj\u016b\u010dius jau nuo pirmo ma\u010do. Jos didinta la\u0161o forma ir vidutinis balansas pastebimai i\u0161ple\u010dia optimali\u0105 sm\u016bgio zon\u0105, pad\u0117dami gr\u0105\u017einti daugiau kamuoliuk\u0173 \u012f aik\u0161tel\u0119 net ir tada, kai kontaktas n\u0117ra idealus. Apie 355 gram\u0173 svoris suteikia sm\u016bgiams inercijos, [&hellip;]<\/p>\n","protected":false},"featured_media":70399,"comment_status":"open","ping_status":"closed","template":"","meta":{"_eb_attr":""},"product_brand":[326],"product_cat":[327,252,362],"product_tag":[],"class_list":{"0":"post-70398","1":"product","2":"type-product","3":"status-publish","4":"has-post-thumbnail","6":"product_brand-head","7":"product_cat-head","8":"product_cat-padelio-raketes","9":"product_cat-pradedantieji","10":"pa_kaal-355g","11":"pa_kuju-lasas","12":"pa_mangustiil-hibridine","13":"pa_tasakaal-viduryje","14":"pa_tase-pradedantysis","15":"pa_varv-juoda","16":"pa_varv-ruda","19":"first","20":"onbackorder","21":"sale","22":"taxable","23":"shipping-taxable","24":"purchasable","25":"product-type-simple"},"yoast_head":"<!-- This site is optimized with the Yoast SEO Premium plugin v27.1 (Yoast SEO v27.1.1) - https:\/\/yoast.com\/product\/yoast-seo-premium-wordpress\/ -->\n<title>Head Coello Vibe 2026 | Padelhaus<\/title>\n<meta name=\"description\" content=\"Ie\u0161kai naujos padelio raket\u0117s gera kaina? Padelhaus si\u016blo geriausi\u0105 padelio rake\u010di\u0173 pasirinkim\u0105 kiekvienam lygiui \u2013 tavo padelio parduotuv\u0117.\" \/>\n<meta name=\"robots\" content=\"noindex, follow, max-snippet:-1, max-image-preview:large, max-video-preview:-1\" \/>\n<meta property=\"og:locale\" content=\"lt_LT\" \/>\n<meta property=\"og:type\" content=\"article\" \/>\n<meta property=\"og:title\" content=\"Head Coello Vibe 2026\" \/>\n<meta property=\"og:description\" content=\"Ie\u0161kai naujos padelio raket\u0117s gera kaina? Padelhaus si\u016blo geriausi\u0105 padelio rake\u010di\u0173 pasirinkim\u0105 kiekvienam lygiui \u2013 tavo padelio parduotuv\u0117.\" \/>\n<meta property=\"og:url\" content=\"https:\/\/padelhaus.mustlammas-dev.in\/lt\/parduotuve\/head-coello-vibe-2026\/\" \/>\n<meta property=\"og:site_name\" content=\"Padelhaus\" \/>\n<meta property=\"article:modified_time\" content=\"2026-02-13T15:56:20+00:00\" \/>\n<meta property=\"og:image\" content=\"https:\/\/padel-haus.lt\/wp-content\/uploads\/2026\/02\/12-2.webp\" \/>\n\t<meta property=\"og:image:width\" content=\"1000\" \/>\n\t<meta property=\"og:image:height\" content=\"1000\" \/>\n\t<meta property=\"og:image:type\" content=\"image\/webp\" \/>\n<meta name=\"twitter:card\" content=\"summary_large_image\" \/>\n<meta name=\"twitter:label1\" content=\"Price\" \/>\n\t<meta name=\"twitter:data1\" content=\"129,95&nbsp;&euro;\" \/>\n\t<meta name=\"twitter:label2\" content=\"Availability\" \/>\n\t<meta name=\"twitter:data2\" content=\"On backorder\" \/>\n<script type=\"application\/ld+json\" class=\"yoast-schema-graph\">{\"@context\":\"https:\/\/schema.org\",\"@graph\":[{\"@type\":[\"WebPage\",\"ItemPage\"],\"@id\":\"https:\/\/padelhaus.mustlammas-dev.in\/lt\/parduotuve\/head-coello-vibe-2026\/\",\"url\":\"https:\/\/padelhaus.mustlammas-dev.in\/lt\/parduotuve\/head-coello-vibe-2026\/\",\"name\":\"Head Coello Vibe 2026 | Padelhaus\",\"isPartOf\":{\"@id\":\"https:\/\/padelhaus.mustlammas-dev.in\/lt\/#website\"},\"primaryImageOfPage\":{\"@id\":\"https:\/\/padelhaus.mustlammas-dev.in\/lt\/parduotuve\/head-coello-vibe-2026\/#primaryimage\"},\"image\":{\"@id\":\"https:\/\/padelhaus.mustlammas-dev.in\/lt\/parduotuve\/head-coello-vibe-2026\/#primaryimage\"},\"thumbnailUrl\":\"https:\/\/padelhaus.mustlammas-dev.in\/wp-content\/uploads\/2026\/02\/12-2.webp\",\"datePublished\":\"2026-02-13T14:33:10+00:00\",\"dateModified\":\"2026-02-13T15:56:20+00:00\",\"description\":\"Ie\u0161kai naujos padelio raket\u0117s gera kaina? Padelhaus si\u016blo geriausi\u0105 padelio rake\u010di\u0173 pasirinkim\u0105 kiekvienam lygiui \u2013 tavo padelio parduotuv\u0117.\",\"breadcrumb\":{\"@id\":\"https:\/\/padelhaus.mustlammas-dev.in\/lt\/parduotuve\/head-coello-vibe-2026\/#breadcrumb\"},\"inLanguage\":\"lt-LT\",\"potentialAction\":[{\"@type\":\"ReadAction\",\"target\":[\"https:\/\/padelhaus.mustlammas-dev.in\/lt\/parduotuve\/head-coello-vibe-2026\/\"]}]},{\"@type\":\"ImageObject\",\"inLanguage\":\"lt-LT\",\"@id\":\"https:\/\/padelhaus.mustlammas-dev.in\/lt\/parduotuve\/head-coello-vibe-2026\/#primaryimage\",\"url\":\"https:\/\/padelhaus.mustlammas-dev.in\/wp-content\/uploads\/2026\/02\/12-2.webp\",\"contentUrl\":\"https:\/\/padelhaus.mustlammas-dev.in\/wp-content\/uploads\/2026\/02\/12-2.webp\",\"width\":1000,\"height\":1000},{\"@type\":\"BreadcrumbList\",\"@id\":\"https:\/\/padelhaus.mustlammas-dev.in\/lt\/parduotuve\/head-coello-vibe-2026\/#breadcrumb\",\"itemListElement\":[{\"@type\":\"ListItem\",\"position\":1,\"name\":\"Prad\u017eia\",\"item\":\"https:\/\/padel-haus.lt\/\"},{\"@type\":\"ListItem\",\"position\":2,\"name\":\"Parduotuv\u0117\",\"item\":\"https:\/\/padel-haus.lt\/parduotuve\/\"},{\"@type\":\"ListItem\",\"position\":3,\"name\":\"Head Coello Vibe 2026\"}]},{\"@type\":\"WebSite\",\"@id\":\"https:\/\/padelhaus.mustlammas-dev.in\/lt\/#website\",\"url\":\"https:\/\/padelhaus.mustlammas-dev.in\/lt\/\",\"name\":\"Claude Padelhaus\",\"description\":\"Sinu padelivarustuse kodu\",\"publisher\":{\"@id\":\"https:\/\/padelhaus.mustlammas-dev.in\/lt\/#organization\"},\"potentialAction\":[{\"@type\":\"SearchAction\",\"target\":{\"@type\":\"EntryPoint\",\"urlTemplate\":\"https:\/\/padelhaus.mustlammas-dev.in\/lt\/?s={search_term_string}\"},\"query-input\":{\"@type\":\"PropertyValueSpecification\",\"valueRequired\":true,\"valueName\":\"search_term_string\"}}],\"inLanguage\":\"lt-LT\"},{\"@type\":\"Organization\",\"@id\":\"https:\/\/padelhaus.mustlammas-dev.in\/lt\/#organization\",\"name\":\"Claude Padelhaus\",\"url\":\"https:\/\/padelhaus.mustlammas-dev.in\/lt\/\",\"logo\":{\"@type\":\"ImageObject\",\"inLanguage\":\"lt-LT\",\"@id\":\"https:\/\/padelhaus.mustlammas-dev.in\/lt\/#\/schema\/logo\/image\/\",\"url\":\"https:\/\/padelhaus.mustlammas-dev.in\/wp-content\/uploads\/2025\/05\/Logo-1.png\",\"contentUrl\":\"https:\/\/padelhaus.mustlammas-dev.in\/wp-content\/uploads\/2025\/05\/Logo-1.png\",\"width\":280,\"height\":115,\"caption\":\"Claude Padelhaus\"},\"image\":{\"@id\":\"https:\/\/padelhaus.mustlammas-dev.in\/lt\/#\/schema\/logo\/image\/\"}}]}<\/script>\n<meta property=\"product:price:amount\" content=\"129.95\" \/>\n<meta property=\"product:price:currency\" content=\"EUR\" \/>\n<meta property=\"og:availability\" content=\"backorder\" \/>\n<meta property=\"product:availability\" content=\"available for order\" \/>\n<meta property=\"product:retailer_item_id\" content=\"HEA-R-39\" \/>\n<meta property=\"product:condition\" content=\"new\" \/>\n<!-- \/ Yoast SEO Premium plugin. -->","yoast_head_json":{"title":"Head Coello Vibe 2026 | Padelhaus","description":"Ie\u0161kai naujos padelio raket\u0117s gera kaina? Padelhaus si\u016blo geriausi\u0105 padelio rake\u010di\u0173 pasirinkim\u0105 kiekvienam lygiui \u2013 tavo padelio parduotuv\u0117.","robots":{"index":"noindex","follow":"follow","max-snippet":"max-snippet:-1","max-image-preview":"max-image-preview:large","max-video-preview":"max-video-preview:-1"},"og_locale":"lt_LT","og_type":"article","og_title":"Head Coello Vibe 2026","og_description":"Ie\u0161kai naujos padelio raket\u0117s gera kaina? Padelhaus si\u016blo geriausi\u0105 padelio rake\u010di\u0173 pasirinkim\u0105 kiekvienam lygiui \u2013 tavo padelio parduotuv\u0117.","og_url":"https:\/\/padelhaus.mustlammas-dev.in\/lt\/parduotuve\/head-coello-vibe-2026\/","og_site_name":"Padelhaus","article_modified_time":"2026-02-13T15:56:20+00:00","og_image":[{"width":1000,"height":1000,"url":"https:\/\/padel-haus.lt\/wp-content\/uploads\/2026\/02\/12-2.webp","type":"image\/webp"}],"twitter_card":"summary_large_image","twitter_misc":{"Price":"129,95&nbsp;&euro;","Availability":"On backorder"},"schema":{"@context":"https:\/\/schema.org","@graph":[{"@type":["WebPage","ItemPage"],"@id":"https:\/\/padelhaus.mustlammas-dev.in\/lt\/parduotuve\/head-coello-vibe-2026\/","url":"https:\/\/padelhaus.mustlammas-dev.in\/lt\/parduotuve\/head-coello-vibe-2026\/","name":"Head Coello Vibe 2026 | Padelhaus","isPartOf":{"@id":"https:\/\/padelhaus.mustlammas-dev.in\/lt\/#website"},"primaryImageOfPage":{"@id":"https:\/\/padelhaus.mustlammas-dev.in\/lt\/parduotuve\/head-coello-vibe-2026\/#primaryimage"},"image":{"@id":"https:\/\/padelhaus.mustlammas-dev.in\/lt\/parduotuve\/head-coello-vibe-2026\/#primaryimage"},"thumbnailUrl":"https:\/\/padelhaus.mustlammas-dev.in\/wp-content\/uploads\/2026\/02\/12-2.webp","datePublished":"2026-02-13T14:33:10+00:00","dateModified":"2026-02-13T15:56:20+00:00","description":"Ie\u0161kai naujos padelio raket\u0117s gera kaina? Padelhaus si\u016blo geriausi\u0105 padelio rake\u010di\u0173 pasirinkim\u0105 kiekvienam lygiui \u2013 tavo padelio parduotuv\u0117.","breadcrumb":{"@id":"https:\/\/padelhaus.mustlammas-dev.in\/lt\/parduotuve\/head-coello-vibe-2026\/#breadcrumb"},"inLanguage":"lt-LT","potentialAction":[{"@type":"ReadAction","target":["https:\/\/padelhaus.mustlammas-dev.in\/lt\/parduotuve\/head-coello-vibe-2026\/"]}]},{"@type":"ImageObject","inLanguage":"lt-LT","@id":"https:\/\/padelhaus.mustlammas-dev.in\/lt\/parduotuve\/head-coello-vibe-2026\/#primaryimage","url":"https:\/\/padelhaus.mustlammas-dev.in\/wp-content\/uploads\/2026\/02\/12-2.webp","contentUrl":"https:\/\/padelhaus.mustlammas-dev.in\/wp-content\/uploads\/2026\/02\/12-2.webp","width":1000,"height":1000},{"@type":"BreadcrumbList","@id":"https:\/\/padelhaus.mustlammas-dev.in\/lt\/parduotuve\/head-coello-vibe-2026\/#breadcrumb","itemListElement":[{"@type":"ListItem","position":1,"name":"Prad\u017eia","item":"https:\/\/padel-haus.lt\/"},{"@type":"ListItem","position":2,"name":"Parduotuv\u0117","item":"https:\/\/padel-haus.lt\/parduotuve\/"},{"@type":"ListItem","position":3,"name":"Head Coello Vibe 2026"}]},{"@type":"WebSite","@id":"https:\/\/padelhaus.mustlammas-dev.in\/lt\/#website","url":"https:\/\/padelhaus.mustlammas-dev.in\/lt\/","name":"Claude Padelhaus","description":"Sinu padelivarustuse kodu","publisher":{"@id":"https:\/\/padelhaus.mustlammas-dev.in\/lt\/#organization"},"potentialAction":[{"@type":"SearchAction","target":{"@type":"EntryPoint","urlTemplate":"https:\/\/padelhaus.mustlammas-dev.in\/lt\/?s={search_term_string}"},"query-input":{"@type":"PropertyValueSpecification","valueRequired":true,"valueName":"search_term_string"}}],"inLanguage":"lt-LT"},{"@type":"Organization","@id":"https:\/\/padelhaus.mustlammas-dev.in\/lt\/#organization","name":"Claude Padelhaus","url":"https:\/\/padelhaus.mustlammas-dev.in\/lt\/","logo":{"@type":"ImageObject","inLanguage":"lt-LT","@id":"https:\/\/padelhaus.mustlammas-dev.in\/lt\/#\/schema\/logo\/image\/","url":"https:\/\/padelhaus.mustlammas-dev.in\/wp-content\/uploads\/2025\/05\/Logo-1.png","contentUrl":"https:\/\/padelhaus.mustlammas-dev.in\/wp-content\/uploads\/2025\/05\/Logo-1.png","width":280,"height":115,"caption":"Claude Padelhaus"},"image":{"@id":"https:\/\/padelhaus.mustlammas-dev.in\/lt\/#\/schema\/logo\/image\/"}}]},"product_price_amount":"129.95","product_price_currency":"EUR","og_availability":"backorder","product_availability":"available for order","product_retailer_item_id":"HEA-R-39","product_condition":"new"},"_links":{"self":[{"href":"https:\/\/padelhaus.mustlammas-dev.in\/lt\/wp-json\/wp\/v2\/product\/70398","targetHints":{"allow":["GET"]}}],"collection":[{"href":"https:\/\/padelhaus.mustlammas-dev.in\/lt\/wp-json\/wp\/v2\/product"}],"about":[{"href":"https:\/\/padelhaus.mustlammas-dev.in\/lt\/wp-json\/wp\/v2\/types\/product"}],"replies":[{"embeddable":true,"href":"https:\/\/padelhaus.mustlammas-dev.in\/lt\/wp-json\/wp\/v2\/comments?post=70398"}],"wp:featuredmedia":[{"embeddable":true,"href":"https:\/\/padelhaus.mustlammas-dev.in\/lt\/wp-json\/wp\/v2\/media\/70399"}],"wp:attachment":[{"href":"https:\/\/padelhaus.mustlammas-dev.in\/lt\/wp-json\/wp\/v2\/media?parent=70398"}],"wp:term":[{"taxonomy":"product_brand","embeddable":true,"href":"https:\/\/padelhaus.mustlammas-dev.in\/lt\/wp-json\/wp\/v2\/product_brand?post=70398"},{"taxonomy":"product_cat","embeddable":true,"href":"https:\/\/padelhaus.mustlammas-dev.in\/lt\/wp-json\/wp\/v2\/product_cat?post=70398"},{"taxonomy":"product_tag","embeddable":true,"href":"https:\/\/padelhaus.mustlammas-dev.in\/lt\/wp-json\/wp\/v2\/product_tag?post=70398"}],"curies":[{"name":"wp","href":"https:\/\/api.w.org\/{rel}","templated":true}]}}