{"id":70455,"date":"2026-02-13T15:47:11","date_gmt":"2026-02-13T13:47:11","guid":{"rendered":"https:\/\/padelhaus.mustlammas-dev.in\/pood\/babolat-technical-viper-soft-3-0\/"},"modified":"2026-02-13T17:56:23","modified_gmt":"2026-02-13T15:56:23","slug":"babolat-technical-viper-soft-3-0","status":"publish","type":"product","link":"https:\/\/padelhaus.mustlammas-dev.in\/lt\/parduotuve\/babolat-technical-viper-soft-3-0\/","title":{"rendered":"Babolat Technical Viper Soft 3.0"},"content":{"rendered":"<h4><b>Babolat Technical Viper Soft 3.0 \u2013 universali galia ir komfortas<\/b><\/h4>\n<p>&nbsp;<\/p>\n<p class=\"p3\"><span class=\"s2\"><b>Babolat Technical Viper Soft 3.0<\/b><\/span> yra padelio raket\u0117, idealiai suderinanti sprogstam\u0105j\u0105 gali\u0105 ir \u017eaidimo komfort\u0105. Jos hibridin\u0117 forma u\u017etikrina didel\u012f universalum\u0105 bet kurioje \u017eaidimo situacijoje. <span class=\"s2\"><b>Soft Carbon pavir\u0161iai<\/b><\/span> ir elastingesn\u0117 <span class=\"s2\"><b>Black EVA \u0161erdis<\/b><\/span> suteikia lankstesn\u012f bei patogesn\u012f sm\u016bgio poj\u016bt\u012f, kartu i\u0161laikant greit\u0105 reakcij\u0105. <\/p>\n<p class=\"p3\"><span class=\"s2\"><b>365 g svoris<\/b><\/span> u\u017etikrina puik\u0173 stabilum\u0105 ir tikslum\u0105 net ir galingiausi\u0173 sm\u016bgi\u0173 metu.<\/p>\n<p class=\"p3\">D\u0117l pa\u017eangios konstrukcijos raket\u0117 slopina vibracijas ir ma\u017eina diskomforto rizik\u0105, tod\u0117l tai idealus pasirinkimas \u017eaid\u0117jui, ie\u0161kan\u010diam galios kartu su kontrole ir patogumu.<\/p>\n<p class=\"p1\">\n<h4><b>Universaliam pa\u017eengusiam \u017eaid\u0117jui<\/b><\/h4>\n<p>&nbsp;<\/p>\n<p class=\"p3\">Technical Viper Soft 3.0 sukurta <span class=\"s2\"><b>pa\u017eengusiems \u017eaid\u0117jams<\/b><\/span>, kurie valdo \u017eaidim\u0105 sumaniai, tiksliai ir kontroliuojama j\u0117ga. Ji puikiai tinka tiems, kurie nori diktuoti temp\u0105 tiek i\u0161 aik\u0161tel\u0117s galo, tiek prie tinklo. Raket\u0117 pasi\u017eymi sprogstama reakcija puolam\u0173j\u0173 sm\u016bgi\u0173 metu, i\u0161laikydama mink\u0161tesn\u012f poj\u016bt\u012f.  <\/p>\n<p class=\"p3\">Mink\u0161tesnis kontaktas paver\u010dia j\u0105 ypa\u010d geru pasirinkimu \u017eaid\u0117jui, norin\u010diam suma\u017einti rankai tenkant\u012f kr\u016bv\u012f ir i\u0161laikyti auk\u0161t\u0105 na\u0161um\u0105 net ilg\u0173 \u017eaidim\u0173 metu. Tai ideali raket\u0117 tiems, kurie savo puolimo stiliuje nori suderinti gali\u0105, tikslum\u0105 ir komfort\u0105. <\/p>\n<p class=\"p1\">\n<h4><b>Pagrindin\u0117s savyb\u0117s ir technologijos<\/b><\/h4>\n<p class=\"p1\">\n<ul>\n<li>\n<p class=\"p1\"><span class=\"s1\"><b>Soft Carbon pavir\u0161iai<\/b><\/span> \u2013 geresnis komfortas ir sm\u016bgio poj\u016btis<\/p>\n<\/li>\n<li>\n<p class=\"p1\"><span class=\"s1\"><b>Black EVA \u0161erdis<\/b><\/span> \u2013 elastinga guma didesnei galiai ir komfortui pasiekti<\/p>\n<\/li>\n<li>\n<p class=\"p1\"><span class=\"s1\"><b>Vibrabsorb System\u00b2 powered by SMAC<\/b><\/span> \u2013 integruotas vibracij\u0173 slopinimas traum\u0173 prevencijai<\/p>\n<\/li>\n<li>\n<p class=\"p1\"><span class=\"s1\"><b>Holes Pattern System<\/b><\/span> \u2013 optimizuotas skyli\u0173 i\u0161d\u0117stymas geresniam j\u0117gos perdavimui ir tikslumui<\/p>\n<\/li>\n<li>\n<p class=\"p1\"><span class=\"s1\"><b>3D Spin+ pavir\u0161ius<\/b><\/span> \u2013 \u0161iurk\u0161ti tekst\u016bra, didinanti sukim\u0105si ir gerinanti kamuoliuko kontrol\u0119<\/p>\n<\/li>\n<li>\n<p class=\"p1\"><span class=\"s1\"><b>Dynamic Stability System<\/b><\/span> \u2013 sustiprinta vidurin\u0117 dalis didesniam stabilumui ir kontrolei<\/p>\n<\/li>\n<li>\n<p class=\"p1\"><span class=\"s1\"><b>Smart Buttcap<\/b><\/span> \u2013 nuimamas ir plaunamas rie\u0161o dir\u017eelis geresnei higienai ir personalizavimui<\/p>\n<\/li>\n<\/ul>\n","protected":false},"excerpt":{"rendered":"<p>Babolat Technical Viper Soft 3.0 \u2013 universali galia ir komfortas &nbsp; Babolat Technical Viper Soft 3.0 yra padelio raket\u0117, idealiai suderinanti sprogstam\u0105j\u0105 gali\u0105 ir \u017eaidimo komfort\u0105. Jos hibridin\u0117 forma u\u017etikrina didel\u012f universalum\u0105 bet kurioje \u017eaidimo situacijoje. Soft Carbon pavir\u0161iai ir elastingesn\u0117 Black EVA \u0161erdis suteikia lankstesn\u012f bei patogesn\u012f sm\u016bgio poj\u016bt\u012f, kartu i\u0161laikant greit\u0105 reakcij\u0105. 365 [&hellip;]<\/p>\n","protected":false},"featured_media":70456,"comment_status":"open","ping_status":"closed","template":"","meta":{"_eb_attr":""},"product_brand":[378],"product_cat":[387,252,341],"product_tag":[],"class_list":{"0":"post-70455","1":"product","2":"type-product","3":"status-publish","4":"has-post-thumbnail","6":"product_brand-babolat","7":"product_cat-babolat","8":"product_cat-padelio-raketes","9":"product_cat-vidutinis-lygis","10":"pa_kaal-365g","11":"pa_kuju-lasas","12":"pa_mangustiil-hibridine","13":"pa_tasakaal-virsuje","14":"pa_tase-pazenges","15":"pa_tase-vidutinis-lygis","16":"pa_varv-juoda","17":"pa_varv-raudona","20":"first","21":"instock","22":"sale","23":"taxable","24":"shipping-taxable","25":"purchasable","26":"product-type-simple"},"yoast_head":"<!-- This site is optimized with the Yoast SEO Premium plugin v27.1 (Yoast SEO v27.1.1) - https:\/\/yoast.com\/product\/yoast-seo-premium-wordpress\/ -->\n<title>Babolat Technical Viper Soft 3.0 | Padelhaus<\/title>\n<meta name=\"description\" content=\"Ie\u0161kai naujos padelio raket\u0117s gera kaina? Padelhaus si\u016blo geriausi\u0105 padelio rake\u010di\u0173 pasirinkim\u0105 kiekvienam lygiui \u2013 tavo padelio parduotuv\u0117.\" \/>\n<meta name=\"robots\" content=\"noindex, follow, max-snippet:-1, max-image-preview:large, max-video-preview:-1\" \/>\n<meta property=\"og:locale\" content=\"lt_LT\" \/>\n<meta property=\"og:type\" content=\"article\" \/>\n<meta property=\"og:title\" content=\"Babolat Technical Viper Soft 3.0\" \/>\n<meta property=\"og:description\" content=\"Ie\u0161kai naujos padelio raket\u0117s gera kaina? Padelhaus si\u016blo geriausi\u0105 padelio rake\u010di\u0173 pasirinkim\u0105 kiekvienam lygiui \u2013 tavo padelio parduotuv\u0117.\" \/>\n<meta property=\"og:url\" content=\"https:\/\/padelhaus.mustlammas-dev.in\/lt\/parduotuve\/babolat-technical-viper-soft-3-0\/\" \/>\n<meta property=\"og:site_name\" content=\"Padelhaus\" \/>\n<meta property=\"article:modified_time\" content=\"2026-02-13T15:56:23+00:00\" \/>\n<meta property=\"og:image\" content=\"https:\/\/padel-haus.lt\/wp-content\/uploads\/2026\/02\/13.webp\" \/>\n\t<meta property=\"og:image:width\" content=\"1000\" \/>\n\t<meta property=\"og:image:height\" content=\"1000\" \/>\n\t<meta property=\"og:image:type\" content=\"image\/webp\" \/>\n<meta name=\"twitter:card\" content=\"summary_large_image\" \/>\n<meta name=\"twitter:label1\" content=\"Price\" \/>\n\t<meta name=\"twitter:data1\" content=\"239,95&nbsp;&euro;\" \/>\n\t<meta name=\"twitter:label2\" content=\"Availability\" \/>\n\t<meta name=\"twitter:data2\" content=\"In stock\" \/>\n<script type=\"application\/ld+json\" class=\"yoast-schema-graph\">{\"@context\":\"https:\/\/schema.org\",\"@graph\":[{\"@type\":[\"WebPage\",\"ItemPage\"],\"@id\":\"https:\/\/padelhaus.mustlammas-dev.in\/lt\/parduotuve\/babolat-technical-viper-soft-3-0\/\",\"url\":\"https:\/\/padelhaus.mustlammas-dev.in\/lt\/parduotuve\/babolat-technical-viper-soft-3-0\/\",\"name\":\"Babolat Technical Viper Soft 3.0 | Padelhaus\",\"isPartOf\":{\"@id\":\"https:\/\/padelhaus.mustlammas-dev.in\/lt\/#website\"},\"primaryImageOfPage\":{\"@id\":\"https:\/\/padelhaus.mustlammas-dev.in\/lt\/parduotuve\/babolat-technical-viper-soft-3-0\/#primaryimage\"},\"image\":{\"@id\":\"https:\/\/padelhaus.mustlammas-dev.in\/lt\/parduotuve\/babolat-technical-viper-soft-3-0\/#primaryimage\"},\"thumbnailUrl\":\"https:\/\/padelhaus.mustlammas-dev.in\/wp-content\/uploads\/2026\/02\/13.webp\",\"datePublished\":\"2026-02-13T13:47:11+00:00\",\"dateModified\":\"2026-02-13T15:56:23+00:00\",\"description\":\"Ie\u0161kai naujos padelio raket\u0117s gera kaina? Padelhaus si\u016blo geriausi\u0105 padelio rake\u010di\u0173 pasirinkim\u0105 kiekvienam lygiui \u2013 tavo padelio parduotuv\u0117.\",\"breadcrumb\":{\"@id\":\"https:\/\/padelhaus.mustlammas-dev.in\/lt\/parduotuve\/babolat-technical-viper-soft-3-0\/#breadcrumb\"},\"inLanguage\":\"lt-LT\",\"potentialAction\":[{\"@type\":\"ReadAction\",\"target\":[\"https:\/\/padelhaus.mustlammas-dev.in\/lt\/parduotuve\/babolat-technical-viper-soft-3-0\/\"]}]},{\"@type\":\"ImageObject\",\"inLanguage\":\"lt-LT\",\"@id\":\"https:\/\/padelhaus.mustlammas-dev.in\/lt\/parduotuve\/babolat-technical-viper-soft-3-0\/#primaryimage\",\"url\":\"https:\/\/padelhaus.mustlammas-dev.in\/wp-content\/uploads\/2026\/02\/13.webp\",\"contentUrl\":\"https:\/\/padelhaus.mustlammas-dev.in\/wp-content\/uploads\/2026\/02\/13.webp\",\"width\":1000,\"height\":1000},{\"@type\":\"BreadcrumbList\",\"@id\":\"https:\/\/padelhaus.mustlammas-dev.in\/lt\/parduotuve\/babolat-technical-viper-soft-3-0\/#breadcrumb\",\"itemListElement\":[{\"@type\":\"ListItem\",\"position\":1,\"name\":\"Prad\u017eia\",\"item\":\"https:\/\/padel-haus.lt\/\"},{\"@type\":\"ListItem\",\"position\":2,\"name\":\"Parduotuv\u0117\",\"item\":\"https:\/\/padel-haus.lt\/parduotuve\/\"},{\"@type\":\"ListItem\",\"position\":3,\"name\":\"Babolat Technical Viper Soft 3.0\"}]},{\"@type\":\"WebSite\",\"@id\":\"https:\/\/padelhaus.mustlammas-dev.in\/lt\/#website\",\"url\":\"https:\/\/padelhaus.mustlammas-dev.in\/lt\/\",\"name\":\"Claude Padelhaus\",\"description\":\"Sinu padelivarustuse kodu\",\"publisher\":{\"@id\":\"https:\/\/padelhaus.mustlammas-dev.in\/lt\/#organization\"},\"potentialAction\":[{\"@type\":\"SearchAction\",\"target\":{\"@type\":\"EntryPoint\",\"urlTemplate\":\"https:\/\/padelhaus.mustlammas-dev.in\/lt\/?s={search_term_string}\"},\"query-input\":{\"@type\":\"PropertyValueSpecification\",\"valueRequired\":true,\"valueName\":\"search_term_string\"}}],\"inLanguage\":\"lt-LT\"},{\"@type\":\"Organization\",\"@id\":\"https:\/\/padelhaus.mustlammas-dev.in\/lt\/#organization\",\"name\":\"Claude Padelhaus\",\"url\":\"https:\/\/padelhaus.mustlammas-dev.in\/lt\/\",\"logo\":{\"@type\":\"ImageObject\",\"inLanguage\":\"lt-LT\",\"@id\":\"https:\/\/padelhaus.mustlammas-dev.in\/lt\/#\/schema\/logo\/image\/\",\"url\":\"https:\/\/padelhaus.mustlammas-dev.in\/wp-content\/uploads\/2025\/05\/Logo-1.png\",\"contentUrl\":\"https:\/\/padelhaus.mustlammas-dev.in\/wp-content\/uploads\/2025\/05\/Logo-1.png\",\"width\":280,\"height\":115,\"caption\":\"Claude Padelhaus\"},\"image\":{\"@id\":\"https:\/\/padelhaus.mustlammas-dev.in\/lt\/#\/schema\/logo\/image\/\"}}]}<\/script>\n<meta property=\"product:price:amount\" content=\"239.95\" \/>\n<meta property=\"product:price:currency\" content=\"EUR\" \/>\n<meta property=\"og:availability\" content=\"instock\" \/>\n<meta property=\"product:availability\" content=\"instock\" \/>\n<meta property=\"product:retailer_item_id\" content=\"BAB-R-22\" \/>\n<meta property=\"product:condition\" content=\"new\" \/>\n<!-- \/ Yoast SEO Premium plugin. -->","yoast_head_json":{"title":"Babolat Technical Viper Soft 3.0 | Padelhaus","description":"Ie\u0161kai naujos padelio raket\u0117s gera kaina? Padelhaus si\u016blo geriausi\u0105 padelio rake\u010di\u0173 pasirinkim\u0105 kiekvienam lygiui \u2013 tavo padelio parduotuv\u0117.","robots":{"index":"noindex","follow":"follow","max-snippet":"max-snippet:-1","max-image-preview":"max-image-preview:large","max-video-preview":"max-video-preview:-1"},"og_locale":"lt_LT","og_type":"article","og_title":"Babolat Technical Viper Soft 3.0","og_description":"Ie\u0161kai naujos padelio raket\u0117s gera kaina? Padelhaus si\u016blo geriausi\u0105 padelio rake\u010di\u0173 pasirinkim\u0105 kiekvienam lygiui \u2013 tavo padelio parduotuv\u0117.","og_url":"https:\/\/padelhaus.mustlammas-dev.in\/lt\/parduotuve\/babolat-technical-viper-soft-3-0\/","og_site_name":"Padelhaus","article_modified_time":"2026-02-13T15:56:23+00:00","og_image":[{"width":1000,"height":1000,"url":"https:\/\/padel-haus.lt\/wp-content\/uploads\/2026\/02\/13.webp","type":"image\/webp"}],"twitter_card":"summary_large_image","twitter_misc":{"Price":"239,95&nbsp;&euro;","Availability":"In stock"},"schema":{"@context":"https:\/\/schema.org","@graph":[{"@type":["WebPage","ItemPage"],"@id":"https:\/\/padelhaus.mustlammas-dev.in\/lt\/parduotuve\/babolat-technical-viper-soft-3-0\/","url":"https:\/\/padelhaus.mustlammas-dev.in\/lt\/parduotuve\/babolat-technical-viper-soft-3-0\/","name":"Babolat Technical Viper Soft 3.0 | Padelhaus","isPartOf":{"@id":"https:\/\/padelhaus.mustlammas-dev.in\/lt\/#website"},"primaryImageOfPage":{"@id":"https:\/\/padelhaus.mustlammas-dev.in\/lt\/parduotuve\/babolat-technical-viper-soft-3-0\/#primaryimage"},"image":{"@id":"https:\/\/padelhaus.mustlammas-dev.in\/lt\/parduotuve\/babolat-technical-viper-soft-3-0\/#primaryimage"},"thumbnailUrl":"https:\/\/padelhaus.mustlammas-dev.in\/wp-content\/uploads\/2026\/02\/13.webp","datePublished":"2026-02-13T13:47:11+00:00","dateModified":"2026-02-13T15:56:23+00:00","description":"Ie\u0161kai naujos padelio raket\u0117s gera kaina? Padelhaus si\u016blo geriausi\u0105 padelio rake\u010di\u0173 pasirinkim\u0105 kiekvienam lygiui \u2013 tavo padelio parduotuv\u0117.","breadcrumb":{"@id":"https:\/\/padelhaus.mustlammas-dev.in\/lt\/parduotuve\/babolat-technical-viper-soft-3-0\/#breadcrumb"},"inLanguage":"lt-LT","potentialAction":[{"@type":"ReadAction","target":["https:\/\/padelhaus.mustlammas-dev.in\/lt\/parduotuve\/babolat-technical-viper-soft-3-0\/"]}]},{"@type":"ImageObject","inLanguage":"lt-LT","@id":"https:\/\/padelhaus.mustlammas-dev.in\/lt\/parduotuve\/babolat-technical-viper-soft-3-0\/#primaryimage","url":"https:\/\/padelhaus.mustlammas-dev.in\/wp-content\/uploads\/2026\/02\/13.webp","contentUrl":"https:\/\/padelhaus.mustlammas-dev.in\/wp-content\/uploads\/2026\/02\/13.webp","width":1000,"height":1000},{"@type":"BreadcrumbList","@id":"https:\/\/padelhaus.mustlammas-dev.in\/lt\/parduotuve\/babolat-technical-viper-soft-3-0\/#breadcrumb","itemListElement":[{"@type":"ListItem","position":1,"name":"Prad\u017eia","item":"https:\/\/padel-haus.lt\/"},{"@type":"ListItem","position":2,"name":"Parduotuv\u0117","item":"https:\/\/padel-haus.lt\/parduotuve\/"},{"@type":"ListItem","position":3,"name":"Babolat Technical Viper Soft 3.0"}]},{"@type":"WebSite","@id":"https:\/\/padelhaus.mustlammas-dev.in\/lt\/#website","url":"https:\/\/padelhaus.mustlammas-dev.in\/lt\/","name":"Claude Padelhaus","description":"Sinu padelivarustuse kodu","publisher":{"@id":"https:\/\/padelhaus.mustlammas-dev.in\/lt\/#organization"},"potentialAction":[{"@type":"SearchAction","target":{"@type":"EntryPoint","urlTemplate":"https:\/\/padelhaus.mustlammas-dev.in\/lt\/?s={search_term_string}"},"query-input":{"@type":"PropertyValueSpecification","valueRequired":true,"valueName":"search_term_string"}}],"inLanguage":"lt-LT"},{"@type":"Organization","@id":"https:\/\/padelhaus.mustlammas-dev.in\/lt\/#organization","name":"Claude Padelhaus","url":"https:\/\/padelhaus.mustlammas-dev.in\/lt\/","logo":{"@type":"ImageObject","inLanguage":"lt-LT","@id":"https:\/\/padelhaus.mustlammas-dev.in\/lt\/#\/schema\/logo\/image\/","url":"https:\/\/padelhaus.mustlammas-dev.in\/wp-content\/uploads\/2025\/05\/Logo-1.png","contentUrl":"https:\/\/padelhaus.mustlammas-dev.in\/wp-content\/uploads\/2025\/05\/Logo-1.png","width":280,"height":115,"caption":"Claude Padelhaus"},"image":{"@id":"https:\/\/padelhaus.mustlammas-dev.in\/lt\/#\/schema\/logo\/image\/"}}]},"product_price_amount":"239.95","product_price_currency":"EUR","og_availability":"instock","product_availability":"instock","product_retailer_item_id":"BAB-R-22","product_condition":"new"},"_links":{"self":[{"href":"https:\/\/padelhaus.mustlammas-dev.in\/lt\/wp-json\/wp\/v2\/product\/70455","targetHints":{"allow":["GET"]}}],"collection":[{"href":"https:\/\/padelhaus.mustlammas-dev.in\/lt\/wp-json\/wp\/v2\/product"}],"about":[{"href":"https:\/\/padelhaus.mustlammas-dev.in\/lt\/wp-json\/wp\/v2\/types\/product"}],"replies":[{"embeddable":true,"href":"https:\/\/padelhaus.mustlammas-dev.in\/lt\/wp-json\/wp\/v2\/comments?post=70455"}],"wp:featuredmedia":[{"embeddable":true,"href":"https:\/\/padelhaus.mustlammas-dev.in\/lt\/wp-json\/wp\/v2\/media\/70456"}],"wp:attachment":[{"href":"https:\/\/padelhaus.mustlammas-dev.in\/lt\/wp-json\/wp\/v2\/media?parent=70455"}],"wp:term":[{"taxonomy":"product_brand","embeddable":true,"href":"https:\/\/padelhaus.mustlammas-dev.in\/lt\/wp-json\/wp\/v2\/product_brand?post=70455"},{"taxonomy":"product_cat","embeddable":true,"href":"https:\/\/padelhaus.mustlammas-dev.in\/lt\/wp-json\/wp\/v2\/product_cat?post=70455"},{"taxonomy":"product_tag","embeddable":true,"href":"https:\/\/padelhaus.mustlammas-dev.in\/lt\/wp-json\/wp\/v2\/product_tag?post=70455"}],"curies":[{"name":"wp","href":"https:\/\/api.w.org\/{rel}","templated":true}]}}