{"id":70505,"date":"2026-02-13T16:46:50","date_gmt":"2026-02-13T14:46:50","guid":{"rendered":"https:\/\/padelhaus.mustlammas-dev.in\/pood\/head-coello-motion-2026\/"},"modified":"2026-02-13T17:56:18","modified_gmt":"2026-02-13T15:56:18","slug":"head-coello-motion-2026","status":"publish","type":"product","link":"https:\/\/padelhaus.mustlammas-dev.in\/lt\/parduotuve\/head-coello-motion-2026\/","title":{"rendered":"Head Coello Motion 2026"},"content":{"rendered":"<h4><b>Head Coello Motion 2026 \u2013 greitis ir agresyvus puolimas<\/b><\/h4>\n<p>&nbsp;<\/p>\n<p class=\"p3\"><span class=\"s2\"><b>Head Coello Motion 2026<\/b><\/span> sukurta pa\u017eengusiems \u017eaid\u0117jams, siekiantiems greito, sklandaus ir agresyvaus puolimo neprarandant galios. Arturo Coello \u017eaidimo stiliaus \u012fkv\u0117ptas modelis pasi\u017eymi dinami\u0161kesniu po\u017ei\u016briu d\u0117l lengvesnio r\u0117mo, leid\u017eian\u010dio greitai reaguoti ir pasiekti sprogstam\u0105j\u012f pagreit\u012f. <\/p>\n<p class=\"p3\">Hibridin\u0117 deimanto forma palaiko ry\u017etingas atakas, kartu i\u0161laikydama prieinamesn\u0119 \u201esweet spot\u201c zon\u0105, kuri pagerina rezultatus didelio tempo \u017eaidimo situacijose.<\/p>\n<p class=\"p1\">\n<h4><b>Visi\u0161kas mobilumas dominavimui prie tinklo<\/b><\/h4>\n<p>&nbsp;<\/p>\n<p class=\"p3\">\u201eCoello Motion 2026\u201c skirta \u017eaid\u0117jams, m\u0117gstantiems perimti iniciatyv\u0105 prie tinklo. Raket\u0117 i\u0161siskiria puikiu manevringumu ir kontrole atliekant trumpus bei greitus judesius. <\/p>\n<p class=\"p3\">Ma\u017eesnis svoris, lyginant su \u201ePro\u201c versija, u\u017etikrina didesn\u012f sm\u016bgio greit\u012f, o tai idealiai tinka \u017eaid\u0117jui, kurio stilius pagr\u012fstas nuolatiniais per\u0117jimais, agresyviais \u201ev\u00edbora\u201c ir techni\u0161kais \u201esmash\u201c sm\u016bgiais. Aik\u0161tel\u0117je ji si\u016blo subalansuot\u0105 galios ir sklandumo derin\u012f, leid\u017eiant\u012f u\u017etikrintai \u017eaisti net intensyvi\u0173 apsikeitim\u0173 kamuoliukais ir sud\u0117ting\u0173 \u201evolley\u201c sm\u016bgi\u0173 metu. <\/p>\n<p class=\"p1\">\n<h4><b>Pagrindin\u0117s savyb\u0117s ir technologijos<\/b><\/h4>\n<p class=\"p1\">\n<ul>\n<li>\n<p class=\"p1\"><span class=\"s1\"><b>Hibridin\u0117 deimanto forma<\/b><\/span> \u2013 puolamoji galia su didesne tolerancija klaidoms<\/p>\n<\/li>\n<li>\n<p class=\"p1\"><span class=\"s1\"><b>Optimizuotas svoris<\/b><\/span> \u2013 lengvesn\u0117 u\u017e \u201ePro\u201c versij\u0105, skatinanti greit\u0105 ir mobil\u0173 \u017eaidim\u0105<\/p>\n<\/li>\n<li>\n<p class=\"p1\"><span class=\"s1\"><b>Didesnis sm\u016bgio greitis (Swing speed)<\/b><\/span> \u2013 staigus pagreitis ir sprogstami sm\u016bgiai<\/p>\n<\/li>\n<li>\n<p class=\"p1\"><b>Efektyvi atliekant \u201ev\u00edbora\u201c ir \u201esmash\u201c sm\u016bgius<\/b><span class=\"s1\"> \u2013 idealiai tinka atakoms i\u0161 oro<\/span><\/p>\n<\/li>\n<li>\n<p class=\"p1\"><span class=\"s1\"><b>Stabili \u201eHead\u201c konstrukcija<\/b><\/span> \u2013 i\u0161laiko gali\u0105 neprarandant kontrol\u0117s<\/p>\n<\/li>\n<li>\n<p class=\"p1\"><span class=\"s1\"><b>\u201ePower Foam\u201c \u0161erdis<\/b><\/span> \u2013 reaktyvios putos maksimaliam kamuoliuko at\u0161okimui ir sprogstamajai j\u0117gai<\/p>\n<\/li>\n<li>\n<p class=\"p1\"><span class=\"s1\"><b>\u201eExtreme Spin\u201c \u0161iurk\u0161tus pavir\u0161ius<\/b><\/span> \u2013 geresnis sukimasis ir pjaut\u0173 sm\u016bgi\u0173 kontrol\u0117<\/p>\n<\/li>\n<li>\n<p class=\"p1\"><span class=\"s1\"><b>\u201eCarbonHybrid\u201c<\/b><\/span> \u2013 balansas tarp standumo, kontrol\u0117s ir patvarumo<\/p>\n<\/li>\n<li>\n<p class=\"p1\"><span class=\"s1\"><b>Identi\u0161kas \u201ePro\u201c versijos dizainas<\/b><\/span> \u2013 \u201epremium\u201c i\u0161vaizda su Arturo Coello para\u0161u<\/p>\n<\/li>\n<\/ul>\n","protected":false},"excerpt":{"rendered":"<p>Head Coello Motion 2026 \u2013 greitis ir agresyvus puolimas &nbsp; Head Coello Motion 2026 sukurta pa\u017eengusiems \u017eaid\u0117jams, siekiantiems greito, sklandaus ir agresyvaus puolimo neprarandant galios. Arturo Coello \u017eaidimo stiliaus \u012fkv\u0117ptas modelis pasi\u017eymi dinami\u0161kesniu po\u017ei\u016briu d\u0117l lengvesnio r\u0117mo, leid\u017eian\u010dio greitai reaguoti ir pasiekti sprogstam\u0105j\u012f pagreit\u012f. Hibridin\u0117 deimanto forma palaiko ry\u017etingas atakas, kartu i\u0161laikydama prieinamesn\u0119 \u201esweet spot\u201c [&hellip;]<\/p>\n","protected":false},"featured_media":70506,"comment_status":"open","ping_status":"closed","template":"","meta":{"_eb_attr":""},"product_brand":[326],"product_cat":[327,252,341],"product_tag":[],"class_list":{"0":"post-70505","1":"product","2":"type-product","3":"status-publish","4":"has-post-thumbnail","6":"product_brand-head","7":"product_cat-head","8":"product_cat-padelio-raketes","9":"product_cat-vidutinis-lygis","10":"pa_kaal-365g","11":"pa_kuju-deimantas","12":"pa_mangustiil-puolimas","13":"pa_tasakaal-viduryje","14":"pa_tase-pazenges","15":"pa_tase-vidutinis-lygis","16":"pa_varv-juoda","17":"pa_varv-ruda","20":"first","21":"onbackorder","22":"sale","23":"taxable","24":"shipping-taxable","25":"purchasable","26":"product-type-simple"},"yoast_head":"<!-- This site is optimized with the Yoast SEO Premium plugin v27.1 (Yoast SEO v27.1.1) - https:\/\/yoast.com\/product\/yoast-seo-premium-wordpress\/ -->\n<title>Head Coello Motion 2026 | Padelhaus<\/title>\n<meta name=\"description\" content=\"Ie\u0161kai naujos padelio raket\u0117s gera kaina? Padelhaus si\u016blo geriausi\u0105 padelio rake\u010di\u0173 pasirinkim\u0105 kiekvienam lygiui \u2013 tavo padelio parduotuv\u0117.\" \/>\n<meta name=\"robots\" content=\"noindex, follow, max-snippet:-1, max-image-preview:large, max-video-preview:-1\" \/>\n<meta property=\"og:locale\" content=\"lt_LT\" \/>\n<meta property=\"og:type\" content=\"article\" \/>\n<meta property=\"og:title\" content=\"Head Coello Motion 2026\" \/>\n<meta property=\"og:description\" content=\"Ie\u0161kai naujos padelio raket\u0117s gera kaina? Padelhaus si\u016blo geriausi\u0105 padelio rake\u010di\u0173 pasirinkim\u0105 kiekvienam lygiui \u2013 tavo padelio parduotuv\u0117.\" \/>\n<meta property=\"og:url\" content=\"https:\/\/padelhaus.mustlammas-dev.in\/lt\/parduotuve\/head-coello-motion-2026\/\" \/>\n<meta property=\"og:site_name\" content=\"Padelhaus\" \/>\n<meta property=\"article:modified_time\" content=\"2026-02-13T15:56:18+00:00\" \/>\n<meta property=\"og:image\" content=\"https:\/\/padel-haus.lt\/wp-content\/uploads\/2026\/02\/1-4.webp\" \/>\n\t<meta property=\"og:image:width\" content=\"1000\" \/>\n\t<meta property=\"og:image:height\" content=\"1000\" \/>\n\t<meta property=\"og:image:type\" content=\"image\/webp\" \/>\n<meta name=\"twitter:card\" content=\"summary_large_image\" \/>\n<meta name=\"twitter:label1\" content=\"Price\" \/>\n\t<meta name=\"twitter:data1\" content=\"294,95&nbsp;&euro;\" \/>\n\t<meta name=\"twitter:label2\" content=\"Availability\" \/>\n\t<meta name=\"twitter:data2\" content=\"On backorder\" \/>\n<script type=\"application\/ld+json\" class=\"yoast-schema-graph\">{\"@context\":\"https:\/\/schema.org\",\"@graph\":[{\"@type\":[\"WebPage\",\"ItemPage\"],\"@id\":\"https:\/\/padelhaus.mustlammas-dev.in\/lt\/parduotuve\/head-coello-motion-2026\/\",\"url\":\"https:\/\/padelhaus.mustlammas-dev.in\/lt\/parduotuve\/head-coello-motion-2026\/\",\"name\":\"Head Coello Motion 2026 | Padelhaus\",\"isPartOf\":{\"@id\":\"https:\/\/padelhaus.mustlammas-dev.in\/lt\/#website\"},\"primaryImageOfPage\":{\"@id\":\"https:\/\/padelhaus.mustlammas-dev.in\/lt\/parduotuve\/head-coello-motion-2026\/#primaryimage\"},\"image\":{\"@id\":\"https:\/\/padelhaus.mustlammas-dev.in\/lt\/parduotuve\/head-coello-motion-2026\/#primaryimage\"},\"thumbnailUrl\":\"https:\/\/padelhaus.mustlammas-dev.in\/wp-content\/uploads\/2026\/02\/1-4.webp\",\"datePublished\":\"2026-02-13T14:46:50+00:00\",\"dateModified\":\"2026-02-13T15:56:18+00:00\",\"description\":\"Ie\u0161kai naujos padelio raket\u0117s gera kaina? Padelhaus si\u016blo geriausi\u0105 padelio rake\u010di\u0173 pasirinkim\u0105 kiekvienam lygiui \u2013 tavo padelio parduotuv\u0117.\",\"breadcrumb\":{\"@id\":\"https:\/\/padelhaus.mustlammas-dev.in\/lt\/parduotuve\/head-coello-motion-2026\/#breadcrumb\"},\"inLanguage\":\"lt-LT\",\"potentialAction\":[{\"@type\":\"ReadAction\",\"target\":[\"https:\/\/padelhaus.mustlammas-dev.in\/lt\/parduotuve\/head-coello-motion-2026\/\"]}]},{\"@type\":\"ImageObject\",\"inLanguage\":\"lt-LT\",\"@id\":\"https:\/\/padelhaus.mustlammas-dev.in\/lt\/parduotuve\/head-coello-motion-2026\/#primaryimage\",\"url\":\"https:\/\/padelhaus.mustlammas-dev.in\/wp-content\/uploads\/2026\/02\/1-4.webp\",\"contentUrl\":\"https:\/\/padelhaus.mustlammas-dev.in\/wp-content\/uploads\/2026\/02\/1-4.webp\",\"width\":1000,\"height\":1000},{\"@type\":\"BreadcrumbList\",\"@id\":\"https:\/\/padelhaus.mustlammas-dev.in\/lt\/parduotuve\/head-coello-motion-2026\/#breadcrumb\",\"itemListElement\":[{\"@type\":\"ListItem\",\"position\":1,\"name\":\"Prad\u017eia\",\"item\":\"https:\/\/padel-haus.lt\/\"},{\"@type\":\"ListItem\",\"position\":2,\"name\":\"Parduotuv\u0117\",\"item\":\"https:\/\/padel-haus.lt\/parduotuve\/\"},{\"@type\":\"ListItem\",\"position\":3,\"name\":\"Head Coello Motion 2026\"}]},{\"@type\":\"WebSite\",\"@id\":\"https:\/\/padelhaus.mustlammas-dev.in\/lt\/#website\",\"url\":\"https:\/\/padelhaus.mustlammas-dev.in\/lt\/\",\"name\":\"Claude Padelhaus\",\"description\":\"Sinu padelivarustuse kodu\",\"publisher\":{\"@id\":\"https:\/\/padelhaus.mustlammas-dev.in\/lt\/#organization\"},\"potentialAction\":[{\"@type\":\"SearchAction\",\"target\":{\"@type\":\"EntryPoint\",\"urlTemplate\":\"https:\/\/padelhaus.mustlammas-dev.in\/lt\/?s={search_term_string}\"},\"query-input\":{\"@type\":\"PropertyValueSpecification\",\"valueRequired\":true,\"valueName\":\"search_term_string\"}}],\"inLanguage\":\"lt-LT\"},{\"@type\":\"Organization\",\"@id\":\"https:\/\/padelhaus.mustlammas-dev.in\/lt\/#organization\",\"name\":\"Claude Padelhaus\",\"url\":\"https:\/\/padelhaus.mustlammas-dev.in\/lt\/\",\"logo\":{\"@type\":\"ImageObject\",\"inLanguage\":\"lt-LT\",\"@id\":\"https:\/\/padelhaus.mustlammas-dev.in\/lt\/#\/schema\/logo\/image\/\",\"url\":\"https:\/\/padelhaus.mustlammas-dev.in\/wp-content\/uploads\/2025\/05\/Logo-1.png\",\"contentUrl\":\"https:\/\/padelhaus.mustlammas-dev.in\/wp-content\/uploads\/2025\/05\/Logo-1.png\",\"width\":280,\"height\":115,\"caption\":\"Claude Padelhaus\"},\"image\":{\"@id\":\"https:\/\/padelhaus.mustlammas-dev.in\/lt\/#\/schema\/logo\/image\/\"}}]}<\/script>\n<meta property=\"product:price:amount\" content=\"294.95\" \/>\n<meta property=\"product:price:currency\" content=\"EUR\" \/>\n<meta property=\"og:availability\" content=\"backorder\" \/>\n<meta property=\"product:availability\" content=\"available for order\" \/>\n<meta property=\"product:retailer_item_id\" content=\"HEA-R-41\" \/>\n<meta property=\"product:condition\" content=\"new\" \/>\n<!-- \/ Yoast SEO Premium plugin. -->","yoast_head_json":{"title":"Head Coello Motion 2026 | Padelhaus","description":"Ie\u0161kai naujos padelio raket\u0117s gera kaina? Padelhaus si\u016blo geriausi\u0105 padelio rake\u010di\u0173 pasirinkim\u0105 kiekvienam lygiui \u2013 tavo padelio parduotuv\u0117.","robots":{"index":"noindex","follow":"follow","max-snippet":"max-snippet:-1","max-image-preview":"max-image-preview:large","max-video-preview":"max-video-preview:-1"},"og_locale":"lt_LT","og_type":"article","og_title":"Head Coello Motion 2026","og_description":"Ie\u0161kai naujos padelio raket\u0117s gera kaina? Padelhaus si\u016blo geriausi\u0105 padelio rake\u010di\u0173 pasirinkim\u0105 kiekvienam lygiui \u2013 tavo padelio parduotuv\u0117.","og_url":"https:\/\/padelhaus.mustlammas-dev.in\/lt\/parduotuve\/head-coello-motion-2026\/","og_site_name":"Padelhaus","article_modified_time":"2026-02-13T15:56:18+00:00","og_image":[{"width":1000,"height":1000,"url":"https:\/\/padel-haus.lt\/wp-content\/uploads\/2026\/02\/1-4.webp","type":"image\/webp"}],"twitter_card":"summary_large_image","twitter_misc":{"Price":"294,95&nbsp;&euro;","Availability":"On backorder"},"schema":{"@context":"https:\/\/schema.org","@graph":[{"@type":["WebPage","ItemPage"],"@id":"https:\/\/padelhaus.mustlammas-dev.in\/lt\/parduotuve\/head-coello-motion-2026\/","url":"https:\/\/padelhaus.mustlammas-dev.in\/lt\/parduotuve\/head-coello-motion-2026\/","name":"Head Coello Motion 2026 | Padelhaus","isPartOf":{"@id":"https:\/\/padelhaus.mustlammas-dev.in\/lt\/#website"},"primaryImageOfPage":{"@id":"https:\/\/padelhaus.mustlammas-dev.in\/lt\/parduotuve\/head-coello-motion-2026\/#primaryimage"},"image":{"@id":"https:\/\/padelhaus.mustlammas-dev.in\/lt\/parduotuve\/head-coello-motion-2026\/#primaryimage"},"thumbnailUrl":"https:\/\/padelhaus.mustlammas-dev.in\/wp-content\/uploads\/2026\/02\/1-4.webp","datePublished":"2026-02-13T14:46:50+00:00","dateModified":"2026-02-13T15:56:18+00:00","description":"Ie\u0161kai naujos padelio raket\u0117s gera kaina? Padelhaus si\u016blo geriausi\u0105 padelio rake\u010di\u0173 pasirinkim\u0105 kiekvienam lygiui \u2013 tavo padelio parduotuv\u0117.","breadcrumb":{"@id":"https:\/\/padelhaus.mustlammas-dev.in\/lt\/parduotuve\/head-coello-motion-2026\/#breadcrumb"},"inLanguage":"lt-LT","potentialAction":[{"@type":"ReadAction","target":["https:\/\/padelhaus.mustlammas-dev.in\/lt\/parduotuve\/head-coello-motion-2026\/"]}]},{"@type":"ImageObject","inLanguage":"lt-LT","@id":"https:\/\/padelhaus.mustlammas-dev.in\/lt\/parduotuve\/head-coello-motion-2026\/#primaryimage","url":"https:\/\/padelhaus.mustlammas-dev.in\/wp-content\/uploads\/2026\/02\/1-4.webp","contentUrl":"https:\/\/padelhaus.mustlammas-dev.in\/wp-content\/uploads\/2026\/02\/1-4.webp","width":1000,"height":1000},{"@type":"BreadcrumbList","@id":"https:\/\/padelhaus.mustlammas-dev.in\/lt\/parduotuve\/head-coello-motion-2026\/#breadcrumb","itemListElement":[{"@type":"ListItem","position":1,"name":"Prad\u017eia","item":"https:\/\/padel-haus.lt\/"},{"@type":"ListItem","position":2,"name":"Parduotuv\u0117","item":"https:\/\/padel-haus.lt\/parduotuve\/"},{"@type":"ListItem","position":3,"name":"Head Coello Motion 2026"}]},{"@type":"WebSite","@id":"https:\/\/padelhaus.mustlammas-dev.in\/lt\/#website","url":"https:\/\/padelhaus.mustlammas-dev.in\/lt\/","name":"Claude Padelhaus","description":"Sinu padelivarustuse kodu","publisher":{"@id":"https:\/\/padelhaus.mustlammas-dev.in\/lt\/#organization"},"potentialAction":[{"@type":"SearchAction","target":{"@type":"EntryPoint","urlTemplate":"https:\/\/padelhaus.mustlammas-dev.in\/lt\/?s={search_term_string}"},"query-input":{"@type":"PropertyValueSpecification","valueRequired":true,"valueName":"search_term_string"}}],"inLanguage":"lt-LT"},{"@type":"Organization","@id":"https:\/\/padelhaus.mustlammas-dev.in\/lt\/#organization","name":"Claude Padelhaus","url":"https:\/\/padelhaus.mustlammas-dev.in\/lt\/","logo":{"@type":"ImageObject","inLanguage":"lt-LT","@id":"https:\/\/padelhaus.mustlammas-dev.in\/lt\/#\/schema\/logo\/image\/","url":"https:\/\/padelhaus.mustlammas-dev.in\/wp-content\/uploads\/2025\/05\/Logo-1.png","contentUrl":"https:\/\/padelhaus.mustlammas-dev.in\/wp-content\/uploads\/2025\/05\/Logo-1.png","width":280,"height":115,"caption":"Claude Padelhaus"},"image":{"@id":"https:\/\/padelhaus.mustlammas-dev.in\/lt\/#\/schema\/logo\/image\/"}}]},"product_price_amount":"294.95","product_price_currency":"EUR","og_availability":"backorder","product_availability":"available for order","product_retailer_item_id":"HEA-R-41","product_condition":"new"},"_links":{"self":[{"href":"https:\/\/padelhaus.mustlammas-dev.in\/lt\/wp-json\/wp\/v2\/product\/70505","targetHints":{"allow":["GET"]}}],"collection":[{"href":"https:\/\/padelhaus.mustlammas-dev.in\/lt\/wp-json\/wp\/v2\/product"}],"about":[{"href":"https:\/\/padelhaus.mustlammas-dev.in\/lt\/wp-json\/wp\/v2\/types\/product"}],"replies":[{"embeddable":true,"href":"https:\/\/padelhaus.mustlammas-dev.in\/lt\/wp-json\/wp\/v2\/comments?post=70505"}],"wp:featuredmedia":[{"embeddable":true,"href":"https:\/\/padelhaus.mustlammas-dev.in\/lt\/wp-json\/wp\/v2\/media\/70506"}],"wp:attachment":[{"href":"https:\/\/padelhaus.mustlammas-dev.in\/lt\/wp-json\/wp\/v2\/media?parent=70505"}],"wp:term":[{"taxonomy":"product_brand","embeddable":true,"href":"https:\/\/padelhaus.mustlammas-dev.in\/lt\/wp-json\/wp\/v2\/product_brand?post=70505"},{"taxonomy":"product_cat","embeddable":true,"href":"https:\/\/padelhaus.mustlammas-dev.in\/lt\/wp-json\/wp\/v2\/product_cat?post=70505"},{"taxonomy":"product_tag","embeddable":true,"href":"https:\/\/padelhaus.mustlammas-dev.in\/lt\/wp-json\/wp\/v2\/product_tag?post=70505"}],"curies":[{"name":"wp","href":"https:\/\/api.w.org\/{rel}","templated":true}]}}