{"id":70523,"date":"2026-02-13T16:40:41","date_gmt":"2026-02-13T14:40:41","guid":{"rendered":"https:\/\/padelhaus.mustlammas-dev.in\/pood\/head-coello-team-2026\/"},"modified":"2026-02-13T17:56:19","modified_gmt":"2026-02-13T15:56:19","slug":"head-coello-team-2026","status":"publish","type":"product","link":"https:\/\/padelhaus.mustlammas-dev.in\/lt\/parduotuve\/head-coello-team-2026\/","title":{"rendered":"Head Coello Team 2026"},"content":{"rendered":"<h4><b>Head Coello Team 2026 \u2013 puoliamoji galia<\/b><\/h4>\n<p>&nbsp;<\/p>\n<p class=\"p3\"><span class=\"s2\"><b>Head Coello Team 2026<\/b><\/span> sukurta specialiai \u012f puolim\u0105 orientuotam \u017eaidimui. Jos <span class=\"s2\"><b>deimanto forma<\/b><\/span> sutelkia svor\u012f raket\u0117s vir\u0161uje, taip sukurdama didesn\u0119 inercij\u0105 ir palengvindama sm\u016bgius i\u0161 vir\u0161aus. Ma\u017edaug <span class=\"s2\"><b>360 g svoris<\/b><\/span> suteikia \u201esmash\u201c sm\u016bgiams galios, kartu i\u0161laikant stabilum\u0105 viso judesio metu.  <\/p>\n<p class=\"p3\"><span class=\"s2\"><b>Vidutinis\u2013auk\u0161tas balansas<\/b><\/span> padeda atliekant \u201elob\u201c, \u201ev\u00edbora\u201c ir \u201esmash\u201c sm\u016bgius, o standus <span class=\"s2\"><b>Carbon Frame<\/b><\/span> r\u0117mas pagerina energijos perdavim\u0105 kamuoliukui. <span class=\"s2\"><b>Fiberglass pavir\u0161ius<\/b><\/span> suteikia patogesn\u012f ir atlaidesn\u012f poj\u016bt\u012f, leid\u017eiant\u012f pasiekti ger\u0105 gyl\u012f net ir esant vidutiniam rankos grei\u010diui. I\u0161skirtinis dizainas su \u017eaid\u0117jo logotipu ir para\u0161u suteikia raketei asmeni\u0161kumo ir i\u0161skirtinumo. <\/p>\n<h4><b>Coello Team \u2013 vidutinio lygio \u017eaid\u0117jams ir pa\u017eengusiems<\/b><\/h4>\n<p>&nbsp;<\/p>\n<p class=\"p3\">\u0160i deimanto formos \u201eHead\u201c raket\u0117 skirta <span class=\"s2\"><b>vidutinio lygio ir pa\u017eengusiems \u017eaid\u0117jams<\/b><\/span>, norintiems u\u017ebaigti ta\u0161kus puolam\u0105ja iniciatyva. Ypa\u010d efektyvi tiems, kurie da\u017enai juda prie tinklo ir kuriems reikia stabilumo atliekant agresyvius \u201evolley\u201c sm\u016bgius. <\/p>\n<p class=\"p3\">\u0160iek tiek mink\u0161tesnis sm\u016bgio poj\u016btis padidina komfort\u0105 ilg\u0173 \u017eaidim\u0173 metu ir padeda suma\u017einti rank\u0173 nuovarg\u012f. Atliekant \u201esmash\u201c, \u201ev\u00edbora\u201c ir sm\u016bgius nuo tre\u010diosios sienos, \u0161i raket\u0117 suteikia ai\u0161ki\u0105 atram\u0105 ta\u0161kams u\u017ebaigti. Modelis pasi\u017eymi gyvu kamuoliuko at\u0161okimu, maloniu poj\u016b\u010diu ir skland\u017eiai progresuojan\u010dia reakcija \u2013 idealiai tinka u\u017etikrintam puolimui arti tinklo.  <\/p>\n<h4><b>Pagrindiniai privalumai ir technologijos<\/b><\/h4>\n<ul>\n<li>\n<p class=\"p1\"><span class=\"s1\"><b>Auxetic 2.0<\/b><\/span> \u2013 geresnis jautrumas ir didesn\u0117 galia kiekviename sm\u016bgyje<\/p>\n<\/li>\n<li>\n<p class=\"p1\"><span class=\"s1\"><b>Reactive Power Foam<\/b><\/span> \u2013 padidina kamuoliuko greit\u012f<\/p>\n<\/li>\n<li>\n<p class=\"p1\"><span class=\"s1\"><b>Carbon Frame<\/b><\/span> \u2013 konstrukcinis stabilumas ir efektyvus energijos perdavimas<\/p>\n<\/li>\n<li>\n<p class=\"p1\"><span class=\"s1\"><b>Optimized Sweet Spot<\/b><\/span> \u2013 i\u0161pl\u0117sta efektyvi sm\u016bgiavimo zona<\/p>\n<\/li>\n<li>\n<p class=\"p1\"><span class=\"s1\"><b>Power Stabilizer<\/b><\/span> \u2013 geresnis balansas greit\u0173 sm\u016bgi\u0173 metu<\/p>\n<\/li>\n<li>\n<p class=\"p1\"><span class=\"s1\"><b>Fiberglass pavir\u0161ius<\/b><\/span> \u2013 mink\u0161tesnis poj\u016btis ir sklandus kamuoliuko at\u0161okimas<\/p>\n<\/li>\n<li>\n<p class=\"p1\"><span class=\"s1\"><b>Soft Cap+<\/b><\/span> \u2013 ma\u017eina vibracijas ir pagerina sukibim\u0105<\/p>\n<\/li>\n<li>\n<p class=\"p1\"><span class=\"s1\"><b>Anti Shock Skin Padel<\/b><\/span> \u2013 apsauga nuo \u012fbr\u0117\u017eim\u0173 ir sm\u016bgi\u0173<\/p>\n<\/li>\n<\/ul>\n","protected":false},"excerpt":{"rendered":"<p>Head Coello Team 2026 \u2013 puoliamoji galia &nbsp; Head Coello Team 2026 sukurta specialiai \u012f puolim\u0105 orientuotam \u017eaidimui. Jos deimanto forma sutelkia svor\u012f raket\u0117s vir\u0161uje, taip sukurdama didesn\u0119 inercij\u0105 ir palengvindama sm\u016bgius i\u0161 vir\u0161aus. Ma\u017edaug 360 g svoris suteikia \u201esmash\u201c sm\u016bgiams galios, kartu i\u0161laikant stabilum\u0105 viso judesio metu. Vidutinis\u2013auk\u0161tas balansas padeda atliekant \u201elob\u201c, \u201ev\u00edbora\u201c ir [&hellip;]<\/p>\n","protected":false},"featured_media":70524,"comment_status":"open","ping_status":"closed","template":"","meta":{"_eb_attr":""},"product_brand":[326],"product_cat":[327,252,341],"product_tag":[],"class_list":{"0":"post-70523","1":"product","2":"type-product","3":"status-publish","4":"has-post-thumbnail","6":"product_brand-head","7":"product_cat-head","8":"product_cat-padelio-raketes","9":"product_cat-vidutinis-lygis","10":"pa_kaal-360g","11":"pa_kuju-deimantas","12":"pa_mangustiil-puolimas","13":"pa_tasakaal-viduryje","14":"pa_tasakaal-virsuje","15":"pa_tase-vidutinis-lygis","16":"pa_varv-juoda","17":"pa_varv-ruda","20":"first","21":"instock","22":"sale","23":"taxable","24":"shipping-taxable","25":"purchasable","26":"product-type-simple"},"yoast_head":"<!-- This site is optimized with the Yoast SEO Premium plugin v27.1 (Yoast SEO v27.1.1) - https:\/\/yoast.com\/product\/yoast-seo-premium-wordpress\/ -->\n<title>Head Coello Team 2026 | Padelhaus<\/title>\n<meta name=\"description\" content=\"Ie\u0161kai naujos padelio raket\u0117s gera kaina? Padelhaus si\u016blo geriausi\u0105 padelio rake\u010di\u0173 pasirinkim\u0105 kiekvienam lygiui \u2013 tavo padelio parduotuv\u0117.\" \/>\n<meta name=\"robots\" content=\"noindex, follow, max-snippet:-1, max-image-preview:large, max-video-preview:-1\" \/>\n<meta property=\"og:locale\" content=\"lt_LT\" \/>\n<meta property=\"og:type\" content=\"article\" \/>\n<meta property=\"og:title\" content=\"Head Coello Team 2026\" \/>\n<meta property=\"og:description\" content=\"Ie\u0161kai naujos padelio raket\u0117s gera kaina? Padelhaus si\u016blo geriausi\u0105 padelio rake\u010di\u0173 pasirinkim\u0105 kiekvienam lygiui \u2013 tavo padelio parduotuv\u0117.\" \/>\n<meta property=\"og:url\" content=\"https:\/\/padelhaus.mustlammas-dev.in\/lt\/parduotuve\/head-coello-team-2026\/\" \/>\n<meta property=\"og:site_name\" content=\"Padelhaus\" \/>\n<meta property=\"article:modified_time\" content=\"2026-02-13T15:56:19+00:00\" \/>\n<meta property=\"og:image\" content=\"https:\/\/padel-haus.lt\/wp-content\/uploads\/2026\/02\/1-2.webp\" \/>\n\t<meta property=\"og:image:width\" content=\"1000\" \/>\n\t<meta property=\"og:image:height\" content=\"1000\" \/>\n\t<meta property=\"og:image:type\" content=\"image\/webp\" \/>\n<meta name=\"twitter:card\" content=\"summary_large_image\" \/>\n<meta name=\"twitter:label1\" content=\"Price\" \/>\n\t<meta name=\"twitter:data1\" content=\"193,95&nbsp;&euro;\" \/>\n\t<meta name=\"twitter:label2\" content=\"Availability\" \/>\n\t<meta name=\"twitter:data2\" content=\"In stock\" \/>\n<script type=\"application\/ld+json\" class=\"yoast-schema-graph\">{\"@context\":\"https:\/\/schema.org\",\"@graph\":[{\"@type\":[\"WebPage\",\"ItemPage\"],\"@id\":\"https:\/\/padelhaus.mustlammas-dev.in\/lt\/parduotuve\/head-coello-team-2026\/\",\"url\":\"https:\/\/padelhaus.mustlammas-dev.in\/lt\/parduotuve\/head-coello-team-2026\/\",\"name\":\"Head Coello Team 2026 | Padelhaus\",\"isPartOf\":{\"@id\":\"https:\/\/padelhaus.mustlammas-dev.in\/lt\/#website\"},\"primaryImageOfPage\":{\"@id\":\"https:\/\/padelhaus.mustlammas-dev.in\/lt\/parduotuve\/head-coello-team-2026\/#primaryimage\"},\"image\":{\"@id\":\"https:\/\/padelhaus.mustlammas-dev.in\/lt\/parduotuve\/head-coello-team-2026\/#primaryimage\"},\"thumbnailUrl\":\"https:\/\/padelhaus.mustlammas-dev.in\/wp-content\/uploads\/2026\/02\/1-2.webp\",\"datePublished\":\"2026-02-13T14:40:41+00:00\",\"dateModified\":\"2026-02-13T15:56:19+00:00\",\"description\":\"Ie\u0161kai naujos padelio raket\u0117s gera kaina? Padelhaus si\u016blo geriausi\u0105 padelio rake\u010di\u0173 pasirinkim\u0105 kiekvienam lygiui \u2013 tavo padelio parduotuv\u0117.\",\"breadcrumb\":{\"@id\":\"https:\/\/padelhaus.mustlammas-dev.in\/lt\/parduotuve\/head-coello-team-2026\/#breadcrumb\"},\"inLanguage\":\"lt-LT\",\"potentialAction\":[{\"@type\":\"ReadAction\",\"target\":[\"https:\/\/padelhaus.mustlammas-dev.in\/lt\/parduotuve\/head-coello-team-2026\/\"]}]},{\"@type\":\"ImageObject\",\"inLanguage\":\"lt-LT\",\"@id\":\"https:\/\/padelhaus.mustlammas-dev.in\/lt\/parduotuve\/head-coello-team-2026\/#primaryimage\",\"url\":\"https:\/\/padelhaus.mustlammas-dev.in\/wp-content\/uploads\/2026\/02\/1-2.webp\",\"contentUrl\":\"https:\/\/padelhaus.mustlammas-dev.in\/wp-content\/uploads\/2026\/02\/1-2.webp\",\"width\":1000,\"height\":1000},{\"@type\":\"BreadcrumbList\",\"@id\":\"https:\/\/padelhaus.mustlammas-dev.in\/lt\/parduotuve\/head-coello-team-2026\/#breadcrumb\",\"itemListElement\":[{\"@type\":\"ListItem\",\"position\":1,\"name\":\"Prad\u017eia\",\"item\":\"https:\/\/padel-haus.lt\/\"},{\"@type\":\"ListItem\",\"position\":2,\"name\":\"Parduotuv\u0117\",\"item\":\"https:\/\/padel-haus.lt\/parduotuve\/\"},{\"@type\":\"ListItem\",\"position\":3,\"name\":\"Head Coello Team 2026\"}]},{\"@type\":\"WebSite\",\"@id\":\"https:\/\/padelhaus.mustlammas-dev.in\/lt\/#website\",\"url\":\"https:\/\/padelhaus.mustlammas-dev.in\/lt\/\",\"name\":\"Claude Padelhaus\",\"description\":\"Sinu padelivarustuse kodu\",\"publisher\":{\"@id\":\"https:\/\/padelhaus.mustlammas-dev.in\/lt\/#organization\"},\"potentialAction\":[{\"@type\":\"SearchAction\",\"target\":{\"@type\":\"EntryPoint\",\"urlTemplate\":\"https:\/\/padelhaus.mustlammas-dev.in\/lt\/?s={search_term_string}\"},\"query-input\":{\"@type\":\"PropertyValueSpecification\",\"valueRequired\":true,\"valueName\":\"search_term_string\"}}],\"inLanguage\":\"lt-LT\"},{\"@type\":\"Organization\",\"@id\":\"https:\/\/padelhaus.mustlammas-dev.in\/lt\/#organization\",\"name\":\"Claude Padelhaus\",\"url\":\"https:\/\/padelhaus.mustlammas-dev.in\/lt\/\",\"logo\":{\"@type\":\"ImageObject\",\"inLanguage\":\"lt-LT\",\"@id\":\"https:\/\/padelhaus.mustlammas-dev.in\/lt\/#\/schema\/logo\/image\/\",\"url\":\"https:\/\/padelhaus.mustlammas-dev.in\/wp-content\/uploads\/2025\/05\/Logo-1.png\",\"contentUrl\":\"https:\/\/padelhaus.mustlammas-dev.in\/wp-content\/uploads\/2025\/05\/Logo-1.png\",\"width\":280,\"height\":115,\"caption\":\"Claude Padelhaus\"},\"image\":{\"@id\":\"https:\/\/padelhaus.mustlammas-dev.in\/lt\/#\/schema\/logo\/image\/\"}}]}<\/script>\n<meta property=\"product:price:amount\" content=\"193.95\" \/>\n<meta property=\"product:price:currency\" content=\"EUR\" \/>\n<meta property=\"og:availability\" content=\"instock\" \/>\n<meta property=\"product:availability\" content=\"instock\" \/>\n<meta property=\"product:retailer_item_id\" content=\"HEA-R-40\" \/>\n<meta property=\"product:condition\" content=\"new\" \/>\n<!-- \/ Yoast SEO Premium plugin. -->","yoast_head_json":{"title":"Head Coello Team 2026 | Padelhaus","description":"Ie\u0161kai naujos padelio raket\u0117s gera kaina? Padelhaus si\u016blo geriausi\u0105 padelio rake\u010di\u0173 pasirinkim\u0105 kiekvienam lygiui \u2013 tavo padelio parduotuv\u0117.","robots":{"index":"noindex","follow":"follow","max-snippet":"max-snippet:-1","max-image-preview":"max-image-preview:large","max-video-preview":"max-video-preview:-1"},"og_locale":"lt_LT","og_type":"article","og_title":"Head Coello Team 2026","og_description":"Ie\u0161kai naujos padelio raket\u0117s gera kaina? Padelhaus si\u016blo geriausi\u0105 padelio rake\u010di\u0173 pasirinkim\u0105 kiekvienam lygiui \u2013 tavo padelio parduotuv\u0117.","og_url":"https:\/\/padelhaus.mustlammas-dev.in\/lt\/parduotuve\/head-coello-team-2026\/","og_site_name":"Padelhaus","article_modified_time":"2026-02-13T15:56:19+00:00","og_image":[{"width":1000,"height":1000,"url":"https:\/\/padel-haus.lt\/wp-content\/uploads\/2026\/02\/1-2.webp","type":"image\/webp"}],"twitter_card":"summary_large_image","twitter_misc":{"Price":"193,95&nbsp;&euro;","Availability":"In stock"},"schema":{"@context":"https:\/\/schema.org","@graph":[{"@type":["WebPage","ItemPage"],"@id":"https:\/\/padelhaus.mustlammas-dev.in\/lt\/parduotuve\/head-coello-team-2026\/","url":"https:\/\/padelhaus.mustlammas-dev.in\/lt\/parduotuve\/head-coello-team-2026\/","name":"Head Coello Team 2026 | Padelhaus","isPartOf":{"@id":"https:\/\/padelhaus.mustlammas-dev.in\/lt\/#website"},"primaryImageOfPage":{"@id":"https:\/\/padelhaus.mustlammas-dev.in\/lt\/parduotuve\/head-coello-team-2026\/#primaryimage"},"image":{"@id":"https:\/\/padelhaus.mustlammas-dev.in\/lt\/parduotuve\/head-coello-team-2026\/#primaryimage"},"thumbnailUrl":"https:\/\/padelhaus.mustlammas-dev.in\/wp-content\/uploads\/2026\/02\/1-2.webp","datePublished":"2026-02-13T14:40:41+00:00","dateModified":"2026-02-13T15:56:19+00:00","description":"Ie\u0161kai naujos padelio raket\u0117s gera kaina? Padelhaus si\u016blo geriausi\u0105 padelio rake\u010di\u0173 pasirinkim\u0105 kiekvienam lygiui \u2013 tavo padelio parduotuv\u0117.","breadcrumb":{"@id":"https:\/\/padelhaus.mustlammas-dev.in\/lt\/parduotuve\/head-coello-team-2026\/#breadcrumb"},"inLanguage":"lt-LT","potentialAction":[{"@type":"ReadAction","target":["https:\/\/padelhaus.mustlammas-dev.in\/lt\/parduotuve\/head-coello-team-2026\/"]}]},{"@type":"ImageObject","inLanguage":"lt-LT","@id":"https:\/\/padelhaus.mustlammas-dev.in\/lt\/parduotuve\/head-coello-team-2026\/#primaryimage","url":"https:\/\/padelhaus.mustlammas-dev.in\/wp-content\/uploads\/2026\/02\/1-2.webp","contentUrl":"https:\/\/padelhaus.mustlammas-dev.in\/wp-content\/uploads\/2026\/02\/1-2.webp","width":1000,"height":1000},{"@type":"BreadcrumbList","@id":"https:\/\/padelhaus.mustlammas-dev.in\/lt\/parduotuve\/head-coello-team-2026\/#breadcrumb","itemListElement":[{"@type":"ListItem","position":1,"name":"Prad\u017eia","item":"https:\/\/padel-haus.lt\/"},{"@type":"ListItem","position":2,"name":"Parduotuv\u0117","item":"https:\/\/padel-haus.lt\/parduotuve\/"},{"@type":"ListItem","position":3,"name":"Head Coello Team 2026"}]},{"@type":"WebSite","@id":"https:\/\/padelhaus.mustlammas-dev.in\/lt\/#website","url":"https:\/\/padelhaus.mustlammas-dev.in\/lt\/","name":"Claude Padelhaus","description":"Sinu padelivarustuse kodu","publisher":{"@id":"https:\/\/padelhaus.mustlammas-dev.in\/lt\/#organization"},"potentialAction":[{"@type":"SearchAction","target":{"@type":"EntryPoint","urlTemplate":"https:\/\/padelhaus.mustlammas-dev.in\/lt\/?s={search_term_string}"},"query-input":{"@type":"PropertyValueSpecification","valueRequired":true,"valueName":"search_term_string"}}],"inLanguage":"lt-LT"},{"@type":"Organization","@id":"https:\/\/padelhaus.mustlammas-dev.in\/lt\/#organization","name":"Claude Padelhaus","url":"https:\/\/padelhaus.mustlammas-dev.in\/lt\/","logo":{"@type":"ImageObject","inLanguage":"lt-LT","@id":"https:\/\/padelhaus.mustlammas-dev.in\/lt\/#\/schema\/logo\/image\/","url":"https:\/\/padelhaus.mustlammas-dev.in\/wp-content\/uploads\/2025\/05\/Logo-1.png","contentUrl":"https:\/\/padelhaus.mustlammas-dev.in\/wp-content\/uploads\/2025\/05\/Logo-1.png","width":280,"height":115,"caption":"Claude Padelhaus"},"image":{"@id":"https:\/\/padelhaus.mustlammas-dev.in\/lt\/#\/schema\/logo\/image\/"}}]},"product_price_amount":"193.95","product_price_currency":"EUR","og_availability":"instock","product_availability":"instock","product_retailer_item_id":"HEA-R-40","product_condition":"new"},"_links":{"self":[{"href":"https:\/\/padelhaus.mustlammas-dev.in\/lt\/wp-json\/wp\/v2\/product\/70523","targetHints":{"allow":["GET"]}}],"collection":[{"href":"https:\/\/padelhaus.mustlammas-dev.in\/lt\/wp-json\/wp\/v2\/product"}],"about":[{"href":"https:\/\/padelhaus.mustlammas-dev.in\/lt\/wp-json\/wp\/v2\/types\/product"}],"replies":[{"embeddable":true,"href":"https:\/\/padelhaus.mustlammas-dev.in\/lt\/wp-json\/wp\/v2\/comments?post=70523"}],"wp:featuredmedia":[{"embeddable":true,"href":"https:\/\/padelhaus.mustlammas-dev.in\/lt\/wp-json\/wp\/v2\/media\/70524"}],"wp:attachment":[{"href":"https:\/\/padelhaus.mustlammas-dev.in\/lt\/wp-json\/wp\/v2\/media?parent=70523"}],"wp:term":[{"taxonomy":"product_brand","embeddable":true,"href":"https:\/\/padelhaus.mustlammas-dev.in\/lt\/wp-json\/wp\/v2\/product_brand?post=70523"},{"taxonomy":"product_cat","embeddable":true,"href":"https:\/\/padelhaus.mustlammas-dev.in\/lt\/wp-json\/wp\/v2\/product_cat?post=70523"},{"taxonomy":"product_tag","embeddable":true,"href":"https:\/\/padelhaus.mustlammas-dev.in\/lt\/wp-json\/wp\/v2\/product_tag?post=70523"}],"curies":[{"name":"wp","href":"https:\/\/api.w.org\/{rel}","templated":true}]}}